{"id":62323,"date":"2026-04-16T15:21:53","date_gmt":"2026-04-16T13:21:53","guid":{"rendered":"https:\/\/ironsky.pl\/sklep\/?post_type=product&#038;p=62323"},"modified":"2026-04-16T15:22:24","modified_gmt":"2026-04-16T13:22:24","slug":"fjd-trion-p2-skaner-lidar-3d","status":"publish","type":"product","link":"https:\/\/ironsky.pl\/sklep\/produkt\/fjd-trion-p2-skaner-lidar-3d\/","title":{"rendered":"FJD TRION P2 \u2013 SKANER LIDAR 3D"},"content":{"rendered":"<div class=\"container section-title-container\">\n<div class=\"wpb_text_column wpb_content_element \">\n<div class=\"wpb_wrapper\">\n<h1 style=\"text-align: center\"><strong>FJD TRION P2 \u2013 SKANER LIDAR 3D<\/strong><\/h1>\n<h3 style=\"text-align: center\"><strong>TYLKO U NAS TAK BOGATY ZESTAW W WERSJI<\/strong><\/h3>\n<h1 style=\"text-align: center\"><strong>FJD TRION MODEL PRO<\/strong><\/h1>\n<h1 style=\"text-align: center\"><strong>BEZKOMPROMISOWA MOC<\/strong><\/h1>\n<p style=\"text-align: center\"><img decoding=\"async\" class=\"wp-image-5372 aligncenter\" src=\"https:\/\/gpsglobalsolutions.com\/wp-content\/uploads\/2025\/10\/IMG_3648.jpeg\" alt=\"\" width=\"847\" height=\"669\" \/><\/p>\n<h1 class=\"title\" style=\"text-align: center\"><\/h1>\n<div id=\"row-684190844\" class=\"row\" style=\"text-align: center\">\n<div id=\"col-154791500\" class=\"col medium-1\/2 large-6\">\n<div class=\"col-inner\"><strong>Skaner LiDAR FJD Trion P2 nowej generacji \u0142\u0105czy w sobie niesamowit\u0105 przeno\u015bno\u015b\u0107 z dok\u0142adno\u015bci\u0105 klasy przemys\u0142owej.<\/strong>Zaprojektowany z my\u015bl\u0105 o bezproblemowej pracy w terenie, P2 zapewnia precyzj\u0119 na poziomie centymetra, kolorowane chmury punkt\u00f3w w czasie rzeczywistym oraz dane w wielu formatach \u2013 a wszystko to w kompaktowej obudowie o wadze 700 g. Niezale\u017cnie od tego, czy mapujesz z\u0142o\u017cone krajobrazy, czy rejestrujesz misterne detale, P2 pozwala profesjonalistom i geodetom<br \/>\nosi\u0105gn\u0105\u0107 wi\u0119cej przy mniejszym wysi\u0142ku.<\/div>\n<\/div>\n<\/div>\n<h3><\/h3>\n<\/div>\n<\/div>\n<\/div>\n<h1 style=\"text-align: center\"><strong>Multi-SLAM Fusion, solidna wydajno\u015b\u0107<\/strong><br \/>\nWyeliminuj znoszenie dzi\u0119ki hybrydowym ograniczeniom, nawet w miejscach pozbawionych charakterystycznych cech, takich jak pla\u017ce, tunele i parki.<\/h1>\n<p style=\"text-align: center\"><img decoding=\"async\" class=\"aligncenter wp-image-5373\" src=\"https:\/\/gpsglobalsolutions.com\/wp-content\/uploads\/2025\/10\/IMG_3649-800x218.jpeg\" alt=\"\" width=\"1200\" height=\"327\" \/><\/p>\n<h1 style=\"text-align: center\"><strong>HyperDense+<\/strong><br \/>\nDzi\u0119ki funkcji HyperDense+ w modelu FJD Trion, chmury s\u0105 5-7 razy g\u0119stsze, co przek\u0142ada si\u0119 na lepsz\u0105 kolorystyk\u0119 i og\u00f3ln\u0105 jako\u015b\u0107.<\/h1>\n<div class=\"wp-video\" style=\"text-align: center\">\n<div id=\"mep_0\" class=\"mejs-container mejs-container-keyboard-inactive wp-video-shortcode mejs-video\" tabindex=\"0\" role=\"application\" aria-label=\"Odtwarzacz video\">\n<div class=\"mejs-inner\">\n<div class=\"mejs-mediaelement\"><\/div>\n<div class=\"mejs-controls\">\n<div class=\"mejs-button mejs-fullscreen-button\"><\/div>\n<\/div>\n<\/div>\n<\/div>\n<\/div>\n<h1 style=\"text-align: center\"><strong>Chmury punkt\u00f3w w czasie rzeczywistym w rzeczywistych kolorach<\/strong><\/h1>\n<div class=\"container section-title-container\">\n<div class=\"wpb_text_column wpb_content_element \">\n<div class=\"wpb_wrapper\">\n<p style=\"text-align: center\"><strong>Wbudowana kamera<\/strong><\/p>\n<p style=\"text-align: center\">Uzyskaj wysokiej jako\u015bci, \u017cywe tekstury dzi\u0119ki globalnej migawce 2 MP i dw\u00f3m kamerom RGB 12 MP<\/p>\n<div class=\"wp-video\" style=\"text-align: center\">\n<div id=\"mep_1\" class=\"mejs-container mejs-container-keyboard-inactive wp-video-shortcode mejs-video\" tabindex=\"0\" role=\"application\" aria-label=\"Odtwarzacz video\">\n<div class=\"mejs-inner\">\n<div class=\"mejs-mediaelement\"><\/div>\n<\/div>\n<\/div>\n<\/div>\n<p style=\"text-align: center\"><strong>Kamera zewn\u0119trzna<\/strong><\/p>\n<p style=\"text-align: center\">Obs\u0142uga kamer zewn\u0119trznych Insta360 X3 i X5 pozwala na jeszcze skuteczniejsze kolorowanie chmur punkt\u00f3w.<\/p>\n<div class=\"wp-video\" style=\"text-align: center\">\n<div id=\"mep_2\" class=\"mejs-container mejs-container-keyboard-inactive wp-video-shortcode mejs-video\" tabindex=\"0\" role=\"application\" aria-label=\"Odtwarzacz video\">\n<div class=\"mejs-inner\">\n<div class=\"mejs-controls\">\n<div class=\"mejs-button mejs-fullscreen-button\"><\/div>\n<\/div>\n<\/div>\n<\/div>\n<\/div>\n<p style=\"text-align: center\"><strong>Ulepszony procesor<\/strong><br \/>\nZapewnij przetwarzanie na urz\u0105dzeniu i wykorzystaj ulepszony procesor do synchronizacji danych g\u0142\u0119boko\u015bci LiDAR z \u017cywymi teksturami kolor\u00f3w w czasie rzeczywistym. U\u0142atwia to generowanie kolorowych chmur punkt\u00f3w po zako\u0144czeniu skanowani<\/p>\n<div class=\"wp-video\" style=\"text-align: center\">\n<div id=\"mep_3\" class=\"mejs-container mejs-container-keyboard-inactive wp-video-shortcode mejs-video\" tabindex=\"0\" role=\"application\" aria-label=\"Odtwarzacz video\">\n<div class=\"mejs-inner\">\n<div class=\"mejs-layers\">\n<div class=\"mejs-overlay mejs-layer mejs-overlay-play\">\n<div class=\"mejs-overlay-button\" tabindex=\"0\" role=\"button\" aria-label=\"Odtw\u00f3rz\"><\/div>\n<\/div>\n<\/div>\n<div class=\"mejs-controls\">\n<div class=\"mejs-button mejs-playpause-button mejs-play\"><\/div>\n<div class=\"mejs-time mejs-duration-container\"><\/div>\n<div class=\"mejs-button mejs-fullscreen-button\"><strong style=\"color: #1b1919;font-size: 28px\">Jedno skanowanie, wiele produkt\u00f3w<\/strong><\/div>\n<\/div>\n<\/div>\n<\/div>\n<\/div>\n<h3 style=\"text-align: center\"><strong>Zmaksymalizuj wydajno\u015b\u0107 dzi\u0119ki produktom w wielu formatach z jednego skanu:<\/strong><\/h3>\n<h3 style=\"text-align: center\"><strong>1. CHMURY PUNKT\u00d3W<\/strong><\/h3>\n<h3 style=\"text-align: center\">Dane o du\u017cej g\u0119sto\u015bci do integracji CAD\/BIM<\/h3>\n<div class=\"wp-video\" style=\"text-align: center\">\n<div id=\"mep_4\" class=\"mejs-container mejs-container-keyboard-inactive wp-video-shortcode mejs-video\" tabindex=\"0\" role=\"application\" aria-label=\"Odtwarzacz video\">\n<div class=\"mejs-inner\">\n<div class=\"mejs-mediaelement\"><\/div>\n<div class=\"mejs-controls\">\n<div class=\"mejs-button mejs-fullscreen-button\"><strong style=\"color: #1b1919;font-size: 22px\">2. PLANY RZUT\u00d3W 2D<\/strong><\/div>\n<\/div>\n<\/div>\n<\/div>\n<\/div>\n<h3 style=\"text-align: center\">Automatycznie wektoryzowane przy grubo\u015bci \u015bcianki &lt;1 cm<\/h3>\n<div class=\"wp-video\" style=\"text-align: center\">\n<div id=\"mep_5\" class=\"mejs-container mejs-container-keyboard-inactive wp-video-shortcode mejs-video\" tabindex=\"0\" role=\"application\" aria-label=\"Odtwarzacz video\">\n<div class=\"mejs-inner\">\n<div class=\"mejs-mediaelement\"><\/div>\n<div class=\"mejs-layers\">\n<div class=\"mejs-overlay mejs-layer mejs-overlay-play\">\n<div class=\"mejs-overlay-button\" tabindex=\"0\" role=\"button\" aria-label=\"Odtw\u00f3rz\"><\/div>\n<\/div>\n<\/div>\n<div class=\"mejs-controls\">\n<div class=\"mejs-button mejs-volume-button mejs-mute\"><\/div>\n<div class=\"mejs-button mejs-fullscreen-button\"><strong style=\"color: #1b1919;font-size: 22px\">3. MODELE MESH 3D<\/strong><\/div>\n<\/div>\n<\/div>\n<\/div>\n<\/div>\n<h3 style=\"text-align: center\">Fotorealistyczne tekstury do aplikacji AR\/VR<\/h3>\n<div class=\"wp-video\" style=\"text-align: center\">\n<div id=\"mep_6\" class=\"mejs-container mejs-container-keyboard-inactive wp-video-shortcode mejs-video\" tabindex=\"0\" role=\"application\" aria-label=\"Odtwarzacz video\">\n<div class=\"mejs-inner\">\n<div class=\"mejs-layers\">\n<div class=\"mejs-overlay mejs-layer mejs-overlay-play\">\n<div class=\"mejs-overlay-button\" tabindex=\"0\" role=\"button\" aria-label=\"Odtw\u00f3rz\"><\/div>\n<\/div>\n<\/div>\n<div class=\"mejs-controls\">\n<div class=\"mejs-button mejs-volume-button mejs-mute\"><strong style=\"color: #1b1919;font-size: 22px\">4. 3D GAUSSIAN SPLATTING<\/strong><\/div>\n<\/div>\n<\/div>\n<\/div>\n<\/div>\n<h3 style=\"text-align: center\">Wizualizacja immersyjna w czasie rzeczywistym<\/h3>\n<div class=\"wp-video\" style=\"text-align: center\">\n<div id=\"mep_7\" class=\"mejs-container mejs-container-keyboard-inactive wp-video-shortcode mejs-video\" tabindex=\"0\" role=\"application\" aria-label=\"Odtwarzacz video\">\n<div class=\"mejs-inner\">\n<div class=\"mejs-mediaelement\"><\/div>\n<\/div>\n<\/div>\n<\/div>\n<h3 style=\"text-align: center\"><strong>5. GEOREFERENCYJNE PANORAMY<\/strong><\/h3>\n<h3 style=\"text-align: center\">Idealny do zarz\u0105dzania obiektami i cyfrowych bli\u017aniak\u00f3w<\/h3>\n<div class=\"wp-video\" style=\"text-align: center\">\n<div id=\"mep_8\" class=\"mejs-container mejs-container-keyboard-inactive wp-video-shortcode mejs-video\" tabindex=\"0\" role=\"application\" aria-label=\"Odtwarzacz video\">\n<div class=\"mejs-inner\">\n<div class=\"mejs-mediaelement\"><\/div>\n<div class=\"mejs-layers\">\n<div class=\"mejs-overlay mejs-layer mejs-overlay-play\">\n<div class=\"mejs-overlay-button\" tabindex=\"0\" role=\"button\" aria-label=\"Odtw\u00f3rz\"><\/div>\n<\/div>\n<\/div>\n<div class=\"mejs-controls\">\n<div class=\"mejs-button mejs-playpause-button mejs-play\"><\/div>\n<div class=\"mejs-button mejs-fullscreen-button\"><strong style=\"color: #1b1919;font-size: 22px\">KOMPLEKSOWY, BEZPROBLEMOWY PRZEBIEG PRACY<\/strong><\/div>\n<\/div>\n<\/div>\n<\/div>\n<\/div>\n<div id=\"row-1143024196\" class=\"row\" style=\"text-align: center\">\n<div id=\"col-2009002216\" class=\"col medium-1\/2 large-6\">\n<div class=\"col-inner\">\n<div><\/div>\n<div class=\"wp-video\">\n<div id=\"mep_9\" class=\"mejs-container mejs-container-keyboard-inactive wp-video-shortcode mejs-video\" tabindex=\"0\" role=\"application\" aria-label=\"Odtwarzacz video\">\n<div class=\"mejs-inner\">\n<div class=\"mejs-layers\">\n<div class=\"mejs-overlay mejs-layer mejs-overlay-play\">\n<div class=\"mejs-overlay-button\" tabindex=\"0\" role=\"button\" aria-label=\"Odtw\u00f3rz\"><\/div>\n<\/div>\n<\/div>\n<\/div>\n<\/div>\n<\/div>\n<\/div>\n<\/div>\n<div id=\"col-1050224262\" class=\"col medium-1\/2 large-6\">\n<div class=\"col-inner\">\n<p class=\"img-wrap-h3 \"><strong>Przetwarzanie Danych<\/strong><\/p>\n<p class=\"img-wrap-h3 \"><strong>FJD Trion Model\u00a0<\/strong>zapewnia kompleksowe mo\u017cliwo\u015bci przetwarzania danych. Od rejestracji chmury punkt\u00f3w po analiz\u0119 modelowania, automatyzuje przep\u0142yw pracy dzi\u0119ki szerokiej gamie funkcji, w tym mapowaniu 2D, modelowaniu siatki 3D, rozpryskiwaniu Gaussa, analizie przekroj\u00f3w poprzecznych i generowaniu raport\u00f3w. Mo\u017cna go u\u017cywa\u0107 zar\u00f3wno na platformach PC, jak i iPadOS.<\/p>\n<\/div>\n<\/div>\n<\/div>\n<div id=\"row-1498086284\" class=\"row\" style=\"text-align: center\">\n<div id=\"col-2020303498\" class=\"col medium-1\/2 large-6\">\n<div class=\"col-inner\">\n<div class=\"wp-video\">\n<div id=\"mep_10\" class=\"mejs-container mejs-container-keyboard-inactive wp-video-shortcode mejs-video\" tabindex=\"0\" role=\"application\" aria-label=\"Odtwarzacz video\">\n<div class=\"mejs-inner\">\n<div class=\"mejs-controls\">\n<div class=\"mejs-button mejs-fullscreen-button\"><\/div>\n<\/div>\n<\/div>\n<\/div>\n<\/div>\n<\/div>\n<\/div>\n<div id=\"col-1470037254\" class=\"col medium-1\/2 large-6\">\n<div class=\"col-inner\">\n<p class=\"img-wrap-h3 \"><strong>Wsp\u00f3\u0142pracuj i Dostarczaj<\/strong><\/p>\n<p class=\"img-wrap-h3 \">Platforma w chmurze sprawia, \u017ce \u200b\u200bwsp\u00f3\u0142praca zespo\u0142owa jest wygodniejsza i wydajniejsza. Dzi\u0119ki obs\u0142udze jednoczesnego przegl\u0105du online platforma synchronizuje zmiany danych w czasie rzeczywistym, zapewniaj\u0105c przejrzysto\u015b\u0107 post\u0119p\u00f3w.<\/p>\n<h3 class=\"img-wrap-h3 \"><strong style=\"font-size: 28px\">KOMPLETNE ROZWI\u0104ZANIE DLA CHMURY PUNKT\u00d3W<\/strong><\/h3>\n<\/div>\n<\/div>\n<\/div>\n<div id=\"row-1214111093\" class=\"row\" style=\"text-align: center\">\n<div id=\"col-1933366184\" class=\"col medium-1\/2 large-6\">\n<div class=\"col-inner\">\n<h3 class=\"img-wrap-h3 \"><\/h3>\n<\/div>\n<\/div>\n<\/div>\n<h1 class=\"title\" style=\"text-align: center\"><strong>Scenariusze Zastosowa\u0144<\/strong><\/h1>\n<div id=\"row-342547653\" class=\"row\" style=\"text-align: center\">\n<div id=\"col-564913835\" class=\"col medium-1\/3 large-4\">\n<div class=\"col-inner\">\n<p><img decoding=\"async\" class=\"alignnone wp-image-4880 size-full\" src=\"https:\/\/gpsglobalsolutions.com\/wp-content\/uploads\/2025\/04\/IMG_2667.webp\" alt=\"FJD Trion P1 skaner 3D\" width=\"690\" height=\"388\" \/><\/p>\n<h3 class=\"card-title\"><strong>Zarz\u0105dzanie nieruchomo\u015bciami<\/strong><\/h3>\n<div class=\"card-desc\">Oce\u0144 integralno\u015b\u0107 strukturaln\u0105, zaplanuj przestrzenie i zidentyfikuj obszary wymagaj\u0105ce naprawy lub renowacji. Zmniejsz niepewno\u015b\u0107 w decyzjach inwestycyjnych dzi\u0119ki spostrze\u017ceniom z bogatego zestawu danych przestrzennych.<\/div>\n<\/div>\n<\/div>\n<div id=\"col-49212794\" class=\"col medium-1\/3 large-4\">\n<div class=\"col-inner\">\n<p><img decoding=\"async\" class=\"alignnone wp-image-4881 size-full\" src=\"https:\/\/gpsglobalsolutions.com\/wp-content\/uploads\/2025\/04\/IMG_2668.webp\" alt=\"FJD Trion P1 skaner 3D\" width=\"690\" height=\"388\" \/><\/p>\n<h3 class=\"card-title\"><strong>Bezpiecze\u0144stwo Publiczne<\/strong><\/h3>\n<div class=\"card-desc\">Wykorzystaj dane z chmury punkt\u00f3w, aby ulepszy\u0107 plany przygotowania na wypadek katastrofy i odzyskiwania. Szybko rejestruj dowody i miejsca przest\u0119pstw lub wypadk\u00f3w, aby uzyska\u0107 natychmiastow\u0105 i dok\u0142adn\u0105 dokumentacj\u0119 kryminalistyczn\u0105<\/div>\n<\/div>\n<\/div>\n<div id=\"col-937353278\" class=\"col medium-1\/3 large-4\">\n<div class=\"col-inner\">\n<p><img decoding=\"async\" class=\"alignnone wp-image-4883 size-full\" src=\"https:\/\/gpsglobalsolutions.com\/wp-content\/uploads\/2025\/04\/IMG_2670.webp\" alt=\"FJD Trion P1 skaner 3D\" width=\"690\" height=\"388\" \/><\/p>\n<h3 class=\"card-title\"><strong>Architektura, In\u017cynieria i Budownictwo<\/strong><\/h3>\n<p>Podejmuj bardziej \u015bwiadome decyzje dotycz\u0105ce swoich projekt\u00f3w, od planu po zapewnienie jako\u015bci\/kontrol\u0119 jako\u015bci, korzystaj\u0105c z pomiar\u00f3w budowlanych, skanowania do CAD&amp;BIM, dokumentacji powykonawczej, plan\u00f3w pi\u0119ter i wielko\u015bci zapas\u00f3w.<\/p>\n<\/div>\n<\/div>\n<\/div>\n<div id=\"row-202964924\" class=\"row\">\n<div id=\"col-899431166\" class=\"col medium-1\/3 large-4\" style=\"text-align: center\">\n<div class=\"col-inner\">\n<p><img decoding=\"async\" class=\"alignnone wp-image-4882 size-full\" src=\"https:\/\/gpsglobalsolutions.com\/wp-content\/uploads\/2025\/04\/IMG_2669.webp\" alt=\"FJD Trion P1 skaner 3D\" width=\"690\" height=\"388\" \/><\/p>\n<h3 class=\"card-title\"><strong>Badanie Topograficzne<\/strong><\/h3>\n<div class=\"card-desc\">Dok\u0142adnie mapuj i analizuj cechy terenu za pomoc\u0105 danych chmury punkt\u00f3w o wysokiej rozdzielczo\u015bci. Usprawnij projekty zagospodarowania terenu, badania \u015brodowiskowe i planowanie infrastruktury, rejestruj\u0105c szczeg\u00f3\u0142owe modele wysoko\u015bci i charakterystyki powierzchni.<\/div>\n<\/div>\n<\/div>\n<div id=\"col-718069827\" class=\"col medium-1\/3 large-4\" style=\"text-align: center\">\n<div class=\"col-inner\">\n<p><img decoding=\"async\" class=\"alignnone wp-image-4884 size-full\" src=\"https:\/\/gpsglobalsolutions.com\/wp-content\/uploads\/2025\/04\/IMG_2671.webp\" alt=\"FJD Trion P1 skaner 3D\" width=\"690\" height=\"388\" \/><\/p>\n<h3 class=\"card-title\"><strong>G\u00f3rnictwo<\/strong><\/h3>\n<div class=\"card-desc\">Popraw bezpiecze\u0144stwo i wydajno\u015b\u0107 operacji g\u00f3rniczych. Wykorzystaj dane z chmury punkt\u00f3w do oceny \u015brodowisk g\u00f3rniczych i popraw dok\u0142adno\u015b\u0107 mapowania podziemnego. Zwi\u0119ksz wydajno\u015b\u0107 operacyjn\u0105, zapewniaj\u0105c wgl\u0105d w czasie rzeczywistym w warunki tunelu, z\u0142o\u017ca mineralne i integralno\u015b\u0107 strukturaln\u0105.<\/div>\n<\/div>\n<\/div>\n<div id=\"col-380609909\" class=\"col medium-1\/3 large-4\">\n<div class=\"col-inner\">\n<p><img decoding=\"async\" class=\"alignnone wp-image-4885 size-full aligncenter\" src=\"https:\/\/gpsglobalsolutions.com\/wp-content\/uploads\/2025\/04\/IMG_2672.webp\" alt=\"FJD Trion P1 skaner 3D\" width=\"690\" height=\"388\" \/><\/p>\n<h3 class=\"card-title\" style=\"text-align: center\"><strong>Analiza le\u015bnictwa i ro\u015blinno\u015bci<\/strong><\/h3>\n<div class=\"card-desc\" style=\"text-align: center\"><span class=\"HwtZe\" lang=\"pl\"><span class=\"jCAhz ChMk0b\"><span class=\"ryNqvb\">Zarz\u0105dzaj i monitoruj inwentaryzacj\u0119 drzew podczas szybkiego spaceru po lesie.<\/span><\/span>\u00a0<span class=\"jCAhz ChMk0b\"><span class=\"ryNqvb\">Zmierz korony, przeanalizuj \u015brednic\u0119 i wysoko\u015b\u0107 drzewa, korzystaj\u0105c z precyzyjnych danych chmury punkt\u00f3w.<\/span><\/span><\/span><\/div>\n<\/div>\n<\/div>\n<\/div>\n<\/div>\n<\/div>\n<\/div>\n","protected":false},"excerpt":{"rendered":"<p>FJD TRION P2 \u2013 SKANER LIDAR 3D TYLKO U NAS TAK BOGATY ZESTAW W WERSJI FJD TRION MODEL PRO BEZKOMPROMISOWA<\/p>\n","protected":false},"featured_media":62324,"comment_status":"open","ping_status":"closed","template":"","meta":{"_acf_changed":false},"product_brand":[],"product_cat":[6156],"product_tag":[],"class_list":{"0":"post-62323","1":"product","2":"type-product","3":"status-publish","4":"has-post-thumbnail","6":"product_cat-inne-produkty","8":"first","9":"instock","10":"taxable","11":"shipping-taxable","12":"product-type-simple"},"acf":[],"yoast_head":"<!-- This site is optimized with the Yoast SEO plugin v27.2 - https:\/\/yoast.com\/product\/yoast-seo-wordpress\/ -->\n<title>FJD TRION P2 \u2013 SKANER LIDAR 3D - IRONSKY.PL Sklep z Dronami<\/title>\n<meta name=\"description\" content=\"FJD TRION P2 \u2013 SKANER LIDAR 3D - \u2705 sklep z dronami i fachowym doradztwem. \u2705 Tutaj kupisz produkty DJI, Yuneec, Parrot, Syma i wiele innych, a tak\u017ce kursy i licencje na operatora drona.\" \/>\n<meta name=\"robots\" content=\"index, follow, max-snippet:-1, max-image-preview:large, max-video-preview:-1\" \/>\n<link rel=\"canonical\" href=\"https:\/\/ironsky.pl\/sklep\/produkt\/fjd-trion-p2-skaner-lidar-3d\/\" \/>\n<meta property=\"og:locale\" content=\"pl_PL\" \/>\n<meta property=\"og:type\" content=\"article\" \/>\n<meta property=\"og:title\" content=\"FJD TRION P2 \u2013 SKANER LIDAR 3D - IRONSKY.PL Sklep z Dronami\" \/>\n<meta property=\"og:description\" content=\"FJD TRION P2 \u2013 SKANER LIDAR 3D - \u2705 sklep z dronami i fachowym doradztwem. \u2705 Tutaj kupisz produkty DJI, Yuneec, Parrot, Syma i wiele innych, a tak\u017ce kursy i licencje na operatora drona.\" \/>\n<meta property=\"og:url\" content=\"https:\/\/ironsky.pl\/sklep\/produkt\/fjd-trion-p2-skaner-lidar-3d\/\" \/>\n<meta property=\"og:site_name\" content=\"IRONSKY.PL Sklep z Dronami\" \/>\n<meta property=\"article:modified_time\" content=\"2026-04-16T13:22:24+00:00\" \/>\n<meta property=\"og:image\" content=\"https:\/\/ironsky.pl\/sklep\/wp-content\/uploads\/2026\/04\/90EF18EB-B5C3-40C5-869E-85C713931BE5-768x768-1.jpeg\" \/>\n\t<meta property=\"og:image:width\" content=\"768\" \/>\n\t<meta property=\"og:image:height\" content=\"768\" \/>\n\t<meta property=\"og:image:type\" content=\"image\/jpeg\" \/>\n<meta name=\"twitter:card\" content=\"summary_large_image\" \/>\n<meta name=\"twitter:label1\" content=\"Szacowany czas czytania\" \/>\n\t<meta name=\"twitter:data1\" content=\"6 minut\" \/>\n<script type=\"application\/ld+json\" class=\"yoast-schema-graph\">{\"@context\":\"https:\/\/schema.org\",\"@graph\":[{\"@type\":\"WebPage\",\"@id\":\"https:\/\/ironsky.pl\/sklep\/produkt\/fjd-trion-p2-skaner-lidar-3d\/\",\"url\":\"https:\/\/ironsky.pl\/sklep\/produkt\/fjd-trion-p2-skaner-lidar-3d\/\",\"name\":\"FJD TRION P2 \u2013 SKANER LIDAR 3D - IRONSKY.PL Sklep z Dronami\",\"isPartOf\":{\"@id\":\"https:\/\/ironsky.pl\/sklep\/#website\"},\"primaryImageOfPage\":{\"@id\":\"https:\/\/ironsky.pl\/sklep\/produkt\/fjd-trion-p2-skaner-lidar-3d\/#primaryimage\"},\"image\":{\"@id\":\"https:\/\/ironsky.pl\/sklep\/produkt\/fjd-trion-p2-skaner-lidar-3d\/#primaryimage\"},\"thumbnailUrl\":\"https:\/\/ironsky.pl\/sklep\/wp-content\/uploads\/2026\/04\/90EF18EB-B5C3-40C5-869E-85C713931BE5-768x768-1.jpeg\",\"datePublished\":\"2026-04-16T13:21:53+00:00\",\"dateModified\":\"2026-04-16T13:22:24+00:00\",\"description\":\"FJD TRION P2 \u2013 SKANER LIDAR 3D - \u2705 sklep z dronami i fachowym doradztwem. \u2705 Tutaj kupisz produkty DJI, Yuneec, Parrot, Syma i wiele innych, a tak\u017ce kursy i licencje na operatora drona.\",\"breadcrumb\":{\"@id\":\"https:\/\/ironsky.pl\/sklep\/produkt\/fjd-trion-p2-skaner-lidar-3d\/#breadcrumb\"},\"inLanguage\":\"pl-PL\",\"potentialAction\":[{\"@type\":\"ReadAction\",\"target\":[\"https:\/\/ironsky.pl\/sklep\/produkt\/fjd-trion-p2-skaner-lidar-3d\/\"]}]},{\"@type\":\"ImageObject\",\"inLanguage\":\"pl-PL\",\"@id\":\"https:\/\/ironsky.pl\/sklep\/produkt\/fjd-trion-p2-skaner-lidar-3d\/#primaryimage\",\"url\":\"https:\/\/ironsky.pl\/sklep\/wp-content\/uploads\/2026\/04\/90EF18EB-B5C3-40C5-869E-85C713931BE5-768x768-1.jpeg\",\"contentUrl\":\"https:\/\/ironsky.pl\/sklep\/wp-content\/uploads\/2026\/04\/90EF18EB-B5C3-40C5-869E-85C713931BE5-768x768-1.jpeg\",\"width\":768,\"height\":768},{\"@type\":\"BreadcrumbList\",\"@id\":\"https:\/\/ironsky.pl\/sklep\/produkt\/fjd-trion-p2-skaner-lidar-3d\/#breadcrumb\",\"itemListElement\":[{\"@type\":\"ListItem\",\"position\":1,\"name\":\"Strona g\u0142\u00f3wna\",\"item\":\"https:\/\/ironsky.pl\/sklep\/\"},{\"@type\":\"ListItem\",\"position\":2,\"name\":\"Wszystkie produkty\",\"item\":\"https:\/\/ironsky.pl\/sklep\/produkty\/\"},{\"@type\":\"ListItem\",\"position\":3,\"name\":\"FJD TRION P2 \u2013 SKANER LIDAR 3D\"}]},{\"@type\":\"WebSite\",\"@id\":\"https:\/\/ironsky.pl\/sklep\/#website\",\"url\":\"https:\/\/ironsky.pl\/sklep\/\",\"name\":\"IRONSKY.PL Sklep z Dronami\",\"description\":\"IRONSKY.PL Sklep z Dronami\",\"potentialAction\":[{\"@type\":\"SearchAction\",\"target\":{\"@type\":\"EntryPoint\",\"urlTemplate\":\"https:\/\/ironsky.pl\/sklep\/?s={search_term_string}\"},\"query-input\":{\"@type\":\"PropertyValueSpecification\",\"valueRequired\":true,\"valueName\":\"search_term_string\"}}],\"inLanguage\":\"pl-PL\"}]}<\/script>\n<!-- \/ Yoast SEO plugin. -->","yoast_head_json":{"title":"FJD TRION P2 \u2013 SKANER LIDAR 3D - IRONSKY.PL Sklep z Dronami","description":"FJD TRION P2 \u2013 SKANER LIDAR 3D - \u2705 sklep z dronami i fachowym doradztwem. \u2705 Tutaj kupisz produkty DJI, Yuneec, Parrot, Syma i wiele innych, a tak\u017ce kursy i licencje na operatora drona.","robots":{"index":"index","follow":"follow","max-snippet":"max-snippet:-1","max-image-preview":"max-image-preview:large","max-video-preview":"max-video-preview:-1"},"canonical":"https:\/\/ironsky.pl\/sklep\/produkt\/fjd-trion-p2-skaner-lidar-3d\/","og_locale":"pl_PL","og_type":"article","og_title":"FJD TRION P2 \u2013 SKANER LIDAR 3D - IRONSKY.PL Sklep z Dronami","og_description":"FJD TRION P2 \u2013 SKANER LIDAR 3D - \u2705 sklep z dronami i fachowym doradztwem. \u2705 Tutaj kupisz produkty DJI, Yuneec, Parrot, Syma i wiele innych, a tak\u017ce kursy i licencje na operatora drona.","og_url":"https:\/\/ironsky.pl\/sklep\/produkt\/fjd-trion-p2-skaner-lidar-3d\/","og_site_name":"IRONSKY.PL Sklep z Dronami","article_modified_time":"2026-04-16T13:22:24+00:00","og_image":[{"width":768,"height":768,"url":"https:\/\/ironsky.pl\/sklep\/wp-content\/uploads\/2026\/04\/90EF18EB-B5C3-40C5-869E-85C713931BE5-768x768-1.jpeg","type":"image\/jpeg"}],"twitter_card":"summary_large_image","twitter_misc":{"Szacowany czas czytania":"6 minut"},"schema":{"@context":"https:\/\/schema.org","@graph":[{"@type":"WebPage","@id":"https:\/\/ironsky.pl\/sklep\/produkt\/fjd-trion-p2-skaner-lidar-3d\/","url":"https:\/\/ironsky.pl\/sklep\/produkt\/fjd-trion-p2-skaner-lidar-3d\/","name":"FJD TRION P2 \u2013 SKANER LIDAR 3D - IRONSKY.PL Sklep z Dronami","isPartOf":{"@id":"https:\/\/ironsky.pl\/sklep\/#website"},"primaryImageOfPage":{"@id":"https:\/\/ironsky.pl\/sklep\/produkt\/fjd-trion-p2-skaner-lidar-3d\/#primaryimage"},"image":{"@id":"https:\/\/ironsky.pl\/sklep\/produkt\/fjd-trion-p2-skaner-lidar-3d\/#primaryimage"},"thumbnailUrl":"https:\/\/ironsky.pl\/sklep\/wp-content\/uploads\/2026\/04\/90EF18EB-B5C3-40C5-869E-85C713931BE5-768x768-1.jpeg","datePublished":"2026-04-16T13:21:53+00:00","dateModified":"2026-04-16T13:22:24+00:00","description":"FJD TRION P2 \u2013 SKANER LIDAR 3D - \u2705 sklep z dronami i fachowym doradztwem. \u2705 Tutaj kupisz produkty DJI, Yuneec, Parrot, Syma i wiele innych, a tak\u017ce kursy i licencje na operatora drona.","breadcrumb":{"@id":"https:\/\/ironsky.pl\/sklep\/produkt\/fjd-trion-p2-skaner-lidar-3d\/#breadcrumb"},"inLanguage":"pl-PL","potentialAction":[{"@type":"ReadAction","target":["https:\/\/ironsky.pl\/sklep\/produkt\/fjd-trion-p2-skaner-lidar-3d\/"]}]},{"@type":"ImageObject","inLanguage":"pl-PL","@id":"https:\/\/ironsky.pl\/sklep\/produkt\/fjd-trion-p2-skaner-lidar-3d\/#primaryimage","url":"https:\/\/ironsky.pl\/sklep\/wp-content\/uploads\/2026\/04\/90EF18EB-B5C3-40C5-869E-85C713931BE5-768x768-1.jpeg","contentUrl":"https:\/\/ironsky.pl\/sklep\/wp-content\/uploads\/2026\/04\/90EF18EB-B5C3-40C5-869E-85C713931BE5-768x768-1.jpeg","width":768,"height":768},{"@type":"BreadcrumbList","@id":"https:\/\/ironsky.pl\/sklep\/produkt\/fjd-trion-p2-skaner-lidar-3d\/#breadcrumb","itemListElement":[{"@type":"ListItem","position":1,"name":"Strona g\u0142\u00f3wna","item":"https:\/\/ironsky.pl\/sklep\/"},{"@type":"ListItem","position":2,"name":"Wszystkie produkty","item":"https:\/\/ironsky.pl\/sklep\/produkty\/"},{"@type":"ListItem","position":3,"name":"FJD TRION P2 \u2013 SKANER LIDAR 3D"}]},{"@type":"WebSite","@id":"https:\/\/ironsky.pl\/sklep\/#website","url":"https:\/\/ironsky.pl\/sklep\/","name":"IRONSKY.PL Sklep z Dronami","description":"IRONSKY.PL Sklep z Dronami","potentialAction":[{"@type":"SearchAction","target":{"@type":"EntryPoint","urlTemplate":"https:\/\/ironsky.pl\/sklep\/?s={search_term_string}"},"query-input":{"@type":"PropertyValueSpecification","valueRequired":true,"valueName":"search_term_string"}}],"inLanguage":"pl-PL"}]}},"_links":{"self":[{"href":"https:\/\/ironsky.pl\/sklep\/wp-json\/wp\/v2\/product\/62323","targetHints":{"allow":["GET"]}}],"collection":[{"href":"https:\/\/ironsky.pl\/sklep\/wp-json\/wp\/v2\/product"}],"about":[{"href":"https:\/\/ironsky.pl\/sklep\/wp-json\/wp\/v2\/types\/product"}],"replies":[{"embeddable":true,"href":"https:\/\/ironsky.pl\/sklep\/wp-json\/wp\/v2\/comments?post=62323"}],"wp:featuredmedia":[{"embeddable":true,"href":"https:\/\/ironsky.pl\/sklep\/wp-json\/wp\/v2\/media\/62324"}],"wp:attachment":[{"href":"https:\/\/ironsky.pl\/sklep\/wp-json\/wp\/v2\/media?parent=62323"}],"wp:term":[{"taxonomy":"product_brand","embeddable":true,"href":"https:\/\/ironsky.pl\/sklep\/wp-json\/wp\/v2\/product_brand?post=62323"},{"taxonomy":"product_cat","embeddable":true,"href":"https:\/\/ironsky.pl\/sklep\/wp-json\/wp\/v2\/product_cat?post=62323"},{"taxonomy":"product_tag","embeddable":true,"href":"https:\/\/ironsky.pl\/sklep\/wp-json\/wp\/v2\/product_tag?post=62323"}],"curies":[{"name":"wp","href":"https:\/\/api.w.org\/{rel}","templated":true}]}}