{"id":62288,"date":"2026-04-15T11:25:46","date_gmt":"2026-04-15T09:25:46","guid":{"rendered":"https:\/\/ironsky.pl\/sklep\/produkt\/obcinacz-filamentu-anycubic-do-kobra-s1-s1-combo\/"},"modified":"2026-04-23T12:03:09","modified_gmt":"2026-04-23T10:03:09","slug":"obcinacz-filamentu-anycubic-do-kobra-s1-s1-combo","status":"publish","type":"product","link":"https:\/\/ironsky.pl\/sklep\/produkt\/obcinacz-filamentu-anycubic-do-kobra-s1-s1-combo\/","title":{"rendered":"Obcinacz filamentu Anycubic do Kobra S1\/S1 Combo"},"content":{"rendered":"<h3>Obcinacz filamentu Anycubic do Kobra S1\/S1 Combo<\/h3>\n<p>Obcinacz filamentu Anycubic do Kobra S1 i S1 Combo to niewielkie, ale bardzo przydatne narz\u0119dzie, kt\u00f3re u\u0142atwia przygotowanie materia\u0142u do druku 3D. Dzi\u0119ki precyzyjnemu mechanizmowi ci\u0119cia pozwala uzyska\u0107 r\u00f3wne zako\u0144czenie filamentu, co sprawia, \u017ce materia\u0142 \u0142atwiej wsun\u0105\u0107 do drukarki i zmniejsza si\u0119 ryzyko zaci\u0119\u0107 na starcie pracy. Lekka, 25-gramowa konstrukcja dobrze le\u017cy w d\u0142oni i nie m\u0119czy przy cz\u0119stym u\u017cywaniu, a kompaktowy rozmiar sprawia, \u017ce bez problemu mo\u017cna mie\u0107 go zawsze pod r\u0119k\u0105 przy drukarce.<\/p>\n<p>\n<img decoding=\"async\" src=\"https:\/\/assets.innpro.pl\/20859\/27687\/1.jpg\" border=\"0\" alt=\"Czarny, plastikowy mechanizm obcinacza filamentu z widocznym metalowym ostrzem i spr\u0119\u017cyn\u0105 naci\u0105gow\u0105.\" \/>\n<\/p>\n<div class=\"table-wrapper\">\n<p>\u00a0<\/p>\n<h3><\/h3>\n<table>\n<tbody>\n<tr>\n<th>Producent<\/th>\n<td>Anycubic<\/td>\n<\/tr>\n<tr>\n<th>Waga<\/th>\n<td>25 g<\/td>\n<\/tr>\n<tr>\n<th>Kompatybilno\u015b\u0107<\/th>\n<td>Anycubic Kobra S1, Kobra S1 Combo.<\/td>\n<\/tr>\n<tr>\n<th>Wymiary opakowania<\/th>\n<td>114 \u00d7 91 \u00d7 26 mm.<\/td>\n<\/tr>\n<tr><\/tr>\n<\/tbody>\n<\/table>\n<\/div>\n","protected":false},"excerpt":{"rendered":"<p>Obcinacz filamentu Anycubic do Kobra S1\/S1 Combo Obcinacz filamentu Anycubic do Kobra S1 i S1 Combo to niewielkie, ale bardzo<\/p>\n","protected":false},"featured_media":62289,"comment_status":"closed","ping_status":"open","template":"","meta":{"_acf_changed":false},"product_brand":[],"product_cat":[6226,6222,6217],"product_tag":[],"class_list":{"0":"post-62288","1":"product","2":"type-product","3":"status-publish","4":"has-post-thumbnail","6":"product_cat-akcesoria-do-drukarek-3d","7":"product_cat-druk-3d-technologie-kreatywne","8":"product_cat-technologie-kreatywne","9":"pa_okres-gwarancji-5757","10":"pa_producent-anycubic","12":"first","13":"outofstock","14":"taxable","15":"shipping-taxable","16":"purchasable","17":"product-type-simple"},"acf":[],"yoast_head":"<!-- This site is optimized with the Yoast SEO plugin v27.2 - https:\/\/yoast.com\/product\/yoast-seo-wordpress\/ -->\n<title>Obcinacz filamentu Anycubic do Kobra S1\/S1 Combo - IRONSKY.PL Sklep z Dronami<\/title>\n<meta name=\"description\" content=\"Obcinacz filamentu Anycubic do Kobra S1\/S1 Combo - \u2705 sklep z dronami i fachowym doradztwem. \u2705 Tutaj kupisz produkty DJI, Yuneec, Parrot, Syma i wiele innych, a tak\u017ce kursy i licencje na operatora drona.\" \/>\n<meta name=\"robots\" content=\"index, follow, max-snippet:-1, max-image-preview:large, max-video-preview:-1\" \/>\n<link rel=\"canonical\" href=\"https:\/\/ironsky.pl\/sklep\/produkt\/obcinacz-filamentu-anycubic-do-kobra-s1-s1-combo\/\" \/>\n<meta property=\"og:locale\" content=\"pl_PL\" \/>\n<meta property=\"og:type\" content=\"article\" \/>\n<meta property=\"og:title\" content=\"Obcinacz filamentu Anycubic do Kobra S1\/S1 Combo - IRONSKY.PL Sklep z Dronami\" \/>\n<meta property=\"og:description\" content=\"Obcinacz filamentu Anycubic do Kobra S1\/S1 Combo - \u2705 sklep z dronami i fachowym doradztwem. \u2705 Tutaj kupisz produkty DJI, Yuneec, Parrot, Syma i wiele innych, a tak\u017ce kursy i licencje na operatora drona.\" \/>\n<meta property=\"og:url\" content=\"https:\/\/ironsky.pl\/sklep\/produkt\/obcinacz-filamentu-anycubic-do-kobra-s1-s1-combo\/\" \/>\n<meta property=\"og:site_name\" content=\"IRONSKY.PL Sklep z Dronami\" \/>\n<meta property=\"article:modified_time\" content=\"2026-04-23T10:03:09+00:00\" \/>\n<meta property=\"og:image\" content=\"https:\/\/ironsky.pl\/sklep\/wp-content\/uploads\/2026\/04\/59677_1.jpg\" \/>\n\t<meta property=\"og:image:width\" content=\"800\" \/>\n\t<meta property=\"og:image:height\" content=\"800\" \/>\n\t<meta property=\"og:image:type\" content=\"image\/jpeg\" \/>\n<meta name=\"twitter:card\" content=\"summary_large_image\" \/>\n<meta name=\"twitter:label1\" content=\"Szacowany czas czytania\" \/>\n\t<meta name=\"twitter:data1\" content=\"1 minuta\" \/>\n<script type=\"application\/ld+json\" class=\"yoast-schema-graph\">{\"@context\":\"https:\/\/schema.org\",\"@graph\":[{\"@type\":\"WebPage\",\"@id\":\"https:\/\/ironsky.pl\/sklep\/produkt\/obcinacz-filamentu-anycubic-do-kobra-s1-s1-combo\/\",\"url\":\"https:\/\/ironsky.pl\/sklep\/produkt\/obcinacz-filamentu-anycubic-do-kobra-s1-s1-combo\/\",\"name\":\"Obcinacz filamentu Anycubic do Kobra S1\/S1 Combo - IRONSKY.PL Sklep z Dronami\",\"isPartOf\":{\"@id\":\"https:\/\/ironsky.pl\/sklep\/#website\"},\"primaryImageOfPage\":{\"@id\":\"https:\/\/ironsky.pl\/sklep\/produkt\/obcinacz-filamentu-anycubic-do-kobra-s1-s1-combo\/#primaryimage\"},\"image\":{\"@id\":\"https:\/\/ironsky.pl\/sklep\/produkt\/obcinacz-filamentu-anycubic-do-kobra-s1-s1-combo\/#primaryimage\"},\"thumbnailUrl\":\"https:\/\/ironsky.pl\/sklep\/wp-content\/uploads\/2026\/04\/59677_1.jpg\",\"datePublished\":\"2026-04-15T09:25:46+00:00\",\"dateModified\":\"2026-04-23T10:03:09+00:00\",\"description\":\"Obcinacz filamentu Anycubic do Kobra S1\/S1 Combo - \u2705 sklep z dronami i fachowym doradztwem. \u2705 Tutaj kupisz produkty DJI, Yuneec, Parrot, Syma i wiele innych, a tak\u017ce kursy i licencje na operatora drona.\",\"breadcrumb\":{\"@id\":\"https:\/\/ironsky.pl\/sklep\/produkt\/obcinacz-filamentu-anycubic-do-kobra-s1-s1-combo\/#breadcrumb\"},\"inLanguage\":\"pl-PL\",\"potentialAction\":[{\"@type\":\"ReadAction\",\"target\":[\"https:\/\/ironsky.pl\/sklep\/produkt\/obcinacz-filamentu-anycubic-do-kobra-s1-s1-combo\/\"]}]},{\"@type\":\"ImageObject\",\"inLanguage\":\"pl-PL\",\"@id\":\"https:\/\/ironsky.pl\/sklep\/produkt\/obcinacz-filamentu-anycubic-do-kobra-s1-s1-combo\/#primaryimage\",\"url\":\"https:\/\/ironsky.pl\/sklep\/wp-content\/uploads\/2026\/04\/59677_1.jpg\",\"contentUrl\":\"https:\/\/ironsky.pl\/sklep\/wp-content\/uploads\/2026\/04\/59677_1.jpg\",\"width\":800,\"height\":800},{\"@type\":\"BreadcrumbList\",\"@id\":\"https:\/\/ironsky.pl\/sklep\/produkt\/obcinacz-filamentu-anycubic-do-kobra-s1-s1-combo\/#breadcrumb\",\"itemListElement\":[{\"@type\":\"ListItem\",\"position\":1,\"name\":\"Strona g\u0142\u00f3wna\",\"item\":\"https:\/\/ironsky.pl\/sklep\/\"},{\"@type\":\"ListItem\",\"position\":2,\"name\":\"Wszystkie produkty\",\"item\":\"https:\/\/ironsky.pl\/sklep\/produkty\/\"},{\"@type\":\"ListItem\",\"position\":3,\"name\":\"Obcinacz filamentu Anycubic do Kobra S1\/S1 Combo\"}]},{\"@type\":\"WebSite\",\"@id\":\"https:\/\/ironsky.pl\/sklep\/#website\",\"url\":\"https:\/\/ironsky.pl\/sklep\/\",\"name\":\"IRONSKY.PL Sklep z Dronami\",\"description\":\"IRONSKY.PL Sklep z Dronami\",\"potentialAction\":[{\"@type\":\"SearchAction\",\"target\":{\"@type\":\"EntryPoint\",\"urlTemplate\":\"https:\/\/ironsky.pl\/sklep\/?s={search_term_string}\"},\"query-input\":{\"@type\":\"PropertyValueSpecification\",\"valueRequired\":true,\"valueName\":\"search_term_string\"}}],\"inLanguage\":\"pl-PL\"}]}<\/script>\n<!-- \/ Yoast SEO plugin. -->","yoast_head_json":{"title":"Obcinacz filamentu Anycubic do Kobra S1\/S1 Combo - IRONSKY.PL Sklep z Dronami","description":"Obcinacz filamentu Anycubic do Kobra S1\/S1 Combo - \u2705 sklep z dronami i fachowym doradztwem. \u2705 Tutaj kupisz produkty DJI, Yuneec, Parrot, Syma i wiele innych, a tak\u017ce kursy i licencje na operatora drona.","robots":{"index":"index","follow":"follow","max-snippet":"max-snippet:-1","max-image-preview":"max-image-preview:large","max-video-preview":"max-video-preview:-1"},"canonical":"https:\/\/ironsky.pl\/sklep\/produkt\/obcinacz-filamentu-anycubic-do-kobra-s1-s1-combo\/","og_locale":"pl_PL","og_type":"article","og_title":"Obcinacz filamentu Anycubic do Kobra S1\/S1 Combo - IRONSKY.PL Sklep z Dronami","og_description":"Obcinacz filamentu Anycubic do Kobra S1\/S1 Combo - \u2705 sklep z dronami i fachowym doradztwem. \u2705 Tutaj kupisz produkty DJI, Yuneec, Parrot, Syma i wiele innych, a tak\u017ce kursy i licencje na operatora drona.","og_url":"https:\/\/ironsky.pl\/sklep\/produkt\/obcinacz-filamentu-anycubic-do-kobra-s1-s1-combo\/","og_site_name":"IRONSKY.PL Sklep z Dronami","article_modified_time":"2026-04-23T10:03:09+00:00","og_image":[{"width":800,"height":800,"url":"https:\/\/ironsky.pl\/sklep\/wp-content\/uploads\/2026\/04\/59677_1.jpg","type":"image\/jpeg"}],"twitter_card":"summary_large_image","twitter_misc":{"Szacowany czas czytania":"1 minuta"},"schema":{"@context":"https:\/\/schema.org","@graph":[{"@type":"WebPage","@id":"https:\/\/ironsky.pl\/sklep\/produkt\/obcinacz-filamentu-anycubic-do-kobra-s1-s1-combo\/","url":"https:\/\/ironsky.pl\/sklep\/produkt\/obcinacz-filamentu-anycubic-do-kobra-s1-s1-combo\/","name":"Obcinacz filamentu Anycubic do Kobra S1\/S1 Combo - IRONSKY.PL Sklep z Dronami","isPartOf":{"@id":"https:\/\/ironsky.pl\/sklep\/#website"},"primaryImageOfPage":{"@id":"https:\/\/ironsky.pl\/sklep\/produkt\/obcinacz-filamentu-anycubic-do-kobra-s1-s1-combo\/#primaryimage"},"image":{"@id":"https:\/\/ironsky.pl\/sklep\/produkt\/obcinacz-filamentu-anycubic-do-kobra-s1-s1-combo\/#primaryimage"},"thumbnailUrl":"https:\/\/ironsky.pl\/sklep\/wp-content\/uploads\/2026\/04\/59677_1.jpg","datePublished":"2026-04-15T09:25:46+00:00","dateModified":"2026-04-23T10:03:09+00:00","description":"Obcinacz filamentu Anycubic do Kobra S1\/S1 Combo - \u2705 sklep z dronami i fachowym doradztwem. \u2705 Tutaj kupisz produkty DJI, Yuneec, Parrot, Syma i wiele innych, a tak\u017ce kursy i licencje na operatora drona.","breadcrumb":{"@id":"https:\/\/ironsky.pl\/sklep\/produkt\/obcinacz-filamentu-anycubic-do-kobra-s1-s1-combo\/#breadcrumb"},"inLanguage":"pl-PL","potentialAction":[{"@type":"ReadAction","target":["https:\/\/ironsky.pl\/sklep\/produkt\/obcinacz-filamentu-anycubic-do-kobra-s1-s1-combo\/"]}]},{"@type":"ImageObject","inLanguage":"pl-PL","@id":"https:\/\/ironsky.pl\/sklep\/produkt\/obcinacz-filamentu-anycubic-do-kobra-s1-s1-combo\/#primaryimage","url":"https:\/\/ironsky.pl\/sklep\/wp-content\/uploads\/2026\/04\/59677_1.jpg","contentUrl":"https:\/\/ironsky.pl\/sklep\/wp-content\/uploads\/2026\/04\/59677_1.jpg","width":800,"height":800},{"@type":"BreadcrumbList","@id":"https:\/\/ironsky.pl\/sklep\/produkt\/obcinacz-filamentu-anycubic-do-kobra-s1-s1-combo\/#breadcrumb","itemListElement":[{"@type":"ListItem","position":1,"name":"Strona g\u0142\u00f3wna","item":"https:\/\/ironsky.pl\/sklep\/"},{"@type":"ListItem","position":2,"name":"Wszystkie produkty","item":"https:\/\/ironsky.pl\/sklep\/produkty\/"},{"@type":"ListItem","position":3,"name":"Obcinacz filamentu Anycubic do Kobra S1\/S1 Combo"}]},{"@type":"WebSite","@id":"https:\/\/ironsky.pl\/sklep\/#website","url":"https:\/\/ironsky.pl\/sklep\/","name":"IRONSKY.PL Sklep z Dronami","description":"IRONSKY.PL Sklep z Dronami","potentialAction":[{"@type":"SearchAction","target":{"@type":"EntryPoint","urlTemplate":"https:\/\/ironsky.pl\/sklep\/?s={search_term_string}"},"query-input":{"@type":"PropertyValueSpecification","valueRequired":true,"valueName":"search_term_string"}}],"inLanguage":"pl-PL"}]}},"_links":{"self":[{"href":"https:\/\/ironsky.pl\/sklep\/wp-json\/wp\/v2\/product\/62288","targetHints":{"allow":["GET"]}}],"collection":[{"href":"https:\/\/ironsky.pl\/sklep\/wp-json\/wp\/v2\/product"}],"about":[{"href":"https:\/\/ironsky.pl\/sklep\/wp-json\/wp\/v2\/types\/product"}],"replies":[{"embeddable":true,"href":"https:\/\/ironsky.pl\/sklep\/wp-json\/wp\/v2\/comments?post=62288"}],"wp:featuredmedia":[{"embeddable":true,"href":"https:\/\/ironsky.pl\/sklep\/wp-json\/wp\/v2\/media\/62289"}],"wp:attachment":[{"href":"https:\/\/ironsky.pl\/sklep\/wp-json\/wp\/v2\/media?parent=62288"}],"wp:term":[{"taxonomy":"product_brand","embeddable":true,"href":"https:\/\/ironsky.pl\/sklep\/wp-json\/wp\/v2\/product_brand?post=62288"},{"taxonomy":"product_cat","embeddable":true,"href":"https:\/\/ironsky.pl\/sklep\/wp-json\/wp\/v2\/product_cat?post=62288"},{"taxonomy":"product_tag","embeddable":true,"href":"https:\/\/ironsky.pl\/sklep\/wp-json\/wp\/v2\/product_tag?post=62288"}],"curies":[{"name":"wp","href":"https:\/\/api.w.org\/{rel}","templated":true}]}}