{"id":62284,"date":"2026-04-15T11:25:46","date_gmt":"2026-04-15T09:25:46","guid":{"rendered":"https:\/\/ironsky.pl\/sklep\/produkt\/plyta-z-efektem-3d-phantom-sfera-do-kobra-s1-s1-combo\/"},"modified":"2026-04-21T21:23:32","modified_gmt":"2026-04-21T19:23:32","slug":"plyta-z-efektem-3d-phantom-sfera-do-kobra-s1-s1-combo","status":"publish","type":"product","link":"https:\/\/ironsky.pl\/sklep\/produkt\/plyta-z-efektem-3d-phantom-sfera-do-kobra-s1-s1-combo\/","title":{"rendered":"P\u0142yta z efektem 3D (Phantom + sfera) do Kobra S1\/S1 Combo"},"content":{"rendered":"<h3>P\u0142yta z efektem 3D (Phantom + sfera) do Kobra S1\/S1 Combo<\/h3>\n<p>Dwustronna p\u0142yta z efektem 3D (Phantom + sfera) do drukarek Anycubic S1\/S1 Combo to prosty spos\u00f3b, \u017ceby Twoje wydruki od razu wygl\u0105da\u0142y lepiej \u2014 bez dodatkowej pracy po druku. Zamiast zwyk\u0142ego, g\u0142adkiego spodu dostajesz wyra\u017an\u0105, geometryczn\u0105 struktur\u0119, kt\u00f3ra nadaje modelom bardziej dopracowany wygl\u0105d, szczeg\u00f3lnie przy projektach u\u017cytkowych i dekoracyjnych. Dzi\u0119ki dw\u00f3m r\u00f3\u017cnym wzorom w jednej p\u0142ycie mo\u017cesz szybko dopasowa\u0107 efekt do konkretnego wydruku \u2014 raz subtelny Phantom, raz bardziej wyrazista sfera \u2014 bez zmiany ustawie\u0144 czy kombinowania z dodatkowymi akcesoriami. Ca\u0142o\u015b\u0107 jest w pe\u0142ni kompatybilna z modelami S1\/S1 Combo, wi\u0119c po prostu montujesz, odwracasz w zale\u017cno\u015bci od potrzeb i drukujesz, a efekt robi si\u0119 sam.<\/p>\n<p>\n<img decoding=\"async\" src=\"https:\/\/assets.innpro.pl\/20852\/27680\/3.jpg\" border=\"0\" alt=\"P\u0142yta robocza do drukarki z wzorami daj\u0105cymi efekt g\u0142\u0119bi, przypominaj\u0105cymi kolorowe sfery i geometryczne kszta\u0142ty.\" \/>\n<\/p>\n<div class=\"table-wrapper\">\n<p>\u00a0<\/p>\n<h3><\/h3>\n<table>\n<tbody>\n<tr>\n<th>Producent<\/th>\n<td>Anycubic<\/td>\n<\/tr>\n<tr>\n<th>Typ<\/th>\n<td>Dwustronna p\u0142yta robocza 3D<\/td>\n<\/tr>\n<tr>\n<th>Efekt powierzchni<\/th>\n<td>Phantom\/ sfera<\/td>\n<\/tr>\n<tr>\n<th>Kompatybilno\u015b\u0107<\/th>\n<td>Kobra S1\/S1 Combo<\/td>\n<\/tr>\n<\/tbody>\n<\/table>\n<\/div>\n","protected":false},"excerpt":{"rendered":"<p>P\u0142yta z efektem 3D (Phantom + sfera) do Kobra S1\/S1 Combo Dwustronna p\u0142yta z efektem 3D (Phantom + sfera) do<\/p>\n","protected":false},"featured_media":62285,"comment_status":"closed","ping_status":"open","template":"","meta":{"_acf_changed":false},"product_brand":[],"product_cat":[6226,6222,6217],"product_tag":[],"class_list":{"0":"post-62284","1":"product","2":"type-product","3":"status-publish","4":"has-post-thumbnail","6":"product_cat-akcesoria-do-drukarek-3d","7":"product_cat-druk-3d-technologie-kreatywne","8":"product_cat-technologie-kreatywne","9":"pa_okres-gwarancji-5757","10":"pa_producent-anycubic","12":"first","13":"outofstock","14":"taxable","15":"shipping-taxable","16":"purchasable","17":"product-type-simple"},"acf":[],"yoast_head":"<!-- This site is optimized with the Yoast SEO plugin v27.2 - https:\/\/yoast.com\/product\/yoast-seo-wordpress\/ -->\n<title>P\u0142yta z efektem 3D (Phantom + sfera) do Kobra S1\/S1 Combo - IRONSKY.PL Sklep z Dronami<\/title>\n<meta name=\"description\" content=\"P\u0142yta z efektem 3D (Phantom + sfera) do Kobra S1\/S1 Combo - \u2705 sklep z dronami i fachowym doradztwem. \u2705 Tutaj kupisz produkty DJI, Yuneec, Parrot, Syma i wiele innych, a tak\u017ce kursy i licencje na operatora drona.\" \/>\n<meta name=\"robots\" content=\"index, follow, max-snippet:-1, max-image-preview:large, max-video-preview:-1\" \/>\n<link rel=\"canonical\" href=\"https:\/\/ironsky.pl\/sklep\/produkt\/plyta-z-efektem-3d-phantom-sfera-do-kobra-s1-s1-combo\/\" \/>\n<meta property=\"og:locale\" content=\"pl_PL\" \/>\n<meta property=\"og:type\" content=\"article\" \/>\n<meta property=\"og:title\" content=\"P\u0142yta z efektem 3D (Phantom + sfera) do Kobra S1\/S1 Combo - IRONSKY.PL Sklep z Dronami\" \/>\n<meta property=\"og:description\" content=\"P\u0142yta z efektem 3D (Phantom + sfera) do Kobra S1\/S1 Combo - \u2705 sklep z dronami i fachowym doradztwem. \u2705 Tutaj kupisz produkty DJI, Yuneec, Parrot, Syma i wiele innych, a tak\u017ce kursy i licencje na operatora drona.\" \/>\n<meta property=\"og:url\" content=\"https:\/\/ironsky.pl\/sklep\/produkt\/plyta-z-efektem-3d-phantom-sfera-do-kobra-s1-s1-combo\/\" \/>\n<meta property=\"og:site_name\" content=\"IRONSKY.PL Sklep z Dronami\" \/>\n<meta property=\"article:modified_time\" content=\"2026-04-21T19:23:32+00:00\" \/>\n<meta property=\"og:image\" content=\"https:\/\/ironsky.pl\/sklep\/wp-content\/uploads\/2026\/04\/59676_1.jpg\" \/>\n\t<meta property=\"og:image:width\" content=\"800\" \/>\n\t<meta property=\"og:image:height\" content=\"800\" \/>\n\t<meta property=\"og:image:type\" content=\"image\/jpeg\" \/>\n<meta name=\"twitter:card\" content=\"summary_large_image\" \/>\n<meta name=\"twitter:label1\" content=\"Szacowany czas czytania\" \/>\n\t<meta name=\"twitter:data1\" content=\"1 minuta\" \/>\n<script type=\"application\/ld+json\" class=\"yoast-schema-graph\">{\"@context\":\"https:\/\/schema.org\",\"@graph\":[{\"@type\":\"WebPage\",\"@id\":\"https:\/\/ironsky.pl\/sklep\/produkt\/plyta-z-efektem-3d-phantom-sfera-do-kobra-s1-s1-combo\/\",\"url\":\"https:\/\/ironsky.pl\/sklep\/produkt\/plyta-z-efektem-3d-phantom-sfera-do-kobra-s1-s1-combo\/\",\"name\":\"P\u0142yta z efektem 3D (Phantom + sfera) do Kobra S1\/S1 Combo - IRONSKY.PL Sklep z Dronami\",\"isPartOf\":{\"@id\":\"https:\/\/ironsky.pl\/sklep\/#website\"},\"primaryImageOfPage\":{\"@id\":\"https:\/\/ironsky.pl\/sklep\/produkt\/plyta-z-efektem-3d-phantom-sfera-do-kobra-s1-s1-combo\/#primaryimage\"},\"image\":{\"@id\":\"https:\/\/ironsky.pl\/sklep\/produkt\/plyta-z-efektem-3d-phantom-sfera-do-kobra-s1-s1-combo\/#primaryimage\"},\"thumbnailUrl\":\"https:\/\/ironsky.pl\/sklep\/wp-content\/uploads\/2026\/04\/59676_1.jpg\",\"datePublished\":\"2026-04-15T09:25:46+00:00\",\"dateModified\":\"2026-04-21T19:23:32+00:00\",\"description\":\"P\u0142yta z efektem 3D (Phantom + sfera) do Kobra S1\/S1 Combo - \u2705 sklep z dronami i fachowym doradztwem. \u2705 Tutaj kupisz produkty DJI, Yuneec, Parrot, Syma i wiele innych, a tak\u017ce kursy i licencje na operatora drona.\",\"breadcrumb\":{\"@id\":\"https:\/\/ironsky.pl\/sklep\/produkt\/plyta-z-efektem-3d-phantom-sfera-do-kobra-s1-s1-combo\/#breadcrumb\"},\"inLanguage\":\"pl-PL\",\"potentialAction\":[{\"@type\":\"ReadAction\",\"target\":[\"https:\/\/ironsky.pl\/sklep\/produkt\/plyta-z-efektem-3d-phantom-sfera-do-kobra-s1-s1-combo\/\"]}]},{\"@type\":\"ImageObject\",\"inLanguage\":\"pl-PL\",\"@id\":\"https:\/\/ironsky.pl\/sklep\/produkt\/plyta-z-efektem-3d-phantom-sfera-do-kobra-s1-s1-combo\/#primaryimage\",\"url\":\"https:\/\/ironsky.pl\/sklep\/wp-content\/uploads\/2026\/04\/59676_1.jpg\",\"contentUrl\":\"https:\/\/ironsky.pl\/sklep\/wp-content\/uploads\/2026\/04\/59676_1.jpg\",\"width\":800,\"height\":800},{\"@type\":\"BreadcrumbList\",\"@id\":\"https:\/\/ironsky.pl\/sklep\/produkt\/plyta-z-efektem-3d-phantom-sfera-do-kobra-s1-s1-combo\/#breadcrumb\",\"itemListElement\":[{\"@type\":\"ListItem\",\"position\":1,\"name\":\"Strona g\u0142\u00f3wna\",\"item\":\"https:\/\/ironsky.pl\/sklep\/\"},{\"@type\":\"ListItem\",\"position\":2,\"name\":\"Wszystkie produkty\",\"item\":\"https:\/\/ironsky.pl\/sklep\/produkty\/\"},{\"@type\":\"ListItem\",\"position\":3,\"name\":\"P\u0142yta z efektem 3D (Phantom + sfera) do Kobra S1\/S1 Combo\"}]},{\"@type\":\"WebSite\",\"@id\":\"https:\/\/ironsky.pl\/sklep\/#website\",\"url\":\"https:\/\/ironsky.pl\/sklep\/\",\"name\":\"IRONSKY.PL Sklep z Dronami\",\"description\":\"IRONSKY.PL Sklep z Dronami\",\"potentialAction\":[{\"@type\":\"SearchAction\",\"target\":{\"@type\":\"EntryPoint\",\"urlTemplate\":\"https:\/\/ironsky.pl\/sklep\/?s={search_term_string}\"},\"query-input\":{\"@type\":\"PropertyValueSpecification\",\"valueRequired\":true,\"valueName\":\"search_term_string\"}}],\"inLanguage\":\"pl-PL\"}]}<\/script>\n<!-- \/ Yoast SEO plugin. -->","yoast_head_json":{"title":"P\u0142yta z efektem 3D (Phantom + sfera) do Kobra S1\/S1 Combo - IRONSKY.PL Sklep z Dronami","description":"P\u0142yta z efektem 3D (Phantom + sfera) do Kobra S1\/S1 Combo - \u2705 sklep z dronami i fachowym doradztwem. \u2705 Tutaj kupisz produkty DJI, Yuneec, Parrot, Syma i wiele innych, a tak\u017ce kursy i licencje na operatora drona.","robots":{"index":"index","follow":"follow","max-snippet":"max-snippet:-1","max-image-preview":"max-image-preview:large","max-video-preview":"max-video-preview:-1"},"canonical":"https:\/\/ironsky.pl\/sklep\/produkt\/plyta-z-efektem-3d-phantom-sfera-do-kobra-s1-s1-combo\/","og_locale":"pl_PL","og_type":"article","og_title":"P\u0142yta z efektem 3D (Phantom + sfera) do Kobra S1\/S1 Combo - IRONSKY.PL Sklep z Dronami","og_description":"P\u0142yta z efektem 3D (Phantom + sfera) do Kobra S1\/S1 Combo - \u2705 sklep z dronami i fachowym doradztwem. \u2705 Tutaj kupisz produkty DJI, Yuneec, Parrot, Syma i wiele innych, a tak\u017ce kursy i licencje na operatora drona.","og_url":"https:\/\/ironsky.pl\/sklep\/produkt\/plyta-z-efektem-3d-phantom-sfera-do-kobra-s1-s1-combo\/","og_site_name":"IRONSKY.PL Sklep z Dronami","article_modified_time":"2026-04-21T19:23:32+00:00","og_image":[{"width":800,"height":800,"url":"https:\/\/ironsky.pl\/sklep\/wp-content\/uploads\/2026\/04\/59676_1.jpg","type":"image\/jpeg"}],"twitter_card":"summary_large_image","twitter_misc":{"Szacowany czas czytania":"1 minuta"},"schema":{"@context":"https:\/\/schema.org","@graph":[{"@type":"WebPage","@id":"https:\/\/ironsky.pl\/sklep\/produkt\/plyta-z-efektem-3d-phantom-sfera-do-kobra-s1-s1-combo\/","url":"https:\/\/ironsky.pl\/sklep\/produkt\/plyta-z-efektem-3d-phantom-sfera-do-kobra-s1-s1-combo\/","name":"P\u0142yta z efektem 3D (Phantom + sfera) do Kobra S1\/S1 Combo - IRONSKY.PL Sklep z Dronami","isPartOf":{"@id":"https:\/\/ironsky.pl\/sklep\/#website"},"primaryImageOfPage":{"@id":"https:\/\/ironsky.pl\/sklep\/produkt\/plyta-z-efektem-3d-phantom-sfera-do-kobra-s1-s1-combo\/#primaryimage"},"image":{"@id":"https:\/\/ironsky.pl\/sklep\/produkt\/plyta-z-efektem-3d-phantom-sfera-do-kobra-s1-s1-combo\/#primaryimage"},"thumbnailUrl":"https:\/\/ironsky.pl\/sklep\/wp-content\/uploads\/2026\/04\/59676_1.jpg","datePublished":"2026-04-15T09:25:46+00:00","dateModified":"2026-04-21T19:23:32+00:00","description":"P\u0142yta z efektem 3D (Phantom + sfera) do Kobra S1\/S1 Combo - \u2705 sklep z dronami i fachowym doradztwem. \u2705 Tutaj kupisz produkty DJI, Yuneec, Parrot, Syma i wiele innych, a tak\u017ce kursy i licencje na operatora drona.","breadcrumb":{"@id":"https:\/\/ironsky.pl\/sklep\/produkt\/plyta-z-efektem-3d-phantom-sfera-do-kobra-s1-s1-combo\/#breadcrumb"},"inLanguage":"pl-PL","potentialAction":[{"@type":"ReadAction","target":["https:\/\/ironsky.pl\/sklep\/produkt\/plyta-z-efektem-3d-phantom-sfera-do-kobra-s1-s1-combo\/"]}]},{"@type":"ImageObject","inLanguage":"pl-PL","@id":"https:\/\/ironsky.pl\/sklep\/produkt\/plyta-z-efektem-3d-phantom-sfera-do-kobra-s1-s1-combo\/#primaryimage","url":"https:\/\/ironsky.pl\/sklep\/wp-content\/uploads\/2026\/04\/59676_1.jpg","contentUrl":"https:\/\/ironsky.pl\/sklep\/wp-content\/uploads\/2026\/04\/59676_1.jpg","width":800,"height":800},{"@type":"BreadcrumbList","@id":"https:\/\/ironsky.pl\/sklep\/produkt\/plyta-z-efektem-3d-phantom-sfera-do-kobra-s1-s1-combo\/#breadcrumb","itemListElement":[{"@type":"ListItem","position":1,"name":"Strona g\u0142\u00f3wna","item":"https:\/\/ironsky.pl\/sklep\/"},{"@type":"ListItem","position":2,"name":"Wszystkie produkty","item":"https:\/\/ironsky.pl\/sklep\/produkty\/"},{"@type":"ListItem","position":3,"name":"P\u0142yta z efektem 3D (Phantom + sfera) do Kobra S1\/S1 Combo"}]},{"@type":"WebSite","@id":"https:\/\/ironsky.pl\/sklep\/#website","url":"https:\/\/ironsky.pl\/sklep\/","name":"IRONSKY.PL Sklep z Dronami","description":"IRONSKY.PL Sklep z Dronami","potentialAction":[{"@type":"SearchAction","target":{"@type":"EntryPoint","urlTemplate":"https:\/\/ironsky.pl\/sklep\/?s={search_term_string}"},"query-input":{"@type":"PropertyValueSpecification","valueRequired":true,"valueName":"search_term_string"}}],"inLanguage":"pl-PL"}]}},"_links":{"self":[{"href":"https:\/\/ironsky.pl\/sklep\/wp-json\/wp\/v2\/product\/62284","targetHints":{"allow":["GET"]}}],"collection":[{"href":"https:\/\/ironsky.pl\/sklep\/wp-json\/wp\/v2\/product"}],"about":[{"href":"https:\/\/ironsky.pl\/sklep\/wp-json\/wp\/v2\/types\/product"}],"replies":[{"embeddable":true,"href":"https:\/\/ironsky.pl\/sklep\/wp-json\/wp\/v2\/comments?post=62284"}],"wp:featuredmedia":[{"embeddable":true,"href":"https:\/\/ironsky.pl\/sklep\/wp-json\/wp\/v2\/media\/62285"}],"wp:attachment":[{"href":"https:\/\/ironsky.pl\/sklep\/wp-json\/wp\/v2\/media?parent=62284"}],"wp:term":[{"taxonomy":"product_brand","embeddable":true,"href":"https:\/\/ironsky.pl\/sklep\/wp-json\/wp\/v2\/product_brand?post=62284"},{"taxonomy":"product_cat","embeddable":true,"href":"https:\/\/ironsky.pl\/sklep\/wp-json\/wp\/v2\/product_cat?post=62284"},{"taxonomy":"product_tag","embeddable":true,"href":"https:\/\/ironsky.pl\/sklep\/wp-json\/wp\/v2\/product_tag?post=62284"}],"curies":[{"name":"wp","href":"https:\/\/api.w.org\/{rel}","templated":true}]}}