{"id":62276,"date":"2026-04-15T11:25:46","date_gmt":"2026-04-15T09:25:46","guid":{"rendered":"https:\/\/ironsky.pl\/sklep\/produkt\/szybkowymienny-hotend-anycubic-z-dysza-08-mm-do-kobra-3-combo-v2-v2-combo\/"},"modified":"2026-04-19T22:41:43","modified_gmt":"2026-04-19T20:41:43","slug":"szybkowymienny-hotend-anycubic-z-dysza-08-mm-do-kobra-3-combo-v2-v2-combo","status":"publish","type":"product","link":"https:\/\/ironsky.pl\/sklep\/produkt\/szybkowymienny-hotend-anycubic-z-dysza-08-mm-do-kobra-3-combo-v2-v2-combo\/","title":{"rendered":"Szybkowymienny hotend Anycubic z dysz\u0105 0,8 mm do Kobra 3\/Combo\/V2\/V2 Combo"},"content":{"rendered":"<h3>Szybkowymienny hotend Anycubic z dysz\u0105 0,8 mm do Kobra 3\/Combo\/V2\/V2 Combo<\/h3>\n<p>Szybkowymienny hotend Anycubic z dysz\u0105 0,8 mm to praktyczne rozwi\u0105zanie dla u\u017cytkownik\u00f3w drukarek Kobra 3, Kobra 3 Combo oraz wersji V2 i V2 Combo, kt\u00f3re pozwala szybko przywr\u00f3ci\u0107 urz\u0105dzenie do pracy bez skomplikowanego monta\u017cu. Zastosowanie mosi\u0119\u017cnej dyszy o \u015brednicy 0,8 mm przek\u0142ada si\u0119 na szybsze drukowanie wi\u0119kszych modeli, poniewa\u017c umo\u017cliwia podawanie wi\u0119kszej ilo\u015bci materia\u0142u w kr\u00f3tszym czasie. Konstrukcja zosta\u0142a zaprojektowana tak, aby zapewni\u0107 stabiln\u0105 prac\u0119 i r\u00f3wnomierny przep\u0142yw filamentu, co w efekcie u\u0142atwia uzyskanie powtarzalnych wydruk\u00f3w i ogranicza ryzyko problem\u00f3w podczas codziennego u\u017cytkowania.<\/p>\n<p>\n<img decoding=\"async\" src=\"https:\/\/assets.innpro.pl\/20847\/27675\/1.jpg\" border=\"0\" alt=\"G\u0142owica drukuj\u0105ca z dysz\u0105, blokiem grzejnym, miedzian\u0105 rurk\u0105 oraz przewodami zako\u0144czonymi bia\u0142ymi wtyczkami.\" \/>\n<\/p>\n<div class=\"table-wrapper\">\n<p>\u00a0<\/p>\n<h3><\/h3>\n<table>\n<tbody>\n<tr>\n<th>Producent<\/th>\n<td>Anycubic<\/td>\n<\/tr>\n<tr>\n<th>Kompatybilno\u015b\u0107<\/th>\n<td>Kobra 3; Kobra 3 Combo; Kobra 3 V2; Kobra 3 V2 Combo<\/td>\n<\/tr>\n<tr>\n<th>\u015arednica dyszy<\/th>\n<td>0,6 mm<\/td>\n<\/tr>\n<tr>\n<th>Materia\u0142 dyszy<\/th>\n<td>Mosi\u0105dz<\/td>\n<\/tr>\n<tr>\n<th>Waga<\/th>\n<td>41 g<\/td>\n<\/tr>\n<tr>\n<th>Wymiary opakowania<\/th>\n<td>115 \u00d7 91 \u00d7 26 mm<\/td>\n<\/tr>\n<\/tbody>\n<\/table>\n<\/div>\n","protected":false},"excerpt":{"rendered":"<p>Szybkowymienny hotend Anycubic z dysz\u0105 0,8 mm do Kobra 3\/Combo\/V2\/V2 Combo Szybkowymienny hotend Anycubic z dysz\u0105 0,8 mm to praktyczne<\/p>\n","protected":false},"featured_media":62277,"comment_status":"closed","ping_status":"open","template":"","meta":{"_acf_changed":false},"product_brand":[],"product_cat":[6226,6222,6217],"product_tag":[],"class_list":{"0":"post-62276","1":"product","2":"type-product","3":"status-publish","4":"has-post-thumbnail","6":"product_cat-akcesoria-do-drukarek-3d","7":"product_cat-druk-3d-technologie-kreatywne","8":"product_cat-technologie-kreatywne","9":"pa_okres-gwarancji-5757","10":"pa_producent-anycubic","12":"first","13":"outofstock","14":"taxable","15":"shipping-taxable","16":"purchasable","17":"product-type-simple"},"acf":[],"yoast_head":"<!-- This site is optimized with the Yoast SEO plugin v27.2 - https:\/\/yoast.com\/product\/yoast-seo-wordpress\/ -->\n<title>Szybkowymienny hotend Anycubic z dysz\u0105 0,8 mm do Kobra 3\/Combo\/V2\/V2 Combo - IRONSKY.PL Sklep z Dronami<\/title>\n<meta name=\"description\" content=\"Szybkowymienny hotend Anycubic z dysz\u0105 0,8 mm do Kobra 3\/Combo\/V2\/V2 Combo - \u2705 sklep z dronami i fachowym doradztwem. \u2705 Tutaj kupisz produkty DJI, Yuneec, Parrot, Syma i wiele innych, a tak\u017ce kursy i licencje na operatora drona.\" \/>\n<meta name=\"robots\" content=\"index, follow, max-snippet:-1, max-image-preview:large, max-video-preview:-1\" \/>\n<link rel=\"canonical\" href=\"https:\/\/ironsky.pl\/sklep\/produkt\/szybkowymienny-hotend-anycubic-z-dysza-08-mm-do-kobra-3-combo-v2-v2-combo\/\" \/>\n<meta property=\"og:locale\" content=\"pl_PL\" \/>\n<meta property=\"og:type\" content=\"article\" \/>\n<meta property=\"og:title\" content=\"Szybkowymienny hotend Anycubic z dysz\u0105 0,8 mm do Kobra 3\/Combo\/V2\/V2 Combo - IRONSKY.PL Sklep z Dronami\" \/>\n<meta property=\"og:description\" content=\"Szybkowymienny hotend Anycubic z dysz\u0105 0,8 mm do Kobra 3\/Combo\/V2\/V2 Combo - \u2705 sklep z dronami i fachowym doradztwem. \u2705 Tutaj kupisz produkty DJI, Yuneec, Parrot, Syma i wiele innych, a tak\u017ce kursy i licencje na operatora drona.\" \/>\n<meta property=\"og:url\" content=\"https:\/\/ironsky.pl\/sklep\/produkt\/szybkowymienny-hotend-anycubic-z-dysza-08-mm-do-kobra-3-combo-v2-v2-combo\/\" \/>\n<meta property=\"og:site_name\" content=\"IRONSKY.PL Sklep z Dronami\" \/>\n<meta property=\"article:modified_time\" content=\"2026-04-19T20:41:43+00:00\" \/>\n<meta property=\"og:image\" content=\"https:\/\/ironsky.pl\/sklep\/wp-content\/uploads\/2026\/04\/59674_3.jpg\" \/>\n\t<meta property=\"og:image:width\" content=\"800\" \/>\n\t<meta property=\"og:image:height\" content=\"800\" \/>\n\t<meta property=\"og:image:type\" content=\"image\/jpeg\" \/>\n<meta name=\"twitter:card\" content=\"summary_large_image\" \/>\n<meta name=\"twitter:label1\" content=\"Szacowany czas czytania\" \/>\n\t<meta name=\"twitter:data1\" content=\"1 minuta\" \/>\n<script type=\"application\/ld+json\" class=\"yoast-schema-graph\">{\"@context\":\"https:\/\/schema.org\",\"@graph\":[{\"@type\":\"WebPage\",\"@id\":\"https:\/\/ironsky.pl\/sklep\/produkt\/szybkowymienny-hotend-anycubic-z-dysza-08-mm-do-kobra-3-combo-v2-v2-combo\/\",\"url\":\"https:\/\/ironsky.pl\/sklep\/produkt\/szybkowymienny-hotend-anycubic-z-dysza-08-mm-do-kobra-3-combo-v2-v2-combo\/\",\"name\":\"Szybkowymienny hotend Anycubic z dysz\u0105 0,8 mm do Kobra 3\/Combo\/V2\/V2 Combo - IRONSKY.PL Sklep z Dronami\",\"isPartOf\":{\"@id\":\"https:\/\/ironsky.pl\/sklep\/#website\"},\"primaryImageOfPage\":{\"@id\":\"https:\/\/ironsky.pl\/sklep\/produkt\/szybkowymienny-hotend-anycubic-z-dysza-08-mm-do-kobra-3-combo-v2-v2-combo\/#primaryimage\"},\"image\":{\"@id\":\"https:\/\/ironsky.pl\/sklep\/produkt\/szybkowymienny-hotend-anycubic-z-dysza-08-mm-do-kobra-3-combo-v2-v2-combo\/#primaryimage\"},\"thumbnailUrl\":\"https:\/\/ironsky.pl\/sklep\/wp-content\/uploads\/2026\/04\/59674_3.jpg\",\"datePublished\":\"2026-04-15T09:25:46+00:00\",\"dateModified\":\"2026-04-19T20:41:43+00:00\",\"description\":\"Szybkowymienny hotend Anycubic z dysz\u0105 0,8 mm do Kobra 3\/Combo\/V2\/V2 Combo - \u2705 sklep z dronami i fachowym doradztwem. \u2705 Tutaj kupisz produkty DJI, Yuneec, Parrot, Syma i wiele innych, a tak\u017ce kursy i licencje na operatora drona.\",\"breadcrumb\":{\"@id\":\"https:\/\/ironsky.pl\/sklep\/produkt\/szybkowymienny-hotend-anycubic-z-dysza-08-mm-do-kobra-3-combo-v2-v2-combo\/#breadcrumb\"},\"inLanguage\":\"pl-PL\",\"potentialAction\":[{\"@type\":\"ReadAction\",\"target\":[\"https:\/\/ironsky.pl\/sklep\/produkt\/szybkowymienny-hotend-anycubic-z-dysza-08-mm-do-kobra-3-combo-v2-v2-combo\/\"]}]},{\"@type\":\"ImageObject\",\"inLanguage\":\"pl-PL\",\"@id\":\"https:\/\/ironsky.pl\/sklep\/produkt\/szybkowymienny-hotend-anycubic-z-dysza-08-mm-do-kobra-3-combo-v2-v2-combo\/#primaryimage\",\"url\":\"https:\/\/ironsky.pl\/sklep\/wp-content\/uploads\/2026\/04\/59674_3.jpg\",\"contentUrl\":\"https:\/\/ironsky.pl\/sklep\/wp-content\/uploads\/2026\/04\/59674_3.jpg\",\"width\":800,\"height\":800},{\"@type\":\"BreadcrumbList\",\"@id\":\"https:\/\/ironsky.pl\/sklep\/produkt\/szybkowymienny-hotend-anycubic-z-dysza-08-mm-do-kobra-3-combo-v2-v2-combo\/#breadcrumb\",\"itemListElement\":[{\"@type\":\"ListItem\",\"position\":1,\"name\":\"Strona g\u0142\u00f3wna\",\"item\":\"https:\/\/ironsky.pl\/sklep\/\"},{\"@type\":\"ListItem\",\"position\":2,\"name\":\"Wszystkie produkty\",\"item\":\"https:\/\/ironsky.pl\/sklep\/produkty\/\"},{\"@type\":\"ListItem\",\"position\":3,\"name\":\"Szybkowymienny hotend Anycubic z dysz\u0105 0,8 mm do Kobra 3\/Combo\/V2\/V2 Combo\"}]},{\"@type\":\"WebSite\",\"@id\":\"https:\/\/ironsky.pl\/sklep\/#website\",\"url\":\"https:\/\/ironsky.pl\/sklep\/\",\"name\":\"IRONSKY.PL Sklep z Dronami\",\"description\":\"IRONSKY.PL Sklep z Dronami\",\"potentialAction\":[{\"@type\":\"SearchAction\",\"target\":{\"@type\":\"EntryPoint\",\"urlTemplate\":\"https:\/\/ironsky.pl\/sklep\/?s={search_term_string}\"},\"query-input\":{\"@type\":\"PropertyValueSpecification\",\"valueRequired\":true,\"valueName\":\"search_term_string\"}}],\"inLanguage\":\"pl-PL\"}]}<\/script>\n<!-- \/ Yoast SEO plugin. -->","yoast_head_json":{"title":"Szybkowymienny hotend Anycubic z dysz\u0105 0,8 mm do Kobra 3\/Combo\/V2\/V2 Combo - IRONSKY.PL Sklep z Dronami","description":"Szybkowymienny hotend Anycubic z dysz\u0105 0,8 mm do Kobra 3\/Combo\/V2\/V2 Combo - \u2705 sklep z dronami i fachowym doradztwem. \u2705 Tutaj kupisz produkty DJI, Yuneec, Parrot, Syma i wiele innych, a tak\u017ce kursy i licencje na operatora drona.","robots":{"index":"index","follow":"follow","max-snippet":"max-snippet:-1","max-image-preview":"max-image-preview:large","max-video-preview":"max-video-preview:-1"},"canonical":"https:\/\/ironsky.pl\/sklep\/produkt\/szybkowymienny-hotend-anycubic-z-dysza-08-mm-do-kobra-3-combo-v2-v2-combo\/","og_locale":"pl_PL","og_type":"article","og_title":"Szybkowymienny hotend Anycubic z dysz\u0105 0,8 mm do Kobra 3\/Combo\/V2\/V2 Combo - IRONSKY.PL Sklep z Dronami","og_description":"Szybkowymienny hotend Anycubic z dysz\u0105 0,8 mm do Kobra 3\/Combo\/V2\/V2 Combo - \u2705 sklep z dronami i fachowym doradztwem. \u2705 Tutaj kupisz produkty DJI, Yuneec, Parrot, Syma i wiele innych, a tak\u017ce kursy i licencje na operatora drona.","og_url":"https:\/\/ironsky.pl\/sklep\/produkt\/szybkowymienny-hotend-anycubic-z-dysza-08-mm-do-kobra-3-combo-v2-v2-combo\/","og_site_name":"IRONSKY.PL Sklep z Dronami","article_modified_time":"2026-04-19T20:41:43+00:00","og_image":[{"width":800,"height":800,"url":"https:\/\/ironsky.pl\/sklep\/wp-content\/uploads\/2026\/04\/59674_3.jpg","type":"image\/jpeg"}],"twitter_card":"summary_large_image","twitter_misc":{"Szacowany czas czytania":"1 minuta"},"schema":{"@context":"https:\/\/schema.org","@graph":[{"@type":"WebPage","@id":"https:\/\/ironsky.pl\/sklep\/produkt\/szybkowymienny-hotend-anycubic-z-dysza-08-mm-do-kobra-3-combo-v2-v2-combo\/","url":"https:\/\/ironsky.pl\/sklep\/produkt\/szybkowymienny-hotend-anycubic-z-dysza-08-mm-do-kobra-3-combo-v2-v2-combo\/","name":"Szybkowymienny hotend Anycubic z dysz\u0105 0,8 mm do Kobra 3\/Combo\/V2\/V2 Combo - IRONSKY.PL Sklep z Dronami","isPartOf":{"@id":"https:\/\/ironsky.pl\/sklep\/#website"},"primaryImageOfPage":{"@id":"https:\/\/ironsky.pl\/sklep\/produkt\/szybkowymienny-hotend-anycubic-z-dysza-08-mm-do-kobra-3-combo-v2-v2-combo\/#primaryimage"},"image":{"@id":"https:\/\/ironsky.pl\/sklep\/produkt\/szybkowymienny-hotend-anycubic-z-dysza-08-mm-do-kobra-3-combo-v2-v2-combo\/#primaryimage"},"thumbnailUrl":"https:\/\/ironsky.pl\/sklep\/wp-content\/uploads\/2026\/04\/59674_3.jpg","datePublished":"2026-04-15T09:25:46+00:00","dateModified":"2026-04-19T20:41:43+00:00","description":"Szybkowymienny hotend Anycubic z dysz\u0105 0,8 mm do Kobra 3\/Combo\/V2\/V2 Combo - \u2705 sklep z dronami i fachowym doradztwem. \u2705 Tutaj kupisz produkty DJI, Yuneec, Parrot, Syma i wiele innych, a tak\u017ce kursy i licencje na operatora drona.","breadcrumb":{"@id":"https:\/\/ironsky.pl\/sklep\/produkt\/szybkowymienny-hotend-anycubic-z-dysza-08-mm-do-kobra-3-combo-v2-v2-combo\/#breadcrumb"},"inLanguage":"pl-PL","potentialAction":[{"@type":"ReadAction","target":["https:\/\/ironsky.pl\/sklep\/produkt\/szybkowymienny-hotend-anycubic-z-dysza-08-mm-do-kobra-3-combo-v2-v2-combo\/"]}]},{"@type":"ImageObject","inLanguage":"pl-PL","@id":"https:\/\/ironsky.pl\/sklep\/produkt\/szybkowymienny-hotend-anycubic-z-dysza-08-mm-do-kobra-3-combo-v2-v2-combo\/#primaryimage","url":"https:\/\/ironsky.pl\/sklep\/wp-content\/uploads\/2026\/04\/59674_3.jpg","contentUrl":"https:\/\/ironsky.pl\/sklep\/wp-content\/uploads\/2026\/04\/59674_3.jpg","width":800,"height":800},{"@type":"BreadcrumbList","@id":"https:\/\/ironsky.pl\/sklep\/produkt\/szybkowymienny-hotend-anycubic-z-dysza-08-mm-do-kobra-3-combo-v2-v2-combo\/#breadcrumb","itemListElement":[{"@type":"ListItem","position":1,"name":"Strona g\u0142\u00f3wna","item":"https:\/\/ironsky.pl\/sklep\/"},{"@type":"ListItem","position":2,"name":"Wszystkie produkty","item":"https:\/\/ironsky.pl\/sklep\/produkty\/"},{"@type":"ListItem","position":3,"name":"Szybkowymienny hotend Anycubic z dysz\u0105 0,8 mm do Kobra 3\/Combo\/V2\/V2 Combo"}]},{"@type":"WebSite","@id":"https:\/\/ironsky.pl\/sklep\/#website","url":"https:\/\/ironsky.pl\/sklep\/","name":"IRONSKY.PL Sklep z Dronami","description":"IRONSKY.PL Sklep z Dronami","potentialAction":[{"@type":"SearchAction","target":{"@type":"EntryPoint","urlTemplate":"https:\/\/ironsky.pl\/sklep\/?s={search_term_string}"},"query-input":{"@type":"PropertyValueSpecification","valueRequired":true,"valueName":"search_term_string"}}],"inLanguage":"pl-PL"}]}},"_links":{"self":[{"href":"https:\/\/ironsky.pl\/sklep\/wp-json\/wp\/v2\/product\/62276","targetHints":{"allow":["GET"]}}],"collection":[{"href":"https:\/\/ironsky.pl\/sklep\/wp-json\/wp\/v2\/product"}],"about":[{"href":"https:\/\/ironsky.pl\/sklep\/wp-json\/wp\/v2\/types\/product"}],"replies":[{"embeddable":true,"href":"https:\/\/ironsky.pl\/sklep\/wp-json\/wp\/v2\/comments?post=62276"}],"wp:featuredmedia":[{"embeddable":true,"href":"https:\/\/ironsky.pl\/sklep\/wp-json\/wp\/v2\/media\/62277"}],"wp:attachment":[{"href":"https:\/\/ironsky.pl\/sklep\/wp-json\/wp\/v2\/media?parent=62276"}],"wp:term":[{"taxonomy":"product_brand","embeddable":true,"href":"https:\/\/ironsky.pl\/sklep\/wp-json\/wp\/v2\/product_brand?post=62276"},{"taxonomy":"product_cat","embeddable":true,"href":"https:\/\/ironsky.pl\/sklep\/wp-json\/wp\/v2\/product_cat?post=62276"},{"taxonomy":"product_tag","embeddable":true,"href":"https:\/\/ironsky.pl\/sklep\/wp-json\/wp\/v2\/product_tag?post=62276"}],"curies":[{"name":"wp","href":"https:\/\/api.w.org\/{rel}","templated":true}]}}