{"id":62259,"date":"2026-04-15T11:25:46","date_gmt":"2026-04-15T09:25:46","guid":{"rendered":"https:\/\/ironsky.pl\/sklep\/produkt\/kamera-anycubic-do-kobra-3-3-combo-3-max-3-max-combo\/"},"modified":"2026-04-25T07:29:31","modified_gmt":"2026-04-25T05:29:31","slug":"kamera-anycubic-do-kobra-3-3-combo-3-max-3-max-combo","status":"publish","type":"product","link":"https:\/\/ironsky.pl\/sklep\/produkt\/kamera-anycubic-do-kobra-3-3-combo-3-max-3-max-combo\/","title":{"rendered":"Kamera  Anycubic do Kobra 3\/3 Combo\/3 Max\/3 Max Combo"},"content":{"rendered":"<h3>Kamera  Anycubic do Kobra 3\/3 Combo\/3 Max\/3 Max Combo<\/h3>\n<p>Kamera Anycubic przeznaczona do modeli Kobra 3, Kobra 3 Combo, Kobra 3 Max oraz Kobra 3 Max Combo to praktyczne rozszerzenie mo\u017cliwo\u015bci drukarki, kt\u00f3re pozwala na wygodne monitorowanie procesu druku w czasie rzeczywistym. Dzi\u0119ki rozdzielczo\u015bci 720p obraz jest wystarczaj\u0105co czytelny, aby szybko wychwyci\u0107 ewentualne b\u0142\u0119dy lub post\u0119p pracy bez konieczno\u015bci podchodzenia do urz\u0105dzenia. To rozwi\u0105zanie sprawdza si\u0119 szczeg\u00f3lnie przy d\u0142u\u017cszych wydrukach, gdzie sta\u0142a kontrola daje wi\u0119ksze poczucie bezpiecze\u0144stwa i pozwala oszcz\u0119dzi\u0107 czas.<\/p>\n<p>\n<img decoding=\"async\" src=\"https:\/\/assets.innpro.pl\/20837\/27664\/3.jpg\" border=\"0\" alt=\"Czujnik z dwiema ma\u0142ymi lampkami i okr\u0105g\u0142ym elementem, po\u0142\u0105czony z czarnym przewodem z kolorowymi ko\u0144c\u00f3wkami i \u015brubk\u0105.\" \/>\n<\/p>\n<div class=\"table-wrapper\">\n<p>\u00a0<\/p>\n<h3><\/h3>\n<table>\n<tbody>\n<tr>\n<th>Producent<\/th>\n<td>Anycubic<\/td>\n<\/tr>\n<tr>\n<th>Kompatybilno\u015b\u0107<\/th>\n<td>Anycubic Kobra 3, Kobra 3 Combo, Kobra 3 Max, Kobra 3 Max Combo<\/td>\n<\/tr>\n<tr>\n<th>Funkcja LED<\/th>\n<td>tak<\/td>\n<\/tr>\n<tr>\n<th>Wymiary opakowania<\/th>\n<td>51 \u00d7 138 \u00d7 28 mm<\/td>\n<\/tr>\n<tr>\n<th>Waga<\/th>\n<td>50 g<\/td>\n<\/tr>\n<tr>\n<th>Rozdzielczo\u015b\u0107 kamery<\/th>\n<td>720p<\/td>\n<\/tr>\n<\/tbody>\n<\/table>\n<\/div>\n","protected":false},"excerpt":{"rendered":"<p>Kamera Anycubic do Kobra 3\/3 Combo\/3 Max\/3 Max Combo Kamera Anycubic przeznaczona do modeli Kobra 3, Kobra 3 Combo, Kobra<\/p>\n","protected":false},"featured_media":62260,"comment_status":"closed","ping_status":"open","template":"","meta":{"_acf_changed":false},"product_brand":[],"product_cat":[6226,6222,6217],"product_tag":[],"class_list":{"0":"post-62259","1":"product","2":"type-product","3":"status-publish","4":"has-post-thumbnail","6":"product_cat-akcesoria-do-drukarek-3d","7":"product_cat-druk-3d-technologie-kreatywne","8":"product_cat-technologie-kreatywne","9":"pa_okres-gwarancji-5757","10":"pa_producent-anycubic","12":"first","13":"outofstock","14":"taxable","15":"shipping-taxable","16":"purchasable","17":"product-type-simple"},"acf":[],"yoast_head":"<!-- This site is optimized with the Yoast SEO plugin v27.2 - https:\/\/yoast.com\/product\/yoast-seo-wordpress\/ -->\n<title>Kamera Anycubic do Kobra 3\/3 Combo\/3 Max\/3 Max Combo - IRONSKY.PL Sklep z Dronami<\/title>\n<meta name=\"description\" content=\"Kamera Anycubic do Kobra 3\/3 Combo\/3 Max\/3 Max Combo - \u2705 sklep z dronami i fachowym doradztwem. \u2705 Tutaj kupisz produkty DJI, Yuneec, Parrot, Syma i wiele innych, a tak\u017ce kursy i licencje na operatora drona.\" \/>\n<meta name=\"robots\" content=\"index, follow, max-snippet:-1, max-image-preview:large, max-video-preview:-1\" \/>\n<link rel=\"canonical\" href=\"https:\/\/ironsky.pl\/sklep\/produkt\/kamera-anycubic-do-kobra-3-3-combo-3-max-3-max-combo\/\" \/>\n<meta property=\"og:locale\" content=\"pl_PL\" \/>\n<meta property=\"og:type\" content=\"article\" \/>\n<meta property=\"og:title\" content=\"Kamera Anycubic do Kobra 3\/3 Combo\/3 Max\/3 Max Combo - IRONSKY.PL Sklep z Dronami\" \/>\n<meta property=\"og:description\" content=\"Kamera Anycubic do Kobra 3\/3 Combo\/3 Max\/3 Max Combo - \u2705 sklep z dronami i fachowym doradztwem. \u2705 Tutaj kupisz produkty DJI, Yuneec, Parrot, Syma i wiele innych, a tak\u017ce kursy i licencje na operatora drona.\" \/>\n<meta property=\"og:url\" content=\"https:\/\/ironsky.pl\/sklep\/produkt\/kamera-anycubic-do-kobra-3-3-combo-3-max-3-max-combo\/\" \/>\n<meta property=\"og:site_name\" content=\"IRONSKY.PL Sklep z Dronami\" \/>\n<meta property=\"article:modified_time\" content=\"2026-04-25T05:29:31+00:00\" \/>\n<meta property=\"og:image\" content=\"https:\/\/ironsky.pl\/sklep\/wp-content\/uploads\/2026\/04\/59670_1.jpg\" \/>\n\t<meta property=\"og:image:width\" content=\"800\" \/>\n\t<meta property=\"og:image:height\" content=\"800\" \/>\n\t<meta property=\"og:image:type\" content=\"image\/jpeg\" \/>\n<meta name=\"twitter:card\" content=\"summary_large_image\" \/>\n<meta name=\"twitter:label1\" content=\"Szacowany czas czytania\" \/>\n\t<meta name=\"twitter:data1\" content=\"1 minuta\" \/>\n<script type=\"application\/ld+json\" class=\"yoast-schema-graph\">{\"@context\":\"https:\/\/schema.org\",\"@graph\":[{\"@type\":\"WebPage\",\"@id\":\"https:\/\/ironsky.pl\/sklep\/produkt\/kamera-anycubic-do-kobra-3-3-combo-3-max-3-max-combo\/\",\"url\":\"https:\/\/ironsky.pl\/sklep\/produkt\/kamera-anycubic-do-kobra-3-3-combo-3-max-3-max-combo\/\",\"name\":\"Kamera Anycubic do Kobra 3\/3 Combo\/3 Max\/3 Max Combo - IRONSKY.PL Sklep z Dronami\",\"isPartOf\":{\"@id\":\"https:\/\/ironsky.pl\/sklep\/#website\"},\"primaryImageOfPage\":{\"@id\":\"https:\/\/ironsky.pl\/sklep\/produkt\/kamera-anycubic-do-kobra-3-3-combo-3-max-3-max-combo\/#primaryimage\"},\"image\":{\"@id\":\"https:\/\/ironsky.pl\/sklep\/produkt\/kamera-anycubic-do-kobra-3-3-combo-3-max-3-max-combo\/#primaryimage\"},\"thumbnailUrl\":\"https:\/\/ironsky.pl\/sklep\/wp-content\/uploads\/2026\/04\/59670_1.jpg\",\"datePublished\":\"2026-04-15T09:25:46+00:00\",\"dateModified\":\"2026-04-25T05:29:31+00:00\",\"description\":\"Kamera Anycubic do Kobra 3\/3 Combo\/3 Max\/3 Max Combo - \u2705 sklep z dronami i fachowym doradztwem. \u2705 Tutaj kupisz produkty DJI, Yuneec, Parrot, Syma i wiele innych, a tak\u017ce kursy i licencje na operatora drona.\",\"breadcrumb\":{\"@id\":\"https:\/\/ironsky.pl\/sklep\/produkt\/kamera-anycubic-do-kobra-3-3-combo-3-max-3-max-combo\/#breadcrumb\"},\"inLanguage\":\"pl-PL\",\"potentialAction\":[{\"@type\":\"ReadAction\",\"target\":[\"https:\/\/ironsky.pl\/sklep\/produkt\/kamera-anycubic-do-kobra-3-3-combo-3-max-3-max-combo\/\"]}]},{\"@type\":\"ImageObject\",\"inLanguage\":\"pl-PL\",\"@id\":\"https:\/\/ironsky.pl\/sklep\/produkt\/kamera-anycubic-do-kobra-3-3-combo-3-max-3-max-combo\/#primaryimage\",\"url\":\"https:\/\/ironsky.pl\/sklep\/wp-content\/uploads\/2026\/04\/59670_1.jpg\",\"contentUrl\":\"https:\/\/ironsky.pl\/sklep\/wp-content\/uploads\/2026\/04\/59670_1.jpg\",\"width\":800,\"height\":800},{\"@type\":\"BreadcrumbList\",\"@id\":\"https:\/\/ironsky.pl\/sklep\/produkt\/kamera-anycubic-do-kobra-3-3-combo-3-max-3-max-combo\/#breadcrumb\",\"itemListElement\":[{\"@type\":\"ListItem\",\"position\":1,\"name\":\"Strona g\u0142\u00f3wna\",\"item\":\"https:\/\/ironsky.pl\/sklep\/\"},{\"@type\":\"ListItem\",\"position\":2,\"name\":\"Wszystkie produkty\",\"item\":\"https:\/\/ironsky.pl\/sklep\/produkty\/\"},{\"@type\":\"ListItem\",\"position\":3,\"name\":\"Kamera Anycubic do Kobra 3\/3 Combo\/3 Max\/3 Max Combo\"}]},{\"@type\":\"WebSite\",\"@id\":\"https:\/\/ironsky.pl\/sklep\/#website\",\"url\":\"https:\/\/ironsky.pl\/sklep\/\",\"name\":\"IRONSKY.PL Sklep z Dronami\",\"description\":\"IRONSKY.PL Sklep z Dronami\",\"potentialAction\":[{\"@type\":\"SearchAction\",\"target\":{\"@type\":\"EntryPoint\",\"urlTemplate\":\"https:\/\/ironsky.pl\/sklep\/?s={search_term_string}\"},\"query-input\":{\"@type\":\"PropertyValueSpecification\",\"valueRequired\":true,\"valueName\":\"search_term_string\"}}],\"inLanguage\":\"pl-PL\"}]}<\/script>\n<!-- \/ Yoast SEO plugin. -->","yoast_head_json":{"title":"Kamera Anycubic do Kobra 3\/3 Combo\/3 Max\/3 Max Combo - IRONSKY.PL Sklep z Dronami","description":"Kamera Anycubic do Kobra 3\/3 Combo\/3 Max\/3 Max Combo - \u2705 sklep z dronami i fachowym doradztwem. \u2705 Tutaj kupisz produkty DJI, Yuneec, Parrot, Syma i wiele innych, a tak\u017ce kursy i licencje na operatora drona.","robots":{"index":"index","follow":"follow","max-snippet":"max-snippet:-1","max-image-preview":"max-image-preview:large","max-video-preview":"max-video-preview:-1"},"canonical":"https:\/\/ironsky.pl\/sklep\/produkt\/kamera-anycubic-do-kobra-3-3-combo-3-max-3-max-combo\/","og_locale":"pl_PL","og_type":"article","og_title":"Kamera Anycubic do Kobra 3\/3 Combo\/3 Max\/3 Max Combo - IRONSKY.PL Sklep z Dronami","og_description":"Kamera Anycubic do Kobra 3\/3 Combo\/3 Max\/3 Max Combo - \u2705 sklep z dronami i fachowym doradztwem. \u2705 Tutaj kupisz produkty DJI, Yuneec, Parrot, Syma i wiele innych, a tak\u017ce kursy i licencje na operatora drona.","og_url":"https:\/\/ironsky.pl\/sklep\/produkt\/kamera-anycubic-do-kobra-3-3-combo-3-max-3-max-combo\/","og_site_name":"IRONSKY.PL Sklep z Dronami","article_modified_time":"2026-04-25T05:29:31+00:00","og_image":[{"width":800,"height":800,"url":"https:\/\/ironsky.pl\/sklep\/wp-content\/uploads\/2026\/04\/59670_1.jpg","type":"image\/jpeg"}],"twitter_card":"summary_large_image","twitter_misc":{"Szacowany czas czytania":"1 minuta"},"schema":{"@context":"https:\/\/schema.org","@graph":[{"@type":"WebPage","@id":"https:\/\/ironsky.pl\/sklep\/produkt\/kamera-anycubic-do-kobra-3-3-combo-3-max-3-max-combo\/","url":"https:\/\/ironsky.pl\/sklep\/produkt\/kamera-anycubic-do-kobra-3-3-combo-3-max-3-max-combo\/","name":"Kamera Anycubic do Kobra 3\/3 Combo\/3 Max\/3 Max Combo - IRONSKY.PL Sklep z Dronami","isPartOf":{"@id":"https:\/\/ironsky.pl\/sklep\/#website"},"primaryImageOfPage":{"@id":"https:\/\/ironsky.pl\/sklep\/produkt\/kamera-anycubic-do-kobra-3-3-combo-3-max-3-max-combo\/#primaryimage"},"image":{"@id":"https:\/\/ironsky.pl\/sklep\/produkt\/kamera-anycubic-do-kobra-3-3-combo-3-max-3-max-combo\/#primaryimage"},"thumbnailUrl":"https:\/\/ironsky.pl\/sklep\/wp-content\/uploads\/2026\/04\/59670_1.jpg","datePublished":"2026-04-15T09:25:46+00:00","dateModified":"2026-04-25T05:29:31+00:00","description":"Kamera Anycubic do Kobra 3\/3 Combo\/3 Max\/3 Max Combo - \u2705 sklep z dronami i fachowym doradztwem. \u2705 Tutaj kupisz produkty DJI, Yuneec, Parrot, Syma i wiele innych, a tak\u017ce kursy i licencje na operatora drona.","breadcrumb":{"@id":"https:\/\/ironsky.pl\/sklep\/produkt\/kamera-anycubic-do-kobra-3-3-combo-3-max-3-max-combo\/#breadcrumb"},"inLanguage":"pl-PL","potentialAction":[{"@type":"ReadAction","target":["https:\/\/ironsky.pl\/sklep\/produkt\/kamera-anycubic-do-kobra-3-3-combo-3-max-3-max-combo\/"]}]},{"@type":"ImageObject","inLanguage":"pl-PL","@id":"https:\/\/ironsky.pl\/sklep\/produkt\/kamera-anycubic-do-kobra-3-3-combo-3-max-3-max-combo\/#primaryimage","url":"https:\/\/ironsky.pl\/sklep\/wp-content\/uploads\/2026\/04\/59670_1.jpg","contentUrl":"https:\/\/ironsky.pl\/sklep\/wp-content\/uploads\/2026\/04\/59670_1.jpg","width":800,"height":800},{"@type":"BreadcrumbList","@id":"https:\/\/ironsky.pl\/sklep\/produkt\/kamera-anycubic-do-kobra-3-3-combo-3-max-3-max-combo\/#breadcrumb","itemListElement":[{"@type":"ListItem","position":1,"name":"Strona g\u0142\u00f3wna","item":"https:\/\/ironsky.pl\/sklep\/"},{"@type":"ListItem","position":2,"name":"Wszystkie produkty","item":"https:\/\/ironsky.pl\/sklep\/produkty\/"},{"@type":"ListItem","position":3,"name":"Kamera Anycubic do Kobra 3\/3 Combo\/3 Max\/3 Max Combo"}]},{"@type":"WebSite","@id":"https:\/\/ironsky.pl\/sklep\/#website","url":"https:\/\/ironsky.pl\/sklep\/","name":"IRONSKY.PL Sklep z Dronami","description":"IRONSKY.PL Sklep z Dronami","potentialAction":[{"@type":"SearchAction","target":{"@type":"EntryPoint","urlTemplate":"https:\/\/ironsky.pl\/sklep\/?s={search_term_string}"},"query-input":{"@type":"PropertyValueSpecification","valueRequired":true,"valueName":"search_term_string"}}],"inLanguage":"pl-PL"}]}},"_links":{"self":[{"href":"https:\/\/ironsky.pl\/sklep\/wp-json\/wp\/v2\/product\/62259","targetHints":{"allow":["GET"]}}],"collection":[{"href":"https:\/\/ironsky.pl\/sklep\/wp-json\/wp\/v2\/product"}],"about":[{"href":"https:\/\/ironsky.pl\/sklep\/wp-json\/wp\/v2\/types\/product"}],"replies":[{"embeddable":true,"href":"https:\/\/ironsky.pl\/sklep\/wp-json\/wp\/v2\/comments?post=62259"}],"wp:featuredmedia":[{"embeddable":true,"href":"https:\/\/ironsky.pl\/sklep\/wp-json\/wp\/v2\/media\/62260"}],"wp:attachment":[{"href":"https:\/\/ironsky.pl\/sklep\/wp-json\/wp\/v2\/media?parent=62259"}],"wp:term":[{"taxonomy":"product_brand","embeddable":true,"href":"https:\/\/ironsky.pl\/sklep\/wp-json\/wp\/v2\/product_brand?post=62259"},{"taxonomy":"product_cat","embeddable":true,"href":"https:\/\/ironsky.pl\/sklep\/wp-json\/wp\/v2\/product_cat?post=62259"},{"taxonomy":"product_tag","embeddable":true,"href":"https:\/\/ironsky.pl\/sklep\/wp-json\/wp\/v2\/product_tag?post=62259"}],"curies":[{"name":"wp","href":"https:\/\/api.w.org\/{rel}","templated":true}]}}