{"id":62150,"date":"2026-04-15T11:24:20","date_gmt":"2026-04-15T09:24:20","guid":{"rendered":"https:\/\/ironsky.pl\/sklep\/produkt\/gladka-plyta-robocza-anycubic-do-kobra-3-combo-v2-v2-combo\/"},"modified":"2026-04-26T13:30:10","modified_gmt":"2026-04-26T11:30:10","slug":"gladka-plyta-robocza-anycubic-do-kobra-3-combo-v2-v2-combo","status":"publish","type":"product","link":"https:\/\/ironsky.pl\/sklep\/produkt\/gladka-plyta-robocza-anycubic-do-kobra-3-combo-v2-v2-combo\/","title":{"rendered":"G\u0142adka p\u0142yta robocza Anycubic do Kobra 3\/Combo\/V2\/V2 Combo"},"content":{"rendered":"<h3>G\u0142adka p\u0142yta robocza Anycubic do Kobra 3\/Combo\/V2\/V2 Combo<\/h3>\n<p>Kobra 3 Combo oraz Kobra 3 V2 i V2 Combo, dzi\u0119ki czemu zapewnia pe\u0142ne dopasowanie i bezproblemowy monta\u017c. Dwustronna pow\u0142oka PEI w po\u0142\u0105czeniu ze stal\u0105 spr\u0119\u017cynow\u0105 przek\u0142ada si\u0119 na wi\u0119ksz\u0105 trwa\u0142o\u015b\u0107 oraz odporno\u015b\u0107 na wysokie temperatury, co ma znaczenie przy intensywnym u\u017cytkowaniu. G\u0142adka powierzchnia robocza wp\u0142ywa na jako\u015b\u0107 pierwszej warstwy, dzi\u0119ki czemu wydruki s\u0105 bardziej estetyczne i dok\u0142adne. P\u0142yta wsp\u00f3\u0142pracuje z materia\u0142ami takimi jak PLA, PETG, ABS czy TPU, co pozwala na jej wykorzystanie zar\u00f3wno w prostych, jak i bardziej wymagaj\u0105cych projektach.<\/p>\n<p>\n<img decoding=\"async\" src=\"https:\/\/assets.innpro.pl\/20792\/27613\/1.jpg\" border=\"0\" alt=\"Czarna, g\u0142adka p\u0142yta magnetyczna do drukarki z napisami Anycubic na kraw\u0119dziach oraz oznaczeniami typ\u00f3w tworzyw.\" \/>\n<\/p>\n<div class=\"table-wrapper\">\n<p>\u00a0<\/p>\n<h3><\/h3>\n<table>\n<tbody>\n<tr>\n<th>Producent<\/th>\n<td>Anycubic<\/td>\n<\/tr>\n<tr>\n<th>Kompatybilno\u015b\u0107<\/th>\n<td>Kobra 3; Kobra 3 Combo; Kobra 3 V2; Kobra 3 V2 Combo<\/td>\n<\/tr>\n<tr>\n<th>Powierzchnia<\/th>\n<td>G\u0142adka<\/td>\n<\/tr>\n<tr>\n<th>Pow\u0142oka<\/th>\n<td>PEI<\/td>\n<\/tr>\n<\/tbody>\n<\/table>\n<\/div>\n","protected":false},"excerpt":{"rendered":"<p>G\u0142adka p\u0142yta robocza Anycubic do Kobra 3\/Combo\/V2\/V2 Combo Kobra 3 Combo oraz Kobra 3 V2 i V2 Combo, dzi\u0119ki czemu<\/p>\n","protected":false},"featured_media":62151,"comment_status":"closed","ping_status":"open","template":"","meta":{"_acf_changed":false},"product_brand":[],"product_cat":[6226,6222,6217],"product_tag":[],"class_list":{"0":"post-62150","1":"product","2":"type-product","3":"status-publish","4":"has-post-thumbnail","6":"product_cat-akcesoria-do-drukarek-3d","7":"product_cat-druk-3d-technologie-kreatywne","8":"product_cat-technologie-kreatywne","9":"pa_okres-gwarancji-5757","10":"pa_producent-anycubic","12":"first","13":"outofstock","14":"taxable","15":"shipping-taxable","16":"purchasable","17":"product-type-simple"},"acf":[],"yoast_head":"<!-- This site is optimized with the Yoast SEO plugin v27.2 - https:\/\/yoast.com\/product\/yoast-seo-wordpress\/ -->\n<title>G\u0142adka p\u0142yta robocza Anycubic do Kobra 3\/Combo\/V2\/V2 Combo - IRONSKY.PL Sklep z Dronami<\/title>\n<meta name=\"description\" content=\"G\u0142adka p\u0142yta robocza Anycubic do Kobra 3\/Combo\/V2\/V2 Combo - \u2705 sklep z dronami i fachowym doradztwem. \u2705 Tutaj kupisz produkty DJI, Yuneec, Parrot, Syma i wiele innych, a tak\u017ce kursy i licencje na operatora drona.\" \/>\n<meta name=\"robots\" content=\"index, follow, max-snippet:-1, max-image-preview:large, max-video-preview:-1\" \/>\n<link rel=\"canonical\" href=\"https:\/\/ironsky.pl\/sklep\/produkt\/gladka-plyta-robocza-anycubic-do-kobra-3-combo-v2-v2-combo\/\" \/>\n<meta property=\"og:locale\" content=\"pl_PL\" \/>\n<meta property=\"og:type\" content=\"article\" \/>\n<meta property=\"og:title\" content=\"G\u0142adka p\u0142yta robocza Anycubic do Kobra 3\/Combo\/V2\/V2 Combo - IRONSKY.PL Sklep z Dronami\" \/>\n<meta property=\"og:description\" content=\"G\u0142adka p\u0142yta robocza Anycubic do Kobra 3\/Combo\/V2\/V2 Combo - \u2705 sklep z dronami i fachowym doradztwem. \u2705 Tutaj kupisz produkty DJI, Yuneec, Parrot, Syma i wiele innych, a tak\u017ce kursy i licencje na operatora drona.\" \/>\n<meta property=\"og:url\" content=\"https:\/\/ironsky.pl\/sklep\/produkt\/gladka-plyta-robocza-anycubic-do-kobra-3-combo-v2-v2-combo\/\" \/>\n<meta property=\"og:site_name\" content=\"IRONSKY.PL Sklep z Dronami\" \/>\n<meta property=\"article:modified_time\" content=\"2026-04-26T11:30:10+00:00\" \/>\n<meta property=\"og:image\" content=\"https:\/\/ironsky.pl\/sklep\/wp-content\/uploads\/2026\/04\/59645_1.jpg\" \/>\n\t<meta property=\"og:image:width\" content=\"800\" \/>\n\t<meta property=\"og:image:height\" content=\"800\" \/>\n\t<meta property=\"og:image:type\" content=\"image\/jpeg\" \/>\n<meta name=\"twitter:card\" content=\"summary_large_image\" \/>\n<meta name=\"twitter:label1\" content=\"Szacowany czas czytania\" \/>\n\t<meta name=\"twitter:data1\" content=\"1 minuta\" \/>\n<script type=\"application\/ld+json\" class=\"yoast-schema-graph\">{\"@context\":\"https:\/\/schema.org\",\"@graph\":[{\"@type\":\"WebPage\",\"@id\":\"https:\/\/ironsky.pl\/sklep\/produkt\/gladka-plyta-robocza-anycubic-do-kobra-3-combo-v2-v2-combo\/\",\"url\":\"https:\/\/ironsky.pl\/sklep\/produkt\/gladka-plyta-robocza-anycubic-do-kobra-3-combo-v2-v2-combo\/\",\"name\":\"G\u0142adka p\u0142yta robocza Anycubic do Kobra 3\/Combo\/V2\/V2 Combo - IRONSKY.PL Sklep z Dronami\",\"isPartOf\":{\"@id\":\"https:\/\/ironsky.pl\/sklep\/#website\"},\"primaryImageOfPage\":{\"@id\":\"https:\/\/ironsky.pl\/sklep\/produkt\/gladka-plyta-robocza-anycubic-do-kobra-3-combo-v2-v2-combo\/#primaryimage\"},\"image\":{\"@id\":\"https:\/\/ironsky.pl\/sklep\/produkt\/gladka-plyta-robocza-anycubic-do-kobra-3-combo-v2-v2-combo\/#primaryimage\"},\"thumbnailUrl\":\"https:\/\/ironsky.pl\/sklep\/wp-content\/uploads\/2026\/04\/59645_1.jpg\",\"datePublished\":\"2026-04-15T09:24:20+00:00\",\"dateModified\":\"2026-04-26T11:30:10+00:00\",\"description\":\"G\u0142adka p\u0142yta robocza Anycubic do Kobra 3\/Combo\/V2\/V2 Combo - \u2705 sklep z dronami i fachowym doradztwem. \u2705 Tutaj kupisz produkty DJI, Yuneec, Parrot, Syma i wiele innych, a tak\u017ce kursy i licencje na operatora drona.\",\"breadcrumb\":{\"@id\":\"https:\/\/ironsky.pl\/sklep\/produkt\/gladka-plyta-robocza-anycubic-do-kobra-3-combo-v2-v2-combo\/#breadcrumb\"},\"inLanguage\":\"pl-PL\",\"potentialAction\":[{\"@type\":\"ReadAction\",\"target\":[\"https:\/\/ironsky.pl\/sklep\/produkt\/gladka-plyta-robocza-anycubic-do-kobra-3-combo-v2-v2-combo\/\"]}]},{\"@type\":\"ImageObject\",\"inLanguage\":\"pl-PL\",\"@id\":\"https:\/\/ironsky.pl\/sklep\/produkt\/gladka-plyta-robocza-anycubic-do-kobra-3-combo-v2-v2-combo\/#primaryimage\",\"url\":\"https:\/\/ironsky.pl\/sklep\/wp-content\/uploads\/2026\/04\/59645_1.jpg\",\"contentUrl\":\"https:\/\/ironsky.pl\/sklep\/wp-content\/uploads\/2026\/04\/59645_1.jpg\",\"width\":800,\"height\":800},{\"@type\":\"BreadcrumbList\",\"@id\":\"https:\/\/ironsky.pl\/sklep\/produkt\/gladka-plyta-robocza-anycubic-do-kobra-3-combo-v2-v2-combo\/#breadcrumb\",\"itemListElement\":[{\"@type\":\"ListItem\",\"position\":1,\"name\":\"Strona g\u0142\u00f3wna\",\"item\":\"https:\/\/ironsky.pl\/sklep\/\"},{\"@type\":\"ListItem\",\"position\":2,\"name\":\"Wszystkie produkty\",\"item\":\"https:\/\/ironsky.pl\/sklep\/produkty\/\"},{\"@type\":\"ListItem\",\"position\":3,\"name\":\"G\u0142adka p\u0142yta robocza Anycubic do Kobra 3\/Combo\/V2\/V2 Combo\"}]},{\"@type\":\"WebSite\",\"@id\":\"https:\/\/ironsky.pl\/sklep\/#website\",\"url\":\"https:\/\/ironsky.pl\/sklep\/\",\"name\":\"IRONSKY.PL Sklep z Dronami\",\"description\":\"IRONSKY.PL Sklep z Dronami\",\"potentialAction\":[{\"@type\":\"SearchAction\",\"target\":{\"@type\":\"EntryPoint\",\"urlTemplate\":\"https:\/\/ironsky.pl\/sklep\/?s={search_term_string}\"},\"query-input\":{\"@type\":\"PropertyValueSpecification\",\"valueRequired\":true,\"valueName\":\"search_term_string\"}}],\"inLanguage\":\"pl-PL\"}]}<\/script>\n<!-- \/ Yoast SEO plugin. -->","yoast_head_json":{"title":"G\u0142adka p\u0142yta robocza Anycubic do Kobra 3\/Combo\/V2\/V2 Combo - IRONSKY.PL Sklep z Dronami","description":"G\u0142adka p\u0142yta robocza Anycubic do Kobra 3\/Combo\/V2\/V2 Combo - \u2705 sklep z dronami i fachowym doradztwem. \u2705 Tutaj kupisz produkty DJI, Yuneec, Parrot, Syma i wiele innych, a tak\u017ce kursy i licencje na operatora drona.","robots":{"index":"index","follow":"follow","max-snippet":"max-snippet:-1","max-image-preview":"max-image-preview:large","max-video-preview":"max-video-preview:-1"},"canonical":"https:\/\/ironsky.pl\/sklep\/produkt\/gladka-plyta-robocza-anycubic-do-kobra-3-combo-v2-v2-combo\/","og_locale":"pl_PL","og_type":"article","og_title":"G\u0142adka p\u0142yta robocza Anycubic do Kobra 3\/Combo\/V2\/V2 Combo - IRONSKY.PL Sklep z Dronami","og_description":"G\u0142adka p\u0142yta robocza Anycubic do Kobra 3\/Combo\/V2\/V2 Combo - \u2705 sklep z dronami i fachowym doradztwem. \u2705 Tutaj kupisz produkty DJI, Yuneec, Parrot, Syma i wiele innych, a tak\u017ce kursy i licencje na operatora drona.","og_url":"https:\/\/ironsky.pl\/sklep\/produkt\/gladka-plyta-robocza-anycubic-do-kobra-3-combo-v2-v2-combo\/","og_site_name":"IRONSKY.PL Sklep z Dronami","article_modified_time":"2026-04-26T11:30:10+00:00","og_image":[{"width":800,"height":800,"url":"https:\/\/ironsky.pl\/sklep\/wp-content\/uploads\/2026\/04\/59645_1.jpg","type":"image\/jpeg"}],"twitter_card":"summary_large_image","twitter_misc":{"Szacowany czas czytania":"1 minuta"},"schema":{"@context":"https:\/\/schema.org","@graph":[{"@type":"WebPage","@id":"https:\/\/ironsky.pl\/sklep\/produkt\/gladka-plyta-robocza-anycubic-do-kobra-3-combo-v2-v2-combo\/","url":"https:\/\/ironsky.pl\/sklep\/produkt\/gladka-plyta-robocza-anycubic-do-kobra-3-combo-v2-v2-combo\/","name":"G\u0142adka p\u0142yta robocza Anycubic do Kobra 3\/Combo\/V2\/V2 Combo - IRONSKY.PL Sklep z Dronami","isPartOf":{"@id":"https:\/\/ironsky.pl\/sklep\/#website"},"primaryImageOfPage":{"@id":"https:\/\/ironsky.pl\/sklep\/produkt\/gladka-plyta-robocza-anycubic-do-kobra-3-combo-v2-v2-combo\/#primaryimage"},"image":{"@id":"https:\/\/ironsky.pl\/sklep\/produkt\/gladka-plyta-robocza-anycubic-do-kobra-3-combo-v2-v2-combo\/#primaryimage"},"thumbnailUrl":"https:\/\/ironsky.pl\/sklep\/wp-content\/uploads\/2026\/04\/59645_1.jpg","datePublished":"2026-04-15T09:24:20+00:00","dateModified":"2026-04-26T11:30:10+00:00","description":"G\u0142adka p\u0142yta robocza Anycubic do Kobra 3\/Combo\/V2\/V2 Combo - \u2705 sklep z dronami i fachowym doradztwem. \u2705 Tutaj kupisz produkty DJI, Yuneec, Parrot, Syma i wiele innych, a tak\u017ce kursy i licencje na operatora drona.","breadcrumb":{"@id":"https:\/\/ironsky.pl\/sklep\/produkt\/gladka-plyta-robocza-anycubic-do-kobra-3-combo-v2-v2-combo\/#breadcrumb"},"inLanguage":"pl-PL","potentialAction":[{"@type":"ReadAction","target":["https:\/\/ironsky.pl\/sklep\/produkt\/gladka-plyta-robocza-anycubic-do-kobra-3-combo-v2-v2-combo\/"]}]},{"@type":"ImageObject","inLanguage":"pl-PL","@id":"https:\/\/ironsky.pl\/sklep\/produkt\/gladka-plyta-robocza-anycubic-do-kobra-3-combo-v2-v2-combo\/#primaryimage","url":"https:\/\/ironsky.pl\/sklep\/wp-content\/uploads\/2026\/04\/59645_1.jpg","contentUrl":"https:\/\/ironsky.pl\/sklep\/wp-content\/uploads\/2026\/04\/59645_1.jpg","width":800,"height":800},{"@type":"BreadcrumbList","@id":"https:\/\/ironsky.pl\/sklep\/produkt\/gladka-plyta-robocza-anycubic-do-kobra-3-combo-v2-v2-combo\/#breadcrumb","itemListElement":[{"@type":"ListItem","position":1,"name":"Strona g\u0142\u00f3wna","item":"https:\/\/ironsky.pl\/sklep\/"},{"@type":"ListItem","position":2,"name":"Wszystkie produkty","item":"https:\/\/ironsky.pl\/sklep\/produkty\/"},{"@type":"ListItem","position":3,"name":"G\u0142adka p\u0142yta robocza Anycubic do Kobra 3\/Combo\/V2\/V2 Combo"}]},{"@type":"WebSite","@id":"https:\/\/ironsky.pl\/sklep\/#website","url":"https:\/\/ironsky.pl\/sklep\/","name":"IRONSKY.PL Sklep z Dronami","description":"IRONSKY.PL Sklep z Dronami","potentialAction":[{"@type":"SearchAction","target":{"@type":"EntryPoint","urlTemplate":"https:\/\/ironsky.pl\/sklep\/?s={search_term_string}"},"query-input":{"@type":"PropertyValueSpecification","valueRequired":true,"valueName":"search_term_string"}}],"inLanguage":"pl-PL"}]}},"_links":{"self":[{"href":"https:\/\/ironsky.pl\/sklep\/wp-json\/wp\/v2\/product\/62150","targetHints":{"allow":["GET"]}}],"collection":[{"href":"https:\/\/ironsky.pl\/sklep\/wp-json\/wp\/v2\/product"}],"about":[{"href":"https:\/\/ironsky.pl\/sklep\/wp-json\/wp\/v2\/types\/product"}],"replies":[{"embeddable":true,"href":"https:\/\/ironsky.pl\/sklep\/wp-json\/wp\/v2\/comments?post=62150"}],"wp:featuredmedia":[{"embeddable":true,"href":"https:\/\/ironsky.pl\/sklep\/wp-json\/wp\/v2\/media\/62151"}],"wp:attachment":[{"href":"https:\/\/ironsky.pl\/sklep\/wp-json\/wp\/v2\/media?parent=62150"}],"wp:term":[{"taxonomy":"product_brand","embeddable":true,"href":"https:\/\/ironsky.pl\/sklep\/wp-json\/wp\/v2\/product_brand?post=62150"},{"taxonomy":"product_cat","embeddable":true,"href":"https:\/\/ironsky.pl\/sklep\/wp-json\/wp\/v2\/product_cat?post=62150"},{"taxonomy":"product_tag","embeddable":true,"href":"https:\/\/ironsky.pl\/sklep\/wp-json\/wp\/v2\/product_tag?post=62150"}],"curies":[{"name":"wp","href":"https:\/\/api.w.org\/{rel}","templated":true}]}}