{"id":62140,"date":"2026-04-15T11:24:20","date_gmt":"2026-04-15T09:24:20","guid":{"rendered":"https:\/\/ironsky.pl\/sklep\/produkt\/plyta-pei-anycubic-do-kobra-3-max-max-combo\/"},"modified":"2026-04-21T21:23:15","modified_gmt":"2026-04-21T19:23:15","slug":"plyta-pei-anycubic-do-kobra-3-max-max-combo","status":"publish","type":"product","link":"https:\/\/ironsky.pl\/sklep\/produkt\/plyta-pei-anycubic-do-kobra-3-max-max-combo\/","title":{"rendered":"P\u0142yta PEI Anycubic do Kobra 3 Max\/Max Combo"},"content":{"rendered":"<h3>P\u0142yta PEI Anycubic do Kobra 3 Max\/Max Combo<\/h3>\n<p>P\u0142yta PEI do drukarki Anycubic Kobra 3 Max \/ Max Combo to praktyczne rozwi\u0105zanie, kt\u00f3re u\u0142atwia codzienn\u0105 prac\u0119 z wydrukami, bo dzi\u0119ki swojej powierzchni zapewnia dobr\u0105 przyczepno\u015b\u0107 modeli podczas drukowania, a jednocze\u015bnie pozwala na ich \u0142atwe zdejmowanie po ostygni\u0119ciu. Elastyczna konstrukcja sprawia, \u017ce wystarczy lekko wygi\u0105\u0107 p\u0142yt\u0119, \u017ceby bez problemu odklei\u0107 gotowy element, co ogranicza ryzyko jego uszkodzenia. Pow\u0142oka PEI dobrze radzi sobie z popularnymi filamentami, dzi\u0119ki czemu nie trzeba kombinowa\u0107 z dodatkowymi \u015brodkami adhezyjnymi. To przek\u0142ada si\u0119 na wygod\u0119 u\u017cytkowania i bardziej powtarzalne efekty, zw\u0142aszcza przy wi\u0119kszych wydrukach, do kt\u00f3rych ta seria drukarek zosta\u0142a stworzona.<\/p>\n<p>\n<img decoding=\"async\" src=\"https:\/\/assets.innpro.pl\/20785\/27605\/1.jpg\" border=\"0\" alt=\"Arkusz magnetyczny z chropowat\u0105 powierzchni\u0105 do drukarki, widoczny napis informuj\u0105cy o dwustronnym pokryciu.\" \/>\n<\/p>\n<div class=\"table-wrapper\">\n<p>\u00a0<\/p>\n<h3><\/h3>\n<table>\n<tbody>\n<tr>\n<th>Producent<\/th>\n<td>Anycubic<\/td>\n<\/tr>\n<tr>\n<th>Materia\u0142<\/th>\n<td>PEI<\/td>\n<\/tr>\n<tr>\n<th>Kompatybilno\u015b\u0107<\/th>\n<td>Anycubic Kobra 3 Max \/ Kobra 3 Max Combo<\/td>\n<\/tr>\n<tr><\/tr>\n<\/tbody>\n<\/table>\n<\/div>\n","protected":false},"excerpt":{"rendered":"<p>P\u0142yta PEI Anycubic do Kobra 3 Max\/Max Combo P\u0142yta PEI do drukarki Anycubic Kobra 3 Max \/ Max Combo to<\/p>\n","protected":false},"featured_media":62141,"comment_status":"closed","ping_status":"open","template":"","meta":{"_acf_changed":false},"product_brand":[],"product_cat":[6226,6222,6217],"product_tag":[],"class_list":{"0":"post-62140","1":"product","2":"type-product","3":"status-publish","4":"has-post-thumbnail","6":"product_cat-akcesoria-do-drukarek-3d","7":"product_cat-druk-3d-technologie-kreatywne","8":"product_cat-technologie-kreatywne","9":"pa_okres-gwarancji-5757","10":"pa_producent-anycubic","12":"first","13":"outofstock","14":"taxable","15":"shipping-taxable","16":"purchasable","17":"product-type-simple"},"acf":[],"yoast_head":"<!-- This site is optimized with the Yoast SEO plugin v27.2 - https:\/\/yoast.com\/product\/yoast-seo-wordpress\/ -->\n<title>P\u0142yta PEI Anycubic do Kobra 3 Max\/Max Combo - IRONSKY.PL Sklep z Dronami<\/title>\n<meta name=\"description\" content=\"P\u0142yta PEI Anycubic do Kobra 3 Max\/Max Combo - \u2705 sklep z dronami i fachowym doradztwem. \u2705 Tutaj kupisz produkty DJI, Yuneec, Parrot, Syma i wiele innych, a tak\u017ce kursy i licencje na operatora drona.\" \/>\n<meta name=\"robots\" content=\"index, follow, max-snippet:-1, max-image-preview:large, max-video-preview:-1\" \/>\n<link rel=\"canonical\" href=\"https:\/\/ironsky.pl\/sklep\/produkt\/plyta-pei-anycubic-do-kobra-3-max-max-combo\/\" \/>\n<meta property=\"og:locale\" content=\"pl_PL\" \/>\n<meta property=\"og:type\" content=\"article\" \/>\n<meta property=\"og:title\" content=\"P\u0142yta PEI Anycubic do Kobra 3 Max\/Max Combo - IRONSKY.PL Sklep z Dronami\" \/>\n<meta property=\"og:description\" content=\"P\u0142yta PEI Anycubic do Kobra 3 Max\/Max Combo - \u2705 sklep z dronami i fachowym doradztwem. \u2705 Tutaj kupisz produkty DJI, Yuneec, Parrot, Syma i wiele innych, a tak\u017ce kursy i licencje na operatora drona.\" \/>\n<meta property=\"og:url\" content=\"https:\/\/ironsky.pl\/sklep\/produkt\/plyta-pei-anycubic-do-kobra-3-max-max-combo\/\" \/>\n<meta property=\"og:site_name\" content=\"IRONSKY.PL Sklep z Dronami\" \/>\n<meta property=\"article:modified_time\" content=\"2026-04-21T19:23:15+00:00\" \/>\n<meta property=\"og:image\" content=\"https:\/\/ironsky.pl\/sklep\/wp-content\/uploads\/2026\/04\/59643_3.jpg\" \/>\n\t<meta property=\"og:image:width\" content=\"800\" \/>\n\t<meta property=\"og:image:height\" content=\"800\" \/>\n\t<meta property=\"og:image:type\" content=\"image\/jpeg\" \/>\n<meta name=\"twitter:card\" content=\"summary_large_image\" \/>\n<meta name=\"twitter:label1\" content=\"Szacowany czas czytania\" \/>\n\t<meta name=\"twitter:data1\" content=\"1 minuta\" \/>\n<script type=\"application\/ld+json\" class=\"yoast-schema-graph\">{\"@context\":\"https:\/\/schema.org\",\"@graph\":[{\"@type\":\"WebPage\",\"@id\":\"https:\/\/ironsky.pl\/sklep\/produkt\/plyta-pei-anycubic-do-kobra-3-max-max-combo\/\",\"url\":\"https:\/\/ironsky.pl\/sklep\/produkt\/plyta-pei-anycubic-do-kobra-3-max-max-combo\/\",\"name\":\"P\u0142yta PEI Anycubic do Kobra 3 Max\/Max Combo - IRONSKY.PL Sklep z Dronami\",\"isPartOf\":{\"@id\":\"https:\/\/ironsky.pl\/sklep\/#website\"},\"primaryImageOfPage\":{\"@id\":\"https:\/\/ironsky.pl\/sklep\/produkt\/plyta-pei-anycubic-do-kobra-3-max-max-combo\/#primaryimage\"},\"image\":{\"@id\":\"https:\/\/ironsky.pl\/sklep\/produkt\/plyta-pei-anycubic-do-kobra-3-max-max-combo\/#primaryimage\"},\"thumbnailUrl\":\"https:\/\/ironsky.pl\/sklep\/wp-content\/uploads\/2026\/04\/59643_3.jpg\",\"datePublished\":\"2026-04-15T09:24:20+00:00\",\"dateModified\":\"2026-04-21T19:23:15+00:00\",\"description\":\"P\u0142yta PEI Anycubic do Kobra 3 Max\/Max Combo - \u2705 sklep z dronami i fachowym doradztwem. \u2705 Tutaj kupisz produkty DJI, Yuneec, Parrot, Syma i wiele innych, a tak\u017ce kursy i licencje na operatora drona.\",\"breadcrumb\":{\"@id\":\"https:\/\/ironsky.pl\/sklep\/produkt\/plyta-pei-anycubic-do-kobra-3-max-max-combo\/#breadcrumb\"},\"inLanguage\":\"pl-PL\",\"potentialAction\":[{\"@type\":\"ReadAction\",\"target\":[\"https:\/\/ironsky.pl\/sklep\/produkt\/plyta-pei-anycubic-do-kobra-3-max-max-combo\/\"]}]},{\"@type\":\"ImageObject\",\"inLanguage\":\"pl-PL\",\"@id\":\"https:\/\/ironsky.pl\/sklep\/produkt\/plyta-pei-anycubic-do-kobra-3-max-max-combo\/#primaryimage\",\"url\":\"https:\/\/ironsky.pl\/sklep\/wp-content\/uploads\/2026\/04\/59643_3.jpg\",\"contentUrl\":\"https:\/\/ironsky.pl\/sklep\/wp-content\/uploads\/2026\/04\/59643_3.jpg\",\"width\":800,\"height\":800},{\"@type\":\"BreadcrumbList\",\"@id\":\"https:\/\/ironsky.pl\/sklep\/produkt\/plyta-pei-anycubic-do-kobra-3-max-max-combo\/#breadcrumb\",\"itemListElement\":[{\"@type\":\"ListItem\",\"position\":1,\"name\":\"Strona g\u0142\u00f3wna\",\"item\":\"https:\/\/ironsky.pl\/sklep\/\"},{\"@type\":\"ListItem\",\"position\":2,\"name\":\"Wszystkie produkty\",\"item\":\"https:\/\/ironsky.pl\/sklep\/produkty\/\"},{\"@type\":\"ListItem\",\"position\":3,\"name\":\"P\u0142yta PEI Anycubic do Kobra 3 Max\/Max Combo\"}]},{\"@type\":\"WebSite\",\"@id\":\"https:\/\/ironsky.pl\/sklep\/#website\",\"url\":\"https:\/\/ironsky.pl\/sklep\/\",\"name\":\"IRONSKY.PL Sklep z Dronami\",\"description\":\"IRONSKY.PL Sklep z Dronami\",\"potentialAction\":[{\"@type\":\"SearchAction\",\"target\":{\"@type\":\"EntryPoint\",\"urlTemplate\":\"https:\/\/ironsky.pl\/sklep\/?s={search_term_string}\"},\"query-input\":{\"@type\":\"PropertyValueSpecification\",\"valueRequired\":true,\"valueName\":\"search_term_string\"}}],\"inLanguage\":\"pl-PL\"}]}<\/script>\n<!-- \/ Yoast SEO plugin. -->","yoast_head_json":{"title":"P\u0142yta PEI Anycubic do Kobra 3 Max\/Max Combo - IRONSKY.PL Sklep z Dronami","description":"P\u0142yta PEI Anycubic do Kobra 3 Max\/Max Combo - \u2705 sklep z dronami i fachowym doradztwem. \u2705 Tutaj kupisz produkty DJI, Yuneec, Parrot, Syma i wiele innych, a tak\u017ce kursy i licencje na operatora drona.","robots":{"index":"index","follow":"follow","max-snippet":"max-snippet:-1","max-image-preview":"max-image-preview:large","max-video-preview":"max-video-preview:-1"},"canonical":"https:\/\/ironsky.pl\/sklep\/produkt\/plyta-pei-anycubic-do-kobra-3-max-max-combo\/","og_locale":"pl_PL","og_type":"article","og_title":"P\u0142yta PEI Anycubic do Kobra 3 Max\/Max Combo - IRONSKY.PL Sklep z Dronami","og_description":"P\u0142yta PEI Anycubic do Kobra 3 Max\/Max Combo - \u2705 sklep z dronami i fachowym doradztwem. \u2705 Tutaj kupisz produkty DJI, Yuneec, Parrot, Syma i wiele innych, a tak\u017ce kursy i licencje na operatora drona.","og_url":"https:\/\/ironsky.pl\/sklep\/produkt\/plyta-pei-anycubic-do-kobra-3-max-max-combo\/","og_site_name":"IRONSKY.PL Sklep z Dronami","article_modified_time":"2026-04-21T19:23:15+00:00","og_image":[{"width":800,"height":800,"url":"https:\/\/ironsky.pl\/sklep\/wp-content\/uploads\/2026\/04\/59643_3.jpg","type":"image\/jpeg"}],"twitter_card":"summary_large_image","twitter_misc":{"Szacowany czas czytania":"1 minuta"},"schema":{"@context":"https:\/\/schema.org","@graph":[{"@type":"WebPage","@id":"https:\/\/ironsky.pl\/sklep\/produkt\/plyta-pei-anycubic-do-kobra-3-max-max-combo\/","url":"https:\/\/ironsky.pl\/sklep\/produkt\/plyta-pei-anycubic-do-kobra-3-max-max-combo\/","name":"P\u0142yta PEI Anycubic do Kobra 3 Max\/Max Combo - IRONSKY.PL Sklep z Dronami","isPartOf":{"@id":"https:\/\/ironsky.pl\/sklep\/#website"},"primaryImageOfPage":{"@id":"https:\/\/ironsky.pl\/sklep\/produkt\/plyta-pei-anycubic-do-kobra-3-max-max-combo\/#primaryimage"},"image":{"@id":"https:\/\/ironsky.pl\/sklep\/produkt\/plyta-pei-anycubic-do-kobra-3-max-max-combo\/#primaryimage"},"thumbnailUrl":"https:\/\/ironsky.pl\/sklep\/wp-content\/uploads\/2026\/04\/59643_3.jpg","datePublished":"2026-04-15T09:24:20+00:00","dateModified":"2026-04-21T19:23:15+00:00","description":"P\u0142yta PEI Anycubic do Kobra 3 Max\/Max Combo - \u2705 sklep z dronami i fachowym doradztwem. \u2705 Tutaj kupisz produkty DJI, Yuneec, Parrot, Syma i wiele innych, a tak\u017ce kursy i licencje na operatora drona.","breadcrumb":{"@id":"https:\/\/ironsky.pl\/sklep\/produkt\/plyta-pei-anycubic-do-kobra-3-max-max-combo\/#breadcrumb"},"inLanguage":"pl-PL","potentialAction":[{"@type":"ReadAction","target":["https:\/\/ironsky.pl\/sklep\/produkt\/plyta-pei-anycubic-do-kobra-3-max-max-combo\/"]}]},{"@type":"ImageObject","inLanguage":"pl-PL","@id":"https:\/\/ironsky.pl\/sklep\/produkt\/plyta-pei-anycubic-do-kobra-3-max-max-combo\/#primaryimage","url":"https:\/\/ironsky.pl\/sklep\/wp-content\/uploads\/2026\/04\/59643_3.jpg","contentUrl":"https:\/\/ironsky.pl\/sklep\/wp-content\/uploads\/2026\/04\/59643_3.jpg","width":800,"height":800},{"@type":"BreadcrumbList","@id":"https:\/\/ironsky.pl\/sklep\/produkt\/plyta-pei-anycubic-do-kobra-3-max-max-combo\/#breadcrumb","itemListElement":[{"@type":"ListItem","position":1,"name":"Strona g\u0142\u00f3wna","item":"https:\/\/ironsky.pl\/sklep\/"},{"@type":"ListItem","position":2,"name":"Wszystkie produkty","item":"https:\/\/ironsky.pl\/sklep\/produkty\/"},{"@type":"ListItem","position":3,"name":"P\u0142yta PEI Anycubic do Kobra 3 Max\/Max Combo"}]},{"@type":"WebSite","@id":"https:\/\/ironsky.pl\/sklep\/#website","url":"https:\/\/ironsky.pl\/sklep\/","name":"IRONSKY.PL Sklep z Dronami","description":"IRONSKY.PL Sklep z Dronami","potentialAction":[{"@type":"SearchAction","target":{"@type":"EntryPoint","urlTemplate":"https:\/\/ironsky.pl\/sklep\/?s={search_term_string}"},"query-input":{"@type":"PropertyValueSpecification","valueRequired":true,"valueName":"search_term_string"}}],"inLanguage":"pl-PL"}]}},"_links":{"self":[{"href":"https:\/\/ironsky.pl\/sklep\/wp-json\/wp\/v2\/product\/62140","targetHints":{"allow":["GET"]}}],"collection":[{"href":"https:\/\/ironsky.pl\/sklep\/wp-json\/wp\/v2\/product"}],"about":[{"href":"https:\/\/ironsky.pl\/sklep\/wp-json\/wp\/v2\/types\/product"}],"replies":[{"embeddable":true,"href":"https:\/\/ironsky.pl\/sklep\/wp-json\/wp\/v2\/comments?post=62140"}],"wp:featuredmedia":[{"embeddable":true,"href":"https:\/\/ironsky.pl\/sklep\/wp-json\/wp\/v2\/media\/62141"}],"wp:attachment":[{"href":"https:\/\/ironsky.pl\/sklep\/wp-json\/wp\/v2\/media?parent=62140"}],"wp:term":[{"taxonomy":"product_brand","embeddable":true,"href":"https:\/\/ironsky.pl\/sklep\/wp-json\/wp\/v2\/product_brand?post=62140"},{"taxonomy":"product_cat","embeddable":true,"href":"https:\/\/ironsky.pl\/sklep\/wp-json\/wp\/v2\/product_cat?post=62140"},{"taxonomy":"product_tag","embeddable":true,"href":"https:\/\/ironsky.pl\/sklep\/wp-json\/wp\/v2\/product_tag?post=62140"}],"curies":[{"name":"wp","href":"https:\/\/api.w.org\/{rel}","templated":true}]}}