{"id":62107,"date":"2026-04-15T11:24:20","date_gmt":"2026-04-15T09:24:20","guid":{"rendered":"https:\/\/ironsky.pl\/sklep\/produkt\/folia-fep-do-elegoo-mars-5-5-szt\/"},"modified":"2026-04-17T18:21:22","modified_gmt":"2026-04-17T16:21:22","slug":"folia-fep-do-elegoo-mars-5-5-szt","status":"publish","type":"product","link":"https:\/\/ironsky.pl\/sklep\/produkt\/folia-fep-do-elegoo-mars-5-5-szt\/","title":{"rendered":"Folia FEP do ELEGOO Mars 5 (5 szt.)"},"content":{"rendered":"<h3>Folia FEP do ELEGOO Mars 5 (5 szt.)\u00a0<\/h3>\n<p>Zestaw 5 folii FEP przeznaczonych do drukarki ELEGOO Mars 5 zapewnia stabilne warunki druku dzi\u0119ki wysokiej przepuszczalno\u015bci \u015bwiat\u0142a na poziomie 95% i grubo\u015bci 0,15 mm. Takie parametry wspieraj\u0105 dok\u0142adne utwardzanie \u017cywicy i przek\u0142adaj\u0105 si\u0119 na lepsz\u0105 jako\u015b\u0107 i szczeg\u00f3\u0142owo\u015b\u0107 modeli. Materia\u0142 wyr\u00f3\u017cnia si\u0119 r\u00f3wnie\u017c odporno\u015bci\u0105 na temperatury do 200\u00b0C podczas d\u0142ugotrwa\u0142ej pracy, co zwi\u0119ksza jego wytrzyma\u0142o\u015b\u0107 i pozwala na d\u0142u\u017csze u\u017cytkowanie. Odpowiednio dobrany rozmiar (146 \u00d7 206 mm) zapewnia kompatybilno\u015b\u0107 i wygodny monta\u017c, a solidne opakowanie chroni umieszczone wewn\u0105trz folie przed uszkodzeniami.<\/p>\n<p>\n<img decoding=\"async\" src=\"https:\/\/assets.innpro.pl\/20499\/27298\/1.jpg\" border=\"0\" alt=\"D\u0142onie trzymaj\u0105ce cienki, przezroczysty arkusz elastycznej folii na ciemnym tle\" \/>\n<\/p>\n<h3>W zestawie<\/h3>\n<ul class=\"list-disc pl-5\">\n<li>Folia FEP x5<\/li>\n<\/ul>\n<div class=\"table-wrapper\">\n<p>\u00a0<\/p>\n<h3><\/h3>\n<table>\n<tbody>\n<tr>\n<th>Producent<\/th>\n<td>ELEGOO<\/td>\n<\/tr>\n<tr>\n<th>Model<\/th>\n<td>50.102.0092<\/td>\n<\/tr>\n<tr>\n<th>Typ produktu<\/th>\n<td>Folia FEP<\/td>\n<\/tr>\n<tr>\n<th>Kompatybilno\u015b\u0107<\/th>\n<td>ELEGOO Mars 5 \/ Mars 4 \/ Mars 5 Ultra<\/td>\n<\/tr>\n<tr>\n<th>Wymiary<\/th>\n<td>146 \u00d7 206 mm<\/td>\n<\/tr>\n<tr>\n<th>Grubo\u015b\u0107<\/th>\n<td>0,15 mm<\/td>\n<\/tr>\n<tr>\n<th>Przepuszczalno\u015b\u0107 \u015bwiat\u0142a<\/th>\n<td>95%<\/td>\n<\/tr>\n<tr>\n<th>Maksymalna temperatura podczas d\u0142ugotrwa\u0142ej pracy<\/th>\n<td>200\u00b0C<\/td>\n<\/tr>\n<tr>\n<th>Liczba sztuk w zestawie<\/th>\n<td>5<\/td>\n<\/tr>\n<\/tbody>\n<\/table>\n<\/div>\n","protected":false},"excerpt":{"rendered":"<p>Folia FEP do ELEGOO Mars 5 (5 szt.)\u00a0 Zestaw 5 folii FEP przeznaczonych do drukarki ELEGOO Mars 5 zapewnia stabilne<\/p>\n","protected":false},"featured_media":62108,"comment_status":"closed","ping_status":"open","template":"","meta":{"_acf_changed":false},"product_brand":[],"product_cat":[6226,6222,6217],"product_tag":[],"class_list":{"0":"post-62107","1":"product","2":"type-product","3":"status-publish","4":"has-post-thumbnail","6":"product_cat-akcesoria-do-drukarek-3d","7":"product_cat-druk-3d-technologie-kreatywne","8":"product_cat-technologie-kreatywne","9":"pa_okres-gwarancji-5754","10":"pa_producent-elegoo","12":"first","13":"instock","14":"taxable","15":"shipping-taxable","16":"purchasable","17":"product-type-simple"},"acf":[],"yoast_head":"<!-- This site is optimized with the Yoast SEO plugin v27.2 - https:\/\/yoast.com\/product\/yoast-seo-wordpress\/ -->\n<title>Folia FEP do ELEGOO Mars 5 (5 szt.) - IRONSKY.PL Sklep z Dronami<\/title>\n<meta name=\"description\" content=\"Folia FEP do ELEGOO Mars 5 (5 szt.) - \u2705 sklep z dronami i fachowym doradztwem. \u2705 Tutaj kupisz produkty DJI, Yuneec, Parrot, Syma i wiele innych, a tak\u017ce kursy i licencje na operatora drona.\" \/>\n<meta name=\"robots\" content=\"index, follow, max-snippet:-1, max-image-preview:large, max-video-preview:-1\" \/>\n<link rel=\"canonical\" href=\"https:\/\/ironsky.pl\/sklep\/produkt\/folia-fep-do-elegoo-mars-5-5-szt\/\" \/>\n<meta property=\"og:locale\" content=\"pl_PL\" \/>\n<meta property=\"og:type\" content=\"article\" \/>\n<meta property=\"og:title\" content=\"Folia FEP do ELEGOO Mars 5 (5 szt.) - IRONSKY.PL Sklep z Dronami\" \/>\n<meta property=\"og:description\" content=\"Folia FEP do ELEGOO Mars 5 (5 szt.) - \u2705 sklep z dronami i fachowym doradztwem. \u2705 Tutaj kupisz produkty DJI, Yuneec, Parrot, Syma i wiele innych, a tak\u017ce kursy i licencje na operatora drona.\" \/>\n<meta property=\"og:url\" content=\"https:\/\/ironsky.pl\/sklep\/produkt\/folia-fep-do-elegoo-mars-5-5-szt\/\" \/>\n<meta property=\"og:site_name\" content=\"IRONSKY.PL Sklep z Dronami\" \/>\n<meta property=\"article:modified_time\" content=\"2026-04-17T16:21:22+00:00\" \/>\n<meta property=\"og:image\" content=\"https:\/\/ironsky.pl\/sklep\/wp-content\/uploads\/2026\/04\/59522_1.jpg\" \/>\n\t<meta property=\"og:image:width\" content=\"800\" \/>\n\t<meta property=\"og:image:height\" content=\"800\" \/>\n\t<meta property=\"og:image:type\" content=\"image\/jpeg\" \/>\n<meta name=\"twitter:card\" content=\"summary_large_image\" \/>\n<meta name=\"twitter:label1\" content=\"Szacowany czas czytania\" \/>\n\t<meta name=\"twitter:data1\" content=\"1 minuta\" \/>\n<script type=\"application\/ld+json\" class=\"yoast-schema-graph\">{\"@context\":\"https:\/\/schema.org\",\"@graph\":[{\"@type\":\"WebPage\",\"@id\":\"https:\/\/ironsky.pl\/sklep\/produkt\/folia-fep-do-elegoo-mars-5-5-szt\/\",\"url\":\"https:\/\/ironsky.pl\/sklep\/produkt\/folia-fep-do-elegoo-mars-5-5-szt\/\",\"name\":\"Folia FEP do ELEGOO Mars 5 (5 szt.) - IRONSKY.PL Sklep z Dronami\",\"isPartOf\":{\"@id\":\"https:\/\/ironsky.pl\/sklep\/#website\"},\"primaryImageOfPage\":{\"@id\":\"https:\/\/ironsky.pl\/sklep\/produkt\/folia-fep-do-elegoo-mars-5-5-szt\/#primaryimage\"},\"image\":{\"@id\":\"https:\/\/ironsky.pl\/sklep\/produkt\/folia-fep-do-elegoo-mars-5-5-szt\/#primaryimage\"},\"thumbnailUrl\":\"https:\/\/ironsky.pl\/sklep\/wp-content\/uploads\/2026\/04\/59522_1.jpg\",\"datePublished\":\"2026-04-15T09:24:20+00:00\",\"dateModified\":\"2026-04-17T16:21:22+00:00\",\"description\":\"Folia FEP do ELEGOO Mars 5 (5 szt.) - \u2705 sklep z dronami i fachowym doradztwem. \u2705 Tutaj kupisz produkty DJI, Yuneec, Parrot, Syma i wiele innych, a tak\u017ce kursy i licencje na operatora drona.\",\"breadcrumb\":{\"@id\":\"https:\/\/ironsky.pl\/sklep\/produkt\/folia-fep-do-elegoo-mars-5-5-szt\/#breadcrumb\"},\"inLanguage\":\"pl-PL\",\"potentialAction\":[{\"@type\":\"ReadAction\",\"target\":[\"https:\/\/ironsky.pl\/sklep\/produkt\/folia-fep-do-elegoo-mars-5-5-szt\/\"]}]},{\"@type\":\"ImageObject\",\"inLanguage\":\"pl-PL\",\"@id\":\"https:\/\/ironsky.pl\/sklep\/produkt\/folia-fep-do-elegoo-mars-5-5-szt\/#primaryimage\",\"url\":\"https:\/\/ironsky.pl\/sklep\/wp-content\/uploads\/2026\/04\/59522_1.jpg\",\"contentUrl\":\"https:\/\/ironsky.pl\/sklep\/wp-content\/uploads\/2026\/04\/59522_1.jpg\",\"width\":800,\"height\":800},{\"@type\":\"BreadcrumbList\",\"@id\":\"https:\/\/ironsky.pl\/sklep\/produkt\/folia-fep-do-elegoo-mars-5-5-szt\/#breadcrumb\",\"itemListElement\":[{\"@type\":\"ListItem\",\"position\":1,\"name\":\"Strona g\u0142\u00f3wna\",\"item\":\"https:\/\/ironsky.pl\/sklep\/\"},{\"@type\":\"ListItem\",\"position\":2,\"name\":\"Wszystkie produkty\",\"item\":\"https:\/\/ironsky.pl\/sklep\/produkty\/\"},{\"@type\":\"ListItem\",\"position\":3,\"name\":\"Folia FEP do ELEGOO Mars 5 (5 szt.)\"}]},{\"@type\":\"WebSite\",\"@id\":\"https:\/\/ironsky.pl\/sklep\/#website\",\"url\":\"https:\/\/ironsky.pl\/sklep\/\",\"name\":\"IRONSKY.PL Sklep z Dronami\",\"description\":\"IRONSKY.PL Sklep z Dronami\",\"potentialAction\":[{\"@type\":\"SearchAction\",\"target\":{\"@type\":\"EntryPoint\",\"urlTemplate\":\"https:\/\/ironsky.pl\/sklep\/?s={search_term_string}\"},\"query-input\":{\"@type\":\"PropertyValueSpecification\",\"valueRequired\":true,\"valueName\":\"search_term_string\"}}],\"inLanguage\":\"pl-PL\"}]}<\/script>\n<!-- \/ Yoast SEO plugin. -->","yoast_head_json":{"title":"Folia FEP do ELEGOO Mars 5 (5 szt.) - IRONSKY.PL Sklep z Dronami","description":"Folia FEP do ELEGOO Mars 5 (5 szt.) - \u2705 sklep z dronami i fachowym doradztwem. \u2705 Tutaj kupisz produkty DJI, Yuneec, Parrot, Syma i wiele innych, a tak\u017ce kursy i licencje na operatora drona.","robots":{"index":"index","follow":"follow","max-snippet":"max-snippet:-1","max-image-preview":"max-image-preview:large","max-video-preview":"max-video-preview:-1"},"canonical":"https:\/\/ironsky.pl\/sklep\/produkt\/folia-fep-do-elegoo-mars-5-5-szt\/","og_locale":"pl_PL","og_type":"article","og_title":"Folia FEP do ELEGOO Mars 5 (5 szt.) - IRONSKY.PL Sklep z Dronami","og_description":"Folia FEP do ELEGOO Mars 5 (5 szt.) - \u2705 sklep z dronami i fachowym doradztwem. \u2705 Tutaj kupisz produkty DJI, Yuneec, Parrot, Syma i wiele innych, a tak\u017ce kursy i licencje na operatora drona.","og_url":"https:\/\/ironsky.pl\/sklep\/produkt\/folia-fep-do-elegoo-mars-5-5-szt\/","og_site_name":"IRONSKY.PL Sklep z Dronami","article_modified_time":"2026-04-17T16:21:22+00:00","og_image":[{"width":800,"height":800,"url":"https:\/\/ironsky.pl\/sklep\/wp-content\/uploads\/2026\/04\/59522_1.jpg","type":"image\/jpeg"}],"twitter_card":"summary_large_image","twitter_misc":{"Szacowany czas czytania":"1 minuta"},"schema":{"@context":"https:\/\/schema.org","@graph":[{"@type":"WebPage","@id":"https:\/\/ironsky.pl\/sklep\/produkt\/folia-fep-do-elegoo-mars-5-5-szt\/","url":"https:\/\/ironsky.pl\/sklep\/produkt\/folia-fep-do-elegoo-mars-5-5-szt\/","name":"Folia FEP do ELEGOO Mars 5 (5 szt.) - IRONSKY.PL Sklep z Dronami","isPartOf":{"@id":"https:\/\/ironsky.pl\/sklep\/#website"},"primaryImageOfPage":{"@id":"https:\/\/ironsky.pl\/sklep\/produkt\/folia-fep-do-elegoo-mars-5-5-szt\/#primaryimage"},"image":{"@id":"https:\/\/ironsky.pl\/sklep\/produkt\/folia-fep-do-elegoo-mars-5-5-szt\/#primaryimage"},"thumbnailUrl":"https:\/\/ironsky.pl\/sklep\/wp-content\/uploads\/2026\/04\/59522_1.jpg","datePublished":"2026-04-15T09:24:20+00:00","dateModified":"2026-04-17T16:21:22+00:00","description":"Folia FEP do ELEGOO Mars 5 (5 szt.) - \u2705 sklep z dronami i fachowym doradztwem. \u2705 Tutaj kupisz produkty DJI, Yuneec, Parrot, Syma i wiele innych, a tak\u017ce kursy i licencje na operatora drona.","breadcrumb":{"@id":"https:\/\/ironsky.pl\/sklep\/produkt\/folia-fep-do-elegoo-mars-5-5-szt\/#breadcrumb"},"inLanguage":"pl-PL","potentialAction":[{"@type":"ReadAction","target":["https:\/\/ironsky.pl\/sklep\/produkt\/folia-fep-do-elegoo-mars-5-5-szt\/"]}]},{"@type":"ImageObject","inLanguage":"pl-PL","@id":"https:\/\/ironsky.pl\/sklep\/produkt\/folia-fep-do-elegoo-mars-5-5-szt\/#primaryimage","url":"https:\/\/ironsky.pl\/sklep\/wp-content\/uploads\/2026\/04\/59522_1.jpg","contentUrl":"https:\/\/ironsky.pl\/sklep\/wp-content\/uploads\/2026\/04\/59522_1.jpg","width":800,"height":800},{"@type":"BreadcrumbList","@id":"https:\/\/ironsky.pl\/sklep\/produkt\/folia-fep-do-elegoo-mars-5-5-szt\/#breadcrumb","itemListElement":[{"@type":"ListItem","position":1,"name":"Strona g\u0142\u00f3wna","item":"https:\/\/ironsky.pl\/sklep\/"},{"@type":"ListItem","position":2,"name":"Wszystkie produkty","item":"https:\/\/ironsky.pl\/sklep\/produkty\/"},{"@type":"ListItem","position":3,"name":"Folia FEP do ELEGOO Mars 5 (5 szt.)"}]},{"@type":"WebSite","@id":"https:\/\/ironsky.pl\/sklep\/#website","url":"https:\/\/ironsky.pl\/sklep\/","name":"IRONSKY.PL Sklep z Dronami","description":"IRONSKY.PL Sklep z Dronami","potentialAction":[{"@type":"SearchAction","target":{"@type":"EntryPoint","urlTemplate":"https:\/\/ironsky.pl\/sklep\/?s={search_term_string}"},"query-input":{"@type":"PropertyValueSpecification","valueRequired":true,"valueName":"search_term_string"}}],"inLanguage":"pl-PL"}]}},"_links":{"self":[{"href":"https:\/\/ironsky.pl\/sklep\/wp-json\/wp\/v2\/product\/62107","targetHints":{"allow":["GET"]}}],"collection":[{"href":"https:\/\/ironsky.pl\/sklep\/wp-json\/wp\/v2\/product"}],"about":[{"href":"https:\/\/ironsky.pl\/sklep\/wp-json\/wp\/v2\/types\/product"}],"replies":[{"embeddable":true,"href":"https:\/\/ironsky.pl\/sklep\/wp-json\/wp\/v2\/comments?post=62107"}],"wp:featuredmedia":[{"embeddable":true,"href":"https:\/\/ironsky.pl\/sklep\/wp-json\/wp\/v2\/media\/62108"}],"wp:attachment":[{"href":"https:\/\/ironsky.pl\/sklep\/wp-json\/wp\/v2\/media?parent=62107"}],"wp:term":[{"taxonomy":"product_brand","embeddable":true,"href":"https:\/\/ironsky.pl\/sklep\/wp-json\/wp\/v2\/product_brand?post=62107"},{"taxonomy":"product_cat","embeddable":true,"href":"https:\/\/ironsky.pl\/sklep\/wp-json\/wp\/v2\/product_cat?post=62107"},{"taxonomy":"product_tag","embeddable":true,"href":"https:\/\/ironsky.pl\/sklep\/wp-json\/wp\/v2\/product_tag?post=62107"}],"curies":[{"name":"wp","href":"https:\/\/api.w.org\/{rel}","templated":true}]}}