{"id":62105,"date":"2026-04-15T11:24:20","date_gmt":"2026-04-15T09:24:20","guid":{"rendered":"https:\/\/ironsky.pl\/sklep\/produkt\/podstawa-led-dopasowana-do-prostokatnej-kostki-k9-xtool\/"},"modified":"2026-04-21T06:23:09","modified_gmt":"2026-04-21T04:23:09","slug":"podstawa-led-dopasowana-do-prostokatnej-kostki-k9-xtool","status":"publish","type":"product","link":"https:\/\/ironsky.pl\/sklep\/produkt\/podstawa-led-dopasowana-do-prostokatnej-kostki-k9-xtool\/","title":{"rendered":"Podstawa LED dopasowana do prostok\u0105tnej kostki K9 xTool"},"content":{"rendered":"<h3>Podstawa LED dopasowana do prostok\u0105tnej kostki K9 xTool<\/h3>\n<p>Chcesz efektownie wyeksponowa\u0107 wygrawerowan\u0105 kostk\u0119 xTool K9? Si\u0119gnij po dopasowan\u0105 podstaw\u0119 LED! Drewniana konstrukcja \u015bwietnie si\u0119 prezentuje, a wbudowane pod\u015bwietlenie o ciep\u0142ej barwie r\u00f3wnomiernie o\u015bwietla szk\u0142o od spodu, dzi\u0119ki czemu grawer wewn\u0105trz staje si\u0119 wyra\u017aniejszy i lepiej widoczny. Co wi\u0119cej, niewielkie wymiary (8 \u00d7 5 cm) i zasilanie przez USB sprawiaj\u0105, \u017ce akcesorium jest wygodne w codziennym u\u017cytkowaniu i dobrze sprawdza si\u0119 jako element dekoracyjny lub ekspozycyjny.<\/p>\n<p>\n<img decoding=\"async\" src=\"https:\/\/assets.innpro.pl\/20539\/27339\/1.jpg\" border=\"0\" alt=\"Kryszta\u0142owa statuetka konia szachowego z grawerem 3D, pod\u015bwietlona na drewnianej podstawce\" \/>\n<\/p>\n<div class=\"table-wrapper\">\n<p>\u00a0<\/p>\n<h3><\/h3>\n<table>\n<tbody>\n<tr>\n<th>Producent<\/th>\n<td>xTool<\/td>\n<\/tr>\n<tr>\n<th>Model<\/th>\n<td>P0104001275<\/td>\n<\/tr>\n<tr>\n<th>Materia\u0142<\/th>\n<td>Drewno<\/td>\n<\/tr>\n<tr>\n<th>Wymiary<\/th>\n<td>8 \u00d7 5 cm<\/td>\n<\/tr>\n<tr>\n<th>Typ \u015bwiat\u0142a<\/th>\n<td>Ciep\u0142e<\/td>\n<\/tr>\n<tr>\n<th>Zastosowanie<\/th>\n<td>Podstawa do prostok\u0105tnej kostki K9<\/td>\n<\/tr>\n<\/tbody>\n<\/table>\n<\/div>\n","protected":false},"excerpt":{"rendered":"<p>Podstawa LED dopasowana do prostok\u0105tnej kostki K9 xTool Chcesz efektownie wyeksponowa\u0107 wygrawerowan\u0105 kostk\u0119 xTool K9? Si\u0119gnij po dopasowan\u0105 podstaw\u0119 LED!<\/p>\n","protected":false},"featured_media":62106,"comment_status":"closed","ping_status":"open","template":"","meta":{"_acf_changed":false},"product_brand":[],"product_cat":[6226,6222,6217],"product_tag":[],"class_list":{"0":"post-62105","1":"product","2":"type-product","3":"status-publish","4":"has-post-thumbnail","6":"product_cat-akcesoria-do-drukarek-3d","7":"product_cat-druk-3d-technologie-kreatywne","8":"product_cat-technologie-kreatywne","9":"pa_okres-gwarancji-5757","10":"pa_producent-xtool","12":"first","13":"instock","14":"taxable","15":"shipping-taxable","16":"purchasable","17":"product-type-simple"},"acf":[],"yoast_head":"<!-- This site is optimized with the Yoast SEO plugin v27.2 - https:\/\/yoast.com\/product\/yoast-seo-wordpress\/ -->\n<title>Podstawa LED dopasowana do prostok\u0105tnej kostki K9 xTool - IRONSKY.PL Sklep z Dronami<\/title>\n<meta name=\"description\" content=\"Podstawa LED dopasowana do prostok\u0105tnej kostki K9 xTool - \u2705 sklep z dronami i fachowym doradztwem. \u2705 Tutaj kupisz produkty DJI, Yuneec, Parrot, Syma i wiele innych, a tak\u017ce kursy i licencje na operatora drona.\" \/>\n<meta name=\"robots\" content=\"index, follow, max-snippet:-1, max-image-preview:large, max-video-preview:-1\" \/>\n<link rel=\"canonical\" href=\"https:\/\/ironsky.pl\/sklep\/produkt\/podstawa-led-dopasowana-do-prostokatnej-kostki-k9-xtool\/\" \/>\n<meta property=\"og:locale\" content=\"pl_PL\" \/>\n<meta property=\"og:type\" content=\"article\" \/>\n<meta property=\"og:title\" content=\"Podstawa LED dopasowana do prostok\u0105tnej kostki K9 xTool - IRONSKY.PL Sklep z Dronami\" \/>\n<meta property=\"og:description\" content=\"Podstawa LED dopasowana do prostok\u0105tnej kostki K9 xTool - \u2705 sklep z dronami i fachowym doradztwem. \u2705 Tutaj kupisz produkty DJI, Yuneec, Parrot, Syma i wiele innych, a tak\u017ce kursy i licencje na operatora drona.\" \/>\n<meta property=\"og:url\" content=\"https:\/\/ironsky.pl\/sklep\/produkt\/podstawa-led-dopasowana-do-prostokatnej-kostki-k9-xtool\/\" \/>\n<meta property=\"og:site_name\" content=\"IRONSKY.PL Sklep z Dronami\" \/>\n<meta property=\"article:modified_time\" content=\"2026-04-21T04:23:09+00:00\" \/>\n<meta property=\"og:image\" content=\"https:\/\/ironsky.pl\/sklep\/wp-content\/uploads\/2026\/04\/59486_1.jpg\" \/>\n\t<meta property=\"og:image:width\" content=\"800\" \/>\n\t<meta property=\"og:image:height\" content=\"800\" \/>\n\t<meta property=\"og:image:type\" content=\"image\/jpeg\" \/>\n<meta name=\"twitter:card\" content=\"summary_large_image\" \/>\n<script type=\"application\/ld+json\" class=\"yoast-schema-graph\">{\"@context\":\"https:\/\/schema.org\",\"@graph\":[{\"@type\":\"WebPage\",\"@id\":\"https:\/\/ironsky.pl\/sklep\/produkt\/podstawa-led-dopasowana-do-prostokatnej-kostki-k9-xtool\/\",\"url\":\"https:\/\/ironsky.pl\/sklep\/produkt\/podstawa-led-dopasowana-do-prostokatnej-kostki-k9-xtool\/\",\"name\":\"Podstawa LED dopasowana do prostok\u0105tnej kostki K9 xTool - IRONSKY.PL Sklep z Dronami\",\"isPartOf\":{\"@id\":\"https:\/\/ironsky.pl\/sklep\/#website\"},\"primaryImageOfPage\":{\"@id\":\"https:\/\/ironsky.pl\/sklep\/produkt\/podstawa-led-dopasowana-do-prostokatnej-kostki-k9-xtool\/#primaryimage\"},\"image\":{\"@id\":\"https:\/\/ironsky.pl\/sklep\/produkt\/podstawa-led-dopasowana-do-prostokatnej-kostki-k9-xtool\/#primaryimage\"},\"thumbnailUrl\":\"https:\/\/ironsky.pl\/sklep\/wp-content\/uploads\/2026\/04\/59486_1.jpg\",\"datePublished\":\"2026-04-15T09:24:20+00:00\",\"dateModified\":\"2026-04-21T04:23:09+00:00\",\"description\":\"Podstawa LED dopasowana do prostok\u0105tnej kostki K9 xTool - \u2705 sklep z dronami i fachowym doradztwem. \u2705 Tutaj kupisz produkty DJI, Yuneec, Parrot, Syma i wiele innych, a tak\u017ce kursy i licencje na operatora drona.\",\"breadcrumb\":{\"@id\":\"https:\/\/ironsky.pl\/sklep\/produkt\/podstawa-led-dopasowana-do-prostokatnej-kostki-k9-xtool\/#breadcrumb\"},\"inLanguage\":\"pl-PL\",\"potentialAction\":[{\"@type\":\"ReadAction\",\"target\":[\"https:\/\/ironsky.pl\/sklep\/produkt\/podstawa-led-dopasowana-do-prostokatnej-kostki-k9-xtool\/\"]}]},{\"@type\":\"ImageObject\",\"inLanguage\":\"pl-PL\",\"@id\":\"https:\/\/ironsky.pl\/sklep\/produkt\/podstawa-led-dopasowana-do-prostokatnej-kostki-k9-xtool\/#primaryimage\",\"url\":\"https:\/\/ironsky.pl\/sklep\/wp-content\/uploads\/2026\/04\/59486_1.jpg\",\"contentUrl\":\"https:\/\/ironsky.pl\/sklep\/wp-content\/uploads\/2026\/04\/59486_1.jpg\",\"width\":800,\"height\":800},{\"@type\":\"BreadcrumbList\",\"@id\":\"https:\/\/ironsky.pl\/sklep\/produkt\/podstawa-led-dopasowana-do-prostokatnej-kostki-k9-xtool\/#breadcrumb\",\"itemListElement\":[{\"@type\":\"ListItem\",\"position\":1,\"name\":\"Strona g\u0142\u00f3wna\",\"item\":\"https:\/\/ironsky.pl\/sklep\/\"},{\"@type\":\"ListItem\",\"position\":2,\"name\":\"Wszystkie produkty\",\"item\":\"https:\/\/ironsky.pl\/sklep\/produkty\/\"},{\"@type\":\"ListItem\",\"position\":3,\"name\":\"Podstawa LED dopasowana do prostok\u0105tnej kostki K9 xTool\"}]},{\"@type\":\"WebSite\",\"@id\":\"https:\/\/ironsky.pl\/sklep\/#website\",\"url\":\"https:\/\/ironsky.pl\/sklep\/\",\"name\":\"IRONSKY.PL Sklep z Dronami\",\"description\":\"IRONSKY.PL Sklep z Dronami\",\"potentialAction\":[{\"@type\":\"SearchAction\",\"target\":{\"@type\":\"EntryPoint\",\"urlTemplate\":\"https:\/\/ironsky.pl\/sklep\/?s={search_term_string}\"},\"query-input\":{\"@type\":\"PropertyValueSpecification\",\"valueRequired\":true,\"valueName\":\"search_term_string\"}}],\"inLanguage\":\"pl-PL\"}]}<\/script>\n<!-- \/ Yoast SEO plugin. -->","yoast_head_json":{"title":"Podstawa LED dopasowana do prostok\u0105tnej kostki K9 xTool - IRONSKY.PL Sklep z Dronami","description":"Podstawa LED dopasowana do prostok\u0105tnej kostki K9 xTool - \u2705 sklep z dronami i fachowym doradztwem. \u2705 Tutaj kupisz produkty DJI, Yuneec, Parrot, Syma i wiele innych, a tak\u017ce kursy i licencje na operatora drona.","robots":{"index":"index","follow":"follow","max-snippet":"max-snippet:-1","max-image-preview":"max-image-preview:large","max-video-preview":"max-video-preview:-1"},"canonical":"https:\/\/ironsky.pl\/sklep\/produkt\/podstawa-led-dopasowana-do-prostokatnej-kostki-k9-xtool\/","og_locale":"pl_PL","og_type":"article","og_title":"Podstawa LED dopasowana do prostok\u0105tnej kostki K9 xTool - IRONSKY.PL Sklep z Dronami","og_description":"Podstawa LED dopasowana do prostok\u0105tnej kostki K9 xTool - \u2705 sklep z dronami i fachowym doradztwem. \u2705 Tutaj kupisz produkty DJI, Yuneec, Parrot, Syma i wiele innych, a tak\u017ce kursy i licencje na operatora drona.","og_url":"https:\/\/ironsky.pl\/sklep\/produkt\/podstawa-led-dopasowana-do-prostokatnej-kostki-k9-xtool\/","og_site_name":"IRONSKY.PL Sklep z Dronami","article_modified_time":"2026-04-21T04:23:09+00:00","og_image":[{"width":800,"height":800,"url":"https:\/\/ironsky.pl\/sklep\/wp-content\/uploads\/2026\/04\/59486_1.jpg","type":"image\/jpeg"}],"twitter_card":"summary_large_image","schema":{"@context":"https:\/\/schema.org","@graph":[{"@type":"WebPage","@id":"https:\/\/ironsky.pl\/sklep\/produkt\/podstawa-led-dopasowana-do-prostokatnej-kostki-k9-xtool\/","url":"https:\/\/ironsky.pl\/sklep\/produkt\/podstawa-led-dopasowana-do-prostokatnej-kostki-k9-xtool\/","name":"Podstawa LED dopasowana do prostok\u0105tnej kostki K9 xTool - IRONSKY.PL Sklep z Dronami","isPartOf":{"@id":"https:\/\/ironsky.pl\/sklep\/#website"},"primaryImageOfPage":{"@id":"https:\/\/ironsky.pl\/sklep\/produkt\/podstawa-led-dopasowana-do-prostokatnej-kostki-k9-xtool\/#primaryimage"},"image":{"@id":"https:\/\/ironsky.pl\/sklep\/produkt\/podstawa-led-dopasowana-do-prostokatnej-kostki-k9-xtool\/#primaryimage"},"thumbnailUrl":"https:\/\/ironsky.pl\/sklep\/wp-content\/uploads\/2026\/04\/59486_1.jpg","datePublished":"2026-04-15T09:24:20+00:00","dateModified":"2026-04-21T04:23:09+00:00","description":"Podstawa LED dopasowana do prostok\u0105tnej kostki K9 xTool - \u2705 sklep z dronami i fachowym doradztwem. \u2705 Tutaj kupisz produkty DJI, Yuneec, Parrot, Syma i wiele innych, a tak\u017ce kursy i licencje na operatora drona.","breadcrumb":{"@id":"https:\/\/ironsky.pl\/sklep\/produkt\/podstawa-led-dopasowana-do-prostokatnej-kostki-k9-xtool\/#breadcrumb"},"inLanguage":"pl-PL","potentialAction":[{"@type":"ReadAction","target":["https:\/\/ironsky.pl\/sklep\/produkt\/podstawa-led-dopasowana-do-prostokatnej-kostki-k9-xtool\/"]}]},{"@type":"ImageObject","inLanguage":"pl-PL","@id":"https:\/\/ironsky.pl\/sklep\/produkt\/podstawa-led-dopasowana-do-prostokatnej-kostki-k9-xtool\/#primaryimage","url":"https:\/\/ironsky.pl\/sklep\/wp-content\/uploads\/2026\/04\/59486_1.jpg","contentUrl":"https:\/\/ironsky.pl\/sklep\/wp-content\/uploads\/2026\/04\/59486_1.jpg","width":800,"height":800},{"@type":"BreadcrumbList","@id":"https:\/\/ironsky.pl\/sklep\/produkt\/podstawa-led-dopasowana-do-prostokatnej-kostki-k9-xtool\/#breadcrumb","itemListElement":[{"@type":"ListItem","position":1,"name":"Strona g\u0142\u00f3wna","item":"https:\/\/ironsky.pl\/sklep\/"},{"@type":"ListItem","position":2,"name":"Wszystkie produkty","item":"https:\/\/ironsky.pl\/sklep\/produkty\/"},{"@type":"ListItem","position":3,"name":"Podstawa LED dopasowana do prostok\u0105tnej kostki K9 xTool"}]},{"@type":"WebSite","@id":"https:\/\/ironsky.pl\/sklep\/#website","url":"https:\/\/ironsky.pl\/sklep\/","name":"IRONSKY.PL Sklep z Dronami","description":"IRONSKY.PL Sklep z Dronami","potentialAction":[{"@type":"SearchAction","target":{"@type":"EntryPoint","urlTemplate":"https:\/\/ironsky.pl\/sklep\/?s={search_term_string}"},"query-input":{"@type":"PropertyValueSpecification","valueRequired":true,"valueName":"search_term_string"}}],"inLanguage":"pl-PL"}]}},"_links":{"self":[{"href":"https:\/\/ironsky.pl\/sklep\/wp-json\/wp\/v2\/product\/62105","targetHints":{"allow":["GET"]}}],"collection":[{"href":"https:\/\/ironsky.pl\/sklep\/wp-json\/wp\/v2\/product"}],"about":[{"href":"https:\/\/ironsky.pl\/sklep\/wp-json\/wp\/v2\/types\/product"}],"replies":[{"embeddable":true,"href":"https:\/\/ironsky.pl\/sklep\/wp-json\/wp\/v2\/comments?post=62105"}],"wp:featuredmedia":[{"embeddable":true,"href":"https:\/\/ironsky.pl\/sklep\/wp-json\/wp\/v2\/media\/62106"}],"wp:attachment":[{"href":"https:\/\/ironsky.pl\/sklep\/wp-json\/wp\/v2\/media?parent=62105"}],"wp:term":[{"taxonomy":"product_brand","embeddable":true,"href":"https:\/\/ironsky.pl\/sklep\/wp-json\/wp\/v2\/product_brand?post=62105"},{"taxonomy":"product_cat","embeddable":true,"href":"https:\/\/ironsky.pl\/sklep\/wp-json\/wp\/v2\/product_cat?post=62105"},{"taxonomy":"product_tag","embeddable":true,"href":"https:\/\/ironsky.pl\/sklep\/wp-json\/wp\/v2\/product_tag?post=62105"}],"curies":[{"name":"wp","href":"https:\/\/api.w.org\/{rel}","templated":true}]}}