{"id":62097,"date":"2026-04-15T11:24:20","date_gmt":"2026-04-15T09:24:20","guid":{"rendered":"https:\/\/ironsky.pl\/sklep\/produkt\/grawerka-laserowa-xtool-f2-ultra-uv\/"},"modified":"2026-04-19T16:43:15","modified_gmt":"2026-04-19T14:43:15","slug":"grawerka-laserowa-xtool-f2-ultra-uv","status":"publish","type":"product","link":"https:\/\/ironsky.pl\/sklep\/produkt\/grawerka-laserowa-xtool-f2-ultra-uv\/","title":{"rendered":"Grawerka Laserowa xTool F2 Ultra UV"},"content":{"rendered":"<h3>Grawerka Laserowa xTool F2 Ultra UV<\/h3>\n<p>xTool F2 Ultra UV to zaawansowana grawerka laserowa UV o mocy 5 W i d\u0142ugo\u015bci fali 355 nm, kt\u00f3ra oferuje niesamowit\u0105 precyzj\u0119, pr\u0119dko\u015b\u0107 pracy do 15 000 mm\/s i dok\u0142adno\u015b\u0107 pozycjonowania na poziomie 0,2 mm. Dzi\u0119ki obs\u0142udze grawerowania 3D wewn\u0105trz szk\u0142a, du\u017cemu polu roboczemu do 200 \u00d7 200 mm (z mo\u017cliwo\u015bci\u0105 rozszerzenia do 200 \u00d7 500 mm) i systemowi podw\u00f3jnych kamer 48 MP urz\u0105dzenie zapewnia wyj\u0105tkow\u0105 dok\u0142adno\u015b\u0107 i wszechstronno\u015b\u0107. To rozwi\u0105zanie stworzone do realizacji projekt\u00f3w premium \u2013 od personalizacji produkt\u00f3w po produkcj\u0119 bi\u017cuterii, ozd\u00f3b i wiele wi\u0119cej.<\/p>\n<p>\n<img decoding=\"async\" src=\"https:\/\/assets.innpro.pl\/20537\/27337\/7.jpg\" border=\"0\" alt=\"M\u0119\u017cczyzna z kr\u0119conymi w\u0142osami ogl\u0105da szklan\u0105 kostk\u0119 z wygrawerowan\u0105 figur\u0105 konia obok grawerki xTool F1 Ultra\" \/>\n<\/p>\n<h3>Precyzja na poziomie mikron\u00f3w, brak przypale\u0144 i perfekcyjne wyko\u0144czenie<\/h3>\n<p>Zastosowanie technologii UV o ultrakr\u00f3tkiej d\u0142ugo\u015bci fali 355 nm pozwala osi\u0105gn\u0105\u0107 rozmiar plamki poni\u017cej 10 \u03bcm, co przek\u0142ada si\u0119 na niezwykle szczeg\u00f3\u0142owe i ostre grawerunki. Laser dzia\u0142a z dok\u0142adno\u015bci\u0105, kt\u00f3ra pozwala odwzorowa\u0107 nawet najdrobniejsze elementy projektu, zachowuj\u0105c idealne kraw\u0119dzie bez zniekszta\u0142ce\u0144. W praktyce oznacza to mo\u017cliwo\u015b\u0107 grawerowania bi\u017cuterii, przedmiot\u00f3w codziennego u\u017cytku czy element\u00f3w dekoracyjnych z niespotykan\u0105 precyzj\u0105. Co wi\u0119cej, zamiast generowania ciep\u0142a, laser UV wykorzystuje energi\u0119 foton\u00f3w, aby bezpo\u015brednio rozbija\u0107 wi\u0105zania molekularne. Dzi\u0119ki temu materia\u0142 nie ulega przypaleniu ani deformacji, a kraw\u0119dzie pozostaj\u0105 czyste i g\u0142adkie. Co wa\u017cne, proces ten nie wymaga dodatkowego przygotowania powierzchni ani obr\u00f3bki po grawerowaniu, co skraca czas realizacji projekt\u00f3w.<\/p>\n<p>\n<img decoding=\"async\" src=\"https:\/\/assets.innpro.pl\/20537\/27337\/4.jpg\" border=\"0\" alt=\"Dwie drewniane kostki z wygrawerowanym napisem \u201eKeep The Moment\u201d i ozdobnym wzorem, trzymane w d\u0142oniach\" \/>\n<\/p>\n<h3>Grawerowanie 3D wewn\u0105trz szk\u0142a \u2013 efekt, kt\u00f3ry robi wra\u017cenie<\/h3>\n<p>Jedn\u0105 z najciekawszych zalet modelu F2 Ultra UV jest mo\u017cliwo\u015b\u0107 tworzenia tr\u00f3jwymiarowych projekt\u00f3w wewn\u0105trz szk\u0142a bez naruszania jego powierzchni. Dzi\u0119ki zastosowanej technologii laser buduje struktury 3D w \u015brodku materia\u0142u, pozostawiaj\u0105c zewn\u0119trzn\u0105 warstw\u0119 idealnie g\u0142adk\u0105. To rozwi\u0105zanie pozwala tworzy\u0107 efektowne pami\u0105tki, statuetki czy elementy dekoracyjne.<\/p>\n<p>\n<img decoding=\"async\" src=\"https:\/\/assets.innpro.pl\/20537\/27337\/2.jpg\" border=\"0\" alt=\"Trzy przedmioty z grawerem: szklanka z napisem, szklana kostka z figur\u0105 konia i niebieski wisiorek w kszta\u0142cie konika morskiego\" \/>\n<\/p>\n<h3>Jedna maszyna \u2013 niemal nieograniczone mo\u017cliwo\u015bci<\/h3>\n<p>xTool F2 Ultra UV obs\u0142uguje szeroki zakres materia\u0142\u00f3w, takich jak kryszta\u0142, akryl, metal, drewno, sk\u00f3ra, ceramika, plastik, silikon czy guma. Umo\u017cliwia zar\u00f3wno grawerowanie szk\u0142a, jak i jego ci\u0119cie, obr\u00f3bk\u0119 obrotow\u0105 i wyt\u0142aczanie. Dodatkowo zapewnia wysok\u0105 precyzj\u0119 bez konieczno\u015bci stosowania piaskowania lub foli. Dzi\u0119ki technologii 3D Curve\u2122 mo\u017cliwe jest precyzyjne odwzorowanie projekt\u00f3w na nieregularnych kszta\u0142tach, a opcjonalna obs\u0142uga grawerowania w 360\u00b0 pozwala pracowa\u0107 na butelkach, szklankach, kubkach i innych cylindrycznych obiektach.<\/p>\n<p>\n<img decoding=\"async\" src=\"https:\/\/assets.innpro.pl\/20537\/27337\/6.jpg\" border=\"0\" alt=\"Kola\u017c pi\u0119ciu zdj\u0119\u0107 przedstawiaj\u0105cy spersonalizowane przedmioty z grawerem, w tym kostk\u0119 szklan\u0105 ze zdj\u0119ciem i obr\u0105czki\" \/>\n<\/p>\n<h3>Inteligentny system kamer \u2013 maksymalna dok\u0142adno\u015b\u0107 pracy<\/h3>\n<p>xTool F2 Ultra UV wykorzystuje pierwszy w bran\u017cy system UV z dwiema kamerami 48 MP. Taka konstrukcja zapewnia dok\u0142adno\u015b\u0107 pozycjonowania na poziomie 0,2 mm, kt\u00f3ra jest nawet o 60% wy\u017csza ni\u017c w systemach z pojedyncz\u0105 kamer\u0105. Mo\u017cesz wi\u0119c idealnie dopasowa\u0107 wz\u00f3r do obrabianego elementu!<\/p>\n<p>\n<img decoding=\"async\" src=\"https:\/\/assets.innpro.pl\/20537\/27337\/1.jpg\" border=\"0\" alt=\"Grawerka laserowa xTool F2 Ultra UV z zamkni\u0119t\u0105 os\u0142on\u0105, panelem sterowania i kablem na szarym tle\" \/>\n<\/p>\n<h3>Oprogramowanie, kt\u00f3re upraszcza tworzenie<\/h3>\n<p>Grawerka wsp\u00f3\u0142pracuje z ekosystemem xTool Creative Space (obejmuj\u0105cym narz\u0119dzia takie jak xTool Studio czy Atomm), kt\u00f3ry u\u0142atwia przej\u015bcie od pomys\u0142u do gotowego produktu. Biblioteka EasySet\u2122 z ponad 300 materia\u0142ami pozwala rozpocz\u0105\u0107 prac\u0119 bez testowania ustawie\u0144, a funkcja Intelligent Path Planning optymalizuje \u015bcie\u017cki pracy lasera, zwi\u0119kszaj\u0105c wydajno\u015b\u0107 nawet o 300% i umo\u017cliwiaj\u0105c jednoczesn\u0105 obs\u0142ug\u0119 wielu urz\u0105dze\u0144. System umo\u017cliwia tak\u017ce konwersj\u0119 projekt\u00f3w 2D lub tekstu do modeli 3D z wykorzystaniem AI, u\u0142atwiaj\u0105c tworzenie efektownych realizacji. Dodatkowo zyskujesz dost\u0119p do platformy DesignFind z baz\u0105 ponad 5000 gotowych projekt\u00f3w wraz z plikami i instrukcjami.<\/p>\n<p>\n<img decoding=\"async\" src=\"https:\/\/assets.innpro.pl\/20537\/27337\/5.jpg\" border=\"0\" alt=\"Pier\u015bcionek zar\u0119czynowy z brylantem w niebieskim pude\u0142ku, z powi\u0119kszeniem graweru \u201eForever Love\u201d na kamieniu\" \/>\n<\/p>\n<h3>Wysoka wydajno\u015b\u0107 i szybka realizacja projekt\u00f3w<\/h3>\n<p>Pr\u0119dko\u015b\u0107 pracy si\u0119gaj\u0105ca a\u017c 15 000 mm\/s i precyzyjny system galvo umo\u017cliwiaj\u0105 realizacj\u0119 nawet bardziej skomplikowanych projekt\u00f3w w zaskakuj\u0105co kr\u00f3tkim czasie. Dla przyk\u0142adu, wykonanie graweru na metalowym naszyjniku zajmie oko\u0142o 16 sekund, na silikonowym etui na telefon \u2013 oko\u0142o 1 minuty, a na jeansowych szortach \u2013 oko\u0142o 3 minut. To prawdziwa oszcz\u0119dno\u015b\u0107 czasu i mo\u017cliwo\u015b\u0107 zwi\u0119kszenia skali produkcji bez utraty jako\u015bci.<\/p>\n<p>\n<img decoding=\"async\" src=\"https:\/\/assets.innpro.pl\/20537\/27337\/8.jpg\" border=\"0\" alt=\"Grawerka laserowa xTool F2 Ultra UV na szarym tle\" \/>\n<\/p>\n<h3>Elastyczne pole robocze i tryby pracy<\/h3>\n<p>Grawerka oferuje dwa tryby pracy \u2013 grawerowanie powierzchniowe oraz wewn\u0119trzne 3D. Mo\u017cesz wi\u0119c z \u0142atwo\u015bci\u0105 dostosowa\u0107 j\u0105 do bie\u017c\u0105cych potrzeb! Co wi\u0119cej, standardowe pole robocze wynosi 200 \u00d7 200 mm, a dzi\u0119ki opcjonalnemu przeno\u015bnikowi mo\u017cna je zwi\u0119kszy\u0107 do 200 \u00d7 500 mm. Takie rozwi\u0105zanie pozwala na realizacj\u0119 wi\u0119kszych projekt\u00f3w i\u00a0 produkcj\u0119 seryjn\u0105.<\/p>\n<p>\n<img decoding=\"async\" src=\"https:\/\/assets.innpro.pl\/20537\/27337\/9.jpg\" border=\"0\" alt=\"Grawerka laserowa xTool F2 Ultra UV z otwart\u0105 g\u00f3rn\u0105 os\u0142on\u0105, ukazuj\u0105ca wn\u0119trze urz\u0105dzenia\" \/>\n<\/p>\n<h3>Bezpieczna i wygodna praca od pierwszego uruchomienia<\/h3>\n<p>Model Ultra UV zosta\u0142 zaprojektowany z my\u015bl\u0105 o bezproblemowej pracy w r\u00f3\u017cnych \u015brodowiskach. Oferuje funkcj\u0119 automatycznego zatrzymania awaryjnego, kt\u00f3ra zwi\u0119ksza bezpiecze\u0144stwo w razie nieprzewidzianych sytuacji. Wyr\u00f3\u017cnia si\u0119 tak\u017ce zaawansowanym systemem ch\u0142odzenia, kt\u00f3ry dba o stabilne i niezawodne dzia\u0142anie nawet przy intensywnym u\u017cytkowaniu. Do tego dochodzi wzmocniona obudowa, kt\u00f3ra zwi\u0119ksza trwa\u0142o\u015b\u0107. Ponadto konstrukcja typu plug &#038; play pozwala szybko rozpocz\u0105\u0107 grawerowanie bez skomplikowanej konfiguracji, dzi\u0119ki czemu mo\u017cesz skupi\u0107 si\u0119 na realizacji projekt\u00f3w i obs\u0142udze klient\u00f3w, zamiast traci\u0107 czas na przygotowanie sprz\u0119tu. Co wi\u0119cej, zamkni\u0119ta konstrukcja urz\u0105dzenia zapobiega wydostawaniu si\u0119 promieniowania laserowego na zewn\u0105trz, a przycisk awaryjny pozwala natychmiast zatrzyma\u0107 prac\u0119 w razie potrzeby.<\/p>\n<p>\n<img decoding=\"async\" src=\"https:\/\/assets.innpro.pl\/20537\/27337\/3.jpg\" border=\"0\" alt=\"Kola\u017c siedmiu zdj\u0119\u0107 pokazuj\u0105cy r\u00f3\u017cne przedmioty z grawerem: klawisze, tabliczk\u0119, medale, spodnie, butelk\u0119 i bi\u017cuteri\u0119\" \/>\n<\/p>\n<h3>W zestawie<\/h3>\n<ul class=\"list-disc pl-5\">\n<li>Grawerka laserowa xTool F2 Ultra UV<\/li>\n<li>Kontroler dotykowy<\/li>\n<li>Rura odprowadzaj\u0105ca dym<\/li>\n<li>Adapter zasilania<\/li>\n<li>Kabel zasilaj\u0105cy<\/li>\n<li>Kabel USB<\/li>\n<li>Klucz<\/li>\n<li>Panel szczebelkowy<\/li>\n<li>Element pozycjonuj\u0105cy w kszta\u0142cie litery L<\/li>\n<li>\u015aciereczka bezpy\u0142owa<\/li>\n<li>Wkr\u0119tak 2,5 mm<\/li>\n<li>Zestaw materia\u0142\u00f3w do grawerowania powierzchni<\/li>\n<li>Zestaw do grawerowania wewn\u0119trznego<\/li>\n<li>Skr\u00f3cona instrukcja obs\u0142ugi<\/li>\n<li>Instrukcje bezpiecze\u0144stwa<\/li>\n<\/ul>\n<div class=\"table-wrapper\">\n<p>\u00a0<\/p>\n<h3><\/h3>\n<table>\n<tbody>\n<tr>\n<th>Producent<\/th>\n<td>xTool<\/td>\n<\/tr>\n<tr>\n<th>Model<\/th>\n<td>F2 Ultra UV<\/td>\n<\/tr>\n<tr>\n<th>Typ lasera<\/th>\n<td>UV 5 W 355 nm<\/td>\n<\/tr>\n<tr>\n<th>Tryb pracy<\/th>\n<td>Grawerowanie laserowe, ci\u0119cie laserowe<\/td>\n<\/tr>\n<tr>\n<th>Obs\u0142ugiwane materia\u0142y<\/th>\n<td>Grawerowanie: szk\u0142o, kryszta\u0142, akryl, drewno, metal, sk\u00f3ra, plastik, guma, silikon, ceramika i inne<br \/>Ci\u0119cie: papier, drewno, plastik, szk\u0142o, tkanina, sk\u00f3ra i inne<\/td>\n<\/tr>\n<tr>\n<th>Pole robocze<\/th>\n<td>Grawerowanie powierzchniowe: 200 \u00d7 200 mm<br \/>Grawerowanie wewn\u0119trzne: 70 \u00d7 70 mm<br \/>Z przeno\u015bnikiem: 200 \u00d7 500 mm<\/td>\n<\/tr>\n<tr>\n<th>Podgl\u0105d<\/th>\n<td>Smart Camera Preview, High-speed Light Live Preview<\/td>\n<\/tr>\n<tr>\n<th>Maksymalna pr\u0119dko\u015b\u0107 pracy<\/th>\n<td>15 000 mm\/s<\/td>\n<\/tr>\n<tr>\n<th>Maksymalna zdolno\u015b\u0107 ci\u0119cia<\/th>\n<td>15 mm (w wielu przej\u015bciach)<\/td>\n<\/tr>\n<tr>\n<th>Kamery<\/th>\n<td>Dwie kamery 48 MP<\/td>\n<\/tr>\n<tr>\n<th>Dok\u0142adno\u015b\u0107<\/th>\n<td>0,2 mm<\/td>\n<\/tr>\n<tr>\n<th>Wymiary<\/th>\n<td>294 \u00d7 429 \u00d7 520 mm<\/td>\n<\/tr>\n<tr>\n<th>Waga<\/th>\n<td>22,5 kg<\/td>\n<\/tr>\n<tr>\n<th>Obs\u0142ugiwane oprogramowanie<\/th>\n<td>xTool Studio<\/td>\n<\/tr>\n<tr>\n<th>System operacyjny<\/th>\n<td>Windows, macOS<\/td>\n<\/tr>\n<\/tbody>\n<\/table>\n<\/div>\n","protected":false},"excerpt":{"rendered":"<p>Grawerka Laserowa xTool F2 Ultra UV xTool F2 Ultra UV to zaawansowana grawerka laserowa UV o mocy 5 W i<\/p>\n","protected":false},"featured_media":62098,"comment_status":"closed","ping_status":"open","template":"","meta":{"_acf_changed":false},"product_brand":[],"product_cat":[6226,6222,6217],"product_tag":[],"class_list":{"0":"post-62097","1":"product","2":"type-product","3":"status-publish","4":"has-post-thumbnail","6":"product_cat-akcesoria-do-drukarek-3d","7":"product_cat-druk-3d-technologie-kreatywne","8":"product_cat-technologie-kreatywne","9":"pa_okres-gwarancji-5757","10":"pa_producent-xtool","12":"first","13":"instock","14":"taxable","15":"shipping-taxable","16":"purchasable","17":"product-type-simple"},"acf":[],"yoast_head":"<!-- This site is optimized with the Yoast SEO plugin v27.2 - https:\/\/yoast.com\/product\/yoast-seo-wordpress\/ -->\n<title>Grawerka Laserowa xTool F2 Ultra UV - IRONSKY.PL Sklep z Dronami<\/title>\n<meta name=\"description\" content=\"Grawerka Laserowa xTool F2 Ultra UV - \u2705 sklep z dronami i fachowym doradztwem. \u2705 Tutaj kupisz produkty DJI, Yuneec, Parrot, Syma i wiele innych, a tak\u017ce kursy i licencje na operatora drona.\" \/>\n<meta name=\"robots\" content=\"index, follow, max-snippet:-1, max-image-preview:large, max-video-preview:-1\" \/>\n<link rel=\"canonical\" href=\"https:\/\/ironsky.pl\/sklep\/produkt\/grawerka-laserowa-xtool-f2-ultra-uv\/\" \/>\n<meta property=\"og:locale\" content=\"pl_PL\" \/>\n<meta property=\"og:type\" content=\"article\" \/>\n<meta property=\"og:title\" content=\"Grawerka Laserowa xTool F2 Ultra UV - IRONSKY.PL Sklep z Dronami\" \/>\n<meta property=\"og:description\" content=\"Grawerka Laserowa xTool F2 Ultra UV - \u2705 sklep z dronami i fachowym doradztwem. \u2705 Tutaj kupisz produkty DJI, Yuneec, Parrot, Syma i wiele innych, a tak\u017ce kursy i licencje na operatora drona.\" \/>\n<meta property=\"og:url\" content=\"https:\/\/ironsky.pl\/sklep\/produkt\/grawerka-laserowa-xtool-f2-ultra-uv\/\" \/>\n<meta property=\"og:site_name\" content=\"IRONSKY.PL Sklep z Dronami\" \/>\n<meta property=\"article:modified_time\" content=\"2026-04-19T14:43:15+00:00\" \/>\n<meta property=\"og:image\" content=\"https:\/\/ironsky.pl\/sklep\/wp-content\/uploads\/2026\/04\/59483_1.jpg\" \/>\n\t<meta property=\"og:image:width\" content=\"800\" \/>\n\t<meta property=\"og:image:height\" content=\"800\" \/>\n\t<meta property=\"og:image:type\" content=\"image\/jpeg\" \/>\n<meta name=\"twitter:card\" content=\"summary_large_image\" \/>\n<meta name=\"twitter:label1\" content=\"Szacowany czas czytania\" \/>\n\t<meta name=\"twitter:data1\" content=\"5 minut\" \/>\n<script type=\"application\/ld+json\" class=\"yoast-schema-graph\">{\"@context\":\"https:\/\/schema.org\",\"@graph\":[{\"@type\":\"WebPage\",\"@id\":\"https:\/\/ironsky.pl\/sklep\/produkt\/grawerka-laserowa-xtool-f2-ultra-uv\/\",\"url\":\"https:\/\/ironsky.pl\/sklep\/produkt\/grawerka-laserowa-xtool-f2-ultra-uv\/\",\"name\":\"Grawerka Laserowa xTool F2 Ultra UV - IRONSKY.PL Sklep z Dronami\",\"isPartOf\":{\"@id\":\"https:\/\/ironsky.pl\/sklep\/#website\"},\"primaryImageOfPage\":{\"@id\":\"https:\/\/ironsky.pl\/sklep\/produkt\/grawerka-laserowa-xtool-f2-ultra-uv\/#primaryimage\"},\"image\":{\"@id\":\"https:\/\/ironsky.pl\/sklep\/produkt\/grawerka-laserowa-xtool-f2-ultra-uv\/#primaryimage\"},\"thumbnailUrl\":\"https:\/\/ironsky.pl\/sklep\/wp-content\/uploads\/2026\/04\/59483_1.jpg\",\"datePublished\":\"2026-04-15T09:24:20+00:00\",\"dateModified\":\"2026-04-19T14:43:15+00:00\",\"description\":\"Grawerka Laserowa xTool F2 Ultra UV - \u2705 sklep z dronami i fachowym doradztwem. \u2705 Tutaj kupisz produkty DJI, Yuneec, Parrot, Syma i wiele innych, a tak\u017ce kursy i licencje na operatora drona.\",\"breadcrumb\":{\"@id\":\"https:\/\/ironsky.pl\/sklep\/produkt\/grawerka-laserowa-xtool-f2-ultra-uv\/#breadcrumb\"},\"inLanguage\":\"pl-PL\",\"potentialAction\":[{\"@type\":\"ReadAction\",\"target\":[\"https:\/\/ironsky.pl\/sklep\/produkt\/grawerka-laserowa-xtool-f2-ultra-uv\/\"]}]},{\"@type\":\"ImageObject\",\"inLanguage\":\"pl-PL\",\"@id\":\"https:\/\/ironsky.pl\/sklep\/produkt\/grawerka-laserowa-xtool-f2-ultra-uv\/#primaryimage\",\"url\":\"https:\/\/ironsky.pl\/sklep\/wp-content\/uploads\/2026\/04\/59483_1.jpg\",\"contentUrl\":\"https:\/\/ironsky.pl\/sklep\/wp-content\/uploads\/2026\/04\/59483_1.jpg\",\"width\":800,\"height\":800},{\"@type\":\"BreadcrumbList\",\"@id\":\"https:\/\/ironsky.pl\/sklep\/produkt\/grawerka-laserowa-xtool-f2-ultra-uv\/#breadcrumb\",\"itemListElement\":[{\"@type\":\"ListItem\",\"position\":1,\"name\":\"Strona g\u0142\u00f3wna\",\"item\":\"https:\/\/ironsky.pl\/sklep\/\"},{\"@type\":\"ListItem\",\"position\":2,\"name\":\"Wszystkie produkty\",\"item\":\"https:\/\/ironsky.pl\/sklep\/produkty\/\"},{\"@type\":\"ListItem\",\"position\":3,\"name\":\"Grawerka Laserowa xTool F2 Ultra UV\"}]},{\"@type\":\"WebSite\",\"@id\":\"https:\/\/ironsky.pl\/sklep\/#website\",\"url\":\"https:\/\/ironsky.pl\/sklep\/\",\"name\":\"IRONSKY.PL Sklep z Dronami\",\"description\":\"IRONSKY.PL Sklep z Dronami\",\"potentialAction\":[{\"@type\":\"SearchAction\",\"target\":{\"@type\":\"EntryPoint\",\"urlTemplate\":\"https:\/\/ironsky.pl\/sklep\/?s={search_term_string}\"},\"query-input\":{\"@type\":\"PropertyValueSpecification\",\"valueRequired\":true,\"valueName\":\"search_term_string\"}}],\"inLanguage\":\"pl-PL\"}]}<\/script>\n<!-- \/ Yoast SEO plugin. -->","yoast_head_json":{"title":"Grawerka Laserowa xTool F2 Ultra UV - IRONSKY.PL Sklep z Dronami","description":"Grawerka Laserowa xTool F2 Ultra UV - \u2705 sklep z dronami i fachowym doradztwem. \u2705 Tutaj kupisz produkty DJI, Yuneec, Parrot, Syma i wiele innych, a tak\u017ce kursy i licencje na operatora drona.","robots":{"index":"index","follow":"follow","max-snippet":"max-snippet:-1","max-image-preview":"max-image-preview:large","max-video-preview":"max-video-preview:-1"},"canonical":"https:\/\/ironsky.pl\/sklep\/produkt\/grawerka-laserowa-xtool-f2-ultra-uv\/","og_locale":"pl_PL","og_type":"article","og_title":"Grawerka Laserowa xTool F2 Ultra UV - IRONSKY.PL Sklep z Dronami","og_description":"Grawerka Laserowa xTool F2 Ultra UV - \u2705 sklep z dronami i fachowym doradztwem. \u2705 Tutaj kupisz produkty DJI, Yuneec, Parrot, Syma i wiele innych, a tak\u017ce kursy i licencje na operatora drona.","og_url":"https:\/\/ironsky.pl\/sklep\/produkt\/grawerka-laserowa-xtool-f2-ultra-uv\/","og_site_name":"IRONSKY.PL Sklep z Dronami","article_modified_time":"2026-04-19T14:43:15+00:00","og_image":[{"width":800,"height":800,"url":"https:\/\/ironsky.pl\/sklep\/wp-content\/uploads\/2026\/04\/59483_1.jpg","type":"image\/jpeg"}],"twitter_card":"summary_large_image","twitter_misc":{"Szacowany czas czytania":"5 minut"},"schema":{"@context":"https:\/\/schema.org","@graph":[{"@type":"WebPage","@id":"https:\/\/ironsky.pl\/sklep\/produkt\/grawerka-laserowa-xtool-f2-ultra-uv\/","url":"https:\/\/ironsky.pl\/sklep\/produkt\/grawerka-laserowa-xtool-f2-ultra-uv\/","name":"Grawerka Laserowa xTool F2 Ultra UV - IRONSKY.PL Sklep z Dronami","isPartOf":{"@id":"https:\/\/ironsky.pl\/sklep\/#website"},"primaryImageOfPage":{"@id":"https:\/\/ironsky.pl\/sklep\/produkt\/grawerka-laserowa-xtool-f2-ultra-uv\/#primaryimage"},"image":{"@id":"https:\/\/ironsky.pl\/sklep\/produkt\/grawerka-laserowa-xtool-f2-ultra-uv\/#primaryimage"},"thumbnailUrl":"https:\/\/ironsky.pl\/sklep\/wp-content\/uploads\/2026\/04\/59483_1.jpg","datePublished":"2026-04-15T09:24:20+00:00","dateModified":"2026-04-19T14:43:15+00:00","description":"Grawerka Laserowa xTool F2 Ultra UV - \u2705 sklep z dronami i fachowym doradztwem. \u2705 Tutaj kupisz produkty DJI, Yuneec, Parrot, Syma i wiele innych, a tak\u017ce kursy i licencje na operatora drona.","breadcrumb":{"@id":"https:\/\/ironsky.pl\/sklep\/produkt\/grawerka-laserowa-xtool-f2-ultra-uv\/#breadcrumb"},"inLanguage":"pl-PL","potentialAction":[{"@type":"ReadAction","target":["https:\/\/ironsky.pl\/sklep\/produkt\/grawerka-laserowa-xtool-f2-ultra-uv\/"]}]},{"@type":"ImageObject","inLanguage":"pl-PL","@id":"https:\/\/ironsky.pl\/sklep\/produkt\/grawerka-laserowa-xtool-f2-ultra-uv\/#primaryimage","url":"https:\/\/ironsky.pl\/sklep\/wp-content\/uploads\/2026\/04\/59483_1.jpg","contentUrl":"https:\/\/ironsky.pl\/sklep\/wp-content\/uploads\/2026\/04\/59483_1.jpg","width":800,"height":800},{"@type":"BreadcrumbList","@id":"https:\/\/ironsky.pl\/sklep\/produkt\/grawerka-laserowa-xtool-f2-ultra-uv\/#breadcrumb","itemListElement":[{"@type":"ListItem","position":1,"name":"Strona g\u0142\u00f3wna","item":"https:\/\/ironsky.pl\/sklep\/"},{"@type":"ListItem","position":2,"name":"Wszystkie produkty","item":"https:\/\/ironsky.pl\/sklep\/produkty\/"},{"@type":"ListItem","position":3,"name":"Grawerka Laserowa xTool F2 Ultra UV"}]},{"@type":"WebSite","@id":"https:\/\/ironsky.pl\/sklep\/#website","url":"https:\/\/ironsky.pl\/sklep\/","name":"IRONSKY.PL Sklep z Dronami","description":"IRONSKY.PL Sklep z Dronami","potentialAction":[{"@type":"SearchAction","target":{"@type":"EntryPoint","urlTemplate":"https:\/\/ironsky.pl\/sklep\/?s={search_term_string}"},"query-input":{"@type":"PropertyValueSpecification","valueRequired":true,"valueName":"search_term_string"}}],"inLanguage":"pl-PL"}]}},"_links":{"self":[{"href":"https:\/\/ironsky.pl\/sklep\/wp-json\/wp\/v2\/product\/62097","targetHints":{"allow":["GET"]}}],"collection":[{"href":"https:\/\/ironsky.pl\/sklep\/wp-json\/wp\/v2\/product"}],"about":[{"href":"https:\/\/ironsky.pl\/sklep\/wp-json\/wp\/v2\/types\/product"}],"replies":[{"embeddable":true,"href":"https:\/\/ironsky.pl\/sklep\/wp-json\/wp\/v2\/comments?post=62097"}],"wp:featuredmedia":[{"embeddable":true,"href":"https:\/\/ironsky.pl\/sklep\/wp-json\/wp\/v2\/media\/62098"}],"wp:attachment":[{"href":"https:\/\/ironsky.pl\/sklep\/wp-json\/wp\/v2\/media?parent=62097"}],"wp:term":[{"taxonomy":"product_brand","embeddable":true,"href":"https:\/\/ironsky.pl\/sklep\/wp-json\/wp\/v2\/product_brand?post=62097"},{"taxonomy":"product_cat","embeddable":true,"href":"https:\/\/ironsky.pl\/sklep\/wp-json\/wp\/v2\/product_cat?post=62097"},{"taxonomy":"product_tag","embeddable":true,"href":"https:\/\/ironsky.pl\/sklep\/wp-json\/wp\/v2\/product_tag?post=62097"}],"curies":[{"name":"wp","href":"https:\/\/api.w.org\/{rel}","templated":true}]}}