{"id":62092,"date":"2026-04-15T11:24:20","date_gmt":"2026-04-15T09:24:20","guid":{"rendered":"https:\/\/ironsky.pl\/sklep\/produkt\/torba-na-laptopa-tomtoc-defender-a22-14-granatowa\/"},"modified":"2026-04-21T23:25:23","modified_gmt":"2026-04-21T21:25:23","slug":"torba-na-laptopa-tomtoc-defender-a22-14-granatowa","status":"publish","type":"product","link":"https:\/\/ironsky.pl\/sklep\/produkt\/torba-na-laptopa-tomtoc-defender-a22-14-granatowa\/","title":{"rendered":"Torba na laptopa TOMTOC Defender-A22 14&#8221; (granatowa)"},"content":{"rendered":"<h3>Torba na laptopa TOMTOC Defender-A22 14&#8221; (granatowa)<\/h3>\n<p>Torba na laptopa TOMTOC Defender-A22 14&#8221; to model, kt\u00f3ry \u0142\u0105czy wysoki poziom ochrony z wygod\u0105 codziennego u\u017cytkowania. Zosta\u0142a dopasowana do 14-calowego MacBooka, a jej wymiary wewn\u0119trzne wynosz\u0105 oko\u0142o 31,27 x 22,12 x 1,55 cm, dzi\u0119ki czemu sprz\u0119t pozostaje stabilnie u\u0142o\u017cony wewn\u0105trz. Konstrukcja oferuje ochron\u0119 360\u00b0 i wykorzystuje technologi\u0119 CornerArmor w 4 naro\u017cnikach, a dodatkowo wyr\u00f3\u017cnia si\u0119 certyfikatem MIL-STD-810H: 2019. To praktyczne rozwi\u0105zanie dla os\u00f3b, kt\u00f3re chc\u0105 bezpiecznie przenosi\u0107 laptopa w drodze do pracy, na uczelni\u0119 czy podczas codziennych dojazd\u00f3w.<\/p>\n<p>\n<img decoding=\"async\" src=\"https:\/\/assets.innpro.pl\/20510\/27310\/3.jpg\" border=\"0\" alt=\"Granatowe etui tomtoc w kreatywnym studiu krawieckim, z rolkami nici, granulatem i g\u0105bkami\" \/>\n<\/p>\n<h3>Ochrona, kt\u00f3ra dzia\u0142a z ka\u017cdej strony<\/h3>\n<p>Najwa\u017cniejsz\u0105 zalet\u0105 torby jest rozbudowany system zabezpiecze\u0144, kt\u00f3ry chroni laptopa przed wstrz\u0105sami, uderzeniami i zarysowaniami. W 4 rogach zastosowano specjaln\u0105 technologi\u0119 CornerArmor, a dodatkowe kraw\u0119dzie o wysokiej spr\u0119\u017cysto\u015bci oraz mi\u0119kka podszewka z polaru w po\u0142\u0105czeniu z wype\u0142nieniem o du\u017cej g\u0119sto\u015bci zwi\u0119kszaj\u0105 poziom ochrony ca\u0142ej konstrukcji. Dzi\u0119ki temu torba lepiej zabezpiecza umieszczone wewn\u0105trz urz\u0105dzenie w czasie przenoszenia i pomaga ograniczy\u0107 ryzyko uszkodze\u0144 przy przypadkowych uderzeniach lub upadkach.<\/p>\n<p>\n<img decoding=\"async\" src=\"https:\/\/assets.innpro.pl\/20510\/27310\/1.jpg\" border=\"0\" alt=\"Zbli\u017cenie na r\u00f3g laptopa z grafik\u0105 siatki 3D, pomara\u0144czowymi i b\u0142\u0119kitnymi elementami, \u015brub\u0105 i gum\u0105\" \/>\n<\/p>\n<h3>Bezpieczne przechowywanie i wygodny dost\u0119p<\/h3>\n<p>Torba zosta\u0142a wyposa\u017cona w zamek b\u0142yskawiczny na ca\u0142ym obwodzie i otwiera si\u0119 na p\u0142asko co u\u0142atwia wk\u0142adanie i wyjmowanie laptopa. Dodatkow\u0105 ochron\u0119 zapewnia podw\u00f3jne zabezpieczenie w postaci pasa mocuj\u0105cego oraz ochronnej klapy, kt\u00f3re pomagaj\u0105 utrzyma\u0107 sprz\u0119t na miejscu i chroni\u0105 go przed wysuni\u0119ciem, na przyk\u0142ad gdy zamek nie zostanie ca\u0142kowicie zamkni\u0119ty.<\/p>\n<p>\n<img decoding=\"async\" src=\"https:\/\/assets.innpro.pl\/20510\/27310\/2.jpg\" border=\"0\" alt=\"Granatowe etui tomtoc z otwart\u0105 komor\u0105, puszystym, jasnoszarym wn\u0119trzem i czerwon\u0105 metk\u0105 CornerArmor\" \/>\n<\/p>\n<h3>Praktyczna kiesze\u0144 i dopracowane detale<\/h3>\n<p>Na froncie torby znajduje si\u0119 du\u017ca kiesze\u0144, w kt\u00f3rej mo\u017cesz wygodnie przechowywa\u0107 najpotrzebniejsze akcesoria, takie jak \u0142adowarka, zasilacz, przewody, klawiatura czy mysz. Bez problemu zmie\u015bcisz w niej r\u00f3wnie\u017c tablet (do rozmiaru 11-calowego iPada Pro), a dodatkowy pasek pozwala przypi\u0105\u0107 na przyk\u0142ad AirTaga. Taki uk\u0142ad u\u0142atwia organizacj\u0119 przestrzeni i sprawia, \u017ce wszystko, czego potrzebujesz, mo\u017cesz mie\u0107 w jednym miejscu.<\/p>\n<p>\n<img decoding=\"async\" src=\"https:\/\/assets.innpro.pl\/20510\/27310\/8.jpg\" border=\"0\" alt=\"Granatowe etui tomtoc z otwart\u0105 kieszeni\u0105, myszk\u0105, \u0142adowark\u0105 i kablem, na szarym tle\" \/>\n<\/p>\n<h3>Trwa\u0142e materia\u0142y i komfort na co dzie\u0144<\/h3>\n<p>Model Defender-A22 zosta\u0142 wykonany z wytrzyma\u0142ych tkanin z recyklingu, kt\u00f3re wyr\u00f3\u017cniaj\u0105 si\u0119 odporno\u015bci\u0105 na zachlapania i zu\u017cycie. Mi\u0119kka polarowa podszewka, zamki YKK i wygodny uchwyt z PU sprawiaj\u0105, \u017ce torba dobrze sprawdza si\u0119 w regularnym u\u017cytkowaniu i jednocze\u015bnie zapewnia odpowiedni komfort przenoszenia.<\/p>\n<p>\n<img decoding=\"async\" src=\"https:\/\/assets.innpro.pl\/20510\/27310\/5.jpg\" border=\"0\" alt=\"Zbli\u017cenie na pomara\u0144czowy uchwyt i czarny suwak granatowego etui na laptopa\" \/>\n<\/p>\n<h3>Szeroka kompatybilno\u015b\u0107<\/h3>\n<p>Torba zosta\u0142a dopasowana do 14-calowych MacBook\u00f3w Pro z uk\u0142adami M5, M4, M3, M2 i M1 Pro\/Max. Jest te\u017c kompatybilna z 13-calowym iPadem Pro (M5\/M4), 13-calowym iPadem Air (M4\/M3\/M2), Pro (M5\/M4) lub 12,9-calowym iPadem Pro 6., 5., 4. i 3. generacji z klawiatur\u0105 Magic Keyboard lub Smart Keyboard Folio. Pasuje tak\u017ce do laptop\u00f3w Dell XPS 14. Je\u015bli u\u017cywasz innego urz\u0105dzenia, przed zakupem warto por\u00f3wna\u0107 jego szeroko\u015b\u0107, wysoko\u015b\u0107 i grubo\u015b\u0107 z wymiarami wewn\u0119trznymi torby.<\/p>\n<p>\n<img decoding=\"async\" src=\"https:\/\/assets.innpro.pl\/20510\/27310\/7.jpg\" border=\"0\" alt=\"Granatowe etui tomtoc z pomara\u0144czowym uchwytem, le\u017c\u0105ce p\u0142asko na jasnoszarym biurku obok klawiatury\" \/>\n<\/p>\n<div class=\"table-wrapper\">\n<p>\u00a0<\/p>\n<h3><\/h3>\n<table>\n<tbody>\n<tr>\n<th>Producent<\/th>\n<td>TOMTOC<\/td>\n<\/tr>\n<tr>\n<th>Model<\/th>\n<td>Defender-A22<\/td>\n<\/tr>\n<tr>\n<th>Kolor<\/th>\n<td>Granatowy<\/td>\n<\/tr>\n<tr>\n<th>Przek\u0105tna kompatybilnego laptopa<\/th>\n<td>14&#8221;<\/td>\n<\/tr>\n<tr>\n<th>Materia\u0142 zewn\u0119trzny<\/th>\n<td>Tkanina z recyklingu<\/td>\n<\/tr>\n<tr>\n<th>Podszewka<\/th>\n<td>Mi\u0119kki polar<\/td>\n<\/tr>\n<tr>\n<th>Zamki<\/th>\n<td>YKK<\/td>\n<\/tr>\n<tr>\n<th>Kiesze\u0144 przednia<\/th>\n<td>Tak<\/td>\n<\/tr>\n<tr>\n<th>Wymiary zewn\u0119trzne<\/th>\n<td>Ok. 34,49 x 26,01 x 4,50 cm<\/td>\n<\/tr>\n<tr>\n<th>Wymiary wewn\u0119trzne<\/th>\n<td>Ok. 31,27 x 22,12 x 1,55 cm<\/td>\n<\/tr>\n<tr>\n<th>Wymiary przedniej kieszeni<\/th>\n<td>Ok. 34,01 x 19,00 cm<\/td>\n<\/tr>\n<\/tbody>\n<\/table>\n<\/div>\n","protected":false},"excerpt":{"rendered":"<p>Torba na laptopa TOMTOC Defender-A22 14&#8221; (granatowa) Torba na laptopa TOMTOC Defender-A22 14&#8221; to model, kt\u00f3ry \u0142\u0105czy wysoki poziom ochrony<\/p>\n","protected":false},"featured_media":62093,"comment_status":"closed","ping_status":"open","template":"","meta":{"_acf_changed":false},"product_brand":[],"product_cat":[5929,5955],"product_tag":[],"class_list":{"0":"post-62092","1":"product","2":"type-product","3":"status-publish","4":"has-post-thumbnail","6":"product_cat-akcesoria-it","7":"product_cat-przenoszenie","8":"pa_okres-gwarancji-5757","9":"pa_producent-tomtoc","11":"first","12":"instock","13":"taxable","14":"shipping-taxable","15":"purchasable","16":"product-type-simple"},"acf":[],"yoast_head":"<!-- This site is optimized with the Yoast SEO plugin v27.2 - https:\/\/yoast.com\/product\/yoast-seo-wordpress\/ -->\n<title>Torba na laptopa TOMTOC Defender-A22 14&#039;&#039; (granatowa) - IRONSKY.PL Sklep z Dronami<\/title>\n<meta name=\"description\" content=\"Torba na laptopa TOMTOC Defender-A22 14&#039;&#039; (granatowa) - \u2705 sklep z dronami i fachowym doradztwem. \u2705 Tutaj kupisz produkty DJI, Yuneec, Parrot, Syma i wiele innych, a tak\u017ce kursy i licencje na operatora drona.\" \/>\n<meta name=\"robots\" content=\"index, follow, max-snippet:-1, max-image-preview:large, max-video-preview:-1\" \/>\n<link rel=\"canonical\" href=\"https:\/\/ironsky.pl\/sklep\/produkt\/torba-na-laptopa-tomtoc-defender-a22-14-granatowa\/\" \/>\n<meta property=\"og:locale\" content=\"pl_PL\" \/>\n<meta property=\"og:type\" content=\"article\" \/>\n<meta property=\"og:title\" content=\"Torba na laptopa TOMTOC Defender-A22 14&#039;&#039; (granatowa) - IRONSKY.PL Sklep z Dronami\" \/>\n<meta property=\"og:description\" content=\"Torba na laptopa TOMTOC Defender-A22 14&#039;&#039; (granatowa) - \u2705 sklep z dronami i fachowym doradztwem. \u2705 Tutaj kupisz produkty DJI, Yuneec, Parrot, Syma i wiele innych, a tak\u017ce kursy i licencje na operatora drona.\" \/>\n<meta property=\"og:url\" content=\"https:\/\/ironsky.pl\/sklep\/produkt\/torba-na-laptopa-tomtoc-defender-a22-14-granatowa\/\" \/>\n<meta property=\"og:site_name\" content=\"IRONSKY.PL Sklep z Dronami\" \/>\n<meta property=\"article:modified_time\" content=\"2026-04-21T21:25:23+00:00\" \/>\n<meta property=\"og:image\" content=\"https:\/\/ironsky.pl\/sklep\/wp-content\/uploads\/2026\/04\/59466_2.jpg\" \/>\n\t<meta property=\"og:image:width\" content=\"800\" \/>\n\t<meta property=\"og:image:height\" content=\"800\" \/>\n\t<meta property=\"og:image:type\" content=\"image\/jpeg\" \/>\n<meta name=\"twitter:card\" content=\"summary_large_image\" \/>\n<meta name=\"twitter:label1\" content=\"Szacowany czas czytania\" \/>\n\t<meta name=\"twitter:data1\" content=\"3 minuty\" \/>\n<script type=\"application\/ld+json\" class=\"yoast-schema-graph\">{\"@context\":\"https:\/\/schema.org\",\"@graph\":[{\"@type\":\"WebPage\",\"@id\":\"https:\/\/ironsky.pl\/sklep\/produkt\/torba-na-laptopa-tomtoc-defender-a22-14-granatowa\/\",\"url\":\"https:\/\/ironsky.pl\/sklep\/produkt\/torba-na-laptopa-tomtoc-defender-a22-14-granatowa\/\",\"name\":\"Torba na laptopa TOMTOC Defender-A22 14'' (granatowa) - IRONSKY.PL Sklep z Dronami\",\"isPartOf\":{\"@id\":\"https:\/\/ironsky.pl\/sklep\/#website\"},\"primaryImageOfPage\":{\"@id\":\"https:\/\/ironsky.pl\/sklep\/produkt\/torba-na-laptopa-tomtoc-defender-a22-14-granatowa\/#primaryimage\"},\"image\":{\"@id\":\"https:\/\/ironsky.pl\/sklep\/produkt\/torba-na-laptopa-tomtoc-defender-a22-14-granatowa\/#primaryimage\"},\"thumbnailUrl\":\"https:\/\/ironsky.pl\/sklep\/wp-content\/uploads\/2026\/04\/59466_2.jpg\",\"datePublished\":\"2026-04-15T09:24:20+00:00\",\"dateModified\":\"2026-04-21T21:25:23+00:00\",\"description\":\"Torba na laptopa TOMTOC Defender-A22 14'' (granatowa) - \u2705 sklep z dronami i fachowym doradztwem. \u2705 Tutaj kupisz produkty DJI, Yuneec, Parrot, Syma i wiele innych, a tak\u017ce kursy i licencje na operatora drona.\",\"breadcrumb\":{\"@id\":\"https:\/\/ironsky.pl\/sklep\/produkt\/torba-na-laptopa-tomtoc-defender-a22-14-granatowa\/#breadcrumb\"},\"inLanguage\":\"pl-PL\",\"potentialAction\":[{\"@type\":\"ReadAction\",\"target\":[\"https:\/\/ironsky.pl\/sklep\/produkt\/torba-na-laptopa-tomtoc-defender-a22-14-granatowa\/\"]}]},{\"@type\":\"ImageObject\",\"inLanguage\":\"pl-PL\",\"@id\":\"https:\/\/ironsky.pl\/sklep\/produkt\/torba-na-laptopa-tomtoc-defender-a22-14-granatowa\/#primaryimage\",\"url\":\"https:\/\/ironsky.pl\/sklep\/wp-content\/uploads\/2026\/04\/59466_2.jpg\",\"contentUrl\":\"https:\/\/ironsky.pl\/sklep\/wp-content\/uploads\/2026\/04\/59466_2.jpg\",\"width\":800,\"height\":800},{\"@type\":\"BreadcrumbList\",\"@id\":\"https:\/\/ironsky.pl\/sklep\/produkt\/torba-na-laptopa-tomtoc-defender-a22-14-granatowa\/#breadcrumb\",\"itemListElement\":[{\"@type\":\"ListItem\",\"position\":1,\"name\":\"Strona g\u0142\u00f3wna\",\"item\":\"https:\/\/ironsky.pl\/sklep\/\"},{\"@type\":\"ListItem\",\"position\":2,\"name\":\"Wszystkie produkty\",\"item\":\"https:\/\/ironsky.pl\/sklep\/produkty\/\"},{\"@type\":\"ListItem\",\"position\":3,\"name\":\"Torba na laptopa TOMTOC Defender-A22 14&#8221; (granatowa)\"}]},{\"@type\":\"WebSite\",\"@id\":\"https:\/\/ironsky.pl\/sklep\/#website\",\"url\":\"https:\/\/ironsky.pl\/sklep\/\",\"name\":\"IRONSKY.PL Sklep z Dronami\",\"description\":\"IRONSKY.PL Sklep z Dronami\",\"potentialAction\":[{\"@type\":\"SearchAction\",\"target\":{\"@type\":\"EntryPoint\",\"urlTemplate\":\"https:\/\/ironsky.pl\/sklep\/?s={search_term_string}\"},\"query-input\":{\"@type\":\"PropertyValueSpecification\",\"valueRequired\":true,\"valueName\":\"search_term_string\"}}],\"inLanguage\":\"pl-PL\"}]}<\/script>\n<!-- \/ Yoast SEO plugin. -->","yoast_head_json":{"title":"Torba na laptopa TOMTOC Defender-A22 14'' (granatowa) - IRONSKY.PL Sklep z Dronami","description":"Torba na laptopa TOMTOC Defender-A22 14'' (granatowa) - \u2705 sklep z dronami i fachowym doradztwem. \u2705 Tutaj kupisz produkty DJI, Yuneec, Parrot, Syma i wiele innych, a tak\u017ce kursy i licencje na operatora drona.","robots":{"index":"index","follow":"follow","max-snippet":"max-snippet:-1","max-image-preview":"max-image-preview:large","max-video-preview":"max-video-preview:-1"},"canonical":"https:\/\/ironsky.pl\/sklep\/produkt\/torba-na-laptopa-tomtoc-defender-a22-14-granatowa\/","og_locale":"pl_PL","og_type":"article","og_title":"Torba na laptopa TOMTOC Defender-A22 14'' (granatowa) - IRONSKY.PL Sklep z Dronami","og_description":"Torba na laptopa TOMTOC Defender-A22 14'' (granatowa) - \u2705 sklep z dronami i fachowym doradztwem. \u2705 Tutaj kupisz produkty DJI, Yuneec, Parrot, Syma i wiele innych, a tak\u017ce kursy i licencje na operatora drona.","og_url":"https:\/\/ironsky.pl\/sklep\/produkt\/torba-na-laptopa-tomtoc-defender-a22-14-granatowa\/","og_site_name":"IRONSKY.PL Sklep z Dronami","article_modified_time":"2026-04-21T21:25:23+00:00","og_image":[{"width":800,"height":800,"url":"https:\/\/ironsky.pl\/sklep\/wp-content\/uploads\/2026\/04\/59466_2.jpg","type":"image\/jpeg"}],"twitter_card":"summary_large_image","twitter_misc":{"Szacowany czas czytania":"3 minuty"},"schema":{"@context":"https:\/\/schema.org","@graph":[{"@type":"WebPage","@id":"https:\/\/ironsky.pl\/sklep\/produkt\/torba-na-laptopa-tomtoc-defender-a22-14-granatowa\/","url":"https:\/\/ironsky.pl\/sklep\/produkt\/torba-na-laptopa-tomtoc-defender-a22-14-granatowa\/","name":"Torba na laptopa TOMTOC Defender-A22 14'' (granatowa) - IRONSKY.PL Sklep z Dronami","isPartOf":{"@id":"https:\/\/ironsky.pl\/sklep\/#website"},"primaryImageOfPage":{"@id":"https:\/\/ironsky.pl\/sklep\/produkt\/torba-na-laptopa-tomtoc-defender-a22-14-granatowa\/#primaryimage"},"image":{"@id":"https:\/\/ironsky.pl\/sklep\/produkt\/torba-na-laptopa-tomtoc-defender-a22-14-granatowa\/#primaryimage"},"thumbnailUrl":"https:\/\/ironsky.pl\/sklep\/wp-content\/uploads\/2026\/04\/59466_2.jpg","datePublished":"2026-04-15T09:24:20+00:00","dateModified":"2026-04-21T21:25:23+00:00","description":"Torba na laptopa TOMTOC Defender-A22 14'' (granatowa) - \u2705 sklep z dronami i fachowym doradztwem. \u2705 Tutaj kupisz produkty DJI, Yuneec, Parrot, Syma i wiele innych, a tak\u017ce kursy i licencje na operatora drona.","breadcrumb":{"@id":"https:\/\/ironsky.pl\/sklep\/produkt\/torba-na-laptopa-tomtoc-defender-a22-14-granatowa\/#breadcrumb"},"inLanguage":"pl-PL","potentialAction":[{"@type":"ReadAction","target":["https:\/\/ironsky.pl\/sklep\/produkt\/torba-na-laptopa-tomtoc-defender-a22-14-granatowa\/"]}]},{"@type":"ImageObject","inLanguage":"pl-PL","@id":"https:\/\/ironsky.pl\/sklep\/produkt\/torba-na-laptopa-tomtoc-defender-a22-14-granatowa\/#primaryimage","url":"https:\/\/ironsky.pl\/sklep\/wp-content\/uploads\/2026\/04\/59466_2.jpg","contentUrl":"https:\/\/ironsky.pl\/sklep\/wp-content\/uploads\/2026\/04\/59466_2.jpg","width":800,"height":800},{"@type":"BreadcrumbList","@id":"https:\/\/ironsky.pl\/sklep\/produkt\/torba-na-laptopa-tomtoc-defender-a22-14-granatowa\/#breadcrumb","itemListElement":[{"@type":"ListItem","position":1,"name":"Strona g\u0142\u00f3wna","item":"https:\/\/ironsky.pl\/sklep\/"},{"@type":"ListItem","position":2,"name":"Wszystkie produkty","item":"https:\/\/ironsky.pl\/sklep\/produkty\/"},{"@type":"ListItem","position":3,"name":"Torba na laptopa TOMTOC Defender-A22 14&#8221; (granatowa)"}]},{"@type":"WebSite","@id":"https:\/\/ironsky.pl\/sklep\/#website","url":"https:\/\/ironsky.pl\/sklep\/","name":"IRONSKY.PL Sklep z Dronami","description":"IRONSKY.PL Sklep z Dronami","potentialAction":[{"@type":"SearchAction","target":{"@type":"EntryPoint","urlTemplate":"https:\/\/ironsky.pl\/sklep\/?s={search_term_string}"},"query-input":{"@type":"PropertyValueSpecification","valueRequired":true,"valueName":"search_term_string"}}],"inLanguage":"pl-PL"}]}},"_links":{"self":[{"href":"https:\/\/ironsky.pl\/sklep\/wp-json\/wp\/v2\/product\/62092","targetHints":{"allow":["GET"]}}],"collection":[{"href":"https:\/\/ironsky.pl\/sklep\/wp-json\/wp\/v2\/product"}],"about":[{"href":"https:\/\/ironsky.pl\/sklep\/wp-json\/wp\/v2\/types\/product"}],"replies":[{"embeddable":true,"href":"https:\/\/ironsky.pl\/sklep\/wp-json\/wp\/v2\/comments?post=62092"}],"wp:featuredmedia":[{"embeddable":true,"href":"https:\/\/ironsky.pl\/sklep\/wp-json\/wp\/v2\/media\/62093"}],"wp:attachment":[{"href":"https:\/\/ironsky.pl\/sklep\/wp-json\/wp\/v2\/media?parent=62092"}],"wp:term":[{"taxonomy":"product_brand","embeddable":true,"href":"https:\/\/ironsky.pl\/sklep\/wp-json\/wp\/v2\/product_brand?post=62092"},{"taxonomy":"product_cat","embeddable":true,"href":"https:\/\/ironsky.pl\/sklep\/wp-json\/wp\/v2\/product_cat?post=62092"},{"taxonomy":"product_tag","embeddable":true,"href":"https:\/\/ironsky.pl\/sklep\/wp-json\/wp\/v2\/product_tag?post=62092"}],"curies":[{"name":"wp","href":"https:\/\/api.w.org\/{rel}","templated":true}]}}