{"id":62088,"date":"2026-04-15T11:24:20","date_gmt":"2026-04-15T09:24:20","guid":{"rendered":"https:\/\/ironsky.pl\/sklep\/produkt\/filtr-sredniej-wydajnosci-xtool-safetypro-ap2\/"},"modified":"2026-04-17T18:21:19","modified_gmt":"2026-04-17T16:21:19","slug":"filtr-sredniej-wydajnosci-xtool-safetypro-ap2","status":"publish","type":"product","link":"https:\/\/ironsky.pl\/sklep\/produkt\/filtr-sredniej-wydajnosci-xtool-safetypro-ap2\/","title":{"rendered":"Filtr \u015bredniej wydajno\u015bci xTool SafetyPro\u2122 AP2"},"content":{"rendered":"<h3>Filtr \u015bredniej wydajno\u015bci xTool SafetyPro\u2122 AP2<\/h3>\n<p>Filtr \u015bredniej wydajno\u015bci przeznaczony do oczyszczacza xTool SafetyPro\u2122 AP2 odpowiada za skuteczne usuwanie drobnych cz\u0105steczek, w tym py\u0142\u00f3w PM2.5 i drobinek kurzu o wielko\u015bci powy\u017cej 0,3 \u03bcm. Osi\u0105ga efektywno\u015b\u0107 filtracji na poziomie 95% i stanowi wa\u017cny etap w wielostopniowym systemie oczyszczania powietrza. Przechwytuje zanieczyszczenia, kt\u00f3re nie zosta\u0142y zatrzymane przez filtr wst\u0119pny, co zwi\u0119ksza skuteczno\u015b\u0107 kolejnych warstw filtracyjnych. Na uwag\u0119 zas\u0142uguje tak\u017ce jego d\u0142uga \u017cywotno\u015b\u0107 \u2013 a\u017c do 200 godzin.<\/p>\n<p>\n<img decoding=\"async\" src=\"https:\/\/assets.innpro.pl\/20534\/27334\/3.jpg\" border=\"0\" alt=\"Filtr \u015bredniej wydajno\u015bci do xTool SafetyPro\u2122 AP2 na szarym tle\" \/>\n<\/p>\n<div class=\"table-wrapper\">\n<p>\u00a0<\/p>\n<h3><\/h3>\n<table>\n<tbody>\n<tr>\n<th>Producent<\/th>\n<td>xTool<\/td>\n<\/tr>\n<tr>\n<th>Model<\/th>\n<td>P5010396<\/td>\n<\/tr>\n<tr>\n<th>Typ filtra<\/th>\n<td>\u015aredniej wydajno\u015bci<\/td>\n<\/tr>\n<tr>\n<th>Kompatybilno\u015b\u0107<\/th>\n<td>Oczyszczacz xTool SafetyPro\u2122 AP2<\/td>\n<\/tr>\n<tr>\n<th>Skuteczno\u015b\u0107 filtracji<\/th>\n<td>95%<\/td>\n<\/tr>\n<tr>\n<th>\u017bywotno\u015b\u0107<\/th>\n<td>Do 200 godzin<\/td>\n<\/tr>\n<\/tbody>\n<\/table>\n<\/div>\n","protected":false},"excerpt":{"rendered":"<p>Filtr \u015bredniej wydajno\u015bci xTool SafetyPro\u2122 AP2 Filtr \u015bredniej wydajno\u015bci przeznaczony do oczyszczacza xTool SafetyPro\u2122 AP2 odpowiada za skuteczne usuwanie drobnych<\/p>\n","protected":false},"featured_media":62089,"comment_status":"closed","ping_status":"open","template":"","meta":{"_acf_changed":false},"product_brand":[],"product_cat":[6226,6222,6217],"product_tag":[],"class_list":{"0":"post-62088","1":"product","2":"type-product","3":"status-publish","4":"has-post-thumbnail","6":"product_cat-akcesoria-do-drukarek-3d","7":"product_cat-druk-3d-technologie-kreatywne","8":"product_cat-technologie-kreatywne","9":"pa_okres-gwarancji-5757","10":"pa_producent-xtool","12":"first","13":"instock","14":"taxable","15":"shipping-taxable","16":"purchasable","17":"product-type-simple"},"acf":[],"yoast_head":"<!-- This site is optimized with the Yoast SEO plugin v27.2 - https:\/\/yoast.com\/product\/yoast-seo-wordpress\/ -->\n<title>Filtr \u015bredniej wydajno\u015bci xTool SafetyPro\u2122 AP2 - IRONSKY.PL Sklep z Dronami<\/title>\n<meta name=\"description\" content=\"Filtr \u015bredniej wydajno\u015bci xTool SafetyPro\u2122 AP2 - \u2705 sklep z dronami i fachowym doradztwem. \u2705 Tutaj kupisz produkty DJI, Yuneec, Parrot, Syma i wiele innych, a tak\u017ce kursy i licencje na operatora drona.\" \/>\n<meta name=\"robots\" content=\"index, follow, max-snippet:-1, max-image-preview:large, max-video-preview:-1\" \/>\n<link rel=\"canonical\" href=\"https:\/\/ironsky.pl\/sklep\/produkt\/filtr-sredniej-wydajnosci-xtool-safetypro-ap2\/\" \/>\n<meta property=\"og:locale\" content=\"pl_PL\" \/>\n<meta property=\"og:type\" content=\"article\" \/>\n<meta property=\"og:title\" content=\"Filtr \u015bredniej wydajno\u015bci xTool SafetyPro\u2122 AP2 - IRONSKY.PL Sklep z Dronami\" \/>\n<meta property=\"og:description\" content=\"Filtr \u015bredniej wydajno\u015bci xTool SafetyPro\u2122 AP2 - \u2705 sklep z dronami i fachowym doradztwem. \u2705 Tutaj kupisz produkty DJI, Yuneec, Parrot, Syma i wiele innych, a tak\u017ce kursy i licencje na operatora drona.\" \/>\n<meta property=\"og:url\" content=\"https:\/\/ironsky.pl\/sklep\/produkt\/filtr-sredniej-wydajnosci-xtool-safetypro-ap2\/\" \/>\n<meta property=\"og:site_name\" content=\"IRONSKY.PL Sklep z Dronami\" \/>\n<meta property=\"article:modified_time\" content=\"2026-04-17T16:21:19+00:00\" \/>\n<meta property=\"og:image\" content=\"https:\/\/ironsky.pl\/sklep\/wp-content\/uploads\/2026\/04\/59458_1.jpg\" \/>\n\t<meta property=\"og:image:width\" content=\"800\" \/>\n\t<meta property=\"og:image:height\" content=\"800\" \/>\n\t<meta property=\"og:image:type\" content=\"image\/jpeg\" \/>\n<meta name=\"twitter:card\" content=\"summary_large_image\" \/>\n<meta name=\"twitter:label1\" content=\"Szacowany czas czytania\" \/>\n\t<meta name=\"twitter:data1\" content=\"1 minuta\" \/>\n<script type=\"application\/ld+json\" class=\"yoast-schema-graph\">{\"@context\":\"https:\/\/schema.org\",\"@graph\":[{\"@type\":\"WebPage\",\"@id\":\"https:\/\/ironsky.pl\/sklep\/produkt\/filtr-sredniej-wydajnosci-xtool-safetypro-ap2\/\",\"url\":\"https:\/\/ironsky.pl\/sklep\/produkt\/filtr-sredniej-wydajnosci-xtool-safetypro-ap2\/\",\"name\":\"Filtr \u015bredniej wydajno\u015bci xTool SafetyPro\u2122 AP2 - IRONSKY.PL Sklep z Dronami\",\"isPartOf\":{\"@id\":\"https:\/\/ironsky.pl\/sklep\/#website\"},\"primaryImageOfPage\":{\"@id\":\"https:\/\/ironsky.pl\/sklep\/produkt\/filtr-sredniej-wydajnosci-xtool-safetypro-ap2\/#primaryimage\"},\"image\":{\"@id\":\"https:\/\/ironsky.pl\/sklep\/produkt\/filtr-sredniej-wydajnosci-xtool-safetypro-ap2\/#primaryimage\"},\"thumbnailUrl\":\"https:\/\/ironsky.pl\/sklep\/wp-content\/uploads\/2026\/04\/59458_1.jpg\",\"datePublished\":\"2026-04-15T09:24:20+00:00\",\"dateModified\":\"2026-04-17T16:21:19+00:00\",\"description\":\"Filtr \u015bredniej wydajno\u015bci xTool SafetyPro\u2122 AP2 - \u2705 sklep z dronami i fachowym doradztwem. \u2705 Tutaj kupisz produkty DJI, Yuneec, Parrot, Syma i wiele innych, a tak\u017ce kursy i licencje na operatora drona.\",\"breadcrumb\":{\"@id\":\"https:\/\/ironsky.pl\/sklep\/produkt\/filtr-sredniej-wydajnosci-xtool-safetypro-ap2\/#breadcrumb\"},\"inLanguage\":\"pl-PL\",\"potentialAction\":[{\"@type\":\"ReadAction\",\"target\":[\"https:\/\/ironsky.pl\/sklep\/produkt\/filtr-sredniej-wydajnosci-xtool-safetypro-ap2\/\"]}]},{\"@type\":\"ImageObject\",\"inLanguage\":\"pl-PL\",\"@id\":\"https:\/\/ironsky.pl\/sklep\/produkt\/filtr-sredniej-wydajnosci-xtool-safetypro-ap2\/#primaryimage\",\"url\":\"https:\/\/ironsky.pl\/sklep\/wp-content\/uploads\/2026\/04\/59458_1.jpg\",\"contentUrl\":\"https:\/\/ironsky.pl\/sklep\/wp-content\/uploads\/2026\/04\/59458_1.jpg\",\"width\":800,\"height\":800},{\"@type\":\"BreadcrumbList\",\"@id\":\"https:\/\/ironsky.pl\/sklep\/produkt\/filtr-sredniej-wydajnosci-xtool-safetypro-ap2\/#breadcrumb\",\"itemListElement\":[{\"@type\":\"ListItem\",\"position\":1,\"name\":\"Strona g\u0142\u00f3wna\",\"item\":\"https:\/\/ironsky.pl\/sklep\/\"},{\"@type\":\"ListItem\",\"position\":2,\"name\":\"Wszystkie produkty\",\"item\":\"https:\/\/ironsky.pl\/sklep\/produkty\/\"},{\"@type\":\"ListItem\",\"position\":3,\"name\":\"Filtr \u015bredniej wydajno\u015bci xTool SafetyPro\u2122 AP2\"}]},{\"@type\":\"WebSite\",\"@id\":\"https:\/\/ironsky.pl\/sklep\/#website\",\"url\":\"https:\/\/ironsky.pl\/sklep\/\",\"name\":\"IRONSKY.PL Sklep z Dronami\",\"description\":\"IRONSKY.PL Sklep z Dronami\",\"potentialAction\":[{\"@type\":\"SearchAction\",\"target\":{\"@type\":\"EntryPoint\",\"urlTemplate\":\"https:\/\/ironsky.pl\/sklep\/?s={search_term_string}\"},\"query-input\":{\"@type\":\"PropertyValueSpecification\",\"valueRequired\":true,\"valueName\":\"search_term_string\"}}],\"inLanguage\":\"pl-PL\"}]}<\/script>\n<!-- \/ Yoast SEO plugin. -->","yoast_head_json":{"title":"Filtr \u015bredniej wydajno\u015bci xTool SafetyPro\u2122 AP2 - IRONSKY.PL Sklep z Dronami","description":"Filtr \u015bredniej wydajno\u015bci xTool SafetyPro\u2122 AP2 - \u2705 sklep z dronami i fachowym doradztwem. \u2705 Tutaj kupisz produkty DJI, Yuneec, Parrot, Syma i wiele innych, a tak\u017ce kursy i licencje na operatora drona.","robots":{"index":"index","follow":"follow","max-snippet":"max-snippet:-1","max-image-preview":"max-image-preview:large","max-video-preview":"max-video-preview:-1"},"canonical":"https:\/\/ironsky.pl\/sklep\/produkt\/filtr-sredniej-wydajnosci-xtool-safetypro-ap2\/","og_locale":"pl_PL","og_type":"article","og_title":"Filtr \u015bredniej wydajno\u015bci xTool SafetyPro\u2122 AP2 - IRONSKY.PL Sklep z Dronami","og_description":"Filtr \u015bredniej wydajno\u015bci xTool SafetyPro\u2122 AP2 - \u2705 sklep z dronami i fachowym doradztwem. \u2705 Tutaj kupisz produkty DJI, Yuneec, Parrot, Syma i wiele innych, a tak\u017ce kursy i licencje na operatora drona.","og_url":"https:\/\/ironsky.pl\/sklep\/produkt\/filtr-sredniej-wydajnosci-xtool-safetypro-ap2\/","og_site_name":"IRONSKY.PL Sklep z Dronami","article_modified_time":"2026-04-17T16:21:19+00:00","og_image":[{"width":800,"height":800,"url":"https:\/\/ironsky.pl\/sklep\/wp-content\/uploads\/2026\/04\/59458_1.jpg","type":"image\/jpeg"}],"twitter_card":"summary_large_image","twitter_misc":{"Szacowany czas czytania":"1 minuta"},"schema":{"@context":"https:\/\/schema.org","@graph":[{"@type":"WebPage","@id":"https:\/\/ironsky.pl\/sklep\/produkt\/filtr-sredniej-wydajnosci-xtool-safetypro-ap2\/","url":"https:\/\/ironsky.pl\/sklep\/produkt\/filtr-sredniej-wydajnosci-xtool-safetypro-ap2\/","name":"Filtr \u015bredniej wydajno\u015bci xTool SafetyPro\u2122 AP2 - IRONSKY.PL Sklep z Dronami","isPartOf":{"@id":"https:\/\/ironsky.pl\/sklep\/#website"},"primaryImageOfPage":{"@id":"https:\/\/ironsky.pl\/sklep\/produkt\/filtr-sredniej-wydajnosci-xtool-safetypro-ap2\/#primaryimage"},"image":{"@id":"https:\/\/ironsky.pl\/sklep\/produkt\/filtr-sredniej-wydajnosci-xtool-safetypro-ap2\/#primaryimage"},"thumbnailUrl":"https:\/\/ironsky.pl\/sklep\/wp-content\/uploads\/2026\/04\/59458_1.jpg","datePublished":"2026-04-15T09:24:20+00:00","dateModified":"2026-04-17T16:21:19+00:00","description":"Filtr \u015bredniej wydajno\u015bci xTool SafetyPro\u2122 AP2 - \u2705 sklep z dronami i fachowym doradztwem. \u2705 Tutaj kupisz produkty DJI, Yuneec, Parrot, Syma i wiele innych, a tak\u017ce kursy i licencje na operatora drona.","breadcrumb":{"@id":"https:\/\/ironsky.pl\/sklep\/produkt\/filtr-sredniej-wydajnosci-xtool-safetypro-ap2\/#breadcrumb"},"inLanguage":"pl-PL","potentialAction":[{"@type":"ReadAction","target":["https:\/\/ironsky.pl\/sklep\/produkt\/filtr-sredniej-wydajnosci-xtool-safetypro-ap2\/"]}]},{"@type":"ImageObject","inLanguage":"pl-PL","@id":"https:\/\/ironsky.pl\/sklep\/produkt\/filtr-sredniej-wydajnosci-xtool-safetypro-ap2\/#primaryimage","url":"https:\/\/ironsky.pl\/sklep\/wp-content\/uploads\/2026\/04\/59458_1.jpg","contentUrl":"https:\/\/ironsky.pl\/sklep\/wp-content\/uploads\/2026\/04\/59458_1.jpg","width":800,"height":800},{"@type":"BreadcrumbList","@id":"https:\/\/ironsky.pl\/sklep\/produkt\/filtr-sredniej-wydajnosci-xtool-safetypro-ap2\/#breadcrumb","itemListElement":[{"@type":"ListItem","position":1,"name":"Strona g\u0142\u00f3wna","item":"https:\/\/ironsky.pl\/sklep\/"},{"@type":"ListItem","position":2,"name":"Wszystkie produkty","item":"https:\/\/ironsky.pl\/sklep\/produkty\/"},{"@type":"ListItem","position":3,"name":"Filtr \u015bredniej wydajno\u015bci xTool SafetyPro\u2122 AP2"}]},{"@type":"WebSite","@id":"https:\/\/ironsky.pl\/sklep\/#website","url":"https:\/\/ironsky.pl\/sklep\/","name":"IRONSKY.PL Sklep z Dronami","description":"IRONSKY.PL Sklep z Dronami","potentialAction":[{"@type":"SearchAction","target":{"@type":"EntryPoint","urlTemplate":"https:\/\/ironsky.pl\/sklep\/?s={search_term_string}"},"query-input":{"@type":"PropertyValueSpecification","valueRequired":true,"valueName":"search_term_string"}}],"inLanguage":"pl-PL"}]}},"_links":{"self":[{"href":"https:\/\/ironsky.pl\/sklep\/wp-json\/wp\/v2\/product\/62088","targetHints":{"allow":["GET"]}}],"collection":[{"href":"https:\/\/ironsky.pl\/sklep\/wp-json\/wp\/v2\/product"}],"about":[{"href":"https:\/\/ironsky.pl\/sklep\/wp-json\/wp\/v2\/types\/product"}],"replies":[{"embeddable":true,"href":"https:\/\/ironsky.pl\/sklep\/wp-json\/wp\/v2\/comments?post=62088"}],"wp:featuredmedia":[{"embeddable":true,"href":"https:\/\/ironsky.pl\/sklep\/wp-json\/wp\/v2\/media\/62089"}],"wp:attachment":[{"href":"https:\/\/ironsky.pl\/sklep\/wp-json\/wp\/v2\/media?parent=62088"}],"wp:term":[{"taxonomy":"product_brand","embeddable":true,"href":"https:\/\/ironsky.pl\/sklep\/wp-json\/wp\/v2\/product_brand?post=62088"},{"taxonomy":"product_cat","embeddable":true,"href":"https:\/\/ironsky.pl\/sklep\/wp-json\/wp\/v2\/product_cat?post=62088"},{"taxonomy":"product_tag","embeddable":true,"href":"https:\/\/ironsky.pl\/sklep\/wp-json\/wp\/v2\/product_tag?post=62088"}],"curies":[{"name":"wp","href":"https:\/\/api.w.org\/{rel}","templated":true}]}}