{"id":62055,"date":"2026-04-15T11:23:46","date_gmt":"2026-04-15T09:23:46","guid":{"rendered":"https:\/\/ironsky.pl\/sklep\/produkt\/pix4dfields-licencja-educational-student-6-miesiecy\/"},"modified":"2026-04-22T11:25:35","modified_gmt":"2026-04-22T09:25:35","slug":"pix4dfields-licencja-educational-student-6-miesiecy","status":"publish","type":"product","link":"https:\/\/ironsky.pl\/sklep\/produkt\/pix4dfields-licencja-educational-student-6-miesiecy\/","title":{"rendered":"PIX4Dfields &#8211; licencja Educational Student 6 miesi\u0119cy"},"content":{"rendered":"<div style=\"display: flex; flex-direction: column;\" class=\"iai-section-b518b711-327c-49dd-a6df-803f52333dbe-description-wrapper\">\n<div class=\"iai-section-b518b711-327c-49dd-a6df-803f52333dbe iai-section-b518b711-327c-49dd-a6df-803f52333dbe-html\">\n<h3>Pix4Dfields<\/h3>\n<p>Zaawansowane oprogramowanie mapuj\u0105ce dla rolnictwa s\u0142u\u017c\u0105ce do analizy upraw z powietrza i cyfrowego rolnictwa.<\/p>\n<table>\n<tbody>\n<tr>\n<td style=\"width: 50%; text-align: center; vertical-align: middle;\"><img decoding=\"async\" src=\"https:\/\/b2b.innpro.pl\/data\/include\/cms\/enterprise\/Pix4d\/Fields\/Pix4d-fields-uchwyc.png?v=1616064439849\" border=\"0\"><\/td>\n<td>\n<h3>Rejestruj<\/h3>\n<p>Wykonuj zdj\u0119cia za pomoc\u0105 drona <a href=\"https:\/\/b2b.innpro.pl\/product-pol-16836-DJI-Phantom-4-Multispectral.html\" target=\"_blank\" rel=\"noopener\">Phantom 4 Multispectral<\/a>, dowolnej standardowej kamery RGB lub wybranej kamery multispektralnej, takiej jak Parrot Sequoia+ i <a href=\"https:\/\/b2b.innpro.pl\/product-pol-16398-Kamera-multispektralna-Micasense-RedEdge-MX-DJI-Skyport.html\" target=\"_blank\" rel=\"noopener\">MicaSense RedEdge<\/a>.<\/p>\n<\/td>\n<\/tr>\n<\/tbody>\n<\/table>\n<table>\n<tbody>\n<tr>\n<td>\n<h3>Przetwarzaj<\/h3>\n<p>Przetwarzaj zdj\u0119cia za pomoc\u0105 nowego silnika obliczeniowego i uzyskaj swoje mapy bezpo\u015brednio w terenie w znacznie kr\u00f3tszym czasie: 6,8 GB, 2948 zdj\u0119\u0107, 10 minut (z nowym modu\u0142em radiometrii)<\/p>\n<\/td>\n<td style=\"width: 50%; text-align: center; vertical-align: middle;\">\n<p><img decoding=\"async\" src=\"https:\/\/b2b.innpro.pl\/data\/include\/cms\/enterprise\/Pix4d\/Fields\/Pix4d-fields-procesowanie.png?v=1616064439849\" border=\"0\"><\/p>\n<\/td>\n<\/tr>\n<\/tbody>\n<\/table>\n<table>\n<tbody>\n<tr>\n<td style=\"width: 50%; text-align: center; vertical-align: middle;\"><img decoding=\"async\" src=\"https:\/\/b2b.innpro.pl\/data\/include\/cms\/enterprise\/Pix4d\/Fields\/Pix4d-fields-identyfikuj.png?v=1616064439849\" border=\"0\"><\/td>\n<td>\n<h3>Identyfikuj<\/h3>\n<p>Generuj precyzyjne ortomozaiki, cyfrowe modele powierzchni, mapy indeksowe, strefy i dok\u0142adne mapy do precyzyjnego nawo\u017cenia.<br \/>Dopasuj obszar do po\u017c\u0105danej granicy pola, aby przetwarza\u0107 tylko te dane wyj\u015bciowe, kt\u00f3re s\u0105 dla Ciebie wa\u017cne.<\/p>\n<\/td>\n<\/tr>\n<\/tbody>\n<\/table>\n<table>\n<tbody>\n<tr>\n<td>\n<h3>Analizuj<\/h3>\n<p>Wizualizacja i zrozumienie etap\u00f3w wzrostu upraw i poziom\u00f3w obci\u0105\u017cenia twoich upraw.<br \/>Badaj i por\u00f3wnuj r\u00f3\u017cne warstwy danych, aby uzyska\u0107 pe\u0142ny wgl\u0105d w kondycj\u0119 plon\u00f3w lub zalesienia i wykorzysta\u0107 je do zwi\u0119kszenia produkcji przy jedoczesnej redukcji koszt\u00f3w.<\/p>\n<\/td>\n<td style=\"width: 50%; text-align: center; vertical-align: middle;\">\n<p><img decoding=\"async\" src=\"https:\/\/b2b.innpro.pl\/data\/include\/cms\/enterprise\/Pix4d\/Fields\/Pix4d-fields-analizuj.png?v=1616064439849\" border=\"0\"><\/p>\n<\/td>\n<\/tr>\n<\/tbody>\n<\/table>\n<table>\n<tbody>\n<tr>\n<td style=\"width: 50%; text-align: center; vertical-align: middle;\"><img decoding=\"async\" src=\"https:\/\/b2b.innpro.pl\/data\/include\/cms\/enterprise\/Pix4d\/Fields\/Pix4d-fields-udostepniaj.png?v=1616064439848\" border=\"0\"><\/td>\n<td>\n<h3>Kooperuj i udost\u0119pniaj<\/h3>\n<p>Podziel si\u0119 swoimi mapami ze wszystkimi cz\u0142onkami projektu, aby u\u0142atwi\u0107 wsp\u00f3\u0142prac\u0119 dzi\u0119ki narz\u0119dziu do tworzenia raport\u00f3w PDF Pix4Dfields.<\/p>\n<\/td>\n<\/tr>\n<\/tbody>\n<\/table>\n<table>\n<tbody>\n<tr>\n<td>\n<h3>Integruj<\/h3>\n<p>Pobierz wszystkie dane wyj\u015bciowe, wyniki i spostrze\u017cenia w najpopularniejszych formatach plik\u00f3w i zaimportuj je do wybranego oprogramowania rolniczego.<\/p>\n<\/td>\n<td style=\"width: 50%; text-align: center; vertical-align: middle;\">\n<p><img decoding=\"async\" src=\"https:\/\/b2b.innpro.pl\/data\/include\/cms\/enterprise\/Pix4d\/Fields\/Pix4d-fields-integruj.png?v=1616064439849\" border=\"0\"><\/p>\n<\/td>\n<\/tr>\n<\/tbody>\n<\/table>\n<h3>Precyzyjne mapowanie obszar\u00f3w rolniczych z wykorzystaniem danych pochodz\u0105cych z dron\u00f3w i innych bezza\u0142ogowych statk\u00f3w powietrznych (UAV)<\/h3>\n<p>Jedyne cyfrowe oprogramowanie rolnicze skupiaj\u0105ce si\u0119 na skr\u00f3ceniu czasu przetwarzania, przy jednoczesnym zachowaniu najwy\u017cszych standard\u00f3w i dok\u0142adno\u015bci pomiar\u00f3w popartych latami bada\u0144 naukowych.<\/p>\n<h3>Wyniki w terenie<\/h3>\n<p>Szybko tw\u00f3rz mapy (bez konieczno\u015bci po\u0142\u0105czenia z Internetem), aby podejmowa\u0107 decyzje i dzia\u0142ania w jeszcze kr\u00f3tszym czasie, nie opuszczaj\u0105c stanowiska pracy.<\/p>\n<h3>Niezawodno\u015b\u0107<\/h3>\n<p>Zawsze otrzymuj mapy swoich p\u00f3l i upraw w ka\u017cdym krytycznym momencie, niezale\u017cnie od dost\u0119pno\u015bci satelit\u00f3w i zachmurzenia.<\/p>\n<h3>Pewne wyniki<\/h3>\n<p>Wyeliminuj domys\u0142y, analizuj\u0105c mapy stanu upraw i mierz\u0105c nieprawid\u0142owo\u015bci za pomoc\u0105 skalibrowanych zdj\u0119\u0107 multispektralnych lub RGB o pe\u0142nej rozdzielczo\u015bci.<\/p>\n<h3>Synchronizacja<\/h3>\n<p>Po\u0142\u0105cz swoje dane z platformami takimi jak John Deere Operations Center, synchronizuj i uzyskuj dost\u0119p do danych w biurze i w terenie, aby usprawni\u0107 wsp\u00f3\u0142prac\u0119.<\/p>\n<p><iframe style=\"display: block; margin-left: auto; margin-right: auto;\" src=\"\/\/www.youtube.com\/embed\/hBcyRa-yvvE?autoplay=1&amp;\" width=\"789\" height=\"444\"><\/iframe><\/p>\n<h3>Wykorzystaj Pix4Dfields do tworzenia map nawo\u017cenia i maksymalizacji plon\u00f3w<\/h3>\n<p>Tw\u00f3rz dok\u0142adne mapy upraw, generuj spostrze\u017cenia i analizuj dane polowe w czasie rzeczywistym, aby zwi\u0119kszy\u0107 wydajno\u015b\u0107 upraw. Obserwuj, analizuj i wizualizuj zmiany w uprawach przez ca\u0142y rok.<\/p>\n<h3>Mapowanie w czasie rzeczywistym<\/h3>\n<p>Przetwarzaj zdj\u0119cia za pomoc\u0105 mechanizmu natychmiastowego przetwarzania Pix4Dfields i uzyskuj wyniki w ci\u0105gu kilku minut w biurze i w terenie bez konieczno\u015bci korzystania z Internetu.<\/p>\n<h3>Generuj indeksy map<\/h3>\n<p>U\u017cyj predefiniowanej listy indeks\u00f3w rolniczych lub wprowad\u017a w\u0142asn\u0105 formu\u0142\u0119 indeksu, aby lepiej zrozumie\u0107 stan ro\u015blin.<\/p>\n<h3>Utw\u00f3rz stref\u0119 i przypisz zalecenia<\/h3>\n<p>Informacje zawarte w mapach indeks\u00f3w ro\u015blinno\u015bci wykorzystasz do wyznaczenia poszczeg\u00f3lnych zalece\u0144 dotycz\u0105cych stosowania preparat\u00f3w ochronnych, nawadniania czy nawo\u017cenia.<\/p>\n<h3>Por\u00f3wnuj<\/h3>\n<p>Po\u0142\u0105cz poszczeg\u00f3lne warstwy informacji i por\u00f3wnaj rozw\u00f3j upraw w czasie. Informacje mo\u017cesz wy\u015bwietli\u0107 na podzielonym lub podw\u00f3jnym ekranie.<\/p>\n<h3>Wymiaruj i komentuj<\/h3>\n<p>Dodawaj adnotacje i dokonuj pomiar\u00f3w obszar\u00f3w gospodarstwa wymagaj\u0105cych szczeg\u00f3lnej uwagi.<\/p>\n<h3>Obliczaj statystyki<\/h3>\n<p>Obliczanie \u015bredniej i odchylenia standardowego dla numerycznych modeli powierzchni (DSM), warstw wska\u017anikowych, jak r\u00f3wnie\u017c dla adnotacji obszarowych.<\/p>\n<h3>Eksportuj raport w formacie PDF<\/h3>\n<p>Podziel si\u0119 swoimi mapami z wszystkimi partnerami projektu i zespo\u0142em dla bezproblemowej wsp\u00f3\u0142pracy za pomoc\u0105 narz\u0119dzia Pix4Dfields PDF report.<\/p>\n<p><img decoding=\"async\" src=\"https:\/\/b2b.innpro.pl\/data\/include\/cms\/enterprise\/Pix4d\/Fields\/Pix4d-fields-zobacz-to-czego-nie-widac-na-ziemi.png?v=1616066171876\" border=\"0\"><\/p>\n<h3>Wykorzystaj zdj\u0119cia lotnicze, aby zobaczy\u0107 to, czego nie wida\u0107 z ziemi<\/h3>\n<p>Importuj zdj\u0119cia z dowolnego drona lub innego bezza\u0142ogowego statku powietrznego, uchwycone za pomoc\u0105 standardowych kamer RGB lub wybranych kamer multispektralnych.<\/p>\n<p><img decoding=\"async\" src=\"https:\/\/b2b.innpro.pl\/data\/include\/cms\/enterprise\/Pix4d\/Fields\/Pix4D-fields-tworz-i-analizuj.jpg?v=1616064439849\" border=\"0\"><\/p>\n<h3>Tw\u00f3rz i analizuj mapy upraw w czasie rzeczywistym, aby usprawni\u0107 proces pracy w rolnictwie<\/h3>\n<p>\u0141atwe skanowanie gospodarstwa i generowanie odpowiednich danych wyj\u015bciowych dla Twoich potrzeb<\/p>\n<\/div>\n<\/div>\n","protected":false},"excerpt":{"rendered":"<p>Pix4Dfields Zaawansowane oprogramowanie mapuj\u0105ce dla rolnictwa s\u0142u\u017c\u0105ce do analizy upraw z powietrza i cyfrowego rolnictwa. Rejestruj Wykonuj zdj\u0119cia za pomoc\u0105<\/p>\n","protected":false},"featured_media":62056,"comment_status":"closed","ping_status":"open","template":"","meta":{"_acf_changed":false},"product_brand":[],"product_cat":[1088,1105,6194],"product_tag":[],"class_list":{"0":"post-62055","1":"product","2":"type-product","3":"status-publish","4":"has-post-thumbnail","6":"product_cat-drony","7":"product_cat-przemyslowe","8":"product_cat-oprogramowanie","9":"pa_brak-5770","10":"pa_producent-pix4d","12":"first","13":"outofstock","14":"taxable","15":"shipping-taxable","16":"purchasable","17":"product-type-simple"},"acf":[],"yoast_head":"<!-- This site is optimized with the Yoast SEO plugin v27.2 - https:\/\/yoast.com\/product\/yoast-seo-wordpress\/ -->\n<title>PIX4Dfields - licencja Educational Student 6 miesi\u0119cy - IRONSKY.PL Sklep z Dronami<\/title>\n<meta name=\"description\" content=\"PIX4Dfields - licencja Educational Student 6 miesi\u0119cy - \u2705 sklep z dronami i fachowym doradztwem. \u2705 Tutaj kupisz produkty DJI, Yuneec, Parrot, Syma i wiele innych, a tak\u017ce kursy i licencje na operatora drona.\" \/>\n<meta name=\"robots\" content=\"index, follow, max-snippet:-1, max-image-preview:large, max-video-preview:-1\" \/>\n<link rel=\"canonical\" href=\"https:\/\/ironsky.pl\/sklep\/produkt\/pix4dfields-licencja-educational-student-6-miesiecy\/\" \/>\n<meta property=\"og:locale\" content=\"pl_PL\" \/>\n<meta property=\"og:type\" content=\"article\" \/>\n<meta property=\"og:title\" content=\"PIX4Dfields - licencja Educational Student 6 miesi\u0119cy - IRONSKY.PL Sklep z Dronami\" \/>\n<meta property=\"og:description\" content=\"PIX4Dfields - licencja Educational Student 6 miesi\u0119cy - \u2705 sklep z dronami i fachowym doradztwem. \u2705 Tutaj kupisz produkty DJI, Yuneec, Parrot, Syma i wiele innych, a tak\u017ce kursy i licencje na operatora drona.\" \/>\n<meta property=\"og:url\" content=\"https:\/\/ironsky.pl\/sklep\/produkt\/pix4dfields-licencja-educational-student-6-miesiecy\/\" \/>\n<meta property=\"og:site_name\" content=\"IRONSKY.PL Sklep z Dronami\" \/>\n<meta property=\"article:modified_time\" content=\"2026-04-22T09:25:35+00:00\" \/>\n<meta property=\"og:image\" content=\"https:\/\/ironsky.pl\/sklep\/wp-content\/uploads\/2026\/04\/59338_1.jpg\" \/>\n\t<meta property=\"og:image:width\" content=\"800\" \/>\n\t<meta property=\"og:image:height\" content=\"800\" \/>\n\t<meta property=\"og:image:type\" content=\"image\/jpeg\" \/>\n<meta name=\"twitter:card\" content=\"summary_large_image\" \/>\n<meta name=\"twitter:label1\" content=\"Szacowany czas czytania\" \/>\n\t<meta name=\"twitter:data1\" content=\"3 minuty\" \/>\n<script type=\"application\/ld+json\" class=\"yoast-schema-graph\">{\"@context\":\"https:\/\/schema.org\",\"@graph\":[{\"@type\":\"WebPage\",\"@id\":\"https:\/\/ironsky.pl\/sklep\/produkt\/pix4dfields-licencja-educational-student-6-miesiecy\/\",\"url\":\"https:\/\/ironsky.pl\/sklep\/produkt\/pix4dfields-licencja-educational-student-6-miesiecy\/\",\"name\":\"PIX4Dfields - licencja Educational Student 6 miesi\u0119cy - IRONSKY.PL Sklep z Dronami\",\"isPartOf\":{\"@id\":\"https:\/\/ironsky.pl\/sklep\/#website\"},\"primaryImageOfPage\":{\"@id\":\"https:\/\/ironsky.pl\/sklep\/produkt\/pix4dfields-licencja-educational-student-6-miesiecy\/#primaryimage\"},\"image\":{\"@id\":\"https:\/\/ironsky.pl\/sklep\/produkt\/pix4dfields-licencja-educational-student-6-miesiecy\/#primaryimage\"},\"thumbnailUrl\":\"https:\/\/ironsky.pl\/sklep\/wp-content\/uploads\/2026\/04\/59338_1.jpg\",\"datePublished\":\"2026-04-15T09:23:46+00:00\",\"dateModified\":\"2026-04-22T09:25:35+00:00\",\"description\":\"PIX4Dfields - licencja Educational Student 6 miesi\u0119cy - \u2705 sklep z dronami i fachowym doradztwem. \u2705 Tutaj kupisz produkty DJI, Yuneec, Parrot, Syma i wiele innych, a tak\u017ce kursy i licencje na operatora drona.\",\"breadcrumb\":{\"@id\":\"https:\/\/ironsky.pl\/sklep\/produkt\/pix4dfields-licencja-educational-student-6-miesiecy\/#breadcrumb\"},\"inLanguage\":\"pl-PL\",\"potentialAction\":[{\"@type\":\"ReadAction\",\"target\":[\"https:\/\/ironsky.pl\/sklep\/produkt\/pix4dfields-licencja-educational-student-6-miesiecy\/\"]}]},{\"@type\":\"ImageObject\",\"inLanguage\":\"pl-PL\",\"@id\":\"https:\/\/ironsky.pl\/sklep\/produkt\/pix4dfields-licencja-educational-student-6-miesiecy\/#primaryimage\",\"url\":\"https:\/\/ironsky.pl\/sklep\/wp-content\/uploads\/2026\/04\/59338_1.jpg\",\"contentUrl\":\"https:\/\/ironsky.pl\/sklep\/wp-content\/uploads\/2026\/04\/59338_1.jpg\",\"width\":800,\"height\":800},{\"@type\":\"BreadcrumbList\",\"@id\":\"https:\/\/ironsky.pl\/sklep\/produkt\/pix4dfields-licencja-educational-student-6-miesiecy\/#breadcrumb\",\"itemListElement\":[{\"@type\":\"ListItem\",\"position\":1,\"name\":\"Strona g\u0142\u00f3wna\",\"item\":\"https:\/\/ironsky.pl\/sklep\/\"},{\"@type\":\"ListItem\",\"position\":2,\"name\":\"Wszystkie produkty\",\"item\":\"https:\/\/ironsky.pl\/sklep\/produkty\/\"},{\"@type\":\"ListItem\",\"position\":3,\"name\":\"PIX4Dfields &#8211; licencja Educational Student 6 miesi\u0119cy\"}]},{\"@type\":\"WebSite\",\"@id\":\"https:\/\/ironsky.pl\/sklep\/#website\",\"url\":\"https:\/\/ironsky.pl\/sklep\/\",\"name\":\"IRONSKY.PL Sklep z Dronami\",\"description\":\"IRONSKY.PL Sklep z Dronami\",\"potentialAction\":[{\"@type\":\"SearchAction\",\"target\":{\"@type\":\"EntryPoint\",\"urlTemplate\":\"https:\/\/ironsky.pl\/sklep\/?s={search_term_string}\"},\"query-input\":{\"@type\":\"PropertyValueSpecification\",\"valueRequired\":true,\"valueName\":\"search_term_string\"}}],\"inLanguage\":\"pl-PL\"}]}<\/script>\n<!-- \/ Yoast SEO plugin. -->","yoast_head_json":{"title":"PIX4Dfields - licencja Educational Student 6 miesi\u0119cy - IRONSKY.PL Sklep z Dronami","description":"PIX4Dfields - licencja Educational Student 6 miesi\u0119cy - \u2705 sklep z dronami i fachowym doradztwem. \u2705 Tutaj kupisz produkty DJI, Yuneec, Parrot, Syma i wiele innych, a tak\u017ce kursy i licencje na operatora drona.","robots":{"index":"index","follow":"follow","max-snippet":"max-snippet:-1","max-image-preview":"max-image-preview:large","max-video-preview":"max-video-preview:-1"},"canonical":"https:\/\/ironsky.pl\/sklep\/produkt\/pix4dfields-licencja-educational-student-6-miesiecy\/","og_locale":"pl_PL","og_type":"article","og_title":"PIX4Dfields - licencja Educational Student 6 miesi\u0119cy - IRONSKY.PL Sklep z Dronami","og_description":"PIX4Dfields - licencja Educational Student 6 miesi\u0119cy - \u2705 sklep z dronami i fachowym doradztwem. \u2705 Tutaj kupisz produkty DJI, Yuneec, Parrot, Syma i wiele innych, a tak\u017ce kursy i licencje na operatora drona.","og_url":"https:\/\/ironsky.pl\/sklep\/produkt\/pix4dfields-licencja-educational-student-6-miesiecy\/","og_site_name":"IRONSKY.PL Sklep z Dronami","article_modified_time":"2026-04-22T09:25:35+00:00","og_image":[{"width":800,"height":800,"url":"https:\/\/ironsky.pl\/sklep\/wp-content\/uploads\/2026\/04\/59338_1.jpg","type":"image\/jpeg"}],"twitter_card":"summary_large_image","twitter_misc":{"Szacowany czas czytania":"3 minuty"},"schema":{"@context":"https:\/\/schema.org","@graph":[{"@type":"WebPage","@id":"https:\/\/ironsky.pl\/sklep\/produkt\/pix4dfields-licencja-educational-student-6-miesiecy\/","url":"https:\/\/ironsky.pl\/sklep\/produkt\/pix4dfields-licencja-educational-student-6-miesiecy\/","name":"PIX4Dfields - licencja Educational Student 6 miesi\u0119cy - IRONSKY.PL Sklep z Dronami","isPartOf":{"@id":"https:\/\/ironsky.pl\/sklep\/#website"},"primaryImageOfPage":{"@id":"https:\/\/ironsky.pl\/sklep\/produkt\/pix4dfields-licencja-educational-student-6-miesiecy\/#primaryimage"},"image":{"@id":"https:\/\/ironsky.pl\/sklep\/produkt\/pix4dfields-licencja-educational-student-6-miesiecy\/#primaryimage"},"thumbnailUrl":"https:\/\/ironsky.pl\/sklep\/wp-content\/uploads\/2026\/04\/59338_1.jpg","datePublished":"2026-04-15T09:23:46+00:00","dateModified":"2026-04-22T09:25:35+00:00","description":"PIX4Dfields - licencja Educational Student 6 miesi\u0119cy - \u2705 sklep z dronami i fachowym doradztwem. \u2705 Tutaj kupisz produkty DJI, Yuneec, Parrot, Syma i wiele innych, a tak\u017ce kursy i licencje na operatora drona.","breadcrumb":{"@id":"https:\/\/ironsky.pl\/sklep\/produkt\/pix4dfields-licencja-educational-student-6-miesiecy\/#breadcrumb"},"inLanguage":"pl-PL","potentialAction":[{"@type":"ReadAction","target":["https:\/\/ironsky.pl\/sklep\/produkt\/pix4dfields-licencja-educational-student-6-miesiecy\/"]}]},{"@type":"ImageObject","inLanguage":"pl-PL","@id":"https:\/\/ironsky.pl\/sklep\/produkt\/pix4dfields-licencja-educational-student-6-miesiecy\/#primaryimage","url":"https:\/\/ironsky.pl\/sklep\/wp-content\/uploads\/2026\/04\/59338_1.jpg","contentUrl":"https:\/\/ironsky.pl\/sklep\/wp-content\/uploads\/2026\/04\/59338_1.jpg","width":800,"height":800},{"@type":"BreadcrumbList","@id":"https:\/\/ironsky.pl\/sklep\/produkt\/pix4dfields-licencja-educational-student-6-miesiecy\/#breadcrumb","itemListElement":[{"@type":"ListItem","position":1,"name":"Strona g\u0142\u00f3wna","item":"https:\/\/ironsky.pl\/sklep\/"},{"@type":"ListItem","position":2,"name":"Wszystkie produkty","item":"https:\/\/ironsky.pl\/sklep\/produkty\/"},{"@type":"ListItem","position":3,"name":"PIX4Dfields &#8211; licencja Educational Student 6 miesi\u0119cy"}]},{"@type":"WebSite","@id":"https:\/\/ironsky.pl\/sklep\/#website","url":"https:\/\/ironsky.pl\/sklep\/","name":"IRONSKY.PL Sklep z Dronami","description":"IRONSKY.PL Sklep z Dronami","potentialAction":[{"@type":"SearchAction","target":{"@type":"EntryPoint","urlTemplate":"https:\/\/ironsky.pl\/sklep\/?s={search_term_string}"},"query-input":{"@type":"PropertyValueSpecification","valueRequired":true,"valueName":"search_term_string"}}],"inLanguage":"pl-PL"}]}},"_links":{"self":[{"href":"https:\/\/ironsky.pl\/sklep\/wp-json\/wp\/v2\/product\/62055","targetHints":{"allow":["GET"]}}],"collection":[{"href":"https:\/\/ironsky.pl\/sklep\/wp-json\/wp\/v2\/product"}],"about":[{"href":"https:\/\/ironsky.pl\/sklep\/wp-json\/wp\/v2\/types\/product"}],"replies":[{"embeddable":true,"href":"https:\/\/ironsky.pl\/sklep\/wp-json\/wp\/v2\/comments?post=62055"}],"wp:featuredmedia":[{"embeddable":true,"href":"https:\/\/ironsky.pl\/sklep\/wp-json\/wp\/v2\/media\/62056"}],"wp:attachment":[{"href":"https:\/\/ironsky.pl\/sklep\/wp-json\/wp\/v2\/media?parent=62055"}],"wp:term":[{"taxonomy":"product_brand","embeddable":true,"href":"https:\/\/ironsky.pl\/sklep\/wp-json\/wp\/v2\/product_brand?post=62055"},{"taxonomy":"product_cat","embeddable":true,"href":"https:\/\/ironsky.pl\/sklep\/wp-json\/wp\/v2\/product_cat?post=62055"},{"taxonomy":"product_tag","embeddable":true,"href":"https:\/\/ironsky.pl\/sklep\/wp-json\/wp\/v2\/product_tag?post=62055"}],"curies":[{"name":"wp","href":"https:\/\/api.w.org\/{rel}","templated":true}]}}