{"id":62003,"date":"2026-04-15T11:23:17","date_gmt":"2026-04-15T09:23:17","guid":{"rendered":"https:\/\/ironsky.pl\/sklep\/produkt\/pix4dcloud-starter-licencja-3-letnia\/"},"modified":"2026-04-22T10:25:59","modified_gmt":"2026-04-22T08:25:59","slug":"pix4dcloud-starter-licencja-3-letnia","status":"publish","type":"product","link":"https:\/\/ironsky.pl\/sklep\/produkt\/pix4dcloud-starter-licencja-3-letnia\/","title":{"rendered":"Pix4Dcloud Starter &#8211; licencja 3-letnia"},"content":{"rendered":"<div style=\"display: flex; flex-direction: column;\" class=\"iai-section-description-wrapper\">\n<div class=\"iai-section-html\">\n<h3>PIX4Dcloud Starter<\/h3>\n<p>Podstawowe rozwi\u0105zanie chmurowe do automatycznego przetwarzania zdj\u0119\u0107 lotniczych i naziemnych, idealne dla mniejszych projekt\u00f3w i os\u00f3b rozpoczynaj\u0105cych prac\u0119 z fotogrametri\u0105.<\/p>\n<h3>Szybkie przesy\u0142anie i automatyzacja<\/h3>\n<p>Przesy\u0142aj obrazy bezpo\u015brednio do chmury Pix4D i pozw\u00f3l zaawansowanym algorytmom na automatyczne wygenerowanie ortomozaik i modeli 3D.<\/p>\n<h3>Digitalizacja i wizualizacja<\/h3>\n<p>Przekszta\u0142caj zdj\u0119cia RGB w wysokiej jako\u015bci mapy 2D oraz siatki 3D (3D Mesh), kt\u00f3re mo\u017cesz przegl\u0105da\u0107 bezpo\u015brednio w przegl\u0105darce internetowej bez instalowania dodatkowego oprogramowania.<\/p>\n<p>Wersja Starter zapewnia intuicyjny interfejs, kt\u00f3ry pozwala na szybki podgl\u0105d wynik\u00f3w i ocen\u0119 jako\u015bci przechwyconych danych tu\u017c po zako\u0144czeniu lotu dronem.<\/p>\n<h3>Narz\u0119dzia pomiarowe<\/h3>\n<p>Wykonuj podstawowe analizy przestrzenne, mierz\u0105c odleg\u0142o\u015bci oraz powierzchnie na wygenerowanych mapach i modelach.<\/p>\n<p>Dzi\u0119ki precyzyjnym narz\u0119dziom pomiarowym w chmurze, mo\u017cesz szybko uzyska\u0107 kluczowe informacje o terenie i wykorzysta\u0107 je w bie\u017c\u0105cych zadaniach operacyjnych.<\/p>\n<h3>Udost\u0119pnianie i wsp\u00f3\u0142praca<\/h3>\n<p>Dziel si\u0119 wynikami swojej pracy z klientami i wsp\u00f3\u0142pracownikami za pomoc\u0105 prostego i bezpiecznego linku URL.<\/p>\n<p>Odbiorcy mog\u0105 przegl\u0105da\u0107 Twoje mapy i modele 3D z dowolnego urz\u0105dzenia, co znacz\u0105co usprawnia proces akceptacji projekt\u00f3w oraz komunikacj\u0119 wewn\u0105trz zespo\u0142u.<\/p>\n<h3>Elastyczno\u015b\u0107 dla Twojego biznesu<\/h3>\n<p>PIX4Dcloud Starter to najprostszy spos\u00f3b na wej\u015bcie w \u015bwiat profesjonalnej fotogrametrii przy minimalnych kosztach startowych.<\/p>\n<\/div>\n<\/div>\n","protected":false},"excerpt":{"rendered":"<p>PIX4Dcloud Starter Podstawowe rozwi\u0105zanie chmurowe do automatycznego przetwarzania zdj\u0119\u0107 lotniczych i naziemnych, idealne dla mniejszych projekt\u00f3w i os\u00f3b rozpoczynaj\u0105cych prac\u0119<\/p>\n","protected":false},"featured_media":62004,"comment_status":"closed","ping_status":"open","template":"","meta":{"_acf_changed":false},"product_brand":[],"product_cat":[1088,1105,6194],"product_tag":[],"class_list":{"0":"post-62003","1":"product","2":"type-product","3":"status-publish","4":"has-post-thumbnail","6":"product_cat-drony","7":"product_cat-przemyslowe","8":"product_cat-oprogramowanie","9":"pa_brak-5770","10":"pa_producent-pix4d","12":"first","13":"outofstock","14":"taxable","15":"shipping-taxable","16":"purchasable","17":"product-type-simple"},"acf":[],"yoast_head":"<!-- This site is optimized with the Yoast SEO plugin v27.2 - https:\/\/yoast.com\/product\/yoast-seo-wordpress\/ -->\n<title>Pix4Dcloud Starter - licencja 3-letnia - IRONSKY.PL Sklep z Dronami<\/title>\n<meta name=\"description\" content=\"Pix4Dcloud Starter - licencja 3-letnia - \u2705 sklep z dronami i fachowym doradztwem. \u2705 Tutaj kupisz produkty DJI, Yuneec, Parrot, Syma i wiele innych, a tak\u017ce kursy i licencje na operatora drona.\" \/>\n<meta name=\"robots\" content=\"index, follow, max-snippet:-1, max-image-preview:large, max-video-preview:-1\" \/>\n<link rel=\"canonical\" href=\"https:\/\/ironsky.pl\/sklep\/produkt\/pix4dcloud-starter-licencja-3-letnia\/\" \/>\n<meta property=\"og:locale\" content=\"pl_PL\" \/>\n<meta property=\"og:type\" content=\"article\" \/>\n<meta property=\"og:title\" content=\"Pix4Dcloud Starter - licencja 3-letnia - IRONSKY.PL Sklep z Dronami\" \/>\n<meta property=\"og:description\" content=\"Pix4Dcloud Starter - licencja 3-letnia - \u2705 sklep z dronami i fachowym doradztwem. \u2705 Tutaj kupisz produkty DJI, Yuneec, Parrot, Syma i wiele innych, a tak\u017ce kursy i licencje na operatora drona.\" \/>\n<meta property=\"og:url\" content=\"https:\/\/ironsky.pl\/sklep\/produkt\/pix4dcloud-starter-licencja-3-letnia\/\" \/>\n<meta property=\"og:site_name\" content=\"IRONSKY.PL Sklep z Dronami\" \/>\n<meta property=\"article:modified_time\" content=\"2026-04-22T08:25:59+00:00\" \/>\n<meta property=\"og:image\" content=\"https:\/\/ironsky.pl\/sklep\/wp-content\/uploads\/2026\/04\/59199_2.jpg\" \/>\n\t<meta property=\"og:image:width\" content=\"800\" \/>\n\t<meta property=\"og:image:height\" content=\"800\" \/>\n\t<meta property=\"og:image:type\" content=\"image\/jpeg\" \/>\n<meta name=\"twitter:card\" content=\"summary_large_image\" \/>\n<meta name=\"twitter:label1\" content=\"Szacowany czas czytania\" \/>\n\t<meta name=\"twitter:data1\" content=\"1 minuta\" \/>\n<script type=\"application\/ld+json\" class=\"yoast-schema-graph\">{\"@context\":\"https:\/\/schema.org\",\"@graph\":[{\"@type\":\"WebPage\",\"@id\":\"https:\/\/ironsky.pl\/sklep\/produkt\/pix4dcloud-starter-licencja-3-letnia\/\",\"url\":\"https:\/\/ironsky.pl\/sklep\/produkt\/pix4dcloud-starter-licencja-3-letnia\/\",\"name\":\"Pix4Dcloud Starter - licencja 3-letnia - IRONSKY.PL Sklep z Dronami\",\"isPartOf\":{\"@id\":\"https:\/\/ironsky.pl\/sklep\/#website\"},\"primaryImageOfPage\":{\"@id\":\"https:\/\/ironsky.pl\/sklep\/produkt\/pix4dcloud-starter-licencja-3-letnia\/#primaryimage\"},\"image\":{\"@id\":\"https:\/\/ironsky.pl\/sklep\/produkt\/pix4dcloud-starter-licencja-3-letnia\/#primaryimage\"},\"thumbnailUrl\":\"https:\/\/ironsky.pl\/sklep\/wp-content\/uploads\/2026\/04\/59199_2.jpg\",\"datePublished\":\"2026-04-15T09:23:17+00:00\",\"dateModified\":\"2026-04-22T08:25:59+00:00\",\"description\":\"Pix4Dcloud Starter - licencja 3-letnia - \u2705 sklep z dronami i fachowym doradztwem. \u2705 Tutaj kupisz produkty DJI, Yuneec, Parrot, Syma i wiele innych, a tak\u017ce kursy i licencje na operatora drona.\",\"breadcrumb\":{\"@id\":\"https:\/\/ironsky.pl\/sklep\/produkt\/pix4dcloud-starter-licencja-3-letnia\/#breadcrumb\"},\"inLanguage\":\"pl-PL\",\"potentialAction\":[{\"@type\":\"ReadAction\",\"target\":[\"https:\/\/ironsky.pl\/sklep\/produkt\/pix4dcloud-starter-licencja-3-letnia\/\"]}]},{\"@type\":\"ImageObject\",\"inLanguage\":\"pl-PL\",\"@id\":\"https:\/\/ironsky.pl\/sklep\/produkt\/pix4dcloud-starter-licencja-3-letnia\/#primaryimage\",\"url\":\"https:\/\/ironsky.pl\/sklep\/wp-content\/uploads\/2026\/04\/59199_2.jpg\",\"contentUrl\":\"https:\/\/ironsky.pl\/sklep\/wp-content\/uploads\/2026\/04\/59199_2.jpg\",\"width\":800,\"height\":800},{\"@type\":\"BreadcrumbList\",\"@id\":\"https:\/\/ironsky.pl\/sklep\/produkt\/pix4dcloud-starter-licencja-3-letnia\/#breadcrumb\",\"itemListElement\":[{\"@type\":\"ListItem\",\"position\":1,\"name\":\"Strona g\u0142\u00f3wna\",\"item\":\"https:\/\/ironsky.pl\/sklep\/\"},{\"@type\":\"ListItem\",\"position\":2,\"name\":\"Wszystkie produkty\",\"item\":\"https:\/\/ironsky.pl\/sklep\/produkty\/\"},{\"@type\":\"ListItem\",\"position\":3,\"name\":\"Pix4Dcloud Starter &#8211; licencja 3-letnia\"}]},{\"@type\":\"WebSite\",\"@id\":\"https:\/\/ironsky.pl\/sklep\/#website\",\"url\":\"https:\/\/ironsky.pl\/sklep\/\",\"name\":\"IRONSKY.PL Sklep z Dronami\",\"description\":\"IRONSKY.PL Sklep z Dronami\",\"potentialAction\":[{\"@type\":\"SearchAction\",\"target\":{\"@type\":\"EntryPoint\",\"urlTemplate\":\"https:\/\/ironsky.pl\/sklep\/?s={search_term_string}\"},\"query-input\":{\"@type\":\"PropertyValueSpecification\",\"valueRequired\":true,\"valueName\":\"search_term_string\"}}],\"inLanguage\":\"pl-PL\"}]}<\/script>\n<!-- \/ Yoast SEO plugin. -->","yoast_head_json":{"title":"Pix4Dcloud Starter - licencja 3-letnia - IRONSKY.PL Sklep z Dronami","description":"Pix4Dcloud Starter - licencja 3-letnia - \u2705 sklep z dronami i fachowym doradztwem. \u2705 Tutaj kupisz produkty DJI, Yuneec, Parrot, Syma i wiele innych, a tak\u017ce kursy i licencje na operatora drona.","robots":{"index":"index","follow":"follow","max-snippet":"max-snippet:-1","max-image-preview":"max-image-preview:large","max-video-preview":"max-video-preview:-1"},"canonical":"https:\/\/ironsky.pl\/sklep\/produkt\/pix4dcloud-starter-licencja-3-letnia\/","og_locale":"pl_PL","og_type":"article","og_title":"Pix4Dcloud Starter - licencja 3-letnia - IRONSKY.PL Sklep z Dronami","og_description":"Pix4Dcloud Starter - licencja 3-letnia - \u2705 sklep z dronami i fachowym doradztwem. \u2705 Tutaj kupisz produkty DJI, Yuneec, Parrot, Syma i wiele innych, a tak\u017ce kursy i licencje na operatora drona.","og_url":"https:\/\/ironsky.pl\/sklep\/produkt\/pix4dcloud-starter-licencja-3-letnia\/","og_site_name":"IRONSKY.PL Sklep z Dronami","article_modified_time":"2026-04-22T08:25:59+00:00","og_image":[{"width":800,"height":800,"url":"https:\/\/ironsky.pl\/sklep\/wp-content\/uploads\/2026\/04\/59199_2.jpg","type":"image\/jpeg"}],"twitter_card":"summary_large_image","twitter_misc":{"Szacowany czas czytania":"1 minuta"},"schema":{"@context":"https:\/\/schema.org","@graph":[{"@type":"WebPage","@id":"https:\/\/ironsky.pl\/sklep\/produkt\/pix4dcloud-starter-licencja-3-letnia\/","url":"https:\/\/ironsky.pl\/sklep\/produkt\/pix4dcloud-starter-licencja-3-letnia\/","name":"Pix4Dcloud Starter - licencja 3-letnia - IRONSKY.PL Sklep z Dronami","isPartOf":{"@id":"https:\/\/ironsky.pl\/sklep\/#website"},"primaryImageOfPage":{"@id":"https:\/\/ironsky.pl\/sklep\/produkt\/pix4dcloud-starter-licencja-3-letnia\/#primaryimage"},"image":{"@id":"https:\/\/ironsky.pl\/sklep\/produkt\/pix4dcloud-starter-licencja-3-letnia\/#primaryimage"},"thumbnailUrl":"https:\/\/ironsky.pl\/sklep\/wp-content\/uploads\/2026\/04\/59199_2.jpg","datePublished":"2026-04-15T09:23:17+00:00","dateModified":"2026-04-22T08:25:59+00:00","description":"Pix4Dcloud Starter - licencja 3-letnia - \u2705 sklep z dronami i fachowym doradztwem. \u2705 Tutaj kupisz produkty DJI, Yuneec, Parrot, Syma i wiele innych, a tak\u017ce kursy i licencje na operatora drona.","breadcrumb":{"@id":"https:\/\/ironsky.pl\/sklep\/produkt\/pix4dcloud-starter-licencja-3-letnia\/#breadcrumb"},"inLanguage":"pl-PL","potentialAction":[{"@type":"ReadAction","target":["https:\/\/ironsky.pl\/sklep\/produkt\/pix4dcloud-starter-licencja-3-letnia\/"]}]},{"@type":"ImageObject","inLanguage":"pl-PL","@id":"https:\/\/ironsky.pl\/sklep\/produkt\/pix4dcloud-starter-licencja-3-letnia\/#primaryimage","url":"https:\/\/ironsky.pl\/sklep\/wp-content\/uploads\/2026\/04\/59199_2.jpg","contentUrl":"https:\/\/ironsky.pl\/sklep\/wp-content\/uploads\/2026\/04\/59199_2.jpg","width":800,"height":800},{"@type":"BreadcrumbList","@id":"https:\/\/ironsky.pl\/sklep\/produkt\/pix4dcloud-starter-licencja-3-letnia\/#breadcrumb","itemListElement":[{"@type":"ListItem","position":1,"name":"Strona g\u0142\u00f3wna","item":"https:\/\/ironsky.pl\/sklep\/"},{"@type":"ListItem","position":2,"name":"Wszystkie produkty","item":"https:\/\/ironsky.pl\/sklep\/produkty\/"},{"@type":"ListItem","position":3,"name":"Pix4Dcloud Starter &#8211; licencja 3-letnia"}]},{"@type":"WebSite","@id":"https:\/\/ironsky.pl\/sklep\/#website","url":"https:\/\/ironsky.pl\/sklep\/","name":"IRONSKY.PL Sklep z Dronami","description":"IRONSKY.PL Sklep z Dronami","potentialAction":[{"@type":"SearchAction","target":{"@type":"EntryPoint","urlTemplate":"https:\/\/ironsky.pl\/sklep\/?s={search_term_string}"},"query-input":{"@type":"PropertyValueSpecification","valueRequired":true,"valueName":"search_term_string"}}],"inLanguage":"pl-PL"}]}},"_links":{"self":[{"href":"https:\/\/ironsky.pl\/sklep\/wp-json\/wp\/v2\/product\/62003","targetHints":{"allow":["GET"]}}],"collection":[{"href":"https:\/\/ironsky.pl\/sklep\/wp-json\/wp\/v2\/product"}],"about":[{"href":"https:\/\/ironsky.pl\/sklep\/wp-json\/wp\/v2\/types\/product"}],"replies":[{"embeddable":true,"href":"https:\/\/ironsky.pl\/sklep\/wp-json\/wp\/v2\/comments?post=62003"}],"wp:featuredmedia":[{"embeddable":true,"href":"https:\/\/ironsky.pl\/sklep\/wp-json\/wp\/v2\/media\/62004"}],"wp:attachment":[{"href":"https:\/\/ironsky.pl\/sklep\/wp-json\/wp\/v2\/media?parent=62003"}],"wp:term":[{"taxonomy":"product_brand","embeddable":true,"href":"https:\/\/ironsky.pl\/sklep\/wp-json\/wp\/v2\/product_brand?post=62003"},{"taxonomy":"product_cat","embeddable":true,"href":"https:\/\/ironsky.pl\/sklep\/wp-json\/wp\/v2\/product_cat?post=62003"},{"taxonomy":"product_tag","embeddable":true,"href":"https:\/\/ironsky.pl\/sklep\/wp-json\/wp\/v2\/product_tag?post=62003"}],"curies":[{"name":"wp","href":"https:\/\/api.w.org\/{rel}","templated":true}]}}