{"id":61955,"date":"2026-04-15T11:22:24","date_gmt":"2026-04-15T09:22:24","guid":{"rendered":"https:\/\/ironsky.pl\/sklep\/produkt\/dji-care-refresh-avata-360-plan-roczny-kod-elektroniczny\/"},"modified":"2026-04-18T09:19:58","modified_gmt":"2026-04-18T07:19:58","slug":"dji-care-refresh-avata-360-plan-roczny-kod-elektroniczny","status":"publish","type":"product","link":"https:\/\/ironsky.pl\/sklep\/produkt\/dji-care-refresh-avata-360-plan-roczny-kod-elektroniczny\/","title":{"rendered":"DJI Care Refresh Avata 360 (plan roczny) &#8211; kod elektroniczny"},"content":{"rendered":"<h3>Ochrona serwisowa z DJI Care Refresh (plan roczny, kod elektroniczny)<\/h3>\n<p>DJI Care Refresh to ochrona serwisowa Twojego drona, kt\u00f3ra zapewni Ci, za niewielk\u0105 dodatkow\u0105 op\u0142at\u0105, dwie wymiany uszkodzonego sprz\u0119tu w ci\u0105gu roku. Obejmuje uszkodzenia powsta\u0142e mi\u0119dzy innymi w wyniku kolizji lub kontaktu produktu z wod\u0105. Uszkodzony sprz\u0119t zostanie w\u00f3wczas wymieniony na nowy lub r\u00f3wnowa\u017cny nowemu. Pakiet serwisowy mo\u017cna aktywowa\u0107 jednorazowo do 48 godzin od aktywacji (pierwszego uruchomienia) drona lub w p\u00f3\u017aniejszym terminie po przes\u0142aniu weryfikacyjnego materia\u0142u wideo do DJI. W okresie wa\u017cno\u015bci us\u0142ugi obowi\u0105zuje oficjalna gwarancja producenta.<\/p>\n<p>\n<img decoding=\"async\" src=\"https:\/\/assets.innpro.pl\/20293\/27023\/4.jpg\" border=\"0\" alt=\"Widok od do\u0142u na drona Avata w locie na tle b\u0142\u0119kitnego nieba z bia\u0142ymi chmurami\" \/>\n<\/p>\n<h3>DJI Avata 360<\/h3>\n<p>Dla drona DJI Avata 360 koszt pierwszej wymiany w ramach DJI Care Refresh wynosi 369 PLN. Koszt drugiej wymiany wi\u0105\u017ce si\u0119 z op\u0142at\u0105 w wysoko\u015bci 379 PLN. Koszt us\u0142ugi Flyaway to 1249 PLN.*<\/p>\n<p>\u00a0<\/p>\n<p>*W przypadku zg\u0142oszenia bezpo\u015brednio u producenta, kwota wymiany mo\u017ce ulec zmianie w zale\u017cno\u015bci od aktualnego kursu walut.<\/p>\n<p>\n<img decoding=\"async\" src=\"https:\/\/assets.innpro.pl\/20293\/27023\/2.jpg\" border=\"0\" alt=\"Srebrny dron Avata unosz\u0105cy si\u0119 w w\u0105skiej, zabytkowej uliczce, w tle m\u0119\u017cczyzna w goglach FPV\" \/>\n<\/p>\n<h3>Flyaway Coverage<\/h3>\n<p>DJI Care Flyaway to dodatkowa us\u0142uga w planie serwisowym DJI Care Refresh, kt\u00f3ra pozwala na otrzymanie zupe\u0142nie nowego drona, je\u015bli poprzedni odleci z niewiadomych przyczyn i nie uda si\u0119 go odzyska\u0107. W przypadku nieintencjonalnego zagubienia drona wystarczy ui\u015bci\u0107 odpowiedni\u0105 op\u0142at\u0119 serwisow\u0105, aby otrzyma\u0107 ca\u0142kowicie nowy produkt. Us\u0142uga jest dost\u0119pna dla wszystkich u\u017cytkownik\u00f3w, kt\u00f3rzy maj\u0105 wykupion\u0105 ochron\u0119 DJI Care Refresh (dotyczy wybranych modeli dron\u00f3w) \u2013 r\u00f3wnie\u017c dla tych os\u00f3b, kt\u00f3re wykupi\u0142y j\u0105 przed wprowadzeniem us\u0142ugi Flyaway.<\/p>\n<p>\u2022 DJI Care Refresh (plan roczny) oferuje dwie wymiany i mo\u017cliwo\u015b\u0107 skorzystania z Flyaway Coverage jeden raz.<\/p>\n<p>\u2022 DJI Care Refresh (pakiet 2-letni) oferuje cztery wymiany i mo\u017cliwo\u015b\u0107 skorzystania z Flyaway Coverage dwa razy.<\/p>\n<h3><strong>Aktywacja Flyaway Coverage<\/strong><\/h3>\n<p>Aby skorzysta\u0107 z Flyaway Coverage, u\u017cytkownik musi powi\u0105za\u0107 swoje konto DJI oraz aparatur\u0119 steruj\u0105c\u0105 z dronem za pomoc\u0105 aplikacji DJI Fly. Je\u015bli nie zrobi tego przed ewentualn\u0105 ucieczk\u0105 urz\u0105dzenia, nie b\u0119dzie m\u00f3g\u0142 skorzysta\u0107 z us\u0142ugi wymiany.<\/p>\n<h3><strong>Jak aktywowa\u0107 DJI Care Refresh<\/strong><\/h3>\n<p>1. Kod nale\u017cy aktywowa\u0107 pod adresem: <a href=\"https:\/\/support.dji.com\/care\/active\">https:\/\/support.dji.com\/care\/active<\/a>.<\/p>\n<p>2. W trakcie procesu aktywacji nale\u017cy poda\u0107 tre\u015b\u0107 kodu Care Refresh, numer seryjny urz\u0105dzenia (znajduje si\u0119 on bezpo\u015brednio na produkcie) oraz dane osoby aktywuj\u0105cej Pakiet (imi\u0119 i nazwisko, adres e-mail).<\/p>\n<p>3. Pakiet Serwisowy zostanie aktywowany i automatycznie przypisany do odpowiedniego regionu. Potwierdzenie aktywacji DJI Care Refresh otrzymasz drog\u0105 mailow\u0105. Tw\u00f3j dron jest ju\u017c bezpieczny!<\/p>\n<p>Istnieje r\u00f3wnie\u017c mo\u017cliwo\u015b\u0107 przypisania DJI Care Refresh do produktu po up\u0142yni\u0119ciu 48 godzin od jego aktywacji. W tym celu nale\u017cy przes\u0142a\u0107 film weryfikacyjny, prezentuj\u0105cy stan urz\u0105dzenia producentowi. Szczeg\u00f3\u0142owe informacje oraz przyk\u0142adowy materia\u0142 wideo dost\u0119pne s\u0105 pod adresem: <a href=\"https:\/\/repair.dji.com\/en\/djicare\/customerupload\">https:\/\/repair.dji.com\/en\/djicare\/customerupload<\/a>.<\/p>\n<p>\n<img decoding=\"async\" src=\"https:\/\/assets.innpro.pl\/20293\/27023\/3.jpg\" border=\"0\" alt=\"Ciemny laptop z bia\u0142\u0105 ikon\u0105 aktualizacji na ekranie, zawieszony w przestrzeni na niebieskim tle\" \/>\n<\/p>\n<h3>Gdy zdarzy si\u0119 wypadek<\/h3>\n<p>Procedura post\u0119powania w razie wypadku jest banalnie prosta. Wystarczy, \u017ce zg\u0142osisz awari\u0119 i wy\u015blesz uszkodzony sprz\u0119t do serwisu gwarancyjnego DJI \u2013 nie zapomnij o adnotacji, \u017ce korzystasz z DJI Care Refresh. Po otrzymaniu wyceny naprawy mo\u017cesz wybra\u0107, czy si\u0119 na ni\u0105 decydujesz, czy wolisz skorzysta\u0107 z wymiany w ramach Us\u0142ugi Serwisowej. Kiedy wybierzesz drug\u0105 opcj\u0119, musisz tylko ui\u015bci\u0107 odpowiedni\u0105 op\u0142at\u0119 \u2013 wymienione urz\u0105dzenie otrzymasz priorytetowo, a je\u015bli znajdujesz si\u0119 w tym samym regionie, w kt\u00f3rym zosta\u0142a zakupiona us\u0142uga DJI Care Refresh, wysy\u0142k\u0119 op\u0142aci producent!<\/p>\n<p style=\"text-align:justify\">1. U\u017cytkownik zg\u0142asza usterk\u0119 i wysy\u0142a drona do niemieckiego serwisu DJI z adnotacj\u0105, \u017ce posiada DJI Care Refresh.<\/p>\n<p style=\"text-align:justify\">2. U\u017cytkownik dostaje wycen\u0119 naprawy i na tej podstawie decyduje czy chce dokona\u0107 naprawy\/wymiany odp\u0142atnie b\u0105d\u017a przez DJI Care Refresh.<\/p>\n<p style=\"text-align:justify\">3. Po wybraniu opcji DJI Care Refresh u\u017cytkownik uiszcza op\u0142at\u0119 za wymian\u0119 i dostaje inny egzemplarz b\u0105d\u017a nowe cz\u0119\u015bci zamienne tzn. gimbala, kamer\u0119, \u015bmig\u0142a.<\/p>\n<p style=\"text-align:justify\">4. Wymieniony produkt zostaje priorytetowo dostarczony do u\u017cytkownika z darmow\u0105 wysy\u0142k\u0105.<\/p>\n<p>\n<img decoding=\"async\" src=\"https:\/\/assets.innpro.pl\/20293\/27023\/6.jpg\" border=\"0\" alt=\"Dron Avata nad p\u0119dz\u0105cym samochodem terenowym na pustyni oraz cztery ikony etap\u00f3w procesu serwisowego\" \/>\n<\/p>\n<h3>Przypadki obj\u0119te DJI Care Refresh<\/h3>\n<p>Wykupuj\u0105c DJI Care Refresh, chronisz swojego drona mi\u0119dzy innymi przed upadkiem, utopieniem, kolizj\u0105 czy wypadkiem spowodowanym zak\u0142\u00f3ceniem sygna\u0142u pracy sprz\u0119tu. DJI Care Refresh obejmuje r\u00f3wnie\u017c wypadki wywo\u0142ane z winy operatora.<\/p>\n<ul class=\"list-disc pl-5\">\n<li>B\u0142\u0105d u\u017cytkownika.<\/li>\n<li>Zak\u0142\u00f3cenie sygna\u0142u.<\/li>\n<li>Kolizja.<\/li>\n<li>Utopienie (Warunkiem skorzystania z ochrony jest dostarczenie wraku drona do centrum serwisowego producenta).<\/li>\n<li>Upadek.<\/li>\n<\/ul>\n<p>\n<img decoding=\"async\" src=\"https:\/\/assets.innpro.pl\/20293\/27023\/5.jpg\" border=\"0\" alt=\"Dron Avata nad skalistym pod\u0142o\u017cem i cztery ikony obrazuj\u0105ce kolizj\u0119, zu\u017cycie, utopienie oraz utrat\u0119 sygna\u0142u\" \/>\n<\/p>\n<h3>DJI Care Refresh nie obejmuje<\/h3>\n<p>1) Zgubionego b\u0105d\u017a cz\u0119\u015bciowo zgubionego drona, gimbala lub akcesori\u00f3w.<\/p>\n<p>2) Kradzie\u017cy lub porzucenia produktu.<\/p>\n<p>3) Uszkodze\u0144 spowodowanych lotem w niew\u0142a\u015bciwych warunkach atmosferycznych.<\/p>\n<p>4) Nadajnika, akcesori\u00f3w dodatkowych.<\/p>\n<p>5) Rozmy\u015blnej utraty drona.<\/p>\n<p>6) Uszkodze\u0144 obudowy, kt\u00f3re nie wp\u0142ywaj\u0105 na dzia\u0142anie produktu.<\/p>\n<p>7) Bezpo\u015brednich lub niebezpo\u015brednich uszkodze\u0144 spowodowanych dzia\u0142aniem si\u0142 wy\u017cszych.<\/p>\n<p>8) Usterek powsta\u0142ych poza okresem wa\u017cno\u015bci DJI Care Refresh.<\/p>\n<p>9) Dodatkowych op\u0142at zwi\u0105zanych z ulepszaniem modelu, poprawianiem jego osi\u0105g\u00f3w.<\/p>\n<p>10) Usterek wynikaj\u0105cych z przeprowadzania modyfikacji, kt\u00f3re nie s\u0105 zgodne z zaleceniami znajduj\u0105cymi si\u0119 w podr\u0119czniku u\u017cytkownika b\u0105d\u017a z u\u017cywania niekompatybilnych akumulator\u00f3w i \u0142adowarki.<\/p>\n<p>11) Usterek wynikaj\u0105cych z korzystania z nieautoryzowanych akcesori\u00f3w, akumulator\u00f3w b\u0105d\u017a oprogramowania.<\/p>\n<p>*Wi\u0119cej na temat DJI Care Refresh znajdziesz w <a href=\"https:\/\/s3.eu-central-1.amazonaws.com\/files.innpro.pl\/DJI\/DJI-CARE.pdf\"><u>tym<\/u><\/a> dokumencie.<\/p>\n<div class=\"table-wrapper\">\n<\/div>\n","protected":false},"excerpt":{"rendered":"<p>Ochrona serwisowa z DJI Care Refresh (plan roczny, kod elektroniczny) DJI Care Refresh to ochrona serwisowa Twojego drona, kt\u00f3ra zapewni<\/p>\n","protected":false},"featured_media":61956,"comment_status":"closed","ping_status":"open","template":"","meta":{"_acf_changed":false},"product_brand":[],"product_cat":[6166,1088],"product_tag":[],"class_list":{"0":"post-61955","1":"product","2":"type-product","3":"status-publish","4":"has-post-thumbnail","6":"product_cat-dji-care-refresh","7":"product_cat-drony","8":"pa_producent-dji","10":"first","11":"instock","12":"taxable","13":"shipping-taxable","14":"purchasable","15":"product-type-simple"},"acf":[],"yoast_head":"<!-- This site is optimized with the Yoast SEO plugin v27.2 - https:\/\/yoast.com\/product\/yoast-seo-wordpress\/ -->\n<title>DJI Care Refresh Avata 360 (plan roczny) - kod elektroniczny - IRONSKY.PL Sklep z Dronami<\/title>\n<meta name=\"description\" content=\"DJI Care Refresh Avata 360 (plan roczny) - kod elektroniczny - \u2705 sklep z dronami i fachowym doradztwem. \u2705 Tutaj kupisz produkty DJI, Yuneec, Parrot, Syma i wiele innych, a tak\u017ce kursy i licencje na operatora drona.\" \/>\n<meta name=\"robots\" content=\"index, follow, max-snippet:-1, max-image-preview:large, max-video-preview:-1\" \/>\n<link rel=\"canonical\" href=\"https:\/\/ironsky.pl\/sklep\/produkt\/dji-care-refresh-avata-360-plan-roczny-kod-elektroniczny\/\" \/>\n<meta property=\"og:locale\" content=\"pl_PL\" \/>\n<meta property=\"og:type\" content=\"article\" \/>\n<meta property=\"og:title\" content=\"DJI Care Refresh Avata 360 (plan roczny) - kod elektroniczny - IRONSKY.PL Sklep z Dronami\" \/>\n<meta property=\"og:description\" content=\"DJI Care Refresh Avata 360 (plan roczny) - kod elektroniczny - \u2705 sklep z dronami i fachowym doradztwem. \u2705 Tutaj kupisz produkty DJI, Yuneec, Parrot, Syma i wiele innych, a tak\u017ce kursy i licencje na operatora drona.\" \/>\n<meta property=\"og:url\" content=\"https:\/\/ironsky.pl\/sklep\/produkt\/dji-care-refresh-avata-360-plan-roczny-kod-elektroniczny\/\" \/>\n<meta property=\"og:site_name\" content=\"IRONSKY.PL Sklep z Dronami\" \/>\n<meta property=\"article:modified_time\" content=\"2026-04-18T07:19:58+00:00\" \/>\n<meta property=\"og:image\" content=\"https:\/\/ironsky.pl\/sklep\/wp-content\/uploads\/2026\/04\/58959_1.jpg\" \/>\n\t<meta property=\"og:image:width\" content=\"800\" \/>\n\t<meta property=\"og:image:height\" content=\"800\" \/>\n\t<meta property=\"og:image:type\" content=\"image\/jpeg\" \/>\n<meta name=\"twitter:card\" content=\"summary_large_image\" \/>\n<meta name=\"twitter:label1\" content=\"Szacowany czas czytania\" \/>\n\t<meta name=\"twitter:data1\" content=\"4 minuty\" \/>\n<script type=\"application\/ld+json\" class=\"yoast-schema-graph\">{\"@context\":\"https:\/\/schema.org\",\"@graph\":[{\"@type\":\"WebPage\",\"@id\":\"https:\/\/ironsky.pl\/sklep\/produkt\/dji-care-refresh-avata-360-plan-roczny-kod-elektroniczny\/\",\"url\":\"https:\/\/ironsky.pl\/sklep\/produkt\/dji-care-refresh-avata-360-plan-roczny-kod-elektroniczny\/\",\"name\":\"DJI Care Refresh Avata 360 (plan roczny) - kod elektroniczny - IRONSKY.PL Sklep z Dronami\",\"isPartOf\":{\"@id\":\"https:\/\/ironsky.pl\/sklep\/#website\"},\"primaryImageOfPage\":{\"@id\":\"https:\/\/ironsky.pl\/sklep\/produkt\/dji-care-refresh-avata-360-plan-roczny-kod-elektroniczny\/#primaryimage\"},\"image\":{\"@id\":\"https:\/\/ironsky.pl\/sklep\/produkt\/dji-care-refresh-avata-360-plan-roczny-kod-elektroniczny\/#primaryimage\"},\"thumbnailUrl\":\"https:\/\/ironsky.pl\/sklep\/wp-content\/uploads\/2026\/04\/58959_1.jpg\",\"datePublished\":\"2026-04-15T09:22:24+00:00\",\"dateModified\":\"2026-04-18T07:19:58+00:00\",\"description\":\"DJI Care Refresh Avata 360 (plan roczny) - kod elektroniczny - \u2705 sklep z dronami i fachowym doradztwem. \u2705 Tutaj kupisz produkty DJI, Yuneec, Parrot, Syma i wiele innych, a tak\u017ce kursy i licencje na operatora drona.\",\"breadcrumb\":{\"@id\":\"https:\/\/ironsky.pl\/sklep\/produkt\/dji-care-refresh-avata-360-plan-roczny-kod-elektroniczny\/#breadcrumb\"},\"inLanguage\":\"pl-PL\",\"potentialAction\":[{\"@type\":\"ReadAction\",\"target\":[\"https:\/\/ironsky.pl\/sklep\/produkt\/dji-care-refresh-avata-360-plan-roczny-kod-elektroniczny\/\"]}]},{\"@type\":\"ImageObject\",\"inLanguage\":\"pl-PL\",\"@id\":\"https:\/\/ironsky.pl\/sklep\/produkt\/dji-care-refresh-avata-360-plan-roczny-kod-elektroniczny\/#primaryimage\",\"url\":\"https:\/\/ironsky.pl\/sklep\/wp-content\/uploads\/2026\/04\/58959_1.jpg\",\"contentUrl\":\"https:\/\/ironsky.pl\/sklep\/wp-content\/uploads\/2026\/04\/58959_1.jpg\",\"width\":800,\"height\":800},{\"@type\":\"BreadcrumbList\",\"@id\":\"https:\/\/ironsky.pl\/sklep\/produkt\/dji-care-refresh-avata-360-plan-roczny-kod-elektroniczny\/#breadcrumb\",\"itemListElement\":[{\"@type\":\"ListItem\",\"position\":1,\"name\":\"Strona g\u0142\u00f3wna\",\"item\":\"https:\/\/ironsky.pl\/sklep\/\"},{\"@type\":\"ListItem\",\"position\":2,\"name\":\"Wszystkie produkty\",\"item\":\"https:\/\/ironsky.pl\/sklep\/produkty\/\"},{\"@type\":\"ListItem\",\"position\":3,\"name\":\"DJI Care Refresh Avata 360 (plan roczny) &#8211; kod elektroniczny\"}]},{\"@type\":\"WebSite\",\"@id\":\"https:\/\/ironsky.pl\/sklep\/#website\",\"url\":\"https:\/\/ironsky.pl\/sklep\/\",\"name\":\"IRONSKY.PL Sklep z Dronami\",\"description\":\"IRONSKY.PL Sklep z Dronami\",\"potentialAction\":[{\"@type\":\"SearchAction\",\"target\":{\"@type\":\"EntryPoint\",\"urlTemplate\":\"https:\/\/ironsky.pl\/sklep\/?s={search_term_string}\"},\"query-input\":{\"@type\":\"PropertyValueSpecification\",\"valueRequired\":true,\"valueName\":\"search_term_string\"}}],\"inLanguage\":\"pl-PL\"}]}<\/script>\n<!-- \/ Yoast SEO plugin. -->","yoast_head_json":{"title":"DJI Care Refresh Avata 360 (plan roczny) - kod elektroniczny - IRONSKY.PL Sklep z Dronami","description":"DJI Care Refresh Avata 360 (plan roczny) - kod elektroniczny - \u2705 sklep z dronami i fachowym doradztwem. \u2705 Tutaj kupisz produkty DJI, Yuneec, Parrot, Syma i wiele innych, a tak\u017ce kursy i licencje na operatora drona.","robots":{"index":"index","follow":"follow","max-snippet":"max-snippet:-1","max-image-preview":"max-image-preview:large","max-video-preview":"max-video-preview:-1"},"canonical":"https:\/\/ironsky.pl\/sklep\/produkt\/dji-care-refresh-avata-360-plan-roczny-kod-elektroniczny\/","og_locale":"pl_PL","og_type":"article","og_title":"DJI Care Refresh Avata 360 (plan roczny) - kod elektroniczny - IRONSKY.PL Sklep z Dronami","og_description":"DJI Care Refresh Avata 360 (plan roczny) - kod elektroniczny - \u2705 sklep z dronami i fachowym doradztwem. \u2705 Tutaj kupisz produkty DJI, Yuneec, Parrot, Syma i wiele innych, a tak\u017ce kursy i licencje na operatora drona.","og_url":"https:\/\/ironsky.pl\/sklep\/produkt\/dji-care-refresh-avata-360-plan-roczny-kod-elektroniczny\/","og_site_name":"IRONSKY.PL Sklep z Dronami","article_modified_time":"2026-04-18T07:19:58+00:00","og_image":[{"width":800,"height":800,"url":"https:\/\/ironsky.pl\/sklep\/wp-content\/uploads\/2026\/04\/58959_1.jpg","type":"image\/jpeg"}],"twitter_card":"summary_large_image","twitter_misc":{"Szacowany czas czytania":"4 minuty"},"schema":{"@context":"https:\/\/schema.org","@graph":[{"@type":"WebPage","@id":"https:\/\/ironsky.pl\/sklep\/produkt\/dji-care-refresh-avata-360-plan-roczny-kod-elektroniczny\/","url":"https:\/\/ironsky.pl\/sklep\/produkt\/dji-care-refresh-avata-360-plan-roczny-kod-elektroniczny\/","name":"DJI Care Refresh Avata 360 (plan roczny) - kod elektroniczny - IRONSKY.PL Sklep z Dronami","isPartOf":{"@id":"https:\/\/ironsky.pl\/sklep\/#website"},"primaryImageOfPage":{"@id":"https:\/\/ironsky.pl\/sklep\/produkt\/dji-care-refresh-avata-360-plan-roczny-kod-elektroniczny\/#primaryimage"},"image":{"@id":"https:\/\/ironsky.pl\/sklep\/produkt\/dji-care-refresh-avata-360-plan-roczny-kod-elektroniczny\/#primaryimage"},"thumbnailUrl":"https:\/\/ironsky.pl\/sklep\/wp-content\/uploads\/2026\/04\/58959_1.jpg","datePublished":"2026-04-15T09:22:24+00:00","dateModified":"2026-04-18T07:19:58+00:00","description":"DJI Care Refresh Avata 360 (plan roczny) - kod elektroniczny - \u2705 sklep z dronami i fachowym doradztwem. \u2705 Tutaj kupisz produkty DJI, Yuneec, Parrot, Syma i wiele innych, a tak\u017ce kursy i licencje na operatora drona.","breadcrumb":{"@id":"https:\/\/ironsky.pl\/sklep\/produkt\/dji-care-refresh-avata-360-plan-roczny-kod-elektroniczny\/#breadcrumb"},"inLanguage":"pl-PL","potentialAction":[{"@type":"ReadAction","target":["https:\/\/ironsky.pl\/sklep\/produkt\/dji-care-refresh-avata-360-plan-roczny-kod-elektroniczny\/"]}]},{"@type":"ImageObject","inLanguage":"pl-PL","@id":"https:\/\/ironsky.pl\/sklep\/produkt\/dji-care-refresh-avata-360-plan-roczny-kod-elektroniczny\/#primaryimage","url":"https:\/\/ironsky.pl\/sklep\/wp-content\/uploads\/2026\/04\/58959_1.jpg","contentUrl":"https:\/\/ironsky.pl\/sklep\/wp-content\/uploads\/2026\/04\/58959_1.jpg","width":800,"height":800},{"@type":"BreadcrumbList","@id":"https:\/\/ironsky.pl\/sklep\/produkt\/dji-care-refresh-avata-360-plan-roczny-kod-elektroniczny\/#breadcrumb","itemListElement":[{"@type":"ListItem","position":1,"name":"Strona g\u0142\u00f3wna","item":"https:\/\/ironsky.pl\/sklep\/"},{"@type":"ListItem","position":2,"name":"Wszystkie produkty","item":"https:\/\/ironsky.pl\/sklep\/produkty\/"},{"@type":"ListItem","position":3,"name":"DJI Care Refresh Avata 360 (plan roczny) &#8211; kod elektroniczny"}]},{"@type":"WebSite","@id":"https:\/\/ironsky.pl\/sklep\/#website","url":"https:\/\/ironsky.pl\/sklep\/","name":"IRONSKY.PL Sklep z Dronami","description":"IRONSKY.PL Sklep z Dronami","potentialAction":[{"@type":"SearchAction","target":{"@type":"EntryPoint","urlTemplate":"https:\/\/ironsky.pl\/sklep\/?s={search_term_string}"},"query-input":{"@type":"PropertyValueSpecification","valueRequired":true,"valueName":"search_term_string"}}],"inLanguage":"pl-PL"}]}},"_links":{"self":[{"href":"https:\/\/ironsky.pl\/sklep\/wp-json\/wp\/v2\/product\/61955","targetHints":{"allow":["GET"]}}],"collection":[{"href":"https:\/\/ironsky.pl\/sklep\/wp-json\/wp\/v2\/product"}],"about":[{"href":"https:\/\/ironsky.pl\/sklep\/wp-json\/wp\/v2\/types\/product"}],"replies":[{"embeddable":true,"href":"https:\/\/ironsky.pl\/sklep\/wp-json\/wp\/v2\/comments?post=61955"}],"wp:featuredmedia":[{"embeddable":true,"href":"https:\/\/ironsky.pl\/sklep\/wp-json\/wp\/v2\/media\/61956"}],"wp:attachment":[{"href":"https:\/\/ironsky.pl\/sklep\/wp-json\/wp\/v2\/media?parent=61955"}],"wp:term":[{"taxonomy":"product_brand","embeddable":true,"href":"https:\/\/ironsky.pl\/sklep\/wp-json\/wp\/v2\/product_brand?post=61955"},{"taxonomy":"product_cat","embeddable":true,"href":"https:\/\/ironsky.pl\/sklep\/wp-json\/wp\/v2\/product_cat?post=61955"},{"taxonomy":"product_tag","embeddable":true,"href":"https:\/\/ironsky.pl\/sklep\/wp-json\/wp\/v2\/product_tag?post=61955"}],"curies":[{"name":"wp","href":"https:\/\/api.w.org\/{rel}","templated":true}]}}