{"id":61841,"date":"2026-04-15T11:21:25","date_gmt":"2026-04-15T09:21:25","guid":{"rendered":"https:\/\/ironsky.pl\/sklep\/produkt\/hulajnoga-elektryczna-navee-v60i-pro\/"},"modified":"2026-04-19T18:42:16","modified_gmt":"2026-04-19T16:42:16","slug":"hulajnoga-elektryczna-navee-v60i-pro","status":"publish","type":"product","link":"https:\/\/ironsky.pl\/sklep\/produkt\/hulajnoga-elektryczna-navee-v60i-pro\/","title":{"rendered":"Hulajnoga elektryczna NAVEE V60i Pro"},"content":{"rendered":"<h3>Hulajnoga elektryczna NAVEE V60i Pro<\/h3>\n<p>Codzienne przemieszczanie si\u0119 po mie\u015bcie mo\u017ce by\u0107 szybkie, wygodne i przyjemne \u2013 zw\u0142aszcza gdy korzystasz z hulajnogi zaprojektowanej z my\u015bl\u0105 o wydajno\u015bci i bezpiecze\u0144stwie. NAVEE V60i Pro \u0142\u0105czy mocny silnik o wysokiej wydajno\u015bci oraz pojemny akumulator, dzi\u0119ki czemu oferuje zasi\u0119g nawet do 60 km na jednym \u0142adowaniu. Stabilna konstrukcja z wysokiej jako\u015bci stali, 10-calowe opony bezd\u0119tkowe oraz zaawansowany system hamowania gwarantuj\u0105 komfort i pewno\u015b\u0107 jazdy w r\u00f3\u017cnych warunkach. Dope\u0142nieniem ca\u0142o\u015bci s\u0105 inteligentne rozwi\u0105zania, takie jak system odzyskiwania energii, czytelny wy\u015bwietlacz oraz kierunkowskazy z certyfikatem E-mark. To hulajnoga, kt\u00f3ra zosta\u0142a zaprojektowana tak, aby sprosta\u0107 wymaganiom codziennych dojazd\u00f3w i zapewni\u0107 pe\u0142n\u0105 kontrol\u0119 nad ka\u017cd\u0105 podr\u00f3\u017c\u0105.<\/p>\n<p>\n<img decoding=\"async\" src=\"https:\/\/assets.innpro.pl\/20155\/26838\/12.jpg\" border=\"0\" alt=\"Hulajnoga elektryczna w kolorze ciemnoszarym z czerwonym przewodem hamulcowym, widok z boku na ciemnym tle.\" \/>\n<\/p>\n<h3>Wydajna platforma i daleki zasi\u0119g<\/h3>\n<p>Za imponuj\u0105c\u0105 wydajno\u015b\u0107 hulajnogi odpowiada platforma zasilania 48 V wsp\u00f3\u0142pracuj\u0105ca z akumulatorem o pojemno\u015bci 10,2 Ah. Takie po\u0142\u0105czenie pozwala osi\u0105gn\u0105\u0107 maksymalny zasi\u0119g do 60 kilometr\u00f3w, co w praktyce oznacza swobod\u0119 codziennego przemieszczania si\u0119 po mie\u015bcie bez konieczno\u015bci cz\u0119stego \u0142adowania urz\u0105dzenia. Konstrukcja hulajnogi zosta\u0142a zaprojektowana z my\u015bl\u0105 o zwi\u0119kszeniu efektywno\u015bci energetycznej \u2013 zmodyfikowana struktura bie\u017cnika opon ogranicza straty energii podczas jazdy. Dzi\u0119ki temu ka\u017cdy przejazd jest bardziej ekonomiczny, a zgromadzona energia wykorzystywana jest maksymalnie efektywnie.<\/p>\n<p>\n<img decoding=\"async\" src=\"https:\/\/assets.innpro.pl\/20155\/26838\/4.jpg\" border=\"0\" alt=\"Fioletowy schemat linii konstrukcyjnych hulajnogi, widoczny profil ramy, k\u00f3\u0142 i podestu na czarnym tle.\" \/>\n<\/p>\n<h3>Dynamiczne przyspieszenie i pewna jazda pod g\u00f3r\u0119<\/h3>\n<p>W hulajnodze zastosowano wydajny silnik o maksymalnej mocy 1000 W, kt\u00f3ry zapewnia dynamiczne przyspieszenie oraz wysok\u0105 kultur\u0119 pracy. Tak du\u017ca moc przek\u0142ada si\u0119 na sprawn\u0105 jazd\u0119 zar\u00f3wno na p\u0142askich odcinkach, jak i podczas pokonywania wzniesie\u0144. NAVEE V60i Pro bez problemu radzi sobie ze wzniesieniami o nachyleniu do 22%, dzi\u0119ki czemu \u015bwietnie sprawdza si\u0119 w miejskiej przestrzeni pe\u0142nej wiadukt\u00f3w, podjazd\u00f3w czy stromych ulic. W praktyce oznacza to p\u0142ynn\u0105, stabiln\u0105 jazd\u0119 bez utraty dynamiki.<\/p>\n<p>\n<img decoding=\"async\" src=\"https:\/\/assets.innpro.pl\/20155\/26838\/10.jpg\" border=\"0\" alt=\"Przednie ko\u0142o hulajnogi naje\u017cd\u017caj\u0105ce na \u017c\u00f3\u0142to-czarny pr\u00f3g zwalniaj\u0105cy, widoczna tekstura opony i amortyzacja.\" \/>\n<\/p>\n<h3>Stabilno\u015b\u0107 i skuteczna amortyzacja<\/h3>\n<p>Komfort jazdy w du\u017cej mierze zale\u017cy od jako\u015bci opon, dlatego NAVEE V60i Pro wyposa\u017cono w 10-calowe opony bezd\u0119tkowe o zwi\u0119kszonej obj\u0119to\u015bci powietrza. Takie rozwi\u0105zanie zapewnia lepsz\u0105 amortyzacj\u0119 nier\u00f3wno\u015bci i stabilno\u015b\u0107 prowadzenia nawet podczas jazdy po trudniejszym terenie. Opony tego typu s\u0105 r\u00f3wnie\u017c bardziej odporne na uszkodzenia i przebicia, poniewa\u017c eliminuj\u0105 ryzyko zniszczenia d\u0119tki. W efekcie zwi\u0119ksza si\u0119 trwa\u0142o\u015b\u0107 ca\u0142ego uk\u0142adu jezdnego, a Ty mo\u017cesz cieszy\u0107 si\u0119 d\u0142ug\u0105 i bezproblemow\u0105 eksploatacj\u0105.<\/p>\n<p>\n<img decoding=\"async\" src=\"https:\/\/assets.innpro.pl\/20155\/26838\/2.jpg\" border=\"0\" alt=\"Przekr\u00f3j ko\u0142a hulajnogi prezentuj\u0105cy miedziane uzwojenie silnika elektrycznego z efektem \u015bwietlistych okr\u0119g\u00f3w.\" \/>\n<\/p>\n<h3>System odzyskiwania energii<\/h3>\n<p>Podczas jazdy hulajnoga wykorzystuje inteligentny system odzyskiwania energii, kt\u00f3ry przetwarza energi\u0119 powstaj\u0105c\u0105 podczas hamowania lub zwalniania. Zamiast traci\u0107 j\u0105 bezpowrotnie, system przekszta\u0142ca j\u0105 w dodatkow\u0105 energi\u0119 elektryczn\u0105 zasilaj\u0105c\u0105 akumulator. Dzi\u0119ki temu zwi\u0119ksza si\u0119 efektywno\u015b\u0107 ca\u0142ego uk\u0142adu nap\u0119dowego, a Ty mo\u017cesz korzysta\u0107 z wi\u0119kszego zasi\u0119gu przy tym samym poziomie zu\u017cycia energii.<\/p>\n<p>\n<img decoding=\"async\" src=\"https:\/\/assets.innpro.pl\/20155\/26838\/1.jpg\" border=\"0\" alt=\"Niebieski schemat konstrukcji hulajnogi pokazuj\u0105cy mechanizm sk\u0142adania kierownicy oraz rozmieszczenie baterii.\" \/>\n<\/p>\n<h3>Przemy\u015blany design<\/h3>\n<p>NAVEE zastosowa\u0142o konstrukcj\u0119 sk\u0142adania z podw\u00f3jn\u0105 rotacj\u0105, kt\u00f3ra pozwala znacznie zmniejszy\u0107 rozmiar hulajnogi po z\u0142o\u017ceniu. Dzi\u0119ki temu jej obj\u0119to\u015b\u0107 mo\u017ce zosta\u0107 ograniczona nawet o oko\u0142o 15% w por\u00f3wnaniu z form\u0105 roz\u0142o\u017con\u0105. Tak kompaktowa konstrukcja u\u0142atwia przechowywanie sprz\u0119tu w domu, biurze czy baga\u017cniku samochodu, a tak\u017ce przenoszenie hulajnogi podczas codziennych podr\u00f3\u017cy. Na kierownicy znajduje si\u0119 nowoczesny, 4-calowy wy\u015bwietlacz o lekko uniesionej wzgl\u0119dem obudowy konstrukcji. Taki projekt poprawia czytelno\u015b\u0107 i sprawia, \u017ce informacje pozostaj\u0105 dobrze widoczne nawet w intensywnym \u015bwietle s\u0142onecznym. Na ekranie mo\u017cna w \u0142atwy spos\u00f3b sprawdzi\u0107 najwa\u017cniejsze parametry jazdy, dzi\u0119ki czemu kontrola nad hulajnog\u0105 jest szybka i intuicyjna.<\/p>\n<p>\n<img decoding=\"async\" src=\"https:\/\/assets.innpro.pl\/20155\/26838\/5.jpg\" border=\"0\" alt=\"Z\u0142o\u017cona hulajnoga z logotypem na ramie, oparta na n\u00f3\u017cce, prezentuj\u0105ca kompaktowy kszta\u0142t do transportu.\" \/>\n<\/p>\n<h3>Wi\u0119ksze bezpiecze\u0144stwo na drodze<\/h3>\n<p>NAVEE V60i Pro zosta\u0142a wyposa\u017cona w kierunkowskazy posiadaj\u0105ce certyfikat E-mark, kt\u00f3re zwi\u0119kszaj\u0105 bezpiecze\u0144stwo podczas jazdy w ruchu miejskim. Wyra\u017ane sygnalizowanie zamiaru skr\u0119tu pozwala innym uczestnikom ruchu szybciej zareagowa\u0107 i lepiej przewidzie\u0107 tor jazdy hulajnogi. Bezpiecze\u0144stwo jazdy wspiera r\u00f3wnie\u017c wydajny, podw\u00f3jny system hamowania. Z przodu zastosowano hamulec b\u0119bnowy, natomiast tylne ko\u0142o wsp\u00f3\u0142pracuje z elektronicznym systemem E-ABS. Dodatkowo dzi\u0119ki gniazdu AirTag mo\u017cesz \u015bledzi\u0107 swoj\u0105 hulajnog\u0119 w dowolnym momencie.<\/p>\n<p>\n<img decoding=\"async\" src=\"https:\/\/assets.innpro.pl\/20155\/26838\/9.jpg\" border=\"0\" alt=\"Kierownica hulajnogi z w\u0142\u0105czonym bia\u0142ym reflektorem przednim oraz pomara\u0144czowymi \u015bwiat\u0142ami na ko\u0144cach uchwyt\u00f3w.\" \/>\n<\/p>\n<h3>Powi\u0119kszona konstrukcja i wytrzyma\u0142a rama<\/h3>\n<p>Projekt hulajnogi zosta\u0142 dopracowany pod k\u0105tem ergonomii, aby zapewni\u0107 bardziej naturaln\u0105 i komfortow\u0105 pozycj\u0119 podczas jazdy. Powi\u0119kszona konstrukcja pozwala na bardziej wyprostowan\u0105 i swobodn\u0105 postaw\u0119, co szczeg\u00f3lnie docenisz podczas d\u0142u\u017cszych tras. Rama zosta\u0142a wykonana z wysokowytrzyma\u0142ej stali klasy motoryzacyjnej, dzi\u0119ki czemu ca\u0142a konstrukcja cechuje si\u0119 wysok\u0105 trwa\u0142o\u015bci\u0105 oraz odporno\u015bci\u0105 na intensywne u\u017cytkowanie. NAVEE V60i Pro to po\u0142\u0105czenie solidno\u015bci, nowoczesnej technologii i przemy\u015blanej ergonomii, kt\u00f3re razem tworz\u0105 hulajnog\u0119 gotow\u0105 na codzienne wyzwania w trasie.<\/p>\n<p>\n<img decoding=\"async\" src=\"https:\/\/assets.innpro.pl\/20155\/26838\/6.jpg\" border=\"0\" alt=\"Zbli\u017cenie na czarn\u0105 kierownic\u0119 hulajnogi z dzwonkiem, klamk\u0105 hamulca i centralnie umieszczonym ekranem. \" \/>\n<\/p>\n<div class=\"table-wrapper\">\n<p>\u00a0<\/p>\n<h3><\/h3>\n<table>\n<tbody>\n<tr>\n<th>Producent<\/th>\n<td>Navee<\/td>\n<\/tr>\n<tr>\n<th>Model<\/th>\n<td>V60i Pro<\/td>\n<\/tr>\n<tr>\n<th>Waga <\/th>\n<td>19 kg<\/td>\n<\/tr>\n<tr>\n<th>Wymiary<\/th>\n<td>1140 x 571 x 1200 mm (po roz\u0142o\u017ceniu), 1190 x 155 x 552 mm (po z\u0142o\u017ceniu)<\/td>\n<\/tr>\n<tr>\n<th>Moc znamionowa <\/th>\n<td>400 W<\/td>\n<\/tr>\n<tr>\n<th>Moc maksymalna <\/th>\n<td>1000 W<\/td>\n<\/tr>\n<tr>\n<th>Pojemno\u015b\u0107 akumulatora <\/th>\n<td>48 V 10,2 Ah<\/td>\n<\/tr>\n<tr>\n<th>Czas \u0142adowania <\/th>\n<td>8 godzin<\/td>\n<\/tr>\n<tr>\n<th>Maksymalny zasi\u0119g <\/th>\n<td>60 km<\/td>\n<\/tr>\n<tr>\n<th>Maksymalne obci\u0105\u017cenie<\/th>\n<td>120 kg<\/td>\n<\/tr>\n<tr>\n<th>Wodoodporno\u015b\u0107<\/th>\n<td>IPX5<\/td>\n<\/tr>\n<tr>\n<th>Maksymalna pr\u0119dko\u015b\u0107 <\/th>\n<td>20 km\/h<\/td>\n<\/tr>\n<tr>\n<th>Maksymalne nachylenie <\/th>\n<td>22%<\/td>\n<\/tr>\n<tr>\n<th>Tryby jazdy <\/th>\n<td>Chodzenie (6 km\/h) \/ Jazda (15 km\/h) \/ Sport (20 km\/h)<\/td>\n<\/tr>\n<tr>\n<th>Hamulce <\/th>\n<td>Przedni hamulec b\u0119bnowy + tylny E-ABS<\/td>\n<\/tr>\n<tr>\n<th>Kierunkowskazy<\/th>\n<td>Tak<\/td>\n<\/tr>\n<\/tbody>\n<\/table>\n<\/div>\n","protected":false},"excerpt":{"rendered":"<p>Hulajnoga elektryczna NAVEE V60i Pro Codzienne przemieszczanie si\u0119 po mie\u015bcie mo\u017ce by\u0107 szybkie, wygodne i przyjemne \u2013 zw\u0142aszcza gdy korzystasz<\/p>\n","protected":false},"featured_media":61842,"comment_status":"closed","ping_status":"open","template":"","meta":{"_acf_changed":false},"product_brand":[],"product_cat":[6000,5937],"product_tag":[],"class_list":{"0":"post-61841","1":"product","2":"type-product","3":"status-publish","4":"has-post-thumbnail","6":"product_cat-hulajnogi-elektryczne","7":"product_cat-outdoor","8":"pa_okres-gwarancji-5757","9":"pa_producent-navee","11":"first","12":"instock","13":"taxable","14":"shipping-taxable","15":"purchasable","16":"product-type-simple"},"acf":[],"yoast_head":"<!-- This site is optimized with the Yoast SEO plugin v27.2 - https:\/\/yoast.com\/product\/yoast-seo-wordpress\/ -->\n<title>Hulajnoga elektryczna NAVEE V60i Pro - IRONSKY.PL Sklep z Dronami<\/title>\n<meta name=\"description\" content=\"Hulajnoga elektryczna NAVEE V60i Pro - \u2705 sklep z dronami i fachowym doradztwem. \u2705 Tutaj kupisz produkty DJI, Yuneec, Parrot, Syma i wiele innych, a tak\u017ce kursy i licencje na operatora drona.\" \/>\n<meta name=\"robots\" content=\"index, follow, max-snippet:-1, max-image-preview:large, max-video-preview:-1\" \/>\n<link rel=\"canonical\" href=\"https:\/\/ironsky.pl\/sklep\/produkt\/hulajnoga-elektryczna-navee-v60i-pro\/\" \/>\n<meta property=\"og:locale\" content=\"pl_PL\" \/>\n<meta property=\"og:type\" content=\"article\" \/>\n<meta property=\"og:title\" content=\"Hulajnoga elektryczna NAVEE V60i Pro - IRONSKY.PL Sklep z Dronami\" \/>\n<meta property=\"og:description\" content=\"Hulajnoga elektryczna NAVEE V60i Pro - \u2705 sklep z dronami i fachowym doradztwem. \u2705 Tutaj kupisz produkty DJI, Yuneec, Parrot, Syma i wiele innych, a tak\u017ce kursy i licencje na operatora drona.\" \/>\n<meta property=\"og:url\" content=\"https:\/\/ironsky.pl\/sklep\/produkt\/hulajnoga-elektryczna-navee-v60i-pro\/\" \/>\n<meta property=\"og:site_name\" content=\"IRONSKY.PL Sklep z Dronami\" \/>\n<meta property=\"article:modified_time\" content=\"2026-04-19T16:42:16+00:00\" \/>\n<meta property=\"og:image\" content=\"https:\/\/ironsky.pl\/sklep\/wp-content\/uploads\/2026\/04\/58691_3.jpg\" \/>\n\t<meta property=\"og:image:width\" content=\"800\" \/>\n\t<meta property=\"og:image:height\" content=\"800\" \/>\n\t<meta property=\"og:image:type\" content=\"image\/jpeg\" \/>\n<meta name=\"twitter:card\" content=\"summary_large_image\" \/>\n<meta name=\"twitter:label1\" content=\"Szacowany czas czytania\" \/>\n\t<meta name=\"twitter:data1\" content=\"4 minuty\" \/>\n<script type=\"application\/ld+json\" class=\"yoast-schema-graph\">{\"@context\":\"https:\/\/schema.org\",\"@graph\":[{\"@type\":\"WebPage\",\"@id\":\"https:\/\/ironsky.pl\/sklep\/produkt\/hulajnoga-elektryczna-navee-v60i-pro\/\",\"url\":\"https:\/\/ironsky.pl\/sklep\/produkt\/hulajnoga-elektryczna-navee-v60i-pro\/\",\"name\":\"Hulajnoga elektryczna NAVEE V60i Pro - IRONSKY.PL Sklep z Dronami\",\"isPartOf\":{\"@id\":\"https:\/\/ironsky.pl\/sklep\/#website\"},\"primaryImageOfPage\":{\"@id\":\"https:\/\/ironsky.pl\/sklep\/produkt\/hulajnoga-elektryczna-navee-v60i-pro\/#primaryimage\"},\"image\":{\"@id\":\"https:\/\/ironsky.pl\/sklep\/produkt\/hulajnoga-elektryczna-navee-v60i-pro\/#primaryimage\"},\"thumbnailUrl\":\"https:\/\/ironsky.pl\/sklep\/wp-content\/uploads\/2026\/04\/58691_3.jpg\",\"datePublished\":\"2026-04-15T09:21:25+00:00\",\"dateModified\":\"2026-04-19T16:42:16+00:00\",\"description\":\"Hulajnoga elektryczna NAVEE V60i Pro - \u2705 sklep z dronami i fachowym doradztwem. \u2705 Tutaj kupisz produkty DJI, Yuneec, Parrot, Syma i wiele innych, a tak\u017ce kursy i licencje na operatora drona.\",\"breadcrumb\":{\"@id\":\"https:\/\/ironsky.pl\/sklep\/produkt\/hulajnoga-elektryczna-navee-v60i-pro\/#breadcrumb\"},\"inLanguage\":\"pl-PL\",\"potentialAction\":[{\"@type\":\"ReadAction\",\"target\":[\"https:\/\/ironsky.pl\/sklep\/produkt\/hulajnoga-elektryczna-navee-v60i-pro\/\"]}]},{\"@type\":\"ImageObject\",\"inLanguage\":\"pl-PL\",\"@id\":\"https:\/\/ironsky.pl\/sklep\/produkt\/hulajnoga-elektryczna-navee-v60i-pro\/#primaryimage\",\"url\":\"https:\/\/ironsky.pl\/sklep\/wp-content\/uploads\/2026\/04\/58691_3.jpg\",\"contentUrl\":\"https:\/\/ironsky.pl\/sklep\/wp-content\/uploads\/2026\/04\/58691_3.jpg\",\"width\":800,\"height\":800},{\"@type\":\"BreadcrumbList\",\"@id\":\"https:\/\/ironsky.pl\/sklep\/produkt\/hulajnoga-elektryczna-navee-v60i-pro\/#breadcrumb\",\"itemListElement\":[{\"@type\":\"ListItem\",\"position\":1,\"name\":\"Strona g\u0142\u00f3wna\",\"item\":\"https:\/\/ironsky.pl\/sklep\/\"},{\"@type\":\"ListItem\",\"position\":2,\"name\":\"Wszystkie produkty\",\"item\":\"https:\/\/ironsky.pl\/sklep\/produkty\/\"},{\"@type\":\"ListItem\",\"position\":3,\"name\":\"Hulajnoga elektryczna NAVEE V60i Pro\"}]},{\"@type\":\"WebSite\",\"@id\":\"https:\/\/ironsky.pl\/sklep\/#website\",\"url\":\"https:\/\/ironsky.pl\/sklep\/\",\"name\":\"IRONSKY.PL Sklep z Dronami\",\"description\":\"IRONSKY.PL Sklep z Dronami\",\"potentialAction\":[{\"@type\":\"SearchAction\",\"target\":{\"@type\":\"EntryPoint\",\"urlTemplate\":\"https:\/\/ironsky.pl\/sklep\/?s={search_term_string}\"},\"query-input\":{\"@type\":\"PropertyValueSpecification\",\"valueRequired\":true,\"valueName\":\"search_term_string\"}}],\"inLanguage\":\"pl-PL\"}]}<\/script>\n<!-- \/ Yoast SEO plugin. -->","yoast_head_json":{"title":"Hulajnoga elektryczna NAVEE V60i Pro - IRONSKY.PL Sklep z Dronami","description":"Hulajnoga elektryczna NAVEE V60i Pro - \u2705 sklep z dronami i fachowym doradztwem. \u2705 Tutaj kupisz produkty DJI, Yuneec, Parrot, Syma i wiele innych, a tak\u017ce kursy i licencje na operatora drona.","robots":{"index":"index","follow":"follow","max-snippet":"max-snippet:-1","max-image-preview":"max-image-preview:large","max-video-preview":"max-video-preview:-1"},"canonical":"https:\/\/ironsky.pl\/sklep\/produkt\/hulajnoga-elektryczna-navee-v60i-pro\/","og_locale":"pl_PL","og_type":"article","og_title":"Hulajnoga elektryczna NAVEE V60i Pro - IRONSKY.PL Sklep z Dronami","og_description":"Hulajnoga elektryczna NAVEE V60i Pro - \u2705 sklep z dronami i fachowym doradztwem. \u2705 Tutaj kupisz produkty DJI, Yuneec, Parrot, Syma i wiele innych, a tak\u017ce kursy i licencje na operatora drona.","og_url":"https:\/\/ironsky.pl\/sklep\/produkt\/hulajnoga-elektryczna-navee-v60i-pro\/","og_site_name":"IRONSKY.PL Sklep z Dronami","article_modified_time":"2026-04-19T16:42:16+00:00","og_image":[{"width":800,"height":800,"url":"https:\/\/ironsky.pl\/sklep\/wp-content\/uploads\/2026\/04\/58691_3.jpg","type":"image\/jpeg"}],"twitter_card":"summary_large_image","twitter_misc":{"Szacowany czas czytania":"4 minuty"},"schema":{"@context":"https:\/\/schema.org","@graph":[{"@type":"WebPage","@id":"https:\/\/ironsky.pl\/sklep\/produkt\/hulajnoga-elektryczna-navee-v60i-pro\/","url":"https:\/\/ironsky.pl\/sklep\/produkt\/hulajnoga-elektryczna-navee-v60i-pro\/","name":"Hulajnoga elektryczna NAVEE V60i Pro - IRONSKY.PL Sklep z Dronami","isPartOf":{"@id":"https:\/\/ironsky.pl\/sklep\/#website"},"primaryImageOfPage":{"@id":"https:\/\/ironsky.pl\/sklep\/produkt\/hulajnoga-elektryczna-navee-v60i-pro\/#primaryimage"},"image":{"@id":"https:\/\/ironsky.pl\/sklep\/produkt\/hulajnoga-elektryczna-navee-v60i-pro\/#primaryimage"},"thumbnailUrl":"https:\/\/ironsky.pl\/sklep\/wp-content\/uploads\/2026\/04\/58691_3.jpg","datePublished":"2026-04-15T09:21:25+00:00","dateModified":"2026-04-19T16:42:16+00:00","description":"Hulajnoga elektryczna NAVEE V60i Pro - \u2705 sklep z dronami i fachowym doradztwem. \u2705 Tutaj kupisz produkty DJI, Yuneec, Parrot, Syma i wiele innych, a tak\u017ce kursy i licencje na operatora drona.","breadcrumb":{"@id":"https:\/\/ironsky.pl\/sklep\/produkt\/hulajnoga-elektryczna-navee-v60i-pro\/#breadcrumb"},"inLanguage":"pl-PL","potentialAction":[{"@type":"ReadAction","target":["https:\/\/ironsky.pl\/sklep\/produkt\/hulajnoga-elektryczna-navee-v60i-pro\/"]}]},{"@type":"ImageObject","inLanguage":"pl-PL","@id":"https:\/\/ironsky.pl\/sklep\/produkt\/hulajnoga-elektryczna-navee-v60i-pro\/#primaryimage","url":"https:\/\/ironsky.pl\/sklep\/wp-content\/uploads\/2026\/04\/58691_3.jpg","contentUrl":"https:\/\/ironsky.pl\/sklep\/wp-content\/uploads\/2026\/04\/58691_3.jpg","width":800,"height":800},{"@type":"BreadcrumbList","@id":"https:\/\/ironsky.pl\/sklep\/produkt\/hulajnoga-elektryczna-navee-v60i-pro\/#breadcrumb","itemListElement":[{"@type":"ListItem","position":1,"name":"Strona g\u0142\u00f3wna","item":"https:\/\/ironsky.pl\/sklep\/"},{"@type":"ListItem","position":2,"name":"Wszystkie produkty","item":"https:\/\/ironsky.pl\/sklep\/produkty\/"},{"@type":"ListItem","position":3,"name":"Hulajnoga elektryczna NAVEE V60i Pro"}]},{"@type":"WebSite","@id":"https:\/\/ironsky.pl\/sklep\/#website","url":"https:\/\/ironsky.pl\/sklep\/","name":"IRONSKY.PL Sklep z Dronami","description":"IRONSKY.PL Sklep z Dronami","potentialAction":[{"@type":"SearchAction","target":{"@type":"EntryPoint","urlTemplate":"https:\/\/ironsky.pl\/sklep\/?s={search_term_string}"},"query-input":{"@type":"PropertyValueSpecification","valueRequired":true,"valueName":"search_term_string"}}],"inLanguage":"pl-PL"}]}},"_links":{"self":[{"href":"https:\/\/ironsky.pl\/sklep\/wp-json\/wp\/v2\/product\/61841","targetHints":{"allow":["GET"]}}],"collection":[{"href":"https:\/\/ironsky.pl\/sklep\/wp-json\/wp\/v2\/product"}],"about":[{"href":"https:\/\/ironsky.pl\/sklep\/wp-json\/wp\/v2\/types\/product"}],"replies":[{"embeddable":true,"href":"https:\/\/ironsky.pl\/sklep\/wp-json\/wp\/v2\/comments?post=61841"}],"wp:featuredmedia":[{"embeddable":true,"href":"https:\/\/ironsky.pl\/sklep\/wp-json\/wp\/v2\/media\/61842"}],"wp:attachment":[{"href":"https:\/\/ironsky.pl\/sklep\/wp-json\/wp\/v2\/media?parent=61841"}],"wp:term":[{"taxonomy":"product_brand","embeddable":true,"href":"https:\/\/ironsky.pl\/sklep\/wp-json\/wp\/v2\/product_brand?post=61841"},{"taxonomy":"product_cat","embeddable":true,"href":"https:\/\/ironsky.pl\/sklep\/wp-json\/wp\/v2\/product_cat?post=61841"},{"taxonomy":"product_tag","embeddable":true,"href":"https:\/\/ironsky.pl\/sklep\/wp-json\/wp\/v2\/product_tag?post=61841"}],"curies":[{"name":"wp","href":"https:\/\/api.w.org\/{rel}","templated":true}]}}