{"id":61755,"date":"2026-04-15T11:20:41","date_gmt":"2026-04-15T09:20:41","guid":{"rendered":"https:\/\/ironsky.pl\/sklep\/produkt\/stacja-zasilania-ecoflow-delta-3-classic-1kwh\/"},"modified":"2026-04-21T19:18:44","modified_gmt":"2026-04-21T17:18:44","slug":"stacja-zasilania-ecoflow-delta-3-classic-1kwh","status":"publish","type":"product","link":"https:\/\/ironsky.pl\/sklep\/produkt\/stacja-zasilania-ecoflow-delta-3-classic-1kwh\/","title":{"rendered":"Stacja zasilania EcoFlow Delta 3 Classic 1kWh"},"content":{"rendered":"<h3>Stacja zasilania EcoFlow Delta 3 Classic 1kWh<\/h3>\n<p>EcoFlow DELTA 3 Classic to kompaktowa stacja zasilania o pojemno\u015bci 1 kWh, mocy ci\u0105g\u0142ej 1800 W i mocy szczytowej 3600 W, kt\u00f3ra zapewnia stabilny, bezpieczny dost\u0119p do pr\u0105du w domu, w biurze i w terenie. Szybkie \u0142adowanie z gniazda AC (od 0% do 80% w oko\u0142o 45 minut) pozwala w mgnieniu oka przygotowa\u0107 sprz\u0119t do dalszego dzia\u0142ania, a funkcja UPS z czasem prze\u0142\u0105czania do 10 ms chroni wybrane urz\u0105dzenia przed skutkami nag\u0142ych przerw w dostawie energii. Do tego dochodzi cicha praca (tylko oko\u0142o 30 dB) i szereg zabezpiecze\u0144, dzi\u0119ki czemu mo\u017cesz bez obaw u\u017cywa\u0107 stacji w niemal ka\u017cdym miejscu i o ka\u017cdej porze. Przygotuj si\u0119 na nieprzewidziane sytuacje \u2013 DELTA 3 Classic zapewni zasilanie najwa\u017cniejszym sprz\u0119tom!<\/p>\n<p>\n<img decoding=\"async\" src=\"https:\/\/assets.innpro.pl\/19980\/26599\/3.jpg\" border=\"0\" alt=\"M\u0119\u017cczyzna na pok\u0142adzie jachtu u\u017cywa laptopa i miksera muzycznego pod\u0142\u0105czonych do stacji zasilania EcoFlow\" \/>\n<\/p>\n<h3>Imponuj\u0105ca moc i pojemno\u015b\u0107 \u2013 spok\u00f3j ducha w awaryjnych sytuacjach i nie tylko<\/h3>\n<p>Sta\u0142a moc si\u0119gaj\u0105ca 1800 W pozwala bez przeszk\u00f3d zasila\u0107 urz\u0105dzenia o du\u017cym poborze energii, takie jak czajnik, mikrofal\u00f3wka czy ekspres do kawy. DELTA 3 Classic bez problemu podtrzyma te\u017c dzia\u0142anie komputera, routera, serwera NAS, telewizora czy lod\u00f3wki \u2013 dzi\u0119ki pojemno\u015bci 1 kWh mo\u017ce dostarcza\u0107 im energi\u0119 przez d\u0142ugi czas. Ponadto tryb X-Boost umo\u017cliwia obs\u0142ug\u0119 sprz\u0119t\u00f3w do 2600 W bez wy\u0142\u0105czania systemu. Wszystko to sprawia, \u017ce stacja \u015bwietnie sprawdzi si\u0119 w sytuacjach awaryjnych, podcza podr\u00f3\u017cy, na biwaku i nie tylko!<\/p>\n<p>\n<img decoding=\"async\" src=\"https:\/\/assets.innpro.pl\/19980\/26599\/2.jpg\" border=\"0\" alt=\"Rodzina na kempingu przy samochodzie; przeno\u015bna stacja EcoFlow zasila elektryczny grill stoj\u0105cy na stole\" \/>\n<\/p>\n<h3>4 sposoby \u0142adowania \u2013 energia wraca szybciej, ni\u017c si\u0119 spodziewasz<\/h3>\n<p>Jedn\u0105 z najwi\u0119kszych zalet stacji DELTA 3 Classic jest szybko\u015b\u0107 \u0142adowania. Za pomoc\u0105 gniazdka AC na\u0142adujesz j\u0105 od 0% do 80% ju\u017c w oko\u0142o 45 minut. Technologia X-Stream inteligentnie dopasowuje napi\u0119cie i moc, aby zapewni\u0107 optymaln\u0105 wydajno\u015b\u0107, nie pogarszaj\u0105c kondycji akumulatora. Mo\u017cesz te\u017c skorzysta\u0107 z innych metod \u2013 panele fotowoltaiczne o mocy 500 W pozwalaj\u0105 przywr\u00f3ci\u0107 stacji pe\u0142ni\u0119 mocy w oko\u0142o 2,5 godziny, podobnie jak \u0142adowarka samochodowa EcoFlow 500W Alternator Charger. Dodatkowo mo\u017cliwe jest \u0142adowanie urz\u0105dzenia przy u\u017cyciu Smart Generatora \u2013 od 0% do 100% w oko\u0142o godzin\u0119. Tak wiele dost\u0119pnych sposob\u00f3w pozwala dopasowa\u0107 \u017ar\u00f3d\u0142o energii do sytuacji \u2013 w domu, w podr\u00f3\u017cy, na dzia\u0142ce lub w kamperze.<\/p>\n<p>\n<img decoding=\"async\" src=\"https:\/\/assets.innpro.pl\/19980\/26599\/4.jpg\" border=\"0\" alt=\"Para odpoczywaj\u0105ca na kocu przed namiotem; stacja EcoFlow stoi na metalowej skrzyni obok paneli fotowoltaicznych\" \/>\n<\/p>\n<h3>UPS z czasem prze\u0142\u0105czania do 10 ms \u2013 ci\u0105g\u0142o\u015b\u0107 pracy bez utraty danych<\/h3>\n<p>W przypadku przerwy w dostawie pr\u0105du stacja mo\u017ce prze\u0142\u0105czy\u0107 si\u0119 na zasilanie awaryjne w ci\u0105gu 10 ms. To wystarczaj\u0105co kr\u00f3tki czas, aby podtrzyma\u0107 dzia\u0142anie serwer\u00f3w, system\u00f3w NAS, komputer\u00f3w czy sprz\u0119tu sieciowego bez restartu i bez ryzyka utraty danych. DELTA 3 Classic dzia\u0142a jak domowe zabezpieczenie energetyczne, kt\u00f3re reaguje szybciej, ni\u017c jeste\u015b w stanie zauwa\u017cy\u0107 problem.<\/p>\n<p>\n<img decoding=\"async\" src=\"https:\/\/assets.innpro.pl\/19980\/26599\/6.jpg\" border=\"0\" alt=\"Kobieta pracuj\u0105ca przy biurku z laptopem i kotem na kolanach, korzystaj\u0105ca ze stacji EcoFlow w nocy\" \/>\n<\/p>\n<h3>Wydajne ogniwa LFP \u2013 trwa\u0142o\u015b\u0107 na lata<\/h3>\n<p>Stacja wykorzystuje ogniwa LFP klasy motoryzacyjnej, kt\u00f3re dzi\u0119ki konstrukcji typu full-tab ograniczaj\u0105 op\u00f3r wewn\u0119trzny, poprawiaj\u0105 efektywno\u015b\u0107 przep\u0142ywu energii i redukuj\u0105 nagrzewanie. Takie rozwi\u0105zanie wyd\u0142u\u017ca te\u017c \u017cywotno\u015b\u0107 akumulatora. Nad bezpiecze\u0144stwem czuwa zaawansowany system BMS z chipsetem ARM Cortex i inteligentnymi algorytmami, kt\u00f3re monitoruj\u0105 parametry pracy w czasie rzeczywistym. Co wi\u0119cej, zastosowanie 16 ogniw na 1 kWh zapewnia stabilne dzia\u0142anie i r\u00f3wnomierne obci\u0105\u017cenie ca\u0142ego pakietu. To konfiguracja zaprojektowana z my\u015bl\u0105 o wieloletniej, bezproblemowej eksploatacji.<\/p>\n<p>\n<img decoding=\"async\" src=\"https:\/\/assets.innpro.pl\/19980\/26599\/1.jpg\" border=\"0\" alt=\"Przeno\u015bna stacja zasilania EcoFlow stoi na trawie na kempingu obok pustego fotela z kocem i namiotu\" \/>\n<\/p>\n<h3>Cicha praca i odporno\u015b\u0107 na trudne warunki<\/h3>\n<p>Technologia X-Quiet\u2122 3.0 utrzymuje ha\u0142as na poziomie oko\u0142o 30 dB \u2013 to mniej wi\u0119cej tyle, co w przypadku szeptu lub tykania zegara. Dzi\u0119ki temu stacja mo\u017ce bez problemu pracowa\u0107 w domu czy w biurze \u2013 nie b\u0119dzie zak\u0142\u00f3ca\u0107 spokoju. Dodatkowo DELTA 3 Classic wyr\u00f3\u017cnia si\u0119 konstrukcj\u0105 CTC (cell-to-chassis), co sprawia, \u017ce jest bardzo wytrzyma\u0142a i odporna na wstrz\u0105sy, na przyk\u0142ad podczas transportu. Urz\u0105dzenie mo\u017ce te\u017c bez problemu dzia\u0142a\u0107 w wymagaj\u0105cych warunkach \u2013 niestraszne mu niskie i wysokie temperatury, wilgotno\u015b\u0107 do 95% lub powietrze o zasoleniu do 5%. Zapewni Ci niezawodny dost\u0119p do pr\u0105du, gdziekolwiek si\u0119 znajdziesz!<\/p>\n<p>\n<img decoding=\"async\" src=\"https:\/\/assets.innpro.pl\/19980\/26599\/11.jpg\" border=\"0\" alt=\"Przeno\u015bna stacja zasilania EcoFlow w ciemnej sypialni, zasilaj\u0105ca lampk\u0119 nocn\u0105 obok \u015bpi\u0105cego dziecka\" \/>\n<\/p>\n<h3>Energia zawsze pod r\u0119k\u0105<\/h3>\n<p>EcoFlow DELTA 3 Classic \u0142\u0105czy wysok\u0105 moc z kompaktow\u0105, przeno\u015bn\u0105 konstrukcj\u0105, dzi\u0119ki czemu mo\u017ce pe\u0142ni\u0107 funkcj\u0119 zar\u00f3wno domowego zabezpieczenia energetycznego, jak i mobilnego \u017ar\u00f3d\u0142a zasilania. Urz\u0105dzenie wa\u017cy tylko oko\u0142o 12,1 kg, a jego wymiary to 398 x 200 x 283 mm, co w po\u0142\u0105czeniu z praktycznym uchwytem pozwala bez problemu przenosi\u0107 je mi\u0119dzy pomieszczeniami albo zabra\u0107 do gara\u017cu, na dzia\u0142k\u0119, do kampera czy na wyjazd w teren.<\/p>\n<p>\n<img decoding=\"async\" src=\"https:\/\/assets.innpro.pl\/19980\/26599\/10.jpg\" border=\"0\" alt=\"Kobieta w kapeluszu i d\u017cinsowej kurtce idzie przez kemping, nios\u0105c w r\u0119ku przeno\u015bn\u0105 stacj\u0119 zasilania EcoFlow\" \/>\n<\/p>\n<h3>Aplikacja EcoFlow \u2013 pe\u0142na kontrola nad energi\u0105 w Twoich r\u0119kach<\/h3>\n<p>Aplikacja EcoFlow umo\u017cliwia monitorowanie zu\u017cycia pr\u0105du i produkcji energii s\u0142onecznej. Pozwala te\u017c tworzy\u0107 harmonogramy \u0142adowania i roz\u0142adowywania. Mo\u017cesz na przyk\u0142ad \u0142adowa\u0107 stacj\u0119 w godzinach ta\u0144szej taryfy i wykorzystywa\u0107 energi\u0119 w szczycie, optymalizuj\u0105c koszty. Dodatkowo dost\u0119pna jest funkcja Storm Guard, kt\u00f3ra automatycznie uruchamia \u0142adowanie przy ostrze\u017ceniach o trudnych warunkach pogodowych.<\/p>\n<p>\n<img decoding=\"async\" src=\"https:\/\/assets.innpro.pl\/19980\/26599\/7.jpg\" border=\"0\" alt=\"Przeno\u015bna stacja zasilania EcoFlow pod\u0142\u0105czona do gniazdka elektrycznego w domu podczas deszczowej nocy\" \/>\n<\/p>\n<h3>W zestawie<\/h3>\n<ul class=\"list-disc pl-5\">\n<li>Stacja zasilania EcoFlow DELTA 3 Classic<\/li>\n<li>Kabel do \u0142adowania AC<\/li>\n<li>Instrukcja obs\u0142ugi i karta gwarancyjna<\/li>\n<\/ul>\n<div class=\"table-wrapper\">\n<p>\u00a0<\/p>\n<h3>Og\u00f3lne<\/h3>\n<table>\n<tbody>\n<tr>\n<th>Producent<\/th>\n<td>EcoFlow<\/td>\n<\/tr>\n<tr>\n<th>Model<\/th>\n<td>DELTA 3 Classic<\/td>\n<\/tr>\n<tr>\n<th>Kolor<\/th>\n<td>Szary<\/td>\n<\/tr>\n<tr>\n<th>Pojemno\u015b\u0107<\/th>\n<td>1024 Wh<\/td>\n<\/tr>\n<tr>\n<th>Waga<\/th>\n<td>12,1 kg \u00b1 0,3 kg<\/td>\n<\/tr>\n<tr>\n<th>Wymiary<\/th>\n<td>398 x 200 x 283 mm<\/td>\n<\/tr>\n<tr>\n<th>\u0141\u0105czna liczba port\u00f3w wyj\u015bciowych<\/th>\n<td>6<\/td>\n<\/tr>\n<\/tbody>\n<\/table>\n<p>\u00a0<\/p>\n<h3>Wyj\u015bcie AC<\/h3>\n<table>\n<tbody>\n<tr>\n<th>Maksymalna moc wyj\u015bciowa<\/th>\n<td>1800 W 230 V ~50 Hz<\/td>\n<\/tr>\n<tr>\n<th>Moc szczytowa<\/th>\n<td>3600 W<\/td>\n<\/tr>\n<tr>\n<th>Maksymalna moc w trybie X-Boost<\/th>\n<td>2400 W<\/td>\n<\/tr>\n<tr>\n<th>Napi\u0119cie wyj\u015bciowe<\/th>\n<td>230 V<\/td>\n<\/tr>\n<tr>\n<th>UPS<\/th>\n<td>10ms, UPS<\/td>\n<\/tr>\n<tr>\n<th>Liczba gniazd AC<\/th>\n<td>3 (2x 3-hole + 1x 2-hole)<\/td>\n<\/tr>\n<\/tbody>\n<\/table>\n<p>\u00a0<\/p>\n<h3>Wyj\u015bcie DC<\/h3>\n<table>\n<tbody>\n<tr>\n<th>USB-A Fast<\/th>\n<td>1x 12 W<\/td>\n<\/tr>\n<tr>\n<th>USB-C<\/th>\n<td>1x 100 W + 1x 30 W<\/td>\n<\/tr>\n<tr>\n<th>Wyj\u015bcie 12 V DC<\/th>\n<td>Brak<\/td>\n<\/tr>\n<\/tbody>\n<\/table>\n<p>\u00a0<\/p>\n<h3>Wej\u015bcie AC<\/h3>\n<table>\n<tbody>\n<tr>\n<th>\u0141adowanie z sieci<\/th>\n<td>1400 W<\/td>\n<\/tr>\n<tr>\n<th>\u0141adowanie z generatora<\/th>\n<td>1400 W<\/td>\n<\/tr>\n<tr>\n<th>Czas \u0142adowania 0-80%<\/th>\n<td>Tryb Fast: ok. 45 min<\/td>\n<\/tr>\n<tr>\n<th>Czas \u0142adowania 0-100%<\/th>\n<td>Ok. 60 min<\/td>\n<\/tr>\n<tr>\n<th>Napi\u0119cie wej\u015bciowe<\/th>\n<td>220-240 V \/ 50\/60 Hz<\/td>\n<\/tr>\n<\/tbody>\n<\/table>\n<p>\u00a0<\/p>\n<h3>Wej\u015bcie DC<\/h3>\n<table>\n<tbody>\n<tr>\n<th>\u0141adowanie solarne<\/th>\n<td>500 W maks.<\/td>\n<\/tr>\n<tr>\n<th>Wej\u015bcie \u0142adowania DC<\/th>\n<td>11-60 V 500 W maks. x1<\/td>\n<\/tr>\n<tr>\n<th>Alternator Charger<\/th>\n<td>Port XT60 oparty na PV, \u0142adowarka Alternator Charger 500 W<\/td>\n<\/tr>\n<\/tbody>\n<\/table>\n<p>\u00a0<\/p>\n<h3>\u0141adowanie hybrydowe<\/h3>\n<table>\n<tbody>\n<tr>\n<th>AC + \u0142adowanie solarne (priorytet \u0142adowania solarnego)<\/th>\n<td>\u2013<\/td>\n<\/tr>\n<tr>\n<th>Wej\u015bcie Bond Charge<\/th>\n<td>\u2013<\/td>\n<\/tr>\n<\/tbody>\n<\/table>\n<p>\u00a0<\/p>\n<h3>Akumulator<\/h3>\n<table>\n<tbody>\n<tr>\n<th>Chemia akumulatora<\/th>\n<td>LFP<\/td>\n<\/tr>\n<tr>\n<th>\u017bywotno\u015b\u0107<\/th>\n<td>Ok. 10 lat<\/td>\n<\/tr>\n<tr>\n<th>Klasa szczelno\u015bci pakietu akumulatora<\/th>\n<td>IP20 dla ca\u0142ego produktu<\/td>\n<\/tr>\n<tr>\n<th>Konstrukcja CTC<\/th>\n<td>Tak<\/td>\n<\/tr>\n<tr>\n<th>Port dodatkowego akumulatora<\/th>\n<td>Nie<\/td>\n<\/tr>\n<tr>\n<th>Dodatkowy akumulator<\/th>\n<td>Nie<\/td>\n<\/tr>\n<tr>\n<th>Maksymalna pojemno\u015b\u0107 z dodatkowym akumulatorem<\/th>\n<td>\u2013<\/td>\n<\/tr>\n<\/tbody>\n<\/table>\n<p>\u00a0<\/p>\n<h3>\u0141\u0105czno\u015b\u0107<\/h3>\n<table>\n<tbody>\n<tr>\n<th>Ekran<\/th>\n<td>Tak<\/td>\n<\/tr>\n<tr>\n<th>Wi-Fi<\/th>\n<td>Tak<\/td>\n<\/tr>\n<tr>\n<th>Bluetooth<\/th>\n<td>Tak<\/td>\n<\/tr>\n<tr>\n<th>Aplikacja<\/th>\n<td>Tak (tryby Storm, Bypass Unbind)<\/td>\n<\/tr>\n<\/tbody>\n<\/table>\n<p>\u00a0<\/p>\n<h3>Eksploatacja<\/h3>\n<table>\n<tbody>\n<tr>\n<th>Poziom ha\u0142asu<\/th>\n<td>600 W: <30 dB;<br \/>1200 W: <40dB;<br \/>Maks. poziom ha\u0142asu: 50 dB<\/td>\n<\/tr>\n<tr>\n<th>Maks. wysoko\u015b\u0107 pracy<\/th>\n<td>3000 m<\/td>\n<\/tr>\n<tr>\n<th>Temperatura roz\u0142adowania<\/th>\n<td>Od -10\u00b0C do 45\u00b0C<\/td>\n<\/tr>\n<tr>\n<th>Temperatura \u0142adowania<\/th>\n<td>Od 0\u00b0C do 45\u00b0C<\/td>\n<\/tr>\n<tr>\n<th>Temperatura przechowywania<\/th>\n<td>Od -10\u00b0C do 45\u00b0C (temperatura optymalna: od 20\u00b0C do 30\u00b0C)<\/td>\n<\/tr>\n<\/tbody>\n<\/table>\n<p>\u00a0<\/p>\n<h3>Zabezpieczenia akumulatora<\/h3>\n<table>\n<tbody>\n<tr>\n<th>Zabezpieczenia<\/th>\n<td>Zabezpieczenie przed przepi\u0119ciem, zabezpieczenie przed przeci\u0105\u017ceniem, zabezpieczenie przed przegrzaniem, zabezpieczenie przed zwarciem, zabezpieczenie przed zbyt nisk\u0105 temperatur\u0105, zabezpieczenie przed zbyt niskim napi\u0119ciem, zabezpieczenie nadpr\u0105dowe<\/td>\n<\/tr>\n<\/tbody>\n<\/table>\n<\/div>\n","protected":false},"excerpt":{"rendered":"<p>Stacja zasilania EcoFlow Delta 3 Classic 1kWh EcoFlow DELTA 3 Classic to kompaktowa stacja zasilania o pojemno\u015bci 1 kWh, mocy<\/p>\n","protected":false},"featured_media":61756,"comment_status":"closed","ping_status":"open","template":"","meta":{"_acf_changed":false},"product_brand":[],"product_cat":[1108,6199,1111],"product_tag":[],"class_list":{"0":"post-61755","1":"product","2":"type-product","3":"status-publish","4":"has-post-thumbnail","6":"product_cat-energia","7":"product_cat-stacje-zasilania-stacje-zasilania","8":"product_cat-stacje-zasilania","9":"pa_60-m-5771","10":"pa_producent-ecoflow","12":"first","13":"instock","14":"taxable","15":"shipping-taxable","16":"purchasable","17":"product-type-simple"},"acf":[],"yoast_head":"<!-- This site is optimized with the Yoast SEO plugin v27.2 - https:\/\/yoast.com\/product\/yoast-seo-wordpress\/ -->\n<title>Stacja zasilania EcoFlow Delta 3 Classic 1kWh - IRONSKY.PL Sklep z Dronami<\/title>\n<meta name=\"description\" content=\"Stacja zasilania EcoFlow Delta 3 Classic 1kWh - \u2705 sklep z dronami i fachowym doradztwem. \u2705 Tutaj kupisz produkty DJI, Yuneec, Parrot, Syma i wiele innych, a tak\u017ce kursy i licencje na operatora drona.\" \/>\n<meta name=\"robots\" content=\"index, follow, max-snippet:-1, max-image-preview:large, max-video-preview:-1\" \/>\n<link rel=\"canonical\" href=\"https:\/\/ironsky.pl\/sklep\/produkt\/stacja-zasilania-ecoflow-delta-3-classic-1kwh\/\" \/>\n<meta property=\"og:locale\" content=\"pl_PL\" \/>\n<meta property=\"og:type\" content=\"article\" \/>\n<meta property=\"og:title\" content=\"Stacja zasilania EcoFlow Delta 3 Classic 1kWh - IRONSKY.PL Sklep z Dronami\" \/>\n<meta property=\"og:description\" content=\"Stacja zasilania EcoFlow Delta 3 Classic 1kWh - \u2705 sklep z dronami i fachowym doradztwem. \u2705 Tutaj kupisz produkty DJI, Yuneec, Parrot, Syma i wiele innych, a tak\u017ce kursy i licencje na operatora drona.\" \/>\n<meta property=\"og:url\" content=\"https:\/\/ironsky.pl\/sklep\/produkt\/stacja-zasilania-ecoflow-delta-3-classic-1kwh\/\" \/>\n<meta property=\"og:site_name\" content=\"IRONSKY.PL Sklep z Dronami\" \/>\n<meta property=\"article:modified_time\" content=\"2026-04-21T17:18:44+00:00\" \/>\n<meta property=\"og:image\" content=\"https:\/\/ironsky.pl\/sklep\/wp-content\/uploads\/2026\/04\/58554_1.jpg\" \/>\n\t<meta property=\"og:image:width\" content=\"800\" \/>\n\t<meta property=\"og:image:height\" content=\"800\" \/>\n\t<meta property=\"og:image:type\" content=\"image\/jpeg\" \/>\n<meta name=\"twitter:card\" content=\"summary_large_image\" \/>\n<meta name=\"twitter:label1\" content=\"Szacowany czas czytania\" \/>\n\t<meta name=\"twitter:data1\" content=\"5 minut\" \/>\n<script type=\"application\/ld+json\" class=\"yoast-schema-graph\">{\"@context\":\"https:\/\/schema.org\",\"@graph\":[{\"@type\":\"WebPage\",\"@id\":\"https:\/\/ironsky.pl\/sklep\/produkt\/stacja-zasilania-ecoflow-delta-3-classic-1kwh\/\",\"url\":\"https:\/\/ironsky.pl\/sklep\/produkt\/stacja-zasilania-ecoflow-delta-3-classic-1kwh\/\",\"name\":\"Stacja zasilania EcoFlow Delta 3 Classic 1kWh - IRONSKY.PL Sklep z Dronami\",\"isPartOf\":{\"@id\":\"https:\/\/ironsky.pl\/sklep\/#website\"},\"primaryImageOfPage\":{\"@id\":\"https:\/\/ironsky.pl\/sklep\/produkt\/stacja-zasilania-ecoflow-delta-3-classic-1kwh\/#primaryimage\"},\"image\":{\"@id\":\"https:\/\/ironsky.pl\/sklep\/produkt\/stacja-zasilania-ecoflow-delta-3-classic-1kwh\/#primaryimage\"},\"thumbnailUrl\":\"https:\/\/ironsky.pl\/sklep\/wp-content\/uploads\/2026\/04\/58554_1.jpg\",\"datePublished\":\"2026-04-15T09:20:41+00:00\",\"dateModified\":\"2026-04-21T17:18:44+00:00\",\"description\":\"Stacja zasilania EcoFlow Delta 3 Classic 1kWh - \u2705 sklep z dronami i fachowym doradztwem. \u2705 Tutaj kupisz produkty DJI, Yuneec, Parrot, Syma i wiele innych, a tak\u017ce kursy i licencje na operatora drona.\",\"breadcrumb\":{\"@id\":\"https:\/\/ironsky.pl\/sklep\/produkt\/stacja-zasilania-ecoflow-delta-3-classic-1kwh\/#breadcrumb\"},\"inLanguage\":\"pl-PL\",\"potentialAction\":[{\"@type\":\"ReadAction\",\"target\":[\"https:\/\/ironsky.pl\/sklep\/produkt\/stacja-zasilania-ecoflow-delta-3-classic-1kwh\/\"]}]},{\"@type\":\"ImageObject\",\"inLanguage\":\"pl-PL\",\"@id\":\"https:\/\/ironsky.pl\/sklep\/produkt\/stacja-zasilania-ecoflow-delta-3-classic-1kwh\/#primaryimage\",\"url\":\"https:\/\/ironsky.pl\/sklep\/wp-content\/uploads\/2026\/04\/58554_1.jpg\",\"contentUrl\":\"https:\/\/ironsky.pl\/sklep\/wp-content\/uploads\/2026\/04\/58554_1.jpg\",\"width\":800,\"height\":800},{\"@type\":\"BreadcrumbList\",\"@id\":\"https:\/\/ironsky.pl\/sklep\/produkt\/stacja-zasilania-ecoflow-delta-3-classic-1kwh\/#breadcrumb\",\"itemListElement\":[{\"@type\":\"ListItem\",\"position\":1,\"name\":\"Strona g\u0142\u00f3wna\",\"item\":\"https:\/\/ironsky.pl\/sklep\/\"},{\"@type\":\"ListItem\",\"position\":2,\"name\":\"Wszystkie produkty\",\"item\":\"https:\/\/ironsky.pl\/sklep\/produkty\/\"},{\"@type\":\"ListItem\",\"position\":3,\"name\":\"Stacja zasilania EcoFlow Delta 3 Classic 1kWh\"}]},{\"@type\":\"WebSite\",\"@id\":\"https:\/\/ironsky.pl\/sklep\/#website\",\"url\":\"https:\/\/ironsky.pl\/sklep\/\",\"name\":\"IRONSKY.PL Sklep z Dronami\",\"description\":\"IRONSKY.PL Sklep z Dronami\",\"potentialAction\":[{\"@type\":\"SearchAction\",\"target\":{\"@type\":\"EntryPoint\",\"urlTemplate\":\"https:\/\/ironsky.pl\/sklep\/?s={search_term_string}\"},\"query-input\":{\"@type\":\"PropertyValueSpecification\",\"valueRequired\":true,\"valueName\":\"search_term_string\"}}],\"inLanguage\":\"pl-PL\"}]}<\/script>\n<!-- \/ Yoast SEO plugin. -->","yoast_head_json":{"title":"Stacja zasilania EcoFlow Delta 3 Classic 1kWh - IRONSKY.PL Sklep z Dronami","description":"Stacja zasilania EcoFlow Delta 3 Classic 1kWh - \u2705 sklep z dronami i fachowym doradztwem. \u2705 Tutaj kupisz produkty DJI, Yuneec, Parrot, Syma i wiele innych, a tak\u017ce kursy i licencje na operatora drona.","robots":{"index":"index","follow":"follow","max-snippet":"max-snippet:-1","max-image-preview":"max-image-preview:large","max-video-preview":"max-video-preview:-1"},"canonical":"https:\/\/ironsky.pl\/sklep\/produkt\/stacja-zasilania-ecoflow-delta-3-classic-1kwh\/","og_locale":"pl_PL","og_type":"article","og_title":"Stacja zasilania EcoFlow Delta 3 Classic 1kWh - IRONSKY.PL Sklep z Dronami","og_description":"Stacja zasilania EcoFlow Delta 3 Classic 1kWh - \u2705 sklep z dronami i fachowym doradztwem. \u2705 Tutaj kupisz produkty DJI, Yuneec, Parrot, Syma i wiele innych, a tak\u017ce kursy i licencje na operatora drona.","og_url":"https:\/\/ironsky.pl\/sklep\/produkt\/stacja-zasilania-ecoflow-delta-3-classic-1kwh\/","og_site_name":"IRONSKY.PL Sklep z Dronami","article_modified_time":"2026-04-21T17:18:44+00:00","og_image":[{"width":800,"height":800,"url":"https:\/\/ironsky.pl\/sklep\/wp-content\/uploads\/2026\/04\/58554_1.jpg","type":"image\/jpeg"}],"twitter_card":"summary_large_image","twitter_misc":{"Szacowany czas czytania":"5 minut"},"schema":{"@context":"https:\/\/schema.org","@graph":[{"@type":"WebPage","@id":"https:\/\/ironsky.pl\/sklep\/produkt\/stacja-zasilania-ecoflow-delta-3-classic-1kwh\/","url":"https:\/\/ironsky.pl\/sklep\/produkt\/stacja-zasilania-ecoflow-delta-3-classic-1kwh\/","name":"Stacja zasilania EcoFlow Delta 3 Classic 1kWh - IRONSKY.PL Sklep z Dronami","isPartOf":{"@id":"https:\/\/ironsky.pl\/sklep\/#website"},"primaryImageOfPage":{"@id":"https:\/\/ironsky.pl\/sklep\/produkt\/stacja-zasilania-ecoflow-delta-3-classic-1kwh\/#primaryimage"},"image":{"@id":"https:\/\/ironsky.pl\/sklep\/produkt\/stacja-zasilania-ecoflow-delta-3-classic-1kwh\/#primaryimage"},"thumbnailUrl":"https:\/\/ironsky.pl\/sklep\/wp-content\/uploads\/2026\/04\/58554_1.jpg","datePublished":"2026-04-15T09:20:41+00:00","dateModified":"2026-04-21T17:18:44+00:00","description":"Stacja zasilania EcoFlow Delta 3 Classic 1kWh - \u2705 sklep z dronami i fachowym doradztwem. \u2705 Tutaj kupisz produkty DJI, Yuneec, Parrot, Syma i wiele innych, a tak\u017ce kursy i licencje na operatora drona.","breadcrumb":{"@id":"https:\/\/ironsky.pl\/sklep\/produkt\/stacja-zasilania-ecoflow-delta-3-classic-1kwh\/#breadcrumb"},"inLanguage":"pl-PL","potentialAction":[{"@type":"ReadAction","target":["https:\/\/ironsky.pl\/sklep\/produkt\/stacja-zasilania-ecoflow-delta-3-classic-1kwh\/"]}]},{"@type":"ImageObject","inLanguage":"pl-PL","@id":"https:\/\/ironsky.pl\/sklep\/produkt\/stacja-zasilania-ecoflow-delta-3-classic-1kwh\/#primaryimage","url":"https:\/\/ironsky.pl\/sklep\/wp-content\/uploads\/2026\/04\/58554_1.jpg","contentUrl":"https:\/\/ironsky.pl\/sklep\/wp-content\/uploads\/2026\/04\/58554_1.jpg","width":800,"height":800},{"@type":"BreadcrumbList","@id":"https:\/\/ironsky.pl\/sklep\/produkt\/stacja-zasilania-ecoflow-delta-3-classic-1kwh\/#breadcrumb","itemListElement":[{"@type":"ListItem","position":1,"name":"Strona g\u0142\u00f3wna","item":"https:\/\/ironsky.pl\/sklep\/"},{"@type":"ListItem","position":2,"name":"Wszystkie produkty","item":"https:\/\/ironsky.pl\/sklep\/produkty\/"},{"@type":"ListItem","position":3,"name":"Stacja zasilania EcoFlow Delta 3 Classic 1kWh"}]},{"@type":"WebSite","@id":"https:\/\/ironsky.pl\/sklep\/#website","url":"https:\/\/ironsky.pl\/sklep\/","name":"IRONSKY.PL Sklep z Dronami","description":"IRONSKY.PL Sklep z Dronami","potentialAction":[{"@type":"SearchAction","target":{"@type":"EntryPoint","urlTemplate":"https:\/\/ironsky.pl\/sklep\/?s={search_term_string}"},"query-input":{"@type":"PropertyValueSpecification","valueRequired":true,"valueName":"search_term_string"}}],"inLanguage":"pl-PL"}]}},"_links":{"self":[{"href":"https:\/\/ironsky.pl\/sklep\/wp-json\/wp\/v2\/product\/61755","targetHints":{"allow":["GET"]}}],"collection":[{"href":"https:\/\/ironsky.pl\/sklep\/wp-json\/wp\/v2\/product"}],"about":[{"href":"https:\/\/ironsky.pl\/sklep\/wp-json\/wp\/v2\/types\/product"}],"replies":[{"embeddable":true,"href":"https:\/\/ironsky.pl\/sklep\/wp-json\/wp\/v2\/comments?post=61755"}],"wp:featuredmedia":[{"embeddable":true,"href":"https:\/\/ironsky.pl\/sklep\/wp-json\/wp\/v2\/media\/61756"}],"wp:attachment":[{"href":"https:\/\/ironsky.pl\/sklep\/wp-json\/wp\/v2\/media?parent=61755"}],"wp:term":[{"taxonomy":"product_brand","embeddable":true,"href":"https:\/\/ironsky.pl\/sklep\/wp-json\/wp\/v2\/product_brand?post=61755"},{"taxonomy":"product_cat","embeddable":true,"href":"https:\/\/ironsky.pl\/sklep\/wp-json\/wp\/v2\/product_cat?post=61755"},{"taxonomy":"product_tag","embeddable":true,"href":"https:\/\/ironsky.pl\/sklep\/wp-json\/wp\/v2\/product_tag?post=61755"}],"curies":[{"name":"wp","href":"https:\/\/api.w.org\/{rel}","templated":true}]}}