{"id":61670,"date":"2026-04-15T11:19:47","date_gmt":"2026-04-15T09:19:47","guid":{"rendered":"https:\/\/ironsky.pl\/sklep\/produkt\/mini-pc-geekom-a9max-amd-ai-9-hx-370-32gb-1tb-win-11-pro\/"},"modified":"2026-04-24T02:23:23","modified_gmt":"2026-04-24T00:23:23","slug":"mini-pc-geekom-a9max-amd-ai-9-hx-370-32gb-1tb-win-11-pro","status":"publish","type":"product","link":"https:\/\/ironsky.pl\/sklep\/produkt\/mini-pc-geekom-a9max-amd-ai-9-hx-370-32gb-1tb-win-11-pro\/","title":{"rendered":"Mini PC GEEKOM A9MAX AMD AI 9 HX 370 32GB 1TB + Win 11 Pro"},"content":{"rendered":"<h3>Mini PC GEEKOM A9MAX AMD AI 9 HX 370 32GB 1TB + Win 11 Pro<\/h3>\n<p>GEEKOM A9 MAX w konfiguracji AMD Ryzen\u2122 AI 9 HX 370 + 32 GB DDR5 + SSD 1 TB to mini PC dedykowany u\u017cytkownikom wykorzystuj\u0105cym sztuczn\u0105 inteligencj\u0119 w pracy i projektach profesjonalnych. \u0141\u0105czy wydajno\u015b\u0107 oblicze\u0144 AI si\u0119gaj\u0105c\u0105 nawet 80 TOPS, grafik\u0119 Radeon\u2122 890M klasy gamingowej oraz rozbudowane porty w kompaktowej obudowie. Posiada system Windows 11 Pro i obs\u0142uguje r\u00f3wnie\u017c Linux, takie jak Ubuntu czy Manjaro, a tak\u017ce Android x86. Idealnie sprawdzi si\u0119 w pracy z Visual Studio, Dockerem, \u015brodowiskami do trenowania modeli AI itp. Dodatkowo oferuje zgodno\u015b\u0107 z ekosystemem Microsoft Copilot+, strategi\u0105 rozwoju platformy AMD Ryzen AI oraz otwartymi narz\u0119dziami do wdra\u017cania modeli lokalnych.<\/p>\n<p>\n<img decoding=\"async\" src=\"https:\/\/assets.innpro.pl\/19840\/26440\/16.jpg\" border=\"0\" alt=\"2 szare Mini PC Geekom na czarnym blacie, po bokach monitory\" \/>\n<\/p>\n<h3>Nowy poziom wydajno\u015bci AI<\/h3>\n<p>Sercem urz\u0105dzenia jest procesor AMD Ryzen\u2122 AI 9 HX 370 oparty na architekturze \u201eStrix Point\u201d. Wyposa\u017cony w dedykowany silnik XDNA 2 AI, oferuje do 50 TOPS mocy NPU oraz \u0142\u0105czn\u0105 akceleracj\u0119 AI na poziomie 77\u201380 TOPS. Umo\u017cliwia to obs\u0142ug\u0119 funkcji Copilot+, lokalne uruchamianie du\u017cych modeli j\u0119zykowych oraz zaawansowan\u0105 generacj\u0119 tre\u015bci. Stable Diffusion, Topaz AI, lokalne LLM-y przez LM Studio czy Ollama \u2014 wszystko dzia\u0142a p\u0142ynnie i stabilnie przy zachowaniu efektywnej kontroli temperatury.<\/p>\n<p>\n<img decoding=\"async\" src=\"https:\/\/assets.innpro.pl\/19840\/26440\/1.jpg\" border=\"0\" alt=\"2 MINI PC na czarnym stole, po bokach monitory, z ty\u0142u napis AI\" \/>\n<\/p>\n<h3>Radeon\u2122 890M \u2014 gaming bez kompromis\u00f3w<\/h3>\n<p>Zintegrowana grafika AMD Radeon\u2122 890M z 16 jednostkami CU opartymi na RDNA 3.5 oferuje wysok\u0105 wydajno\u015b\u0107 pracy. Pozwala na komfortow\u0105 rozgrywk\u0119 w 1080p, a nawet 2K, w tytu\u0142ach takich jak Valorant, Fortnite, League of Legends czy CS2. Obs\u0142uga technologii FidelityFX Super Resolution (FSR) poprawia p\u0142ynno\u015b\u0107 i jako\u015b\u0107 obrazu w kompatybilnych grach. Uk\u0142ad sprawdzi si\u0119 tak\u017ce przy odtwarzaniu 4K i lekkim renderingu 3D, co czyni go idealnym dla tw\u00f3rc\u00f3w i graczy.<\/p>\n<p>\n<img decoding=\"async\" src=\"https:\/\/assets.innpro.pl\/19840\/26440\/10.jpg\" border=\"0\" alt=\"Zbli\u017cenie na uk\u0142ad graficzny AMD RYZEN AI Graphics 890M na r\u00f3\u017cowo-niebieskim tle\" \/>\n<\/p>\n<h3>Ch\u0142odzenie IceBlast 2.0<\/h3>\n<p>Za stabilno\u015b\u0107 odpowiada ulepszony system ch\u0142odzenia IceBlast 2.0, obejmuj\u0105cy du\u017cy miedziany radiator, podw\u00f3jne rurki cieplne, wydajny wentylator o niskim poziomie ha\u0142asu oraz wysokiej klasy materia\u0142y termoprzewodz\u0105ce. Konstrukcja z bocznym wlotem i tylnym wylotem powietrza skutecznie zapobiega przegrzewaniu. Nawet podczas d\u0142ugotrwa\u0142ego obci\u0105\u017cenia czy wielogodzinnych sesji gamingowych A9 Max zachowuje stabilno\u015b\u0107 dzia\u0142ania.<\/p>\n<p>\n<img decoding=\"async\" src=\"https:\/\/assets.innpro.pl\/19840\/26440\/5.jpg\" border=\"0\" alt=\"Zbli\u017cenie na uk\u0142ad ch\u0142odzenia MINI PC\" \/>\n<\/p>\n<h3>Rozbudowana pami\u0119\u0107 i przestrze\u0144<\/h3>\n<p>Model obs\u0142uguje do 128 GB pami\u0119ci DDR5-5600 MHz w trybie dual-channel oraz dwa dyski PCIe x4 NVMe (M.2 2280 + M.2 2230). Zapewnia doskona\u0142\u0105 baz\u0119 pod zaawansowan\u0105 wielozadaniowo\u015b\u0107, prac\u0119 z modelami AI czy monta\u017c wideo 4K.\u00a0<\/p>\n<p>\n<img decoding=\"async\" src=\"https:\/\/assets.innpro.pl\/19840\/26440\/11.jpg\" border=\"0\" alt=\"Zbli\u017cenie na dysk MINI PC\" \/>\n<\/p>\n<h3>Wbudowane porty i \u0142\u0105czno\u015b\u0107 nowej generacji<\/h3>\n<p>A9 Max oferuje dwa porty USB4 (40 Gb\/s, Power Delivery, DP Alt Mode), pi\u0119\u0107 port\u00f3w USB-A 3.2 Gen 2, jeden USB-A 2.0, dwa wyj\u015bcia HDMI 2.1 FRL, podw\u00f3jny 2.5GbE LAN, pe\u0142nowymiarowy czytnik kart SD 4.0, a tak\u017ce Wi-Fi 7 i Bluetooth 5.4. Obs\u0142uguje wy\u015bwietlacze 4K oraz 8K \u2013 niezale\u017cnie od tego, czy jeste\u015b tw\u00f3rc\u0105 potrzebuj\u0105cym wielu ekran\u00f3w, czy zaawansowanym u\u017cytkownikiem zarz\u0105dzaj\u0105cym serwerami i urz\u0105dzeniami NAS, A9 Max zapewni Ci sta\u0142\u0105 \u0142\u0105czno\u015b\u0107.<\/p>\n<p>\n<img decoding=\"async\" src=\"https:\/\/assets.innpro.pl\/19840\/26440\/14.jpg\" border=\"0\" alt=\"Zbli\u017cenie na MINI PC z portami i pod\u0142\u0105czonymi kablami\" \/>\n<\/p>\n<h3>Kompaktowa obudowa<\/h3>\n<p>Mimo wymiar\u00f3w zaledwie 135 \u00d7 132 \u00d7 45,6 mm, A9 Max mie\u015bci procesor o TDP 54 W z nawet 12 rdzeniami wysokiej wydajno\u015bci oraz najnowsze interfejsy. Solidna, metalowa konstrukcja wspiera odprowadzanie ciep\u0142a i oferuje mo\u017cliwo\u015b\u0107 monta\u017cu VESA.\u00a0<\/p>\n<p>\n<img decoding=\"async\" src=\"https:\/\/assets.innpro.pl\/19840\/26440\/15.jpg\" border=\"0\" alt=\"MINI PC na biurku obok klawiatury i 4 monitor\u00f3w\" \/>\n<\/p>\n<h3>Bezpiecze\u0144stwo i trwa\u0142o\u015b\u0107<\/h3>\n<p>Urz\u0105dzenie wyposa\u017cono w Kensington Lock, obs\u0142ug\u0119 TPM 2.0 oraz podw\u00f3jny LAN 2.5G dla bezpiecznych sieci przewodowych. Konstrukcja przesz\u0142a rygorystyczne testy niezawodno\u015bci, kontroli termicznej i wytrzyma\u0142o\u015bci mechanicznej, gwarantuj\u0105c d\u0142ug\u0105 \u017cywotno\u015b\u0107 nawet w wymagaj\u0105cych \u015brodowiskach.<\/p>\n<p>\n<img decoding=\"async\" src=\"https:\/\/assets.innpro.pl\/19840\/26440\/3.jpg\" border=\"0\" alt=\"Mini PC Geekom na biurku obok pada do gier, klawiatury i s\u0142uchawek\" \/>\n<\/p>\n<div class=\"table-wrapper\">\n<p>\u00a0<\/p>\n<h3><\/h3>\n<table>\n<tbody>\n<tr>\n<th>Producent<\/th>\n<td>GEEKOM<\/td>\n<\/tr>\n<tr>\n<th>Model<\/th>\n<td>A9 MAX<\/td>\n<\/tr>\n<tr>\n<th>Procesor<\/th>\n<td>AMD Ryzen\u2122 AI 9 HX 370 (architektura Strix Point)<\/td>\n<\/tr>\n<tr>\n<th>TDP procesora<\/th>\n<td>54 W<\/td>\n<\/tr>\n<tr>\n<th>Rdzenie CPU<\/th>\n<td>do 12 rdzeni<\/td>\n<\/tr>\n<tr>\n<th>Silnik AI (NPU)<\/th>\n<td>AMD XDNA\u2122 2<\/td>\n<\/tr>\n<tr>\n<th>Wydajno\u015b\u0107 AI (NPU)<\/th>\n<td>do 50 TOPS<\/td>\n<\/tr>\n<tr>\n<th>\u0141\u0105czna akceleracja AI<\/th>\n<td>77\u201380 TOPS<\/td>\n<\/tr>\n<tr>\n<th>Grafika<\/th>\n<td>AMD Radeon\u2122 890M (zintegrowana, RDNA 3.5)<\/td>\n<\/tr>\n<tr>\n<th>Jednostki obliczeniowe GPU<\/th>\n<td>16 CU<\/td>\n<\/tr>\n<tr>\n<th>Pami\u0119\u0107 RAM (zainstalowana)<\/th>\n<td>32 GB DDR5<\/td>\n<\/tr>\n<tr>\n<th>Obs\u0142ugiwana pami\u0119\u0107 maksymalna<\/th>\n<td>do 128 GB DDR5-5600 MHz (dual-channel SO-DIMM)<\/td>\n<\/tr>\n<tr>\n<th>Dysk (zainstalowany)<\/th>\n<td>1 TB SSD PCIe NVMe<\/td>\n<\/tr>\n<tr>\n<th>Obs\u0142uga dysk\u00f3w<\/th>\n<td>2 \u00d7 PCIe x4 NVMe (1 \u00d7 M.2 2280 + 1 \u00d7 M.2 2230)<\/td>\n<\/tr>\n<tr>\n<th>Porty<\/th>\n<td>2 \u00d7 USB4 (40 Gb\/s, Power Delivery, DisplayPort Alt Mode)<br \/> 5 \u00d7 USB-A 3.2 Gen 2<br \/>1 \u00d7 USB-A 2.0<br \/>2 \u00d7 HDMI 2.1 FRL<br \/>2 \u00d7 LAN 2.5GbE<\/td>\n<\/tr>\n<tr>\n<th>\u0141\u0105czno\u015b\u0107 bezprzewodowa<\/th>\n<td>Wi-Fi 7<br \/>Bluetooth 5.4<\/td>\n<\/tr>\n<tr>\n<th>Czytnik kart<\/th>\n<td>SD 4.0 (pe\u0142nowymiarowy)<\/td>\n<\/tr>\n<tr>\n<th>Wymiary<\/th>\n<td>135 \u00d7 132 \u00d7 45,6 mm<\/td>\n<\/tr>\n<tr>\n<th>Obudowa<\/th>\n<td>metalowa<\/td>\n<\/tr>\n<tr>\n<th>System operacyjny<\/th>\n<td>Windows 11 Pro (preinstalowany)<\/td>\n<\/tr>\n<tr>\n<th>Obs\u0142ugiwane systemy alternatywne<\/th>\n<td>Linux (np. Ubuntu, Manjaro)<br \/>Android x86<\/td>\n<\/tr>\n<\/tbody>\n<\/table>\n<\/div>\n","protected":false},"excerpt":{"rendered":"<p>Mini PC GEEKOM A9MAX AMD AI 9 HX 370 32GB 1TB + Win 11 Pro GEEKOM A9 MAX w konfiguracji<\/p>\n","protected":false},"featured_media":61671,"comment_status":"closed","ping_status":"open","template":"","meta":{"_acf_changed":false},"product_brand":[],"product_cat":[5929,6006],"product_tag":[],"class_list":{"0":"post-61670","1":"product","2":"type-product","3":"status-publish","4":"has-post-thumbnail","6":"product_cat-akcesoria-it","7":"product_cat-mini-pc","8":"pa_okres-gwarancji-5757","9":"pa_producent-geekom","11":"first","12":"outofstock","13":"taxable","14":"shipping-taxable","15":"purchasable","16":"product-type-simple"},"acf":[],"yoast_head":"<!-- This site is optimized with the Yoast SEO plugin v27.2 - https:\/\/yoast.com\/product\/yoast-seo-wordpress\/ -->\n<title>Mini PC GEEKOM A9MAX AMD AI 9 HX 370 32GB 1TB + Win 11 Pro - IRONSKY.PL Sklep z Dronami<\/title>\n<meta name=\"description\" content=\"Mini PC GEEKOM A9MAX AMD AI 9 HX 370 32GB 1TB + Win 11 Pro - \u2705 sklep z dronami i fachowym doradztwem. \u2705 Tutaj kupisz produkty DJI, Yuneec, Parrot, Syma i wiele innych, a tak\u017ce kursy i licencje na operatora drona.\" \/>\n<meta name=\"robots\" content=\"index, follow, max-snippet:-1, max-image-preview:large, max-video-preview:-1\" \/>\n<link rel=\"canonical\" href=\"https:\/\/ironsky.pl\/sklep\/produkt\/mini-pc-geekom-a9max-amd-ai-9-hx-370-32gb-1tb-win-11-pro\/\" \/>\n<meta property=\"og:locale\" content=\"pl_PL\" \/>\n<meta property=\"og:type\" content=\"article\" \/>\n<meta property=\"og:title\" content=\"Mini PC GEEKOM A9MAX AMD AI 9 HX 370 32GB 1TB + Win 11 Pro - IRONSKY.PL Sklep z Dronami\" \/>\n<meta property=\"og:description\" content=\"Mini PC GEEKOM A9MAX AMD AI 9 HX 370 32GB 1TB + Win 11 Pro - \u2705 sklep z dronami i fachowym doradztwem. \u2705 Tutaj kupisz produkty DJI, Yuneec, Parrot, Syma i wiele innych, a tak\u017ce kursy i licencje na operatora drona.\" \/>\n<meta property=\"og:url\" content=\"https:\/\/ironsky.pl\/sklep\/produkt\/mini-pc-geekom-a9max-amd-ai-9-hx-370-32gb-1tb-win-11-pro\/\" \/>\n<meta property=\"og:site_name\" content=\"IRONSKY.PL Sklep z Dronami\" \/>\n<meta property=\"article:modified_time\" content=\"2026-04-24T00:23:23+00:00\" \/>\n<meta property=\"og:image\" content=\"https:\/\/ironsky.pl\/sklep\/wp-content\/uploads\/2026\/04\/58316_1.jpg\" \/>\n\t<meta property=\"og:image:width\" content=\"800\" \/>\n\t<meta property=\"og:image:height\" content=\"800\" \/>\n\t<meta property=\"og:image:type\" content=\"image\/jpeg\" \/>\n<meta name=\"twitter:card\" content=\"summary_large_image\" \/>\n<meta name=\"twitter:label1\" content=\"Szacowany czas czytania\" \/>\n\t<meta name=\"twitter:data1\" content=\"3 minuty\" \/>\n<script type=\"application\/ld+json\" class=\"yoast-schema-graph\">{\"@context\":\"https:\/\/schema.org\",\"@graph\":[{\"@type\":\"WebPage\",\"@id\":\"https:\/\/ironsky.pl\/sklep\/produkt\/mini-pc-geekom-a9max-amd-ai-9-hx-370-32gb-1tb-win-11-pro\/\",\"url\":\"https:\/\/ironsky.pl\/sklep\/produkt\/mini-pc-geekom-a9max-amd-ai-9-hx-370-32gb-1tb-win-11-pro\/\",\"name\":\"Mini PC GEEKOM A9MAX AMD AI 9 HX 370 32GB 1TB + Win 11 Pro - IRONSKY.PL Sklep z Dronami\",\"isPartOf\":{\"@id\":\"https:\/\/ironsky.pl\/sklep\/#website\"},\"primaryImageOfPage\":{\"@id\":\"https:\/\/ironsky.pl\/sklep\/produkt\/mini-pc-geekom-a9max-amd-ai-9-hx-370-32gb-1tb-win-11-pro\/#primaryimage\"},\"image\":{\"@id\":\"https:\/\/ironsky.pl\/sklep\/produkt\/mini-pc-geekom-a9max-amd-ai-9-hx-370-32gb-1tb-win-11-pro\/#primaryimage\"},\"thumbnailUrl\":\"https:\/\/ironsky.pl\/sklep\/wp-content\/uploads\/2026\/04\/58316_1.jpg\",\"datePublished\":\"2026-04-15T09:19:47+00:00\",\"dateModified\":\"2026-04-24T00:23:23+00:00\",\"description\":\"Mini PC GEEKOM A9MAX AMD AI 9 HX 370 32GB 1TB + Win 11 Pro - \u2705 sklep z dronami i fachowym doradztwem. \u2705 Tutaj kupisz produkty DJI, Yuneec, Parrot, Syma i wiele innych, a tak\u017ce kursy i licencje na operatora drona.\",\"breadcrumb\":{\"@id\":\"https:\/\/ironsky.pl\/sklep\/produkt\/mini-pc-geekom-a9max-amd-ai-9-hx-370-32gb-1tb-win-11-pro\/#breadcrumb\"},\"inLanguage\":\"pl-PL\",\"potentialAction\":[{\"@type\":\"ReadAction\",\"target\":[\"https:\/\/ironsky.pl\/sklep\/produkt\/mini-pc-geekom-a9max-amd-ai-9-hx-370-32gb-1tb-win-11-pro\/\"]}]},{\"@type\":\"ImageObject\",\"inLanguage\":\"pl-PL\",\"@id\":\"https:\/\/ironsky.pl\/sklep\/produkt\/mini-pc-geekom-a9max-amd-ai-9-hx-370-32gb-1tb-win-11-pro\/#primaryimage\",\"url\":\"https:\/\/ironsky.pl\/sklep\/wp-content\/uploads\/2026\/04\/58316_1.jpg\",\"contentUrl\":\"https:\/\/ironsky.pl\/sklep\/wp-content\/uploads\/2026\/04\/58316_1.jpg\",\"width\":800,\"height\":800},{\"@type\":\"BreadcrumbList\",\"@id\":\"https:\/\/ironsky.pl\/sklep\/produkt\/mini-pc-geekom-a9max-amd-ai-9-hx-370-32gb-1tb-win-11-pro\/#breadcrumb\",\"itemListElement\":[{\"@type\":\"ListItem\",\"position\":1,\"name\":\"Strona g\u0142\u00f3wna\",\"item\":\"https:\/\/ironsky.pl\/sklep\/\"},{\"@type\":\"ListItem\",\"position\":2,\"name\":\"Wszystkie produkty\",\"item\":\"https:\/\/ironsky.pl\/sklep\/produkty\/\"},{\"@type\":\"ListItem\",\"position\":3,\"name\":\"Mini PC GEEKOM A9MAX AMD AI 9 HX 370 32GB 1TB + Win 11 Pro\"}]},{\"@type\":\"WebSite\",\"@id\":\"https:\/\/ironsky.pl\/sklep\/#website\",\"url\":\"https:\/\/ironsky.pl\/sklep\/\",\"name\":\"IRONSKY.PL Sklep z Dronami\",\"description\":\"IRONSKY.PL Sklep z Dronami\",\"potentialAction\":[{\"@type\":\"SearchAction\",\"target\":{\"@type\":\"EntryPoint\",\"urlTemplate\":\"https:\/\/ironsky.pl\/sklep\/?s={search_term_string}\"},\"query-input\":{\"@type\":\"PropertyValueSpecification\",\"valueRequired\":true,\"valueName\":\"search_term_string\"}}],\"inLanguage\":\"pl-PL\"}]}<\/script>\n<!-- \/ Yoast SEO plugin. -->","yoast_head_json":{"title":"Mini PC GEEKOM A9MAX AMD AI 9 HX 370 32GB 1TB + Win 11 Pro - IRONSKY.PL Sklep z Dronami","description":"Mini PC GEEKOM A9MAX AMD AI 9 HX 370 32GB 1TB + Win 11 Pro - \u2705 sklep z dronami i fachowym doradztwem. \u2705 Tutaj kupisz produkty DJI, Yuneec, Parrot, Syma i wiele innych, a tak\u017ce kursy i licencje na operatora drona.","robots":{"index":"index","follow":"follow","max-snippet":"max-snippet:-1","max-image-preview":"max-image-preview:large","max-video-preview":"max-video-preview:-1"},"canonical":"https:\/\/ironsky.pl\/sklep\/produkt\/mini-pc-geekom-a9max-amd-ai-9-hx-370-32gb-1tb-win-11-pro\/","og_locale":"pl_PL","og_type":"article","og_title":"Mini PC GEEKOM A9MAX AMD AI 9 HX 370 32GB 1TB + Win 11 Pro - IRONSKY.PL Sklep z Dronami","og_description":"Mini PC GEEKOM A9MAX AMD AI 9 HX 370 32GB 1TB + Win 11 Pro - \u2705 sklep z dronami i fachowym doradztwem. \u2705 Tutaj kupisz produkty DJI, Yuneec, Parrot, Syma i wiele innych, a tak\u017ce kursy i licencje na operatora drona.","og_url":"https:\/\/ironsky.pl\/sklep\/produkt\/mini-pc-geekom-a9max-amd-ai-9-hx-370-32gb-1tb-win-11-pro\/","og_site_name":"IRONSKY.PL Sklep z Dronami","article_modified_time":"2026-04-24T00:23:23+00:00","og_image":[{"width":800,"height":800,"url":"https:\/\/ironsky.pl\/sklep\/wp-content\/uploads\/2026\/04\/58316_1.jpg","type":"image\/jpeg"}],"twitter_card":"summary_large_image","twitter_misc":{"Szacowany czas czytania":"3 minuty"},"schema":{"@context":"https:\/\/schema.org","@graph":[{"@type":"WebPage","@id":"https:\/\/ironsky.pl\/sklep\/produkt\/mini-pc-geekom-a9max-amd-ai-9-hx-370-32gb-1tb-win-11-pro\/","url":"https:\/\/ironsky.pl\/sklep\/produkt\/mini-pc-geekom-a9max-amd-ai-9-hx-370-32gb-1tb-win-11-pro\/","name":"Mini PC GEEKOM A9MAX AMD AI 9 HX 370 32GB 1TB + Win 11 Pro - IRONSKY.PL Sklep z Dronami","isPartOf":{"@id":"https:\/\/ironsky.pl\/sklep\/#website"},"primaryImageOfPage":{"@id":"https:\/\/ironsky.pl\/sklep\/produkt\/mini-pc-geekom-a9max-amd-ai-9-hx-370-32gb-1tb-win-11-pro\/#primaryimage"},"image":{"@id":"https:\/\/ironsky.pl\/sklep\/produkt\/mini-pc-geekom-a9max-amd-ai-9-hx-370-32gb-1tb-win-11-pro\/#primaryimage"},"thumbnailUrl":"https:\/\/ironsky.pl\/sklep\/wp-content\/uploads\/2026\/04\/58316_1.jpg","datePublished":"2026-04-15T09:19:47+00:00","dateModified":"2026-04-24T00:23:23+00:00","description":"Mini PC GEEKOM A9MAX AMD AI 9 HX 370 32GB 1TB + Win 11 Pro - \u2705 sklep z dronami i fachowym doradztwem. \u2705 Tutaj kupisz produkty DJI, Yuneec, Parrot, Syma i wiele innych, a tak\u017ce kursy i licencje na operatora drona.","breadcrumb":{"@id":"https:\/\/ironsky.pl\/sklep\/produkt\/mini-pc-geekom-a9max-amd-ai-9-hx-370-32gb-1tb-win-11-pro\/#breadcrumb"},"inLanguage":"pl-PL","potentialAction":[{"@type":"ReadAction","target":["https:\/\/ironsky.pl\/sklep\/produkt\/mini-pc-geekom-a9max-amd-ai-9-hx-370-32gb-1tb-win-11-pro\/"]}]},{"@type":"ImageObject","inLanguage":"pl-PL","@id":"https:\/\/ironsky.pl\/sklep\/produkt\/mini-pc-geekom-a9max-amd-ai-9-hx-370-32gb-1tb-win-11-pro\/#primaryimage","url":"https:\/\/ironsky.pl\/sklep\/wp-content\/uploads\/2026\/04\/58316_1.jpg","contentUrl":"https:\/\/ironsky.pl\/sklep\/wp-content\/uploads\/2026\/04\/58316_1.jpg","width":800,"height":800},{"@type":"BreadcrumbList","@id":"https:\/\/ironsky.pl\/sklep\/produkt\/mini-pc-geekom-a9max-amd-ai-9-hx-370-32gb-1tb-win-11-pro\/#breadcrumb","itemListElement":[{"@type":"ListItem","position":1,"name":"Strona g\u0142\u00f3wna","item":"https:\/\/ironsky.pl\/sklep\/"},{"@type":"ListItem","position":2,"name":"Wszystkie produkty","item":"https:\/\/ironsky.pl\/sklep\/produkty\/"},{"@type":"ListItem","position":3,"name":"Mini PC GEEKOM A9MAX AMD AI 9 HX 370 32GB 1TB + Win 11 Pro"}]},{"@type":"WebSite","@id":"https:\/\/ironsky.pl\/sklep\/#website","url":"https:\/\/ironsky.pl\/sklep\/","name":"IRONSKY.PL Sklep z Dronami","description":"IRONSKY.PL Sklep z Dronami","potentialAction":[{"@type":"SearchAction","target":{"@type":"EntryPoint","urlTemplate":"https:\/\/ironsky.pl\/sklep\/?s={search_term_string}"},"query-input":{"@type":"PropertyValueSpecification","valueRequired":true,"valueName":"search_term_string"}}],"inLanguage":"pl-PL"}]}},"_links":{"self":[{"href":"https:\/\/ironsky.pl\/sklep\/wp-json\/wp\/v2\/product\/61670","targetHints":{"allow":["GET"]}}],"collection":[{"href":"https:\/\/ironsky.pl\/sklep\/wp-json\/wp\/v2\/product"}],"about":[{"href":"https:\/\/ironsky.pl\/sklep\/wp-json\/wp\/v2\/types\/product"}],"replies":[{"embeddable":true,"href":"https:\/\/ironsky.pl\/sklep\/wp-json\/wp\/v2\/comments?post=61670"}],"wp:featuredmedia":[{"embeddable":true,"href":"https:\/\/ironsky.pl\/sklep\/wp-json\/wp\/v2\/media\/61671"}],"wp:attachment":[{"href":"https:\/\/ironsky.pl\/sklep\/wp-json\/wp\/v2\/media?parent=61670"}],"wp:term":[{"taxonomy":"product_brand","embeddable":true,"href":"https:\/\/ironsky.pl\/sklep\/wp-json\/wp\/v2\/product_brand?post=61670"},{"taxonomy":"product_cat","embeddable":true,"href":"https:\/\/ironsky.pl\/sklep\/wp-json\/wp\/v2\/product_cat?post=61670"},{"taxonomy":"product_tag","embeddable":true,"href":"https:\/\/ironsky.pl\/sklep\/wp-json\/wp\/v2\/product_tag?post=61670"}],"curies":[{"name":"wp","href":"https:\/\/api.w.org\/{rel}","templated":true}]}}