{"id":61482,"date":"2026-04-15T11:17:56","date_gmt":"2026-04-15T09:17:56","guid":{"rendered":"https:\/\/ironsky.pl\/sklep\/produkt\/grawerka-laserowa-laserpecker-lx2-40w\/"},"modified":"2026-04-15T11:18:19","modified_gmt":"2026-04-15T09:18:19","slug":"grawerka-laserowa-laserpecker-lx2-40w","status":"publish","type":"product","link":"https:\/\/ironsky.pl\/sklep\/produkt\/grawerka-laserowa-laserpecker-lx2-40w\/","title":{"rendered":"Grawerka Laserowa LaserPecker LX2 40W"},"content":{"rendered":"<h3>Grawerka Laserowa LX2 LaserPecker 40W<\/h3>\n<p>LaserPecker LX2 to zaawansowana grawerka laserowa stworzona z my\u015bl\u0105 o wszechstronnej i wydajnej pracy \u2013 od precyzyjnego grawerowania po dok\u0142adne ci\u0119cie. Wysoka moc lasera umo\u017cliwia obr\u00f3bk\u0119 r\u00f3\u017cnego rodzaju materia\u0142\u00f3w, a system wspomagania zapewnia czystsze i bardziej kontrolowane efekty. Urz\u0105dzenie obs\u0142uguje grawerowanie na powierzchniach p\u0142askich i zakrzywionych, oferuje bardzo du\u017ce pole robocze oraz wygodny dost\u0119p do obszaru pracy przy zachowaniu kompaktowych wymiar\u00f3w. W pe\u0142ni zamkni\u0119ta konstrukcja z rozbudowanymi zabezpieczeniami gwarantuje wysoki poziom bezpiecze\u0144stwa, a modu\u0142owa koncepcja sprawia, \u017ce LaserPecker LX2 mo\u017ce rozwija\u0107 si\u0119 razem z Tob\u0105 i Twoim warsztatem. <\/p>\n<p>\n<img decoding=\"async\" src=\"https:\/\/assets.innpro.pl\/19547\/26050\/LaserPecker-LX2-40W-lifestyle-2.jpg\" border=\"0\" alt=\"M\u0119\u017cczyzna otwiera pokryw\u0119 maszyny laserowej LaserPecker ustawionej na biurku w domowym warsztacie\" \/>\n<\/p>\n<h3>Pierwszy na \u015bwiecie zamkni\u0119ty laser diodowy<\/h3>\n<p>Grawerka osi\u0105ga maksymaln\u0105 pr\u0119dko\u015b\u0107 grawerowania 1000 mm\/s i przyspieszenie 10 000 mm\/s\u00b2. Oznacza to szybsze osi\u0105ganie maksymalnej pr\u0119dko\u015bci, co pozwala zaoszcz\u0119dzi\u0107 cenny czas przy ka\u017cdym uruchomieniu, zatrzymaniu i zmianie kierunku w procesie pracy. A\u017c 35-procentowy wzrost og\u00f3lnej pr\u0119dko\u015bci ca\u0142kowicie zmienia wydajno\u015b\u0107 procesu. Solidny system podw\u00f3jnej osi Y i liniowego prowadzenia ruchu zapewnia wi\u0119ksz\u0105 moc do p\u0142ynnego nap\u0119dzania ci\u0119\u017cszych, wysokowydajnych g\u0142owic laserowych. Wszystkie osie pracuj\u0105 w idealnej synchronizacji, zapewniaj\u0105c stabilno\u015b\u0107 i dok\u0142adno\u015b\u0107 nawet przy ekstremalnych pr\u0119dko\u015bciach.<\/p>\n<p>\n<img decoding=\"async\" src=\"https:\/\/assets.innpro.pl\/19547\/26050\/LaserPecker-LX2-40W-lifestyle-1.jpg\" border=\"0\" alt=\"Maszyna LaserPecker stoi na biurku obok monitora z projektem graficznym etykiety Moscato\" \/>\n<\/p>\n<h3>Ci\u0119cie, kt\u00f3re robi r\u00f3\u017cnic\u0119<\/h3>\n<p>Sercem LX2 jest wydajna dioda laserowa o mocy 40 W, zapewniaj\u0105ca jedn\u0105 z najlepszych zdolno\u015bci ci\u0119cia w swojej klasie. Urz\u0105dzenie bez trudu przecina drewno wi\u015bniowe o grubo\u015bci do 22 mm oraz czarny akryl do 20 mm \u2013 a wszystko to w jednym przej\u015bciu! Taka wydajno\u015b\u0107 pozwala realizowa\u0107 zar\u00f3wno precyzyjne projekty artystyczne, jak i solidne elementy u\u017cytkowe czy reklamowe, bez kompromis\u00f3w jako\u015bciowych.<\/p>\n<p>\n<img decoding=\"async\" src=\"https:\/\/assets.innpro.pl\/19547\/26050\/LaserPecker-LX2-40W-lifestyle-3.jpg\" border=\"0\" alt=\"Kobieta pokazuje dziecku kolorow\u0105 wycinank\u0119 przy maszynie LaserPecker na tle p\u00f3\u0142ek z kubkami i sznurkami\" \/>\n<\/p>\n<h3>System podw\u00f3jnego pozycjonowania<\/h3>\n<p>Wyeliminuj marnotrawstwo materia\u0142\u00f3w i \u017cmudne wyr\u00f3wnywanie dzi\u0119ki rewolucyjnemu systemowi podw\u00f3jnego pozycjonowania, kt\u00f3ry oferuje zar\u00f3wno absolutn\u0105 precyzj\u0119, jak i usprawnion\u0105 pr\u0119dko\u015b\u0107. Ten pierwszy na \u015bwiecie system \u0142\u0105czy fizyczne wyr\u00f3wnywanie laserowe z systemem wizualnym z kamer\u0105 12 MP\/6K HD, umo\u017cliwiaj\u0105c wyb\u00f3r najlepszej metody dla danego projektu.<\/p>\n<p>\n<img decoding=\"async\" src=\"https:\/\/assets.innpro.pl\/19547\/26050\/LaserPecker-LX2-40W-lifestyle-4.jpg\" border=\"0\" alt=\"M\u0119\u017cczyzna w fartuchu ogl\u0105da drewnian\u0105 p\u0142yt\u0119 przy maszynie LaserPecker w przyciemnionym warsztacie\" \/>\n<\/p>\n<h3>Czystsze kraw\u0119dzie i perfekcyjny detal<\/h3>\n<p>Zaawansowany system wspomagania pracy obejmuje cichy wentylator wyci\u0105gowy, listwy robocze do ci\u0119cia oraz funkcj\u0119 Air Assist. Dzi\u0119ki temu proces obr\u00f3bki jest bardziej kontrolowany, a efekt ko\u0144cowy znacznie czystszy. Ograniczenie przypale\u0144, wyra\u017aniejsze detale i g\u0142adkie kraw\u0119dzie sprawiaj\u0105, \u017ce gotowe projekty nie wymagaj\u0105 dodatkowej obr\u00f3bki, co oszcz\u0119dza czas i zwi\u0119ksza efektywno\u015b\u0107 pracy.<\/p>\n<p>\n<img decoding=\"async\" src=\"https:\/\/assets.innpro.pl\/19547\/26050\/LaserPecker-LX2-40W-lifestyle-6.jpg\" border=\"0\" alt=\"Maszyna LaserPecker z otwart\u0105 doln\u0105 klap\u0105 prezentowana na ciemnym tle\" \/>\n<\/p>\n<h3>Tw\u00f3rz wi\u0119cej i szybciej<\/h3>\n<p>Urz\u0105dzenie \u0142\u0105czy ogromny obszar grawerowania 500 \u00d7 305 mm z kompaktow\u0105 obudow\u0105. Konstrukcja z podw\u00f3jnym dost\u0119pem (g\u00f3rna pokrywa i przednie otwarcie) rewolucjonizuje obs\u0142ug\u0119 materia\u0142\u00f3w, umo\u017cliwiaj\u0105c umieszczanie grawerowanych przedmiot\u00f3w od przodu, co zwalnia cenn\u0105 przestrze\u0144 \u2014 idealne rozwi\u0105zanie dla warsztat\u00f3w lub sal lekcyjnych. Jednocze\u015bnie umo\u017cliwia seryjn\u0105 obr\u00f3bk\u0119 wielu mniejszych element\u00f3w w jednym cyklu, co znacz\u0105co zwi\u0119ksza wydajno\u015b\u0107 i czyni LX2 idealnym narz\u0119dziem do pracy komercyjnej.<\/p>\n<p>\n<img decoding=\"async\" src=\"https:\/\/assets.innpro.pl\/19547\/26050\/LaserPecker-LX2-40W-lifestyle-7.jpg\" border=\"0\" alt=\"Maszyna LaserPecker z uniesion\u0105 pokryw\u0105 i widoczn\u0105 g\u0142owic\u0105 laserow\u0105 40W na ciemnym tle\" \/>\n<\/p>\n<h3>Bezb\u0142\u0119dne grawerowanie ka\u017cdej powierzchni<\/h3>\n<p>Adaptacyjne ogniskowanie automatyczne 3D sprawia, \u017ce grawerowanie na z\u0142o\u017conych, zakrzywionych powierzchniach staje si\u0119 proste. Przy pomocy kamery do wst\u0119pnego ustawienia sonda automatycznie skanuje i tworzy map\u0119 wysoko\u015bci 3D, dynamicznie dostosowuj\u0105c wysoko\u015b\u0107 lasera w czasie rzeczywistym. Eliminuje to konieczno\u015b\u0107 r\u0119cznego ogniskowania i pr\u00f3bnych uruchomie\u0144, co pozwala zaoszcz\u0119dzi\u0107 znaczn\u0105 ilo\u015b\u0107 czasu, a jednocze\u015bnie znacznie poszerza granice kreatywno\u015bci w przypadku obiekt\u00f3w takich jak miski i niestandardowe wyroby szklane.<\/p>\n<p>\n<img decoding=\"async\" src=\"https:\/\/assets.innpro.pl\/19547\/26050\/LaserPecker-LX2-40W-lifestyle-9.jpg\" border=\"0\" alt=\"Zamkni\u0119ta maszyna LaserPecker z przezroczystym wiekiem na ciemnym tle\" \/>\n<\/p>\n<h3>Bezpiecze\u0144stwo klasy laboratoryjnej<\/h3>\n<p>LaserPecker LX2 to urz\u0105dzenie certyfikowane w klasie bezpiecze\u0144stwa laserowego 1, co gwarantuje pe\u0142en spok\u00f3j podczas pracy. W pe\u0142ni zamkni\u0119ta obudowa z nieprzepuszczaj\u0105c\u0105 \u015bwiat\u0142a pokryw\u0105, czujnik p\u0142omienia, przycisk awaryjnego zatrzymania, blokada kluczykowa oraz wbudowana ga\u015bnica tworz\u0105 kompleksowy system ochrony. Dzi\u0119ki temu mo\u017cesz skupi\u0107 si\u0119 wy\u0142\u0105cznie na tworzeniu, bez obaw o bezpiecze\u0144stwo.<\/p>\n<p>\n<img decoding=\"async\" src=\"https:\/\/assets.innpro.pl\/19547\/26050\/LaserPecker-LX2-40W-lifestyle-5.jpg\" border=\"0\" alt=\"Maszyna LaserPecker na ciemnym tle z pod\u015bwietlonym symbolem tarczy i znakiem wyboru nad ni\u0105\" \/>\n<\/p>\n<h3>System, kt\u00f3ry ro\u015bnie razem z Tob\u0105<\/h3>\n<p>LX2 to nie tylko grawerka, ale fundament przysz\u0142ego warsztatu. Modu\u0142owa konstrukcja pozwala rozpocz\u0105\u0107 prac\u0119 od jednego urz\u0105dzenia i stopniowo rozbudowywa\u0107 mo\u017cliwo\u015bci w miar\u0119 rozwoju biznesu. To inteligentna inwestycja, kt\u00f3ra skaluje si\u0119 razem z Twoimi ambicjami, daj\u0105c nieograniczony potencja\u0142 rozwoju i kreatywnej ekspansji.<\/p>\n<p>\n<img decoding=\"async\" src=\"https:\/\/assets.innpro.pl\/19547\/26050\/LaserPecker-LX2-40W-lifestyle-8.jpg\" border=\"0\" alt=\"Widok z przodu na otwart\u0105 maszyn\u0119 LaserPecker z g\u0142owic\u0105 laserow\u0105 40W i otwart\u0105 klap\u0105\" \/>\n<\/p>\n<h3>W zestawie<\/h3>\n<ul class=\"list-disc pl-5\">\n<li>grawerka laserowa<\/li>\n<li>modu\u0142 lasera 40W<\/li>\n<li>zasilacz sieciowy<\/li>\n<li>kabel zasilaj\u0105cy<\/li>\n<li>zestaw materia\u0142\u00f3w<\/li>\n<li>rura wydechowa dymu<\/li>\n<li>profile x4<\/li>\n<li>kabel USB-A do USB-C<\/li>\n<li>zestaw narz\u0119dzi<\/li>\n<li>czujnik odleg\u0142o\u015bci<\/li>\n<li>klucz bezpiecze\u0144stwa x2<\/li>\n<li>pendrive (32 GB)<\/li>\n<li>\u015bruby M3*6 x4<\/li>\n<li>naklejka kalibracyjna aparatu x3<\/li>\n<li>soczewka ochronna<\/li>\n<li>klucz imbusowy H2.0<\/li>\n<li>klucz imbusowy H2.5<\/li>\n<li>#3 \u015brubokr\u0119t krzy\u017cakowy<\/li>\n<li>instrukcja obs\u0142ugi<\/li>\n<\/ul>\n<div class=\"table-wrapper\">\n<p>\u00a0<\/p>\n<h3><\/h3>\n<table>\n<tbody>\n<tr>\n<th>Producent<\/th>\n<td>LaserPecker<\/td>\n<\/tr>\n<tr>\n<th>Model <\/th>\n<td>LX2 <\/td>\n<\/tr>\n<tr>\n<th>Rozmiar <\/th>\n<td>780 x 609 x 281 mm<\/td>\n<\/tr>\n<tr>\n<th>Waga <\/th>\n<td>22,5 kg (bez modu\u0142u laserowego) <\/td>\n<\/tr>\n<tr>\n<th>Moc<\/th>\n<td>40W<\/td>\n<\/tr>\n<tr>\n<th>Obszar  grawerowania<\/th>\n<td>3000 \u00d7 470 mm<\/td>\n<\/tr>\n<tr>\n<th>Obs\u0142ugiwane formaty plik\u00f3w<\/th>\n<td>Komputer: G-code \/JPG \/JPEG\/PNG\/SVG \/BMP\/DXF\/TIF | smartfon: G-code\/JPG\/JPEG\/PNG\/SVG\/BMP<\/td>\n<\/tr>\n<tr>\n<th>Obs\u0142ugiwane systemy operacyjne<\/th>\n<td>iOS 13.0+, Android 7.0+, macOS 10.15+, Windows 10+<\/td>\n<\/tr>\n<tr>\n<th>Obs\u0142ugiwane oprogramowanie<\/th>\n<td>Kompatybilno\u015b\u0107 z LaserPecker Design Space, LightBurn<\/td>\n<\/tr>\n<tr>\n<th>Moc wej\u015bciowa<\/th>\n<td>DC (24 V, 10 A)<\/td>\n<\/tr>\n<tr>\n<th>Metoda po\u0142\u0105czenia<\/th>\n<td>Wi-Fi, USB, IP<\/td>\n<\/tr>\n<tr>\n<th>Zakres temperatur roboczych<\/th>\n<td>0\u201335\u00b0C<\/td>\n<\/tr>\n<tr>\n<th>Zakres wilgotno\u015bci roboczej<\/th>\n<td>5%\u201385% wilgotno\u015bci wzgl\u0119dnej (bez kondensacji)<\/td>\n<\/tr>\n<tr>\n<th>Certyfikaty bezpiecze\u0144stwa<\/th>\n<td>CE, ROHS, FCC, FDA, PSE, UKCA, TELEC<\/td>\n<\/tr>\n<\/tbody>\n<\/table>\n<\/div>\n","protected":false},"excerpt":{"rendered":"<p>Grawerka Laserowa LX2 LaserPecker 40W LaserPecker LX2 to zaawansowana grawerka laserowa stworzona z my\u015bl\u0105 o wszechstronnej i wydajnej pracy \u2013<\/p>\n","protected":false},"featured_media":61483,"comment_status":"closed","ping_status":"open","template":"","meta":{"_acf_changed":false},"product_brand":[],"product_cat":[6218,6217,6219],"product_tag":[],"class_list":{"0":"post-61482","1":"product","2":"type-product","3":"status-publish","4":"has-post-thumbnail","6":"product_cat-grawerki-i-wycinarki-laserowe","7":"product_cat-technologie-kreatywne","8":"product_cat-urzadzenia","9":"pa_okres-gwarancji-5754","10":"pa_producent-laserpecker","12":"first","13":"outofstock","14":"taxable","15":"shipping-taxable","16":"purchasable","17":"product-type-simple"},"acf":[],"yoast_head":"<!-- This site is optimized with the Yoast SEO plugin v27.2 - https:\/\/yoast.com\/product\/yoast-seo-wordpress\/ -->\n<title>Grawerka Laserowa LaserPecker LX2 40W - IRONSKY.PL Sklep z Dronami<\/title>\n<meta name=\"description\" content=\"Grawerka Laserowa LaserPecker LX2 40W - \u2705 sklep z dronami i fachowym doradztwem. \u2705 Tutaj kupisz produkty DJI, Yuneec, Parrot, Syma i wiele innych, a tak\u017ce kursy i licencje na operatora drona.\" \/>\n<meta name=\"robots\" content=\"index, follow, max-snippet:-1, max-image-preview:large, max-video-preview:-1\" \/>\n<link rel=\"canonical\" href=\"https:\/\/ironsky.pl\/sklep\/produkt\/grawerka-laserowa-laserpecker-lx2-40w\/\" \/>\n<meta property=\"og:locale\" content=\"pl_PL\" \/>\n<meta property=\"og:type\" content=\"article\" \/>\n<meta property=\"og:title\" content=\"Grawerka Laserowa LaserPecker LX2 40W - IRONSKY.PL Sklep z Dronami\" \/>\n<meta property=\"og:description\" content=\"Grawerka Laserowa LaserPecker LX2 40W - \u2705 sklep z dronami i fachowym doradztwem. \u2705 Tutaj kupisz produkty DJI, Yuneec, Parrot, Syma i wiele innych, a tak\u017ce kursy i licencje na operatora drona.\" \/>\n<meta property=\"og:url\" content=\"https:\/\/ironsky.pl\/sklep\/produkt\/grawerka-laserowa-laserpecker-lx2-40w\/\" \/>\n<meta property=\"og:site_name\" content=\"IRONSKY.PL Sklep z Dronami\" \/>\n<meta property=\"article:modified_time\" content=\"2026-04-15T09:18:19+00:00\" \/>\n<meta property=\"og:image\" content=\"https:\/\/ironsky.pl\/sklep\/wp-content\/uploads\/2026\/04\/57437_1.jpg\" \/>\n\t<meta property=\"og:image:width\" content=\"800\" \/>\n\t<meta property=\"og:image:height\" content=\"800\" \/>\n\t<meta property=\"og:image:type\" content=\"image\/jpeg\" \/>\n<meta name=\"twitter:card\" content=\"summary_large_image\" \/>\n<meta name=\"twitter:label1\" content=\"Szacowany czas czytania\" \/>\n\t<meta name=\"twitter:data1\" content=\"4 minuty\" \/>\n<script type=\"application\/ld+json\" class=\"yoast-schema-graph\">{\"@context\":\"https:\/\/schema.org\",\"@graph\":[{\"@type\":\"WebPage\",\"@id\":\"https:\/\/ironsky.pl\/sklep\/produkt\/grawerka-laserowa-laserpecker-lx2-40w\/\",\"url\":\"https:\/\/ironsky.pl\/sklep\/produkt\/grawerka-laserowa-laserpecker-lx2-40w\/\",\"name\":\"Grawerka Laserowa LaserPecker LX2 40W - IRONSKY.PL Sklep z Dronami\",\"isPartOf\":{\"@id\":\"https:\/\/ironsky.pl\/sklep\/#website\"},\"primaryImageOfPage\":{\"@id\":\"https:\/\/ironsky.pl\/sklep\/produkt\/grawerka-laserowa-laserpecker-lx2-40w\/#primaryimage\"},\"image\":{\"@id\":\"https:\/\/ironsky.pl\/sklep\/produkt\/grawerka-laserowa-laserpecker-lx2-40w\/#primaryimage\"},\"thumbnailUrl\":\"https:\/\/ironsky.pl\/sklep\/wp-content\/uploads\/2026\/04\/57437_1.jpg\",\"datePublished\":\"2026-04-15T09:17:56+00:00\",\"dateModified\":\"2026-04-15T09:18:19+00:00\",\"description\":\"Grawerka Laserowa LaserPecker LX2 40W - \u2705 sklep z dronami i fachowym doradztwem. \u2705 Tutaj kupisz produkty DJI, Yuneec, Parrot, Syma i wiele innych, a tak\u017ce kursy i licencje na operatora drona.\",\"breadcrumb\":{\"@id\":\"https:\/\/ironsky.pl\/sklep\/produkt\/grawerka-laserowa-laserpecker-lx2-40w\/#breadcrumb\"},\"inLanguage\":\"pl-PL\",\"potentialAction\":[{\"@type\":\"ReadAction\",\"target\":[\"https:\/\/ironsky.pl\/sklep\/produkt\/grawerka-laserowa-laserpecker-lx2-40w\/\"]}]},{\"@type\":\"ImageObject\",\"inLanguage\":\"pl-PL\",\"@id\":\"https:\/\/ironsky.pl\/sklep\/produkt\/grawerka-laserowa-laserpecker-lx2-40w\/#primaryimage\",\"url\":\"https:\/\/ironsky.pl\/sklep\/wp-content\/uploads\/2026\/04\/57437_1.jpg\",\"contentUrl\":\"https:\/\/ironsky.pl\/sklep\/wp-content\/uploads\/2026\/04\/57437_1.jpg\",\"width\":800,\"height\":800},{\"@type\":\"BreadcrumbList\",\"@id\":\"https:\/\/ironsky.pl\/sklep\/produkt\/grawerka-laserowa-laserpecker-lx2-40w\/#breadcrumb\",\"itemListElement\":[{\"@type\":\"ListItem\",\"position\":1,\"name\":\"Strona g\u0142\u00f3wna\",\"item\":\"https:\/\/ironsky.pl\/sklep\/\"},{\"@type\":\"ListItem\",\"position\":2,\"name\":\"Wszystkie produkty\",\"item\":\"https:\/\/ironsky.pl\/sklep\/produkty\/\"},{\"@type\":\"ListItem\",\"position\":3,\"name\":\"Grawerka Laserowa LaserPecker LX2 40W\"}]},{\"@type\":\"WebSite\",\"@id\":\"https:\/\/ironsky.pl\/sklep\/#website\",\"url\":\"https:\/\/ironsky.pl\/sklep\/\",\"name\":\"IRONSKY.PL Sklep z Dronami\",\"description\":\"IRONSKY.PL Sklep z Dronami\",\"potentialAction\":[{\"@type\":\"SearchAction\",\"target\":{\"@type\":\"EntryPoint\",\"urlTemplate\":\"https:\/\/ironsky.pl\/sklep\/?s={search_term_string}\"},\"query-input\":{\"@type\":\"PropertyValueSpecification\",\"valueRequired\":true,\"valueName\":\"search_term_string\"}}],\"inLanguage\":\"pl-PL\"}]}<\/script>\n<!-- \/ Yoast SEO plugin. -->","yoast_head_json":{"title":"Grawerka Laserowa LaserPecker LX2 40W - IRONSKY.PL Sklep z Dronami","description":"Grawerka Laserowa LaserPecker LX2 40W - \u2705 sklep z dronami i fachowym doradztwem. \u2705 Tutaj kupisz produkty DJI, Yuneec, Parrot, Syma i wiele innych, a tak\u017ce kursy i licencje na operatora drona.","robots":{"index":"index","follow":"follow","max-snippet":"max-snippet:-1","max-image-preview":"max-image-preview:large","max-video-preview":"max-video-preview:-1"},"canonical":"https:\/\/ironsky.pl\/sklep\/produkt\/grawerka-laserowa-laserpecker-lx2-40w\/","og_locale":"pl_PL","og_type":"article","og_title":"Grawerka Laserowa LaserPecker LX2 40W - IRONSKY.PL Sklep z Dronami","og_description":"Grawerka Laserowa LaserPecker LX2 40W - \u2705 sklep z dronami i fachowym doradztwem. \u2705 Tutaj kupisz produkty DJI, Yuneec, Parrot, Syma i wiele innych, a tak\u017ce kursy i licencje na operatora drona.","og_url":"https:\/\/ironsky.pl\/sklep\/produkt\/grawerka-laserowa-laserpecker-lx2-40w\/","og_site_name":"IRONSKY.PL Sklep z Dronami","article_modified_time":"2026-04-15T09:18:19+00:00","og_image":[{"width":800,"height":800,"url":"https:\/\/ironsky.pl\/sklep\/wp-content\/uploads\/2026\/04\/57437_1.jpg","type":"image\/jpeg"}],"twitter_card":"summary_large_image","twitter_misc":{"Szacowany czas czytania":"4 minuty"},"schema":{"@context":"https:\/\/schema.org","@graph":[{"@type":"WebPage","@id":"https:\/\/ironsky.pl\/sklep\/produkt\/grawerka-laserowa-laserpecker-lx2-40w\/","url":"https:\/\/ironsky.pl\/sklep\/produkt\/grawerka-laserowa-laserpecker-lx2-40w\/","name":"Grawerka Laserowa LaserPecker LX2 40W - IRONSKY.PL Sklep z Dronami","isPartOf":{"@id":"https:\/\/ironsky.pl\/sklep\/#website"},"primaryImageOfPage":{"@id":"https:\/\/ironsky.pl\/sklep\/produkt\/grawerka-laserowa-laserpecker-lx2-40w\/#primaryimage"},"image":{"@id":"https:\/\/ironsky.pl\/sklep\/produkt\/grawerka-laserowa-laserpecker-lx2-40w\/#primaryimage"},"thumbnailUrl":"https:\/\/ironsky.pl\/sklep\/wp-content\/uploads\/2026\/04\/57437_1.jpg","datePublished":"2026-04-15T09:17:56+00:00","dateModified":"2026-04-15T09:18:19+00:00","description":"Grawerka Laserowa LaserPecker LX2 40W - \u2705 sklep z dronami i fachowym doradztwem. \u2705 Tutaj kupisz produkty DJI, Yuneec, Parrot, Syma i wiele innych, a tak\u017ce kursy i licencje na operatora drona.","breadcrumb":{"@id":"https:\/\/ironsky.pl\/sklep\/produkt\/grawerka-laserowa-laserpecker-lx2-40w\/#breadcrumb"},"inLanguage":"pl-PL","potentialAction":[{"@type":"ReadAction","target":["https:\/\/ironsky.pl\/sklep\/produkt\/grawerka-laserowa-laserpecker-lx2-40w\/"]}]},{"@type":"ImageObject","inLanguage":"pl-PL","@id":"https:\/\/ironsky.pl\/sklep\/produkt\/grawerka-laserowa-laserpecker-lx2-40w\/#primaryimage","url":"https:\/\/ironsky.pl\/sklep\/wp-content\/uploads\/2026\/04\/57437_1.jpg","contentUrl":"https:\/\/ironsky.pl\/sklep\/wp-content\/uploads\/2026\/04\/57437_1.jpg","width":800,"height":800},{"@type":"BreadcrumbList","@id":"https:\/\/ironsky.pl\/sklep\/produkt\/grawerka-laserowa-laserpecker-lx2-40w\/#breadcrumb","itemListElement":[{"@type":"ListItem","position":1,"name":"Strona g\u0142\u00f3wna","item":"https:\/\/ironsky.pl\/sklep\/"},{"@type":"ListItem","position":2,"name":"Wszystkie produkty","item":"https:\/\/ironsky.pl\/sklep\/produkty\/"},{"@type":"ListItem","position":3,"name":"Grawerka Laserowa LaserPecker LX2 40W"}]},{"@type":"WebSite","@id":"https:\/\/ironsky.pl\/sklep\/#website","url":"https:\/\/ironsky.pl\/sklep\/","name":"IRONSKY.PL Sklep z Dronami","description":"IRONSKY.PL Sklep z Dronami","potentialAction":[{"@type":"SearchAction","target":{"@type":"EntryPoint","urlTemplate":"https:\/\/ironsky.pl\/sklep\/?s={search_term_string}"},"query-input":{"@type":"PropertyValueSpecification","valueRequired":true,"valueName":"search_term_string"}}],"inLanguage":"pl-PL"}]}},"_links":{"self":[{"href":"https:\/\/ironsky.pl\/sklep\/wp-json\/wp\/v2\/product\/61482","targetHints":{"allow":["GET"]}}],"collection":[{"href":"https:\/\/ironsky.pl\/sklep\/wp-json\/wp\/v2\/product"}],"about":[{"href":"https:\/\/ironsky.pl\/sklep\/wp-json\/wp\/v2\/types\/product"}],"replies":[{"embeddable":true,"href":"https:\/\/ironsky.pl\/sklep\/wp-json\/wp\/v2\/comments?post=61482"}],"wp:featuredmedia":[{"embeddable":true,"href":"https:\/\/ironsky.pl\/sklep\/wp-json\/wp\/v2\/media\/61483"}],"wp:attachment":[{"href":"https:\/\/ironsky.pl\/sklep\/wp-json\/wp\/v2\/media?parent=61482"}],"wp:term":[{"taxonomy":"product_brand","embeddable":true,"href":"https:\/\/ironsky.pl\/sklep\/wp-json\/wp\/v2\/product_brand?post=61482"},{"taxonomy":"product_cat","embeddable":true,"href":"https:\/\/ironsky.pl\/sklep\/wp-json\/wp\/v2\/product_cat?post=61482"},{"taxonomy":"product_tag","embeddable":true,"href":"https:\/\/ironsky.pl\/sklep\/wp-json\/wp\/v2\/product_tag?post=61482"}],"curies":[{"name":"wp","href":"https:\/\/api.w.org\/{rel}","templated":true}]}}