{"id":61406,"date":"2026-04-15T11:17:16","date_gmt":"2026-04-15T09:17:16","guid":{"rendered":"https:\/\/ironsky.pl\/sklep\/produkt\/torba-podrozna-tomtoc-aviator-t37-z-paskiem-na-ramie-x-pac-1-3l-zielona\/"},"modified":"2026-04-22T01:24:27","modified_gmt":"2026-04-21T23:24:27","slug":"torba-podrozna-tomtoc-aviator-t37-z-paskiem-na-ramie-x-pac-1-3l-zielona","status":"publish","type":"product","link":"https:\/\/ironsky.pl\/sklep\/produkt\/torba-podrozna-tomtoc-aviator-t37-z-paskiem-na-ramie-x-pac-1-3l-zielona\/","title":{"rendered":"Torba podr\u00f3\u017cna TOMTOC Aviator-T37 z paskiem na rami\u0119 X-Pac 1.3L (zielona)"},"content":{"rendered":"<h3>Torba podr\u00f3\u017cna Tomtoc Aviator-T37 z paskiem na rami\u0119 X-Pac (zielony)<\/h3>\n<p>Torba Tomtoc Aviator-T37 zosta\u0142a wykonana z materia\u0142u VX21 X-Pac\u00ae \u2014 znanego z wytrzyma\u0142o\u015bci, lekko\u015bci i pe\u0142nej wodoodporno\u015bci. To rozwi\u0105zanie, kt\u00f3re sprawdza si\u0119 nawet w ekstremalnych warunkach, chroni\u0105c Twoje rzeczy przed deszczem, zachlapaniem czy kurzem. Dodatkowe wsparcie zapewnia wodoodporny zamek YKK, kt\u00f3ry zabezpiecza zawarto\u015b\u0107 r\u00f3wnie\u017c od g\u00f3ry.<\/p>\n<p>\n<img decoding=\"async\" src=\"https:\/\/assets.innpro.pl\/19308\/25739\/Torba-podrozna-Aviator-T37-zielona-lifestyle-7.jpg\" border=\"0\" alt=\"M\u0119\u017cczyzna w bialej koszulce z plecakiem na plecach i przewieszon\u0105 przez rami\u0119 zielon\u0105 torb\u0105\" \/>\n<\/p>\n<h3>Przemy\u015blane wn\u0119trze na ka\u017cd\u0105 podr\u00f3\u017c<\/h3>\n<p>Torba oferuje \u015bwietn\u0105 organizacj\u0119 dzi\u0119ki licznym przegr\u00f3dkom i kieszeniom. W \u015brodku zmie\u015bcisz telefon, powerbank, \u0142adowarki, s\u0142uchawki, karty, got\u00f3wk\u0119, a nawet paszport \u2013 wszystko ma swoje miejsce. Wbudowany organizer zawiera kieszenie RFID chroni\u0105ce Twoje dane, a osobna kiesze\u0144 na klucze zako\u0144czona smycz\u0105 pomaga unikn\u0105\u0107 ba\u0142aganu. Przednia i tylna kiesze\u0144 umo\u017cliwiaj\u0105 szybki dost\u0119p do najpotrzebniejszych rzeczy.<\/p>\n<p>\n<img decoding=\"async\" src=\"https:\/\/assets.innpro.pl\/19308\/25739\/Torba-podrozna-Aviator-T37-zielona-lifestyle-5.jpg\" border=\"0\" alt=\"2 zielone torby z dokumentami, s\u0142uchawkami i kluczami z airtagiem\" \/>\n<\/p>\n<h3>Bezpiecze\u0144stwo i komfort noszenia<\/h3>\n<p>Torba wyposa\u017cona jest w zamki z mo\u017cliwo\u015bci\u0105 zablokowania (pasuj\u0105ce do zabezpiecze\u0144 kablowych &lt;3 mm), co zwi\u0119ksza poziom ochrony w zat\u0142oczonych miejscach. Pasek o d\u0142ugo\u015bci od 89 do 170 cm pozwala nosi\u0107 j\u0105 wygodnie na ramieniu lub przez rami\u0119 \u2014 niezale\u017cnie od wzrostu. Ca\u0142o\u015b\u0107 wa\u017cy tylko 220 g, wi\u0119c nie stanowi obci\u0105\u017cenia podczas aktywnego dnia.<\/p>\n<p>\n<img decoding=\"async\" src=\"https:\/\/assets.innpro.pl\/19308\/25739\/Torba-podrozna-Aviator-T37-zielona-lifestyle-1.jpg\" border=\"0\" alt=\"Zielona torba z kroplami wody przewieszona przez rami\u0119 osoby w czarnej kurtce\" \/>\n<\/p>\n<div class=\"table-wrapper\">\n<p>\u00a0<\/p>\n<h3><\/h3>\n<table>\n<tbody>\n<tr>\n<th>Producent<\/th>\n<td>Tomtoc<\/td>\n<\/tr>\n<tr>\n<th>Model<\/th>\n<td>T37S1T1<\/td>\n<\/tr>\n<tr>\n<th>Kolor<\/th>\n<td>zielony<\/td>\n<\/tr>\n<tr>\n<th>Wymiary zewn\u0119trzne<\/th>\n<td>ok. 193 \u00d7 145 \u00d7 69 mm<\/td>\n<\/tr>\n<tr>\n<th>Waga<\/th>\n<td>220 g<\/td>\n<\/tr>\n<tr>\n<th>D\u0142ugo\u015b\u0107 paska<\/th>\n<td>ok. 89\u2013170 cm<\/td>\n<\/tr>\n<tr>\n<th>Materia\u0142 <\/th>\n<td>VX21 X-Pac\u00ae<\/td>\n<\/tr>\n<\/tbody>\n<\/table>\n<\/div>\n","protected":false},"excerpt":{"rendered":"<p>Torba podr\u00f3\u017cna Tomtoc Aviator-T37 z paskiem na rami\u0119 X-Pac (zielony) Torba Tomtoc Aviator-T37 zosta\u0142a wykonana z materia\u0142u VX21 X-Pac\u00ae \u2014<\/p>\n","protected":false},"featured_media":61407,"comment_status":"closed","ping_status":"open","template":"","meta":{"_acf_changed":false},"product_brand":[],"product_cat":[5929,5955],"product_tag":[],"class_list":{"0":"post-61406","1":"product","2":"type-product","3":"status-publish","4":"has-post-thumbnail","6":"product_cat-akcesoria-it","7":"product_cat-przenoszenie","8":"pa_okres-gwarancji-5757","9":"pa_producent-tomtoc","11":"first","12":"instock","13":"taxable","14":"shipping-taxable","15":"purchasable","16":"product-type-simple"},"acf":[],"yoast_head":"<!-- This site is optimized with the Yoast SEO plugin v27.2 - https:\/\/yoast.com\/product\/yoast-seo-wordpress\/ -->\n<title>Torba podr\u00f3\u017cna TOMTOC Aviator-T37 z paskiem na rami\u0119 X-Pac 1.3L (zielona) - IRONSKY.PL Sklep z Dronami<\/title>\n<meta name=\"description\" content=\"Torba podr\u00f3\u017cna TOMTOC Aviator-T37 z paskiem na rami\u0119 X-Pac 1.3L (zielona) - \u2705 sklep z dronami i fachowym doradztwem. \u2705 Tutaj kupisz produkty DJI, Yuneec, Parrot, Syma i wiele innych, a tak\u017ce kursy i licencje na operatora drona.\" \/>\n<meta name=\"robots\" content=\"index, follow, max-snippet:-1, max-image-preview:large, max-video-preview:-1\" \/>\n<link rel=\"canonical\" href=\"https:\/\/ironsky.pl\/sklep\/produkt\/torba-podrozna-tomtoc-aviator-t37-z-paskiem-na-ramie-x-pac-1-3l-zielona\/\" \/>\n<meta property=\"og:locale\" content=\"pl_PL\" \/>\n<meta property=\"og:type\" content=\"article\" \/>\n<meta property=\"og:title\" content=\"Torba podr\u00f3\u017cna TOMTOC Aviator-T37 z paskiem na rami\u0119 X-Pac 1.3L (zielona) - IRONSKY.PL Sklep z Dronami\" \/>\n<meta property=\"og:description\" content=\"Torba podr\u00f3\u017cna TOMTOC Aviator-T37 z paskiem na rami\u0119 X-Pac 1.3L (zielona) - \u2705 sklep z dronami i fachowym doradztwem. \u2705 Tutaj kupisz produkty DJI, Yuneec, Parrot, Syma i wiele innych, a tak\u017ce kursy i licencje na operatora drona.\" \/>\n<meta property=\"og:url\" content=\"https:\/\/ironsky.pl\/sklep\/produkt\/torba-podrozna-tomtoc-aviator-t37-z-paskiem-na-ramie-x-pac-1-3l-zielona\/\" \/>\n<meta property=\"og:site_name\" content=\"IRONSKY.PL Sklep z Dronami\" \/>\n<meta property=\"article:modified_time\" content=\"2026-04-21T23:24:27+00:00\" \/>\n<meta property=\"og:image\" content=\"https:\/\/ironsky.pl\/sklep\/wp-content\/uploads\/2026\/04\/57036_3.jpg\" \/>\n\t<meta property=\"og:image:width\" content=\"800\" \/>\n\t<meta property=\"og:image:height\" content=\"800\" \/>\n\t<meta property=\"og:image:type\" content=\"image\/jpeg\" \/>\n<meta name=\"twitter:card\" content=\"summary_large_image\" \/>\n<meta name=\"twitter:label1\" content=\"Szacowany czas czytania\" \/>\n\t<meta name=\"twitter:data1\" content=\"1 minuta\" \/>\n<script type=\"application\/ld+json\" class=\"yoast-schema-graph\">{\"@context\":\"https:\/\/schema.org\",\"@graph\":[{\"@type\":\"WebPage\",\"@id\":\"https:\/\/ironsky.pl\/sklep\/produkt\/torba-podrozna-tomtoc-aviator-t37-z-paskiem-na-ramie-x-pac-1-3l-zielona\/\",\"url\":\"https:\/\/ironsky.pl\/sklep\/produkt\/torba-podrozna-tomtoc-aviator-t37-z-paskiem-na-ramie-x-pac-1-3l-zielona\/\",\"name\":\"Torba podr\u00f3\u017cna TOMTOC Aviator-T37 z paskiem na rami\u0119 X-Pac 1.3L (zielona) - IRONSKY.PL Sklep z Dronami\",\"isPartOf\":{\"@id\":\"https:\/\/ironsky.pl\/sklep\/#website\"},\"primaryImageOfPage\":{\"@id\":\"https:\/\/ironsky.pl\/sklep\/produkt\/torba-podrozna-tomtoc-aviator-t37-z-paskiem-na-ramie-x-pac-1-3l-zielona\/#primaryimage\"},\"image\":{\"@id\":\"https:\/\/ironsky.pl\/sklep\/produkt\/torba-podrozna-tomtoc-aviator-t37-z-paskiem-na-ramie-x-pac-1-3l-zielona\/#primaryimage\"},\"thumbnailUrl\":\"https:\/\/ironsky.pl\/sklep\/wp-content\/uploads\/2026\/04\/57036_3.jpg\",\"datePublished\":\"2026-04-15T09:17:16+00:00\",\"dateModified\":\"2026-04-21T23:24:27+00:00\",\"description\":\"Torba podr\u00f3\u017cna TOMTOC Aviator-T37 z paskiem na rami\u0119 X-Pac 1.3L (zielona) - \u2705 sklep z dronami i fachowym doradztwem. \u2705 Tutaj kupisz produkty DJI, Yuneec, Parrot, Syma i wiele innych, a tak\u017ce kursy i licencje na operatora drona.\",\"breadcrumb\":{\"@id\":\"https:\/\/ironsky.pl\/sklep\/produkt\/torba-podrozna-tomtoc-aviator-t37-z-paskiem-na-ramie-x-pac-1-3l-zielona\/#breadcrumb\"},\"inLanguage\":\"pl-PL\",\"potentialAction\":[{\"@type\":\"ReadAction\",\"target\":[\"https:\/\/ironsky.pl\/sklep\/produkt\/torba-podrozna-tomtoc-aviator-t37-z-paskiem-na-ramie-x-pac-1-3l-zielona\/\"]}]},{\"@type\":\"ImageObject\",\"inLanguage\":\"pl-PL\",\"@id\":\"https:\/\/ironsky.pl\/sklep\/produkt\/torba-podrozna-tomtoc-aviator-t37-z-paskiem-na-ramie-x-pac-1-3l-zielona\/#primaryimage\",\"url\":\"https:\/\/ironsky.pl\/sklep\/wp-content\/uploads\/2026\/04\/57036_3.jpg\",\"contentUrl\":\"https:\/\/ironsky.pl\/sklep\/wp-content\/uploads\/2026\/04\/57036_3.jpg\",\"width\":800,\"height\":800},{\"@type\":\"BreadcrumbList\",\"@id\":\"https:\/\/ironsky.pl\/sklep\/produkt\/torba-podrozna-tomtoc-aviator-t37-z-paskiem-na-ramie-x-pac-1-3l-zielona\/#breadcrumb\",\"itemListElement\":[{\"@type\":\"ListItem\",\"position\":1,\"name\":\"Strona g\u0142\u00f3wna\",\"item\":\"https:\/\/ironsky.pl\/sklep\/\"},{\"@type\":\"ListItem\",\"position\":2,\"name\":\"Wszystkie produkty\",\"item\":\"https:\/\/ironsky.pl\/sklep\/produkty\/\"},{\"@type\":\"ListItem\",\"position\":3,\"name\":\"Torba podr\u00f3\u017cna TOMTOC Aviator-T37 z paskiem na rami\u0119 X-Pac 1.3L (zielona)\"}]},{\"@type\":\"WebSite\",\"@id\":\"https:\/\/ironsky.pl\/sklep\/#website\",\"url\":\"https:\/\/ironsky.pl\/sklep\/\",\"name\":\"IRONSKY.PL Sklep z Dronami\",\"description\":\"IRONSKY.PL Sklep z Dronami\",\"potentialAction\":[{\"@type\":\"SearchAction\",\"target\":{\"@type\":\"EntryPoint\",\"urlTemplate\":\"https:\/\/ironsky.pl\/sklep\/?s={search_term_string}\"},\"query-input\":{\"@type\":\"PropertyValueSpecification\",\"valueRequired\":true,\"valueName\":\"search_term_string\"}}],\"inLanguage\":\"pl-PL\"}]}<\/script>\n<!-- \/ Yoast SEO plugin. -->","yoast_head_json":{"title":"Torba podr\u00f3\u017cna TOMTOC Aviator-T37 z paskiem na rami\u0119 X-Pac 1.3L (zielona) - IRONSKY.PL Sklep z Dronami","description":"Torba podr\u00f3\u017cna TOMTOC Aviator-T37 z paskiem na rami\u0119 X-Pac 1.3L (zielona) - \u2705 sklep z dronami i fachowym doradztwem. \u2705 Tutaj kupisz produkty DJI, Yuneec, Parrot, Syma i wiele innych, a tak\u017ce kursy i licencje na operatora drona.","robots":{"index":"index","follow":"follow","max-snippet":"max-snippet:-1","max-image-preview":"max-image-preview:large","max-video-preview":"max-video-preview:-1"},"canonical":"https:\/\/ironsky.pl\/sklep\/produkt\/torba-podrozna-tomtoc-aviator-t37-z-paskiem-na-ramie-x-pac-1-3l-zielona\/","og_locale":"pl_PL","og_type":"article","og_title":"Torba podr\u00f3\u017cna TOMTOC Aviator-T37 z paskiem na rami\u0119 X-Pac 1.3L (zielona) - IRONSKY.PL Sklep z Dronami","og_description":"Torba podr\u00f3\u017cna TOMTOC Aviator-T37 z paskiem na rami\u0119 X-Pac 1.3L (zielona) - \u2705 sklep z dronami i fachowym doradztwem. \u2705 Tutaj kupisz produkty DJI, Yuneec, Parrot, Syma i wiele innych, a tak\u017ce kursy i licencje na operatora drona.","og_url":"https:\/\/ironsky.pl\/sklep\/produkt\/torba-podrozna-tomtoc-aviator-t37-z-paskiem-na-ramie-x-pac-1-3l-zielona\/","og_site_name":"IRONSKY.PL Sklep z Dronami","article_modified_time":"2026-04-21T23:24:27+00:00","og_image":[{"width":800,"height":800,"url":"https:\/\/ironsky.pl\/sklep\/wp-content\/uploads\/2026\/04\/57036_3.jpg","type":"image\/jpeg"}],"twitter_card":"summary_large_image","twitter_misc":{"Szacowany czas czytania":"1 minuta"},"schema":{"@context":"https:\/\/schema.org","@graph":[{"@type":"WebPage","@id":"https:\/\/ironsky.pl\/sklep\/produkt\/torba-podrozna-tomtoc-aviator-t37-z-paskiem-na-ramie-x-pac-1-3l-zielona\/","url":"https:\/\/ironsky.pl\/sklep\/produkt\/torba-podrozna-tomtoc-aviator-t37-z-paskiem-na-ramie-x-pac-1-3l-zielona\/","name":"Torba podr\u00f3\u017cna TOMTOC Aviator-T37 z paskiem na rami\u0119 X-Pac 1.3L (zielona) - IRONSKY.PL Sklep z Dronami","isPartOf":{"@id":"https:\/\/ironsky.pl\/sklep\/#website"},"primaryImageOfPage":{"@id":"https:\/\/ironsky.pl\/sklep\/produkt\/torba-podrozna-tomtoc-aviator-t37-z-paskiem-na-ramie-x-pac-1-3l-zielona\/#primaryimage"},"image":{"@id":"https:\/\/ironsky.pl\/sklep\/produkt\/torba-podrozna-tomtoc-aviator-t37-z-paskiem-na-ramie-x-pac-1-3l-zielona\/#primaryimage"},"thumbnailUrl":"https:\/\/ironsky.pl\/sklep\/wp-content\/uploads\/2026\/04\/57036_3.jpg","datePublished":"2026-04-15T09:17:16+00:00","dateModified":"2026-04-21T23:24:27+00:00","description":"Torba podr\u00f3\u017cna TOMTOC Aviator-T37 z paskiem na rami\u0119 X-Pac 1.3L (zielona) - \u2705 sklep z dronami i fachowym doradztwem. \u2705 Tutaj kupisz produkty DJI, Yuneec, Parrot, Syma i wiele innych, a tak\u017ce kursy i licencje na operatora drona.","breadcrumb":{"@id":"https:\/\/ironsky.pl\/sklep\/produkt\/torba-podrozna-tomtoc-aviator-t37-z-paskiem-na-ramie-x-pac-1-3l-zielona\/#breadcrumb"},"inLanguage":"pl-PL","potentialAction":[{"@type":"ReadAction","target":["https:\/\/ironsky.pl\/sklep\/produkt\/torba-podrozna-tomtoc-aviator-t37-z-paskiem-na-ramie-x-pac-1-3l-zielona\/"]}]},{"@type":"ImageObject","inLanguage":"pl-PL","@id":"https:\/\/ironsky.pl\/sklep\/produkt\/torba-podrozna-tomtoc-aviator-t37-z-paskiem-na-ramie-x-pac-1-3l-zielona\/#primaryimage","url":"https:\/\/ironsky.pl\/sklep\/wp-content\/uploads\/2026\/04\/57036_3.jpg","contentUrl":"https:\/\/ironsky.pl\/sklep\/wp-content\/uploads\/2026\/04\/57036_3.jpg","width":800,"height":800},{"@type":"BreadcrumbList","@id":"https:\/\/ironsky.pl\/sklep\/produkt\/torba-podrozna-tomtoc-aviator-t37-z-paskiem-na-ramie-x-pac-1-3l-zielona\/#breadcrumb","itemListElement":[{"@type":"ListItem","position":1,"name":"Strona g\u0142\u00f3wna","item":"https:\/\/ironsky.pl\/sklep\/"},{"@type":"ListItem","position":2,"name":"Wszystkie produkty","item":"https:\/\/ironsky.pl\/sklep\/produkty\/"},{"@type":"ListItem","position":3,"name":"Torba podr\u00f3\u017cna TOMTOC Aviator-T37 z paskiem na rami\u0119 X-Pac 1.3L (zielona)"}]},{"@type":"WebSite","@id":"https:\/\/ironsky.pl\/sklep\/#website","url":"https:\/\/ironsky.pl\/sklep\/","name":"IRONSKY.PL Sklep z Dronami","description":"IRONSKY.PL Sklep z Dronami","potentialAction":[{"@type":"SearchAction","target":{"@type":"EntryPoint","urlTemplate":"https:\/\/ironsky.pl\/sklep\/?s={search_term_string}"},"query-input":{"@type":"PropertyValueSpecification","valueRequired":true,"valueName":"search_term_string"}}],"inLanguage":"pl-PL"}]}},"_links":{"self":[{"href":"https:\/\/ironsky.pl\/sklep\/wp-json\/wp\/v2\/product\/61406","targetHints":{"allow":["GET"]}}],"collection":[{"href":"https:\/\/ironsky.pl\/sklep\/wp-json\/wp\/v2\/product"}],"about":[{"href":"https:\/\/ironsky.pl\/sklep\/wp-json\/wp\/v2\/types\/product"}],"replies":[{"embeddable":true,"href":"https:\/\/ironsky.pl\/sklep\/wp-json\/wp\/v2\/comments?post=61406"}],"wp:featuredmedia":[{"embeddable":true,"href":"https:\/\/ironsky.pl\/sklep\/wp-json\/wp\/v2\/media\/61407"}],"wp:attachment":[{"href":"https:\/\/ironsky.pl\/sklep\/wp-json\/wp\/v2\/media?parent=61406"}],"wp:term":[{"taxonomy":"product_brand","embeddable":true,"href":"https:\/\/ironsky.pl\/sklep\/wp-json\/wp\/v2\/product_brand?post=61406"},{"taxonomy":"product_cat","embeddable":true,"href":"https:\/\/ironsky.pl\/sklep\/wp-json\/wp\/v2\/product_cat?post=61406"},{"taxonomy":"product_tag","embeddable":true,"href":"https:\/\/ironsky.pl\/sklep\/wp-json\/wp\/v2\/product_tag?post=61406"}],"curies":[{"name":"wp","href":"https:\/\/api.w.org\/{rel}","templated":true}]}}