{"id":61396,"date":"2026-04-15T11:17:16","date_gmt":"2026-04-15T09:17:16","guid":{"rendered":"https:\/\/ironsky.pl\/sklep\/produkt\/torba-na-ramie-tomtoc-terra-t34-puffy-11-9l-snowberg\/"},"modified":"2026-04-21T23:21:39","modified_gmt":"2026-04-21T21:21:39","slug":"torba-na-ramie-tomtoc-terra-t34-puffy-11-9l-snowberg","status":"publish","type":"product","link":"https:\/\/ironsky.pl\/sklep\/produkt\/torba-na-ramie-tomtoc-terra-t34-puffy-11-9l-snowberg\/","title":{"rendered":"Torba na rami\u0119 TOMTOC Terra-T34 Puffy 11&#8243;\/9L Snowberg"},"content":{"rendered":"<h3>Torba na rami\u0119 Tomtoc Terra-T34 Puffy Snowberg<\/h3>\n<p>Torba na rami\u0119 Terra-T34 Puffy Lavascape to minimalistyczna propozycja dla os\u00f3b, kt\u00f3re szukaj\u0105 lekkiej i wygodnej torby na co dzie\u0144. Wa\u017cy zaledwie 380 g, a dzi\u0119ki mi\u0119kkiej konstrukcji i elastycznemu paskowi (regulowanemu w zakresie 31\u201360 cm) dopasowuje si\u0119 do ruchu cia\u0142a, nie obci\u0105\u017caj\u0105c ramienia. Z pojemno\u015bci\u0105 9 litr\u00f3w \u015bwietnie sprawdzi si\u0119 na spacerze, w drodze do pracy lub na uczelni\u0119.<\/p>\n<p>\n<img decoding=\"async\" src=\"https:\/\/assets.innpro.pl\/19306\/25737\/Torba-na-ramie-Terra-T34-Puffy-Snowberg-lifestyle-4.jpg\" border=\"0\" alt=\"Kobieta podrzucaj\u0105ca do g\u00f3ry bia\u0142\u0105 torebk\u0119, w tle b\u0142\u0119kitne niebo\" \/>\n<\/p>\n<h3>Idealna na co dzie\u0144<\/h3>\n<p>Pomimo kompaktowego rozmiaru (390 x 245 x 120 mm), torba pomie\u015bci wszystkie niezb\u0119dne drobiazgi \u2014 portfel, butelk\u0119, kosmetyki, s\u0142uchawki, a nawet iPada do 11 cali. Specjalna, mi\u0119kka przegroda wy\u0142o\u017cona welurem chroni urz\u0105dzenia elektroniczne, a dodatkowe kieszenie wewn\u0119trzne i tylna kiesze\u0144 z szybkim dost\u0119pem pomagaj\u0105 utrzyma\u0107 porz\u0105dek i \u0142atwy dost\u0119p do wa\u017cnych rzeczy.<\/p>\n<p>\n<img decoding=\"async\" src=\"https:\/\/assets.innpro.pl\/19306\/25737\/Torba-na-ramie-Terra-T34-Puffy-Snowberg-lifestyle-7.jpg\" border=\"0\" alt=\"Kobieta w koszulce z kr\u00f3tkim r\u0119kawem z bia\u0142\u0105 torebk\u0105 na ramieniu\" \/>\n<\/p>\n<h3>Dopracowany design<\/h3>\n<p>Torba Terra-T34 zosta\u0142a wykonana z materia\u0142\u00f3w z certyfikatem GRS, co oznacza, \u017ce spe\u0142nia wymogi zr\u00f3wnowa\u017conej produkcji. Mi\u0119kka pikowana tkanina nadaje jej oryginalny wygl\u0105d, a jednocze\u015bnie jest trwa\u0142a i przyjemna w dotyku. To po\u0142\u0105czenie funkcjonalno\u015bci, komfortu i stylu, kt\u00f3re pasuje do nowoczesnego, codziennego rytmu \u017cycia.<\/p>\n<p>\n<img decoding=\"async\" src=\"https:\/\/assets.innpro.pl\/19306\/25737\/Torba-na-ramie-Terra-T34-Puffy-Snowberg-lifestyle-1.jpg\" border=\"0\" alt=\"Kobieta w d\u0142ugich w\u0142osach z torebk\u0105 na ramieniu stoi oparta o mur, za kt\u00f3rym wida\u0107 panoram\u0119 miasta\" \/>\n<\/p>\n<div class=\"table-wrapper\">\n<p>\u00a0<\/p>\n<h3><\/h3>\n<table>\n<tbody>\n<tr>\n<th>Producent<\/th>\n<td>Tomtoc<\/td>\n<\/tr>\n<tr>\n<th>Model<\/th>\n<td>T34M1W1<\/td>\n<\/tr>\n<tr>\n<th>Kolor<\/th>\n<td>bia\u0142y<\/td>\n<\/tr>\n<tr>\n<th>Pojemno\u015b\u0107<\/th>\n<td>9l<\/td>\n<\/tr>\n<tr>\n<th>Wymiary zewn\u0119trzne<\/th>\n<td>390 \u00d7 245 \u00d7 120 mm<\/td>\n<\/tr>\n<tr>\n<th>Waga<\/th>\n<td>380 g<\/td>\n<\/tr>\n<tr>\n<th>D\u0142ugo\u015b\u0107 paska<\/th>\n<td>310-600 mm<\/td>\n<\/tr>\n<\/tbody>\n<\/table>\n<\/div>\n","protected":false},"excerpt":{"rendered":"<p>Torba na rami\u0119 Tomtoc Terra-T34 Puffy Snowberg Torba na rami\u0119 Terra-T34 Puffy Lavascape to minimalistyczna propozycja dla os\u00f3b, kt\u00f3re szukaj\u0105<\/p>\n","protected":false},"featured_media":61397,"comment_status":"closed","ping_status":"open","template":"","meta":{"_acf_changed":false},"product_brand":[],"product_cat":[5929,5955],"product_tag":[],"class_list":{"0":"post-61396","1":"product","2":"type-product","3":"status-publish","4":"has-post-thumbnail","6":"product_cat-akcesoria-it","7":"product_cat-przenoszenie","8":"pa_okres-gwarancji-5757","9":"pa_producent-tomtoc","11":"first","12":"instock","13":"taxable","14":"shipping-taxable","15":"purchasable","16":"product-type-simple"},"acf":[],"yoast_head":"<!-- This site is optimized with the Yoast SEO plugin v27.2 - https:\/\/yoast.com\/product\/yoast-seo-wordpress\/ -->\n<title>Torba na rami\u0119 TOMTOC Terra-T34 Puffy 11&quot;\/9L Snowberg - IRONSKY.PL Sklep z Dronami<\/title>\n<meta name=\"description\" content=\"Torba na rami\u0119 TOMTOC Terra-T34 Puffy 11&quot;\/9L Snowberg - \u2705 sklep z dronami i fachowym doradztwem. \u2705 Tutaj kupisz produkty DJI, Yuneec, Parrot, Syma i wiele innych, a tak\u017ce kursy i licencje na operatora drona.\" \/>\n<meta name=\"robots\" content=\"index, follow, max-snippet:-1, max-image-preview:large, max-video-preview:-1\" \/>\n<link rel=\"canonical\" href=\"https:\/\/ironsky.pl\/sklep\/produkt\/torba-na-ramie-tomtoc-terra-t34-puffy-11-9l-snowberg\/\" \/>\n<meta property=\"og:locale\" content=\"pl_PL\" \/>\n<meta property=\"og:type\" content=\"article\" \/>\n<meta property=\"og:title\" content=\"Torba na rami\u0119 TOMTOC Terra-T34 Puffy 11&quot;\/9L Snowberg - IRONSKY.PL Sklep z Dronami\" \/>\n<meta property=\"og:description\" content=\"Torba na rami\u0119 TOMTOC Terra-T34 Puffy 11&quot;\/9L Snowberg - \u2705 sklep z dronami i fachowym doradztwem. \u2705 Tutaj kupisz produkty DJI, Yuneec, Parrot, Syma i wiele innych, a tak\u017ce kursy i licencje na operatora drona.\" \/>\n<meta property=\"og:url\" content=\"https:\/\/ironsky.pl\/sklep\/produkt\/torba-na-ramie-tomtoc-terra-t34-puffy-11-9l-snowberg\/\" \/>\n<meta property=\"og:site_name\" content=\"IRONSKY.PL Sklep z Dronami\" \/>\n<meta property=\"article:modified_time\" content=\"2026-04-21T21:21:39+00:00\" \/>\n<meta property=\"og:image\" content=\"https:\/\/ironsky.pl\/sklep\/wp-content\/uploads\/2026\/04\/57034_1.jpg\" \/>\n\t<meta property=\"og:image:width\" content=\"800\" \/>\n\t<meta property=\"og:image:height\" content=\"800\" \/>\n\t<meta property=\"og:image:type\" content=\"image\/jpeg\" \/>\n<meta name=\"twitter:card\" content=\"summary_large_image\" \/>\n<meta name=\"twitter:label1\" content=\"Szacowany czas czytania\" \/>\n\t<meta name=\"twitter:data1\" content=\"1 minuta\" \/>\n<script type=\"application\/ld+json\" class=\"yoast-schema-graph\">{\"@context\":\"https:\/\/schema.org\",\"@graph\":[{\"@type\":\"WebPage\",\"@id\":\"https:\/\/ironsky.pl\/sklep\/produkt\/torba-na-ramie-tomtoc-terra-t34-puffy-11-9l-snowberg\/\",\"url\":\"https:\/\/ironsky.pl\/sklep\/produkt\/torba-na-ramie-tomtoc-terra-t34-puffy-11-9l-snowberg\/\",\"name\":\"Torba na rami\u0119 TOMTOC Terra-T34 Puffy 11\\\"\/9L Snowberg - IRONSKY.PL Sklep z Dronami\",\"isPartOf\":{\"@id\":\"https:\/\/ironsky.pl\/sklep\/#website\"},\"primaryImageOfPage\":{\"@id\":\"https:\/\/ironsky.pl\/sklep\/produkt\/torba-na-ramie-tomtoc-terra-t34-puffy-11-9l-snowberg\/#primaryimage\"},\"image\":{\"@id\":\"https:\/\/ironsky.pl\/sklep\/produkt\/torba-na-ramie-tomtoc-terra-t34-puffy-11-9l-snowberg\/#primaryimage\"},\"thumbnailUrl\":\"https:\/\/ironsky.pl\/sklep\/wp-content\/uploads\/2026\/04\/57034_1.jpg\",\"datePublished\":\"2026-04-15T09:17:16+00:00\",\"dateModified\":\"2026-04-21T21:21:39+00:00\",\"description\":\"Torba na rami\u0119 TOMTOC Terra-T34 Puffy 11\\\"\/9L Snowberg - \u2705 sklep z dronami i fachowym doradztwem. \u2705 Tutaj kupisz produkty DJI, Yuneec, Parrot, Syma i wiele innych, a tak\u017ce kursy i licencje na operatora drona.\",\"breadcrumb\":{\"@id\":\"https:\/\/ironsky.pl\/sklep\/produkt\/torba-na-ramie-tomtoc-terra-t34-puffy-11-9l-snowberg\/#breadcrumb\"},\"inLanguage\":\"pl-PL\",\"potentialAction\":[{\"@type\":\"ReadAction\",\"target\":[\"https:\/\/ironsky.pl\/sklep\/produkt\/torba-na-ramie-tomtoc-terra-t34-puffy-11-9l-snowberg\/\"]}]},{\"@type\":\"ImageObject\",\"inLanguage\":\"pl-PL\",\"@id\":\"https:\/\/ironsky.pl\/sklep\/produkt\/torba-na-ramie-tomtoc-terra-t34-puffy-11-9l-snowberg\/#primaryimage\",\"url\":\"https:\/\/ironsky.pl\/sklep\/wp-content\/uploads\/2026\/04\/57034_1.jpg\",\"contentUrl\":\"https:\/\/ironsky.pl\/sklep\/wp-content\/uploads\/2026\/04\/57034_1.jpg\",\"width\":800,\"height\":800},{\"@type\":\"BreadcrumbList\",\"@id\":\"https:\/\/ironsky.pl\/sklep\/produkt\/torba-na-ramie-tomtoc-terra-t34-puffy-11-9l-snowberg\/#breadcrumb\",\"itemListElement\":[{\"@type\":\"ListItem\",\"position\":1,\"name\":\"Strona g\u0142\u00f3wna\",\"item\":\"https:\/\/ironsky.pl\/sklep\/\"},{\"@type\":\"ListItem\",\"position\":2,\"name\":\"Wszystkie produkty\",\"item\":\"https:\/\/ironsky.pl\/sklep\/produkty\/\"},{\"@type\":\"ListItem\",\"position\":3,\"name\":\"Torba na rami\u0119 TOMTOC Terra-T34 Puffy 11&#8243;\/9L Snowberg\"}]},{\"@type\":\"WebSite\",\"@id\":\"https:\/\/ironsky.pl\/sklep\/#website\",\"url\":\"https:\/\/ironsky.pl\/sklep\/\",\"name\":\"IRONSKY.PL Sklep z Dronami\",\"description\":\"IRONSKY.PL Sklep z Dronami\",\"potentialAction\":[{\"@type\":\"SearchAction\",\"target\":{\"@type\":\"EntryPoint\",\"urlTemplate\":\"https:\/\/ironsky.pl\/sklep\/?s={search_term_string}\"},\"query-input\":{\"@type\":\"PropertyValueSpecification\",\"valueRequired\":true,\"valueName\":\"search_term_string\"}}],\"inLanguage\":\"pl-PL\"}]}<\/script>\n<!-- \/ Yoast SEO plugin. -->","yoast_head_json":{"title":"Torba na rami\u0119 TOMTOC Terra-T34 Puffy 11\"\/9L Snowberg - IRONSKY.PL Sklep z Dronami","description":"Torba na rami\u0119 TOMTOC Terra-T34 Puffy 11\"\/9L Snowberg - \u2705 sklep z dronami i fachowym doradztwem. \u2705 Tutaj kupisz produkty DJI, Yuneec, Parrot, Syma i wiele innych, a tak\u017ce kursy i licencje na operatora drona.","robots":{"index":"index","follow":"follow","max-snippet":"max-snippet:-1","max-image-preview":"max-image-preview:large","max-video-preview":"max-video-preview:-1"},"canonical":"https:\/\/ironsky.pl\/sklep\/produkt\/torba-na-ramie-tomtoc-terra-t34-puffy-11-9l-snowberg\/","og_locale":"pl_PL","og_type":"article","og_title":"Torba na rami\u0119 TOMTOC Terra-T34 Puffy 11\"\/9L Snowberg - IRONSKY.PL Sklep z Dronami","og_description":"Torba na rami\u0119 TOMTOC Terra-T34 Puffy 11\"\/9L Snowberg - \u2705 sklep z dronami i fachowym doradztwem. \u2705 Tutaj kupisz produkty DJI, Yuneec, Parrot, Syma i wiele innych, a tak\u017ce kursy i licencje na operatora drona.","og_url":"https:\/\/ironsky.pl\/sklep\/produkt\/torba-na-ramie-tomtoc-terra-t34-puffy-11-9l-snowberg\/","og_site_name":"IRONSKY.PL Sklep z Dronami","article_modified_time":"2026-04-21T21:21:39+00:00","og_image":[{"width":800,"height":800,"url":"https:\/\/ironsky.pl\/sklep\/wp-content\/uploads\/2026\/04\/57034_1.jpg","type":"image\/jpeg"}],"twitter_card":"summary_large_image","twitter_misc":{"Szacowany czas czytania":"1 minuta"},"schema":{"@context":"https:\/\/schema.org","@graph":[{"@type":"WebPage","@id":"https:\/\/ironsky.pl\/sklep\/produkt\/torba-na-ramie-tomtoc-terra-t34-puffy-11-9l-snowberg\/","url":"https:\/\/ironsky.pl\/sklep\/produkt\/torba-na-ramie-tomtoc-terra-t34-puffy-11-9l-snowberg\/","name":"Torba na rami\u0119 TOMTOC Terra-T34 Puffy 11\"\/9L Snowberg - IRONSKY.PL Sklep z Dronami","isPartOf":{"@id":"https:\/\/ironsky.pl\/sklep\/#website"},"primaryImageOfPage":{"@id":"https:\/\/ironsky.pl\/sklep\/produkt\/torba-na-ramie-tomtoc-terra-t34-puffy-11-9l-snowberg\/#primaryimage"},"image":{"@id":"https:\/\/ironsky.pl\/sklep\/produkt\/torba-na-ramie-tomtoc-terra-t34-puffy-11-9l-snowberg\/#primaryimage"},"thumbnailUrl":"https:\/\/ironsky.pl\/sklep\/wp-content\/uploads\/2026\/04\/57034_1.jpg","datePublished":"2026-04-15T09:17:16+00:00","dateModified":"2026-04-21T21:21:39+00:00","description":"Torba na rami\u0119 TOMTOC Terra-T34 Puffy 11\"\/9L Snowberg - \u2705 sklep z dronami i fachowym doradztwem. \u2705 Tutaj kupisz produkty DJI, Yuneec, Parrot, Syma i wiele innych, a tak\u017ce kursy i licencje na operatora drona.","breadcrumb":{"@id":"https:\/\/ironsky.pl\/sklep\/produkt\/torba-na-ramie-tomtoc-terra-t34-puffy-11-9l-snowberg\/#breadcrumb"},"inLanguage":"pl-PL","potentialAction":[{"@type":"ReadAction","target":["https:\/\/ironsky.pl\/sklep\/produkt\/torba-na-ramie-tomtoc-terra-t34-puffy-11-9l-snowberg\/"]}]},{"@type":"ImageObject","inLanguage":"pl-PL","@id":"https:\/\/ironsky.pl\/sklep\/produkt\/torba-na-ramie-tomtoc-terra-t34-puffy-11-9l-snowberg\/#primaryimage","url":"https:\/\/ironsky.pl\/sklep\/wp-content\/uploads\/2026\/04\/57034_1.jpg","contentUrl":"https:\/\/ironsky.pl\/sklep\/wp-content\/uploads\/2026\/04\/57034_1.jpg","width":800,"height":800},{"@type":"BreadcrumbList","@id":"https:\/\/ironsky.pl\/sklep\/produkt\/torba-na-ramie-tomtoc-terra-t34-puffy-11-9l-snowberg\/#breadcrumb","itemListElement":[{"@type":"ListItem","position":1,"name":"Strona g\u0142\u00f3wna","item":"https:\/\/ironsky.pl\/sklep\/"},{"@type":"ListItem","position":2,"name":"Wszystkie produkty","item":"https:\/\/ironsky.pl\/sklep\/produkty\/"},{"@type":"ListItem","position":3,"name":"Torba na rami\u0119 TOMTOC Terra-T34 Puffy 11&#8243;\/9L Snowberg"}]},{"@type":"WebSite","@id":"https:\/\/ironsky.pl\/sklep\/#website","url":"https:\/\/ironsky.pl\/sklep\/","name":"IRONSKY.PL Sklep z Dronami","description":"IRONSKY.PL Sklep z Dronami","potentialAction":[{"@type":"SearchAction","target":{"@type":"EntryPoint","urlTemplate":"https:\/\/ironsky.pl\/sklep\/?s={search_term_string}"},"query-input":{"@type":"PropertyValueSpecification","valueRequired":true,"valueName":"search_term_string"}}],"inLanguage":"pl-PL"}]}},"_links":{"self":[{"href":"https:\/\/ironsky.pl\/sklep\/wp-json\/wp\/v2\/product\/61396","targetHints":{"allow":["GET"]}}],"collection":[{"href":"https:\/\/ironsky.pl\/sklep\/wp-json\/wp\/v2\/product"}],"about":[{"href":"https:\/\/ironsky.pl\/sklep\/wp-json\/wp\/v2\/types\/product"}],"replies":[{"embeddable":true,"href":"https:\/\/ironsky.pl\/sklep\/wp-json\/wp\/v2\/comments?post=61396"}],"wp:featuredmedia":[{"embeddable":true,"href":"https:\/\/ironsky.pl\/sklep\/wp-json\/wp\/v2\/media\/61397"}],"wp:attachment":[{"href":"https:\/\/ironsky.pl\/sklep\/wp-json\/wp\/v2\/media?parent=61396"}],"wp:term":[{"taxonomy":"product_brand","embeddable":true,"href":"https:\/\/ironsky.pl\/sklep\/wp-json\/wp\/v2\/product_brand?post=61396"},{"taxonomy":"product_cat","embeddable":true,"href":"https:\/\/ironsky.pl\/sklep\/wp-json\/wp\/v2\/product_cat?post=61396"},{"taxonomy":"product_tag","embeddable":true,"href":"https:\/\/ironsky.pl\/sklep\/wp-json\/wp\/v2\/product_tag?post=61396"}],"curies":[{"name":"wp","href":"https:\/\/api.w.org\/{rel}","templated":true}]}}