{"id":61282,"date":"2026-04-15T11:15:58","date_gmt":"2026-04-15T09:15:58","guid":{"rendered":"https:\/\/ironsky.pl\/sklep\/produkt\/zestaw-filtrow-do-dji-action-6-cpl-nd8-16-32\/"},"modified":"2026-04-22T11:21:31","modified_gmt":"2026-04-22T09:21:31","slug":"zestaw-filtrow-do-dji-action-6-cpl-nd8-16-32","status":"publish","type":"product","link":"https:\/\/ironsky.pl\/sklep\/produkt\/zestaw-filtrow-do-dji-action-6-cpl-nd8-16-32\/","title":{"rendered":"Zestaw filtr\u00f3w do DJI Action 6 (CPL\/ND8\/16\/32)"},"content":{"rendered":"<h3>Zestaw filtr\u00f3w do DJI Osmo Action 6 (CPL\/ND8\/16\/32)<\/h3>\n<p>Zestaw filtr\u00f3w do kamery DJI Osmo Action 6 zapewni Ci pe\u0142n\u0105 kontrol\u0119 nad ekspozycj\u0105 i wygl\u0105dem obrazu w trudnych warunkach o\u015bwietleniowych. Profesjonalne szk\u0142o optyczne, wielowarstwowe pow\u0142oki i precyzyjna konstrukcja pozwalaj\u0105 poprawi\u0107 jako\u015b\u0107 zdj\u0119\u0107 i wideo, zachowuj\u0105c naturalne kolory i wysoki poziom szczeg\u00f3\u0142owo\u015bci. Akcesoria s\u0105 przy tym bardzo proste w monta\u017cu i lekkie \u2013 mo\u017cesz mie\u0107 je zawsze pod r\u0119k\u0105. Zestaw zawiera jeden filtr CPL oraz trzy filtry ND \u2013 ND8, ND16 i ND32.<\/p>\n<p>\n<img decoding=\"async\" src=\"https:\/\/assets.innpro.pl\/19073\/25420\/Zestaw-4-filtrow-do-DJI-Action-6-lifestyle-1.jpg\" border=\"0\" alt=\"Kamera sportowa z zamontowanym zielonym filtrem i czterema dodatkowymi filtrami w r\u00f3\u017cnych odcieniach fioletu widocznymi poni\u017cej\" \/>\n<\/p>\n<h3>Profesjonalne szk\u0142o optyczne<\/h3>\n<p>Filtry zosta\u0142y wykonane z wysokiej jako\u015bci szk\u0142a optycznego importowanego z Niemiec. Precyzyjny proces szlifowania oraz doskona\u0142e w\u0142a\u015bciwo\u015bci fizyczne i chemiczne materia\u0142u przek\u0142adaj\u0105 si\u0119 na \u015bwietn\u0105 jako\u015b\u0107 obrazu i wi\u0119ksz\u0105 powtarzalno\u015b\u0107 efekt\u00f3w. Dzi\u0119ki temu uj\u0119cia zyskuj\u0105 bardziej profesjonalny charakter. Co wi\u0119cej, wielowarstwowe pow\u0142oki optyczne zapewniaj\u0105 wysok\u0105 przepuszczalno\u015b\u0107 \u015bwiat\u0142a i pomagaj\u0105 zachowa\u0107 realistyczne kolory. Filtry osadzone s\u0105 w cienkiej metalowej ramce, kt\u00f3ra nie wp\u0142ywa negatywnie na pole widzenia obiektywu i gwarantuje stabilne dopasowanie.<\/p>\n<p>\n<img decoding=\"async\" src=\"https:\/\/assets.innpro.pl\/19073\/25420\/Zestaw-4-filtrow-do-DJI-Action-6-lifestyle-3.jpg\" border=\"0\" alt=\"Osoba trzyma kamer\u0119 sportow\u0105 z nak\u0142adanym filtrem fioletowym w kilku wariantach intensywno\u015bci\" \/>\n<\/p>\n<h3>Tw\u00f3rz jeszcze pi\u0119kniejsze uj\u0119cia z filtrami ND<\/h3>\n<p>Filtry ND redukuj\u0105 ilo\u015b\u0107 \u015bwiat\u0142a wpadaj\u0105cego do obiektywu, co pozwala kamerze dobra\u0107 prawid\u0142owe parametry ekspozycji i unikn\u0105\u0107 prze\u015bwietle\u0144. Umo\u017cliwiaj\u0105 te\u017c obni\u017cenie czasu otwarcia migawki w trakcie nagrywania wideo w jasnym otoczeniu, mo\u017cesz wi\u0119c uzyska\u0107 naturalny efekt rozmycia ruchu. Im wy\u017csza warto\u015b\u0107 ND, tym silniejszy efekt redukcji o\u015bwietlenia, co daje wi\u0119ksz\u0105 swobod\u0119 podczas pracy w pe\u0142nym s\u0142o\u0144cu. Tego typu filtry sprawdz\u0105 si\u0119 r\u00f3wnie\u017c przy przy fotografii z d\u0142ugim czasem na\u015bwietlania. Dodatkowo poprawiaj\u0105 nasycenie barw, dzi\u0119ki czemu obraz zachwyca \u017cyw\u0105, wyrazist\u0105 kolorystyk\u0105.<\/p>\n<p>\n<img decoding=\"async\" src=\"https:\/\/assets.innpro.pl\/19073\/25420\/Zestaw-4-filtrow-do-DJI-Action-6-lifestyle-8.jpg\" border=\"0\" alt=\"Por\u00f3wnanie zdj\u0119\u0107 kwiatu i wodospadu wykonanych z r\u00f3\u017cnymi intensywno\u015bciami filtr\u00f3w fioletowych\" \/>\n<\/p>\n<h3>Filtr CPL \u2013 redukcja odblask\u00f3w i g\u0142\u0119bia kolor\u00f3w<\/h3>\n<p>Filtr polaryzacyjny CPL s\u0142u\u017cy do eliminowania niepo\u017c\u0105danych refleks\u00f3w \u015bwietlnych, takich jak odbicia od wody, szk\u0142a czy innych g\u0142adkich powierzchni. Dzi\u0119ki temu zwi\u0119ksza nasycenie kolor\u00f3w i poprawia klarowno\u015b\u0107 obrazu. Ponadto wzmacnia b\u0142\u0119kit nieba, podkre\u015bla biel chmur i sprawia, \u017ce zdj\u0119cia staj\u0105 si\u0119 bardziej kontrastowe i wyraziste. Jest szczeg\u00f3lnie przydatny podczas fotografowania i filmowania krajobraz\u00f3w, tworzenia uj\u0119\u0107 nad wod\u0105, nagrywania przez szyb\u0119 oraz rejestrowania scen podwodnych, gdzie redukcja odbi\u0107 pozwala wydoby\u0107 wi\u0119cej detali i nada\u0107 materia\u0142owi bardziej profesjonalny charakter.<\/p>\n<p>\n<img decoding=\"async\" src=\"https:\/\/assets.innpro.pl\/19073\/25420\/Zestaw-4-filtrow-do-DJI-Action-6-lifestyle-7.jpg\" border=\"0\" alt=\"Por\u00f3wnanie zdj\u0119\u0107 \u0142odzi na wodzie i krajobrazu z odbiciami, z filtrem polaryzacyjnym poprawiaj\u0105cym przejrzysto\u015b\u0107\" \/>\n<\/p>\n<h3>Szybki monta\u017c i demonta\u017c<\/h3>\n<p>Filtry s\u0105 bardzo proste w monta\u017cu i demonta\u017cu \u2013 wystarczy lekkie klikni\u0119cie. Dzi\u0119ki temu mo\u017cesz w mgnieniu oka dostosowa\u0107 kamer\u0119 do bie\u017c\u0105cych warunk\u00f3w o\u015bwietleniowych \u2013 bez obaw, \u017ce stracisz okazj\u0119 do stworzenia wyj\u0105tkowego uj\u0119cia.<\/p>\n<p>\n<img decoding=\"async\" src=\"https:\/\/assets.innpro.pl\/19073\/25420\/Zestaw-4-filtrow-do-DJI-Action-6-lifestyle-4.jpg\" border=\"0\" alt=\"Zbli\u017cenie na montowanie filtra ochronnego na obiektyw kamery sportowej trzymanej w d\u0142oni\" \/>\n<\/p>\n<h3>Odporno\u015b\u0107 na wod\u0119, t\u0142uszcz i zarysowania<\/h3>\n<p>Pow\u0142oki ochronne sprawiaj\u0105, \u017ce filtry s\u0105 odporne na wod\u0119, t\u0142uste plamy i drobne zarysowania. Dzi\u0119ki temu nie tylko mog\u0105 s\u0142u\u017cy\u0107 Ci przez d\u0142ugi czas, ale te\u017c chroni\u0105 obiektyw kamery i pomagaj\u0105 utrzyma\u0107 czysto\u015b\u0107 powierzchni optycznej podczas intensywnego u\u017cytkowania.<\/p>\n<p>\n<img decoding=\"async\" src=\"https:\/\/assets.innpro.pl\/19073\/25420\/Zestaw-4-filtrow-do-DJI-Action-6-lifestyle-5.jpg\" border=\"0\" alt=\"Kamera sportowa z zamontowanym filtrem ochronnym pokrytym kroplami wody, le\u017c\u0105ca na betonie\" \/>\n<\/p>\n<h3>W zestawie<\/h3>\n<ul class=\"list-disc pl-5\">\n<li>Filtr ND8<\/li>\n<li>Filtr ND16<\/li>\n<li>Filtr ND32<\/li>\n<li>Filtr CPL<\/li>\n<\/ul>\n<div class=\"table-wrapper\">\n<p>\u00a0<\/p>\n<h3><\/h3>\n<table>\n<tbody>\n<tr>\n<th>Producent<\/th>\n<td>Sunnylife<\/td>\n<\/tr>\n<tr>\n<th>Model<\/th>\n<td>OA6-FI108<\/td>\n<\/tr>\n<tr>\n<th>Materia\u0142<\/th>\n<td>Szk\u0142o optyczne + metal<\/td>\n<\/tr>\n<tr>\n<th>Typ filtr\u00f3w<\/th>\n<td>ND8, ND16, ND32, CPL<\/td>\n<\/tr>\n<tr>\n<th>Kompatybilno\u015b\u0107<\/th>\n<td>DJI Osmo Action 6<\/td>\n<\/tr>\n<\/tbody>\n<\/table>\n<\/div>\n","protected":false},"excerpt":{"rendered":"<p>Zestaw filtr\u00f3w do DJI Osmo Action 6 (CPL\/ND8\/16\/32) Zestaw filtr\u00f3w do kamery DJI Osmo Action 6 zapewni Ci pe\u0142n\u0105 kontrol\u0119<\/p>\n","protected":false},"featured_media":61283,"comment_status":"closed","ping_status":"open","template":"","meta":{"_acf_changed":false},"product_brand":[],"product_cat":[6224,6211,1128],"product_tag":[],"class_list":{"0":"post-61282","1":"product","2":"type-product","3":"status-publish","4":"has-post-thumbnail","6":"product_cat-do-kamer-sportowych-filtry","7":"product_cat-filtry","8":"product_cat-foto-wideo","9":"pa_okres-gwarancji-5757","10":"pa_producent-sunnylife","12":"first","13":"instock","14":"taxable","15":"shipping-taxable","16":"purchasable","17":"product-type-simple"},"acf":[],"yoast_head":"<!-- This site is optimized with the Yoast SEO plugin v27.2 - https:\/\/yoast.com\/product\/yoast-seo-wordpress\/ -->\n<title>Zestaw filtr\u00f3w do DJI Action 6 (CPL\/ND8\/16\/32) - IRONSKY.PL Sklep z Dronami<\/title>\n<meta name=\"description\" content=\"Zestaw filtr\u00f3w do DJI Action 6 (CPL\/ND8\/16\/32) - \u2705 sklep z dronami i fachowym doradztwem. \u2705 Tutaj kupisz produkty DJI, Yuneec, Parrot, Syma i wiele innych, a tak\u017ce kursy i licencje na operatora drona.\" \/>\n<meta name=\"robots\" content=\"index, follow, max-snippet:-1, max-image-preview:large, max-video-preview:-1\" \/>\n<link rel=\"canonical\" href=\"https:\/\/ironsky.pl\/sklep\/produkt\/zestaw-filtrow-do-dji-action-6-cpl-nd8-16-32\/\" \/>\n<meta property=\"og:locale\" content=\"pl_PL\" \/>\n<meta property=\"og:type\" content=\"article\" \/>\n<meta property=\"og:title\" content=\"Zestaw filtr\u00f3w do DJI Action 6 (CPL\/ND8\/16\/32) - IRONSKY.PL Sklep z Dronami\" \/>\n<meta property=\"og:description\" content=\"Zestaw filtr\u00f3w do DJI Action 6 (CPL\/ND8\/16\/32) - \u2705 sklep z dronami i fachowym doradztwem. \u2705 Tutaj kupisz produkty DJI, Yuneec, Parrot, Syma i wiele innych, a tak\u017ce kursy i licencje na operatora drona.\" \/>\n<meta property=\"og:url\" content=\"https:\/\/ironsky.pl\/sklep\/produkt\/zestaw-filtrow-do-dji-action-6-cpl-nd8-16-32\/\" \/>\n<meta property=\"og:site_name\" content=\"IRONSKY.PL Sklep z Dronami\" \/>\n<meta property=\"article:modified_time\" content=\"2026-04-22T09:21:31+00:00\" \/>\n<meta property=\"og:image\" content=\"https:\/\/ironsky.pl\/sklep\/wp-content\/uploads\/2026\/04\/56718_1.jpg\" \/>\n\t<meta property=\"og:image:width\" content=\"800\" \/>\n\t<meta property=\"og:image:height\" content=\"800\" \/>\n\t<meta property=\"og:image:type\" content=\"image\/jpeg\" \/>\n<meta name=\"twitter:card\" content=\"summary_large_image\" \/>\n<meta name=\"twitter:label1\" content=\"Szacowany czas czytania\" \/>\n\t<meta name=\"twitter:data1\" content=\"3 minuty\" \/>\n<script type=\"application\/ld+json\" class=\"yoast-schema-graph\">{\"@context\":\"https:\/\/schema.org\",\"@graph\":[{\"@type\":\"WebPage\",\"@id\":\"https:\/\/ironsky.pl\/sklep\/produkt\/zestaw-filtrow-do-dji-action-6-cpl-nd8-16-32\/\",\"url\":\"https:\/\/ironsky.pl\/sklep\/produkt\/zestaw-filtrow-do-dji-action-6-cpl-nd8-16-32\/\",\"name\":\"Zestaw filtr\u00f3w do DJI Action 6 (CPL\/ND8\/16\/32) - IRONSKY.PL Sklep z Dronami\",\"isPartOf\":{\"@id\":\"https:\/\/ironsky.pl\/sklep\/#website\"},\"primaryImageOfPage\":{\"@id\":\"https:\/\/ironsky.pl\/sklep\/produkt\/zestaw-filtrow-do-dji-action-6-cpl-nd8-16-32\/#primaryimage\"},\"image\":{\"@id\":\"https:\/\/ironsky.pl\/sklep\/produkt\/zestaw-filtrow-do-dji-action-6-cpl-nd8-16-32\/#primaryimage\"},\"thumbnailUrl\":\"https:\/\/ironsky.pl\/sklep\/wp-content\/uploads\/2026\/04\/56718_1.jpg\",\"datePublished\":\"2026-04-15T09:15:58+00:00\",\"dateModified\":\"2026-04-22T09:21:31+00:00\",\"description\":\"Zestaw filtr\u00f3w do DJI Action 6 (CPL\/ND8\/16\/32) - \u2705 sklep z dronami i fachowym doradztwem. \u2705 Tutaj kupisz produkty DJI, Yuneec, Parrot, Syma i wiele innych, a tak\u017ce kursy i licencje na operatora drona.\",\"breadcrumb\":{\"@id\":\"https:\/\/ironsky.pl\/sklep\/produkt\/zestaw-filtrow-do-dji-action-6-cpl-nd8-16-32\/#breadcrumb\"},\"inLanguage\":\"pl-PL\",\"potentialAction\":[{\"@type\":\"ReadAction\",\"target\":[\"https:\/\/ironsky.pl\/sklep\/produkt\/zestaw-filtrow-do-dji-action-6-cpl-nd8-16-32\/\"]}]},{\"@type\":\"ImageObject\",\"inLanguage\":\"pl-PL\",\"@id\":\"https:\/\/ironsky.pl\/sklep\/produkt\/zestaw-filtrow-do-dji-action-6-cpl-nd8-16-32\/#primaryimage\",\"url\":\"https:\/\/ironsky.pl\/sklep\/wp-content\/uploads\/2026\/04\/56718_1.jpg\",\"contentUrl\":\"https:\/\/ironsky.pl\/sklep\/wp-content\/uploads\/2026\/04\/56718_1.jpg\",\"width\":800,\"height\":800},{\"@type\":\"BreadcrumbList\",\"@id\":\"https:\/\/ironsky.pl\/sklep\/produkt\/zestaw-filtrow-do-dji-action-6-cpl-nd8-16-32\/#breadcrumb\",\"itemListElement\":[{\"@type\":\"ListItem\",\"position\":1,\"name\":\"Strona g\u0142\u00f3wna\",\"item\":\"https:\/\/ironsky.pl\/sklep\/\"},{\"@type\":\"ListItem\",\"position\":2,\"name\":\"Wszystkie produkty\",\"item\":\"https:\/\/ironsky.pl\/sklep\/produkty\/\"},{\"@type\":\"ListItem\",\"position\":3,\"name\":\"Zestaw filtr\u00f3w do DJI Action 6 (CPL\/ND8\/16\/32)\"}]},{\"@type\":\"WebSite\",\"@id\":\"https:\/\/ironsky.pl\/sklep\/#website\",\"url\":\"https:\/\/ironsky.pl\/sklep\/\",\"name\":\"IRONSKY.PL Sklep z Dronami\",\"description\":\"IRONSKY.PL Sklep z Dronami\",\"potentialAction\":[{\"@type\":\"SearchAction\",\"target\":{\"@type\":\"EntryPoint\",\"urlTemplate\":\"https:\/\/ironsky.pl\/sklep\/?s={search_term_string}\"},\"query-input\":{\"@type\":\"PropertyValueSpecification\",\"valueRequired\":true,\"valueName\":\"search_term_string\"}}],\"inLanguage\":\"pl-PL\"}]}<\/script>\n<!-- \/ Yoast SEO plugin. -->","yoast_head_json":{"title":"Zestaw filtr\u00f3w do DJI Action 6 (CPL\/ND8\/16\/32) - IRONSKY.PL Sklep z Dronami","description":"Zestaw filtr\u00f3w do DJI Action 6 (CPL\/ND8\/16\/32) - \u2705 sklep z dronami i fachowym doradztwem. \u2705 Tutaj kupisz produkty DJI, Yuneec, Parrot, Syma i wiele innych, a tak\u017ce kursy i licencje na operatora drona.","robots":{"index":"index","follow":"follow","max-snippet":"max-snippet:-1","max-image-preview":"max-image-preview:large","max-video-preview":"max-video-preview:-1"},"canonical":"https:\/\/ironsky.pl\/sklep\/produkt\/zestaw-filtrow-do-dji-action-6-cpl-nd8-16-32\/","og_locale":"pl_PL","og_type":"article","og_title":"Zestaw filtr\u00f3w do DJI Action 6 (CPL\/ND8\/16\/32) - IRONSKY.PL Sklep z Dronami","og_description":"Zestaw filtr\u00f3w do DJI Action 6 (CPL\/ND8\/16\/32) - \u2705 sklep z dronami i fachowym doradztwem. \u2705 Tutaj kupisz produkty DJI, Yuneec, Parrot, Syma i wiele innych, a tak\u017ce kursy i licencje na operatora drona.","og_url":"https:\/\/ironsky.pl\/sklep\/produkt\/zestaw-filtrow-do-dji-action-6-cpl-nd8-16-32\/","og_site_name":"IRONSKY.PL Sklep z Dronami","article_modified_time":"2026-04-22T09:21:31+00:00","og_image":[{"width":800,"height":800,"url":"https:\/\/ironsky.pl\/sklep\/wp-content\/uploads\/2026\/04\/56718_1.jpg","type":"image\/jpeg"}],"twitter_card":"summary_large_image","twitter_misc":{"Szacowany czas czytania":"3 minuty"},"schema":{"@context":"https:\/\/schema.org","@graph":[{"@type":"WebPage","@id":"https:\/\/ironsky.pl\/sklep\/produkt\/zestaw-filtrow-do-dji-action-6-cpl-nd8-16-32\/","url":"https:\/\/ironsky.pl\/sklep\/produkt\/zestaw-filtrow-do-dji-action-6-cpl-nd8-16-32\/","name":"Zestaw filtr\u00f3w do DJI Action 6 (CPL\/ND8\/16\/32) - IRONSKY.PL Sklep z Dronami","isPartOf":{"@id":"https:\/\/ironsky.pl\/sklep\/#website"},"primaryImageOfPage":{"@id":"https:\/\/ironsky.pl\/sklep\/produkt\/zestaw-filtrow-do-dji-action-6-cpl-nd8-16-32\/#primaryimage"},"image":{"@id":"https:\/\/ironsky.pl\/sklep\/produkt\/zestaw-filtrow-do-dji-action-6-cpl-nd8-16-32\/#primaryimage"},"thumbnailUrl":"https:\/\/ironsky.pl\/sklep\/wp-content\/uploads\/2026\/04\/56718_1.jpg","datePublished":"2026-04-15T09:15:58+00:00","dateModified":"2026-04-22T09:21:31+00:00","description":"Zestaw filtr\u00f3w do DJI Action 6 (CPL\/ND8\/16\/32) - \u2705 sklep z dronami i fachowym doradztwem. \u2705 Tutaj kupisz produkty DJI, Yuneec, Parrot, Syma i wiele innych, a tak\u017ce kursy i licencje na operatora drona.","breadcrumb":{"@id":"https:\/\/ironsky.pl\/sklep\/produkt\/zestaw-filtrow-do-dji-action-6-cpl-nd8-16-32\/#breadcrumb"},"inLanguage":"pl-PL","potentialAction":[{"@type":"ReadAction","target":["https:\/\/ironsky.pl\/sklep\/produkt\/zestaw-filtrow-do-dji-action-6-cpl-nd8-16-32\/"]}]},{"@type":"ImageObject","inLanguage":"pl-PL","@id":"https:\/\/ironsky.pl\/sklep\/produkt\/zestaw-filtrow-do-dji-action-6-cpl-nd8-16-32\/#primaryimage","url":"https:\/\/ironsky.pl\/sklep\/wp-content\/uploads\/2026\/04\/56718_1.jpg","contentUrl":"https:\/\/ironsky.pl\/sklep\/wp-content\/uploads\/2026\/04\/56718_1.jpg","width":800,"height":800},{"@type":"BreadcrumbList","@id":"https:\/\/ironsky.pl\/sklep\/produkt\/zestaw-filtrow-do-dji-action-6-cpl-nd8-16-32\/#breadcrumb","itemListElement":[{"@type":"ListItem","position":1,"name":"Strona g\u0142\u00f3wna","item":"https:\/\/ironsky.pl\/sklep\/"},{"@type":"ListItem","position":2,"name":"Wszystkie produkty","item":"https:\/\/ironsky.pl\/sklep\/produkty\/"},{"@type":"ListItem","position":3,"name":"Zestaw filtr\u00f3w do DJI Action 6 (CPL\/ND8\/16\/32)"}]},{"@type":"WebSite","@id":"https:\/\/ironsky.pl\/sklep\/#website","url":"https:\/\/ironsky.pl\/sklep\/","name":"IRONSKY.PL Sklep z Dronami","description":"IRONSKY.PL Sklep z Dronami","potentialAction":[{"@type":"SearchAction","target":{"@type":"EntryPoint","urlTemplate":"https:\/\/ironsky.pl\/sklep\/?s={search_term_string}"},"query-input":{"@type":"PropertyValueSpecification","valueRequired":true,"valueName":"search_term_string"}}],"inLanguage":"pl-PL"}]}},"_links":{"self":[{"href":"https:\/\/ironsky.pl\/sklep\/wp-json\/wp\/v2\/product\/61282","targetHints":{"allow":["GET"]}}],"collection":[{"href":"https:\/\/ironsky.pl\/sklep\/wp-json\/wp\/v2\/product"}],"about":[{"href":"https:\/\/ironsky.pl\/sklep\/wp-json\/wp\/v2\/types\/product"}],"replies":[{"embeddable":true,"href":"https:\/\/ironsky.pl\/sklep\/wp-json\/wp\/v2\/comments?post=61282"}],"wp:featuredmedia":[{"embeddable":true,"href":"https:\/\/ironsky.pl\/sklep\/wp-json\/wp\/v2\/media\/61283"}],"wp:attachment":[{"href":"https:\/\/ironsky.pl\/sklep\/wp-json\/wp\/v2\/media?parent=61282"}],"wp:term":[{"taxonomy":"product_brand","embeddable":true,"href":"https:\/\/ironsky.pl\/sklep\/wp-json\/wp\/v2\/product_brand?post=61282"},{"taxonomy":"product_cat","embeddable":true,"href":"https:\/\/ironsky.pl\/sklep\/wp-json\/wp\/v2\/product_cat?post=61282"},{"taxonomy":"product_tag","embeddable":true,"href":"https:\/\/ironsky.pl\/sklep\/wp-json\/wp\/v2\/product_tag?post=61282"}],"curies":[{"name":"wp","href":"https:\/\/api.w.org\/{rel}","templated":true}]}}