{"id":61274,"date":"2026-04-15T11:15:29","date_gmt":"2026-04-15T09:15:29","guid":{"rendered":"https:\/\/ironsky.pl\/sklep\/produkt\/podwozie-sunnylife-do-mini-5-pro-szare\/"},"modified":"2026-04-20T16:22:22","modified_gmt":"2026-04-20T14:22:22","slug":"podwozie-sunnylife-do-mini-5-pro-szare","status":"publish","type":"product","link":"https:\/\/ironsky.pl\/sklep\/produkt\/podwozie-sunnylife-do-mini-5-pro-szare\/","title":{"rendered":"Podwozie Sunnylife do Mini 5 Pro (szare)"},"content":{"rendered":"<h3>Podwozie Sunnylife do Mini 5 Pro (szare)<\/h3>\n<p>Podwozie Sunnylife zwi\u0119kszy bezpiecze\u0144stwo Twojego drona DJI Mini 5 Pro podczas start\u00f3w i l\u0105dowa\u0144. Podwy\u017cszenie o 30 mm i stabilna konstrukcja pozwalaj\u0105 skutecznie chroni\u0107 korpus, sensory i kamer\u0119 przed zabrudzeniami i uszkodzeniami mechanicznymi, nie zak\u0142\u00f3caj\u0105c dzia\u0142ania system\u00f3w urz\u0105dzenia. Co wi\u0119cej, sk\u0142adana konstrukcja sprawia, \u017ce akcesorium jest \u0142atwe do przenoszenia i przechowywania.<\/p>\n<p>\n<img decoding=\"async\" src=\"https:\/\/assets.innpro.pl\/19067\/25414\/Podwozie-Sunnylife-do-Mini-5-Pro-szare-lifestyle-5.jpg\" border=\"0\" alt=\"Dron DJI Mini 5 Pro stoj\u0105cy na betonowej powierzchni z roz\u0142o\u017conymi nogami do l\u0105dowania\" \/>\n<\/p>\n<h3>Podwy\u017cszenie o 30 mm<\/h3>\n<p>Podwozie podnosi drona o 30 mm, zauwa\u017calnie zwi\u0119kszaj\u0105c dystans mi\u0119dzy nim a pod\u0142o\u017cem. Takie rozwi\u0105zanie ogranicza kontakt z kurzem, piaskiem, traw\u0105 czy wilgoci\u0105 podczas startu i l\u0105dowania, pomagaj\u0105c utrzyma\u0107 czysto\u015b\u0107 korpusu oraz czujnik\u00f3w.<\/p>\n<p>\n<img decoding=\"async\" src=\"https:\/\/assets.innpro.pl\/19067\/25414\/Podwozie-Sunnylife-do-Mini-5-Pro-szare-lifestyle-4.jpg\" border=\"0\" alt=\"Lataj\u0105cy dron DJI Mini 5 Pro z roz\u0142o\u017conymi pomara\u0144czowymi nogami, unosz\u0105cy si\u0119 w powietrzu\" \/>\n<\/p>\n<h3>Idealne dopasowanie<\/h3>\n<p>Podwozie wyr\u00f3\u017cnia si\u0119 idealnym dopasowaniem do drona DJI Mini 5 Pro. Zosta\u0142o zaprojektowane w taki spos\u00f3b, aby nie blokowa\u0107 systemu wizyjnego, czujnik\u00f3w podczerwieni ani lampy do\u015bwietlaj\u0105cej. Nie musisz te\u017c go demontowa\u0107, aby wymieni\u0107 akumulator.<\/p>\n<p>\n<img decoding=\"async\" src=\"https:\/\/assets.innpro.pl\/19067\/25414\/Podwozie-Sunnylife-do-Mini-5-Pro-szare-lifestyle-6.jpg\" border=\"0\" alt=\"Zbli\u017cenie na r\u0119ce wyjmuj\u0105ce lub wk\u0142adaj\u0105ce akumulator do drona DJI Mini 5 Pro\" \/>\n<\/p>\n<h3>Szybki i bezpieczny monta\u017c<\/h3>\n<p>Podwozie mo\u017cna zamontowa\u0107 w jednym kroku, bez u\u017cycia narz\u0119dzi. Jego silikonowe paski s\u0105 mi\u0119kkie, wytrzyma\u0142e i nie rysuj\u0105 obudowy drona. Zastosowany materia\u0142 jest trwa\u0142y i odporny na utlenianie, co przek\u0142ada si\u0119 na d\u0142ug\u0105 \u017cywotno\u015b\u0107 akcesorium. Ponadto specjalne zabezpieczenie ogranicza ryzyko przypadkowego od\u0142\u0105czenia podwozia podczas u\u017cytkowania.<\/p>\n<p>\n<img decoding=\"async\" src=\"https:\/\/assets.innpro.pl\/19067\/25414\/Podwozie-Sunnylife-do-Mini-5-Pro-szare-lifestyle-1.jpg\" border=\"0\" alt=\"Zbli\u017cenie na r\u0119ce zak\u0142adaj\u0105ce gumowy pasek zabezpieczaj\u0105cy na dronie DJI Mini 5 Pro\" \/>\n<\/p>\n<h3>Stabilna konstrukcja n\u00f3g<\/h3>\n<p>Zastosowana konstrukcja z nogami rozchodz\u0105cymi si\u0119 na zewn\u0105trz zwi\u0119ksza stabilno\u015b\u0107 podczas startu i l\u0105dowania. Dzi\u0119ki temu podwozie gwarantuje pewne oparcie nawet na nier\u00f3wnym pod\u0142o\u017cu, minimalizuj\u0105c ryzyko przechylenia drona.<\/p>\n<p>\n<img decoding=\"async\" src=\"https:\/\/assets.innpro.pl\/19067\/25414\/Podwozie-Sunnylife-do-Mini-5-Pro-szare-lifestyle-3.jpg\" border=\"0\" alt=\"Widok od spodu na drona DJI Mini 5 Pro z zamontowanymi pomara\u0144czowymi wysuwanymi n\u00f3\u017ckami do l\u0105dowania\" \/>\n<\/p>\n<div class=\"table-wrapper\">\n<p>\u00a0<\/p>\n<h3><\/h3>\n<table>\n<tbody>\n<tr>\n<th>Producent<\/th>\n<td>Sunnylife<\/td>\n<\/tr>\n<tr>\n<th>Nazwa<\/th>\n<td>Sunnylife Spider Landing Gear<\/td>\n<\/tr>\n<tr>\n<th>Model<\/th>\n<td>N5P-LG103<\/td>\n<\/tr>\n<tr>\n<th>Kompatybilno\u015b\u0107<\/th>\n<td>DJI Mini 5 Pro<\/td>\n<\/tr>\n<tr>\n<th>Materia\u0142<\/th>\n<td>Plastik + silikon<\/td>\n<\/tr>\n<tr>\n<th>Waga<\/th>\n<td>22 g<\/td>\n<\/tr>\n<tr>\n<th>Wymiary<\/th>\n<td>142 \u00d7 90 \u00d7 80 mm<\/td>\n<\/tr>\n<tr>\n<th>Kolor<\/th>\n<td>Szary<\/td>\n<\/tr>\n<\/tbody>\n<\/table>\n<\/div>\n","protected":false},"excerpt":{"rendered":"<p>Podwozie Sunnylife do Mini 5 Pro (szare) Podwozie Sunnylife zwi\u0119kszy bezpiecze\u0144stwo Twojego drona DJI Mini 5 Pro podczas start\u00f3w i<\/p>\n","protected":false},"featured_media":61275,"comment_status":"closed","ping_status":"open","template":"","meta":{"_acf_changed":false},"product_brand":[],"product_cat":[6240,1088],"product_tag":[],"class_list":{"0":"post-61274","1":"product","2":"type-product","3":"status-publish","4":"has-post-thumbnail","6":"product_cat-czesci-zamienne","7":"product_cat-drony","8":"pa_okres-gwarancji-5757","9":"pa_producent-sunnylife","11":"first","12":"instock","13":"taxable","14":"shipping-taxable","15":"purchasable","16":"product-type-simple"},"acf":[],"yoast_head":"<!-- This site is optimized with the Yoast SEO plugin v27.2 - https:\/\/yoast.com\/product\/yoast-seo-wordpress\/ -->\n<title>Podwozie Sunnylife do Mini 5 Pro (szare) - IRONSKY.PL Sklep z Dronami<\/title>\n<meta name=\"description\" content=\"Podwozie Sunnylife do Mini 5 Pro (szare) - \u2705 sklep z dronami i fachowym doradztwem. \u2705 Tutaj kupisz produkty DJI, Yuneec, Parrot, Syma i wiele innych, a tak\u017ce kursy i licencje na operatora drona.\" \/>\n<meta name=\"robots\" content=\"index, follow, max-snippet:-1, max-image-preview:large, max-video-preview:-1\" \/>\n<link rel=\"canonical\" href=\"https:\/\/ironsky.pl\/sklep\/produkt\/podwozie-sunnylife-do-mini-5-pro-szare\/\" \/>\n<meta property=\"og:locale\" content=\"pl_PL\" \/>\n<meta property=\"og:type\" content=\"article\" \/>\n<meta property=\"og:title\" content=\"Podwozie Sunnylife do Mini 5 Pro (szare) - IRONSKY.PL Sklep z Dronami\" \/>\n<meta property=\"og:description\" content=\"Podwozie Sunnylife do Mini 5 Pro (szare) - \u2705 sklep z dronami i fachowym doradztwem. \u2705 Tutaj kupisz produkty DJI, Yuneec, Parrot, Syma i wiele innych, a tak\u017ce kursy i licencje na operatora drona.\" \/>\n<meta property=\"og:url\" content=\"https:\/\/ironsky.pl\/sklep\/produkt\/podwozie-sunnylife-do-mini-5-pro-szare\/\" \/>\n<meta property=\"og:site_name\" content=\"IRONSKY.PL Sklep z Dronami\" \/>\n<meta property=\"article:modified_time\" content=\"2026-04-20T14:22:22+00:00\" \/>\n<meta property=\"og:image\" content=\"https:\/\/ironsky.pl\/sklep\/wp-content\/uploads\/2026\/04\/56714_1.jpg\" \/>\n\t<meta property=\"og:image:width\" content=\"800\" \/>\n\t<meta property=\"og:image:height\" content=\"800\" \/>\n\t<meta property=\"og:image:type\" content=\"image\/jpeg\" \/>\n<meta name=\"twitter:card\" content=\"summary_large_image\" \/>\n<meta name=\"twitter:label1\" content=\"Szacowany czas czytania\" \/>\n\t<meta name=\"twitter:data1\" content=\"1 minuta\" \/>\n<script type=\"application\/ld+json\" class=\"yoast-schema-graph\">{\"@context\":\"https:\/\/schema.org\",\"@graph\":[{\"@type\":\"WebPage\",\"@id\":\"https:\/\/ironsky.pl\/sklep\/produkt\/podwozie-sunnylife-do-mini-5-pro-szare\/\",\"url\":\"https:\/\/ironsky.pl\/sklep\/produkt\/podwozie-sunnylife-do-mini-5-pro-szare\/\",\"name\":\"Podwozie Sunnylife do Mini 5 Pro (szare) - IRONSKY.PL Sklep z Dronami\",\"isPartOf\":{\"@id\":\"https:\/\/ironsky.pl\/sklep\/#website\"},\"primaryImageOfPage\":{\"@id\":\"https:\/\/ironsky.pl\/sklep\/produkt\/podwozie-sunnylife-do-mini-5-pro-szare\/#primaryimage\"},\"image\":{\"@id\":\"https:\/\/ironsky.pl\/sklep\/produkt\/podwozie-sunnylife-do-mini-5-pro-szare\/#primaryimage\"},\"thumbnailUrl\":\"https:\/\/ironsky.pl\/sklep\/wp-content\/uploads\/2026\/04\/56714_1.jpg\",\"datePublished\":\"2026-04-15T09:15:29+00:00\",\"dateModified\":\"2026-04-20T14:22:22+00:00\",\"description\":\"Podwozie Sunnylife do Mini 5 Pro (szare) - \u2705 sklep z dronami i fachowym doradztwem. \u2705 Tutaj kupisz produkty DJI, Yuneec, Parrot, Syma i wiele innych, a tak\u017ce kursy i licencje na operatora drona.\",\"breadcrumb\":{\"@id\":\"https:\/\/ironsky.pl\/sklep\/produkt\/podwozie-sunnylife-do-mini-5-pro-szare\/#breadcrumb\"},\"inLanguage\":\"pl-PL\",\"potentialAction\":[{\"@type\":\"ReadAction\",\"target\":[\"https:\/\/ironsky.pl\/sklep\/produkt\/podwozie-sunnylife-do-mini-5-pro-szare\/\"]}]},{\"@type\":\"ImageObject\",\"inLanguage\":\"pl-PL\",\"@id\":\"https:\/\/ironsky.pl\/sklep\/produkt\/podwozie-sunnylife-do-mini-5-pro-szare\/#primaryimage\",\"url\":\"https:\/\/ironsky.pl\/sklep\/wp-content\/uploads\/2026\/04\/56714_1.jpg\",\"contentUrl\":\"https:\/\/ironsky.pl\/sklep\/wp-content\/uploads\/2026\/04\/56714_1.jpg\",\"width\":800,\"height\":800},{\"@type\":\"BreadcrumbList\",\"@id\":\"https:\/\/ironsky.pl\/sklep\/produkt\/podwozie-sunnylife-do-mini-5-pro-szare\/#breadcrumb\",\"itemListElement\":[{\"@type\":\"ListItem\",\"position\":1,\"name\":\"Strona g\u0142\u00f3wna\",\"item\":\"https:\/\/ironsky.pl\/sklep\/\"},{\"@type\":\"ListItem\",\"position\":2,\"name\":\"Wszystkie produkty\",\"item\":\"https:\/\/ironsky.pl\/sklep\/produkty\/\"},{\"@type\":\"ListItem\",\"position\":3,\"name\":\"Podwozie Sunnylife do Mini 5 Pro (szare)\"}]},{\"@type\":\"WebSite\",\"@id\":\"https:\/\/ironsky.pl\/sklep\/#website\",\"url\":\"https:\/\/ironsky.pl\/sklep\/\",\"name\":\"IRONSKY.PL Sklep z Dronami\",\"description\":\"IRONSKY.PL Sklep z Dronami\",\"potentialAction\":[{\"@type\":\"SearchAction\",\"target\":{\"@type\":\"EntryPoint\",\"urlTemplate\":\"https:\/\/ironsky.pl\/sklep\/?s={search_term_string}\"},\"query-input\":{\"@type\":\"PropertyValueSpecification\",\"valueRequired\":true,\"valueName\":\"search_term_string\"}}],\"inLanguage\":\"pl-PL\"}]}<\/script>\n<!-- \/ Yoast SEO plugin. -->","yoast_head_json":{"title":"Podwozie Sunnylife do Mini 5 Pro (szare) - IRONSKY.PL Sklep z Dronami","description":"Podwozie Sunnylife do Mini 5 Pro (szare) - \u2705 sklep z dronami i fachowym doradztwem. \u2705 Tutaj kupisz produkty DJI, Yuneec, Parrot, Syma i wiele innych, a tak\u017ce kursy i licencje na operatora drona.","robots":{"index":"index","follow":"follow","max-snippet":"max-snippet:-1","max-image-preview":"max-image-preview:large","max-video-preview":"max-video-preview:-1"},"canonical":"https:\/\/ironsky.pl\/sklep\/produkt\/podwozie-sunnylife-do-mini-5-pro-szare\/","og_locale":"pl_PL","og_type":"article","og_title":"Podwozie Sunnylife do Mini 5 Pro (szare) - IRONSKY.PL Sklep z Dronami","og_description":"Podwozie Sunnylife do Mini 5 Pro (szare) - \u2705 sklep z dronami i fachowym doradztwem. \u2705 Tutaj kupisz produkty DJI, Yuneec, Parrot, Syma i wiele innych, a tak\u017ce kursy i licencje na operatora drona.","og_url":"https:\/\/ironsky.pl\/sklep\/produkt\/podwozie-sunnylife-do-mini-5-pro-szare\/","og_site_name":"IRONSKY.PL Sklep z Dronami","article_modified_time":"2026-04-20T14:22:22+00:00","og_image":[{"width":800,"height":800,"url":"https:\/\/ironsky.pl\/sklep\/wp-content\/uploads\/2026\/04\/56714_1.jpg","type":"image\/jpeg"}],"twitter_card":"summary_large_image","twitter_misc":{"Szacowany czas czytania":"1 minuta"},"schema":{"@context":"https:\/\/schema.org","@graph":[{"@type":"WebPage","@id":"https:\/\/ironsky.pl\/sklep\/produkt\/podwozie-sunnylife-do-mini-5-pro-szare\/","url":"https:\/\/ironsky.pl\/sklep\/produkt\/podwozie-sunnylife-do-mini-5-pro-szare\/","name":"Podwozie Sunnylife do Mini 5 Pro (szare) - IRONSKY.PL Sklep z Dronami","isPartOf":{"@id":"https:\/\/ironsky.pl\/sklep\/#website"},"primaryImageOfPage":{"@id":"https:\/\/ironsky.pl\/sklep\/produkt\/podwozie-sunnylife-do-mini-5-pro-szare\/#primaryimage"},"image":{"@id":"https:\/\/ironsky.pl\/sklep\/produkt\/podwozie-sunnylife-do-mini-5-pro-szare\/#primaryimage"},"thumbnailUrl":"https:\/\/ironsky.pl\/sklep\/wp-content\/uploads\/2026\/04\/56714_1.jpg","datePublished":"2026-04-15T09:15:29+00:00","dateModified":"2026-04-20T14:22:22+00:00","description":"Podwozie Sunnylife do Mini 5 Pro (szare) - \u2705 sklep z dronami i fachowym doradztwem. \u2705 Tutaj kupisz produkty DJI, Yuneec, Parrot, Syma i wiele innych, a tak\u017ce kursy i licencje na operatora drona.","breadcrumb":{"@id":"https:\/\/ironsky.pl\/sklep\/produkt\/podwozie-sunnylife-do-mini-5-pro-szare\/#breadcrumb"},"inLanguage":"pl-PL","potentialAction":[{"@type":"ReadAction","target":["https:\/\/ironsky.pl\/sklep\/produkt\/podwozie-sunnylife-do-mini-5-pro-szare\/"]}]},{"@type":"ImageObject","inLanguage":"pl-PL","@id":"https:\/\/ironsky.pl\/sklep\/produkt\/podwozie-sunnylife-do-mini-5-pro-szare\/#primaryimage","url":"https:\/\/ironsky.pl\/sklep\/wp-content\/uploads\/2026\/04\/56714_1.jpg","contentUrl":"https:\/\/ironsky.pl\/sklep\/wp-content\/uploads\/2026\/04\/56714_1.jpg","width":800,"height":800},{"@type":"BreadcrumbList","@id":"https:\/\/ironsky.pl\/sklep\/produkt\/podwozie-sunnylife-do-mini-5-pro-szare\/#breadcrumb","itemListElement":[{"@type":"ListItem","position":1,"name":"Strona g\u0142\u00f3wna","item":"https:\/\/ironsky.pl\/sklep\/"},{"@type":"ListItem","position":2,"name":"Wszystkie produkty","item":"https:\/\/ironsky.pl\/sklep\/produkty\/"},{"@type":"ListItem","position":3,"name":"Podwozie Sunnylife do Mini 5 Pro (szare)"}]},{"@type":"WebSite","@id":"https:\/\/ironsky.pl\/sklep\/#website","url":"https:\/\/ironsky.pl\/sklep\/","name":"IRONSKY.PL Sklep z Dronami","description":"IRONSKY.PL Sklep z Dronami","potentialAction":[{"@type":"SearchAction","target":{"@type":"EntryPoint","urlTemplate":"https:\/\/ironsky.pl\/sklep\/?s={search_term_string}"},"query-input":{"@type":"PropertyValueSpecification","valueRequired":true,"valueName":"search_term_string"}}],"inLanguage":"pl-PL"}]}},"_links":{"self":[{"href":"https:\/\/ironsky.pl\/sklep\/wp-json\/wp\/v2\/product\/61274","targetHints":{"allow":["GET"]}}],"collection":[{"href":"https:\/\/ironsky.pl\/sklep\/wp-json\/wp\/v2\/product"}],"about":[{"href":"https:\/\/ironsky.pl\/sklep\/wp-json\/wp\/v2\/types\/product"}],"replies":[{"embeddable":true,"href":"https:\/\/ironsky.pl\/sklep\/wp-json\/wp\/v2\/comments?post=61274"}],"wp:featuredmedia":[{"embeddable":true,"href":"https:\/\/ironsky.pl\/sklep\/wp-json\/wp\/v2\/media\/61275"}],"wp:attachment":[{"href":"https:\/\/ironsky.pl\/sklep\/wp-json\/wp\/v2\/media?parent=61274"}],"wp:term":[{"taxonomy":"product_brand","embeddable":true,"href":"https:\/\/ironsky.pl\/sklep\/wp-json\/wp\/v2\/product_brand?post=61274"},{"taxonomy":"product_cat","embeddable":true,"href":"https:\/\/ironsky.pl\/sklep\/wp-json\/wp\/v2\/product_cat?post=61274"},{"taxonomy":"product_tag","embeddable":true,"href":"https:\/\/ironsky.pl\/sklep\/wp-json\/wp\/v2\/product_tag?post=61274"}],"curies":[{"name":"wp","href":"https:\/\/api.w.org\/{rel}","templated":true}]}}