{"id":61268,"date":"2026-04-15T11:15:29","date_gmt":"2026-04-15T09:15:29","guid":{"rendered":"https:\/\/ironsky.pl\/sklep\/produkt\/silikonowa-oslona-obiektywu-sunnylife-do-action-6\/"},"modified":"2026-04-15T11:15:49","modified_gmt":"2026-04-15T09:15:49","slug":"silikonowa-oslona-obiektywu-sunnylife-do-action-6","status":"publish","type":"product","link":"https:\/\/ironsky.pl\/sklep\/produkt\/silikonowa-oslona-obiektywu-sunnylife-do-action-6\/","title":{"rendered":"Silikonowa os\u0142ona obiektywu Sunnylife do Action 6"},"content":{"rendered":"<h3>Silikonowa os\u0142ona obiektywu Sunnylife do DJI Osmo Action 6<\/h3>\n<p>Zadbaj o ochron\u0119 obiektywu swojej kamery DJI Osmo Action 6 przed uszkodzeniami. Silikonowa os\u0142ona Sunnylife skutecznie zabezpieczy go przed zarysowaniami, kurzem i przypadkowymi uderzeniami. Precyzyjne dopasowanie, elastyczny materia\u0142 i minimalistyczna konstrukcja sprawiaj\u0105, \u017ce akcesorium skutecznie chroni soczewk\u0119 bez wp\u0142ywu na komfort u\u017cytkowania sprz\u0119tu.<\/p>\n<p>\n<img decoding=\"async\" src=\"https:\/\/assets.innpro.pl\/19066\/25413\/Silikonowa-oslona-obiektywu-Sunnylife-do-Action-6-lifestyle-6.jpg\" border=\"0\" alt=\"Osoba wyjmuje kamer\u0119 sportow\u0105 z zamontowan\u0105 czarn\u0105 os\u0142on\u0105 obiektywu Sunnylife z kieszeni torby\" \/>\n<\/p>\n<h3>Precyzyjne dopasowanie do Osmo Action 6<\/h3>\n<p>Os\u0142ona zosta\u0142a zaprojektowana specjalnie dla obiektywu kamery DJI Osmo Action 6. Stabilnie przylega do obudowy, nie przesuwa si\u0119 i nie spada, zapewniaj\u0105c pe\u0142n\u0105 ochron\u0119 w trakcie transportu i przechowywania. Akcesorium zabezpieczy soczewk\u0119 przed zarysowaniami, kurzem i drobnymi uderzeniami, kt\u00f3re mog\u0105 zdarzy\u0107 si\u0119 podczas odk\u0142adania urz\u0105dzenia lub noszenia go w plecaku.<\/p>\n<p>\n<img decoding=\"async\" src=\"https:\/\/assets.innpro.pl\/19066\/25413\/Silikonowa-oslona-obiektywu-Sunnylife-do-Action-6-lifestyle-1.jpg\" border=\"0\" alt=\"Zbli\u017cenie na kamer\u0119 sportow\u0105 z za\u0142o\u017con\u0105 gumow\u0105 os\u0142on\u0105 obiektywu Sunnylife\" \/>\n<\/p>\n<h3>Mi\u0119kki i elastyczny silikon<\/h3>\n<p>Os\u0142ona powsta\u0142a z mi\u0119kkiego silikonu, dzi\u0119ki czemu jest bezpieczna dla obudowy kamery \u2013 nie obawiaj si\u0119 jej zarysowania. Elastyczny materia\u0142 u\u0142atwia zak\u0142adanie i zdejmowanie, a jednocze\u015bnie zapewnia trwa\u0142o\u015b\u0107 i odporno\u015b\u0107 na zu\u017cycie. Co wi\u0119cej, antypo\u015blizgowa struktura gwarantuje pewny chwyt i zmniejsza ryzyko przypadkowego upuszczenia sprz\u0119tu.<\/p>\n<p>\n<img decoding=\"async\" src=\"https:\/\/assets.innpro.pl\/19066\/25413\/Silikonowa-oslona-obiektywu-Sunnylife-do-Action-6-lifestyle-5.jpg\" border=\"0\" alt=\"Zbli\u017cenie na czarn\u0105 os\u0142on\u0119 obiektywu Sunnylife trzyman\u0105 w dw\u00f3ch palcach\" \/>\n<\/p>\n<h3>Wygoda u\u017cytkowania i proste czyszczenie<\/h3>\n<p>G\u0142adkie wyko\u0144czenie sprawia, \u017ce os\u0142ona jest przyjemna w dotyku i \u0142atwa do utrzymania w czysto\u015bci. Mo\u017cna j\u0105 szybko umy\u0107, usuwaj\u0105c kurz lub zabrudzenia powsta\u0142e podczas u\u017cytkowania. Akcesorium zosta\u0142o te\u017c wyposa\u017cone w niewielki otw\u00f3r na smycz, co umo\u017cliwia przypi\u0119cie go na przyk\u0142ad do ramki kamery. Takie rozwi\u0105zanie zapobiega zgubieniu os\u0142ony po jej zdj\u0119ciu. Ponadto niewielkie wymiary i niska waga sprawiaj\u0105, \u017ce produkt jest bardzo wygodny w przenoszeniu i nie obci\u0105\u017ca zestawu do nagra\u0144.<\/p>\n<p>\n<img decoding=\"async\" src=\"https:\/\/assets.innpro.pl\/19066\/25413\/Silikonowa-oslona-obiektywu-Sunnylife-do-Action-6-lifestyle-2.jpg\" border=\"0\" alt=\"Kamera sportowa z czarn\u0105 os\u0142on\u0105 obiektywu Sunnylife przymocowan\u0105 do smyczy trzymanej w d\u0142oni\" \/>\n<\/p>\n<div class=\"table-wrapper\">\n<p>\u00a0<\/p>\n<h3><\/h3>\n<table>\n<tbody>\n<tr>\n<th>Producent<\/th>\n<td>Sunnylife<\/td>\n<\/tr>\n<tr>\n<th>Nazwa<\/th>\n<td>Sunnylife Silicone Lens Protector<\/td>\n<\/tr>\n<tr>\n<th>Model<\/th>\n<td>OA6-BHT133<\/td>\n<\/tr>\n<tr>\n<th>Kompatybilno\u015b\u0107<\/th>\n<td>DJI Osmo Action 6<\/td>\n<\/tr>\n<tr>\n<th>Materia\u0142<\/th>\n<td>Silikon<\/td>\n<\/tr>\n<tr>\n<th>Waga<\/th>\n<td>5 g<\/td>\n<\/tr>\n<tr>\n<th>Wymiary<\/th>\n<td>41 \u00d7 41 mm<\/td>\n<\/tr>\n<\/tbody>\n<\/table>\n<\/div>\n","protected":false},"excerpt":{"rendered":"<p>Silikonowa os\u0142ona obiektywu Sunnylife do DJI Osmo Action 6 Zadbaj o ochron\u0119 obiektywu swojej kamery DJI Osmo Action 6 przed<\/p>\n","protected":false},"featured_media":61269,"comment_status":"closed","ping_status":"open","template":"","meta":{"_acf_changed":false},"product_brand":[],"product_cat":[1130,1137,1128],"product_tag":[],"class_list":{"0":"post-61268","1":"product","2":"type-product","3":"status-publish","4":"has-post-thumbnail","6":"product_cat-akcesoria-foto","7":"product_cat-do-kamer-sportowych","8":"product_cat-foto-wideo","9":"pa_okres-gwarancji-5757","10":"pa_producent-sunnylife","12":"first","13":"outofstock","14":"taxable","15":"shipping-taxable","16":"purchasable","17":"product-type-simple"},"acf":[],"yoast_head":"<!-- This site is optimized with the Yoast SEO plugin v27.2 - https:\/\/yoast.com\/product\/yoast-seo-wordpress\/ -->\n<title>Silikonowa os\u0142ona obiektywu Sunnylife do Action 6 - IRONSKY.PL Sklep z Dronami<\/title>\n<meta name=\"description\" content=\"Silikonowa os\u0142ona obiektywu Sunnylife do Action 6 - \u2705 sklep z dronami i fachowym doradztwem. \u2705 Tutaj kupisz produkty DJI, Yuneec, Parrot, Syma i wiele innych, a tak\u017ce kursy i licencje na operatora drona.\" \/>\n<meta name=\"robots\" content=\"index, follow, max-snippet:-1, max-image-preview:large, max-video-preview:-1\" \/>\n<link rel=\"canonical\" href=\"https:\/\/ironsky.pl\/sklep\/produkt\/silikonowa-oslona-obiektywu-sunnylife-do-action-6\/\" \/>\n<meta property=\"og:locale\" content=\"pl_PL\" \/>\n<meta property=\"og:type\" content=\"article\" \/>\n<meta property=\"og:title\" content=\"Silikonowa os\u0142ona obiektywu Sunnylife do Action 6 - IRONSKY.PL Sklep z Dronami\" \/>\n<meta property=\"og:description\" content=\"Silikonowa os\u0142ona obiektywu Sunnylife do Action 6 - \u2705 sklep z dronami i fachowym doradztwem. \u2705 Tutaj kupisz produkty DJI, Yuneec, Parrot, Syma i wiele innych, a tak\u017ce kursy i licencje na operatora drona.\" \/>\n<meta property=\"og:url\" content=\"https:\/\/ironsky.pl\/sklep\/produkt\/silikonowa-oslona-obiektywu-sunnylife-do-action-6\/\" \/>\n<meta property=\"og:site_name\" content=\"IRONSKY.PL Sklep z Dronami\" \/>\n<meta property=\"article:modified_time\" content=\"2026-04-15T09:15:49+00:00\" \/>\n<meta property=\"og:image\" content=\"https:\/\/ironsky.pl\/sklep\/wp-content\/uploads\/2026\/04\/56711_1.jpg\" \/>\n\t<meta property=\"og:image:width\" content=\"800\" \/>\n\t<meta property=\"og:image:height\" content=\"800\" \/>\n\t<meta property=\"og:image:type\" content=\"image\/jpeg\" \/>\n<meta name=\"twitter:card\" content=\"summary_large_image\" \/>\n<meta name=\"twitter:label1\" content=\"Szacowany czas czytania\" \/>\n\t<meta name=\"twitter:data1\" content=\"1 minuta\" \/>\n<script type=\"application\/ld+json\" class=\"yoast-schema-graph\">{\"@context\":\"https:\/\/schema.org\",\"@graph\":[{\"@type\":\"WebPage\",\"@id\":\"https:\/\/ironsky.pl\/sklep\/produkt\/silikonowa-oslona-obiektywu-sunnylife-do-action-6\/\",\"url\":\"https:\/\/ironsky.pl\/sklep\/produkt\/silikonowa-oslona-obiektywu-sunnylife-do-action-6\/\",\"name\":\"Silikonowa os\u0142ona obiektywu Sunnylife do Action 6 - IRONSKY.PL Sklep z Dronami\",\"isPartOf\":{\"@id\":\"https:\/\/ironsky.pl\/sklep\/#website\"},\"primaryImageOfPage\":{\"@id\":\"https:\/\/ironsky.pl\/sklep\/produkt\/silikonowa-oslona-obiektywu-sunnylife-do-action-6\/#primaryimage\"},\"image\":{\"@id\":\"https:\/\/ironsky.pl\/sklep\/produkt\/silikonowa-oslona-obiektywu-sunnylife-do-action-6\/#primaryimage\"},\"thumbnailUrl\":\"https:\/\/ironsky.pl\/sklep\/wp-content\/uploads\/2026\/04\/56711_1.jpg\",\"datePublished\":\"2026-04-15T09:15:29+00:00\",\"dateModified\":\"2026-04-15T09:15:49+00:00\",\"description\":\"Silikonowa os\u0142ona obiektywu Sunnylife do Action 6 - \u2705 sklep z dronami i fachowym doradztwem. \u2705 Tutaj kupisz produkty DJI, Yuneec, Parrot, Syma i wiele innych, a tak\u017ce kursy i licencje na operatora drona.\",\"breadcrumb\":{\"@id\":\"https:\/\/ironsky.pl\/sklep\/produkt\/silikonowa-oslona-obiektywu-sunnylife-do-action-6\/#breadcrumb\"},\"inLanguage\":\"pl-PL\",\"potentialAction\":[{\"@type\":\"ReadAction\",\"target\":[\"https:\/\/ironsky.pl\/sklep\/produkt\/silikonowa-oslona-obiektywu-sunnylife-do-action-6\/\"]}]},{\"@type\":\"ImageObject\",\"inLanguage\":\"pl-PL\",\"@id\":\"https:\/\/ironsky.pl\/sklep\/produkt\/silikonowa-oslona-obiektywu-sunnylife-do-action-6\/#primaryimage\",\"url\":\"https:\/\/ironsky.pl\/sklep\/wp-content\/uploads\/2026\/04\/56711_1.jpg\",\"contentUrl\":\"https:\/\/ironsky.pl\/sklep\/wp-content\/uploads\/2026\/04\/56711_1.jpg\",\"width\":800,\"height\":800},{\"@type\":\"BreadcrumbList\",\"@id\":\"https:\/\/ironsky.pl\/sklep\/produkt\/silikonowa-oslona-obiektywu-sunnylife-do-action-6\/#breadcrumb\",\"itemListElement\":[{\"@type\":\"ListItem\",\"position\":1,\"name\":\"Strona g\u0142\u00f3wna\",\"item\":\"https:\/\/ironsky.pl\/sklep\/\"},{\"@type\":\"ListItem\",\"position\":2,\"name\":\"Wszystkie produkty\",\"item\":\"https:\/\/ironsky.pl\/sklep\/produkty\/\"},{\"@type\":\"ListItem\",\"position\":3,\"name\":\"Silikonowa os\u0142ona obiektywu Sunnylife do Action 6\"}]},{\"@type\":\"WebSite\",\"@id\":\"https:\/\/ironsky.pl\/sklep\/#website\",\"url\":\"https:\/\/ironsky.pl\/sklep\/\",\"name\":\"IRONSKY.PL Sklep z Dronami\",\"description\":\"IRONSKY.PL Sklep z Dronami\",\"potentialAction\":[{\"@type\":\"SearchAction\",\"target\":{\"@type\":\"EntryPoint\",\"urlTemplate\":\"https:\/\/ironsky.pl\/sklep\/?s={search_term_string}\"},\"query-input\":{\"@type\":\"PropertyValueSpecification\",\"valueRequired\":true,\"valueName\":\"search_term_string\"}}],\"inLanguage\":\"pl-PL\"}]}<\/script>\n<!-- \/ Yoast SEO plugin. -->","yoast_head_json":{"title":"Silikonowa os\u0142ona obiektywu Sunnylife do Action 6 - IRONSKY.PL Sklep z Dronami","description":"Silikonowa os\u0142ona obiektywu Sunnylife do Action 6 - \u2705 sklep z dronami i fachowym doradztwem. \u2705 Tutaj kupisz produkty DJI, Yuneec, Parrot, Syma i wiele innych, a tak\u017ce kursy i licencje na operatora drona.","robots":{"index":"index","follow":"follow","max-snippet":"max-snippet:-1","max-image-preview":"max-image-preview:large","max-video-preview":"max-video-preview:-1"},"canonical":"https:\/\/ironsky.pl\/sklep\/produkt\/silikonowa-oslona-obiektywu-sunnylife-do-action-6\/","og_locale":"pl_PL","og_type":"article","og_title":"Silikonowa os\u0142ona obiektywu Sunnylife do Action 6 - IRONSKY.PL Sklep z Dronami","og_description":"Silikonowa os\u0142ona obiektywu Sunnylife do Action 6 - \u2705 sklep z dronami i fachowym doradztwem. \u2705 Tutaj kupisz produkty DJI, Yuneec, Parrot, Syma i wiele innych, a tak\u017ce kursy i licencje na operatora drona.","og_url":"https:\/\/ironsky.pl\/sklep\/produkt\/silikonowa-oslona-obiektywu-sunnylife-do-action-6\/","og_site_name":"IRONSKY.PL Sklep z Dronami","article_modified_time":"2026-04-15T09:15:49+00:00","og_image":[{"width":800,"height":800,"url":"https:\/\/ironsky.pl\/sklep\/wp-content\/uploads\/2026\/04\/56711_1.jpg","type":"image\/jpeg"}],"twitter_card":"summary_large_image","twitter_misc":{"Szacowany czas czytania":"1 minuta"},"schema":{"@context":"https:\/\/schema.org","@graph":[{"@type":"WebPage","@id":"https:\/\/ironsky.pl\/sklep\/produkt\/silikonowa-oslona-obiektywu-sunnylife-do-action-6\/","url":"https:\/\/ironsky.pl\/sklep\/produkt\/silikonowa-oslona-obiektywu-sunnylife-do-action-6\/","name":"Silikonowa os\u0142ona obiektywu Sunnylife do Action 6 - IRONSKY.PL Sklep z Dronami","isPartOf":{"@id":"https:\/\/ironsky.pl\/sklep\/#website"},"primaryImageOfPage":{"@id":"https:\/\/ironsky.pl\/sklep\/produkt\/silikonowa-oslona-obiektywu-sunnylife-do-action-6\/#primaryimage"},"image":{"@id":"https:\/\/ironsky.pl\/sklep\/produkt\/silikonowa-oslona-obiektywu-sunnylife-do-action-6\/#primaryimage"},"thumbnailUrl":"https:\/\/ironsky.pl\/sklep\/wp-content\/uploads\/2026\/04\/56711_1.jpg","datePublished":"2026-04-15T09:15:29+00:00","dateModified":"2026-04-15T09:15:49+00:00","description":"Silikonowa os\u0142ona obiektywu Sunnylife do Action 6 - \u2705 sklep z dronami i fachowym doradztwem. \u2705 Tutaj kupisz produkty DJI, Yuneec, Parrot, Syma i wiele innych, a tak\u017ce kursy i licencje na operatora drona.","breadcrumb":{"@id":"https:\/\/ironsky.pl\/sklep\/produkt\/silikonowa-oslona-obiektywu-sunnylife-do-action-6\/#breadcrumb"},"inLanguage":"pl-PL","potentialAction":[{"@type":"ReadAction","target":["https:\/\/ironsky.pl\/sklep\/produkt\/silikonowa-oslona-obiektywu-sunnylife-do-action-6\/"]}]},{"@type":"ImageObject","inLanguage":"pl-PL","@id":"https:\/\/ironsky.pl\/sklep\/produkt\/silikonowa-oslona-obiektywu-sunnylife-do-action-6\/#primaryimage","url":"https:\/\/ironsky.pl\/sklep\/wp-content\/uploads\/2026\/04\/56711_1.jpg","contentUrl":"https:\/\/ironsky.pl\/sklep\/wp-content\/uploads\/2026\/04\/56711_1.jpg","width":800,"height":800},{"@type":"BreadcrumbList","@id":"https:\/\/ironsky.pl\/sklep\/produkt\/silikonowa-oslona-obiektywu-sunnylife-do-action-6\/#breadcrumb","itemListElement":[{"@type":"ListItem","position":1,"name":"Strona g\u0142\u00f3wna","item":"https:\/\/ironsky.pl\/sklep\/"},{"@type":"ListItem","position":2,"name":"Wszystkie produkty","item":"https:\/\/ironsky.pl\/sklep\/produkty\/"},{"@type":"ListItem","position":3,"name":"Silikonowa os\u0142ona obiektywu Sunnylife do Action 6"}]},{"@type":"WebSite","@id":"https:\/\/ironsky.pl\/sklep\/#website","url":"https:\/\/ironsky.pl\/sklep\/","name":"IRONSKY.PL Sklep z Dronami","description":"IRONSKY.PL Sklep z Dronami","potentialAction":[{"@type":"SearchAction","target":{"@type":"EntryPoint","urlTemplate":"https:\/\/ironsky.pl\/sklep\/?s={search_term_string}"},"query-input":{"@type":"PropertyValueSpecification","valueRequired":true,"valueName":"search_term_string"}}],"inLanguage":"pl-PL"}]}},"_links":{"self":[{"href":"https:\/\/ironsky.pl\/sklep\/wp-json\/wp\/v2\/product\/61268","targetHints":{"allow":["GET"]}}],"collection":[{"href":"https:\/\/ironsky.pl\/sklep\/wp-json\/wp\/v2\/product"}],"about":[{"href":"https:\/\/ironsky.pl\/sklep\/wp-json\/wp\/v2\/types\/product"}],"replies":[{"embeddable":true,"href":"https:\/\/ironsky.pl\/sklep\/wp-json\/wp\/v2\/comments?post=61268"}],"wp:featuredmedia":[{"embeddable":true,"href":"https:\/\/ironsky.pl\/sklep\/wp-json\/wp\/v2\/media\/61269"}],"wp:attachment":[{"href":"https:\/\/ironsky.pl\/sklep\/wp-json\/wp\/v2\/media?parent=61268"}],"wp:term":[{"taxonomy":"product_brand","embeddable":true,"href":"https:\/\/ironsky.pl\/sklep\/wp-json\/wp\/v2\/product_brand?post=61268"},{"taxonomy":"product_cat","embeddable":true,"href":"https:\/\/ironsky.pl\/sklep\/wp-json\/wp\/v2\/product_cat?post=61268"},{"taxonomy":"product_tag","embeddable":true,"href":"https:\/\/ironsky.pl\/sklep\/wp-json\/wp\/v2\/product_tag?post=61268"}],"curies":[{"name":"wp","href":"https:\/\/api.w.org\/{rel}","templated":true}]}}