{"id":61258,"date":"2026-04-15T11:15:29","date_gmt":"2026-04-15T09:15:29","guid":{"rendered":"https:\/\/ironsky.pl\/sklep\/produkt\/torba-na-aparat-sunnylife-standard-combo-do-osmo-nano-czarna\/"},"modified":"2026-04-15T11:15:41","modified_gmt":"2026-04-15T09:15:41","slug":"torba-na-aparat-sunnylife-standard-combo-do-osmo-nano-czarna","status":"publish","type":"product","link":"https:\/\/ironsky.pl\/sklep\/produkt\/torba-na-aparat-sunnylife-standard-combo-do-osmo-nano-czarna\/","title":{"rendered":"Torba na aparat Sunnylife Standard Combo do Osmo Nano (czarna)"},"content":{"rendered":"<h3>Torba Sunnylife Standard Combo do DJI Osmo Nano (czarna)<\/h3>\n<p>Cz\u0119sto podr\u00f3\u017cujesz z kamer\u0105 DJI Osmo Nano? Torba Sunnylife pozwoli Ci bezpiecznie transportowa\u0107 j\u0105 wraz z najwa\u017cniejszymi akcesoriami. Wyr\u00f3\u017cnia si\u0119 przemy\u015blanym uk\u0142adem wn\u0119trza i solidn\u0105 konstrukcj\u0105, dzi\u0119ki czemu skutecznie chroni sprz\u0119t przed uszkodzeniami. Jest przy tym wyj\u0105tkowo lekka i kompaktowa \u2013 doskonale sprawdzi si\u0119 podczas podr\u00f3\u017cy. Do zestawu do\u0142\u0105czono tak\u017ce praktyczny karabi\u0144czyk, kt\u00f3ry pozwala przymocowa\u0107 etui do plecaka lub torby.<\/p>\n<p>\n<img decoding=\"async\" src=\"https:\/\/assets.innpro.pl\/19058\/25405\/Sunnylife-Standard-Combo-do-Osmo-Nano-czarna-1.jpg\" border=\"0\" alt=\"Czarna torba na kamer\u0119 sportow\u0105 na jasnym tle\" \/>\n<\/p>\n<h3>Zaprojektowana specjalnie dla DJI Osmo Nano<\/h3>\n<p>Torba jest w pe\u0142ni kompatybilna z modelem DJI Osmo Nano. Precyzyjnie zaprojektowane wn\u0119trze zapewnia stabilne u\u0142o\u017cenie kamery wraz z etui ochronnym, co skutecznie chroni obiektyw i korpus przed uszkodzeniami mechanicznymi.<\/p>\n<p>\n<img decoding=\"async\" src=\"https:\/\/assets.innpro.pl\/19058\/25405\/Sunnylife-Standard-Combo-do-Osmo-Nano-czarna-5.jpg\" border=\"0\" alt=\"R\u0119ce wk\u0142adaj\u0105ce pomara\u0144czowe etui Sunnylife do szarego plecaka\" \/>\n<\/p>\n<h3>Pojemne wn\u0119trze na ca\u0142y zestaw<\/h3>\n<p>Torba umo\u017cliwia przechowywanie kamery z obudow\u0105 ochronn\u0105, magnetycznej smyczy, magnetycznego klipsa do czapki, magnetycznego mocowania z przegubem kulowym i adaptera monta\u017cowego. Wszystkie elementy maj\u0105 swoje miejsce, co zapobiega ich przemieszczaniu si\u0119 podczas transportu i u\u0142atwia zachowanie porz\u0105dku. Ponadto zapinana na zamek kiesze\u0144 z siatki pozwala spakowa\u0107 dodatkowe akcesoria, takie jak na przyk\u0142ad kable czy karty pami\u0119ci.<\/p>\n<p>\n<img decoding=\"async\" src=\"https:\/\/assets.innpro.pl\/19058\/25405\/Sunnylife-Standard-Combo-do-Osmo-Nano-czarna-4.jpg\" border=\"0\" alt=\"Otwarte pomara\u0144czowe etui z kamer\u0105 sportow\u0105 i akcesoriami obok trzech zamkni\u0119tych etui w r\u00f3\u017cnych kolorach\" \/>\n<\/p>\n<h3>Wytrzyma\u0142a konstrukcja<\/h3>\n<p>Torba powsta\u0142a z po\u0142\u0105czenia sk\u00f3ry PU i materia\u0142u EVA, co zapewnia odpowiedni\u0105 sztywno\u015b\u0107 i odporno\u015b\u0107 na uderzenia, wod\u0119, wilgo\u0107 czy kurz. Twarda obudowa skutecznie chroni kamer\u0119 i akcesoria przed wstrz\u0105sami i naciskiem podczas transportu, a solidny zamek b\u0142yskawiczny umo\u017cliwia p\u0142ynne otwieranie i zamykanie etui \u2013 bez irytuj\u0105cego zacinania si\u0119. Na uwag\u0119 zas\u0142uguje tak\u017ce precyzyjnie wyko\u0144czona, g\u0142adka powierzchnia.<\/p>\n<p>\n<img decoding=\"async\" src=\"https:\/\/assets.innpro.pl\/19058\/25405\/Sunnylife-Standard-Combo-do-Osmo-Nano-czarna-9.jpg\" border=\"0\" alt=\"Trzy etui Sunnylife w kolorach pomara\u0144czowym, bia\u0142ym i czarnym z czarnymi uchwytami\" \/>\n<\/p>\n<h3>\u0141atwe przenoszenie<\/h3>\n<p>Etui jest bardzo lekkie i por\u0119czne \u2013 bez problemu zabierzesz je na wakacje, spontaniczny wyjazd ze znajomymi czy nagrania w terenie. W zestawie znajdziesz te\u017c niewielki karabi\u0144czyk, za pomoc\u0105 kt\u00f3rego z \u0142atwo\u015bci\u0105 przymocujesz je do torby lub plecaka. W efekcie kamera b\u0119dzie zawsze pod r\u0119k\u0105 \u2013 bez konieczno\u015bci si\u0119gania do wn\u0119trza baga\u017cu.<\/p>\n<p>\n<img decoding=\"async\" src=\"https:\/\/assets.innpro.pl\/19058\/25405\/Sunnylife-Standard-Combo-do-Osmo-Nano-czarna-6.jpg\" border=\"0\" alt=\"Bia\u0142e etui Sunnylife zawieszone na czarnym plecaku\" \/>\n<\/p>\n<h3>W zestawie<\/h3>\n<ul class=\"list-disc pl-5\">\n<li>Torba<\/li>\n<li>Karabi\u0144czyk<\/li>\n<\/ul>\n<div class=\"table-wrapper\">\n<p>\u00a0<\/p>\n<h3><\/h3>\n<table>\n<tbody>\n<tr>\n<th>Producent<\/th>\n<td>Sunnylife<\/td>\n<\/tr>\n<tr>\n<th>Nazwa<\/th>\n<td>Sunnylife Standard Combo Bag<\/td>\n<\/tr>\n<tr>\n<th>Model<\/th>\n<td>ON-B0102<\/td>\n<\/tr>\n<tr>\n<th>Kompatybilne modele<\/th>\n<td>Osmo Nano<\/td>\n<\/tr>\n<tr>\n<th>Materia\u0142<\/th>\n<td>Sk\u00f3ra PU + EVA<\/td>\n<\/tr>\n<tr>\n<th>Waga<\/th>\n<td>167 g<\/td>\n<\/tr>\n<tr>\n<th>Wymiary<\/th>\n<td>178 \u00d7 156 \u00d7 64 mm<\/td>\n<\/tr>\n<tr>\n<th>Kolor<\/th>\n<td>Czarny<\/td>\n<\/tr>\n<\/tbody>\n<\/table>\n<\/div>\n","protected":false},"excerpt":{"rendered":"<p>Torba Sunnylife Standard Combo do DJI Osmo Nano (czarna) Cz\u0119sto podr\u00f3\u017cujesz z kamer\u0105 DJI Osmo Nano? Torba Sunnylife pozwoli Ci<\/p>\n","protected":false},"featured_media":61259,"comment_status":"closed","ping_status":"open","template":"","meta":{"_acf_changed":false},"product_brand":[],"product_cat":[1130,6174,1128],"product_tag":[],"class_list":{"0":"post-61258","1":"product","2":"type-product","3":"status-publish","4":"has-post-thumbnail","6":"product_cat-akcesoria-foto","7":"product_cat-do-aparatow-i-kamer","8":"product_cat-foto-wideo","9":"pa_okres-gwarancji-5757","10":"pa_producent-sunnylife","12":"first","13":"outofstock","14":"taxable","15":"shipping-taxable","16":"purchasable","17":"product-type-simple"},"acf":[],"yoast_head":"<!-- This site is optimized with the Yoast SEO plugin v27.2 - https:\/\/yoast.com\/product\/yoast-seo-wordpress\/ -->\n<title>Torba na aparat Sunnylife Standard Combo do Osmo Nano (czarna) - IRONSKY.PL Sklep z Dronami<\/title>\n<meta name=\"description\" content=\"Torba na aparat Sunnylife Standard Combo do Osmo Nano (czarna) - \u2705 sklep z dronami i fachowym doradztwem. \u2705 Tutaj kupisz produkty DJI, Yuneec, Parrot, Syma i wiele innych, a tak\u017ce kursy i licencje na operatora drona.\" \/>\n<meta name=\"robots\" content=\"index, follow, max-snippet:-1, max-image-preview:large, max-video-preview:-1\" \/>\n<link rel=\"canonical\" href=\"https:\/\/ironsky.pl\/sklep\/produkt\/torba-na-aparat-sunnylife-standard-combo-do-osmo-nano-czarna\/\" \/>\n<meta property=\"og:locale\" content=\"pl_PL\" \/>\n<meta property=\"og:type\" content=\"article\" \/>\n<meta property=\"og:title\" content=\"Torba na aparat Sunnylife Standard Combo do Osmo Nano (czarna) - IRONSKY.PL Sklep z Dronami\" \/>\n<meta property=\"og:description\" content=\"Torba na aparat Sunnylife Standard Combo do Osmo Nano (czarna) - \u2705 sklep z dronami i fachowym doradztwem. \u2705 Tutaj kupisz produkty DJI, Yuneec, Parrot, Syma i wiele innych, a tak\u017ce kursy i licencje na operatora drona.\" \/>\n<meta property=\"og:url\" content=\"https:\/\/ironsky.pl\/sklep\/produkt\/torba-na-aparat-sunnylife-standard-combo-do-osmo-nano-czarna\/\" \/>\n<meta property=\"og:site_name\" content=\"IRONSKY.PL Sklep z Dronami\" \/>\n<meta property=\"article:modified_time\" content=\"2026-04-15T09:15:41+00:00\" \/>\n<meta property=\"og:image\" content=\"https:\/\/ironsky.pl\/sklep\/wp-content\/uploads\/2026\/04\/56704_1.jpg\" \/>\n\t<meta property=\"og:image:width\" content=\"800\" \/>\n\t<meta property=\"og:image:height\" content=\"800\" \/>\n\t<meta property=\"og:image:type\" content=\"image\/jpeg\" \/>\n<meta name=\"twitter:card\" content=\"summary_large_image\" \/>\n<meta name=\"twitter:label1\" content=\"Szacowany czas czytania\" \/>\n\t<meta name=\"twitter:data1\" content=\"2 minuty\" \/>\n<script type=\"application\/ld+json\" class=\"yoast-schema-graph\">{\"@context\":\"https:\/\/schema.org\",\"@graph\":[{\"@type\":\"WebPage\",\"@id\":\"https:\/\/ironsky.pl\/sklep\/produkt\/torba-na-aparat-sunnylife-standard-combo-do-osmo-nano-czarna\/\",\"url\":\"https:\/\/ironsky.pl\/sklep\/produkt\/torba-na-aparat-sunnylife-standard-combo-do-osmo-nano-czarna\/\",\"name\":\"Torba na aparat Sunnylife Standard Combo do Osmo Nano (czarna) - IRONSKY.PL Sklep z Dronami\",\"isPartOf\":{\"@id\":\"https:\/\/ironsky.pl\/sklep\/#website\"},\"primaryImageOfPage\":{\"@id\":\"https:\/\/ironsky.pl\/sklep\/produkt\/torba-na-aparat-sunnylife-standard-combo-do-osmo-nano-czarna\/#primaryimage\"},\"image\":{\"@id\":\"https:\/\/ironsky.pl\/sklep\/produkt\/torba-na-aparat-sunnylife-standard-combo-do-osmo-nano-czarna\/#primaryimage\"},\"thumbnailUrl\":\"https:\/\/ironsky.pl\/sklep\/wp-content\/uploads\/2026\/04\/56704_1.jpg\",\"datePublished\":\"2026-04-15T09:15:29+00:00\",\"dateModified\":\"2026-04-15T09:15:41+00:00\",\"description\":\"Torba na aparat Sunnylife Standard Combo do Osmo Nano (czarna) - \u2705 sklep z dronami i fachowym doradztwem. \u2705 Tutaj kupisz produkty DJI, Yuneec, Parrot, Syma i wiele innych, a tak\u017ce kursy i licencje na operatora drona.\",\"breadcrumb\":{\"@id\":\"https:\/\/ironsky.pl\/sklep\/produkt\/torba-na-aparat-sunnylife-standard-combo-do-osmo-nano-czarna\/#breadcrumb\"},\"inLanguage\":\"pl-PL\",\"potentialAction\":[{\"@type\":\"ReadAction\",\"target\":[\"https:\/\/ironsky.pl\/sklep\/produkt\/torba-na-aparat-sunnylife-standard-combo-do-osmo-nano-czarna\/\"]}]},{\"@type\":\"ImageObject\",\"inLanguage\":\"pl-PL\",\"@id\":\"https:\/\/ironsky.pl\/sklep\/produkt\/torba-na-aparat-sunnylife-standard-combo-do-osmo-nano-czarna\/#primaryimage\",\"url\":\"https:\/\/ironsky.pl\/sklep\/wp-content\/uploads\/2026\/04\/56704_1.jpg\",\"contentUrl\":\"https:\/\/ironsky.pl\/sklep\/wp-content\/uploads\/2026\/04\/56704_1.jpg\",\"width\":800,\"height\":800},{\"@type\":\"BreadcrumbList\",\"@id\":\"https:\/\/ironsky.pl\/sklep\/produkt\/torba-na-aparat-sunnylife-standard-combo-do-osmo-nano-czarna\/#breadcrumb\",\"itemListElement\":[{\"@type\":\"ListItem\",\"position\":1,\"name\":\"Strona g\u0142\u00f3wna\",\"item\":\"https:\/\/ironsky.pl\/sklep\/\"},{\"@type\":\"ListItem\",\"position\":2,\"name\":\"Wszystkie produkty\",\"item\":\"https:\/\/ironsky.pl\/sklep\/produkty\/\"},{\"@type\":\"ListItem\",\"position\":3,\"name\":\"Torba na aparat Sunnylife Standard Combo do Osmo Nano (czarna)\"}]},{\"@type\":\"WebSite\",\"@id\":\"https:\/\/ironsky.pl\/sklep\/#website\",\"url\":\"https:\/\/ironsky.pl\/sklep\/\",\"name\":\"IRONSKY.PL Sklep z Dronami\",\"description\":\"IRONSKY.PL Sklep z Dronami\",\"potentialAction\":[{\"@type\":\"SearchAction\",\"target\":{\"@type\":\"EntryPoint\",\"urlTemplate\":\"https:\/\/ironsky.pl\/sklep\/?s={search_term_string}\"},\"query-input\":{\"@type\":\"PropertyValueSpecification\",\"valueRequired\":true,\"valueName\":\"search_term_string\"}}],\"inLanguage\":\"pl-PL\"}]}<\/script>\n<!-- \/ Yoast SEO plugin. -->","yoast_head_json":{"title":"Torba na aparat Sunnylife Standard Combo do Osmo Nano (czarna) - IRONSKY.PL Sklep z Dronami","description":"Torba na aparat Sunnylife Standard Combo do Osmo Nano (czarna) - \u2705 sklep z dronami i fachowym doradztwem. \u2705 Tutaj kupisz produkty DJI, Yuneec, Parrot, Syma i wiele innych, a tak\u017ce kursy i licencje na operatora drona.","robots":{"index":"index","follow":"follow","max-snippet":"max-snippet:-1","max-image-preview":"max-image-preview:large","max-video-preview":"max-video-preview:-1"},"canonical":"https:\/\/ironsky.pl\/sklep\/produkt\/torba-na-aparat-sunnylife-standard-combo-do-osmo-nano-czarna\/","og_locale":"pl_PL","og_type":"article","og_title":"Torba na aparat Sunnylife Standard Combo do Osmo Nano (czarna) - IRONSKY.PL Sklep z Dronami","og_description":"Torba na aparat Sunnylife Standard Combo do Osmo Nano (czarna) - \u2705 sklep z dronami i fachowym doradztwem. \u2705 Tutaj kupisz produkty DJI, Yuneec, Parrot, Syma i wiele innych, a tak\u017ce kursy i licencje na operatora drona.","og_url":"https:\/\/ironsky.pl\/sklep\/produkt\/torba-na-aparat-sunnylife-standard-combo-do-osmo-nano-czarna\/","og_site_name":"IRONSKY.PL Sklep z Dronami","article_modified_time":"2026-04-15T09:15:41+00:00","og_image":[{"width":800,"height":800,"url":"https:\/\/ironsky.pl\/sklep\/wp-content\/uploads\/2026\/04\/56704_1.jpg","type":"image\/jpeg"}],"twitter_card":"summary_large_image","twitter_misc":{"Szacowany czas czytania":"2 minuty"},"schema":{"@context":"https:\/\/schema.org","@graph":[{"@type":"WebPage","@id":"https:\/\/ironsky.pl\/sklep\/produkt\/torba-na-aparat-sunnylife-standard-combo-do-osmo-nano-czarna\/","url":"https:\/\/ironsky.pl\/sklep\/produkt\/torba-na-aparat-sunnylife-standard-combo-do-osmo-nano-czarna\/","name":"Torba na aparat Sunnylife Standard Combo do Osmo Nano (czarna) - IRONSKY.PL Sklep z Dronami","isPartOf":{"@id":"https:\/\/ironsky.pl\/sklep\/#website"},"primaryImageOfPage":{"@id":"https:\/\/ironsky.pl\/sklep\/produkt\/torba-na-aparat-sunnylife-standard-combo-do-osmo-nano-czarna\/#primaryimage"},"image":{"@id":"https:\/\/ironsky.pl\/sklep\/produkt\/torba-na-aparat-sunnylife-standard-combo-do-osmo-nano-czarna\/#primaryimage"},"thumbnailUrl":"https:\/\/ironsky.pl\/sklep\/wp-content\/uploads\/2026\/04\/56704_1.jpg","datePublished":"2026-04-15T09:15:29+00:00","dateModified":"2026-04-15T09:15:41+00:00","description":"Torba na aparat Sunnylife Standard Combo do Osmo Nano (czarna) - \u2705 sklep z dronami i fachowym doradztwem. \u2705 Tutaj kupisz produkty DJI, Yuneec, Parrot, Syma i wiele innych, a tak\u017ce kursy i licencje na operatora drona.","breadcrumb":{"@id":"https:\/\/ironsky.pl\/sklep\/produkt\/torba-na-aparat-sunnylife-standard-combo-do-osmo-nano-czarna\/#breadcrumb"},"inLanguage":"pl-PL","potentialAction":[{"@type":"ReadAction","target":["https:\/\/ironsky.pl\/sklep\/produkt\/torba-na-aparat-sunnylife-standard-combo-do-osmo-nano-czarna\/"]}]},{"@type":"ImageObject","inLanguage":"pl-PL","@id":"https:\/\/ironsky.pl\/sklep\/produkt\/torba-na-aparat-sunnylife-standard-combo-do-osmo-nano-czarna\/#primaryimage","url":"https:\/\/ironsky.pl\/sklep\/wp-content\/uploads\/2026\/04\/56704_1.jpg","contentUrl":"https:\/\/ironsky.pl\/sklep\/wp-content\/uploads\/2026\/04\/56704_1.jpg","width":800,"height":800},{"@type":"BreadcrumbList","@id":"https:\/\/ironsky.pl\/sklep\/produkt\/torba-na-aparat-sunnylife-standard-combo-do-osmo-nano-czarna\/#breadcrumb","itemListElement":[{"@type":"ListItem","position":1,"name":"Strona g\u0142\u00f3wna","item":"https:\/\/ironsky.pl\/sklep\/"},{"@type":"ListItem","position":2,"name":"Wszystkie produkty","item":"https:\/\/ironsky.pl\/sklep\/produkty\/"},{"@type":"ListItem","position":3,"name":"Torba na aparat Sunnylife Standard Combo do Osmo Nano (czarna)"}]},{"@type":"WebSite","@id":"https:\/\/ironsky.pl\/sklep\/#website","url":"https:\/\/ironsky.pl\/sklep\/","name":"IRONSKY.PL Sklep z Dronami","description":"IRONSKY.PL Sklep z Dronami","potentialAction":[{"@type":"SearchAction","target":{"@type":"EntryPoint","urlTemplate":"https:\/\/ironsky.pl\/sklep\/?s={search_term_string}"},"query-input":{"@type":"PropertyValueSpecification","valueRequired":true,"valueName":"search_term_string"}}],"inLanguage":"pl-PL"}]}},"_links":{"self":[{"href":"https:\/\/ironsky.pl\/sklep\/wp-json\/wp\/v2\/product\/61258","targetHints":{"allow":["GET"]}}],"collection":[{"href":"https:\/\/ironsky.pl\/sklep\/wp-json\/wp\/v2\/product"}],"about":[{"href":"https:\/\/ironsky.pl\/sklep\/wp-json\/wp\/v2\/types\/product"}],"replies":[{"embeddable":true,"href":"https:\/\/ironsky.pl\/sklep\/wp-json\/wp\/v2\/comments?post=61258"}],"wp:featuredmedia":[{"embeddable":true,"href":"https:\/\/ironsky.pl\/sklep\/wp-json\/wp\/v2\/media\/61259"}],"wp:attachment":[{"href":"https:\/\/ironsky.pl\/sklep\/wp-json\/wp\/v2\/media?parent=61258"}],"wp:term":[{"taxonomy":"product_brand","embeddable":true,"href":"https:\/\/ironsky.pl\/sklep\/wp-json\/wp\/v2\/product_brand?post=61258"},{"taxonomy":"product_cat","embeddable":true,"href":"https:\/\/ironsky.pl\/sklep\/wp-json\/wp\/v2\/product_cat?post=61258"},{"taxonomy":"product_tag","embeddable":true,"href":"https:\/\/ironsky.pl\/sklep\/wp-json\/wp\/v2\/product_tag?post=61258"}],"curies":[{"name":"wp","href":"https:\/\/api.w.org\/{rel}","templated":true}]}}