{"id":61248,"date":"2026-04-15T11:15:29","date_gmt":"2026-04-15T09:15:29","guid":{"rendered":"https:\/\/ironsky.pl\/sklep\/produkt\/torba-ochronna-sunnylife-do-neo-2-motion-fly-more-combo\/"},"modified":"2026-04-15T11:15:34","modified_gmt":"2026-04-15T09:15:34","slug":"torba-ochronna-sunnylife-do-neo-2-motion-fly-more-combo","status":"publish","type":"product","link":"https:\/\/ironsky.pl\/sklep\/produkt\/torba-ochronna-sunnylife-do-neo-2-motion-fly-more-combo\/","title":{"rendered":"Torba ochronna Sunnylife do Neo 2 Motion Fly More Combo"},"content":{"rendered":"<h3>Torba ochronna Sunnylife do Neo 2 Motion Fly More Combo<\/h3>\n<p>Torba ochronna Sunnylife do DJI Neo 2 Motion Fly More Combo umo\u017cliwia bezpieczny transport drona, gogli DJI Goggles N3, kontrolera DJI RC Motion 3 i mniejszych akcesori\u00f3w. Wyr\u00f3\u017cnia j\u0105 du\u017ca pojemno\u015b\u0107, wzmocniona konstrukcja i precyzyjnie zaprojektowane wn\u0119trze. Mo\u017cesz te\u017c nosi\u0107 j\u0105 na dwa sposoby, w zale\u017cno\u015bci od potrzeb \u2013 na ramieniu (przy u\u017cyciu do\u0142\u0105czonego do zestawu paska) lub za pomoc\u0105 wygodnego uchwytu.<\/p>\n<p>\n<img decoding=\"async\" src=\"https:\/\/assets.innpro.pl\/19045\/25391\/Torba-ochronna-Sunnylife-do-Neo-2-Motion-Fly-More-Combo-lifestyle-5.jpg\" border=\"0\" alt=\"Zestaw dron\u00f3w i akcesori\u00f3w u\u0142o\u017cony w czterech otwartych etui r\u00f3\u017cnych rozmiar\u00f3w, na zewn\u0105trz, na stole\" \/>\n<\/p>\n<h3>Kompatybilno\u015b\u0107 z zestawem Motion Fly More Combo<\/h3>\n<p>Torba jest w pe\u0142ni kompatybilna z dronem DJI Neo 2 oraz akcesoriami wchodz\u0105cymi w sk\u0142ad zestawu Motion Fly More Combo. Umo\u017cliwia przechowywanie drona, kontrolera DJI RC Motion 3, gogli DJI Goggles N3, akumulator\u00f3w i hubu do \u0142adowania. Wszystkie elementy maj\u0105 swoje miejsce, co zwi\u0119ksza ich bezpiecze\u0144stwo i zapobiega przesuwaniu si\u0119 podczas transportu. Dost\u0119pna jest te\u017c kiesze\u0144 z siatki zapinana na zamek, w kt\u00f3rej mo\u017cesz umie\u015bci\u0107 kable, \u015bmig\u0142a czy inne mniejsze akcesoria. Co wi\u0119cej, nie musisz demontowa\u0107 cyfrowego nadajnika-odbiornika i os\u0142ony gimbala na czas transportu drona. Wszystko to u\u0142atwia organizacj\u0119 sprz\u0119tu i przyspiesza przygotowanie do lotu.<\/p>\n<p>\n<img decoding=\"async\" src=\"https:\/\/assets.innpro.pl\/19045\/25391\/Torba-ochronna-Sunnylife-do-Neo-2-Motion-Fly-More-Combo-lifestyle-2.jpg\" border=\"0\" alt=\"Wn\u0119trze etui z dronem, kontrolerem i akumulatorami, z pokazanymi obok dodatkowymi akcesoriami: \u015bmig\u0142ami, kablem i \u015brubokr\u0119tem\" \/>\n<\/p>\n<h3>Wytrzyma\u0142a konstrukcja \u2013 bezpiecze\u0144stwo sprz\u0119tu<\/h3>\n<p>Torba powsta\u0142a z wytrzyma\u0142ej tkaniny, kt\u00f3ra charakteryzuje si\u0119 odporno\u015bci\u0105 na zarysowania i zu\u017cycie. Jest te\u017c bardzo przyjemna w dotyku. Ponadto wysokiej jako\u015bci wk\u0142adka wewn\u0119trzna zosta\u0142a uformowana w taki spos\u00f3b, aby stabilnie utrzymywa\u0107 ka\u017cdy element zestawu. Mi\u0119kka i odporna na wstrz\u0105sy struktura skutecznie chroni sprz\u0119t przed uderzeniami i przesuwaniem si\u0119 podczas transportu, a sztywna budowa torby zabezpiecza drona DJI Neo 2 oraz akcesoria przed uszkodzeniami mechanicznymi.<\/p>\n<p>\n<img decoding=\"async\" src=\"https:\/\/assets.innpro.pl\/19045\/25391\/Torba-ochronna-Sunnylife-do-Neo-2-Motion-Fly-More-Combo-lifestyle-3.jpg\" border=\"0\" alt=\"M\u0119\u017cczyzna trzyma ciemnoszar\u0105 walizk\u0119 w r\u0119ku oraz nosi j\u0105 na pasku przez rami\u0119\" \/>\n<\/p>\n<h3>W zestawie<\/h3>\n<ul class=\"list-disc pl-5\">\n<li>Torba<\/li>\n<li>Pasek na rami\u0119<\/li>\n<\/ul>\n<div class=\"table-wrapper\">\n<p>\u00a0<\/p>\n<h3><\/h3>\n<table>\n<tbody>\n<tr>\n<th>Producent<\/th>\n<td>Sunnylife<\/td>\n<\/tr>\n<tr>\n<th>Nazwa<\/th>\n<td>Sunnylife Motion Fly More Combo Bag<\/td>\n<\/tr>\n<tr>\n<th>Model<\/th>\n<td>NE2-B124<\/td>\n<\/tr>\n<tr>\n<th>Kompatybilno\u015b\u0107<\/th>\n<td>DJI Neo 2<\/td>\n<\/tr>\n<tr>\n<th>Materia\u0142<\/th>\n<td>Tkanina<\/td>\n<\/tr>\n<tr>\n<th>Waga<\/th>\n<td>770 g<\/td>\n<\/tr>\n<tr>\n<th>Wymiary<\/th>\n<td>330 \u00d7 275 \u00d7 114 mm<\/td>\n<\/tr>\n<\/tbody>\n<\/table>\n<\/div>\n","protected":false},"excerpt":{"rendered":"<p>Torba ochronna Sunnylife do Neo 2 Motion Fly More Combo Torba ochronna Sunnylife do DJI Neo 2 Motion Fly More<\/p>\n","protected":false},"featured_media":61249,"comment_status":"closed","ping_status":"open","template":"","meta":{"_acf_changed":false},"product_brand":[],"product_cat":[6167,1088,6171],"product_tag":[],"class_list":{"0":"post-61248","1":"product","2":"type-product","3":"status-publish","4":"has-post-thumbnail","6":"product_cat-akcesoria-do-dronow","7":"product_cat-drony","8":"product_cat-torby-i-walizki","9":"pa_okres-gwarancji-5757","10":"pa_producent-sunnylife","12":"first","13":"outofstock","14":"taxable","15":"shipping-taxable","16":"purchasable","17":"product-type-simple"},"acf":[],"yoast_head":"<!-- This site is optimized with the Yoast SEO plugin v27.2 - https:\/\/yoast.com\/product\/yoast-seo-wordpress\/ -->\n<title>Torba ochronna Sunnylife do Neo 2 Motion Fly More Combo - IRONSKY.PL Sklep z Dronami<\/title>\n<meta name=\"description\" content=\"Torba ochronna Sunnylife do Neo 2 Motion Fly More Combo - \u2705 sklep z dronami i fachowym doradztwem. \u2705 Tutaj kupisz produkty DJI, Yuneec, Parrot, Syma i wiele innych, a tak\u017ce kursy i licencje na operatora drona.\" \/>\n<meta name=\"robots\" content=\"index, follow, max-snippet:-1, max-image-preview:large, max-video-preview:-1\" \/>\n<link rel=\"canonical\" href=\"https:\/\/ironsky.pl\/sklep\/produkt\/torba-ochronna-sunnylife-do-neo-2-motion-fly-more-combo\/\" \/>\n<meta property=\"og:locale\" content=\"pl_PL\" \/>\n<meta property=\"og:type\" content=\"article\" \/>\n<meta property=\"og:title\" content=\"Torba ochronna Sunnylife do Neo 2 Motion Fly More Combo - IRONSKY.PL Sklep z Dronami\" \/>\n<meta property=\"og:description\" content=\"Torba ochronna Sunnylife do Neo 2 Motion Fly More Combo - \u2705 sklep z dronami i fachowym doradztwem. \u2705 Tutaj kupisz produkty DJI, Yuneec, Parrot, Syma i wiele innych, a tak\u017ce kursy i licencje na operatora drona.\" \/>\n<meta property=\"og:url\" content=\"https:\/\/ironsky.pl\/sklep\/produkt\/torba-ochronna-sunnylife-do-neo-2-motion-fly-more-combo\/\" \/>\n<meta property=\"og:site_name\" content=\"IRONSKY.PL Sklep z Dronami\" \/>\n<meta property=\"article:modified_time\" content=\"2026-04-15T09:15:34+00:00\" \/>\n<meta property=\"og:image\" content=\"https:\/\/ironsky.pl\/sklep\/wp-content\/uploads\/2026\/04\/56699_1.jpg\" \/>\n\t<meta property=\"og:image:width\" content=\"800\" \/>\n\t<meta property=\"og:image:height\" content=\"800\" \/>\n\t<meta property=\"og:image:type\" content=\"image\/jpeg\" \/>\n<meta name=\"twitter:card\" content=\"summary_large_image\" \/>\n<meta name=\"twitter:label1\" content=\"Szacowany czas czytania\" \/>\n\t<meta name=\"twitter:data1\" content=\"1 minuta\" \/>\n<script type=\"application\/ld+json\" class=\"yoast-schema-graph\">{\"@context\":\"https:\/\/schema.org\",\"@graph\":[{\"@type\":\"WebPage\",\"@id\":\"https:\/\/ironsky.pl\/sklep\/produkt\/torba-ochronna-sunnylife-do-neo-2-motion-fly-more-combo\/\",\"url\":\"https:\/\/ironsky.pl\/sklep\/produkt\/torba-ochronna-sunnylife-do-neo-2-motion-fly-more-combo\/\",\"name\":\"Torba ochronna Sunnylife do Neo 2 Motion Fly More Combo - IRONSKY.PL Sklep z Dronami\",\"isPartOf\":{\"@id\":\"https:\/\/ironsky.pl\/sklep\/#website\"},\"primaryImageOfPage\":{\"@id\":\"https:\/\/ironsky.pl\/sklep\/produkt\/torba-ochronna-sunnylife-do-neo-2-motion-fly-more-combo\/#primaryimage\"},\"image\":{\"@id\":\"https:\/\/ironsky.pl\/sklep\/produkt\/torba-ochronna-sunnylife-do-neo-2-motion-fly-more-combo\/#primaryimage\"},\"thumbnailUrl\":\"https:\/\/ironsky.pl\/sklep\/wp-content\/uploads\/2026\/04\/56699_1.jpg\",\"datePublished\":\"2026-04-15T09:15:29+00:00\",\"dateModified\":\"2026-04-15T09:15:34+00:00\",\"description\":\"Torba ochronna Sunnylife do Neo 2 Motion Fly More Combo - \u2705 sklep z dronami i fachowym doradztwem. \u2705 Tutaj kupisz produkty DJI, Yuneec, Parrot, Syma i wiele innych, a tak\u017ce kursy i licencje na operatora drona.\",\"breadcrumb\":{\"@id\":\"https:\/\/ironsky.pl\/sklep\/produkt\/torba-ochronna-sunnylife-do-neo-2-motion-fly-more-combo\/#breadcrumb\"},\"inLanguage\":\"pl-PL\",\"potentialAction\":[{\"@type\":\"ReadAction\",\"target\":[\"https:\/\/ironsky.pl\/sklep\/produkt\/torba-ochronna-sunnylife-do-neo-2-motion-fly-more-combo\/\"]}]},{\"@type\":\"ImageObject\",\"inLanguage\":\"pl-PL\",\"@id\":\"https:\/\/ironsky.pl\/sklep\/produkt\/torba-ochronna-sunnylife-do-neo-2-motion-fly-more-combo\/#primaryimage\",\"url\":\"https:\/\/ironsky.pl\/sklep\/wp-content\/uploads\/2026\/04\/56699_1.jpg\",\"contentUrl\":\"https:\/\/ironsky.pl\/sklep\/wp-content\/uploads\/2026\/04\/56699_1.jpg\",\"width\":800,\"height\":800},{\"@type\":\"BreadcrumbList\",\"@id\":\"https:\/\/ironsky.pl\/sklep\/produkt\/torba-ochronna-sunnylife-do-neo-2-motion-fly-more-combo\/#breadcrumb\",\"itemListElement\":[{\"@type\":\"ListItem\",\"position\":1,\"name\":\"Strona g\u0142\u00f3wna\",\"item\":\"https:\/\/ironsky.pl\/sklep\/\"},{\"@type\":\"ListItem\",\"position\":2,\"name\":\"Wszystkie produkty\",\"item\":\"https:\/\/ironsky.pl\/sklep\/produkty\/\"},{\"@type\":\"ListItem\",\"position\":3,\"name\":\"Torba ochronna Sunnylife do Neo 2 Motion Fly More Combo\"}]},{\"@type\":\"WebSite\",\"@id\":\"https:\/\/ironsky.pl\/sklep\/#website\",\"url\":\"https:\/\/ironsky.pl\/sklep\/\",\"name\":\"IRONSKY.PL Sklep z Dronami\",\"description\":\"IRONSKY.PL Sklep z Dronami\",\"potentialAction\":[{\"@type\":\"SearchAction\",\"target\":{\"@type\":\"EntryPoint\",\"urlTemplate\":\"https:\/\/ironsky.pl\/sklep\/?s={search_term_string}\"},\"query-input\":{\"@type\":\"PropertyValueSpecification\",\"valueRequired\":true,\"valueName\":\"search_term_string\"}}],\"inLanguage\":\"pl-PL\"}]}<\/script>\n<!-- \/ Yoast SEO plugin. -->","yoast_head_json":{"title":"Torba ochronna Sunnylife do Neo 2 Motion Fly More Combo - IRONSKY.PL Sklep z Dronami","description":"Torba ochronna Sunnylife do Neo 2 Motion Fly More Combo - \u2705 sklep z dronami i fachowym doradztwem. \u2705 Tutaj kupisz produkty DJI, Yuneec, Parrot, Syma i wiele innych, a tak\u017ce kursy i licencje na operatora drona.","robots":{"index":"index","follow":"follow","max-snippet":"max-snippet:-1","max-image-preview":"max-image-preview:large","max-video-preview":"max-video-preview:-1"},"canonical":"https:\/\/ironsky.pl\/sklep\/produkt\/torba-ochronna-sunnylife-do-neo-2-motion-fly-more-combo\/","og_locale":"pl_PL","og_type":"article","og_title":"Torba ochronna Sunnylife do Neo 2 Motion Fly More Combo - IRONSKY.PL Sklep z Dronami","og_description":"Torba ochronna Sunnylife do Neo 2 Motion Fly More Combo - \u2705 sklep z dronami i fachowym doradztwem. \u2705 Tutaj kupisz produkty DJI, Yuneec, Parrot, Syma i wiele innych, a tak\u017ce kursy i licencje na operatora drona.","og_url":"https:\/\/ironsky.pl\/sklep\/produkt\/torba-ochronna-sunnylife-do-neo-2-motion-fly-more-combo\/","og_site_name":"IRONSKY.PL Sklep z Dronami","article_modified_time":"2026-04-15T09:15:34+00:00","og_image":[{"width":800,"height":800,"url":"https:\/\/ironsky.pl\/sklep\/wp-content\/uploads\/2026\/04\/56699_1.jpg","type":"image\/jpeg"}],"twitter_card":"summary_large_image","twitter_misc":{"Szacowany czas czytania":"1 minuta"},"schema":{"@context":"https:\/\/schema.org","@graph":[{"@type":"WebPage","@id":"https:\/\/ironsky.pl\/sklep\/produkt\/torba-ochronna-sunnylife-do-neo-2-motion-fly-more-combo\/","url":"https:\/\/ironsky.pl\/sklep\/produkt\/torba-ochronna-sunnylife-do-neo-2-motion-fly-more-combo\/","name":"Torba ochronna Sunnylife do Neo 2 Motion Fly More Combo - IRONSKY.PL Sklep z Dronami","isPartOf":{"@id":"https:\/\/ironsky.pl\/sklep\/#website"},"primaryImageOfPage":{"@id":"https:\/\/ironsky.pl\/sklep\/produkt\/torba-ochronna-sunnylife-do-neo-2-motion-fly-more-combo\/#primaryimage"},"image":{"@id":"https:\/\/ironsky.pl\/sklep\/produkt\/torba-ochronna-sunnylife-do-neo-2-motion-fly-more-combo\/#primaryimage"},"thumbnailUrl":"https:\/\/ironsky.pl\/sklep\/wp-content\/uploads\/2026\/04\/56699_1.jpg","datePublished":"2026-04-15T09:15:29+00:00","dateModified":"2026-04-15T09:15:34+00:00","description":"Torba ochronna Sunnylife do Neo 2 Motion Fly More Combo - \u2705 sklep z dronami i fachowym doradztwem. \u2705 Tutaj kupisz produkty DJI, Yuneec, Parrot, Syma i wiele innych, a tak\u017ce kursy i licencje na operatora drona.","breadcrumb":{"@id":"https:\/\/ironsky.pl\/sklep\/produkt\/torba-ochronna-sunnylife-do-neo-2-motion-fly-more-combo\/#breadcrumb"},"inLanguage":"pl-PL","potentialAction":[{"@type":"ReadAction","target":["https:\/\/ironsky.pl\/sklep\/produkt\/torba-ochronna-sunnylife-do-neo-2-motion-fly-more-combo\/"]}]},{"@type":"ImageObject","inLanguage":"pl-PL","@id":"https:\/\/ironsky.pl\/sklep\/produkt\/torba-ochronna-sunnylife-do-neo-2-motion-fly-more-combo\/#primaryimage","url":"https:\/\/ironsky.pl\/sklep\/wp-content\/uploads\/2026\/04\/56699_1.jpg","contentUrl":"https:\/\/ironsky.pl\/sklep\/wp-content\/uploads\/2026\/04\/56699_1.jpg","width":800,"height":800},{"@type":"BreadcrumbList","@id":"https:\/\/ironsky.pl\/sklep\/produkt\/torba-ochronna-sunnylife-do-neo-2-motion-fly-more-combo\/#breadcrumb","itemListElement":[{"@type":"ListItem","position":1,"name":"Strona g\u0142\u00f3wna","item":"https:\/\/ironsky.pl\/sklep\/"},{"@type":"ListItem","position":2,"name":"Wszystkie produkty","item":"https:\/\/ironsky.pl\/sklep\/produkty\/"},{"@type":"ListItem","position":3,"name":"Torba ochronna Sunnylife do Neo 2 Motion Fly More Combo"}]},{"@type":"WebSite","@id":"https:\/\/ironsky.pl\/sklep\/#website","url":"https:\/\/ironsky.pl\/sklep\/","name":"IRONSKY.PL Sklep z Dronami","description":"IRONSKY.PL Sklep z Dronami","potentialAction":[{"@type":"SearchAction","target":{"@type":"EntryPoint","urlTemplate":"https:\/\/ironsky.pl\/sklep\/?s={search_term_string}"},"query-input":{"@type":"PropertyValueSpecification","valueRequired":true,"valueName":"search_term_string"}}],"inLanguage":"pl-PL"}]}},"_links":{"self":[{"href":"https:\/\/ironsky.pl\/sklep\/wp-json\/wp\/v2\/product\/61248","targetHints":{"allow":["GET"]}}],"collection":[{"href":"https:\/\/ironsky.pl\/sklep\/wp-json\/wp\/v2\/product"}],"about":[{"href":"https:\/\/ironsky.pl\/sklep\/wp-json\/wp\/v2\/types\/product"}],"replies":[{"embeddable":true,"href":"https:\/\/ironsky.pl\/sklep\/wp-json\/wp\/v2\/comments?post=61248"}],"wp:featuredmedia":[{"embeddable":true,"href":"https:\/\/ironsky.pl\/sklep\/wp-json\/wp\/v2\/media\/61249"}],"wp:attachment":[{"href":"https:\/\/ironsky.pl\/sklep\/wp-json\/wp\/v2\/media?parent=61248"}],"wp:term":[{"taxonomy":"product_brand","embeddable":true,"href":"https:\/\/ironsky.pl\/sklep\/wp-json\/wp\/v2\/product_brand?post=61248"},{"taxonomy":"product_cat","embeddable":true,"href":"https:\/\/ironsky.pl\/sklep\/wp-json\/wp\/v2\/product_cat?post=61248"},{"taxonomy":"product_tag","embeddable":true,"href":"https:\/\/ironsky.pl\/sklep\/wp-json\/wp\/v2\/product_tag?post=61248"}],"curies":[{"name":"wp","href":"https:\/\/api.w.org\/{rel}","templated":true}]}}