{"id":61246,"date":"2026-04-15T11:15:29","date_gmt":"2026-04-15T09:15:29","guid":{"rendered":"https:\/\/ironsky.pl\/sklep\/produkt\/torba-ochronna-sunnylife-do-neo-2-fly-more-combo\/"},"modified":"2026-04-15T23:15:29","modified_gmt":"2026-04-15T21:15:29","slug":"torba-ochronna-sunnylife-do-neo-2-fly-more-combo","status":"publish","type":"product","link":"https:\/\/ironsky.pl\/sklep\/produkt\/torba-ochronna-sunnylife-do-neo-2-fly-more-combo\/","title":{"rendered":"Torba ochronna Sunnylife do Neo 2 Fly More Combo"},"content":{"rendered":"<h3>Torba ochronna Sunnylife do Neo 2 Fly More Combo<\/h3>\n<p>Torba ochronna Sunnylife do DJI Neo 2 Fly More Combo pozwoli Ci wygodnie, a zarazem bezpiecznie transportowa\u0107 drona wraz z akcesoriami. Wyr\u00f3\u017cnia si\u0119 wytrzyma\u0142\u0105 konstrukcj\u0105, przemy\u015blanym uk\u0142adem wn\u0119trza i du\u017c\u0105 pojemno\u015bci\u0105. Mo\u017cesz te\u017c nosi\u0107 j\u0105 na dwa sposoby \u2013 przy u\u017cyciu uchwytu lub na ramieniu, za pomoc\u0105 do\u0142\u0105czonego do zestawu paska.\u00a0<\/p>\n<p>\n<img decoding=\"async\" src=\"https:\/\/assets.innpro.pl\/19044\/25390\/Torba-ochronna-Sunnylife-do-Neo-2-Fly-More-Combo-lifestyle-1.jpg\" border=\"0\" alt=\"Dwa otwarte etui z dronami, kontrolerami i akumulatorami oraz dwa zamkni\u0119te futera\u0142y, jeden pomara\u0144czowy i jeden czarny, ustawione na stole\" \/>\n<\/p>\n<h3>Kompatybilno\u015b\u0107 z zestawem Fly More Combo<\/h3>\n<p>Torba zosta\u0142a zaprojektowana specjalnie z my\u015bl\u0105 o zestawie DJI Neo 2 Fly More Combo. Umo\u017cliwia transport drona wraz z aparatur\u0105 steruj\u0105c\u0105, akumulatorami i hubem do \u0142adowania \u2013 wszystkie elementy maj\u0105 swoje miejsce, co zapewnia im stabilno\u015b\u0107 i zapobiega ich przemieszczaniu si\u0119. Do dyspozycji masz tak\u017ce kiesze\u0144 z siatki na mniejsze akcesoria, takie jak kable, zapasowe \u015bmig\u0142a czy karty pami\u0119ci. Co wi\u0119cej, konstrukcja torby pozwala przechowywa\u0107 DJI Neo 2 bez konieczno\u015bci demonta\u017cu cyfrowego nadajnika-odbiornika i oryginalnej os\u0142ony gimbala. Takie rozwi\u0105zanie skraca czas przygotowania do lotu i zmniejsza ryzyko uszkodzenia sprz\u0119tu podczas transportu.<\/p>\n<p>\n<img decoding=\"async\" src=\"https:\/\/assets.innpro.pl\/19044\/25390\/Torba-ochronna-Sunnylife-do-Neo-2-Fly-More-Combo-lifestyle-3.jpg\" border=\"0\" alt=\"Wn\u0119trze etui z dronem i kontrolerem, z pokazanymi obok dodatkowymi akcesoriami: \u015bmig\u0142ami, kablem i \u015brubokr\u0119tem\" \/>\n<\/p>\n<h3>Lekka konstrukcja materia\u0142owa<\/h3>\n<p>Torba wykonana jest z materia\u0142u tekstylnego, dzi\u0119ki czemu jest bardzo lekka, a jednocze\u015bnie wytrzyma\u0142a. Doskonale sprawdzi si\u0119 podczas codziennego u\u017cytkowania i podr\u00f3\u017cy \u2013 pozwoli mie\u0107 wszystkie potrzebne urz\u0105dzenia zawsze pod r\u0119k\u0105 i zapewni im ochron\u0119 przed uszkodzeniami.<\/p>\n<p>\n<img decoding=\"async\" src=\"https:\/\/assets.innpro.pl\/19044\/25390\/Torba-ochronna-Sunnylife-do-Neo-2-Fly-More-Combo-lifestyle-4.jpg\" border=\"0\" alt=\"M\u0119\u017cczyzna trzyma ciemnoszar\u0105 walizk\u0119 w r\u0119ku oraz nosi j\u0105 na pasku przez rami\u0119\" \/>\n<\/p>\n<h3>W zestawie<\/h3>\n<ul class=\"list-disc pl-5\">\n<li>Torba<\/li>\n<li>Pasek na rami\u0119<\/li>\n<\/ul>\n<div class=\"table-wrapper\">\n<p>\u00a0<\/p>\n<h3><\/h3>\n<table>\n<tbody>\n<tr>\n<th>Producent<\/th>\n<td>Sunnylife<\/td>\n<\/tr>\n<tr>\n<th>Nazwa<\/th>\n<td>Sunnylife Fly More Combo Bag<\/td>\n<\/tr>\n<tr>\n<th>Model<\/th>\n<td>NE2-B123<\/td>\n<\/tr>\n<tr>\n<th>Kompatybilno\u015b\u0107<\/th>\n<td>DJI Neo 2<\/td>\n<\/tr>\n<tr>\n<th>Materia\u0142<\/th>\n<td>Tkanina<\/td>\n<\/tr>\n<tr>\n<th>Waga<\/th>\n<td>487 g<\/td>\n<\/tr>\n<tr>\n<th>Wymiary<\/th>\n<td>301 \u00d7 205 \u00d7 91 mm<\/td>\n<\/tr>\n<\/tbody>\n<\/table>\n<\/div>\n","protected":false},"excerpt":{"rendered":"<p>Torba ochronna Sunnylife do Neo 2 Fly More Combo Torba ochronna Sunnylife do DJI Neo 2 Fly More Combo pozwoli<\/p>\n","protected":false},"featured_media":61247,"comment_status":"closed","ping_status":"open","template":"","meta":{"_acf_changed":false},"product_brand":[],"product_cat":[6167,1088,6171],"product_tag":[],"class_list":{"0":"post-61246","1":"product","2":"type-product","3":"status-publish","4":"has-post-thumbnail","6":"product_cat-akcesoria-do-dronow","7":"product_cat-drony","8":"product_cat-torby-i-walizki","9":"pa_okres-gwarancji-5757","10":"pa_producent-sunnylife","12":"first","13":"outofstock","14":"taxable","15":"shipping-taxable","16":"purchasable","17":"product-type-simple"},"acf":[],"yoast_head":"<!-- This site is optimized with the Yoast SEO plugin v27.2 - https:\/\/yoast.com\/product\/yoast-seo-wordpress\/ -->\n<title>Torba ochronna Sunnylife do Neo 2 Fly More Combo - IRONSKY.PL Sklep z Dronami<\/title>\n<meta name=\"description\" content=\"Torba ochronna Sunnylife do Neo 2 Fly More Combo - \u2705 sklep z dronami i fachowym doradztwem. \u2705 Tutaj kupisz produkty DJI, Yuneec, Parrot, Syma i wiele innych, a tak\u017ce kursy i licencje na operatora drona.\" \/>\n<meta name=\"robots\" content=\"index, follow, max-snippet:-1, max-image-preview:large, max-video-preview:-1\" \/>\n<link rel=\"canonical\" href=\"https:\/\/ironsky.pl\/sklep\/produkt\/torba-ochronna-sunnylife-do-neo-2-fly-more-combo\/\" \/>\n<meta property=\"og:locale\" content=\"pl_PL\" \/>\n<meta property=\"og:type\" content=\"article\" \/>\n<meta property=\"og:title\" content=\"Torba ochronna Sunnylife do Neo 2 Fly More Combo - IRONSKY.PL Sklep z Dronami\" \/>\n<meta property=\"og:description\" content=\"Torba ochronna Sunnylife do Neo 2 Fly More Combo - \u2705 sklep z dronami i fachowym doradztwem. \u2705 Tutaj kupisz produkty DJI, Yuneec, Parrot, Syma i wiele innych, a tak\u017ce kursy i licencje na operatora drona.\" \/>\n<meta property=\"og:url\" content=\"https:\/\/ironsky.pl\/sklep\/produkt\/torba-ochronna-sunnylife-do-neo-2-fly-more-combo\/\" \/>\n<meta property=\"og:site_name\" content=\"IRONSKY.PL Sklep z Dronami\" \/>\n<meta property=\"article:modified_time\" content=\"2026-04-15T21:15:29+00:00\" \/>\n<meta property=\"og:image\" content=\"https:\/\/ironsky.pl\/sklep\/wp-content\/uploads\/2026\/04\/56698_1.jpg\" \/>\n\t<meta property=\"og:image:width\" content=\"800\" \/>\n\t<meta property=\"og:image:height\" content=\"800\" \/>\n\t<meta property=\"og:image:type\" content=\"image\/jpeg\" \/>\n<meta name=\"twitter:card\" content=\"summary_large_image\" \/>\n<meta name=\"twitter:label1\" content=\"Szacowany czas czytania\" \/>\n\t<meta name=\"twitter:data1\" content=\"1 minuta\" \/>\n<script type=\"application\/ld+json\" class=\"yoast-schema-graph\">{\"@context\":\"https:\/\/schema.org\",\"@graph\":[{\"@type\":\"WebPage\",\"@id\":\"https:\/\/ironsky.pl\/sklep\/produkt\/torba-ochronna-sunnylife-do-neo-2-fly-more-combo\/\",\"url\":\"https:\/\/ironsky.pl\/sklep\/produkt\/torba-ochronna-sunnylife-do-neo-2-fly-more-combo\/\",\"name\":\"Torba ochronna Sunnylife do Neo 2 Fly More Combo - IRONSKY.PL Sklep z Dronami\",\"isPartOf\":{\"@id\":\"https:\/\/ironsky.pl\/sklep\/#website\"},\"primaryImageOfPage\":{\"@id\":\"https:\/\/ironsky.pl\/sklep\/produkt\/torba-ochronna-sunnylife-do-neo-2-fly-more-combo\/#primaryimage\"},\"image\":{\"@id\":\"https:\/\/ironsky.pl\/sklep\/produkt\/torba-ochronna-sunnylife-do-neo-2-fly-more-combo\/#primaryimage\"},\"thumbnailUrl\":\"https:\/\/ironsky.pl\/sklep\/wp-content\/uploads\/2026\/04\/56698_1.jpg\",\"datePublished\":\"2026-04-15T09:15:29+00:00\",\"dateModified\":\"2026-04-15T21:15:29+00:00\",\"description\":\"Torba ochronna Sunnylife do Neo 2 Fly More Combo - \u2705 sklep z dronami i fachowym doradztwem. \u2705 Tutaj kupisz produkty DJI, Yuneec, Parrot, Syma i wiele innych, a tak\u017ce kursy i licencje na operatora drona.\",\"breadcrumb\":{\"@id\":\"https:\/\/ironsky.pl\/sklep\/produkt\/torba-ochronna-sunnylife-do-neo-2-fly-more-combo\/#breadcrumb\"},\"inLanguage\":\"pl-PL\",\"potentialAction\":[{\"@type\":\"ReadAction\",\"target\":[\"https:\/\/ironsky.pl\/sklep\/produkt\/torba-ochronna-sunnylife-do-neo-2-fly-more-combo\/\"]}]},{\"@type\":\"ImageObject\",\"inLanguage\":\"pl-PL\",\"@id\":\"https:\/\/ironsky.pl\/sklep\/produkt\/torba-ochronna-sunnylife-do-neo-2-fly-more-combo\/#primaryimage\",\"url\":\"https:\/\/ironsky.pl\/sklep\/wp-content\/uploads\/2026\/04\/56698_1.jpg\",\"contentUrl\":\"https:\/\/ironsky.pl\/sklep\/wp-content\/uploads\/2026\/04\/56698_1.jpg\",\"width\":800,\"height\":800},{\"@type\":\"BreadcrumbList\",\"@id\":\"https:\/\/ironsky.pl\/sklep\/produkt\/torba-ochronna-sunnylife-do-neo-2-fly-more-combo\/#breadcrumb\",\"itemListElement\":[{\"@type\":\"ListItem\",\"position\":1,\"name\":\"Strona g\u0142\u00f3wna\",\"item\":\"https:\/\/ironsky.pl\/sklep\/\"},{\"@type\":\"ListItem\",\"position\":2,\"name\":\"Wszystkie produkty\",\"item\":\"https:\/\/ironsky.pl\/sklep\/produkty\/\"},{\"@type\":\"ListItem\",\"position\":3,\"name\":\"Torba ochronna Sunnylife do Neo 2 Fly More Combo\"}]},{\"@type\":\"WebSite\",\"@id\":\"https:\/\/ironsky.pl\/sklep\/#website\",\"url\":\"https:\/\/ironsky.pl\/sklep\/\",\"name\":\"IRONSKY.PL Sklep z Dronami\",\"description\":\"IRONSKY.PL Sklep z Dronami\",\"potentialAction\":[{\"@type\":\"SearchAction\",\"target\":{\"@type\":\"EntryPoint\",\"urlTemplate\":\"https:\/\/ironsky.pl\/sklep\/?s={search_term_string}\"},\"query-input\":{\"@type\":\"PropertyValueSpecification\",\"valueRequired\":true,\"valueName\":\"search_term_string\"}}],\"inLanguage\":\"pl-PL\"}]}<\/script>\n<!-- \/ Yoast SEO plugin. -->","yoast_head_json":{"title":"Torba ochronna Sunnylife do Neo 2 Fly More Combo - IRONSKY.PL Sklep z Dronami","description":"Torba ochronna Sunnylife do Neo 2 Fly More Combo - \u2705 sklep z dronami i fachowym doradztwem. \u2705 Tutaj kupisz produkty DJI, Yuneec, Parrot, Syma i wiele innych, a tak\u017ce kursy i licencje na operatora drona.","robots":{"index":"index","follow":"follow","max-snippet":"max-snippet:-1","max-image-preview":"max-image-preview:large","max-video-preview":"max-video-preview:-1"},"canonical":"https:\/\/ironsky.pl\/sklep\/produkt\/torba-ochronna-sunnylife-do-neo-2-fly-more-combo\/","og_locale":"pl_PL","og_type":"article","og_title":"Torba ochronna Sunnylife do Neo 2 Fly More Combo - IRONSKY.PL Sklep z Dronami","og_description":"Torba ochronna Sunnylife do Neo 2 Fly More Combo - \u2705 sklep z dronami i fachowym doradztwem. \u2705 Tutaj kupisz produkty DJI, Yuneec, Parrot, Syma i wiele innych, a tak\u017ce kursy i licencje na operatora drona.","og_url":"https:\/\/ironsky.pl\/sklep\/produkt\/torba-ochronna-sunnylife-do-neo-2-fly-more-combo\/","og_site_name":"IRONSKY.PL Sklep z Dronami","article_modified_time":"2026-04-15T21:15:29+00:00","og_image":[{"width":800,"height":800,"url":"https:\/\/ironsky.pl\/sklep\/wp-content\/uploads\/2026\/04\/56698_1.jpg","type":"image\/jpeg"}],"twitter_card":"summary_large_image","twitter_misc":{"Szacowany czas czytania":"1 minuta"},"schema":{"@context":"https:\/\/schema.org","@graph":[{"@type":"WebPage","@id":"https:\/\/ironsky.pl\/sklep\/produkt\/torba-ochronna-sunnylife-do-neo-2-fly-more-combo\/","url":"https:\/\/ironsky.pl\/sklep\/produkt\/torba-ochronna-sunnylife-do-neo-2-fly-more-combo\/","name":"Torba ochronna Sunnylife do Neo 2 Fly More Combo - IRONSKY.PL Sklep z Dronami","isPartOf":{"@id":"https:\/\/ironsky.pl\/sklep\/#website"},"primaryImageOfPage":{"@id":"https:\/\/ironsky.pl\/sklep\/produkt\/torba-ochronna-sunnylife-do-neo-2-fly-more-combo\/#primaryimage"},"image":{"@id":"https:\/\/ironsky.pl\/sklep\/produkt\/torba-ochronna-sunnylife-do-neo-2-fly-more-combo\/#primaryimage"},"thumbnailUrl":"https:\/\/ironsky.pl\/sklep\/wp-content\/uploads\/2026\/04\/56698_1.jpg","datePublished":"2026-04-15T09:15:29+00:00","dateModified":"2026-04-15T21:15:29+00:00","description":"Torba ochronna Sunnylife do Neo 2 Fly More Combo - \u2705 sklep z dronami i fachowym doradztwem. \u2705 Tutaj kupisz produkty DJI, Yuneec, Parrot, Syma i wiele innych, a tak\u017ce kursy i licencje na operatora drona.","breadcrumb":{"@id":"https:\/\/ironsky.pl\/sklep\/produkt\/torba-ochronna-sunnylife-do-neo-2-fly-more-combo\/#breadcrumb"},"inLanguage":"pl-PL","potentialAction":[{"@type":"ReadAction","target":["https:\/\/ironsky.pl\/sklep\/produkt\/torba-ochronna-sunnylife-do-neo-2-fly-more-combo\/"]}]},{"@type":"ImageObject","inLanguage":"pl-PL","@id":"https:\/\/ironsky.pl\/sklep\/produkt\/torba-ochronna-sunnylife-do-neo-2-fly-more-combo\/#primaryimage","url":"https:\/\/ironsky.pl\/sklep\/wp-content\/uploads\/2026\/04\/56698_1.jpg","contentUrl":"https:\/\/ironsky.pl\/sklep\/wp-content\/uploads\/2026\/04\/56698_1.jpg","width":800,"height":800},{"@type":"BreadcrumbList","@id":"https:\/\/ironsky.pl\/sklep\/produkt\/torba-ochronna-sunnylife-do-neo-2-fly-more-combo\/#breadcrumb","itemListElement":[{"@type":"ListItem","position":1,"name":"Strona g\u0142\u00f3wna","item":"https:\/\/ironsky.pl\/sklep\/"},{"@type":"ListItem","position":2,"name":"Wszystkie produkty","item":"https:\/\/ironsky.pl\/sklep\/produkty\/"},{"@type":"ListItem","position":3,"name":"Torba ochronna Sunnylife do Neo 2 Fly More Combo"}]},{"@type":"WebSite","@id":"https:\/\/ironsky.pl\/sklep\/#website","url":"https:\/\/ironsky.pl\/sklep\/","name":"IRONSKY.PL Sklep z Dronami","description":"IRONSKY.PL Sklep z Dronami","potentialAction":[{"@type":"SearchAction","target":{"@type":"EntryPoint","urlTemplate":"https:\/\/ironsky.pl\/sklep\/?s={search_term_string}"},"query-input":{"@type":"PropertyValueSpecification","valueRequired":true,"valueName":"search_term_string"}}],"inLanguage":"pl-PL"}]}},"_links":{"self":[{"href":"https:\/\/ironsky.pl\/sklep\/wp-json\/wp\/v2\/product\/61246","targetHints":{"allow":["GET"]}}],"collection":[{"href":"https:\/\/ironsky.pl\/sklep\/wp-json\/wp\/v2\/product"}],"about":[{"href":"https:\/\/ironsky.pl\/sklep\/wp-json\/wp\/v2\/types\/product"}],"replies":[{"embeddable":true,"href":"https:\/\/ironsky.pl\/sklep\/wp-json\/wp\/v2\/comments?post=61246"}],"wp:featuredmedia":[{"embeddable":true,"href":"https:\/\/ironsky.pl\/sklep\/wp-json\/wp\/v2\/media\/61247"}],"wp:attachment":[{"href":"https:\/\/ironsky.pl\/sklep\/wp-json\/wp\/v2\/media?parent=61246"}],"wp:term":[{"taxonomy":"product_brand","embeddable":true,"href":"https:\/\/ironsky.pl\/sklep\/wp-json\/wp\/v2\/product_brand?post=61246"},{"taxonomy":"product_cat","embeddable":true,"href":"https:\/\/ironsky.pl\/sklep\/wp-json\/wp\/v2\/product_cat?post=61246"},{"taxonomy":"product_tag","embeddable":true,"href":"https:\/\/ironsky.pl\/sklep\/wp-json\/wp\/v2\/product_tag?post=61246"}],"curies":[{"name":"wp","href":"https:\/\/api.w.org\/{rel}","templated":true}]}}