{"id":61242,"date":"2026-04-15T11:15:29","date_gmt":"2026-04-15T09:15:29","guid":{"rendered":"https:\/\/ironsky.pl\/sklep\/produkt\/twarde-etui-mini-sunnylife-do-action-6\/"},"modified":"2026-04-15T11:15:29","modified_gmt":"2026-04-15T09:15:29","slug":"twarde-etui-mini-sunnylife-do-action-6","status":"publish","type":"product","link":"https:\/\/ironsky.pl\/sklep\/produkt\/twarde-etui-mini-sunnylife-do-action-6\/","title":{"rendered":"Twarde etui mini Sunnylife do Action 6"},"content":{"rendered":"<h3>Twarde etui mini Sunnylife do DJI Osmo Action 6<\/h3>\n<p>Twarde etui Sunnylife pozwoli Ci na bezpieczny, a zarazem wygodny transport kamery DJI Osmo Action 6 wraz z akcesoriami. Wytrzyma\u0142a konstrukcja, wodoodporna obudowa oraz precyzyjnie dopasowane wn\u0119trze sprawiaj\u0105, \u017ce sprz\u0119t jest bezpieczny w niemal ka\u017cdych warunkach.<\/p>\n<p>\n<img decoding=\"async\" src=\"https:\/\/assets.innpro.pl\/19030\/25375\/Twarde-etui-do-Action-6-lifestyle-1.jpg\" border=\"0\" alt=\"Otwarta i zamkni\u0119ta walizka Sunnylife z kamer\u0105 sportow\u0105 i akcesoriami na tle g\u00f3rskiego krajobrazu\" \/>\n<\/p>\n<h3>Kompaktowy format idealny do nagra\u0144 w terenie<\/h3>\n<p>Niewielki rozmiar etui pozwala bez problemu zmie\u015bci\u0107 je w plecaku, torbie lub kieszeni, co jest szczeg\u00f3lnie istotne podczas nagra\u0144 w terenie i wyjazd\u00f3w. Dzi\u0119ki temu kamera i akcesoria s\u0105 zawsze \u0142atwo dost\u0119pne, a Ty nie musisz zabiera\u0107 ze sob\u0105 niepor\u0119cznego, ci\u0119\u017ckiego wyposa\u017cenia.<\/p>\n<p>\n<img decoding=\"async\" src=\"https:\/\/assets.innpro.pl\/19030\/25375\/Twarde-etui-do-Action-6-lifestyle-6.jpg\" border=\"0\" alt=\"Osoba wk\u0142adaj\u0105ca kompaktow\u0105 walizk\u0119 ochronn\u0105 Sunnylife do torby\" \/>\n<\/p>\n<h3>Przemy\u015blana konstrukcja<\/h3>\n<p>Wn\u0119trze etui umo\u017cliwia bezpieczne przechowywanie kamery DJI Osmo Action 6 wraz z ramk\u0105 ochronn\u0105, trzech akumulator\u00f3w (w tym jeden zamontowany w urz\u0105dzeniu), adaptera monta\u017cowego, \u015bruby blokuj\u0105cej oraz kabla. Wszystkie elementy maj\u0105 swoje miejsce, co zapobiega ich przemieszczaniu si\u0119 podczas transportu, chroni je przed uszkodzeniem i u\u0142atwia zachowanie porz\u0105dku.<\/p>\n<p>\n<img decoding=\"async\" src=\"https:\/\/assets.innpro.pl\/19030\/25375\/Twarde-etui-do-Action-6-lifestyle-3.jpg\" border=\"0\" alt=\"Otwarta walizka ochronna Sunnylife z akcesoriami do kamery, ustawiona na stoliku w plenerze z g\u00f3rami w tle\" \/>\n<\/p>\n<h3>Wodoodporna konstrukcja do pracy w zmiennych warunkach<\/h3>\n<p>Zamkni\u0119ta, szczelna obudowa etui skutecznie chroni zawarto\u015b\u0107 przed wnikaniem wody w przypadku zachlapania. Mo\u017cesz wi\u0119c bezpiecznie przewozi\u0107 i przechowywa\u0107 sprz\u0119t podczas nagra\u0144 w deszczu lub w wilgotnym otoczeniu.<\/p>\n<p>\n<img decoding=\"async\" src=\"https:\/\/assets.innpro.pl\/19030\/25375\/Twarde-etui-do-Action-6-lifestyle-2.jpg\" border=\"0\" alt=\"Ma\u0142a walizka ochronna Sunnylife polewana wod\u0105, widoczne krople na powierzchni\" \/>\n<\/p>\n<h3>Odporno\u015b\u0107 na uderzenia, nacisk i korozj\u0119<\/h3>\n<p>Etui wykonane jest z wytrzyma\u0142ego, twardego tworzywa sztucznego, kt\u00f3re charakteryzuje si\u0119 du\u017c\u0105 odporno\u015bci\u0105 na \u015bciskanie, obci\u0105\u017cenia, uderzenia oraz korozj\u0119. Dzi\u0119ki temu skutecznie zabezpiecza sprz\u0119t przed uszkodzeniami mechanicznymi \u2013 nawet podczas d\u0142ugotrwa\u0142ego u\u017cytkowania w wymagaj\u0105cych warunkach. Dodatkowym atutem produktu jest solidne zamkni\u0119cie, usztywniona konstrukcja oraz mi\u0119kka g\u0105bka w g\u00f3rnej cz\u0119\u015bci, kt\u00f3ra chroni kamer\u0119 i akcesoria przed zarysowaniem i wstrz\u0105sami.<\/p>\n<p>\n<img decoding=\"async\" src=\"https:\/\/assets.innpro.pl\/19030\/25375\/Twarde-etui-do-Action-6-lifestyle-5.jpg\" border=\"0\" alt=\"Ma\u0142a walizka ochronna Sunnylife uderzaj\u0105ca o kamienie, z unosz\u0105cymi si\u0119 od\u0142amkami wok\u00f3\u0142\" \/>\n<\/p>\n<div class=\"table-wrapper\">\n<p>\u00a0<\/p>\n<h3><\/h3>\n<table>\n<tbody>\n<tr>\n<th>Producent<\/th>\n<td>Sunnylife<\/td>\n<\/tr>\n<tr>\n<th>Nazwa<\/th>\n<td>Sunnylife Mini Hard Case<\/td>\n<\/tr>\n<tr>\n<th>Model<\/th>\n<td>AQX-28<\/td>\n<\/tr>\n<tr>\n<th>Kompatybilno\u015b\u0107<\/th>\n<td>DJI Osmo Action 6<\/td>\n<\/tr>\n<tr>\n<th>Waga<\/th>\n<td>102 g<\/td>\n<\/tr>\n<tr>\n<th>Wymiary<\/th>\n<td>125 \u00d7 109 \u00d7 72 mm<\/td>\n<\/tr>\n<\/tbody>\n<\/table>\n<\/div>\n","protected":false},"excerpt":{"rendered":"<p>Twarde etui mini Sunnylife do DJI Osmo Action 6 Twarde etui Sunnylife pozwoli Ci na bezpieczny, a zarazem wygodny transport<\/p>\n","protected":false},"featured_media":61243,"comment_status":"closed","ping_status":"open","template":"","meta":{"_acf_changed":false},"product_brand":[],"product_cat":[1130,6174,1128],"product_tag":[],"class_list":{"0":"post-61242","1":"product","2":"type-product","3":"status-publish","4":"has-post-thumbnail","6":"product_cat-akcesoria-foto","7":"product_cat-do-aparatow-i-kamer","8":"product_cat-foto-wideo","9":"pa_okres-gwarancji-5757","10":"pa_producent-sunnylife","12":"first","13":"outofstock","14":"taxable","15":"shipping-taxable","16":"purchasable","17":"product-type-simple"},"acf":[],"yoast_head":"<!-- This site is optimized with the Yoast SEO plugin v27.2 - https:\/\/yoast.com\/product\/yoast-seo-wordpress\/ -->\n<title>Twarde etui mini Sunnylife do Action 6 - IRONSKY.PL Sklep z Dronami<\/title>\n<meta name=\"description\" content=\"Twarde etui mini Sunnylife do Action 6 - \u2705 sklep z dronami i fachowym doradztwem. \u2705 Tutaj kupisz produkty DJI, Yuneec, Parrot, Syma i wiele innych, a tak\u017ce kursy i licencje na operatora drona.\" \/>\n<meta name=\"robots\" content=\"index, follow, max-snippet:-1, max-image-preview:large, max-video-preview:-1\" \/>\n<link rel=\"canonical\" href=\"https:\/\/ironsky.pl\/sklep\/produkt\/twarde-etui-mini-sunnylife-do-action-6\/\" \/>\n<meta property=\"og:locale\" content=\"pl_PL\" \/>\n<meta property=\"og:type\" content=\"article\" \/>\n<meta property=\"og:title\" content=\"Twarde etui mini Sunnylife do Action 6 - IRONSKY.PL Sklep z Dronami\" \/>\n<meta property=\"og:description\" content=\"Twarde etui mini Sunnylife do Action 6 - \u2705 sklep z dronami i fachowym doradztwem. \u2705 Tutaj kupisz produkty DJI, Yuneec, Parrot, Syma i wiele innych, a tak\u017ce kursy i licencje na operatora drona.\" \/>\n<meta property=\"og:url\" content=\"https:\/\/ironsky.pl\/sklep\/produkt\/twarde-etui-mini-sunnylife-do-action-6\/\" \/>\n<meta property=\"og:site_name\" content=\"IRONSKY.PL Sklep z Dronami\" \/>\n<meta property=\"og:image\" content=\"https:\/\/ironsky.pl\/sklep\/wp-content\/uploads\/2026\/04\/56697_1.jpg\" \/>\n\t<meta property=\"og:image:width\" content=\"800\" \/>\n\t<meta property=\"og:image:height\" content=\"800\" \/>\n\t<meta property=\"og:image:type\" content=\"image\/jpeg\" \/>\n<meta name=\"twitter:card\" content=\"summary_large_image\" \/>\n<meta name=\"twitter:label1\" content=\"Szacowany czas czytania\" \/>\n\t<meta name=\"twitter:data1\" content=\"1 minuta\" \/>\n<script type=\"application\/ld+json\" class=\"yoast-schema-graph\">{\"@context\":\"https:\/\/schema.org\",\"@graph\":[{\"@type\":\"WebPage\",\"@id\":\"https:\/\/ironsky.pl\/sklep\/produkt\/twarde-etui-mini-sunnylife-do-action-6\/\",\"url\":\"https:\/\/ironsky.pl\/sklep\/produkt\/twarde-etui-mini-sunnylife-do-action-6\/\",\"name\":\"Twarde etui mini Sunnylife do Action 6 - IRONSKY.PL Sklep z Dronami\",\"isPartOf\":{\"@id\":\"https:\/\/ironsky.pl\/sklep\/#website\"},\"primaryImageOfPage\":{\"@id\":\"https:\/\/ironsky.pl\/sklep\/produkt\/twarde-etui-mini-sunnylife-do-action-6\/#primaryimage\"},\"image\":{\"@id\":\"https:\/\/ironsky.pl\/sklep\/produkt\/twarde-etui-mini-sunnylife-do-action-6\/#primaryimage\"},\"thumbnailUrl\":\"https:\/\/ironsky.pl\/sklep\/wp-content\/uploads\/2026\/04\/56697_1.jpg\",\"datePublished\":\"2026-04-15T09:15:29+00:00\",\"description\":\"Twarde etui mini Sunnylife do Action 6 - \u2705 sklep z dronami i fachowym doradztwem. \u2705 Tutaj kupisz produkty DJI, Yuneec, Parrot, Syma i wiele innych, a tak\u017ce kursy i licencje na operatora drona.\",\"breadcrumb\":{\"@id\":\"https:\/\/ironsky.pl\/sklep\/produkt\/twarde-etui-mini-sunnylife-do-action-6\/#breadcrumb\"},\"inLanguage\":\"pl-PL\",\"potentialAction\":[{\"@type\":\"ReadAction\",\"target\":[\"https:\/\/ironsky.pl\/sklep\/produkt\/twarde-etui-mini-sunnylife-do-action-6\/\"]}]},{\"@type\":\"ImageObject\",\"inLanguage\":\"pl-PL\",\"@id\":\"https:\/\/ironsky.pl\/sklep\/produkt\/twarde-etui-mini-sunnylife-do-action-6\/#primaryimage\",\"url\":\"https:\/\/ironsky.pl\/sklep\/wp-content\/uploads\/2026\/04\/56697_1.jpg\",\"contentUrl\":\"https:\/\/ironsky.pl\/sklep\/wp-content\/uploads\/2026\/04\/56697_1.jpg\",\"width\":800,\"height\":800},{\"@type\":\"BreadcrumbList\",\"@id\":\"https:\/\/ironsky.pl\/sklep\/produkt\/twarde-etui-mini-sunnylife-do-action-6\/#breadcrumb\",\"itemListElement\":[{\"@type\":\"ListItem\",\"position\":1,\"name\":\"Strona g\u0142\u00f3wna\",\"item\":\"https:\/\/ironsky.pl\/sklep\/\"},{\"@type\":\"ListItem\",\"position\":2,\"name\":\"Wszystkie produkty\",\"item\":\"https:\/\/ironsky.pl\/sklep\/produkty\/\"},{\"@type\":\"ListItem\",\"position\":3,\"name\":\"Twarde etui mini Sunnylife do Action 6\"}]},{\"@type\":\"WebSite\",\"@id\":\"https:\/\/ironsky.pl\/sklep\/#website\",\"url\":\"https:\/\/ironsky.pl\/sklep\/\",\"name\":\"IRONSKY.PL Sklep z Dronami\",\"description\":\"IRONSKY.PL Sklep z Dronami\",\"potentialAction\":[{\"@type\":\"SearchAction\",\"target\":{\"@type\":\"EntryPoint\",\"urlTemplate\":\"https:\/\/ironsky.pl\/sklep\/?s={search_term_string}\"},\"query-input\":{\"@type\":\"PropertyValueSpecification\",\"valueRequired\":true,\"valueName\":\"search_term_string\"}}],\"inLanguage\":\"pl-PL\"}]}<\/script>\n<!-- \/ Yoast SEO plugin. -->","yoast_head_json":{"title":"Twarde etui mini Sunnylife do Action 6 - IRONSKY.PL Sklep z Dronami","description":"Twarde etui mini Sunnylife do Action 6 - \u2705 sklep z dronami i fachowym doradztwem. \u2705 Tutaj kupisz produkty DJI, Yuneec, Parrot, Syma i wiele innych, a tak\u017ce kursy i licencje na operatora drona.","robots":{"index":"index","follow":"follow","max-snippet":"max-snippet:-1","max-image-preview":"max-image-preview:large","max-video-preview":"max-video-preview:-1"},"canonical":"https:\/\/ironsky.pl\/sklep\/produkt\/twarde-etui-mini-sunnylife-do-action-6\/","og_locale":"pl_PL","og_type":"article","og_title":"Twarde etui mini Sunnylife do Action 6 - IRONSKY.PL Sklep z Dronami","og_description":"Twarde etui mini Sunnylife do Action 6 - \u2705 sklep z dronami i fachowym doradztwem. \u2705 Tutaj kupisz produkty DJI, Yuneec, Parrot, Syma i wiele innych, a tak\u017ce kursy i licencje na operatora drona.","og_url":"https:\/\/ironsky.pl\/sklep\/produkt\/twarde-etui-mini-sunnylife-do-action-6\/","og_site_name":"IRONSKY.PL Sklep z Dronami","og_image":[{"width":800,"height":800,"url":"https:\/\/ironsky.pl\/sklep\/wp-content\/uploads\/2026\/04\/56697_1.jpg","type":"image\/jpeg"}],"twitter_card":"summary_large_image","twitter_misc":{"Szacowany czas czytania":"1 minuta"},"schema":{"@context":"https:\/\/schema.org","@graph":[{"@type":"WebPage","@id":"https:\/\/ironsky.pl\/sklep\/produkt\/twarde-etui-mini-sunnylife-do-action-6\/","url":"https:\/\/ironsky.pl\/sklep\/produkt\/twarde-etui-mini-sunnylife-do-action-6\/","name":"Twarde etui mini Sunnylife do Action 6 - IRONSKY.PL Sklep z Dronami","isPartOf":{"@id":"https:\/\/ironsky.pl\/sklep\/#website"},"primaryImageOfPage":{"@id":"https:\/\/ironsky.pl\/sklep\/produkt\/twarde-etui-mini-sunnylife-do-action-6\/#primaryimage"},"image":{"@id":"https:\/\/ironsky.pl\/sklep\/produkt\/twarde-etui-mini-sunnylife-do-action-6\/#primaryimage"},"thumbnailUrl":"https:\/\/ironsky.pl\/sklep\/wp-content\/uploads\/2026\/04\/56697_1.jpg","datePublished":"2026-04-15T09:15:29+00:00","description":"Twarde etui mini Sunnylife do Action 6 - \u2705 sklep z dronami i fachowym doradztwem. \u2705 Tutaj kupisz produkty DJI, Yuneec, Parrot, Syma i wiele innych, a tak\u017ce kursy i licencje na operatora drona.","breadcrumb":{"@id":"https:\/\/ironsky.pl\/sklep\/produkt\/twarde-etui-mini-sunnylife-do-action-6\/#breadcrumb"},"inLanguage":"pl-PL","potentialAction":[{"@type":"ReadAction","target":["https:\/\/ironsky.pl\/sklep\/produkt\/twarde-etui-mini-sunnylife-do-action-6\/"]}]},{"@type":"ImageObject","inLanguage":"pl-PL","@id":"https:\/\/ironsky.pl\/sklep\/produkt\/twarde-etui-mini-sunnylife-do-action-6\/#primaryimage","url":"https:\/\/ironsky.pl\/sklep\/wp-content\/uploads\/2026\/04\/56697_1.jpg","contentUrl":"https:\/\/ironsky.pl\/sklep\/wp-content\/uploads\/2026\/04\/56697_1.jpg","width":800,"height":800},{"@type":"BreadcrumbList","@id":"https:\/\/ironsky.pl\/sklep\/produkt\/twarde-etui-mini-sunnylife-do-action-6\/#breadcrumb","itemListElement":[{"@type":"ListItem","position":1,"name":"Strona g\u0142\u00f3wna","item":"https:\/\/ironsky.pl\/sklep\/"},{"@type":"ListItem","position":2,"name":"Wszystkie produkty","item":"https:\/\/ironsky.pl\/sklep\/produkty\/"},{"@type":"ListItem","position":3,"name":"Twarde etui mini Sunnylife do Action 6"}]},{"@type":"WebSite","@id":"https:\/\/ironsky.pl\/sklep\/#website","url":"https:\/\/ironsky.pl\/sklep\/","name":"IRONSKY.PL Sklep z Dronami","description":"IRONSKY.PL Sklep z Dronami","potentialAction":[{"@type":"SearchAction","target":{"@type":"EntryPoint","urlTemplate":"https:\/\/ironsky.pl\/sklep\/?s={search_term_string}"},"query-input":{"@type":"PropertyValueSpecification","valueRequired":true,"valueName":"search_term_string"}}],"inLanguage":"pl-PL"}]}},"_links":{"self":[{"href":"https:\/\/ironsky.pl\/sklep\/wp-json\/wp\/v2\/product\/61242","targetHints":{"allow":["GET"]}}],"collection":[{"href":"https:\/\/ironsky.pl\/sklep\/wp-json\/wp\/v2\/product"}],"about":[{"href":"https:\/\/ironsky.pl\/sklep\/wp-json\/wp\/v2\/types\/product"}],"replies":[{"embeddable":true,"href":"https:\/\/ironsky.pl\/sklep\/wp-json\/wp\/v2\/comments?post=61242"}],"wp:featuredmedia":[{"embeddable":true,"href":"https:\/\/ironsky.pl\/sklep\/wp-json\/wp\/v2\/media\/61243"}],"wp:attachment":[{"href":"https:\/\/ironsky.pl\/sklep\/wp-json\/wp\/v2\/media?parent=61242"}],"wp:term":[{"taxonomy":"product_brand","embeddable":true,"href":"https:\/\/ironsky.pl\/sklep\/wp-json\/wp\/v2\/product_brand?post=61242"},{"taxonomy":"product_cat","embeddable":true,"href":"https:\/\/ironsky.pl\/sklep\/wp-json\/wp\/v2\/product_cat?post=61242"},{"taxonomy":"product_tag","embeddable":true,"href":"https:\/\/ironsky.pl\/sklep\/wp-json\/wp\/v2\/product_tag?post=61242"}],"curies":[{"name":"wp","href":"https:\/\/api.w.org\/{rel}","templated":true}]}}