{"id":61240,"date":"2026-04-15T11:15:06","date_gmt":"2026-04-15T09:15:06","guid":{"rendered":"https:\/\/ironsky.pl\/sklep\/produkt\/torba-sunnylife-adventure-combo-do-action-6-pomaranczowy\/"},"modified":"2026-04-22T01:23:02","modified_gmt":"2026-04-21T23:23:02","slug":"torba-sunnylife-adventure-combo-do-action-6-pomaranczowy","status":"publish","type":"product","link":"https:\/\/ironsky.pl\/sklep\/produkt\/torba-sunnylife-adventure-combo-do-action-6-pomaranczowy\/","title":{"rendered":"Torba Sunnylife Adventure Combo do Action 6 (pomara\u0144czowy)"},"content":{"rendered":"<h3>Torba Sunnylife Adventure Combo do DJI Osmo Action 6 (pomara\u0144czowy)<\/h3>\n<p>Torba Sunnylife Adventure Combo zosta\u0142a zaprojektowana z my\u015bl\u0105 o u\u017cytkownikach kamer sportowych z serii Osmo Action \u2013 umo\u017cliwia bezpieczny transport urz\u0105dzenia wraz z akcesoriami. Du\u017ca pojemno\u015b\u0107, wytrzyma\u0142a konstrukcja i precyzyjnie zaprojektowane wn\u0119trze pozwalaj\u0105 przechowywa\u0107 wszystkie niezb\u0119dne elementy w jednym miejscu, zapewniaj\u0105c im ochron\u0119 podczas podr\u00f3\u017cy czy nagra\u0144 w terenie. Produkt jest kompatybilny z modelami Osmo Action 6, 5 Pro, 4 i 3. W zestawie znajdziesz te\u017c dodatkowy pasek, kt\u00f3ry pozwala wygodnie nosi\u0107 torb\u0119 na ramieniu.<\/p>\n<p>\n<img decoding=\"async\" src=\"https:\/\/assets.innpro.pl\/19040\/25385\/Torba-Sunnylife-Adventure-Combo-do-Action-6-pomaranczowy-ls-2.jpg\" border=\"0\" alt=\"Dwa zamkni\u0119te futera\u0142y w kolorach pomara\u0144czowym i czarnym ustawione obok siebie na jasnym tle\" \/>\n<\/p>\n<h3>Du\u017ca pojemno\u015b\u0107 \u2013 stworzona dla zestawu Adventure Combo<\/h3>\n<p>Torba umo\u017cliwia przechowywanie kamery z ramk\u0105 ochronn\u0105, czterech akumulator\u00f3w (trzech w etui \u0142aduj\u0105cym oraz jednego w kamerze), wielofunkcyjnego uchwytu \u0142aduj\u0105cego, wysi\u0119gnika, dw\u00f3ch adapter\u00f3w monta\u017cowych, p\u0142askiej i zakrzywionej bazy samoprzylepnej, kabla oraz drobnych akcesori\u00f3w, takich jak smycz, karty SD czy dodatkowe przewody. Ka\u017cdy element ma swoje miejsce, co u\u0142atwia organizacj\u0119 i zapobiega przemieszczaniu si\u0119 sprz\u0119tu podczas transportu.<\/p>\n<p>\n<img decoding=\"async\" src=\"https:\/\/assets.innpro.pl\/19040\/25385\/Torba-Sunnylife-Adventure-Combo-do-Action-6-pomaranczowy-ls-6.jpg\" border=\"0\" alt=\"Otwarty pomara\u0144czowy futera\u0142 z kamer\u0105 sportow\u0105 i akcesoriami na tle pla\u017cy, obok trzy zamkni\u0119te etui w r\u00f3\u017cnych rozmiarach\" \/>\n<\/p>\n<h3>Precyzyjnie formowane wn\u0119trze z mi\u0119kk\u0105 pokryw\u0105<\/h3>\n<p>Wewn\u0119trzna wk\u0142adka i mi\u0119kka pokrywa torby zosta\u0142y zaprojektowane w taki spos\u00f3b, aby chroni\u0107 kamer\u0119 i akcesoria przed zarysowaniami i naciskiem. Dok\u0142adne dopasowanie gniazd stabilizuje sprz\u0119t, ograniczaj\u0105c ryzyko uszkodze\u0144 podczas transportu. Co wi\u0119cej, specjalny pasek na rzep zapewnia kamerze jeszcze wi\u0119ksz\u0105 stabilno\u015b\u0107 i zapobiega jej przemieszczaniu si\u0119.<\/p>\n<p>\n<img decoding=\"async\" src=\"https:\/\/assets.innpro.pl\/19040\/25385\/Torba-Sunnylife-Adventure-Combo-do-Action-6-pomaranczowy-ls-1.jpg\" border=\"0\" alt=\"Zbli\u017cenie na wn\u0119trze futera\u0142\u00f3w z kamerami sportowymi i akcesoriami, ka\u017cda w osobnym pokrowcu\" \/>\n<\/p>\n<h3>Twarda konstrukcja odporna na wstrz\u0105sy<\/h3>\n<p>Torba powsta\u0142a z wysokiej klasy sk\u00f3ry PU oraz materia\u0142u EVA, co zapewnia wysok\u0105 odporno\u015b\u0107 na uderzenia i nacisk. Sztywna obudowa skutecznie chroni sprz\u0119t i akcesoria przed uszkodzeniami mechanicznymi podczas transportu i u\u017cytkowania w terenie, a starannie wyko\u0144czona, g\u0142adka powierzchnia \u015bwietnie si\u0119 prezentuje i nadaje produktowi estetyczny wygl\u0105d. Do tego dochodz\u0105 solidne zamki b\u0142yskawiczne.<\/p>\n<p>\n<img decoding=\"async\" src=\"https:\/\/assets.innpro.pl\/19040\/25385\/Torba-Sunnylife-Adventure-Combo-do-Action-6-pomaranczowy-ls-4.jpg\" border=\"0\" alt=\"Trzy uj\u0119cia twardych futera\u0142\u00f3w w kolorach pomara\u0144czowym i czarnym \u2014 noszonych na ramieniu, w r\u0119ce i w widoku produktowym\" \/>\n<\/p>\n<h3>W zestawie<\/h3>\n<ul class=\"list-disc pl-5\">\n<li>Torba<\/li>\n<li>Pasek na rami\u0119<\/li>\n<\/ul>\n<div class=\"table-wrapper\">\n<p>\u00a0<\/p>\n<h3><\/h3>\n<table>\n<tbody>\n<tr>\n<th>Producent<\/th>\n<td>Sunnylife<\/td>\n<\/tr>\n<tr>\n<th>Nazwa<\/th>\n<td>Sunnylife Adventure Combo Bag<\/td>\n<\/tr>\n<tr>\n<th>Model<\/th>\n<td>OA6-B132<\/td>\n<\/tr>\n<tr>\n<th>Kompatybilno\u015b\u0107<\/th>\n<td>DJI Osmo Action 6 \/ 5 Pro \/ 4 \/ 3<\/td>\n<\/tr>\n<tr>\n<th>Materia\u0142<\/th>\n<td>Sk\u00f3ra PU + EVA<\/td>\n<\/tr>\n<tr>\n<th>Waga<\/th>\n<td>433 g<\/td>\n<\/tr>\n<tr>\n<th>Wymiary<\/th>\n<td>310 \u00d7 213 \u00d7 67 mm<\/td>\n<\/tr>\n<tr>\n<th>Kolor<\/th>\n<td>Pomara\u0144czowy<\/td>\n<\/tr>\n<\/tbody>\n<\/table>\n<\/div>\n","protected":false},"excerpt":{"rendered":"<p>Torba Sunnylife Adventure Combo do DJI Osmo Action 6 (pomara\u0144czowy) Torba Sunnylife Adventure Combo zosta\u0142a zaprojektowana z my\u015bl\u0105 o u\u017cytkownikach<\/p>\n","protected":false},"featured_media":61241,"comment_status":"closed","ping_status":"open","template":"","meta":{"_acf_changed":false},"product_brand":[],"product_cat":[1130,6174,1128],"product_tag":[],"class_list":{"0":"post-61240","1":"product","2":"type-product","3":"status-publish","4":"has-post-thumbnail","6":"product_cat-akcesoria-foto","7":"product_cat-do-aparatow-i-kamer","8":"product_cat-foto-wideo","9":"pa_okres-gwarancji-5757","10":"pa_producent-sunnylife","12":"first","13":"instock","14":"taxable","15":"shipping-taxable","16":"purchasable","17":"product-type-simple"},"acf":[],"yoast_head":"<!-- This site is optimized with the Yoast SEO plugin v27.2 - https:\/\/yoast.com\/product\/yoast-seo-wordpress\/ -->\n<title>Torba Sunnylife Adventure Combo do Action 6 (pomara\u0144czowy) - IRONSKY.PL Sklep z Dronami<\/title>\n<meta name=\"description\" content=\"Torba Sunnylife Adventure Combo do Action 6 (pomara\u0144czowy) - \u2705 sklep z dronami i fachowym doradztwem. \u2705 Tutaj kupisz produkty DJI, Yuneec, Parrot, Syma i wiele innych, a tak\u017ce kursy i licencje na operatora drona.\" \/>\n<meta name=\"robots\" content=\"index, follow, max-snippet:-1, max-image-preview:large, max-video-preview:-1\" \/>\n<link rel=\"canonical\" href=\"https:\/\/ironsky.pl\/sklep\/produkt\/torba-sunnylife-adventure-combo-do-action-6-pomaranczowy\/\" \/>\n<meta property=\"og:locale\" content=\"pl_PL\" \/>\n<meta property=\"og:type\" content=\"article\" \/>\n<meta property=\"og:title\" content=\"Torba Sunnylife Adventure Combo do Action 6 (pomara\u0144czowy) - IRONSKY.PL Sklep z Dronami\" \/>\n<meta property=\"og:description\" content=\"Torba Sunnylife Adventure Combo do Action 6 (pomara\u0144czowy) - \u2705 sklep z dronami i fachowym doradztwem. \u2705 Tutaj kupisz produkty DJI, Yuneec, Parrot, Syma i wiele innych, a tak\u017ce kursy i licencje na operatora drona.\" \/>\n<meta property=\"og:url\" content=\"https:\/\/ironsky.pl\/sklep\/produkt\/torba-sunnylife-adventure-combo-do-action-6-pomaranczowy\/\" \/>\n<meta property=\"og:site_name\" content=\"IRONSKY.PL Sklep z Dronami\" \/>\n<meta property=\"article:modified_time\" content=\"2026-04-21T23:23:02+00:00\" \/>\n<meta property=\"og:image\" content=\"https:\/\/ironsky.pl\/sklep\/wp-content\/uploads\/2026\/04\/56695_1.jpg\" \/>\n\t<meta property=\"og:image:width\" content=\"800\" \/>\n\t<meta property=\"og:image:height\" content=\"800\" \/>\n\t<meta property=\"og:image:type\" content=\"image\/jpeg\" \/>\n<meta name=\"twitter:card\" content=\"summary_large_image\" \/>\n<meta name=\"twitter:label1\" content=\"Szacowany czas czytania\" \/>\n\t<meta name=\"twitter:data1\" content=\"2 minuty\" \/>\n<script type=\"application\/ld+json\" class=\"yoast-schema-graph\">{\"@context\":\"https:\/\/schema.org\",\"@graph\":[{\"@type\":\"WebPage\",\"@id\":\"https:\/\/ironsky.pl\/sklep\/produkt\/torba-sunnylife-adventure-combo-do-action-6-pomaranczowy\/\",\"url\":\"https:\/\/ironsky.pl\/sklep\/produkt\/torba-sunnylife-adventure-combo-do-action-6-pomaranczowy\/\",\"name\":\"Torba Sunnylife Adventure Combo do Action 6 (pomara\u0144czowy) - IRONSKY.PL Sklep z Dronami\",\"isPartOf\":{\"@id\":\"https:\/\/ironsky.pl\/sklep\/#website\"},\"primaryImageOfPage\":{\"@id\":\"https:\/\/ironsky.pl\/sklep\/produkt\/torba-sunnylife-adventure-combo-do-action-6-pomaranczowy\/#primaryimage\"},\"image\":{\"@id\":\"https:\/\/ironsky.pl\/sklep\/produkt\/torba-sunnylife-adventure-combo-do-action-6-pomaranczowy\/#primaryimage\"},\"thumbnailUrl\":\"https:\/\/ironsky.pl\/sklep\/wp-content\/uploads\/2026\/04\/56695_1.jpg\",\"datePublished\":\"2026-04-15T09:15:06+00:00\",\"dateModified\":\"2026-04-21T23:23:02+00:00\",\"description\":\"Torba Sunnylife Adventure Combo do Action 6 (pomara\u0144czowy) - \u2705 sklep z dronami i fachowym doradztwem. \u2705 Tutaj kupisz produkty DJI, Yuneec, Parrot, Syma i wiele innych, a tak\u017ce kursy i licencje na operatora drona.\",\"breadcrumb\":{\"@id\":\"https:\/\/ironsky.pl\/sklep\/produkt\/torba-sunnylife-adventure-combo-do-action-6-pomaranczowy\/#breadcrumb\"},\"inLanguage\":\"pl-PL\",\"potentialAction\":[{\"@type\":\"ReadAction\",\"target\":[\"https:\/\/ironsky.pl\/sklep\/produkt\/torba-sunnylife-adventure-combo-do-action-6-pomaranczowy\/\"]}]},{\"@type\":\"ImageObject\",\"inLanguage\":\"pl-PL\",\"@id\":\"https:\/\/ironsky.pl\/sklep\/produkt\/torba-sunnylife-adventure-combo-do-action-6-pomaranczowy\/#primaryimage\",\"url\":\"https:\/\/ironsky.pl\/sklep\/wp-content\/uploads\/2026\/04\/56695_1.jpg\",\"contentUrl\":\"https:\/\/ironsky.pl\/sklep\/wp-content\/uploads\/2026\/04\/56695_1.jpg\",\"width\":800,\"height\":800},{\"@type\":\"BreadcrumbList\",\"@id\":\"https:\/\/ironsky.pl\/sklep\/produkt\/torba-sunnylife-adventure-combo-do-action-6-pomaranczowy\/#breadcrumb\",\"itemListElement\":[{\"@type\":\"ListItem\",\"position\":1,\"name\":\"Strona g\u0142\u00f3wna\",\"item\":\"https:\/\/ironsky.pl\/sklep\/\"},{\"@type\":\"ListItem\",\"position\":2,\"name\":\"Wszystkie produkty\",\"item\":\"https:\/\/ironsky.pl\/sklep\/produkty\/\"},{\"@type\":\"ListItem\",\"position\":3,\"name\":\"Torba Sunnylife Adventure Combo do Action 6 (pomara\u0144czowy)\"}]},{\"@type\":\"WebSite\",\"@id\":\"https:\/\/ironsky.pl\/sklep\/#website\",\"url\":\"https:\/\/ironsky.pl\/sklep\/\",\"name\":\"IRONSKY.PL Sklep z Dronami\",\"description\":\"IRONSKY.PL Sklep z Dronami\",\"potentialAction\":[{\"@type\":\"SearchAction\",\"target\":{\"@type\":\"EntryPoint\",\"urlTemplate\":\"https:\/\/ironsky.pl\/sklep\/?s={search_term_string}\"},\"query-input\":{\"@type\":\"PropertyValueSpecification\",\"valueRequired\":true,\"valueName\":\"search_term_string\"}}],\"inLanguage\":\"pl-PL\"}]}<\/script>\n<!-- \/ Yoast SEO plugin. -->","yoast_head_json":{"title":"Torba Sunnylife Adventure Combo do Action 6 (pomara\u0144czowy) - IRONSKY.PL Sklep z Dronami","description":"Torba Sunnylife Adventure Combo do Action 6 (pomara\u0144czowy) - \u2705 sklep z dronami i fachowym doradztwem. \u2705 Tutaj kupisz produkty DJI, Yuneec, Parrot, Syma i wiele innych, a tak\u017ce kursy i licencje na operatora drona.","robots":{"index":"index","follow":"follow","max-snippet":"max-snippet:-1","max-image-preview":"max-image-preview:large","max-video-preview":"max-video-preview:-1"},"canonical":"https:\/\/ironsky.pl\/sklep\/produkt\/torba-sunnylife-adventure-combo-do-action-6-pomaranczowy\/","og_locale":"pl_PL","og_type":"article","og_title":"Torba Sunnylife Adventure Combo do Action 6 (pomara\u0144czowy) - IRONSKY.PL Sklep z Dronami","og_description":"Torba Sunnylife Adventure Combo do Action 6 (pomara\u0144czowy) - \u2705 sklep z dronami i fachowym doradztwem. \u2705 Tutaj kupisz produkty DJI, Yuneec, Parrot, Syma i wiele innych, a tak\u017ce kursy i licencje na operatora drona.","og_url":"https:\/\/ironsky.pl\/sklep\/produkt\/torba-sunnylife-adventure-combo-do-action-6-pomaranczowy\/","og_site_name":"IRONSKY.PL Sklep z Dronami","article_modified_time":"2026-04-21T23:23:02+00:00","og_image":[{"width":800,"height":800,"url":"https:\/\/ironsky.pl\/sklep\/wp-content\/uploads\/2026\/04\/56695_1.jpg","type":"image\/jpeg"}],"twitter_card":"summary_large_image","twitter_misc":{"Szacowany czas czytania":"2 minuty"},"schema":{"@context":"https:\/\/schema.org","@graph":[{"@type":"WebPage","@id":"https:\/\/ironsky.pl\/sklep\/produkt\/torba-sunnylife-adventure-combo-do-action-6-pomaranczowy\/","url":"https:\/\/ironsky.pl\/sklep\/produkt\/torba-sunnylife-adventure-combo-do-action-6-pomaranczowy\/","name":"Torba Sunnylife Adventure Combo do Action 6 (pomara\u0144czowy) - IRONSKY.PL Sklep z Dronami","isPartOf":{"@id":"https:\/\/ironsky.pl\/sklep\/#website"},"primaryImageOfPage":{"@id":"https:\/\/ironsky.pl\/sklep\/produkt\/torba-sunnylife-adventure-combo-do-action-6-pomaranczowy\/#primaryimage"},"image":{"@id":"https:\/\/ironsky.pl\/sklep\/produkt\/torba-sunnylife-adventure-combo-do-action-6-pomaranczowy\/#primaryimage"},"thumbnailUrl":"https:\/\/ironsky.pl\/sklep\/wp-content\/uploads\/2026\/04\/56695_1.jpg","datePublished":"2026-04-15T09:15:06+00:00","dateModified":"2026-04-21T23:23:02+00:00","description":"Torba Sunnylife Adventure Combo do Action 6 (pomara\u0144czowy) - \u2705 sklep z dronami i fachowym doradztwem. \u2705 Tutaj kupisz produkty DJI, Yuneec, Parrot, Syma i wiele innych, a tak\u017ce kursy i licencje na operatora drona.","breadcrumb":{"@id":"https:\/\/ironsky.pl\/sklep\/produkt\/torba-sunnylife-adventure-combo-do-action-6-pomaranczowy\/#breadcrumb"},"inLanguage":"pl-PL","potentialAction":[{"@type":"ReadAction","target":["https:\/\/ironsky.pl\/sklep\/produkt\/torba-sunnylife-adventure-combo-do-action-6-pomaranczowy\/"]}]},{"@type":"ImageObject","inLanguage":"pl-PL","@id":"https:\/\/ironsky.pl\/sklep\/produkt\/torba-sunnylife-adventure-combo-do-action-6-pomaranczowy\/#primaryimage","url":"https:\/\/ironsky.pl\/sklep\/wp-content\/uploads\/2026\/04\/56695_1.jpg","contentUrl":"https:\/\/ironsky.pl\/sklep\/wp-content\/uploads\/2026\/04\/56695_1.jpg","width":800,"height":800},{"@type":"BreadcrumbList","@id":"https:\/\/ironsky.pl\/sklep\/produkt\/torba-sunnylife-adventure-combo-do-action-6-pomaranczowy\/#breadcrumb","itemListElement":[{"@type":"ListItem","position":1,"name":"Strona g\u0142\u00f3wna","item":"https:\/\/ironsky.pl\/sklep\/"},{"@type":"ListItem","position":2,"name":"Wszystkie produkty","item":"https:\/\/ironsky.pl\/sklep\/produkty\/"},{"@type":"ListItem","position":3,"name":"Torba Sunnylife Adventure Combo do Action 6 (pomara\u0144czowy)"}]},{"@type":"WebSite","@id":"https:\/\/ironsky.pl\/sklep\/#website","url":"https:\/\/ironsky.pl\/sklep\/","name":"IRONSKY.PL Sklep z Dronami","description":"IRONSKY.PL Sklep z Dronami","potentialAction":[{"@type":"SearchAction","target":{"@type":"EntryPoint","urlTemplate":"https:\/\/ironsky.pl\/sklep\/?s={search_term_string}"},"query-input":{"@type":"PropertyValueSpecification","valueRequired":true,"valueName":"search_term_string"}}],"inLanguage":"pl-PL"}]}},"_links":{"self":[{"href":"https:\/\/ironsky.pl\/sklep\/wp-json\/wp\/v2\/product\/61240","targetHints":{"allow":["GET"]}}],"collection":[{"href":"https:\/\/ironsky.pl\/sklep\/wp-json\/wp\/v2\/product"}],"about":[{"href":"https:\/\/ironsky.pl\/sklep\/wp-json\/wp\/v2\/types\/product"}],"replies":[{"embeddable":true,"href":"https:\/\/ironsky.pl\/sklep\/wp-json\/wp\/v2\/comments?post=61240"}],"wp:featuredmedia":[{"embeddable":true,"href":"https:\/\/ironsky.pl\/sklep\/wp-json\/wp\/v2\/media\/61241"}],"wp:attachment":[{"href":"https:\/\/ironsky.pl\/sklep\/wp-json\/wp\/v2\/media?parent=61240"}],"wp:term":[{"taxonomy":"product_brand","embeddable":true,"href":"https:\/\/ironsky.pl\/sklep\/wp-json\/wp\/v2\/product_brand?post=61240"},{"taxonomy":"product_cat","embeddable":true,"href":"https:\/\/ironsky.pl\/sklep\/wp-json\/wp\/v2\/product_cat?post=61240"},{"taxonomy":"product_tag","embeddable":true,"href":"https:\/\/ironsky.pl\/sklep\/wp-json\/wp\/v2\/product_tag?post=61240"}],"curies":[{"name":"wp","href":"https:\/\/api.w.org\/{rel}","templated":true}]}}