{"id":61224,"date":"2026-04-15T11:15:06","date_gmt":"2026-04-15T09:15:06","guid":{"rendered":"https:\/\/ironsky.pl\/sklep\/produkt\/torba-sunnylife-do-action-6-pomaranczowa\/"},"modified":"2026-04-15T11:15:17","modified_gmt":"2026-04-15T09:15:17","slug":"torba-sunnylife-do-action-6-pomaranczowa","status":"publish","type":"product","link":"https:\/\/ironsky.pl\/sklep\/produkt\/torba-sunnylife-do-action-6-pomaranczowa\/","title":{"rendered":"Torba Sunnylife do Action 6 (pomara\u0144czowa)"},"content":{"rendered":"<h3>Torba Sunnylife do Action 6 (pomara\u0144czowa)<\/h3>\n<p>Torba Sunnylife Mini Body Case zosta\u0142a zaprojektowana z my\u015bl\u0105 o u\u017cytkownikach kamer sportowych Osmo Action, kt\u00f3rzy potrzebuj\u0105 maksymalnej ochrony sprz\u0119tu przy zachowaniu jak najmniejszych rozmiar\u00f3w. Kompaktowa forma, solidna konstrukcja oraz precyzyjnie dopasowane wn\u0119trze sprawiaj\u0105, \u017ce urz\u0105dzenie jest bezpieczne podczas transportu, a jednocze\u015bnie zawsze gotowe do u\u017cycia. Produkt jest kompatybilny z modelami DJI Osmo Action 6, 5 Pro, 4 oraz 3. W zestawie znajdziesz te\u017c karabi\u0144czyk, kt\u00f3ry umo\u017cliwia przypi\u0119cie etui do plecaka lub torby.<\/p>\n<p>\n<img decoding=\"async\" src=\"https:\/\/assets.innpro.pl\/19033\/25378\/Torba-do-Action-6-pomaranczowa-lifestyle-1.jpg\" border=\"0\" alt=\"Osoba trzyma w d\u0142oni ma\u0142e, pomara\u0144czowe etui na rozmytym tle\" \/>\n<\/p>\n<h3>Precyzyjne dopasowanie i ochrona obiektywu<\/h3>\n<p>Wn\u0119trze etui zosta\u0142o zaprojektowane tak, aby dok\u0142adnie dopasowa\u0107 si\u0119 do kszta\u0142tu kamery i obiektywu. Dzi\u0119ki temu urz\u0105dzenie jest stabilnie osadzone i chronione przed naciskiem, zarysowaniami i przypadkowymi uderzeniami podczas transportu.<\/p>\n<p>\n<img decoding=\"async\" src=\"https:\/\/assets.innpro.pl\/19033\/25378\/Torba-do-Action-6-pomaranczowa-lifestyle-6.jpg\" border=\"0\" alt=\"Osoba trzyma statyw z przymocowanym pomara\u0144czowym etui na szarym tle\" \/>\n<\/p>\n<h3>Wytrzyma\u0142a konstrukcja<\/h3>\n<p>Etui powsta\u0142o ze sk\u00f3ry PU oraz materia\u0142u EVA, co zapewnia odpowiedni\u0105 sztywno\u015b\u0107 i odporno\u015b\u0107 na uderzenia. Twarda obudowa skutecznie chroni kamer\u0119 przed uszkodzeniami mechanicznymi, jednocze\u015bnie zachowuj\u0105c niewielk\u0105 wag\u0119 i kompaktowe wymiary. Do tego dochodzi wysokiej jako\u015bci wyko\u0144czenie, g\u0142adka powierzchnia i solidny zamek b\u0142yskawiczny. Ca\u0142o\u015b\u0107 zosta\u0142a zaprojektowana z my\u015bl\u0105 o trwa\u0142o\u015bci i codziennym u\u017cytkowaniu.<\/p>\n<p>\n<img decoding=\"async\" src=\"https:\/\/assets.innpro.pl\/19033\/25378\/Torba-do-Action-6-pomaranczowa-lifestyle-2.jpg\" border=\"0\" alt=\"Pomara\u0144czowe etui przypi\u0119te karabi\u0144czykiem do czarnej torby na rami\u0119\" \/>\n<\/p>\n<h3>Kompaktowy rozmiar i wygodne przenoszenie<\/h3>\n<p>Kompaktowy rozmiar etui sprawia, \u017ce mo\u017cna je wygodnie nosi\u0107 w torbie czy plecaku. To doskona\u0142e rozwi\u0105zanie na czas wyjazd\u00f3w czy nagra\u0144 w terenie! Ponadto konstrukcja akcesorium umo\u017cliwia szybkie pod\u0142\u0105czenie kamery do adaptera monta\u017cowego bez konieczno\u015bci jej wyjmowania. Mo\u017cesz wi\u0119c na przyk\u0142ad transportowa\u0107 j\u0105 razem z selfie stickiem i w ka\u017cdej chwili szybko przej\u015b\u0107 do filmowania.<\/p>\n<p>\n<img decoding=\"async\" src=\"https:\/\/assets.innpro.pl\/19033\/25378\/Torba-do-Action-6-pomaranczowa-lifestyle-7.jpg\" border=\"0\" alt=\"Pomara\u0144czowe etui na statywie w kieszeni czarnej torby na rami\u0119\" \/>\n<\/p>\n<h3>W zestawie<\/h3>\n<ul class=\"list-disc pl-5\">\n<li>Torba<\/li>\n<li>Karabi\u0144czyk<\/li>\n<\/ul>\n<div class=\"table-wrapper\">\n<p>\u00a0<\/p>\n<h3><\/h3>\n<table>\n<tbody>\n<tr>\n<th>Producent<\/th>\n<td>Sunnylife<\/td>\n<\/tr>\n<tr>\n<th>Nazwa<\/th>\n<td>Sunnylife Mini Body Case<\/td>\n<\/tr>\n<tr>\n<th>Model<\/th>\n<td>OA6-B130<\/td>\n<\/tr>\n<tr>\n<th>Kompatybilno\u015b\u0107<\/th>\n<td>DJI Osmo Action 6 \/ 5 Pro \/ 4 \/ 3<\/td>\n<\/tr>\n<tr>\n<th>Materia\u0142<\/th>\n<td>PU Leather + EVA<\/td>\n<\/tr>\n<tr>\n<th>Waga<\/th>\n<td>49 g<\/td>\n<\/tr>\n<tr>\n<th>Wymiary<\/th>\n<td>102 \u00d7 75 \u00d7 43 mm<\/td>\n<\/tr>\n<tr>\n<th>Kolor<\/th>\n<td>Pomara\u0144czowy<\/td>\n<\/tr>\n<\/tbody>\n<\/table>\n<\/div>\n","protected":false},"excerpt":{"rendered":"<p>Torba Sunnylife do Action 6 (pomara\u0144czowa) Torba Sunnylife Mini Body Case zosta\u0142a zaprojektowana z my\u015bl\u0105 o u\u017cytkownikach kamer sportowych Osmo<\/p>\n","protected":false},"featured_media":61225,"comment_status":"closed","ping_status":"open","template":"","meta":{"_acf_changed":false},"product_brand":[],"product_cat":[1130,6174,1128],"product_tag":[],"class_list":{"0":"post-61224","1":"product","2":"type-product","3":"status-publish","4":"has-post-thumbnail","6":"product_cat-akcesoria-foto","7":"product_cat-do-aparatow-i-kamer","8":"product_cat-foto-wideo","9":"pa_okres-gwarancji-5757","10":"pa_producent-sunnylife","12":"first","13":"outofstock","14":"taxable","15":"shipping-taxable","16":"purchasable","17":"product-type-simple"},"acf":[],"yoast_head":"<!-- This site is optimized with the Yoast SEO plugin v27.2 - https:\/\/yoast.com\/product\/yoast-seo-wordpress\/ -->\n<title>Torba Sunnylife do Action 6 (pomara\u0144czowa) - IRONSKY.PL Sklep z Dronami<\/title>\n<meta name=\"description\" content=\"Torba Sunnylife do Action 6 (pomara\u0144czowa) - \u2705 sklep z dronami i fachowym doradztwem. \u2705 Tutaj kupisz produkty DJI, Yuneec, Parrot, Syma i wiele innych, a tak\u017ce kursy i licencje na operatora drona.\" \/>\n<meta name=\"robots\" content=\"index, follow, max-snippet:-1, max-image-preview:large, max-video-preview:-1\" \/>\n<link rel=\"canonical\" href=\"https:\/\/ironsky.pl\/sklep\/produkt\/torba-sunnylife-do-action-6-pomaranczowa\/\" \/>\n<meta property=\"og:locale\" content=\"pl_PL\" \/>\n<meta property=\"og:type\" content=\"article\" \/>\n<meta property=\"og:title\" content=\"Torba Sunnylife do Action 6 (pomara\u0144czowa) - IRONSKY.PL Sklep z Dronami\" \/>\n<meta property=\"og:description\" content=\"Torba Sunnylife do Action 6 (pomara\u0144czowa) - \u2705 sklep z dronami i fachowym doradztwem. \u2705 Tutaj kupisz produkty DJI, Yuneec, Parrot, Syma i wiele innych, a tak\u017ce kursy i licencje na operatora drona.\" \/>\n<meta property=\"og:url\" content=\"https:\/\/ironsky.pl\/sklep\/produkt\/torba-sunnylife-do-action-6-pomaranczowa\/\" \/>\n<meta property=\"og:site_name\" content=\"IRONSKY.PL Sklep z Dronami\" \/>\n<meta property=\"article:modified_time\" content=\"2026-04-15T09:15:17+00:00\" \/>\n<meta property=\"og:image\" content=\"https:\/\/ironsky.pl\/sklep\/wp-content\/uploads\/2026\/04\/56690_1.jpg\" \/>\n\t<meta property=\"og:image:width\" content=\"800\" \/>\n\t<meta property=\"og:image:height\" content=\"800\" \/>\n\t<meta property=\"og:image:type\" content=\"image\/jpeg\" \/>\n<meta name=\"twitter:card\" content=\"summary_large_image\" \/>\n<meta name=\"twitter:label1\" content=\"Szacowany czas czytania\" \/>\n\t<meta name=\"twitter:data1\" content=\"1 minuta\" \/>\n<script type=\"application\/ld+json\" class=\"yoast-schema-graph\">{\"@context\":\"https:\/\/schema.org\",\"@graph\":[{\"@type\":\"WebPage\",\"@id\":\"https:\/\/ironsky.pl\/sklep\/produkt\/torba-sunnylife-do-action-6-pomaranczowa\/\",\"url\":\"https:\/\/ironsky.pl\/sklep\/produkt\/torba-sunnylife-do-action-6-pomaranczowa\/\",\"name\":\"Torba Sunnylife do Action 6 (pomara\u0144czowa) - IRONSKY.PL Sklep z Dronami\",\"isPartOf\":{\"@id\":\"https:\/\/ironsky.pl\/sklep\/#website\"},\"primaryImageOfPage\":{\"@id\":\"https:\/\/ironsky.pl\/sklep\/produkt\/torba-sunnylife-do-action-6-pomaranczowa\/#primaryimage\"},\"image\":{\"@id\":\"https:\/\/ironsky.pl\/sklep\/produkt\/torba-sunnylife-do-action-6-pomaranczowa\/#primaryimage\"},\"thumbnailUrl\":\"https:\/\/ironsky.pl\/sklep\/wp-content\/uploads\/2026\/04\/56690_1.jpg\",\"datePublished\":\"2026-04-15T09:15:06+00:00\",\"dateModified\":\"2026-04-15T09:15:17+00:00\",\"description\":\"Torba Sunnylife do Action 6 (pomara\u0144czowa) - \u2705 sklep z dronami i fachowym doradztwem. \u2705 Tutaj kupisz produkty DJI, Yuneec, Parrot, Syma i wiele innych, a tak\u017ce kursy i licencje na operatora drona.\",\"breadcrumb\":{\"@id\":\"https:\/\/ironsky.pl\/sklep\/produkt\/torba-sunnylife-do-action-6-pomaranczowa\/#breadcrumb\"},\"inLanguage\":\"pl-PL\",\"potentialAction\":[{\"@type\":\"ReadAction\",\"target\":[\"https:\/\/ironsky.pl\/sklep\/produkt\/torba-sunnylife-do-action-6-pomaranczowa\/\"]}]},{\"@type\":\"ImageObject\",\"inLanguage\":\"pl-PL\",\"@id\":\"https:\/\/ironsky.pl\/sklep\/produkt\/torba-sunnylife-do-action-6-pomaranczowa\/#primaryimage\",\"url\":\"https:\/\/ironsky.pl\/sklep\/wp-content\/uploads\/2026\/04\/56690_1.jpg\",\"contentUrl\":\"https:\/\/ironsky.pl\/sklep\/wp-content\/uploads\/2026\/04\/56690_1.jpg\",\"width\":800,\"height\":800},{\"@type\":\"BreadcrumbList\",\"@id\":\"https:\/\/ironsky.pl\/sklep\/produkt\/torba-sunnylife-do-action-6-pomaranczowa\/#breadcrumb\",\"itemListElement\":[{\"@type\":\"ListItem\",\"position\":1,\"name\":\"Strona g\u0142\u00f3wna\",\"item\":\"https:\/\/ironsky.pl\/sklep\/\"},{\"@type\":\"ListItem\",\"position\":2,\"name\":\"Wszystkie produkty\",\"item\":\"https:\/\/ironsky.pl\/sklep\/produkty\/\"},{\"@type\":\"ListItem\",\"position\":3,\"name\":\"Torba Sunnylife do Action 6 (pomara\u0144czowa)\"}]},{\"@type\":\"WebSite\",\"@id\":\"https:\/\/ironsky.pl\/sklep\/#website\",\"url\":\"https:\/\/ironsky.pl\/sklep\/\",\"name\":\"IRONSKY.PL Sklep z Dronami\",\"description\":\"IRONSKY.PL Sklep z Dronami\",\"potentialAction\":[{\"@type\":\"SearchAction\",\"target\":{\"@type\":\"EntryPoint\",\"urlTemplate\":\"https:\/\/ironsky.pl\/sklep\/?s={search_term_string}\"},\"query-input\":{\"@type\":\"PropertyValueSpecification\",\"valueRequired\":true,\"valueName\":\"search_term_string\"}}],\"inLanguage\":\"pl-PL\"}]}<\/script>\n<!-- \/ Yoast SEO plugin. -->","yoast_head_json":{"title":"Torba Sunnylife do Action 6 (pomara\u0144czowa) - IRONSKY.PL Sklep z Dronami","description":"Torba Sunnylife do Action 6 (pomara\u0144czowa) - \u2705 sklep z dronami i fachowym doradztwem. \u2705 Tutaj kupisz produkty DJI, Yuneec, Parrot, Syma i wiele innych, a tak\u017ce kursy i licencje na operatora drona.","robots":{"index":"index","follow":"follow","max-snippet":"max-snippet:-1","max-image-preview":"max-image-preview:large","max-video-preview":"max-video-preview:-1"},"canonical":"https:\/\/ironsky.pl\/sklep\/produkt\/torba-sunnylife-do-action-6-pomaranczowa\/","og_locale":"pl_PL","og_type":"article","og_title":"Torba Sunnylife do Action 6 (pomara\u0144czowa) - IRONSKY.PL Sklep z Dronami","og_description":"Torba Sunnylife do Action 6 (pomara\u0144czowa) - \u2705 sklep z dronami i fachowym doradztwem. \u2705 Tutaj kupisz produkty DJI, Yuneec, Parrot, Syma i wiele innych, a tak\u017ce kursy i licencje na operatora drona.","og_url":"https:\/\/ironsky.pl\/sklep\/produkt\/torba-sunnylife-do-action-6-pomaranczowa\/","og_site_name":"IRONSKY.PL Sklep z Dronami","article_modified_time":"2026-04-15T09:15:17+00:00","og_image":[{"width":800,"height":800,"url":"https:\/\/ironsky.pl\/sklep\/wp-content\/uploads\/2026\/04\/56690_1.jpg","type":"image\/jpeg"}],"twitter_card":"summary_large_image","twitter_misc":{"Szacowany czas czytania":"1 minuta"},"schema":{"@context":"https:\/\/schema.org","@graph":[{"@type":"WebPage","@id":"https:\/\/ironsky.pl\/sklep\/produkt\/torba-sunnylife-do-action-6-pomaranczowa\/","url":"https:\/\/ironsky.pl\/sklep\/produkt\/torba-sunnylife-do-action-6-pomaranczowa\/","name":"Torba Sunnylife do Action 6 (pomara\u0144czowa) - IRONSKY.PL Sklep z Dronami","isPartOf":{"@id":"https:\/\/ironsky.pl\/sklep\/#website"},"primaryImageOfPage":{"@id":"https:\/\/ironsky.pl\/sklep\/produkt\/torba-sunnylife-do-action-6-pomaranczowa\/#primaryimage"},"image":{"@id":"https:\/\/ironsky.pl\/sklep\/produkt\/torba-sunnylife-do-action-6-pomaranczowa\/#primaryimage"},"thumbnailUrl":"https:\/\/ironsky.pl\/sklep\/wp-content\/uploads\/2026\/04\/56690_1.jpg","datePublished":"2026-04-15T09:15:06+00:00","dateModified":"2026-04-15T09:15:17+00:00","description":"Torba Sunnylife do Action 6 (pomara\u0144czowa) - \u2705 sklep z dronami i fachowym doradztwem. \u2705 Tutaj kupisz produkty DJI, Yuneec, Parrot, Syma i wiele innych, a tak\u017ce kursy i licencje na operatora drona.","breadcrumb":{"@id":"https:\/\/ironsky.pl\/sklep\/produkt\/torba-sunnylife-do-action-6-pomaranczowa\/#breadcrumb"},"inLanguage":"pl-PL","potentialAction":[{"@type":"ReadAction","target":["https:\/\/ironsky.pl\/sklep\/produkt\/torba-sunnylife-do-action-6-pomaranczowa\/"]}]},{"@type":"ImageObject","inLanguage":"pl-PL","@id":"https:\/\/ironsky.pl\/sklep\/produkt\/torba-sunnylife-do-action-6-pomaranczowa\/#primaryimage","url":"https:\/\/ironsky.pl\/sklep\/wp-content\/uploads\/2026\/04\/56690_1.jpg","contentUrl":"https:\/\/ironsky.pl\/sklep\/wp-content\/uploads\/2026\/04\/56690_1.jpg","width":800,"height":800},{"@type":"BreadcrumbList","@id":"https:\/\/ironsky.pl\/sklep\/produkt\/torba-sunnylife-do-action-6-pomaranczowa\/#breadcrumb","itemListElement":[{"@type":"ListItem","position":1,"name":"Strona g\u0142\u00f3wna","item":"https:\/\/ironsky.pl\/sklep\/"},{"@type":"ListItem","position":2,"name":"Wszystkie produkty","item":"https:\/\/ironsky.pl\/sklep\/produkty\/"},{"@type":"ListItem","position":3,"name":"Torba Sunnylife do Action 6 (pomara\u0144czowa)"}]},{"@type":"WebSite","@id":"https:\/\/ironsky.pl\/sklep\/#website","url":"https:\/\/ironsky.pl\/sklep\/","name":"IRONSKY.PL Sklep z Dronami","description":"IRONSKY.PL Sklep z Dronami","potentialAction":[{"@type":"SearchAction","target":{"@type":"EntryPoint","urlTemplate":"https:\/\/ironsky.pl\/sklep\/?s={search_term_string}"},"query-input":{"@type":"PropertyValueSpecification","valueRequired":true,"valueName":"search_term_string"}}],"inLanguage":"pl-PL"}]}},"_links":{"self":[{"href":"https:\/\/ironsky.pl\/sklep\/wp-json\/wp\/v2\/product\/61224","targetHints":{"allow":["GET"]}}],"collection":[{"href":"https:\/\/ironsky.pl\/sklep\/wp-json\/wp\/v2\/product"}],"about":[{"href":"https:\/\/ironsky.pl\/sklep\/wp-json\/wp\/v2\/types\/product"}],"replies":[{"embeddable":true,"href":"https:\/\/ironsky.pl\/sklep\/wp-json\/wp\/v2\/comments?post=61224"}],"wp:featuredmedia":[{"embeddable":true,"href":"https:\/\/ironsky.pl\/sklep\/wp-json\/wp\/v2\/media\/61225"}],"wp:attachment":[{"href":"https:\/\/ironsky.pl\/sklep\/wp-json\/wp\/v2\/media?parent=61224"}],"wp:term":[{"taxonomy":"product_brand","embeddable":true,"href":"https:\/\/ironsky.pl\/sklep\/wp-json\/wp\/v2\/product_brand?post=61224"},{"taxonomy":"product_cat","embeddable":true,"href":"https:\/\/ironsky.pl\/sklep\/wp-json\/wp\/v2\/product_cat?post=61224"},{"taxonomy":"product_tag","embeddable":true,"href":"https:\/\/ironsky.pl\/sklep\/wp-json\/wp\/v2\/product_tag?post=61224"}],"curies":[{"name":"wp","href":"https:\/\/api.w.org\/{rel}","templated":true}]}}