{"id":61208,"date":"2026-04-15T11:14:54","date_gmt":"2026-04-15T09:14:54","guid":{"rendered":"https:\/\/ironsky.pl\/sklep\/produkt\/projektor-ultimea-apollo-p60\/"},"modified":"2026-04-21T11:24:16","modified_gmt":"2026-04-21T09:24:16","slug":"projektor-ultimea-apollo-p60","status":"publish","type":"product","link":"https:\/\/ironsky.pl\/sklep\/produkt\/projektor-ultimea-apollo-p60\/","title":{"rendered":"Projektor Ultimea Apollo P60"},"content":{"rendered":"<h3>Projektor Ultimea Apollo P60<\/h3>\n<p>Ultimea Apollo P60 to zaawansowany projektor stworzony z my\u015bl\u0105 o domowej rozrywce na wysokim poziomie. Wykorzystuje innowacyjn\u0105 technologi\u0119 optyczn\u0105, opart\u0105 na wielowarstwowej soczewce oraz wysokotransmisyjnym lustrze. Takie po\u0142\u0105czenie przek\u0142ada si\u0119 na niezwykle szczeg\u00f3\u0142owy i wyrazisty obraz, kt\u00f3ry zachwyca klarowno\u015bci\u0105 i g\u0142\u0119bi\u0105. Jasno\u015b\u0107 na poziomie 900 ANSI lumen\u00f3w oraz a\u017c 90% r\u00f3wnomierno\u015bci jasno\u015bci zapewniaj\u0105 sp\u00f3jny efekt wizualny r\u00f3wnie\u017c na kraw\u0119dziach obrazu, bez utraty detali.<\/p>\n<p>\n<img decoding=\"async\" src=\"https:\/\/assets.innpro.pl\/19412\/25870\/Ultimea-projektor-Apollo-P60-LF-1 (2).jpg\" border=\"0\" alt=\"Projektor Ultimea Apollo P60 na tle ska\u0142 i pomara\u0144czowych chmur\" \/>\n<\/p>\n<h3>Wi\u0119cej detali w ka\u017cdej scenie<\/h3>\n<p>Ultimea Apollo P60 obs\u0142uguje dekodowanie obrazu 4K oraz standard HDR10, co pozwala uzyska\u0107 bardziej wyrafinowany, czystszy i pe\u0142en szczeg\u00f3\u0142\u00f3w obraz. Ka\u017cda scena zyskuje lepszy kontrast, wi\u0119ksz\u0105 g\u0142\u0119bi\u0119 i wyra\u017aniejsze przej\u015bcia tonalne, dzi\u0119ki czemu seanse filmowe, seriale czy transmisje wideo nabieraj\u0105 kinowego charakteru. Projektor umo\u017cliwia wy\u015bwietlanie obrazu na du\u017cym ekranie i obs\u0142uguje technologie AirPlay oraz Miracast. Dzi\u0119ki temu mo\u017cesz w prosty spos\u00f3b przesy\u0142a\u0107 tre\u015bci bezpo\u015brednio ze swojego smartfona, tabletu lub laptopa, bez konieczno\u015bci stosowania dodatkowych przewod\u00f3w.\u00a0<\/p>\n<p>\n<img decoding=\"async\" src=\"https:\/\/assets.innpro.pl\/19412\/25870\/Ultimea-projektor-Apollo-P60-LF-4.jpg\" border=\"0\" alt=\"Projektor Apollo P60 stoj\u0105cy na okr\u0105g\u0142ym stoliku i wy\u015bwietlaj\u0105cy obraz z tafl\u0105 wody\" \/>\n<\/p>\n<h3>Intuicyjny system i przemy\u015blany design<\/h3>\n<p>Autorski system Ultimea OS zosta\u0142 zaprojektowany z my\u015bl\u0105 o prostocie i funkcjonalno\u015bci. Przejrzyste, przyjazne menu oraz rozbudowane ustawienia pozwalaj\u0105 \u0142atwo dopasowa\u0107 parametry obrazu i d\u017awi\u0119ku do nastroju oraz warunk\u00f3w w pomieszczeniu. Projektor oferuje tak\u017ce niskie op\u00f3\u017anienia wej\u015bciowe, co przek\u0142ada si\u0119 na p\u0142ynne wy\u015bwietlanie obrazu bez zaci\u0119\u0107 w domowym kinie. Co wi\u0119cej, konstrukcja projektora o skuteczno\u015bci ochrony przed kurzem na poziomie 99% eliminuje problem czarnych plam na obrazie i znacz\u0105co wyd\u0142u\u017ca \u017cywotno\u015b\u0107 urz\u0105dzenia \u2013 nawet do ponad 10 lat u\u017cytkowania. <\/p>\n<p>\n<img decoding=\"async\" src=\"https:\/\/assets.innpro.pl\/19412\/25870\/Ultimea-projektor-Apollo-P60-LF-2.jpg\" border=\"0\" alt=\"Projektor stoj\u0105cy w salonie wy\u015bwietla obraz z interfejsem systemu operacyjnego\" \/>\n<\/p>\n<h3>Perfekcyjny obraz w kilka sekund<\/h3>\n<p>Ultimea Apollo P60 wyposa\u017cono w zaawansowane algorytmy automatyczne, kt\u00f3re dbaj\u0105 o idealne ustawienie obrazu. Inteligentne omijanie przeszk\u00f3d, automatyczne dopasowanie do ekranu, autofokus w czasie 3 sekund oraz automatyczna korekcja zniekszta\u0142ce\u0144 trapezowych 6D sprawiaj\u0105, \u017ce projektor sam dostosowuje si\u0119 do warunk\u00f3w w pomieszczeniu, oszcz\u0119dzaj\u0105c Tw\u00f3j czas i zapewniaj\u0105c perfekcyjny efekt bez r\u0119cznej konfiguracji.<\/p>\n<p>\n<img decoding=\"async\" src=\"https:\/\/assets.innpro.pl\/19412\/25870\/Ultimea-projektor-Apollo-P60-LF-1.jpg\" border=\"0\" alt=\"Obraz z wodospadem i g\u00f3rami wy\u015bwietlany przez projektor Ultimea\" \/>\n<\/p>\n<h3>Kinowy d\u017awi\u0119k z pot\u0119\u017cnym basem<\/h3>\n<p>Ultimea Apollo P60 zosta\u0142 wyposa\u017cony w g\u0142o\u015bniki o mocy 30 W, wykorzystuj\u0105ce niezale\u017cn\u0105 konstrukcj\u0119 membrany oraz technologi\u0119 DSP. Efektem jest g\u0142\u0119boki, wyra\u017any bas i przestrzenne brzmienie, kt\u00f3re pozwala poczu\u0107 pe\u0142ni\u0119 kinowych emocji bez potrzeby pod\u0142\u0105czania dodatkowego nag\u0142o\u015bnienia. Dodatkowo Bluetooth 5.3 umo\u017cliwia bezprzewodowe po\u0142\u0105czenie z soundbarem Ultimea (dostepny poza zestawem), aby jeszcze bardziej wzmocni\u0107 doznania audio.<\/p>\n<p>\n<img decoding=\"async\" src=\"https:\/\/assets.innpro.pl\/19412\/25870\/Ultimea-projektor-Apollo-P60-LF-3.jpg\" border=\"0\" alt=\"m\u0119\u017cczyzna z dzieckiem siedz\u0105 w salonie i ogl\u0105daj\u0105 film akcji wy\u015bwietlany przez Apollo P60\" \/>\n<\/p>\n<h3>W zestawie<\/h3>\n<ul class=\"list-disc pl-5\">\n<li>projektor<\/li>\n<li>pilot<\/li>\n<li>kabel AV<\/li>\n<li>kabel HD<\/li>\n<li>kabel zasilaj\u0105cy<\/li>\n<li>instrukcja obs\u0142ugi<\/li>\n<\/ul>\n<div class=\"table-wrapper\">\n<p>\u00a0<\/p>\n<h3><\/h3>\n<table>\n<tbody>\n<tr>\n<th>Producent<\/th>\n<td>Ultimea<\/td>\n<\/tr>\n<tr>\n<th>Model<\/th>\n<td>Apollo P60<\/td>\n<\/tr>\n<tr>\n<th>Po\u0142\u0105czenie Wi-Fi <\/th>\n<td>2,4 GHz\/5 GHz<\/td>\n<\/tr>\n<tr>\n<th>Rozdzielczo\u015b\u0107 natywna<\/th>\n<td>1920*1080P<\/td>\n<\/tr>\n<tr>\n<th>Przetworniki g\u0142o\u015bnik\u00f3w<\/th>\n<td>15 W*2<\/td>\n<\/tr>\n<tr>\n<th>Wsp\u00f3\u0142czynnik rzutu<\/th>\n<td>1,37:1<\/td>\n<\/tr>\n<tr>\n<th>Proporcje obrazu<\/th>\n<td>16:9 \/ 4:3<\/td>\n<\/tr>\n<tr>\n<th>Zalecany rozmiar ekranu<\/th>\n<td>80&#8243;-120&#8243;<\/td>\n<\/tr>\n<tr>\n<th>Pob\u00f3r mocy<\/th>\n<td>95 W<\/td>\n<\/tr>\n<tr>\n<th>Napi\u0119cie wej\u015bciowe<\/th>\n<td>100\u2013240 V AC, 50\u201360 Hz, 3,5 A<\/td>\n<\/tr>\n<tr>\n<th>Obs\u0142ugiwane technologie<\/th>\n<td>DSP, 4K, USP AA, Airplay, Miracast, HDR10<\/td>\n<\/tr>\n<tr>\n<th>System operacyjny <\/th>\n<td>Ultimea OS<\/td>\n<\/tr>\n<tr>\n<th>Jasno\u015b\u0107<\/th>\n<td>900 ANSI-lumen\u00f3w<\/td>\n<\/tr>\n<tr>\n<th>Zabezpieczenia<\/th>\n<td>Ochrona przed kurzem<\/td>\n<\/tr>\n<tr>\n<th>\u017bywotno\u015b\u0107<\/th>\n<td>Ponad 10 lat<\/td>\n<\/tr>\n<tr>\n<th>G\u0142o\u015bniki<\/th>\n<td>30W<\/td>\n<\/tr>\n<tr>\n<th>Chipset<\/th>\n<td>MediaTek<\/td>\n<\/tr>\n<tr>\n<th>Bluetooth<\/th>\n<td>Wersja 5.3<\/td>\n<\/tr>\n<\/tbody>\n<\/table>\n<\/div>\n","protected":false},"excerpt":{"rendered":"<p>Projektor Ultimea Apollo P60 Ultimea Apollo P60 to zaawansowany projektor stworzony z my\u015bl\u0105 o domowej rozrywce na wysokim poziomie. Wykorzystuje<\/p>\n","protected":false},"featured_media":61209,"comment_status":"closed","ping_status":"open","template":"","meta":{"_acf_changed":false},"product_brand":[],"product_cat":[5929,5954,5953],"product_tag":[],"class_list":{"0":"post-61208","1":"product","2":"type-product","3":"status-publish","4":"has-post-thumbnail","6":"product_cat-akcesoria-it","7":"product_cat-projektory","8":"product_cat-projekcja","9":"pa_okres-gwarancji-5757","10":"pa_producent-ultimea","12":"first","13":"instock","14":"taxable","15":"shipping-taxable","16":"purchasable","17":"product-type-simple"},"acf":[],"yoast_head":"<!-- This site is optimized with the Yoast SEO plugin v27.2 - https:\/\/yoast.com\/product\/yoast-seo-wordpress\/ -->\n<title>Projektor Ultimea Apollo P60 - IRONSKY.PL Sklep z Dronami<\/title>\n<meta name=\"description\" content=\"Projektor Ultimea Apollo P60 - \u2705 sklep z dronami i fachowym doradztwem. \u2705 Tutaj kupisz produkty DJI, Yuneec, Parrot, Syma i wiele innych, a tak\u017ce kursy i licencje na operatora drona.\" \/>\n<meta name=\"robots\" content=\"index, follow, max-snippet:-1, max-image-preview:large, max-video-preview:-1\" \/>\n<link rel=\"canonical\" href=\"https:\/\/ironsky.pl\/sklep\/produkt\/projektor-ultimea-apollo-p60\/\" \/>\n<meta property=\"og:locale\" content=\"pl_PL\" \/>\n<meta property=\"og:type\" content=\"article\" \/>\n<meta property=\"og:title\" content=\"Projektor Ultimea Apollo P60 - IRONSKY.PL Sklep z Dronami\" \/>\n<meta property=\"og:description\" content=\"Projektor Ultimea Apollo P60 - \u2705 sklep z dronami i fachowym doradztwem. \u2705 Tutaj kupisz produkty DJI, Yuneec, Parrot, Syma i wiele innych, a tak\u017ce kursy i licencje na operatora drona.\" \/>\n<meta property=\"og:url\" content=\"https:\/\/ironsky.pl\/sklep\/produkt\/projektor-ultimea-apollo-p60\/\" \/>\n<meta property=\"og:site_name\" content=\"IRONSKY.PL Sklep z Dronami\" \/>\n<meta property=\"article:modified_time\" content=\"2026-04-21T09:24:16+00:00\" \/>\n<meta property=\"og:image\" content=\"https:\/\/ironsky.pl\/sklep\/wp-content\/uploads\/2026\/04\/56617_2.webp\" \/>\n\t<meta property=\"og:image:width\" content=\"800\" \/>\n\t<meta property=\"og:image:height\" content=\"800\" \/>\n\t<meta property=\"og:image:type\" content=\"image\/webp\" \/>\n<meta name=\"twitter:card\" content=\"summary_large_image\" \/>\n<meta name=\"twitter:label1\" content=\"Szacowany czas czytania\" \/>\n\t<meta name=\"twitter:data1\" content=\"2 minuty\" \/>\n<script type=\"application\/ld+json\" class=\"yoast-schema-graph\">{\"@context\":\"https:\/\/schema.org\",\"@graph\":[{\"@type\":\"WebPage\",\"@id\":\"https:\/\/ironsky.pl\/sklep\/produkt\/projektor-ultimea-apollo-p60\/\",\"url\":\"https:\/\/ironsky.pl\/sklep\/produkt\/projektor-ultimea-apollo-p60\/\",\"name\":\"Projektor Ultimea Apollo P60 - IRONSKY.PL Sklep z Dronami\",\"isPartOf\":{\"@id\":\"https:\/\/ironsky.pl\/sklep\/#website\"},\"primaryImageOfPage\":{\"@id\":\"https:\/\/ironsky.pl\/sklep\/produkt\/projektor-ultimea-apollo-p60\/#primaryimage\"},\"image\":{\"@id\":\"https:\/\/ironsky.pl\/sklep\/produkt\/projektor-ultimea-apollo-p60\/#primaryimage\"},\"thumbnailUrl\":\"https:\/\/ironsky.pl\/sklep\/wp-content\/uploads\/2026\/04\/56617_2.webp\",\"datePublished\":\"2026-04-15T09:14:54+00:00\",\"dateModified\":\"2026-04-21T09:24:16+00:00\",\"description\":\"Projektor Ultimea Apollo P60 - \u2705 sklep z dronami i fachowym doradztwem. \u2705 Tutaj kupisz produkty DJI, Yuneec, Parrot, Syma i wiele innych, a tak\u017ce kursy i licencje na operatora drona.\",\"breadcrumb\":{\"@id\":\"https:\/\/ironsky.pl\/sklep\/produkt\/projektor-ultimea-apollo-p60\/#breadcrumb\"},\"inLanguage\":\"pl-PL\",\"potentialAction\":[{\"@type\":\"ReadAction\",\"target\":[\"https:\/\/ironsky.pl\/sklep\/produkt\/projektor-ultimea-apollo-p60\/\"]}]},{\"@type\":\"ImageObject\",\"inLanguage\":\"pl-PL\",\"@id\":\"https:\/\/ironsky.pl\/sklep\/produkt\/projektor-ultimea-apollo-p60\/#primaryimage\",\"url\":\"https:\/\/ironsky.pl\/sklep\/wp-content\/uploads\/2026\/04\/56617_2.webp\",\"contentUrl\":\"https:\/\/ironsky.pl\/sklep\/wp-content\/uploads\/2026\/04\/56617_2.webp\",\"width\":800,\"height\":800},{\"@type\":\"BreadcrumbList\",\"@id\":\"https:\/\/ironsky.pl\/sklep\/produkt\/projektor-ultimea-apollo-p60\/#breadcrumb\",\"itemListElement\":[{\"@type\":\"ListItem\",\"position\":1,\"name\":\"Strona g\u0142\u00f3wna\",\"item\":\"https:\/\/ironsky.pl\/sklep\/\"},{\"@type\":\"ListItem\",\"position\":2,\"name\":\"Wszystkie produkty\",\"item\":\"https:\/\/ironsky.pl\/sklep\/produkty\/\"},{\"@type\":\"ListItem\",\"position\":3,\"name\":\"Projektor Ultimea Apollo P60\"}]},{\"@type\":\"WebSite\",\"@id\":\"https:\/\/ironsky.pl\/sklep\/#website\",\"url\":\"https:\/\/ironsky.pl\/sklep\/\",\"name\":\"IRONSKY.PL Sklep z Dronami\",\"description\":\"IRONSKY.PL Sklep z Dronami\",\"potentialAction\":[{\"@type\":\"SearchAction\",\"target\":{\"@type\":\"EntryPoint\",\"urlTemplate\":\"https:\/\/ironsky.pl\/sklep\/?s={search_term_string}\"},\"query-input\":{\"@type\":\"PropertyValueSpecification\",\"valueRequired\":true,\"valueName\":\"search_term_string\"}}],\"inLanguage\":\"pl-PL\"}]}<\/script>\n<!-- \/ Yoast SEO plugin. -->","yoast_head_json":{"title":"Projektor Ultimea Apollo P60 - IRONSKY.PL Sklep z Dronami","description":"Projektor Ultimea Apollo P60 - \u2705 sklep z dronami i fachowym doradztwem. \u2705 Tutaj kupisz produkty DJI, Yuneec, Parrot, Syma i wiele innych, a tak\u017ce kursy i licencje na operatora drona.","robots":{"index":"index","follow":"follow","max-snippet":"max-snippet:-1","max-image-preview":"max-image-preview:large","max-video-preview":"max-video-preview:-1"},"canonical":"https:\/\/ironsky.pl\/sklep\/produkt\/projektor-ultimea-apollo-p60\/","og_locale":"pl_PL","og_type":"article","og_title":"Projektor Ultimea Apollo P60 - IRONSKY.PL Sklep z Dronami","og_description":"Projektor Ultimea Apollo P60 - \u2705 sklep z dronami i fachowym doradztwem. \u2705 Tutaj kupisz produkty DJI, Yuneec, Parrot, Syma i wiele innych, a tak\u017ce kursy i licencje na operatora drona.","og_url":"https:\/\/ironsky.pl\/sklep\/produkt\/projektor-ultimea-apollo-p60\/","og_site_name":"IRONSKY.PL Sklep z Dronami","article_modified_time":"2026-04-21T09:24:16+00:00","og_image":[{"width":800,"height":800,"url":"https:\/\/ironsky.pl\/sklep\/wp-content\/uploads\/2026\/04\/56617_2.webp","type":"image\/webp"}],"twitter_card":"summary_large_image","twitter_misc":{"Szacowany czas czytania":"2 minuty"},"schema":{"@context":"https:\/\/schema.org","@graph":[{"@type":"WebPage","@id":"https:\/\/ironsky.pl\/sklep\/produkt\/projektor-ultimea-apollo-p60\/","url":"https:\/\/ironsky.pl\/sklep\/produkt\/projektor-ultimea-apollo-p60\/","name":"Projektor Ultimea Apollo P60 - IRONSKY.PL Sklep z Dronami","isPartOf":{"@id":"https:\/\/ironsky.pl\/sklep\/#website"},"primaryImageOfPage":{"@id":"https:\/\/ironsky.pl\/sklep\/produkt\/projektor-ultimea-apollo-p60\/#primaryimage"},"image":{"@id":"https:\/\/ironsky.pl\/sklep\/produkt\/projektor-ultimea-apollo-p60\/#primaryimage"},"thumbnailUrl":"https:\/\/ironsky.pl\/sklep\/wp-content\/uploads\/2026\/04\/56617_2.webp","datePublished":"2026-04-15T09:14:54+00:00","dateModified":"2026-04-21T09:24:16+00:00","description":"Projektor Ultimea Apollo P60 - \u2705 sklep z dronami i fachowym doradztwem. \u2705 Tutaj kupisz produkty DJI, Yuneec, Parrot, Syma i wiele innych, a tak\u017ce kursy i licencje na operatora drona.","breadcrumb":{"@id":"https:\/\/ironsky.pl\/sklep\/produkt\/projektor-ultimea-apollo-p60\/#breadcrumb"},"inLanguage":"pl-PL","potentialAction":[{"@type":"ReadAction","target":["https:\/\/ironsky.pl\/sklep\/produkt\/projektor-ultimea-apollo-p60\/"]}]},{"@type":"ImageObject","inLanguage":"pl-PL","@id":"https:\/\/ironsky.pl\/sklep\/produkt\/projektor-ultimea-apollo-p60\/#primaryimage","url":"https:\/\/ironsky.pl\/sklep\/wp-content\/uploads\/2026\/04\/56617_2.webp","contentUrl":"https:\/\/ironsky.pl\/sklep\/wp-content\/uploads\/2026\/04\/56617_2.webp","width":800,"height":800},{"@type":"BreadcrumbList","@id":"https:\/\/ironsky.pl\/sklep\/produkt\/projektor-ultimea-apollo-p60\/#breadcrumb","itemListElement":[{"@type":"ListItem","position":1,"name":"Strona g\u0142\u00f3wna","item":"https:\/\/ironsky.pl\/sklep\/"},{"@type":"ListItem","position":2,"name":"Wszystkie produkty","item":"https:\/\/ironsky.pl\/sklep\/produkty\/"},{"@type":"ListItem","position":3,"name":"Projektor Ultimea Apollo P60"}]},{"@type":"WebSite","@id":"https:\/\/ironsky.pl\/sklep\/#website","url":"https:\/\/ironsky.pl\/sklep\/","name":"IRONSKY.PL Sklep z Dronami","description":"IRONSKY.PL Sklep z Dronami","potentialAction":[{"@type":"SearchAction","target":{"@type":"EntryPoint","urlTemplate":"https:\/\/ironsky.pl\/sklep\/?s={search_term_string}"},"query-input":{"@type":"PropertyValueSpecification","valueRequired":true,"valueName":"search_term_string"}}],"inLanguage":"pl-PL"}]}},"_links":{"self":[{"href":"https:\/\/ironsky.pl\/sklep\/wp-json\/wp\/v2\/product\/61208","targetHints":{"allow":["GET"]}}],"collection":[{"href":"https:\/\/ironsky.pl\/sklep\/wp-json\/wp\/v2\/product"}],"about":[{"href":"https:\/\/ironsky.pl\/sklep\/wp-json\/wp\/v2\/types\/product"}],"replies":[{"embeddable":true,"href":"https:\/\/ironsky.pl\/sklep\/wp-json\/wp\/v2\/comments?post=61208"}],"wp:featuredmedia":[{"embeddable":true,"href":"https:\/\/ironsky.pl\/sklep\/wp-json\/wp\/v2\/media\/61209"}],"wp:attachment":[{"href":"https:\/\/ironsky.pl\/sklep\/wp-json\/wp\/v2\/media?parent=61208"}],"wp:term":[{"taxonomy":"product_brand","embeddable":true,"href":"https:\/\/ironsky.pl\/sklep\/wp-json\/wp\/v2\/product_brand?post=61208"},{"taxonomy":"product_cat","embeddable":true,"href":"https:\/\/ironsky.pl\/sklep\/wp-json\/wp\/v2\/product_cat?post=61208"},{"taxonomy":"product_tag","embeddable":true,"href":"https:\/\/ironsky.pl\/sklep\/wp-json\/wp\/v2\/product_tag?post=61208"}],"curies":[{"name":"wp","href":"https:\/\/api.w.org\/{rel}","templated":true}]}}