{"id":61196,"date":"2026-04-15T11:14:45","date_gmt":"2026-04-15T09:14:45","guid":{"rendered":"https:\/\/ironsky.pl\/sklep\/produkt\/agras-t100-system-oprysku\/"},"modified":"2026-04-15T11:14:49","modified_gmt":"2026-04-15T09:14:49","slug":"agras-t100-system-oprysku","status":"publish","type":"product","link":"https:\/\/ironsky.pl\/sklep\/produkt\/agras-t100-system-oprysku\/","title":{"rendered":"Agras T100 &#8211; System Oprysku"},"content":{"rendered":"<h3>Agras T100 &#8211; System Oprysku<\/h3>\n<p>System oprysku do drona DJI Agras T100 zosta\u0142 zaprojektowany z my\u015bl\u0105 o intensywnych operacjach rolniczych na du\u017cych area\u0142ach. Zintegrowany zbiornik o pojemno\u015bci 100 l oraz uk\u0142ad umo\u017cliwiaj\u0105cy dok\u0142adn\u0105 atomizacj\u0119 cieczy pozwalaj\u0105 na realizacj\u0119 zabieg\u00f3w z wysok\u0105 pr\u0119dko\u015bci\u0105 lotu (do 20 m\/s), szeroko\u015bci\u0105 robocz\u0105 na poziomie 5-13 m i maksymalnym przep\u0142ywem do 30 l\/min (w standardowej konfiguracji). Rozwi\u0105zanie to odpowiada na potrzeby wi\u0119kszych gospodarstw rolnych, gdzie wydajno\u015b\u0107, powtarzalno\u015b\u0107 i precyzja maj\u0105 bardzo du\u017ce znaczenie. System wyr\u00f3\u017cnia si\u0119 tak\u017ce ud\u017awigiem do 100 kg.<\/p>\n<p>\n<img decoding=\"async\" src=\"https:\/\/assets.innpro.pl\/19114\/25474\/1 \u2014 kopia.jpg\" border=\"0\" alt=\"System oprysku do drona rolniczego na szarym tle\" \/>\n<\/p>\n<h3>Elastyczno\u015b\u0107 zastosowa\u0144 i skuteczna atomizacja<\/h3>\n<p>Konstrukcja systemu umo\u017cliwia prac\u0119 w zr\u00f3\u017cnicowanych warunkach \u2013 zakres wielko\u015bci kropli od 50 do 500 \u03bcm pozwala na dopasowanie charakterystyki oprysku do konkretnych zada\u0144 operacyjnych. Dost\u0119pny jest r\u00f3wnie\u017c opcjonalny spryskiwacz mg\u0142owy ch\u0142odzony ciecz\u0105, kt\u00f3ry generuje krople o \u015brednicy zaledwie 50 \u03bcm \u2013 idealnie nadaje si\u0119 do penetracji g\u0119stych koron drzew. Co wi\u0119cej, odpowiednia atomizacja zapewnia r\u00f3wnomierne pokrycie ro\u015blin, co ma bezpo\u015bredni wp\u0142yw na jako\u015b\u0107 wykonywanych zabieg\u00f3w.<\/p>\n<p>\n<img decoding=\"async\" src=\"https:\/\/assets.innpro.pl\/19114\/25474\/2 \u2014 kopia.jpg\" border=\"0\" alt=\"Dwa systemy oprysku do drona DJI Agras T100 na szarym tle\" \/>\n<\/p>\n<h3>Niezawodny uk\u0142ad podawania i precyzyjna kontrola przep\u0142ywu<\/h3>\n<p>System wykorzystuje pompy wirnikowe z nap\u0119dem magnetycznym, kt\u00f3re wyr\u00f3\u017cniaj\u0105 si\u0119 odporno\u015bci\u0105 na korozj\u0119 i stabiln\u0105 prac\u0105 nawet przy wysokich przep\u0142ywach. Ich zoptymalizowana konstrukcja oraz zwi\u0119kszona pojemno\u015b\u0107 komory umo\u017cliwiaj\u0105 bezproblemowy oprysk nawet z wymagaj\u0105cych scenariuszach roboczych. Ponadto dwukana\u0142owy elektromagnetyczny przep\u0142ywomierz zapewnia precyzyjny pomiar przep\u0142ywu w czasie rzeczywistym i dynamiczn\u0105 kontrol\u0119 dawkowania \u2013 ca\u0142y proces odbywa si\u0119 bez bezpo\u015bredniego kontaktu z ciecz\u0105 robocz\u0105, co zwi\u0119ksza trwa\u0142o\u015b\u0107 komponent\u00f3w i precyzj\u0119 operacji.<\/p>\n<div class=\"table-wrapper\">\n<p>\u00a0<\/p>\n<h3><\/h3>\n<table>\n<tbody>\n<tr>\n<th>Kod producenta<\/th>\n<td>CP.AG.00001002.01<\/td>\n<\/tr>\n<tr>\n<th>Model<\/th>\n<td>LS100<\/td>\n<\/tr>\n<tr>\n<th>Wymiary<\/th>\n<td>880 \u00d7 870 \u00d7 810 mm (po z\u0142o\u017ceniu) \/ 1020 \u00d7 1930 \u00d7 810 mm (po roz\u0142o\u017ceniu)<\/td>\n<\/tr>\n<tr>\n<th>Materia\u0142 zbiornika<\/th>\n<td>HDPE<\/td>\n<\/tr>\n<tr>\n<th>Pojemno\u015b\u0107 zbiornika<\/th>\n<td>100 l<\/td>\n<\/tr>\n<tr>\n<th>Maksymalny ud\u017awig operacyjny<\/th>\n<td>100 kg<\/td>\n<\/tr>\n<tr>\n<th>Model zraszaczy<\/th>\n<td>LX07550SX (zraszacz standardowy) \/ LX09550SX (opcjonalny zraszacz mg\u0142owy)<\/td>\n<\/tr>\n<tr>\n<th>Liczba zraszaczy<\/th>\n<td>2 (standard) \/ 4 (opcjonalnie)<\/td>\n<\/tr>\n<tr>\n<th>Rozstaw zraszaczy<\/th>\n<td>1834 mm (skrajne zraszacze przy konfiguracji z 2 lub 4 zraszaczami)<\/td>\n<\/tr>\n<tr>\n<th>Wielko\u015b\u0107 kropli<\/th>\n<td>50\u2013500 \u03bcm<\/td>\n<\/tr>\n<tr>\n<th>Efektywna szeroko\u015b\u0107 oprysku<\/th>\n<td>5\u201313 m<\/td>\n<\/tr>\n<tr>\n<th>Rodzaj pomp<\/th>\n<td>Pompy wirnikowe z nap\u0119dem magnetycznym<\/td>\n<\/tr>\n<tr>\n<th>Liczba pomp<\/th>\n<td>2<\/td>\n<\/tr>\n<tr>\n<th>Maksymalny przep\u0142yw<\/th>\n<td>30 l\/min (standard, z 2 zraszaczami) \/ 40 l\/min (opcjonalnie, z 4 zraszaczami)<\/td>\n<\/tr>\n<tr>\n<th>Kompatybilno\u015b\u0107<\/th>\n<td>DJI Agras T100<\/td>\n<\/tr>\n<\/tbody>\n<\/table>\n<\/div>\n","protected":false},"excerpt":{"rendered":"<p>Agras T100 &#8211; System Oprysku System oprysku do drona DJI Agras T100 zosta\u0142 zaprojektowany z my\u015bl\u0105 o intensywnych operacjach rolniczych<\/p>\n","protected":false},"featured_media":51975,"comment_status":"closed","ping_status":"open","template":"","meta":{"_acf_changed":false},"product_brand":[],"product_cat":[6169,1088,1105],"product_tag":[],"class_list":{"0":"post-61196","1":"product","2":"type-product","3":"status-publish","4":"has-post-thumbnail","6":"product_cat-akcesoria-i-czesci","7":"product_cat-drony","8":"product_cat-przemyslowe","9":"pa_okres-gwarancji-5757","10":"pa_producent-dji-agriculture","12":"first","13":"outofstock","14":"taxable","15":"shipping-taxable","16":"purchasable","17":"product-type-simple"},"acf":[],"yoast_head":"<!-- This site is optimized with the Yoast SEO plugin v27.2 - https:\/\/yoast.com\/product\/yoast-seo-wordpress\/ -->\n<title>Agras T100 - System Oprysku - IRONSKY.PL Sklep z Dronami<\/title>\n<meta name=\"description\" content=\"Agras T100 - System Oprysku - \u2705 sklep z dronami i fachowym doradztwem. \u2705 Tutaj kupisz produkty DJI, Yuneec, Parrot, Syma i wiele innych, a tak\u017ce kursy i licencje na operatora drona.\" \/>\n<meta name=\"robots\" content=\"index, follow, max-snippet:-1, max-image-preview:large, max-video-preview:-1\" \/>\n<link rel=\"canonical\" href=\"https:\/\/ironsky.pl\/sklep\/produkt\/agras-t100-system-oprysku\/\" \/>\n<meta property=\"og:locale\" content=\"pl_PL\" \/>\n<meta property=\"og:type\" content=\"article\" \/>\n<meta property=\"og:title\" content=\"Agras T100 - System Oprysku - IRONSKY.PL Sklep z Dronami\" \/>\n<meta property=\"og:description\" content=\"Agras T100 - System Oprysku - \u2705 sklep z dronami i fachowym doradztwem. \u2705 Tutaj kupisz produkty DJI, Yuneec, Parrot, Syma i wiele innych, a tak\u017ce kursy i licencje na operatora drona.\" \/>\n<meta property=\"og:url\" content=\"https:\/\/ironsky.pl\/sklep\/produkt\/agras-t100-system-oprysku\/\" \/>\n<meta property=\"og:site_name\" content=\"IRONSKY.PL Sklep z Dronami\" \/>\n<meta property=\"article:modified_time\" content=\"2026-04-15T09:14:49+00:00\" \/>\n<meta property=\"og:image\" content=\"https:\/\/ironsky.pl\/sklep\/wp-content\/uploads\/2026\/02\/56224_1.jpg\" \/>\n\t<meta property=\"og:image:width\" content=\"800\" \/>\n\t<meta property=\"og:image:height\" content=\"800\" \/>\n\t<meta property=\"og:image:type\" content=\"image\/jpeg\" \/>\n<meta name=\"twitter:card\" content=\"summary_large_image\" \/>\n<meta name=\"twitter:label1\" content=\"Szacowany czas czytania\" \/>\n\t<meta name=\"twitter:data1\" content=\"2 minuty\" \/>\n<script type=\"application\/ld+json\" class=\"yoast-schema-graph\">{\"@context\":\"https:\/\/schema.org\",\"@graph\":[{\"@type\":\"WebPage\",\"@id\":\"https:\/\/ironsky.pl\/sklep\/produkt\/agras-t100-system-oprysku\/\",\"url\":\"https:\/\/ironsky.pl\/sklep\/produkt\/agras-t100-system-oprysku\/\",\"name\":\"Agras T100 - System Oprysku - IRONSKY.PL Sklep z Dronami\",\"isPartOf\":{\"@id\":\"https:\/\/ironsky.pl\/sklep\/#website\"},\"primaryImageOfPage\":{\"@id\":\"https:\/\/ironsky.pl\/sklep\/produkt\/agras-t100-system-oprysku\/#primaryimage\"},\"image\":{\"@id\":\"https:\/\/ironsky.pl\/sklep\/produkt\/agras-t100-system-oprysku\/#primaryimage\"},\"thumbnailUrl\":\"https:\/\/ironsky.pl\/sklep\/wp-content\/uploads\/2026\/02\/56224_1.jpg\",\"datePublished\":\"2026-04-15T09:14:45+00:00\",\"dateModified\":\"2026-04-15T09:14:49+00:00\",\"description\":\"Agras T100 - System Oprysku - \u2705 sklep z dronami i fachowym doradztwem. \u2705 Tutaj kupisz produkty DJI, Yuneec, Parrot, Syma i wiele innych, a tak\u017ce kursy i licencje na operatora drona.\",\"breadcrumb\":{\"@id\":\"https:\/\/ironsky.pl\/sklep\/produkt\/agras-t100-system-oprysku\/#breadcrumb\"},\"inLanguage\":\"pl-PL\",\"potentialAction\":[{\"@type\":\"ReadAction\",\"target\":[\"https:\/\/ironsky.pl\/sklep\/produkt\/agras-t100-system-oprysku\/\"]}]},{\"@type\":\"ImageObject\",\"inLanguage\":\"pl-PL\",\"@id\":\"https:\/\/ironsky.pl\/sklep\/produkt\/agras-t100-system-oprysku\/#primaryimage\",\"url\":\"https:\/\/ironsky.pl\/sklep\/wp-content\/uploads\/2026\/02\/56224_1.jpg\",\"contentUrl\":\"https:\/\/ironsky.pl\/sklep\/wp-content\/uploads\/2026\/02\/56224_1.jpg\",\"width\":800,\"height\":800},{\"@type\":\"BreadcrumbList\",\"@id\":\"https:\/\/ironsky.pl\/sklep\/produkt\/agras-t100-system-oprysku\/#breadcrumb\",\"itemListElement\":[{\"@type\":\"ListItem\",\"position\":1,\"name\":\"Strona g\u0142\u00f3wna\",\"item\":\"https:\/\/ironsky.pl\/sklep\/\"},{\"@type\":\"ListItem\",\"position\":2,\"name\":\"Wszystkie produkty\",\"item\":\"https:\/\/ironsky.pl\/sklep\/produkty\/\"},{\"@type\":\"ListItem\",\"position\":3,\"name\":\"Agras T100 &#8211; System Oprysku\"}]},{\"@type\":\"WebSite\",\"@id\":\"https:\/\/ironsky.pl\/sklep\/#website\",\"url\":\"https:\/\/ironsky.pl\/sklep\/\",\"name\":\"IRONSKY.PL Sklep z Dronami\",\"description\":\"IRONSKY.PL Sklep z Dronami\",\"potentialAction\":[{\"@type\":\"SearchAction\",\"target\":{\"@type\":\"EntryPoint\",\"urlTemplate\":\"https:\/\/ironsky.pl\/sklep\/?s={search_term_string}\"},\"query-input\":{\"@type\":\"PropertyValueSpecification\",\"valueRequired\":true,\"valueName\":\"search_term_string\"}}],\"inLanguage\":\"pl-PL\"}]}<\/script>\n<!-- \/ Yoast SEO plugin. -->","yoast_head_json":{"title":"Agras T100 - System Oprysku - IRONSKY.PL Sklep z Dronami","description":"Agras T100 - System Oprysku - \u2705 sklep z dronami i fachowym doradztwem. \u2705 Tutaj kupisz produkty DJI, Yuneec, Parrot, Syma i wiele innych, a tak\u017ce kursy i licencje na operatora drona.","robots":{"index":"index","follow":"follow","max-snippet":"max-snippet:-1","max-image-preview":"max-image-preview:large","max-video-preview":"max-video-preview:-1"},"canonical":"https:\/\/ironsky.pl\/sklep\/produkt\/agras-t100-system-oprysku\/","og_locale":"pl_PL","og_type":"article","og_title":"Agras T100 - System Oprysku - IRONSKY.PL Sklep z Dronami","og_description":"Agras T100 - System Oprysku - \u2705 sklep z dronami i fachowym doradztwem. \u2705 Tutaj kupisz produkty DJI, Yuneec, Parrot, Syma i wiele innych, a tak\u017ce kursy i licencje na operatora drona.","og_url":"https:\/\/ironsky.pl\/sklep\/produkt\/agras-t100-system-oprysku\/","og_site_name":"IRONSKY.PL Sklep z Dronami","article_modified_time":"2026-04-15T09:14:49+00:00","og_image":[{"width":800,"height":800,"url":"https:\/\/ironsky.pl\/sklep\/wp-content\/uploads\/2026\/02\/56224_1.jpg","type":"image\/jpeg"}],"twitter_card":"summary_large_image","twitter_misc":{"Szacowany czas czytania":"2 minuty"},"schema":{"@context":"https:\/\/schema.org","@graph":[{"@type":"WebPage","@id":"https:\/\/ironsky.pl\/sklep\/produkt\/agras-t100-system-oprysku\/","url":"https:\/\/ironsky.pl\/sklep\/produkt\/agras-t100-system-oprysku\/","name":"Agras T100 - System Oprysku - IRONSKY.PL Sklep z Dronami","isPartOf":{"@id":"https:\/\/ironsky.pl\/sklep\/#website"},"primaryImageOfPage":{"@id":"https:\/\/ironsky.pl\/sklep\/produkt\/agras-t100-system-oprysku\/#primaryimage"},"image":{"@id":"https:\/\/ironsky.pl\/sklep\/produkt\/agras-t100-system-oprysku\/#primaryimage"},"thumbnailUrl":"https:\/\/ironsky.pl\/sklep\/wp-content\/uploads\/2026\/02\/56224_1.jpg","datePublished":"2026-04-15T09:14:45+00:00","dateModified":"2026-04-15T09:14:49+00:00","description":"Agras T100 - System Oprysku - \u2705 sklep z dronami i fachowym doradztwem. \u2705 Tutaj kupisz produkty DJI, Yuneec, Parrot, Syma i wiele innych, a tak\u017ce kursy i licencje na operatora drona.","breadcrumb":{"@id":"https:\/\/ironsky.pl\/sklep\/produkt\/agras-t100-system-oprysku\/#breadcrumb"},"inLanguage":"pl-PL","potentialAction":[{"@type":"ReadAction","target":["https:\/\/ironsky.pl\/sklep\/produkt\/agras-t100-system-oprysku\/"]}]},{"@type":"ImageObject","inLanguage":"pl-PL","@id":"https:\/\/ironsky.pl\/sklep\/produkt\/agras-t100-system-oprysku\/#primaryimage","url":"https:\/\/ironsky.pl\/sklep\/wp-content\/uploads\/2026\/02\/56224_1.jpg","contentUrl":"https:\/\/ironsky.pl\/sklep\/wp-content\/uploads\/2026\/02\/56224_1.jpg","width":800,"height":800},{"@type":"BreadcrumbList","@id":"https:\/\/ironsky.pl\/sklep\/produkt\/agras-t100-system-oprysku\/#breadcrumb","itemListElement":[{"@type":"ListItem","position":1,"name":"Strona g\u0142\u00f3wna","item":"https:\/\/ironsky.pl\/sklep\/"},{"@type":"ListItem","position":2,"name":"Wszystkie produkty","item":"https:\/\/ironsky.pl\/sklep\/produkty\/"},{"@type":"ListItem","position":3,"name":"Agras T100 &#8211; System Oprysku"}]},{"@type":"WebSite","@id":"https:\/\/ironsky.pl\/sklep\/#website","url":"https:\/\/ironsky.pl\/sklep\/","name":"IRONSKY.PL Sklep z Dronami","description":"IRONSKY.PL Sklep z Dronami","potentialAction":[{"@type":"SearchAction","target":{"@type":"EntryPoint","urlTemplate":"https:\/\/ironsky.pl\/sklep\/?s={search_term_string}"},"query-input":{"@type":"PropertyValueSpecification","valueRequired":true,"valueName":"search_term_string"}}],"inLanguage":"pl-PL"}]}},"_links":{"self":[{"href":"https:\/\/ironsky.pl\/sklep\/wp-json\/wp\/v2\/product\/61196","targetHints":{"allow":["GET"]}}],"collection":[{"href":"https:\/\/ironsky.pl\/sklep\/wp-json\/wp\/v2\/product"}],"about":[{"href":"https:\/\/ironsky.pl\/sklep\/wp-json\/wp\/v2\/types\/product"}],"replies":[{"embeddable":true,"href":"https:\/\/ironsky.pl\/sklep\/wp-json\/wp\/v2\/comments?post=61196"}],"wp:featuredmedia":[{"embeddable":true,"href":"https:\/\/ironsky.pl\/sklep\/wp-json\/wp\/v2\/media\/51975"}],"wp:attachment":[{"href":"https:\/\/ironsky.pl\/sklep\/wp-json\/wp\/v2\/media?parent=61196"}],"wp:term":[{"taxonomy":"product_brand","embeddable":true,"href":"https:\/\/ironsky.pl\/sklep\/wp-json\/wp\/v2\/product_brand?post=61196"},{"taxonomy":"product_cat","embeddable":true,"href":"https:\/\/ironsky.pl\/sklep\/wp-json\/wp\/v2\/product_cat?post=61196"},{"taxonomy":"product_tag","embeddable":true,"href":"https:\/\/ironsky.pl\/sklep\/wp-json\/wp\/v2\/product_tag?post=61196"}],"curies":[{"name":"wp","href":"https:\/\/api.w.org\/{rel}","templated":true}]}}