{"id":61195,"date":"2026-04-15T11:14:45","date_gmt":"2026-04-15T09:14:45","guid":{"rendered":"https:\/\/ironsky.pl\/sklep\/produkt\/agras-t100-rama\/"},"modified":"2026-04-15T11:14:47","modified_gmt":"2026-04-15T09:14:47","slug":"agras-t100-rama","status":"publish","type":"product","link":"https:\/\/ironsky.pl\/sklep\/produkt\/agras-t100-rama\/","title":{"rendered":"Agras T100 Rama"},"content":{"rendered":"<h3>Agras T100 Rama<\/h3>\n<p>Rama DJI Agras T100 jest podstawowym elementem konstrukcyjnym drona i stanowi baz\u0119 do budowy kompletnej platformy roboczej po monta\u017cu dedykowanych modu\u0142\u00f3w operacyjnych. Umo\u017cliwia instalacj\u0119 systemu oprysku, systemu rozsiewu lub systemu transportowego, dzi\u0119ki czemu pozwala z \u0142atwo\u015bci\u0105 dostosowa\u0107 sprz\u0119t do konkretnych zada\u0144 rolniczych. <em>Uwaga: systemy oprysku, rozsiewu i transportu nie wchodz\u0105 w sk\u0142ad zestawu \u2013 nale\u017cy je dokupi\u0107 oddzielnie.<\/em><\/p>\n<p>\n<img decoding=\"async\" src=\"https:\/\/assets.innpro.pl\/18788\/25483\/1.jpg\" border=\"0\" alt=\"Dron DJI Agras T100 w locie nad polem\" \/>\n<\/p>\n<h3>Modu\u0142 do oprysk\u00f3w<\/h3>\n<p>Rama jest kompatybilna z systemem oprysku, kt\u00f3ry oferuje zbiornik o pojemno\u015bci 100 l i przep\u0142yw roboczy do 40 l\/min. Odporne na korozj\u0119 pompy wirnikowe z nap\u0119dem elektromagnetycznym gwarantuj\u0105 d\u0142ug\u0105 \u017cywotno\u015b\u0107, a dwukana\u0142owy przep\u0142ywomierz zwi\u0119ksza precyzj\u0119 dozowania i eliminuje ryzyko b\u0142\u0119d\u00f3w. Dost\u0119pny jest te\u017c opcjonalny spryskiwacz mg\u0142owy zapewniaj\u0105cy krople o \u015brednicy 50 \u03bcm, kt\u00f3re doskonale nadaj\u0105 si\u0119 do penetracji g\u0119stych koron drzew. Mo\u017cliwe jest r\u00f3wnie\u017c zastosowanie tylnego uk\u0142adu czterech dysz, kt\u00f3ry oferuje dok\u0142adniejsze pokrycie li\u015bci i wysok\u0105 skuteczno\u015b\u0107 na du\u017cych powierzchniach. Wszystko to pozwala na sprawn\u0105 realizacj\u0119 zabieg\u00f3w ochrony ro\u015blin nawet na wi\u0119kszych obszarach.<\/p>\n<p>\n<img decoding=\"async\" src=\"https:\/\/assets.innpro.pl\/18788\/25483\/5.jpg\" border=\"0\" alt=\"Dron DJI Agras T100 opryskuj\u0105cy pole\" \/>\n<\/p>\n<h3>Wydajny system rozsiewu<\/h3>\n<p>Po doposa\u017ceniu ramy w system rozsiewu dron mo\u017ce pracowa\u0107 ze zbiornikiem o pojemno\u015bci 150 l oraz podajnikiem \u015blimakowym, kt\u00f3ry zapewnia stabilny i kontrolowany przep\u0142yw materia\u0142u. Czujnik wagi umo\u017cliwia monitorowanie ilo\u015bci granulatu w czasie rzeczywistym i automatyczn\u0105 kalibracj\u0119 nat\u0119\u017cenia wysiewu, co ogranicza straty materia\u0142u. Z kolei tarcza rozrzutnika z nasadk\u0105 ze stali nierdzewnej zapewnia r\u00f3wnomierne rozprowadzanie, a du\u017cy otw\u00f3r wpustowy u\u0142atwia za\u0142adunek. Ponadto dost\u0119pno\u015b\u0107 czterech typ\u00f3w podajnik\u00f3w pozwala na prac\u0119 z r\u00f3\u017cnymi materia\u0142ami: od nawoz\u00f3w i nasion zb\u00f3\u017c po granulowane \u015brodki ochrony ro\u015blin i pasze. Dzi\u0119ki temu dron DJI Agras T100 mo\u017ce s\u0142u\u017cy\u0107 nie tylko do nawo\u017cenia i siewu, ale te\u017c na przyk\u0142ad do dokarmiania ryb.<\/p>\n<p>\n<img decoding=\"async\" src=\"https:\/\/assets.innpro.pl\/18788\/25483\/12.jpg\" border=\"0\" alt=\"Dron rolniczy DJI Agras T25P na tle zielonego pola i pag\u00f3rk\u00f3w\" \/>\n<\/p>\n<h3>Przenoszenie \u0142adunk\u00f3w po monta\u017cu systemu transportowego<\/h3>\n<p>Rama DJI Agras T100 umo\u017cliwia r\u00f3wnie\u017c przystosowanie drona do przenoszenia \u0142adunk\u00f3w. Opcjonalny modu\u0142 transportowy wyr\u00f3\u017cnia si\u0119 ud\u017awigiem do 100 kg, a zintegrowany system wykrywania ci\u0119\u017caru i kontroli wywa\u017cenia zapewnia stabilno\u015b\u0107 i bezpiecze\u0144stwo. Automatyczne loty mi\u0119dzy punktami za\u0142adunku i roz\u0142adunku mog\u0105 by\u0107 konfigurowane bezpo\u015brednio z poziomu smartfona dzia\u0142aj\u0105cego w po\u0142\u0105czeniu z modu\u0142em RTK, a projekcja AR na ekranie u\u0142atwia lokalizacj\u0119 miejsc docelowych. Wszystko to pozwala na sprawny transport materia\u0142\u00f3w na potrzeby gospodarstwa.<\/p>\n<p>\n<img decoding=\"async\" src=\"https:\/\/assets.innpro.pl\/18788\/25483\/13.jpg\" border=\"0\" alt=\"Dwa drony rolnicze nad sadem owocowym na tle g\u00f3r\" \/>\n<\/p>\n<h3>Uk\u0142ad nap\u0119dowy przystosowany do wysokich obci\u0105\u017ce\u0144<\/h3>\n<p>Rama wsp\u00f3\u0142pracuje z uk\u0142adem nap\u0119dowym opartym na podw\u00f3jnych, wsp\u00f3\u0142osiowych wirnikach oraz 62-calowych \u015bmig\u0142ach z w\u0142\u00f3kna w\u0119glowego, kt\u00f3re wyr\u00f3\u017cniaj\u0105 si\u0119 mniejsz\u0105 wag\u0105, wi\u0119ksz\u0105 sztywno\u015bci\u0105 i odporno\u015bci\u0105 na odkszta\u0142cenia. Silniki o wysokim momencie obrotowym i regulatory pr\u0119dko\u015bci 420A umo\u017cliwiaj\u0105 uzyskanie maksymalnego ci\u0105gu 82 kg na pojedynczej osi i pr\u0119dko\u015bci do 20 m\/s. Ca\u0142a konstrukcja jest lekka, a zarazem bardzo wytrzyma\u0142a, co przek\u0142ada si\u0119 na wi\u0119ksz\u0105 efektywno\u015b\u0107 i stabilno\u015b\u0107 lotu.<\/p>\n<p>\n<img decoding=\"async\" src=\"https:\/\/assets.innpro.pl\/18788\/25483\/6.jpg\" border=\"0\" alt=\"Dron rolniczy w locie nad zbo\u017cem na tle bia\u0142ych chmur\" \/>\n<\/p>\n<h3>Wytrzyma\u0142a konstrukcja, imponuj\u0105ca wydajno\u015b\u0107 energetyczna<\/h3>\n<p>Rama DJI Agras T100 zosta\u0142a zaprojektowana z my\u015bl\u0105 o pracy w warunkach wysokiego obci\u0105\u017cenia i d\u0142ugotrwa\u0142ej eksploatacji. Lekka, a jednocze\u015bnie wytrzyma\u0142a konstrukcja umo\u017cliwia stabiln\u0105 integracj\u0119 system\u00f3w roboczych przy zachowaniu wysokiej efektywno\u015bci energetycznej. Po wyposa\u017ceniu platformy w akumulator DB2160 o pojemno\u015bci 41 000 mAh mo\u017cliwa jest realizacja intensywnych operacji przez d\u0142ugi czas. Co wi\u0119cej, szybkie \u0142adowanie pozwala zminimalizowa\u0107 przestoje. Dron zosta\u0142 te\u017c poddany 700 godzinom test\u00f3w trwa\u0142o\u015bci i pr\u00f3b \u015brodowiskowych, co potwierdza jego niezawodno\u015b\u0107 w codziennych zastosowaniach rolniczych.<\/p>\n<p>\n<img decoding=\"async\" src=\"https:\/\/assets.innpro.pl\/18788\/25483\/8.jpg\" border=\"0\" alt=\"Dw\u00f3ch operator\u00f3w i dron rolniczy nad polem\" \/>\n<\/p>\n<div class=\"table-wrapper\">\n<p>\u00a0<\/p>\n<h3>Dron<\/h3>\n<table>\n<tbody>\n<tr>\n<th>Masa<\/th>\n<td>Oprysk: 75 kg (standardowo z dwiema dyszami)<br \/>Oprysk: 77 kg (opcjonalnie z czterema dyszami)<br \/>Rozsiew: 75 kg (z systemem rozsiewu)<br \/>Transport: 65 kg (z systemem transportowym)<br \/>Transport: 90 kg (z dwuakumulatorowym systemem transportowym)<\/td>\n<\/tr>\n<tr>\n<th>Maksymalna masa startowa<\/th>\n<td>Oprysk: 175 kg (standardowo z dwiema dyszami)<br \/>Oprysk: 177 kg (opcjonalnie z czterema dyszami)<br \/>Rozsiew: 175 kg (z systemem rozsiewu)<br \/>Transport: 165 kg (z systemem transportowym)<br \/>Transport: 170 kg (z dwuakumulatorowym systemem transportowym)<\/td>\n<\/tr>\n<tr>\n<th>Przek\u0105tna<\/th>\n<td>2330 mm<\/td>\n<\/tr>\n<tr>\n<th>Wymiary<\/th>\n<td>3220 mm \u00d7 3224 mm \u00d7 975 mm (ramiona i \u015bmig\u0142a z\u0142o\u017cone)<br \/>1820 mm \u00d7 1840 mm \u00d7 975 mm (ramiona roz\u0142o\u017cone, \u015bmig\u0142a z\u0142o\u017cone)<br \/>1105 mm \u00d7 1265 mm \u00d7 975 mm (ramiona i \u015bmig\u0142a roz\u0142o\u017cone)<\/td>\n<\/tr>\n<tr>\n<th>Dok\u0142adno\u015b\u0107 zawisu (GNSS)<\/th>\n<td>W\u0142\u0105czony D-RTK: Poziomo: \u00b110 cm, Pionowo: \u00b110 cm<br \/>Wy\u0142\u0105czony D-RTK: Poziomo: \u00b160 cm, Pionowo: \u00b130 cm<\/td>\n<\/tr>\n<tr>\n<th>Maks. konfigurowalny promie\u0144 pracy<\/th>\n<td>2 km<\/td>\n<\/tr>\n<tr>\n<th>Temperatura pracy<\/th>\n<td>0 \u00b0C do 40 \u00b0C<\/td>\n<\/tr>\n<tr>\n<th>Maksymalna odporno\u015b\u0107 na wiatr<\/th>\n<td>&lt;6 m\/s<\/td>\n<\/tr>\n<\/tbody>\n<\/table>\n<p>\u00a0<\/p>\n<h3>Uk\u0142ad nap\u0119dowy \u2013 silniki<\/h3>\n<table>\n<tbody>\n<tr>\n<th>Rozmiar stojana<\/th>\n<td>155\u00d716 mm<\/td>\n<\/tr>\n<tr>\n<th>KV<\/th>\n<td>60 obr\/min\/V<\/td>\n<\/tr>\n<\/tbody>\n<\/table>\n<p>\u00a0<\/p>\n<h3>Uk\u0142ad nap\u0119dowy \u2013 \u015bmig\u0142a<\/h3>\n<table>\n<tbody>\n<tr>\n<th>Materia\u0142<\/th>\n<td>Kompozyt w\u0142\u00f3kna w\u0119glowego<\/td>\n<\/tr>\n<tr>\n<th>Wymiary<\/th>\n<td>62 cale<\/td>\n<\/tr>\n<tr>\n<th>Ilo\u015b\u0107<\/th>\n<td>8 sztuk<\/td>\n<\/tr>\n<\/tbody>\n<\/table>\n<p>\u00a0<\/p>\n<h3>System oprysku<\/h3>\n<table>\n<tbody>\n<tr>\n<th>Model<\/th>\n<td>LS100<\/td>\n<\/tr>\n<tr>\n<th>Wymiary<\/th>\n<td>880 mm \u00d7 870 mm \u00d7 810 mm (pr\u0119t do oprysku z\u0142o\u017cony)<br \/>1020 mm \u00d7 1930 mm \u00d7 810 mm (pr\u0119t do oprysku roz\u0142o\u017cony)<\/td>\n<\/tr>\n<\/tbody>\n<\/table>\n<p>\u00a0<\/p>\n<h3>System oprysku \u2013 zbiornik na p\u0142yn<\/h3>\n<table>\n<tbody>\n<tr>\n<th>Materia\u0142<\/th>\n<td>Plastik (HDPE)<\/td>\n<\/tr>\n<tr>\n<th>Pojemno\u015b\u0107<\/th>\n<td>100 L<\/td>\n<\/tr>\n<tr>\n<th>Maks. ud\u017awig<\/th>\n<td>100 kg<\/td>\n<\/tr>\n<\/tbody>\n<\/table>\n<p>\u00a0<\/p>\n<h3>System oprysku \u2013 dysze<\/h3>\n<table>\n<tbody>\n<tr>\n<th>Model<\/th>\n<td>LX07550SX (Standardowa) \/ LX09550SX (Opcjonalna dysza mg\u0142owa)<\/td>\n<\/tr>\n<tr>\n<th>Ilo\u015b\u0107<\/th>\n<td>2 (standardowo) \/ 4 (opcjonalnie)<\/td>\n<\/tr>\n<tr>\n<th>Odleg\u0142o\u015b\u0107 dyszy<\/th>\n<td>1834 mm (dwie dysze \/ cztery dysze tylne)<\/td>\n<\/tr>\n<tr>\n<th>Rozmiar kropli<\/th>\n<td>50\u2013500 \u03bcm<\/td>\n<\/tr>\n<tr>\n<th>Efektywna szeroko\u015b\u0107 oprysku<\/th>\n<td>5\u201313 m<\/td>\n<\/tr>\n<\/tbody>\n<\/table>\n<p>\u00a0<\/p>\n<h3>System oprysku \u2013 pompy<\/h3>\n<table>\n<tbody>\n<tr>\n<th>Typ<\/th>\n<td>Pompa wirnikowa (nap\u0119d magnetyczny)<\/td>\n<\/tr>\n<tr>\n<th>Ilo\u015b\u0107<\/th>\n<td>2<\/td>\n<\/tr>\n<tr>\n<th>Maks. przep\u0142yw<\/th>\n<td>30 L\/min (2 dysze), 40 L\/min (4 dysze)<\/td>\n<\/tr>\n<\/tbody>\n<\/table>\n<p>\u00a0<\/p>\n<h3>\u0141adunek do rozsiewu<\/h3>\n<table>\n<tbody>\n<tr>\n<th>Wymiary<\/th>\n<td>900 mm \u00d7 820 mm \u00d7 920 mm<\/td>\n<\/tr>\n<tr>\n<th>Kompatybilna \u015brednica materia\u0142u<\/th>\n<td>Standardowa konfiguracja:<br \/>Bardzo du\u017cy podajnik: granulat 0.5 mm \u2013 10 mm (naw\u00f3z, pszenica, pasza itp.)<br \/>\u015aredni podajnik: granulat 4 mm \u2013 6 mm (ry\u017c)<br \/>Opcjonalnie:<br \/>Du\u017cy podajnik: granulat 4 mm \u2013 10 mm (ry\u017c, naw\u00f3z)<br \/>Ma\u0142y podajnik: granulat 0.5 mm \u2013 4 mm (rzepak, herbicydy w granulacie, insektycydy w granulacie)<\/td>\n<\/tr>\n<\/tbody>\n<\/table>\n<p>\u00a0<\/p>\n<h3>System rozsiewu 4.0<\/h3>\n<table>\n<tbody>\n<tr>\n<th>Pojemno\u015b\u0107 zbiornika do rozsiewania<\/th>\n<td>100 L<\/td>\n<\/tr>\n<tr>\n<th>Typ rozrzutnika<\/th>\n<td>Rozrzutnik tarczowy<\/td>\n<\/tr>\n<tr>\n<th>Typ podajnika<\/th>\n<td>Podajnik \u015blimakowy<\/td>\n<\/tr>\n<tr>\n<th>Maks. pr\u0119dko\u015b\u0107 wyrzutu<\/th>\n<td>400 kg\/min (naw\u00f3z wielosk\u0142adnikowy)<\/td>\n<\/tr>\n<tr>\n<th>\u0141adowno\u015b\u0107 zbiornika do rozsiewania<\/th>\n<td>100 kg<\/td>\n<\/tr>\n<tr>\n<th>Szeroko\u015b\u0107 rozrzutu<\/th>\n<td>3\u201310 m<\/td>\n<\/tr>\n<\/tbody>\n<\/table>\n<p>\u00a0<\/p>\n<h3>System transportu<\/h3>\n<table>\n<tbody>\n<tr>\n<th>Maksymalny \u0142adunek<\/th>\n<td>100 kg<\/td>\n<\/tr>\n<tr>\n<th>D\u0142ugo\u015b\u0107 kabla transportowego<\/th>\n<td>10 m (standardowo)<\/td>\n<\/tr>\n<tr>\n<th>Rekomendowana d\u0142ugo\u015b\u0107 kabla<\/th>\n<td>10\u201315 m<\/td>\n<\/tr>\n<tr>\n<th>Temperatura pracy<\/th>\n<td>0 \u00b0C do 40 \u00b0C<\/td>\n<\/tr>\n<\/tbody>\n<\/table>\n<p>\u00a0<\/p>\n<h3>System transportu z dwoma akumulatoram<\/h3>\n<table>\n<tbody>\n<tr>\n<th>Wymiary<\/th>\n<td>805 mm \u00d7 960 mm \u00d7 669 mm<\/td>\n<\/tr>\n<tr>\n<th>Maksymalny \u0142adunek<\/th>\n<td>80 kg<\/td>\n<\/tr>\n<tr>\n<th>D\u0142ugo\u015b\u0107 kabla transportowego<\/th>\n<td>10 m (standardowo)<\/td>\n<\/tr>\n<tr>\n<th>Tryb awaryjnego uwolnienia<\/th>\n<td>Odci\u0119cie kabla<\/td>\n<\/tr>\n<tr>\n<th>Rekomendowana d\u0142ugo\u015b\u0107 kabla<\/th>\n<td>10\u201315 m<\/td>\n<\/tr>\n<tr>\n<th>Temperatura pracy<\/th>\n<td>0 \u00b0C do 40 \u00b0C<\/td>\n<\/tr>\n<\/tbody>\n<\/table>\n<p>\u00a0<\/p>\n<h3>System bezpiecze\u0144stwa 3.0<\/h3>\n<table>\n<tbody>\n<tr>\n<th>Moc nadajnika EIRP radaru fal milimetrowych<\/th>\n<td>&lt;20 dBm (NCC \/ MIC \/ KC \/ CE \/ FCC)<\/td>\n<\/tr>\n<tr>\n<th>Temperatura pracy<\/th>\n<td>0 \u00b0C do 40 \u00b0C<\/td>\n<\/tr>\n<tr>\n<th>\u015arodowisko pracy<\/th>\n<td>Wystarczaj\u0105ce o\u015bwietlenie i dostrzegalne otoczenie<\/td>\n<\/tr>\n<tr>\n<th>Pole widzenia<\/th>\n<td>Radar laserowy: Pionowo 272\u00b0, Poziomo 60\u00b0<br \/>Radar przedni: Poziomo 360\u00b0, Pionowo \u00b145\u00b0<br \/>Radar dolny: Lewo i prawo \u00b112.5\u00b0, Prz\u00f3d i ty\u0142 \u00b122.5\u00b0<br \/>Radar tylny: Lewo i prawo \u00b145\u00b0, Prz\u00f3d i ty\u0142 \u00b145\u00b0<br \/>Poczw\u00f3rny system optyczny: Poziomo 360\u00b0, Pionowo 180\u00b0<br \/>Kamera FPV: Poziomo \u00b186\u00b0, Pionowo 108\u00b0<\/td>\n<\/tr>\n<tr>\n<th>Zakres pomiaru<\/th>\n<td>\u226460 m<\/td>\n<\/tr>\n<tr>\n<th>Efektywna pr\u0119dko\u015b\u0107 do omini\u0119cia przeszkody<\/th>\n<td>\u226413.8 m\/s<\/td>\n<\/tr>\n<tr>\n<th>Efektywny pu\u0142ap do omini\u0119cia przeszkody<\/th>\n<td>\u22651.5 m<\/td>\n<\/tr>\n<\/tbody>\n<\/table>\n<p>\u00a0<\/p>\n<h3>Aparatura steruj\u0105ca<\/h3>\n<table>\n<tbody>\n<tr>\n<th>Model<\/th>\n<td>TKPL 2<\/td>\n<\/tr>\n<tr>\n<th>Ekran<\/th>\n<td>7-calowy ekran dotykowy LCD; rozdzielczo\u015b\u0107: 1920 \u00d7 1200; jasno\u015b\u0107: 1400 cd\/m\u00b2<\/td>\n<\/tr>\n<tr>\n<th>Temperatura przechowywania<\/th>\n<td>Poni\u017cej miesi\u0105ca: -30\u00b0 do 45\u00b0C<br \/>1\u20133 miesi\u0119cy: -30\u00b0 do 35\u00b0C<br \/>3 miesi\u0105ce do roku: -30\u00b0 do 30\u00b0C<\/td>\n<\/tr>\n<tr>\n<th>Temperatura \u0142adowania<\/th>\n<td>5\u00b0 do 40\u00b0C<\/td>\n<\/tr>\n<tr>\n<th>Czas pracy akumulatora wewn\u0119trznego<\/th>\n<td>3.8 godz.<\/td>\n<\/tr>\n<tr>\n<th>Czas pracy akumulatora zewn\u0119trznego<\/th>\n<td>3.2 godz.<\/td>\n<\/tr>\n<tr>\n<th>Typ \u0142adowania<\/th>\n<td>Szybka \u0142adowarka USB-C o maksymalnej mocy 65 W (maks. napi\u0119cie 20 V), zalecana \u0142adowarka DJI Portable Charger<\/td>\n<\/tr>\n<tr>\n<th>Czas \u0142adowania<\/th>\n<td>2 godz. dla wewn\u0119trznego akumulatora lub wewn\u0119trznego i zewn\u0119trznego akumulatora (w przypadku gdy aparatura jest wy\u0142\u0105czona i u\u017cywana \u0142adowarka DJI)<\/td>\n<\/tr>\n<\/tbody>\n<\/table>\n<p>\u00a0<\/p>\n<h3>Akumulator drona DB2160<\/h3>\n<table>\n<tbody>\n<tr>\n<th>Pojemno\u015b\u0107<\/th>\n<td>41000 mAh<\/td>\n<\/tr>\n<tr>\n<th>Waga<\/th>\n<td>14.7 \u00b1 0.3 kg<\/td>\n<\/tr>\n<tr>\n<th>Napi\u0119cie nominalne<\/th>\n<td>52 V<\/td>\n<\/tr>\n<\/tbody>\n<\/table>\n<\/div>\n","protected":false},"excerpt":{"rendered":"<p>Agras T100 Rama Rama DJI Agras T100 jest podstawowym elementem konstrukcyjnym drona i stanowi baz\u0119 do budowy kompletnej platformy roboczej<\/p>\n","protected":false},"featured_media":51968,"comment_status":"closed","ping_status":"open","template":"","meta":{"_acf_changed":false},"product_brand":[],"product_cat":[1088,6221,1105],"product_tag":[],"class_list":{"0":"post-61195","1":"product","2":"type-product","3":"status-publish","4":"has-post-thumbnail","6":"product_cat-drony","7":"product_cat-drony-przemyslowe","8":"product_cat-przemyslowe","9":"pa_okres-gwarancji-5757","10":"pa_producent-dji-agriculture","12":"first","13":"outofstock","14":"taxable","15":"shipping-taxable","16":"purchasable","17":"product-type-simple"},"acf":[],"yoast_head":"<!-- This site is optimized with the Yoast SEO plugin v27.2 - https:\/\/yoast.com\/product\/yoast-seo-wordpress\/ -->\n<title>Agras T100 Rama - IRONSKY.PL Sklep z Dronami<\/title>\n<meta name=\"description\" content=\"Agras T100 Rama - \u2705 sklep z dronami i fachowym doradztwem. \u2705 Tutaj kupisz produkty DJI, Yuneec, Parrot, Syma i wiele innych, a tak\u017ce kursy i licencje na operatora drona.\" \/>\n<meta name=\"robots\" content=\"index, follow, max-snippet:-1, max-image-preview:large, max-video-preview:-1\" \/>\n<link rel=\"canonical\" href=\"https:\/\/ironsky.pl\/sklep\/produkt\/agras-t100-rama\/\" \/>\n<meta property=\"og:locale\" content=\"pl_PL\" \/>\n<meta property=\"og:type\" content=\"article\" \/>\n<meta property=\"og:title\" content=\"Agras T100 Rama - IRONSKY.PL Sklep z Dronami\" \/>\n<meta property=\"og:description\" content=\"Agras T100 Rama - \u2705 sklep z dronami i fachowym doradztwem. \u2705 Tutaj kupisz produkty DJI, Yuneec, Parrot, Syma i wiele innych, a tak\u017ce kursy i licencje na operatora drona.\" \/>\n<meta property=\"og:url\" content=\"https:\/\/ironsky.pl\/sklep\/produkt\/agras-t100-rama\/\" \/>\n<meta property=\"og:site_name\" content=\"IRONSKY.PL Sklep z Dronami\" \/>\n<meta property=\"article:modified_time\" content=\"2026-04-15T09:14:47+00:00\" \/>\n<meta property=\"og:image\" content=\"https:\/\/ironsky.pl\/sklep\/wp-content\/uploads\/2026\/02\/56223_9.jpg\" \/>\n\t<meta property=\"og:image:width\" content=\"800\" \/>\n\t<meta property=\"og:image:height\" content=\"800\" \/>\n\t<meta property=\"og:image:type\" content=\"image\/jpeg\" \/>\n<meta name=\"twitter:card\" content=\"summary_large_image\" \/>\n<meta name=\"twitter:label1\" content=\"Szacowany czas czytania\" \/>\n\t<meta name=\"twitter:data1\" content=\"6 minut\" \/>\n<script type=\"application\/ld+json\" class=\"yoast-schema-graph\">{\"@context\":\"https:\/\/schema.org\",\"@graph\":[{\"@type\":\"WebPage\",\"@id\":\"https:\/\/ironsky.pl\/sklep\/produkt\/agras-t100-rama\/\",\"url\":\"https:\/\/ironsky.pl\/sklep\/produkt\/agras-t100-rama\/\",\"name\":\"Agras T100 Rama - IRONSKY.PL Sklep z Dronami\",\"isPartOf\":{\"@id\":\"https:\/\/ironsky.pl\/sklep\/#website\"},\"primaryImageOfPage\":{\"@id\":\"https:\/\/ironsky.pl\/sklep\/produkt\/agras-t100-rama\/#primaryimage\"},\"image\":{\"@id\":\"https:\/\/ironsky.pl\/sklep\/produkt\/agras-t100-rama\/#primaryimage\"},\"thumbnailUrl\":\"https:\/\/ironsky.pl\/sklep\/wp-content\/uploads\/2026\/02\/56223_9.jpg\",\"datePublished\":\"2026-04-15T09:14:45+00:00\",\"dateModified\":\"2026-04-15T09:14:47+00:00\",\"description\":\"Agras T100 Rama - \u2705 sklep z dronami i fachowym doradztwem. \u2705 Tutaj kupisz produkty DJI, Yuneec, Parrot, Syma i wiele innych, a tak\u017ce kursy i licencje na operatora drona.\",\"breadcrumb\":{\"@id\":\"https:\/\/ironsky.pl\/sklep\/produkt\/agras-t100-rama\/#breadcrumb\"},\"inLanguage\":\"pl-PL\",\"potentialAction\":[{\"@type\":\"ReadAction\",\"target\":[\"https:\/\/ironsky.pl\/sklep\/produkt\/agras-t100-rama\/\"]}]},{\"@type\":\"ImageObject\",\"inLanguage\":\"pl-PL\",\"@id\":\"https:\/\/ironsky.pl\/sklep\/produkt\/agras-t100-rama\/#primaryimage\",\"url\":\"https:\/\/ironsky.pl\/sklep\/wp-content\/uploads\/2026\/02\/56223_9.jpg\",\"contentUrl\":\"https:\/\/ironsky.pl\/sklep\/wp-content\/uploads\/2026\/02\/56223_9.jpg\",\"width\":800,\"height\":800},{\"@type\":\"BreadcrumbList\",\"@id\":\"https:\/\/ironsky.pl\/sklep\/produkt\/agras-t100-rama\/#breadcrumb\",\"itemListElement\":[{\"@type\":\"ListItem\",\"position\":1,\"name\":\"Strona g\u0142\u00f3wna\",\"item\":\"https:\/\/ironsky.pl\/sklep\/\"},{\"@type\":\"ListItem\",\"position\":2,\"name\":\"Wszystkie produkty\",\"item\":\"https:\/\/ironsky.pl\/sklep\/produkty\/\"},{\"@type\":\"ListItem\",\"position\":3,\"name\":\"Agras T100 Rama\"}]},{\"@type\":\"WebSite\",\"@id\":\"https:\/\/ironsky.pl\/sklep\/#website\",\"url\":\"https:\/\/ironsky.pl\/sklep\/\",\"name\":\"IRONSKY.PL Sklep z Dronami\",\"description\":\"IRONSKY.PL Sklep z Dronami\",\"potentialAction\":[{\"@type\":\"SearchAction\",\"target\":{\"@type\":\"EntryPoint\",\"urlTemplate\":\"https:\/\/ironsky.pl\/sklep\/?s={search_term_string}\"},\"query-input\":{\"@type\":\"PropertyValueSpecification\",\"valueRequired\":true,\"valueName\":\"search_term_string\"}}],\"inLanguage\":\"pl-PL\"}]}<\/script>\n<!-- \/ Yoast SEO plugin. -->","yoast_head_json":{"title":"Agras T100 Rama - IRONSKY.PL Sklep z Dronami","description":"Agras T100 Rama - \u2705 sklep z dronami i fachowym doradztwem. \u2705 Tutaj kupisz produkty DJI, Yuneec, Parrot, Syma i wiele innych, a tak\u017ce kursy i licencje na operatora drona.","robots":{"index":"index","follow":"follow","max-snippet":"max-snippet:-1","max-image-preview":"max-image-preview:large","max-video-preview":"max-video-preview:-1"},"canonical":"https:\/\/ironsky.pl\/sklep\/produkt\/agras-t100-rama\/","og_locale":"pl_PL","og_type":"article","og_title":"Agras T100 Rama - IRONSKY.PL Sklep z Dronami","og_description":"Agras T100 Rama - \u2705 sklep z dronami i fachowym doradztwem. \u2705 Tutaj kupisz produkty DJI, Yuneec, Parrot, Syma i wiele innych, a tak\u017ce kursy i licencje na operatora drona.","og_url":"https:\/\/ironsky.pl\/sklep\/produkt\/agras-t100-rama\/","og_site_name":"IRONSKY.PL Sklep z Dronami","article_modified_time":"2026-04-15T09:14:47+00:00","og_image":[{"width":800,"height":800,"url":"https:\/\/ironsky.pl\/sklep\/wp-content\/uploads\/2026\/02\/56223_9.jpg","type":"image\/jpeg"}],"twitter_card":"summary_large_image","twitter_misc":{"Szacowany czas czytania":"6 minut"},"schema":{"@context":"https:\/\/schema.org","@graph":[{"@type":"WebPage","@id":"https:\/\/ironsky.pl\/sklep\/produkt\/agras-t100-rama\/","url":"https:\/\/ironsky.pl\/sklep\/produkt\/agras-t100-rama\/","name":"Agras T100 Rama - IRONSKY.PL Sklep z Dronami","isPartOf":{"@id":"https:\/\/ironsky.pl\/sklep\/#website"},"primaryImageOfPage":{"@id":"https:\/\/ironsky.pl\/sklep\/produkt\/agras-t100-rama\/#primaryimage"},"image":{"@id":"https:\/\/ironsky.pl\/sklep\/produkt\/agras-t100-rama\/#primaryimage"},"thumbnailUrl":"https:\/\/ironsky.pl\/sklep\/wp-content\/uploads\/2026\/02\/56223_9.jpg","datePublished":"2026-04-15T09:14:45+00:00","dateModified":"2026-04-15T09:14:47+00:00","description":"Agras T100 Rama - \u2705 sklep z dronami i fachowym doradztwem. \u2705 Tutaj kupisz produkty DJI, Yuneec, Parrot, Syma i wiele innych, a tak\u017ce kursy i licencje na operatora drona.","breadcrumb":{"@id":"https:\/\/ironsky.pl\/sklep\/produkt\/agras-t100-rama\/#breadcrumb"},"inLanguage":"pl-PL","potentialAction":[{"@type":"ReadAction","target":["https:\/\/ironsky.pl\/sklep\/produkt\/agras-t100-rama\/"]}]},{"@type":"ImageObject","inLanguage":"pl-PL","@id":"https:\/\/ironsky.pl\/sklep\/produkt\/agras-t100-rama\/#primaryimage","url":"https:\/\/ironsky.pl\/sklep\/wp-content\/uploads\/2026\/02\/56223_9.jpg","contentUrl":"https:\/\/ironsky.pl\/sklep\/wp-content\/uploads\/2026\/02\/56223_9.jpg","width":800,"height":800},{"@type":"BreadcrumbList","@id":"https:\/\/ironsky.pl\/sklep\/produkt\/agras-t100-rama\/#breadcrumb","itemListElement":[{"@type":"ListItem","position":1,"name":"Strona g\u0142\u00f3wna","item":"https:\/\/ironsky.pl\/sklep\/"},{"@type":"ListItem","position":2,"name":"Wszystkie produkty","item":"https:\/\/ironsky.pl\/sklep\/produkty\/"},{"@type":"ListItem","position":3,"name":"Agras T100 Rama"}]},{"@type":"WebSite","@id":"https:\/\/ironsky.pl\/sklep\/#website","url":"https:\/\/ironsky.pl\/sklep\/","name":"IRONSKY.PL Sklep z Dronami","description":"IRONSKY.PL Sklep z Dronami","potentialAction":[{"@type":"SearchAction","target":{"@type":"EntryPoint","urlTemplate":"https:\/\/ironsky.pl\/sklep\/?s={search_term_string}"},"query-input":{"@type":"PropertyValueSpecification","valueRequired":true,"valueName":"search_term_string"}}],"inLanguage":"pl-PL"}]}},"_links":{"self":[{"href":"https:\/\/ironsky.pl\/sklep\/wp-json\/wp\/v2\/product\/61195","targetHints":{"allow":["GET"]}}],"collection":[{"href":"https:\/\/ironsky.pl\/sklep\/wp-json\/wp\/v2\/product"}],"about":[{"href":"https:\/\/ironsky.pl\/sklep\/wp-json\/wp\/v2\/types\/product"}],"replies":[{"embeddable":true,"href":"https:\/\/ironsky.pl\/sklep\/wp-json\/wp\/v2\/comments?post=61195"}],"wp:featuredmedia":[{"embeddable":true,"href":"https:\/\/ironsky.pl\/sklep\/wp-json\/wp\/v2\/media\/51968"}],"wp:attachment":[{"href":"https:\/\/ironsky.pl\/sklep\/wp-json\/wp\/v2\/media?parent=61195"}],"wp:term":[{"taxonomy":"product_brand","embeddable":true,"href":"https:\/\/ironsky.pl\/sklep\/wp-json\/wp\/v2\/product_brand?post=61195"},{"taxonomy":"product_cat","embeddable":true,"href":"https:\/\/ironsky.pl\/sklep\/wp-json\/wp\/v2\/product_cat?post=61195"},{"taxonomy":"product_tag","embeddable":true,"href":"https:\/\/ironsky.pl\/sklep\/wp-json\/wp\/v2\/product_tag?post=61195"}],"curies":[{"name":"wp","href":"https:\/\/api.w.org\/{rel}","templated":true}]}}