{"id":61189,"date":"2026-04-15T11:14:11","date_gmt":"2026-04-15T09:14:11","guid":{"rendered":"https:\/\/ironsky.pl\/sklep\/produkt\/obudowa-ochronna-obiektywu-ze-szklem-hartowanym-puluz-dla-insta360-x4-air\/"},"modified":"2026-04-15T11:14:43","modified_gmt":"2026-04-15T09:14:43","slug":"obudowa-ochronna-obiektywu-ze-szklem-hartowanym-puluz-dla-insta360-x4-air","status":"publish","type":"product","link":"https:\/\/ironsky.pl\/sklep\/produkt\/obudowa-ochronna-obiektywu-ze-szklem-hartowanym-puluz-dla-insta360-x4-air\/","title":{"rendered":"Obudowa ochronna obiektywu ze szk\u0142em hartowanym Puluz dla Insta360 X4 Air"},"content":{"rendered":"<h3>Obudowa ochronna obiektywu ze szk\u0142em hartowanym Puluz dla Insta360 X4 Air<\/h3>\n<p>Obudowa ochronna Puluz to solidne zabezpieczenie stworzone z my\u015bl\u0105 o pe\u0142nej ochronie obiektywu kamery Insta360 X4 Air. Konstrukcja \u0142\u0105cz\u0105ca tworzywo PC i optyczne szk\u0142o hartowane skutecznie chroni najbardziej nara\u017cone elementy urz\u0105dzenia przed zarysowaniami, uderzeniami, zabrudzeniami i wilgoci\u0105. Dzi\u0119ki wysokiej przepuszczalno\u015bci \u015bwiat\u0142a oraz specjalnym pow\u0142okom akcesorium nie wp\u0142ywa na jako\u015b\u0107 obrazu, co pozwala zachowa\u0107 pe\u0142n\u0105 przejrzysto\u015b\u0107 nagra\u0144 niezale\u017cnie od warunk\u00f3w. Ponadto prosty monta\u017c umo\u017cliwia szybkie zak\u0142adanie i zdejmowanie os\u0142ony, co u\u0142atwia czyszczenie i przygotowanie kamery do kolejnych uj\u0119\u0107.<\/p>\n<p>\n<img decoding=\"async\" src=\"https:\/\/assets.innpro.pl\/18841\/25094\/Obudowa-ochronna-obiektywu-ze-szklem-hartowanym-Puluz-dla-Insta360-X4-Air-lifestyle-06.jpg\" border=\"0\" alt=\"Kamera Insta360 X4 Air z os\u0142on\u0105 obiektywu na niebieskim tle\" \/>\n<\/p>\n<h3>Materia\u0142 PC + szk\u0142o hartowane<\/h3>\n<p>Obudowa zosta\u0142a wykonana z po\u0142\u0105czenia odpornego na nacisk i korozj\u0119 tworzywa PC oraz optycznego szk\u0142a hartowanego, dzi\u0119ki czemu zapewnia stabilne i trwa\u0142e zabezpieczenie obszaru obiektywu. Zastosowane materia\u0142y gwarantuj\u0105 d\u0142ug\u0105 \u017cywotno\u015b\u0107 produktu podczas u\u017cytkowania w r\u00f3\u017cnych warunkach i skutecznie chroni\u0105 kamer\u0119 przed mechanicznymi uszkodzeniami.<\/p>\n<p>\n<img decoding=\"async\" src=\"https:\/\/assets.innpro.pl\/18841\/25094\/Obudowa-ochronna-obiektywu-ze-szklem-hartowanym-Puluz-dla-Insta360-X4-Air-lifestyle-01.jpg\" border=\"0\" alt=\"Kamera z zamontowan\u0105 os\u0142on\u0105 obiektywu  spadaj\u0105ca na kamienie\" \/>\n<\/p>\n<h3>Szk\u0142o optyczne o twardo\u015bci 9H<\/h3>\n<p>Hartowane szk\u0142o optyczne o twardo\u015bci 9H charakteryzuje si\u0119 znacznie wi\u0119ksz\u0105 odporno\u015bci\u0105 na zarysowania ni\u017c standardowe os\u0142ony plastikowe. Rozwi\u0105zanie to minimalizuje ryzyko powstawania mikrouszkodze\u0144, kt\u00f3re mog\u0142yby wp\u0142ywa\u0107 na jako\u015b\u0107 rejestrowanego materia\u0142u, zapewniaj\u0105c niezawodn\u0105 ochron\u0119 podczas codziennego filmowania.<\/p>\n<p>\n<img decoding=\"async\" src=\"https:\/\/assets.innpro.pl\/18841\/25094\/Obudowa-ochronna-obiektywu-ze-szklem-hartowanym-Puluz-dla-Insta360-X4-Air-lifestyle-05.jpg\" border=\"0\" alt=\"Dwie ma\u0142e kamery z zamontowanymi os\u0142onami obiektywu na tle br\u0105zowej ska\u0142y\" \/>\n<\/p>\n<h3>Wysoka przepuszczalno\u015b\u0107 \u015bwiat\u0142a<\/h3>\n<p>Szk\u0142o zastosowane w obudowie oferuje przepuszczalno\u015b\u0107 \u015bwiat\u0142a na poziomie zbli\u017conym do 92%, a dodatkowa pow\u0142oka AR zwi\u0119ksza j\u0105 do oko\u0142o 98%. Dzi\u0119ki temu obraz pozostaje jasny i przejrzysty, bez strat jako\u015bci, odbi\u0107 czy zniekszta\u0142ce\u0144. Tego typu konstrukcja pozwala zachowa\u0107 naturalny wygl\u0105d nagrywanej sceny zar\u00f3wno w dobrym, jak i s\u0142abszym o\u015bwietleniu.<\/p>\n<p>\n<img decoding=\"async\" src=\"https:\/\/assets.innpro.pl\/18841\/25094\/Obudowa-ochronna-obiektywu-ze-szklem-hartowanym-Puluz-dla-Insta360-X4-Air-lifestyle-02.jpg\" border=\"0\" alt=\"Dwie czarne kamery z os\u0142onami na obiektywach na tle zimowego krajobrazu\" \/>\n<\/p>\n<h3>Pow\u0142oka hydrofobowa i rozwi\u0105zania zapobiegaj\u0105ce parowaniu<\/h3>\n<p>Hydrofobowa pow\u0142oka o k\u0105cie 115\u00b0 sprawia, \u017ce na powierzchni szk\u0142a nie zatrzymuj\u0105 si\u0119 krople wody. Takie rozwi\u0105zanie zapewnia czysty i czytelny obraz nawet podczas pracy w deszczu lub wilgotnym \u015brodowisku \u2013 bez ryzyka powstawania smug czy zaciek\u00f3w, kt\u00f3re mog\u0142yby wp\u0142yn\u0105\u0107 na jako\u015b\u0107 rejestrowanych uj\u0119\u0107. Do tego dochodzi wewn\u0119trzny przep\u0142yw powietrza zapobiegaj\u0105cy parowaniu obiektywu. Dzi\u0119ki temu mo\u017cesz tworzy\u0107 ostre, wyra\u017ane materia\u0142y nawet w niesprzyjaj\u0105cych warunkach!<\/p>\n<p>\n<img decoding=\"async\" src=\"https:\/\/assets.innpro.pl\/18841\/25094\/Obudowa-ochronna-obiektywu-ze-szklem-hartowanym-Puluz-dla-Insta360-X4-Air-lifestyle-04.jpg\" border=\"0\" alt=\"Kamera z zamontowan\u0105 os\u0142on\u0105 obiektywu, strza\u0142ki pokazuj\u0105ce parowanie wody\" \/>\n<\/p>\n<h3>Monta\u017c typu snap-on<\/h3>\n<p>Zastosowany mechanizm zatrzaskowy umo\u017cliwia szybki i wygodny monta\u017c i demonta\u017c obudowy. Dzi\u0119ki temu mo\u017cesz z \u0142atwo\u015bci\u0105 zdj\u0105\u0107 os\u0142on\u0119 w celu wyczyszczenia wn\u0119trza lub przygotowania kamery do kolejnych sesji, bez potrzeby u\u017cywania dodatkowych narz\u0119dzi. Rozwi\u0105zanie to zwi\u0119ksza komfort u\u017cytkowania i skraca czas potrzebny na obs\u0142ug\u0119 sprz\u0119tu.<\/p>\n<p>\n<img decoding=\"async\" src=\"https:\/\/assets.innpro.pl\/18841\/25094\/Obudowa-ochronna-obiektywu-ze-szklem-hartowanym-Puluz-dla-Insta360-X4-Air-lifestyle-03.jpg\" border=\"0\" alt=\"Strza\u0142ka pokazuj\u0105ca otwieranie os\u0142ony obiektywu kamery Insta360 na tle o\u015bnie\u017conych g\u00f3rskich szczyt\u00f3w\" \/>\n<\/p>\n<h3>W zestawie<\/h3>\n<ul class=\"list-disc pl-5\">\n<li>Obudowa ochronna ze szk\u0142em hartowanym<\/li>\n<li>2x bawe\u0142niana chusteczka nas\u0105czona alkoholem<\/li>\n<\/ul>\n<div class=\"table-wrapper\">\n<p>\u00a0<\/p>\n<h3><\/h3>\n<table>\n<tbody>\n<tr>\n<th>Producent<\/th>\n<td>Puluz<\/td>\n<\/tr>\n<tr>\n<th>Model<\/th>\n<td>PU1066T<\/td>\n<\/tr>\n<tr>\n<th>Materia\u0142<\/th>\n<td>Szk\u0142o hartowane + PC<\/td>\n<\/tr>\n<tr>\n<th>Twardo\u015b\u0107 szk\u0142a<\/th>\n<td>9H<\/td>\n<\/tr>\n<tr>\n<th>Wymiary<\/th>\n<td>5,4 x 4,7 x 4,7 cm<\/td>\n<\/tr>\n<tr>\n<th>Kompatybilno\u015b\u0107<\/th>\n<td>Insta360 X4 Air<\/td>\n<\/tr>\n<\/tbody>\n<\/table>\n<\/div>\n","protected":false},"excerpt":{"rendered":"<p>Obudowa ochronna obiektywu ze szk\u0142em hartowanym Puluz dla Insta360 X4 Air Obudowa ochronna Puluz to solidne zabezpieczenie stworzone z my\u015bl\u0105<\/p>\n","protected":false},"featured_media":61190,"comment_status":"closed","ping_status":"open","template":"","meta":{"_acf_changed":false},"product_brand":[],"product_cat":[1130,1137,1128],"product_tag":[],"class_list":{"0":"post-61189","1":"product","2":"type-product","3":"status-publish","4":"has-post-thumbnail","6":"product_cat-akcesoria-foto","7":"product_cat-do-kamer-sportowych","8":"product_cat-foto-wideo","9":"pa_okres-gwarancji-5757","10":"pa_producent-puluz","12":"first","13":"outofstock","14":"taxable","15":"shipping-taxable","16":"purchasable","17":"product-type-simple"},"acf":[],"yoast_head":"<!-- This site is optimized with the Yoast SEO plugin v27.2 - https:\/\/yoast.com\/product\/yoast-seo-wordpress\/ -->\n<title>Obudowa ochronna obiektywu ze szk\u0142em hartowanym Puluz dla Insta360 X4 Air - IRONSKY.PL Sklep z Dronami<\/title>\n<meta name=\"description\" content=\"Obudowa ochronna obiektywu ze szk\u0142em hartowanym Puluz dla Insta360 X4 Air - \u2705 sklep z dronami i fachowym doradztwem. \u2705 Tutaj kupisz produkty DJI, Yuneec, Parrot, Syma i wiele innych, a tak\u017ce kursy i licencje na operatora drona.\" \/>\n<meta name=\"robots\" content=\"index, follow, max-snippet:-1, max-image-preview:large, max-video-preview:-1\" \/>\n<link rel=\"canonical\" href=\"https:\/\/ironsky.pl\/sklep\/produkt\/obudowa-ochronna-obiektywu-ze-szklem-hartowanym-puluz-dla-insta360-x4-air\/\" \/>\n<meta property=\"og:locale\" content=\"pl_PL\" \/>\n<meta property=\"og:type\" content=\"article\" \/>\n<meta property=\"og:title\" content=\"Obudowa ochronna obiektywu ze szk\u0142em hartowanym Puluz dla Insta360 X4 Air - IRONSKY.PL Sklep z Dronami\" \/>\n<meta property=\"og:description\" content=\"Obudowa ochronna obiektywu ze szk\u0142em hartowanym Puluz dla Insta360 X4 Air - \u2705 sklep z dronami i fachowym doradztwem. \u2705 Tutaj kupisz produkty DJI, Yuneec, Parrot, Syma i wiele innych, a tak\u017ce kursy i licencje na operatora drona.\" \/>\n<meta property=\"og:url\" content=\"https:\/\/ironsky.pl\/sklep\/produkt\/obudowa-ochronna-obiektywu-ze-szklem-hartowanym-puluz-dla-insta360-x4-air\/\" \/>\n<meta property=\"og:site_name\" content=\"IRONSKY.PL Sklep z Dronami\" \/>\n<meta property=\"article:modified_time\" content=\"2026-04-15T09:14:43+00:00\" \/>\n<meta property=\"og:image\" content=\"https:\/\/ironsky.pl\/sklep\/wp-content\/uploads\/2026\/04\/56221_1.jpg\" \/>\n\t<meta property=\"og:image:width\" content=\"800\" \/>\n\t<meta property=\"og:image:height\" content=\"800\" \/>\n\t<meta property=\"og:image:type\" content=\"image\/jpeg\" \/>\n<meta name=\"twitter:card\" content=\"summary_large_image\" \/>\n<meta name=\"twitter:label1\" content=\"Szacowany czas czytania\" \/>\n\t<meta name=\"twitter:data1\" content=\"2 minuty\" \/>\n<script type=\"application\/ld+json\" class=\"yoast-schema-graph\">{\"@context\":\"https:\/\/schema.org\",\"@graph\":[{\"@type\":\"WebPage\",\"@id\":\"https:\/\/ironsky.pl\/sklep\/produkt\/obudowa-ochronna-obiektywu-ze-szklem-hartowanym-puluz-dla-insta360-x4-air\/\",\"url\":\"https:\/\/ironsky.pl\/sklep\/produkt\/obudowa-ochronna-obiektywu-ze-szklem-hartowanym-puluz-dla-insta360-x4-air\/\",\"name\":\"Obudowa ochronna obiektywu ze szk\u0142em hartowanym Puluz dla Insta360 X4 Air - IRONSKY.PL Sklep z Dronami\",\"isPartOf\":{\"@id\":\"https:\/\/ironsky.pl\/sklep\/#website\"},\"primaryImageOfPage\":{\"@id\":\"https:\/\/ironsky.pl\/sklep\/produkt\/obudowa-ochronna-obiektywu-ze-szklem-hartowanym-puluz-dla-insta360-x4-air\/#primaryimage\"},\"image\":{\"@id\":\"https:\/\/ironsky.pl\/sklep\/produkt\/obudowa-ochronna-obiektywu-ze-szklem-hartowanym-puluz-dla-insta360-x4-air\/#primaryimage\"},\"thumbnailUrl\":\"https:\/\/ironsky.pl\/sklep\/wp-content\/uploads\/2026\/04\/56221_1.jpg\",\"datePublished\":\"2026-04-15T09:14:11+00:00\",\"dateModified\":\"2026-04-15T09:14:43+00:00\",\"description\":\"Obudowa ochronna obiektywu ze szk\u0142em hartowanym Puluz dla Insta360 X4 Air - \u2705 sklep z dronami i fachowym doradztwem. \u2705 Tutaj kupisz produkty DJI, Yuneec, Parrot, Syma i wiele innych, a tak\u017ce kursy i licencje na operatora drona.\",\"breadcrumb\":{\"@id\":\"https:\/\/ironsky.pl\/sklep\/produkt\/obudowa-ochronna-obiektywu-ze-szklem-hartowanym-puluz-dla-insta360-x4-air\/#breadcrumb\"},\"inLanguage\":\"pl-PL\",\"potentialAction\":[{\"@type\":\"ReadAction\",\"target\":[\"https:\/\/ironsky.pl\/sklep\/produkt\/obudowa-ochronna-obiektywu-ze-szklem-hartowanym-puluz-dla-insta360-x4-air\/\"]}]},{\"@type\":\"ImageObject\",\"inLanguage\":\"pl-PL\",\"@id\":\"https:\/\/ironsky.pl\/sklep\/produkt\/obudowa-ochronna-obiektywu-ze-szklem-hartowanym-puluz-dla-insta360-x4-air\/#primaryimage\",\"url\":\"https:\/\/ironsky.pl\/sklep\/wp-content\/uploads\/2026\/04\/56221_1.jpg\",\"contentUrl\":\"https:\/\/ironsky.pl\/sklep\/wp-content\/uploads\/2026\/04\/56221_1.jpg\",\"width\":800,\"height\":800},{\"@type\":\"BreadcrumbList\",\"@id\":\"https:\/\/ironsky.pl\/sklep\/produkt\/obudowa-ochronna-obiektywu-ze-szklem-hartowanym-puluz-dla-insta360-x4-air\/#breadcrumb\",\"itemListElement\":[{\"@type\":\"ListItem\",\"position\":1,\"name\":\"Strona g\u0142\u00f3wna\",\"item\":\"https:\/\/ironsky.pl\/sklep\/\"},{\"@type\":\"ListItem\",\"position\":2,\"name\":\"Wszystkie produkty\",\"item\":\"https:\/\/ironsky.pl\/sklep\/produkty\/\"},{\"@type\":\"ListItem\",\"position\":3,\"name\":\"Obudowa ochronna obiektywu ze szk\u0142em hartowanym Puluz dla Insta360 X4 Air\"}]},{\"@type\":\"WebSite\",\"@id\":\"https:\/\/ironsky.pl\/sklep\/#website\",\"url\":\"https:\/\/ironsky.pl\/sklep\/\",\"name\":\"IRONSKY.PL Sklep z Dronami\",\"description\":\"IRONSKY.PL Sklep z Dronami\",\"potentialAction\":[{\"@type\":\"SearchAction\",\"target\":{\"@type\":\"EntryPoint\",\"urlTemplate\":\"https:\/\/ironsky.pl\/sklep\/?s={search_term_string}\"},\"query-input\":{\"@type\":\"PropertyValueSpecification\",\"valueRequired\":true,\"valueName\":\"search_term_string\"}}],\"inLanguage\":\"pl-PL\"}]}<\/script>\n<!-- \/ Yoast SEO plugin. -->","yoast_head_json":{"title":"Obudowa ochronna obiektywu ze szk\u0142em hartowanym Puluz dla Insta360 X4 Air - IRONSKY.PL Sklep z Dronami","description":"Obudowa ochronna obiektywu ze szk\u0142em hartowanym Puluz dla Insta360 X4 Air - \u2705 sklep z dronami i fachowym doradztwem. \u2705 Tutaj kupisz produkty DJI, Yuneec, Parrot, Syma i wiele innych, a tak\u017ce kursy i licencje na operatora drona.","robots":{"index":"index","follow":"follow","max-snippet":"max-snippet:-1","max-image-preview":"max-image-preview:large","max-video-preview":"max-video-preview:-1"},"canonical":"https:\/\/ironsky.pl\/sklep\/produkt\/obudowa-ochronna-obiektywu-ze-szklem-hartowanym-puluz-dla-insta360-x4-air\/","og_locale":"pl_PL","og_type":"article","og_title":"Obudowa ochronna obiektywu ze szk\u0142em hartowanym Puluz dla Insta360 X4 Air - IRONSKY.PL Sklep z Dronami","og_description":"Obudowa ochronna obiektywu ze szk\u0142em hartowanym Puluz dla Insta360 X4 Air - \u2705 sklep z dronami i fachowym doradztwem. \u2705 Tutaj kupisz produkty DJI, Yuneec, Parrot, Syma i wiele innych, a tak\u017ce kursy i licencje na operatora drona.","og_url":"https:\/\/ironsky.pl\/sklep\/produkt\/obudowa-ochronna-obiektywu-ze-szklem-hartowanym-puluz-dla-insta360-x4-air\/","og_site_name":"IRONSKY.PL Sklep z Dronami","article_modified_time":"2026-04-15T09:14:43+00:00","og_image":[{"width":800,"height":800,"url":"https:\/\/ironsky.pl\/sklep\/wp-content\/uploads\/2026\/04\/56221_1.jpg","type":"image\/jpeg"}],"twitter_card":"summary_large_image","twitter_misc":{"Szacowany czas czytania":"2 minuty"},"schema":{"@context":"https:\/\/schema.org","@graph":[{"@type":"WebPage","@id":"https:\/\/ironsky.pl\/sklep\/produkt\/obudowa-ochronna-obiektywu-ze-szklem-hartowanym-puluz-dla-insta360-x4-air\/","url":"https:\/\/ironsky.pl\/sklep\/produkt\/obudowa-ochronna-obiektywu-ze-szklem-hartowanym-puluz-dla-insta360-x4-air\/","name":"Obudowa ochronna obiektywu ze szk\u0142em hartowanym Puluz dla Insta360 X4 Air - IRONSKY.PL Sklep z Dronami","isPartOf":{"@id":"https:\/\/ironsky.pl\/sklep\/#website"},"primaryImageOfPage":{"@id":"https:\/\/ironsky.pl\/sklep\/produkt\/obudowa-ochronna-obiektywu-ze-szklem-hartowanym-puluz-dla-insta360-x4-air\/#primaryimage"},"image":{"@id":"https:\/\/ironsky.pl\/sklep\/produkt\/obudowa-ochronna-obiektywu-ze-szklem-hartowanym-puluz-dla-insta360-x4-air\/#primaryimage"},"thumbnailUrl":"https:\/\/ironsky.pl\/sklep\/wp-content\/uploads\/2026\/04\/56221_1.jpg","datePublished":"2026-04-15T09:14:11+00:00","dateModified":"2026-04-15T09:14:43+00:00","description":"Obudowa ochronna obiektywu ze szk\u0142em hartowanym Puluz dla Insta360 X4 Air - \u2705 sklep z dronami i fachowym doradztwem. \u2705 Tutaj kupisz produkty DJI, Yuneec, Parrot, Syma i wiele innych, a tak\u017ce kursy i licencje na operatora drona.","breadcrumb":{"@id":"https:\/\/ironsky.pl\/sklep\/produkt\/obudowa-ochronna-obiektywu-ze-szklem-hartowanym-puluz-dla-insta360-x4-air\/#breadcrumb"},"inLanguage":"pl-PL","potentialAction":[{"@type":"ReadAction","target":["https:\/\/ironsky.pl\/sklep\/produkt\/obudowa-ochronna-obiektywu-ze-szklem-hartowanym-puluz-dla-insta360-x4-air\/"]}]},{"@type":"ImageObject","inLanguage":"pl-PL","@id":"https:\/\/ironsky.pl\/sklep\/produkt\/obudowa-ochronna-obiektywu-ze-szklem-hartowanym-puluz-dla-insta360-x4-air\/#primaryimage","url":"https:\/\/ironsky.pl\/sklep\/wp-content\/uploads\/2026\/04\/56221_1.jpg","contentUrl":"https:\/\/ironsky.pl\/sklep\/wp-content\/uploads\/2026\/04\/56221_1.jpg","width":800,"height":800},{"@type":"BreadcrumbList","@id":"https:\/\/ironsky.pl\/sklep\/produkt\/obudowa-ochronna-obiektywu-ze-szklem-hartowanym-puluz-dla-insta360-x4-air\/#breadcrumb","itemListElement":[{"@type":"ListItem","position":1,"name":"Strona g\u0142\u00f3wna","item":"https:\/\/ironsky.pl\/sklep\/"},{"@type":"ListItem","position":2,"name":"Wszystkie produkty","item":"https:\/\/ironsky.pl\/sklep\/produkty\/"},{"@type":"ListItem","position":3,"name":"Obudowa ochronna obiektywu ze szk\u0142em hartowanym Puluz dla Insta360 X4 Air"}]},{"@type":"WebSite","@id":"https:\/\/ironsky.pl\/sklep\/#website","url":"https:\/\/ironsky.pl\/sklep\/","name":"IRONSKY.PL Sklep z Dronami","description":"IRONSKY.PL Sklep z Dronami","potentialAction":[{"@type":"SearchAction","target":{"@type":"EntryPoint","urlTemplate":"https:\/\/ironsky.pl\/sklep\/?s={search_term_string}"},"query-input":{"@type":"PropertyValueSpecification","valueRequired":true,"valueName":"search_term_string"}}],"inLanguage":"pl-PL"}]}},"_links":{"self":[{"href":"https:\/\/ironsky.pl\/sklep\/wp-json\/wp\/v2\/product\/61189","targetHints":{"allow":["GET"]}}],"collection":[{"href":"https:\/\/ironsky.pl\/sklep\/wp-json\/wp\/v2\/product"}],"about":[{"href":"https:\/\/ironsky.pl\/sklep\/wp-json\/wp\/v2\/types\/product"}],"replies":[{"embeddable":true,"href":"https:\/\/ironsky.pl\/sklep\/wp-json\/wp\/v2\/comments?post=61189"}],"wp:featuredmedia":[{"embeddable":true,"href":"https:\/\/ironsky.pl\/sklep\/wp-json\/wp\/v2\/media\/61190"}],"wp:attachment":[{"href":"https:\/\/ironsky.pl\/sklep\/wp-json\/wp\/v2\/media?parent=61189"}],"wp:term":[{"taxonomy":"product_brand","embeddable":true,"href":"https:\/\/ironsky.pl\/sklep\/wp-json\/wp\/v2\/product_brand?post=61189"},{"taxonomy":"product_cat","embeddable":true,"href":"https:\/\/ironsky.pl\/sklep\/wp-json\/wp\/v2\/product_cat?post=61189"},{"taxonomy":"product_tag","embeddable":true,"href":"https:\/\/ironsky.pl\/sklep\/wp-json\/wp\/v2\/product_tag?post=61189"}],"curies":[{"name":"wp","href":"https:\/\/api.w.org\/{rel}","templated":true}]}}