{"id":61186,"date":"2026-04-15T11:14:11","date_gmt":"2026-04-15T09:14:11","guid":{"rendered":"https:\/\/ironsky.pl\/sklep\/produkt\/szklo-hartowane-puluz-dla-insta360-x4-air\/"},"modified":"2026-04-15T11:14:41","modified_gmt":"2026-04-15T09:14:41","slug":"szklo-hartowane-puluz-dla-insta360-x4-air","status":"publish","type":"product","link":"https:\/\/ironsky.pl\/sklep\/produkt\/szklo-hartowane-puluz-dla-insta360-x4-air\/","title":{"rendered":"Szk\u0142o hartowane Puluz dla Insta360 X4 Air"},"content":{"rendered":"<h3>Szk\u0142o hartowane Puluz dla Insta360 X4 Air<\/h3>\n<p>Szk\u0142o hartowane Puluz zosta\u0142o stworzone z my\u015bl\u0105 o skutecznej ochronie ekranu kamery Insta360 X4 Air. Dzi\u0119ki ultracienkiej konstrukcji nie pogrubia urz\u0105dzenia, a wysoka przepuszczalno\u015b\u0107 \u015bwiat\u0142a sprawia, \u017ce nie musisz obawia\u0107 si\u0119 pogorszenia jako\u015bci obrazu. Akcesorium jest przy tym bardzo proste w monta\u017cu. Wszystko to przek\u0142ada si\u0119 na komfort u\u017cytkowania i bezpiecze\u0144stwo w niemal ka\u017cdej sytuacji!<\/p>\n<p>\n<img decoding=\"async\" src=\"https:\/\/assets.innpro.pl\/18839\/25092\/Szklo-hartowane-Puluz-dla-Insta360-X4-Air-lifestyle-06.jpg\" border=\"0\" alt=\"Kamera Insta360 i szk\u0142o hartowane na ekran na szarym tle\" \/>\n<\/p>\n<h3>Wysoka twardo\u015b\u0107 i bezpiecze\u0144stwo u\u017cytkowania<\/h3>\n<p>Zastosowany materia\u0142 cechuje si\u0119 wysok\u0105 twardo\u015bci\u0105 9H, dzi\u0119ki czemu skutecznie chroni powierzchni\u0119 przed zarysowaniami i uszkodzeniami. W przypadku silnego uderzenia szk\u0142o p\u0119ka na drobne, nieostre fragmenty, co zwi\u0119ksza bezpiecze\u0144stwo u\u017cytkowania. Do tego dochodzi specjalna pow\u0142oka, kt\u00f3ra zabezpiecza ekran przed odciskami palc\u00f3w, wod\u0105, olejem i py\u0142em \u2013 z \u0142atwo\u015bci\u0105 utrzymasz go w czysto\u015bci!<\/p>\n<p>\n<img decoding=\"async\" src=\"https:\/\/assets.innpro.pl\/18839\/25092\/Szklo-hartowane-Puluz-dla-Insta360-X4-Air-lifestyle-01.jpg\" border=\"0\" alt=\"Ostrze rysuj\u0105ce ekran kamery na szarym tle\" \/>\n<\/p>\n<h3>Przejrzysto\u015b\u0107 i doskona\u0142e odwzorowanie obrazu<\/h3>\n<p>Szk\u0142o zosta\u0142o wykonane z wysokiej jako\u015bci materia\u0142u o bardzo du\u017cej przepuszczalno\u015bci \u015bwiat\u0142a, dzi\u0119ki czemu nie wp\u0142ywa na jasno\u015b\u0107 i kolory. Ponadto niska refleksyjno\u015b\u0107 zapewnia wyra\u017any obraz nawet w pe\u0142nym s\u0142o\u0144cu. Po zamontowaniu szk\u0142a jako\u015b\u0107 wy\u015bwietlanych tre\u015bci pozostaje identyczna jak na nieos\u0142oni\u0119tym ekranie.<\/p>\n<p>\n<img decoding=\"async\" src=\"https:\/\/assets.innpro.pl\/18839\/25092\/Szklo-hartowane-Puluz-dla-Insta360-X4-Air-lifestyle-02.jpg\" border=\"0\" alt=\"Kamera Insta360 i szk\u0142o hartowane na tle g\u00f3rskiego krajobrazu\" \/>\n<\/p>\n<h3>\u0141atwy monta\u017c i komfort u\u017cytkowania<\/h3>\n<p>Szk\u0142o charakteryzuje si\u0119 bardzo dobr\u0105 przyczepno\u015bci\u0105, a jedynym krokiem wymaganym przed monta\u017cem jest dok\u0142adne oczyszczenie ekranu. Proces instalacji jest szybki i bezproblemowy \u2013 zapomnij o irytuj\u0105cych p\u0119cherzykach powietrza. Co wi\u0119cej, kraw\u0119dzie akcesorium s\u0105 g\u0142adkie, co zapewnia przyjemne w dotyku wyko\u0144czenie, a wysoka jako\u015b\u0107 materia\u0142u gwarantuje d\u0142ug\u0105 \u017cywotno\u015b\u0107 \u2013 nawet przy intensywnym u\u017cytkowaniu.<\/p>\n<p>\n<img decoding=\"async\" src=\"https:\/\/assets.innpro.pl\/18839\/25092\/Szklo-hartowane-Puluz-dla-Insta360-X4-Air-lifestyle-05.jpg\" border=\"0\" alt=\"D\u0142o\u0144 korzystaj\u0105ca z ekranu dotykowego kamery na szarym tle\" \/>\n<\/p>\n<h3>W zestawie<\/h3>\n<ul class=\"list-disc pl-5\">\n<li>Szk\u0142o hartowane<\/li>\n<li>Naklejka do usuwania kurzu<\/li>\n<li>Naklejki u\u0142atwiaj\u0105ce monta\u017c<\/li>\n<li>\u015aciereczka do czyszczenia<\/li>\n<li>Chusteczki do czyszczenia<\/li>\n<\/ul>\n<div class=\"table-wrapper\">\n<p>\u00a0<\/p>\n<h3><\/h3>\n<table>\n<tbody>\n<tr>\n<th>Producent<\/th>\n<td>Puluz<\/td>\n<\/tr>\n<tr>\n<th>Model<\/th>\n<td>PU1068T<\/td>\n<\/tr>\n<tr>\n<th>Materia\u0142<\/th>\n<td>Szk\u0142o hartowane<\/td>\n<\/tr>\n<tr>\n<th>Kompatybilno\u015b\u0107<\/th>\n<td>Insta360 X4 Air<\/td>\n<\/tr>\n<\/tbody>\n<\/table>\n<\/div>\n","protected":false},"excerpt":{"rendered":"<p>Szk\u0142o hartowane Puluz dla Insta360 X4 Air Szk\u0142o hartowane Puluz zosta\u0142o stworzone z my\u015bl\u0105 o skutecznej ochronie ekranu kamery Insta360<\/p>\n","protected":false},"featured_media":61187,"comment_status":"closed","ping_status":"open","template":"","meta":{"_acf_changed":false},"product_brand":[],"product_cat":[1130,1137,1128],"product_tag":[],"class_list":{"0":"post-61186","1":"product","2":"type-product","3":"status-publish","4":"has-post-thumbnail","6":"product_cat-akcesoria-foto","7":"product_cat-do-kamer-sportowych","8":"product_cat-foto-wideo","9":"pa_okres-gwarancji-5757","10":"pa_producent-puluz","12":"first","13":"outofstock","14":"taxable","15":"shipping-taxable","16":"purchasable","17":"product-type-simple"},"acf":[],"yoast_head":"<!-- This site is optimized with the Yoast SEO plugin v27.2 - https:\/\/yoast.com\/product\/yoast-seo-wordpress\/ -->\n<title>Szk\u0142o hartowane Puluz dla Insta360 X4 Air - IRONSKY.PL Sklep z Dronami<\/title>\n<meta name=\"description\" content=\"Szk\u0142o hartowane Puluz dla Insta360 X4 Air - \u2705 sklep z dronami i fachowym doradztwem. \u2705 Tutaj kupisz produkty DJI, Yuneec, Parrot, Syma i wiele innych, a tak\u017ce kursy i licencje na operatora drona.\" \/>\n<meta name=\"robots\" content=\"index, follow, max-snippet:-1, max-image-preview:large, max-video-preview:-1\" \/>\n<link rel=\"canonical\" href=\"https:\/\/ironsky.pl\/sklep\/produkt\/szklo-hartowane-puluz-dla-insta360-x4-air\/\" \/>\n<meta property=\"og:locale\" content=\"pl_PL\" \/>\n<meta property=\"og:type\" content=\"article\" \/>\n<meta property=\"og:title\" content=\"Szk\u0142o hartowane Puluz dla Insta360 X4 Air - IRONSKY.PL Sklep z Dronami\" \/>\n<meta property=\"og:description\" content=\"Szk\u0142o hartowane Puluz dla Insta360 X4 Air - \u2705 sklep z dronami i fachowym doradztwem. \u2705 Tutaj kupisz produkty DJI, Yuneec, Parrot, Syma i wiele innych, a tak\u017ce kursy i licencje na operatora drona.\" \/>\n<meta property=\"og:url\" content=\"https:\/\/ironsky.pl\/sklep\/produkt\/szklo-hartowane-puluz-dla-insta360-x4-air\/\" \/>\n<meta property=\"og:site_name\" content=\"IRONSKY.PL Sklep z Dronami\" \/>\n<meta property=\"article:modified_time\" content=\"2026-04-15T09:14:41+00:00\" \/>\n<meta property=\"og:image\" content=\"https:\/\/ironsky.pl\/sklep\/wp-content\/uploads\/2026\/04\/56220_1.jpg\" \/>\n\t<meta property=\"og:image:width\" content=\"800\" \/>\n\t<meta property=\"og:image:height\" content=\"800\" \/>\n\t<meta property=\"og:image:type\" content=\"image\/jpeg\" \/>\n<meta name=\"twitter:card\" content=\"summary_large_image\" \/>\n<meta name=\"twitter:label1\" content=\"Szacowany czas czytania\" \/>\n\t<meta name=\"twitter:data1\" content=\"2 minuty\" \/>\n<script type=\"application\/ld+json\" class=\"yoast-schema-graph\">{\"@context\":\"https:\/\/schema.org\",\"@graph\":[{\"@type\":\"WebPage\",\"@id\":\"https:\/\/ironsky.pl\/sklep\/produkt\/szklo-hartowane-puluz-dla-insta360-x4-air\/\",\"url\":\"https:\/\/ironsky.pl\/sklep\/produkt\/szklo-hartowane-puluz-dla-insta360-x4-air\/\",\"name\":\"Szk\u0142o hartowane Puluz dla Insta360 X4 Air - IRONSKY.PL Sklep z Dronami\",\"isPartOf\":{\"@id\":\"https:\/\/ironsky.pl\/sklep\/#website\"},\"primaryImageOfPage\":{\"@id\":\"https:\/\/ironsky.pl\/sklep\/produkt\/szklo-hartowane-puluz-dla-insta360-x4-air\/#primaryimage\"},\"image\":{\"@id\":\"https:\/\/ironsky.pl\/sklep\/produkt\/szklo-hartowane-puluz-dla-insta360-x4-air\/#primaryimage\"},\"thumbnailUrl\":\"https:\/\/ironsky.pl\/sklep\/wp-content\/uploads\/2026\/04\/56220_1.jpg\",\"datePublished\":\"2026-04-15T09:14:11+00:00\",\"dateModified\":\"2026-04-15T09:14:41+00:00\",\"description\":\"Szk\u0142o hartowane Puluz dla Insta360 X4 Air - \u2705 sklep z dronami i fachowym doradztwem. \u2705 Tutaj kupisz produkty DJI, Yuneec, Parrot, Syma i wiele innych, a tak\u017ce kursy i licencje na operatora drona.\",\"breadcrumb\":{\"@id\":\"https:\/\/ironsky.pl\/sklep\/produkt\/szklo-hartowane-puluz-dla-insta360-x4-air\/#breadcrumb\"},\"inLanguage\":\"pl-PL\",\"potentialAction\":[{\"@type\":\"ReadAction\",\"target\":[\"https:\/\/ironsky.pl\/sklep\/produkt\/szklo-hartowane-puluz-dla-insta360-x4-air\/\"]}]},{\"@type\":\"ImageObject\",\"inLanguage\":\"pl-PL\",\"@id\":\"https:\/\/ironsky.pl\/sklep\/produkt\/szklo-hartowane-puluz-dla-insta360-x4-air\/#primaryimage\",\"url\":\"https:\/\/ironsky.pl\/sklep\/wp-content\/uploads\/2026\/04\/56220_1.jpg\",\"contentUrl\":\"https:\/\/ironsky.pl\/sklep\/wp-content\/uploads\/2026\/04\/56220_1.jpg\",\"width\":800,\"height\":800},{\"@type\":\"BreadcrumbList\",\"@id\":\"https:\/\/ironsky.pl\/sklep\/produkt\/szklo-hartowane-puluz-dla-insta360-x4-air\/#breadcrumb\",\"itemListElement\":[{\"@type\":\"ListItem\",\"position\":1,\"name\":\"Strona g\u0142\u00f3wna\",\"item\":\"https:\/\/ironsky.pl\/sklep\/\"},{\"@type\":\"ListItem\",\"position\":2,\"name\":\"Wszystkie produkty\",\"item\":\"https:\/\/ironsky.pl\/sklep\/produkty\/\"},{\"@type\":\"ListItem\",\"position\":3,\"name\":\"Szk\u0142o hartowane Puluz dla Insta360 X4 Air\"}]},{\"@type\":\"WebSite\",\"@id\":\"https:\/\/ironsky.pl\/sklep\/#website\",\"url\":\"https:\/\/ironsky.pl\/sklep\/\",\"name\":\"IRONSKY.PL Sklep z Dronami\",\"description\":\"IRONSKY.PL Sklep z Dronami\",\"potentialAction\":[{\"@type\":\"SearchAction\",\"target\":{\"@type\":\"EntryPoint\",\"urlTemplate\":\"https:\/\/ironsky.pl\/sklep\/?s={search_term_string}\"},\"query-input\":{\"@type\":\"PropertyValueSpecification\",\"valueRequired\":true,\"valueName\":\"search_term_string\"}}],\"inLanguage\":\"pl-PL\"}]}<\/script>\n<!-- \/ Yoast SEO plugin. -->","yoast_head_json":{"title":"Szk\u0142o hartowane Puluz dla Insta360 X4 Air - IRONSKY.PL Sklep z Dronami","description":"Szk\u0142o hartowane Puluz dla Insta360 X4 Air - \u2705 sklep z dronami i fachowym doradztwem. \u2705 Tutaj kupisz produkty DJI, Yuneec, Parrot, Syma i wiele innych, a tak\u017ce kursy i licencje na operatora drona.","robots":{"index":"index","follow":"follow","max-snippet":"max-snippet:-1","max-image-preview":"max-image-preview:large","max-video-preview":"max-video-preview:-1"},"canonical":"https:\/\/ironsky.pl\/sklep\/produkt\/szklo-hartowane-puluz-dla-insta360-x4-air\/","og_locale":"pl_PL","og_type":"article","og_title":"Szk\u0142o hartowane Puluz dla Insta360 X4 Air - IRONSKY.PL Sklep z Dronami","og_description":"Szk\u0142o hartowane Puluz dla Insta360 X4 Air - \u2705 sklep z dronami i fachowym doradztwem. \u2705 Tutaj kupisz produkty DJI, Yuneec, Parrot, Syma i wiele innych, a tak\u017ce kursy i licencje na operatora drona.","og_url":"https:\/\/ironsky.pl\/sklep\/produkt\/szklo-hartowane-puluz-dla-insta360-x4-air\/","og_site_name":"IRONSKY.PL Sklep z Dronami","article_modified_time":"2026-04-15T09:14:41+00:00","og_image":[{"width":800,"height":800,"url":"https:\/\/ironsky.pl\/sklep\/wp-content\/uploads\/2026\/04\/56220_1.jpg","type":"image\/jpeg"}],"twitter_card":"summary_large_image","twitter_misc":{"Szacowany czas czytania":"2 minuty"},"schema":{"@context":"https:\/\/schema.org","@graph":[{"@type":"WebPage","@id":"https:\/\/ironsky.pl\/sklep\/produkt\/szklo-hartowane-puluz-dla-insta360-x4-air\/","url":"https:\/\/ironsky.pl\/sklep\/produkt\/szklo-hartowane-puluz-dla-insta360-x4-air\/","name":"Szk\u0142o hartowane Puluz dla Insta360 X4 Air - IRONSKY.PL Sklep z Dronami","isPartOf":{"@id":"https:\/\/ironsky.pl\/sklep\/#website"},"primaryImageOfPage":{"@id":"https:\/\/ironsky.pl\/sklep\/produkt\/szklo-hartowane-puluz-dla-insta360-x4-air\/#primaryimage"},"image":{"@id":"https:\/\/ironsky.pl\/sklep\/produkt\/szklo-hartowane-puluz-dla-insta360-x4-air\/#primaryimage"},"thumbnailUrl":"https:\/\/ironsky.pl\/sklep\/wp-content\/uploads\/2026\/04\/56220_1.jpg","datePublished":"2026-04-15T09:14:11+00:00","dateModified":"2026-04-15T09:14:41+00:00","description":"Szk\u0142o hartowane Puluz dla Insta360 X4 Air - \u2705 sklep z dronami i fachowym doradztwem. \u2705 Tutaj kupisz produkty DJI, Yuneec, Parrot, Syma i wiele innych, a tak\u017ce kursy i licencje na operatora drona.","breadcrumb":{"@id":"https:\/\/ironsky.pl\/sklep\/produkt\/szklo-hartowane-puluz-dla-insta360-x4-air\/#breadcrumb"},"inLanguage":"pl-PL","potentialAction":[{"@type":"ReadAction","target":["https:\/\/ironsky.pl\/sklep\/produkt\/szklo-hartowane-puluz-dla-insta360-x4-air\/"]}]},{"@type":"ImageObject","inLanguage":"pl-PL","@id":"https:\/\/ironsky.pl\/sklep\/produkt\/szklo-hartowane-puluz-dla-insta360-x4-air\/#primaryimage","url":"https:\/\/ironsky.pl\/sklep\/wp-content\/uploads\/2026\/04\/56220_1.jpg","contentUrl":"https:\/\/ironsky.pl\/sklep\/wp-content\/uploads\/2026\/04\/56220_1.jpg","width":800,"height":800},{"@type":"BreadcrumbList","@id":"https:\/\/ironsky.pl\/sklep\/produkt\/szklo-hartowane-puluz-dla-insta360-x4-air\/#breadcrumb","itemListElement":[{"@type":"ListItem","position":1,"name":"Strona g\u0142\u00f3wna","item":"https:\/\/ironsky.pl\/sklep\/"},{"@type":"ListItem","position":2,"name":"Wszystkie produkty","item":"https:\/\/ironsky.pl\/sklep\/produkty\/"},{"@type":"ListItem","position":3,"name":"Szk\u0142o hartowane Puluz dla Insta360 X4 Air"}]},{"@type":"WebSite","@id":"https:\/\/ironsky.pl\/sklep\/#website","url":"https:\/\/ironsky.pl\/sklep\/","name":"IRONSKY.PL Sklep z Dronami","description":"IRONSKY.PL Sklep z Dronami","potentialAction":[{"@type":"SearchAction","target":{"@type":"EntryPoint","urlTemplate":"https:\/\/ironsky.pl\/sklep\/?s={search_term_string}"},"query-input":{"@type":"PropertyValueSpecification","valueRequired":true,"valueName":"search_term_string"}}],"inLanguage":"pl-PL"}]}},"_links":{"self":[{"href":"https:\/\/ironsky.pl\/sklep\/wp-json\/wp\/v2\/product\/61186","targetHints":{"allow":["GET"]}}],"collection":[{"href":"https:\/\/ironsky.pl\/sklep\/wp-json\/wp\/v2\/product"}],"about":[{"href":"https:\/\/ironsky.pl\/sklep\/wp-json\/wp\/v2\/types\/product"}],"replies":[{"embeddable":true,"href":"https:\/\/ironsky.pl\/sklep\/wp-json\/wp\/v2\/comments?post=61186"}],"wp:featuredmedia":[{"embeddable":true,"href":"https:\/\/ironsky.pl\/sklep\/wp-json\/wp\/v2\/media\/61187"}],"wp:attachment":[{"href":"https:\/\/ironsky.pl\/sklep\/wp-json\/wp\/v2\/media?parent=61186"}],"wp:term":[{"taxonomy":"product_brand","embeddable":true,"href":"https:\/\/ironsky.pl\/sklep\/wp-json\/wp\/v2\/product_brand?post=61186"},{"taxonomy":"product_cat","embeddable":true,"href":"https:\/\/ironsky.pl\/sklep\/wp-json\/wp\/v2\/product_cat?post=61186"},{"taxonomy":"product_tag","embeddable":true,"href":"https:\/\/ironsky.pl\/sklep\/wp-json\/wp\/v2\/product_tag?post=61186"}],"curies":[{"name":"wp","href":"https:\/\/api.w.org\/{rel}","templated":true}]}}