{"id":61166,"date":"2026-04-15T11:14:11","date_gmt":"2026-04-15T09:14:11","guid":{"rendered":"https:\/\/ironsky.pl\/sklep\/produkt\/silikonowe-euti-ochronne-puluz-dla-dji-osmo-nano-szare\/"},"modified":"2026-04-21T16:19:47","modified_gmt":"2026-04-21T14:19:47","slug":"silikonowe-euti-ochronne-puluz-dla-dji-osmo-nano-szare","status":"publish","type":"product","link":"https:\/\/ironsky.pl\/sklep\/produkt\/silikonowe-euti-ochronne-puluz-dla-dji-osmo-nano-szare\/","title":{"rendered":"Silikonowe euti ochronne Puluz dla DJI Osmo Nano (Szare)"},"content":{"rendered":"<h3>Silikonowe etui ochronne Puluz dla DJI Osmo Nano (Szare)<\/h3>\n<p>Zestaw silikonowych etui Puluz zosta\u0142 zaprojektowany specjalnie dla modelu DJI Osmo Nano, aby zabezpieczy\u0107 go podczas codziennego u\u017cytkowania i nagrywania w terenie. W komplecie znajdziesz os\u0142ony na kamer\u0119, obiektyw i stacj\u0119 dokuj\u0105c\u0105, dzi\u0119ki czemu wszystkie najwa\u017cniejsze elementy s\u0105 chronione przed zarysowaniem i upadkiem.<\/p>\n<p>\n<img decoding=\"async\" src=\"https:\/\/assets.innpro.pl\/18806\/25059\/Silikonowe-euti-ochronne-Puluz-dla-DJI-Osmo-Nano-Szare-lifestyle-02.jpg\" border=\"0\" alt=\"Kamera umieszczona w szarym silikonowym etui na tle nieba i bia\u0142ych chmur\" \/>\n<\/p>\n<h3>Idealne dopasowanie<\/h3>\n<p>Os\u0142ony zosta\u0142y wykonane na bazie rzeczywistego modelu Osmo Nano, co pozwoli\u0142o na precyzyjne odwzorowanie kszta\u0142tu kamery. Otwory na przyciski, mikrofon, port USB oraz baz\u0119 magnetyczn\u0105 s\u0105 idealnie dopasowane, dzi\u0119ki czemu akcesorium nie utrudnia korzystania z \u017cadnej funkcji i pozostaje stabilnie osadzone na urz\u0105dzeniu.<\/p>\n<p>\n<img decoding=\"async\" src=\"https:\/\/assets.innpro.pl\/18806\/25059\/Silikonowe-euti-ochronne-Puluz-dla-DJI-Osmo-Nano-Szare-lifestyle-01.jpg\" border=\"0\" alt=\"Pod\u0142\u0105czanie do \u0142adowania kamery w szarym silikonowym etui\" \/>\n<\/p>\n<h3>Mi\u0119kki silikon o wysokiej spr\u0119\u017cysto\u015bci<\/h3>\n<p>Wchodz\u0105ce w sk\u0142ad zestawu os\u0142ony zosta\u0142y wykonane z mi\u0119kkiego, elastycznego silikonu, kt\u00f3ry jest odporny na zu\u017cycie i uderzenia. Materia\u0142 chroni obudow\u0119, nie rysuj\u0105c przy tym powierzchni kamery. Co wi\u0119cej, waga zaledwie oko\u0142o 30 g sprawia, \u017ce akcesorium nie obci\u0105\u017ca urz\u0105dzenia i nie wp\u0142ywa na wygod\u0119 obs\u0142ugi. Dzi\u0119ki temu \u015bwietnie sprawdza si\u0119 podczas nagra\u0144 w ruchu!<\/p>\n<p>\n<img decoding=\"async\" src=\"https:\/\/assets.innpro.pl\/18806\/25059\/Silikonowe-euti-ochronne-Puluz-dla-DJI-Osmo-Nano-Szare-lifestyle-06.jpg\" border=\"0\" alt=\"Kamera DJI Osmo Nano i stacja dokuj\u0105ca w szarych etui na niebieskim tle\" \/>\n<\/p>\n<h3>Pow\u0142oka odporna na zabrudzenia<\/h3>\n<p>Silikon zosta\u0142 pokryty warstw\u0105 zapobiegaj\u0105c\u0105 osadzaniu si\u0119 kurzu i zabrudze\u0144. Dzi\u0119ki temu z \u0142atwo\u015bci\u0105 utrzymasz go w czysto\u015bci. Po u\u017cyciu os\u0142on wystarczy je przetrze\u0107, aby przywr\u00f3ci\u0107 im schludny wygl\u0105d.<\/p>\n<p>\n<img decoding=\"async\" src=\"https:\/\/assets.innpro.pl\/18806\/25059\/Silikonowe-euti-ochronne-Puluz-dla-DJI-Osmo-Nano-Szare-lifestyle-04.jpg\" border=\"0\" alt=\"Kamera DJI Osmo Nano w szarym silikonowym etui trzymana w d\u0142oni\" \/>\n<\/p>\n<h3>W zestawie<\/h3>\n<ul class=\"list-disc pl-5\">\n<li>Os\u0142ona na kamer\u0119<\/li>\n<li>Os\u0142ona na stacj\u0119 dokuj\u0105c\u0105<\/li>\n<li>Os\u0142ona na obiektyw<\/li>\n<\/ul>\n<div class=\"table-wrapper\">\n<p>\u00a0<\/p>\n<h3><\/h3>\n<table>\n<tbody>\n<tr>\n<th>Producent<\/th>\n<td>Puluz<\/td>\n<\/tr>\n<tr>\n<th>Model<\/th>\n<td>PU1060H<\/td>\n<\/tr>\n<tr>\n<th>Kolor<\/th>\n<td>Szary<\/td>\n<\/tr>\n<tr>\n<th>Materia\u0142<\/th>\n<td>Silikon<\/td>\n<\/tr>\n<tr>\n<th>Wymiary os\u0142ony na kamer\u0119<\/th>\n<td>6,4 x 2,6 x 3,2 cm<\/td>\n<\/tr>\n<tr>\n<th>Wymiary os\u0142ony na stacj\u0119 dokuj\u0105c\u0105<\/th>\n<td>6,3 x 2,6 x 4,1 cm<\/td>\n<\/tr>\n<tr>\n<th>Wymiary os\u0142ony na obiektyw<\/th>\n<td>3,1 x 3,4 x 0,5 cm<\/td>\n<\/tr>\n<tr>\n<th>Kompatybilno\u015b\u0107<\/th>\n<td>DJI Osmo Nano<\/td>\n<\/tr>\n<\/tbody>\n<\/table>\n<\/div>\n","protected":false},"excerpt":{"rendered":"<p>Silikonowe etui ochronne Puluz dla DJI Osmo Nano (Szare) Zestaw silikonowych etui Puluz zosta\u0142 zaprojektowany specjalnie dla modelu DJI Osmo<\/p>\n","protected":false},"featured_media":61167,"comment_status":"closed","ping_status":"open","template":"","meta":{"_acf_changed":false},"product_brand":[],"product_cat":[1128,6173,6172],"product_tag":[],"class_list":{"0":"post-61166","1":"product","2":"type-product","3":"status-publish","4":"has-post-thumbnail","6":"product_cat-foto-wideo","7":"product_cat-futeraly-i-etui","8":"product_cat-przechowywanie-i-transport","9":"pa_okres-gwarancji-5757","10":"pa_producent-puluz","12":"first","13":"instock","14":"taxable","15":"shipping-taxable","16":"purchasable","17":"product-type-simple"},"acf":[],"yoast_head":"<!-- This site is optimized with the Yoast SEO plugin v27.2 - https:\/\/yoast.com\/product\/yoast-seo-wordpress\/ -->\n<title>Silikonowe euti ochronne Puluz dla DJI Osmo Nano (Szare) - IRONSKY.PL Sklep z Dronami<\/title>\n<meta name=\"description\" content=\"Silikonowe euti ochronne Puluz dla DJI Osmo Nano (Szare) - \u2705 sklep z dronami i fachowym doradztwem. \u2705 Tutaj kupisz produkty DJI, Yuneec, Parrot, Syma i wiele innych, a tak\u017ce kursy i licencje na operatora drona.\" \/>\n<meta name=\"robots\" content=\"index, follow, max-snippet:-1, max-image-preview:large, max-video-preview:-1\" \/>\n<link rel=\"canonical\" href=\"https:\/\/ironsky.pl\/sklep\/produkt\/silikonowe-euti-ochronne-puluz-dla-dji-osmo-nano-szare\/\" \/>\n<meta property=\"og:locale\" content=\"pl_PL\" \/>\n<meta property=\"og:type\" content=\"article\" \/>\n<meta property=\"og:title\" content=\"Silikonowe euti ochronne Puluz dla DJI Osmo Nano (Szare) - IRONSKY.PL Sklep z Dronami\" \/>\n<meta property=\"og:description\" content=\"Silikonowe euti ochronne Puluz dla DJI Osmo Nano (Szare) - \u2705 sklep z dronami i fachowym doradztwem. \u2705 Tutaj kupisz produkty DJI, Yuneec, Parrot, Syma i wiele innych, a tak\u017ce kursy i licencje na operatora drona.\" \/>\n<meta property=\"og:url\" content=\"https:\/\/ironsky.pl\/sklep\/produkt\/silikonowe-euti-ochronne-puluz-dla-dji-osmo-nano-szare\/\" \/>\n<meta property=\"og:site_name\" content=\"IRONSKY.PL Sklep z Dronami\" \/>\n<meta property=\"article:modified_time\" content=\"2026-04-21T14:19:47+00:00\" \/>\n<meta property=\"og:image\" content=\"https:\/\/ironsky.pl\/sklep\/wp-content\/uploads\/2026\/04\/56213_1.jpg\" \/>\n\t<meta property=\"og:image:width\" content=\"800\" \/>\n\t<meta property=\"og:image:height\" content=\"800\" \/>\n\t<meta property=\"og:image:type\" content=\"image\/jpeg\" \/>\n<meta name=\"twitter:card\" content=\"summary_large_image\" \/>\n<meta name=\"twitter:label1\" content=\"Szacowany czas czytania\" \/>\n\t<meta name=\"twitter:data1\" content=\"1 minuta\" \/>\n<script type=\"application\/ld+json\" class=\"yoast-schema-graph\">{\"@context\":\"https:\/\/schema.org\",\"@graph\":[{\"@type\":\"WebPage\",\"@id\":\"https:\/\/ironsky.pl\/sklep\/produkt\/silikonowe-euti-ochronne-puluz-dla-dji-osmo-nano-szare\/\",\"url\":\"https:\/\/ironsky.pl\/sklep\/produkt\/silikonowe-euti-ochronne-puluz-dla-dji-osmo-nano-szare\/\",\"name\":\"Silikonowe euti ochronne Puluz dla DJI Osmo Nano (Szare) - IRONSKY.PL Sklep z Dronami\",\"isPartOf\":{\"@id\":\"https:\/\/ironsky.pl\/sklep\/#website\"},\"primaryImageOfPage\":{\"@id\":\"https:\/\/ironsky.pl\/sklep\/produkt\/silikonowe-euti-ochronne-puluz-dla-dji-osmo-nano-szare\/#primaryimage\"},\"image\":{\"@id\":\"https:\/\/ironsky.pl\/sklep\/produkt\/silikonowe-euti-ochronne-puluz-dla-dji-osmo-nano-szare\/#primaryimage\"},\"thumbnailUrl\":\"https:\/\/ironsky.pl\/sklep\/wp-content\/uploads\/2026\/04\/56213_1.jpg\",\"datePublished\":\"2026-04-15T09:14:11+00:00\",\"dateModified\":\"2026-04-21T14:19:47+00:00\",\"description\":\"Silikonowe euti ochronne Puluz dla DJI Osmo Nano (Szare) - \u2705 sklep z dronami i fachowym doradztwem. \u2705 Tutaj kupisz produkty DJI, Yuneec, Parrot, Syma i wiele innych, a tak\u017ce kursy i licencje na operatora drona.\",\"breadcrumb\":{\"@id\":\"https:\/\/ironsky.pl\/sklep\/produkt\/silikonowe-euti-ochronne-puluz-dla-dji-osmo-nano-szare\/#breadcrumb\"},\"inLanguage\":\"pl-PL\",\"potentialAction\":[{\"@type\":\"ReadAction\",\"target\":[\"https:\/\/ironsky.pl\/sklep\/produkt\/silikonowe-euti-ochronne-puluz-dla-dji-osmo-nano-szare\/\"]}]},{\"@type\":\"ImageObject\",\"inLanguage\":\"pl-PL\",\"@id\":\"https:\/\/ironsky.pl\/sklep\/produkt\/silikonowe-euti-ochronne-puluz-dla-dji-osmo-nano-szare\/#primaryimage\",\"url\":\"https:\/\/ironsky.pl\/sklep\/wp-content\/uploads\/2026\/04\/56213_1.jpg\",\"contentUrl\":\"https:\/\/ironsky.pl\/sklep\/wp-content\/uploads\/2026\/04\/56213_1.jpg\",\"width\":800,\"height\":800},{\"@type\":\"BreadcrumbList\",\"@id\":\"https:\/\/ironsky.pl\/sklep\/produkt\/silikonowe-euti-ochronne-puluz-dla-dji-osmo-nano-szare\/#breadcrumb\",\"itemListElement\":[{\"@type\":\"ListItem\",\"position\":1,\"name\":\"Strona g\u0142\u00f3wna\",\"item\":\"https:\/\/ironsky.pl\/sklep\/\"},{\"@type\":\"ListItem\",\"position\":2,\"name\":\"Wszystkie produkty\",\"item\":\"https:\/\/ironsky.pl\/sklep\/produkty\/\"},{\"@type\":\"ListItem\",\"position\":3,\"name\":\"Silikonowe euti ochronne Puluz dla DJI Osmo Nano (Szare)\"}]},{\"@type\":\"WebSite\",\"@id\":\"https:\/\/ironsky.pl\/sklep\/#website\",\"url\":\"https:\/\/ironsky.pl\/sklep\/\",\"name\":\"IRONSKY.PL Sklep z Dronami\",\"description\":\"IRONSKY.PL Sklep z Dronami\",\"potentialAction\":[{\"@type\":\"SearchAction\",\"target\":{\"@type\":\"EntryPoint\",\"urlTemplate\":\"https:\/\/ironsky.pl\/sklep\/?s={search_term_string}\"},\"query-input\":{\"@type\":\"PropertyValueSpecification\",\"valueRequired\":true,\"valueName\":\"search_term_string\"}}],\"inLanguage\":\"pl-PL\"}]}<\/script>\n<!-- \/ Yoast SEO plugin. -->","yoast_head_json":{"title":"Silikonowe euti ochronne Puluz dla DJI Osmo Nano (Szare) - IRONSKY.PL Sklep z Dronami","description":"Silikonowe euti ochronne Puluz dla DJI Osmo Nano (Szare) - \u2705 sklep z dronami i fachowym doradztwem. \u2705 Tutaj kupisz produkty DJI, Yuneec, Parrot, Syma i wiele innych, a tak\u017ce kursy i licencje na operatora drona.","robots":{"index":"index","follow":"follow","max-snippet":"max-snippet:-1","max-image-preview":"max-image-preview:large","max-video-preview":"max-video-preview:-1"},"canonical":"https:\/\/ironsky.pl\/sklep\/produkt\/silikonowe-euti-ochronne-puluz-dla-dji-osmo-nano-szare\/","og_locale":"pl_PL","og_type":"article","og_title":"Silikonowe euti ochronne Puluz dla DJI Osmo Nano (Szare) - IRONSKY.PL Sklep z Dronami","og_description":"Silikonowe euti ochronne Puluz dla DJI Osmo Nano (Szare) - \u2705 sklep z dronami i fachowym doradztwem. \u2705 Tutaj kupisz produkty DJI, Yuneec, Parrot, Syma i wiele innych, a tak\u017ce kursy i licencje na operatora drona.","og_url":"https:\/\/ironsky.pl\/sklep\/produkt\/silikonowe-euti-ochronne-puluz-dla-dji-osmo-nano-szare\/","og_site_name":"IRONSKY.PL Sklep z Dronami","article_modified_time":"2026-04-21T14:19:47+00:00","og_image":[{"width":800,"height":800,"url":"https:\/\/ironsky.pl\/sklep\/wp-content\/uploads\/2026\/04\/56213_1.jpg","type":"image\/jpeg"}],"twitter_card":"summary_large_image","twitter_misc":{"Szacowany czas czytania":"1 minuta"},"schema":{"@context":"https:\/\/schema.org","@graph":[{"@type":"WebPage","@id":"https:\/\/ironsky.pl\/sklep\/produkt\/silikonowe-euti-ochronne-puluz-dla-dji-osmo-nano-szare\/","url":"https:\/\/ironsky.pl\/sklep\/produkt\/silikonowe-euti-ochronne-puluz-dla-dji-osmo-nano-szare\/","name":"Silikonowe euti ochronne Puluz dla DJI Osmo Nano (Szare) - IRONSKY.PL Sklep z Dronami","isPartOf":{"@id":"https:\/\/ironsky.pl\/sklep\/#website"},"primaryImageOfPage":{"@id":"https:\/\/ironsky.pl\/sklep\/produkt\/silikonowe-euti-ochronne-puluz-dla-dji-osmo-nano-szare\/#primaryimage"},"image":{"@id":"https:\/\/ironsky.pl\/sklep\/produkt\/silikonowe-euti-ochronne-puluz-dla-dji-osmo-nano-szare\/#primaryimage"},"thumbnailUrl":"https:\/\/ironsky.pl\/sklep\/wp-content\/uploads\/2026\/04\/56213_1.jpg","datePublished":"2026-04-15T09:14:11+00:00","dateModified":"2026-04-21T14:19:47+00:00","description":"Silikonowe euti ochronne Puluz dla DJI Osmo Nano (Szare) - \u2705 sklep z dronami i fachowym doradztwem. \u2705 Tutaj kupisz produkty DJI, Yuneec, Parrot, Syma i wiele innych, a tak\u017ce kursy i licencje na operatora drona.","breadcrumb":{"@id":"https:\/\/ironsky.pl\/sklep\/produkt\/silikonowe-euti-ochronne-puluz-dla-dji-osmo-nano-szare\/#breadcrumb"},"inLanguage":"pl-PL","potentialAction":[{"@type":"ReadAction","target":["https:\/\/ironsky.pl\/sklep\/produkt\/silikonowe-euti-ochronne-puluz-dla-dji-osmo-nano-szare\/"]}]},{"@type":"ImageObject","inLanguage":"pl-PL","@id":"https:\/\/ironsky.pl\/sklep\/produkt\/silikonowe-euti-ochronne-puluz-dla-dji-osmo-nano-szare\/#primaryimage","url":"https:\/\/ironsky.pl\/sklep\/wp-content\/uploads\/2026\/04\/56213_1.jpg","contentUrl":"https:\/\/ironsky.pl\/sklep\/wp-content\/uploads\/2026\/04\/56213_1.jpg","width":800,"height":800},{"@type":"BreadcrumbList","@id":"https:\/\/ironsky.pl\/sklep\/produkt\/silikonowe-euti-ochronne-puluz-dla-dji-osmo-nano-szare\/#breadcrumb","itemListElement":[{"@type":"ListItem","position":1,"name":"Strona g\u0142\u00f3wna","item":"https:\/\/ironsky.pl\/sklep\/"},{"@type":"ListItem","position":2,"name":"Wszystkie produkty","item":"https:\/\/ironsky.pl\/sklep\/produkty\/"},{"@type":"ListItem","position":3,"name":"Silikonowe euti ochronne Puluz dla DJI Osmo Nano (Szare)"}]},{"@type":"WebSite","@id":"https:\/\/ironsky.pl\/sklep\/#website","url":"https:\/\/ironsky.pl\/sklep\/","name":"IRONSKY.PL Sklep z Dronami","description":"IRONSKY.PL Sklep z Dronami","potentialAction":[{"@type":"SearchAction","target":{"@type":"EntryPoint","urlTemplate":"https:\/\/ironsky.pl\/sklep\/?s={search_term_string}"},"query-input":{"@type":"PropertyValueSpecification","valueRequired":true,"valueName":"search_term_string"}}],"inLanguage":"pl-PL"}]}},"_links":{"self":[{"href":"https:\/\/ironsky.pl\/sklep\/wp-json\/wp\/v2\/product\/61166","targetHints":{"allow":["GET"]}}],"collection":[{"href":"https:\/\/ironsky.pl\/sklep\/wp-json\/wp\/v2\/product"}],"about":[{"href":"https:\/\/ironsky.pl\/sklep\/wp-json\/wp\/v2\/types\/product"}],"replies":[{"embeddable":true,"href":"https:\/\/ironsky.pl\/sklep\/wp-json\/wp\/v2\/comments?post=61166"}],"wp:featuredmedia":[{"embeddable":true,"href":"https:\/\/ironsky.pl\/sklep\/wp-json\/wp\/v2\/media\/61167"}],"wp:attachment":[{"href":"https:\/\/ironsky.pl\/sklep\/wp-json\/wp\/v2\/media?parent=61166"}],"wp:term":[{"taxonomy":"product_brand","embeddable":true,"href":"https:\/\/ironsky.pl\/sklep\/wp-json\/wp\/v2\/product_brand?post=61166"},{"taxonomy":"product_cat","embeddable":true,"href":"https:\/\/ironsky.pl\/sklep\/wp-json\/wp\/v2\/product_cat?post=61166"},{"taxonomy":"product_tag","embeddable":true,"href":"https:\/\/ironsky.pl\/sklep\/wp-json\/wp\/v2\/product_tag?post=61166"}],"curies":[{"name":"wp","href":"https:\/\/api.w.org\/{rel}","templated":true}]}}