{"id":61160,"date":"2026-04-15T11:14:11","date_gmt":"2026-04-15T09:14:11","guid":{"rendered":"https:\/\/ironsky.pl\/sklep\/produkt\/gorna-plytka-szybkiego-montazu-dji-do-rs-5\/"},"modified":"2026-04-23T15:28:46","modified_gmt":"2026-04-23T13:28:46","slug":"gorna-plytka-szybkiego-montazu-dji-do-rs-5","status":"publish","type":"product","link":"https:\/\/ironsky.pl\/sklep\/produkt\/gorna-plytka-szybkiego-montazu-dji-do-rs-5\/","title":{"rendered":"G\u00f3rna p\u0142ytka szybkiego monta\u017cu DJI do RS 5"},"content":{"rendered":"<h3>G\u00f3rna p\u0142ytka szybkiego monta\u017cu DJI do RS 5<\/h3>\n<p>G\u00f3rna p\u0142ytka szybkiego monta\u017cu zapewnia szybkie i solidne przymocowanie kamery do gimbala. Regulowana prowadnica pozycjonuj\u0105ca idealnie dopasowuje si\u0119 do dolnej cz\u0119\u015bci urz\u0105dzenia, gwarantuj\u0105c jego stabilno\u015b\u0107 i eliminuj\u0105c ryzyko przesuni\u0119\u0107 podczas pracy. Nawet przy zastosowaniu tylko jednej \u015bruby 1\/4\u2033 mo\u017cliwe jest bezpieczne, pozbawione luz\u00f3w mocowanie sprz\u0119tu. Dodatkowo kompaktowy rozmiar (55 \u00d7 38 \u00d7 18 mm) oraz lekka konstrukcja (oko\u0142o 28 g) sprawiaj\u0105, \u017ce element nie zaburza r\u00f3wnowagi ca\u0142ego zestawu. P\u0142ytka jest kompatybilna z modelami DJI RS 5, RS 4 Pro i RS 4.<\/p>\n<p>\n<img decoding=\"async\" src=\"https:\/\/assets.innpro.pl\/19520\/26018\/2.jpg\" border=\"0\" alt=\"Czarna g\u00f3rna p\u0142ytka szybkiego monta\u017cu DJI do RS 5 z centralnym otworem monta\u017cowym i ryflowan\u0105 powierzchni\u0105 antypo\u015blizgow\u0105\" \/>\n<\/p>\n<h3>W zestawie:<\/h3>\n<ul class=\"list-disc pl-5\">\n<li>\u015aruba monta\u017cowa do kamery typu D-Ring 1\/4\u2033-20 x1<\/li>\n<li>\u015aruba 1\/4\u2033-20<\/li>\n<li>G\u00f3rna p\u0142ytka szybkiego monta\u017cu RS 5<\/li>\n<\/ul>\n<div class=\"table-wrapper\">\n<p>\u00a0<\/p>\n<h3><\/h3>\n<table>\n<tbody>\n<tr>\n<th>Producent<\/th>\n<td>DJI<\/td>\n<\/tr>\n<tr>\n<th>Kod producenta<\/th>\n<td>CP.RN.00000502.01<\/td>\n<\/tr>\n<tr>\n<th>Waga<\/th>\n<td>Ok. 28 g<\/td>\n<\/tr>\n<tr>\n<th>Wymiary<\/th>\n<td>55 \u00d7 38 \u00d7 18 mm<\/td>\n<\/tr>\n<tr>\n<th>Kompatybilno\u015b\u0107<\/th>\n<td>DJI RS 5, DJI RS 4 Pro, DJI RS 4<\/td>\n<\/tr>\n<\/tbody>\n<\/table>\n<\/div>\n","protected":false},"excerpt":{"rendered":"<p>G\u00f3rna p\u0142ytka szybkiego monta\u017cu DJI do RS 5 G\u00f3rna p\u0142ytka szybkiego monta\u017cu zapewnia szybkie i solidne przymocowanie kamery do gimbala.<\/p>\n","protected":false},"featured_media":61161,"comment_status":"closed","ping_status":"open","template":"","meta":{"_acf_changed":false},"product_brand":[],"product_cat":[1130,6208,1128],"product_tag":[],"class_list":{"0":"post-61160","1":"product","2":"type-product","3":"status-publish","4":"has-post-thumbnail","6":"product_cat-akcesoria-foto","7":"product_cat-do-gimbali","8":"product_cat-foto-wideo","9":"pa_okres-gwarancji-5757","10":"pa_producent-dji","12":"first","13":"instock","14":"taxable","15":"shipping-taxable","16":"purchasable","17":"product-type-simple"},"acf":[],"yoast_head":"<!-- This site is optimized with the Yoast SEO plugin v27.2 - https:\/\/yoast.com\/product\/yoast-seo-wordpress\/ -->\n<title>G\u00f3rna p\u0142ytka szybkiego monta\u017cu DJI do RS 5 - IRONSKY.PL Sklep z Dronami<\/title>\n<meta name=\"description\" content=\"G\u00f3rna p\u0142ytka szybkiego monta\u017cu DJI do RS 5 - \u2705 sklep z dronami i fachowym doradztwem. \u2705 Tutaj kupisz produkty DJI, Yuneec, Parrot, Syma i wiele innych, a tak\u017ce kursy i licencje na operatora drona.\" \/>\n<meta name=\"robots\" content=\"index, follow, max-snippet:-1, max-image-preview:large, max-video-preview:-1\" \/>\n<link rel=\"canonical\" href=\"https:\/\/ironsky.pl\/sklep\/produkt\/gorna-plytka-szybkiego-montazu-dji-do-rs-5\/\" \/>\n<meta property=\"og:locale\" content=\"pl_PL\" \/>\n<meta property=\"og:type\" content=\"article\" \/>\n<meta property=\"og:title\" content=\"G\u00f3rna p\u0142ytka szybkiego monta\u017cu DJI do RS 5 - IRONSKY.PL Sklep z Dronami\" \/>\n<meta property=\"og:description\" content=\"G\u00f3rna p\u0142ytka szybkiego monta\u017cu DJI do RS 5 - \u2705 sklep z dronami i fachowym doradztwem. \u2705 Tutaj kupisz produkty DJI, Yuneec, Parrot, Syma i wiele innych, a tak\u017ce kursy i licencje na operatora drona.\" \/>\n<meta property=\"og:url\" content=\"https:\/\/ironsky.pl\/sklep\/produkt\/gorna-plytka-szybkiego-montazu-dji-do-rs-5\/\" \/>\n<meta property=\"og:site_name\" content=\"IRONSKY.PL Sklep z Dronami\" \/>\n<meta property=\"article:modified_time\" content=\"2026-04-23T13:28:46+00:00\" \/>\n<meta property=\"og:image\" content=\"https:\/\/ironsky.pl\/sklep\/wp-content\/uploads\/2026\/04\/56210_1.jpg\" \/>\n\t<meta property=\"og:image:width\" content=\"800\" \/>\n\t<meta property=\"og:image:height\" content=\"800\" \/>\n\t<meta property=\"og:image:type\" content=\"image\/jpeg\" \/>\n<meta name=\"twitter:card\" content=\"summary_large_image\" \/>\n<meta name=\"twitter:label1\" content=\"Szacowany czas czytania\" \/>\n\t<meta name=\"twitter:data1\" content=\"1 minuta\" \/>\n<script type=\"application\/ld+json\" class=\"yoast-schema-graph\">{\"@context\":\"https:\/\/schema.org\",\"@graph\":[{\"@type\":\"WebPage\",\"@id\":\"https:\/\/ironsky.pl\/sklep\/produkt\/gorna-plytka-szybkiego-montazu-dji-do-rs-5\/\",\"url\":\"https:\/\/ironsky.pl\/sklep\/produkt\/gorna-plytka-szybkiego-montazu-dji-do-rs-5\/\",\"name\":\"G\u00f3rna p\u0142ytka szybkiego monta\u017cu DJI do RS 5 - IRONSKY.PL Sklep z Dronami\",\"isPartOf\":{\"@id\":\"https:\/\/ironsky.pl\/sklep\/#website\"},\"primaryImageOfPage\":{\"@id\":\"https:\/\/ironsky.pl\/sklep\/produkt\/gorna-plytka-szybkiego-montazu-dji-do-rs-5\/#primaryimage\"},\"image\":{\"@id\":\"https:\/\/ironsky.pl\/sklep\/produkt\/gorna-plytka-szybkiego-montazu-dji-do-rs-5\/#primaryimage\"},\"thumbnailUrl\":\"https:\/\/ironsky.pl\/sklep\/wp-content\/uploads\/2026\/04\/56210_1.jpg\",\"datePublished\":\"2026-04-15T09:14:11+00:00\",\"dateModified\":\"2026-04-23T13:28:46+00:00\",\"description\":\"G\u00f3rna p\u0142ytka szybkiego monta\u017cu DJI do RS 5 - \u2705 sklep z dronami i fachowym doradztwem. \u2705 Tutaj kupisz produkty DJI, Yuneec, Parrot, Syma i wiele innych, a tak\u017ce kursy i licencje na operatora drona.\",\"breadcrumb\":{\"@id\":\"https:\/\/ironsky.pl\/sklep\/produkt\/gorna-plytka-szybkiego-montazu-dji-do-rs-5\/#breadcrumb\"},\"inLanguage\":\"pl-PL\",\"potentialAction\":[{\"@type\":\"ReadAction\",\"target\":[\"https:\/\/ironsky.pl\/sklep\/produkt\/gorna-plytka-szybkiego-montazu-dji-do-rs-5\/\"]}]},{\"@type\":\"ImageObject\",\"inLanguage\":\"pl-PL\",\"@id\":\"https:\/\/ironsky.pl\/sklep\/produkt\/gorna-plytka-szybkiego-montazu-dji-do-rs-5\/#primaryimage\",\"url\":\"https:\/\/ironsky.pl\/sklep\/wp-content\/uploads\/2026\/04\/56210_1.jpg\",\"contentUrl\":\"https:\/\/ironsky.pl\/sklep\/wp-content\/uploads\/2026\/04\/56210_1.jpg\",\"width\":800,\"height\":800},{\"@type\":\"BreadcrumbList\",\"@id\":\"https:\/\/ironsky.pl\/sklep\/produkt\/gorna-plytka-szybkiego-montazu-dji-do-rs-5\/#breadcrumb\",\"itemListElement\":[{\"@type\":\"ListItem\",\"position\":1,\"name\":\"Strona g\u0142\u00f3wna\",\"item\":\"https:\/\/ironsky.pl\/sklep\/\"},{\"@type\":\"ListItem\",\"position\":2,\"name\":\"Wszystkie produkty\",\"item\":\"https:\/\/ironsky.pl\/sklep\/produkty\/\"},{\"@type\":\"ListItem\",\"position\":3,\"name\":\"G\u00f3rna p\u0142ytka szybkiego monta\u017cu DJI do RS 5\"}]},{\"@type\":\"WebSite\",\"@id\":\"https:\/\/ironsky.pl\/sklep\/#website\",\"url\":\"https:\/\/ironsky.pl\/sklep\/\",\"name\":\"IRONSKY.PL Sklep z Dronami\",\"description\":\"IRONSKY.PL Sklep z Dronami\",\"potentialAction\":[{\"@type\":\"SearchAction\",\"target\":{\"@type\":\"EntryPoint\",\"urlTemplate\":\"https:\/\/ironsky.pl\/sklep\/?s={search_term_string}\"},\"query-input\":{\"@type\":\"PropertyValueSpecification\",\"valueRequired\":true,\"valueName\":\"search_term_string\"}}],\"inLanguage\":\"pl-PL\"}]}<\/script>\n<!-- \/ Yoast SEO plugin. -->","yoast_head_json":{"title":"G\u00f3rna p\u0142ytka szybkiego monta\u017cu DJI do RS 5 - IRONSKY.PL Sklep z Dronami","description":"G\u00f3rna p\u0142ytka szybkiego monta\u017cu DJI do RS 5 - \u2705 sklep z dronami i fachowym doradztwem. \u2705 Tutaj kupisz produkty DJI, Yuneec, Parrot, Syma i wiele innych, a tak\u017ce kursy i licencje na operatora drona.","robots":{"index":"index","follow":"follow","max-snippet":"max-snippet:-1","max-image-preview":"max-image-preview:large","max-video-preview":"max-video-preview:-1"},"canonical":"https:\/\/ironsky.pl\/sklep\/produkt\/gorna-plytka-szybkiego-montazu-dji-do-rs-5\/","og_locale":"pl_PL","og_type":"article","og_title":"G\u00f3rna p\u0142ytka szybkiego monta\u017cu DJI do RS 5 - IRONSKY.PL Sklep z Dronami","og_description":"G\u00f3rna p\u0142ytka szybkiego monta\u017cu DJI do RS 5 - \u2705 sklep z dronami i fachowym doradztwem. \u2705 Tutaj kupisz produkty DJI, Yuneec, Parrot, Syma i wiele innych, a tak\u017ce kursy i licencje na operatora drona.","og_url":"https:\/\/ironsky.pl\/sklep\/produkt\/gorna-plytka-szybkiego-montazu-dji-do-rs-5\/","og_site_name":"IRONSKY.PL Sklep z Dronami","article_modified_time":"2026-04-23T13:28:46+00:00","og_image":[{"width":800,"height":800,"url":"https:\/\/ironsky.pl\/sklep\/wp-content\/uploads\/2026\/04\/56210_1.jpg","type":"image\/jpeg"}],"twitter_card":"summary_large_image","twitter_misc":{"Szacowany czas czytania":"1 minuta"},"schema":{"@context":"https:\/\/schema.org","@graph":[{"@type":"WebPage","@id":"https:\/\/ironsky.pl\/sklep\/produkt\/gorna-plytka-szybkiego-montazu-dji-do-rs-5\/","url":"https:\/\/ironsky.pl\/sklep\/produkt\/gorna-plytka-szybkiego-montazu-dji-do-rs-5\/","name":"G\u00f3rna p\u0142ytka szybkiego monta\u017cu DJI do RS 5 - IRONSKY.PL Sklep z Dronami","isPartOf":{"@id":"https:\/\/ironsky.pl\/sklep\/#website"},"primaryImageOfPage":{"@id":"https:\/\/ironsky.pl\/sklep\/produkt\/gorna-plytka-szybkiego-montazu-dji-do-rs-5\/#primaryimage"},"image":{"@id":"https:\/\/ironsky.pl\/sklep\/produkt\/gorna-plytka-szybkiego-montazu-dji-do-rs-5\/#primaryimage"},"thumbnailUrl":"https:\/\/ironsky.pl\/sklep\/wp-content\/uploads\/2026\/04\/56210_1.jpg","datePublished":"2026-04-15T09:14:11+00:00","dateModified":"2026-04-23T13:28:46+00:00","description":"G\u00f3rna p\u0142ytka szybkiego monta\u017cu DJI do RS 5 - \u2705 sklep z dronami i fachowym doradztwem. \u2705 Tutaj kupisz produkty DJI, Yuneec, Parrot, Syma i wiele innych, a tak\u017ce kursy i licencje na operatora drona.","breadcrumb":{"@id":"https:\/\/ironsky.pl\/sklep\/produkt\/gorna-plytka-szybkiego-montazu-dji-do-rs-5\/#breadcrumb"},"inLanguage":"pl-PL","potentialAction":[{"@type":"ReadAction","target":["https:\/\/ironsky.pl\/sklep\/produkt\/gorna-plytka-szybkiego-montazu-dji-do-rs-5\/"]}]},{"@type":"ImageObject","inLanguage":"pl-PL","@id":"https:\/\/ironsky.pl\/sklep\/produkt\/gorna-plytka-szybkiego-montazu-dji-do-rs-5\/#primaryimage","url":"https:\/\/ironsky.pl\/sklep\/wp-content\/uploads\/2026\/04\/56210_1.jpg","contentUrl":"https:\/\/ironsky.pl\/sklep\/wp-content\/uploads\/2026\/04\/56210_1.jpg","width":800,"height":800},{"@type":"BreadcrumbList","@id":"https:\/\/ironsky.pl\/sklep\/produkt\/gorna-plytka-szybkiego-montazu-dji-do-rs-5\/#breadcrumb","itemListElement":[{"@type":"ListItem","position":1,"name":"Strona g\u0142\u00f3wna","item":"https:\/\/ironsky.pl\/sklep\/"},{"@type":"ListItem","position":2,"name":"Wszystkie produkty","item":"https:\/\/ironsky.pl\/sklep\/produkty\/"},{"@type":"ListItem","position":3,"name":"G\u00f3rna p\u0142ytka szybkiego monta\u017cu DJI do RS 5"}]},{"@type":"WebSite","@id":"https:\/\/ironsky.pl\/sklep\/#website","url":"https:\/\/ironsky.pl\/sklep\/","name":"IRONSKY.PL Sklep z Dronami","description":"IRONSKY.PL Sklep z Dronami","potentialAction":[{"@type":"SearchAction","target":{"@type":"EntryPoint","urlTemplate":"https:\/\/ironsky.pl\/sklep\/?s={search_term_string}"},"query-input":{"@type":"PropertyValueSpecification","valueRequired":true,"valueName":"search_term_string"}}],"inLanguage":"pl-PL"}]}},"_links":{"self":[{"href":"https:\/\/ironsky.pl\/sklep\/wp-json\/wp\/v2\/product\/61160","targetHints":{"allow":["GET"]}}],"collection":[{"href":"https:\/\/ironsky.pl\/sklep\/wp-json\/wp\/v2\/product"}],"about":[{"href":"https:\/\/ironsky.pl\/sklep\/wp-json\/wp\/v2\/types\/product"}],"replies":[{"embeddable":true,"href":"https:\/\/ironsky.pl\/sklep\/wp-json\/wp\/v2\/comments?post=61160"}],"wp:featuredmedia":[{"embeddable":true,"href":"https:\/\/ironsky.pl\/sklep\/wp-json\/wp\/v2\/media\/61161"}],"wp:attachment":[{"href":"https:\/\/ironsky.pl\/sklep\/wp-json\/wp\/v2\/media?parent=61160"}],"wp:term":[{"taxonomy":"product_brand","embeddable":true,"href":"https:\/\/ironsky.pl\/sklep\/wp-json\/wp\/v2\/product_brand?post=61160"},{"taxonomy":"product_cat","embeddable":true,"href":"https:\/\/ironsky.pl\/sklep\/wp-json\/wp\/v2\/product_cat?post=61160"},{"taxonomy":"product_tag","embeddable":true,"href":"https:\/\/ironsky.pl\/sklep\/wp-json\/wp\/v2\/product_tag?post=61160"}],"curies":[{"name":"wp","href":"https:\/\/api.w.org\/{rel}","templated":true}]}}