{"id":61142,"date":"2026-04-15T11:14:11","date_gmt":"2026-04-15T09:14:11","guid":{"rendered":"https:\/\/ironsky.pl\/sklep\/produkt\/serwer-plikow-nas-ugreen-dh2300-2-dyskowy-a72a53-4gb-ddr4-1gbe-4k-kabel-hdmi\/"},"modified":"2026-04-15T11:14:14","modified_gmt":"2026-04-15T09:14:14","slug":"serwer-plikow-nas-ugreen-dh2300-2-dyskowy-a72a53-4gb-ddr4-1gbe-4k-kabel-hdmi","status":"publish","type":"product","link":"https:\/\/ironsky.pl\/sklep\/produkt\/serwer-plikow-nas-ugreen-dh2300-2-dyskowy-a72a53-4gb-ddr4-1gbe-4k-kabel-hdmi\/","title":{"rendered":"Serwer plik\u00f3w NAS Ugreen DH2300, 2-dyskowy, A72+A53, 4GB DDR4, 1GbE, 4K + kabel HDMI"},"content":{"rendered":"<h3>Serwer plik\u00f3w NAS Ugreen DH2300, 2-dyskowy, A72+A53, 4GB DDR4, 1GbE, 4K + kabel HDMI<\/h3>\n<p>UGREEN NASync DH2300 wykorzystuje o\u015bmiordzeniowy procesor Rockchip A72+A53 z moc\u0105 obliczeniow\u0105 6 TOPS i niskim TDP 10 W, zapewniaj\u0105c p\u0142ynn\u0105 prac\u0119, responsywny system i stabiln\u0105 obs\u0142ug\u0119 wszystkich us\u0142ug multimedialnych. W po\u0142\u0105czeniu z 4 GB pami\u0119ci RAM LPDDR4X urz\u0105dzenie idealnie nadaje si\u0119 do codziennego przechowywania plik\u00f3w, strumieniowania 4K, edycji wideo i obs\u0142ugi funkcji AI &#8211; wszystko przy zachowaniu cichej, energooszcz\u0119dnej pracy.<\/p>\n<p>\n<img decoding=\"async\" src=\"https:\/\/assets.innpro.pl\/18763\/24969\/Serwer-plikow-NAS-Ugreen-DH2300-2-dyskowy-A72-A53-4GB-DDR4-1GbE-4K-kabel-HDMI-lifestyle-02.jpg\" border=\"0\" alt=\"Serwer NAS UGREEN na drewnianym stole w salonie obok laptopa i notatnika, rozmyte t\u0142o z sof\u0105\" \/>\n<\/p>\n<h3>Du\u017ca przestrze\u0144 danych<\/h3>\n<p>UGREEN NASync DH2300 to 2-zatokowy serwer NAS o maksymalnej pojemno\u015bci a\u017c 60 TB, wystarczaj\u0105cej na archiwizacj\u0119 21 milion\u00f3w zdj\u0119\u0107, 40 tysi\u0119cy film\u00f3w 1.5 GB, 62 milion\u00f3w dokument\u00f3w lub ponad 2 milion\u00f3w piosenek. To rozwi\u0105zanie, dzi\u0119ki kt\u00f3remu wszystkie pliki domowe czy firmowe znajduj\u0105 si\u0119 w jednym, bezpiecznym miejscu \u2013 bez potrzeby wykupywania kosztownych abonament\u00f3w.<\/p>\n<p>\n<img decoding=\"async\" src=\"https:\/\/assets.innpro.pl\/18763\/24969\/Serwer-plikow-NAS-Ugreen-DH2300-2-dyskowy-A72-A53-4GB-DDR4-1GbE-4K-kabel-HDMI-lifestyle-05.jpg\" border=\"0\" alt=\"Serwer NAS UGREEN w przezroczystym pude\u0142ku z rodzinnymi zdj\u0119ciami, stoj\u0105cy na drewnianym blacie\" \/>\n<\/p>\n<h3>Realne oszcz\u0119dno\u015bci<\/h3>\n<p>W por\u00f3wnaniu z us\u0142ugami chmurowymi UGREEN NASync DH2300 pozwala oszcz\u0119dzi\u0107 setki dolar\u00f3w rocznie. Jednorazowy zakup urz\u0105dzenia i dysk\u00f3w (np. 12 TB) to koszt oko\u0142o $459.98, podczas gdy pi\u0119cioletni abonament 12 TB w us\u0142ugach iCloud, Microsoft 365 czy Google One mo\u017ce wynie\u015b\u0107 nawet ponad $3500. Dzi\u0119ki temu modele NASync DH eliminuj\u0105 stale rosn\u0105ce op\u0142aty i zapewniaj\u0105 najwy\u017csz\u0105 prywatno\u015b\u0107 danych przechowywanych lokalnie, bez ryzyka utraty dost\u0119pu do zewn\u0119trznych serwer\u00f3w.<\/p>\n<p>\n<img decoding=\"async\" src=\"https:\/\/assets.innpro.pl\/18763\/24969\/Serwer-plikow-NAS-Ugreen-DH2300-2-dyskowy-A72-A53-4GB-DDR4-1GbE-4K-kabel-HDMI-lifestyle-03.jpg\" border=\"0\" alt=\"M\u0119\u017cczyzna z tabletem zarz\u0105dza serwerem UGREEN na drewnianej komodzie z aparatem i ksi\u0105\u017ckami\" \/>\n<\/p>\n<h3>AI wspiera organizacj\u0119<\/h3>\n<p>UGREEN NASync DH2300 korzysta z systemu UGOS Pro, oferuj\u0105c zaawansowane funkcje AI dla zdj\u0119\u0107 i multimedi\u00f3w. Album AI automatycznie sortuje fotografie wed\u0142ug twarzy, scen i miejsc, usuwa duplikaty, rozpoznaje tekst (OCR) oraz tworzy inteligentne, rodzinne albumy. Wsp\u00f3lne udost\u0119pnianie odbywa si\u0119 za pomoc\u0105 linku lub kodu QR, a dane z wszystkich urz\u0105dze\u0144 mog\u0105 by\u0107 kopiowane automatycznie, bezinterwencyjnie i w pe\u0142ni bezpiecznie.<\/p>\n<p>\n<img decoding=\"async\" src=\"https:\/\/assets.innpro.pl\/18763\/24969\/Serwer-plikow-NAS-Ugreen-DH2300-2-dyskowy-A72-A53-4GB-DDR4-1GbE-4K-kabel-HDMI-lifestyle-04.jpg\" border=\"0\" alt=\"Wizualizacja 3D \u015bwiec\u0105cego procesora z architektur\u0105 uk\u0142ad\u00f3w scalonych w z\u0142otym kolorze\" \/>\n<\/p>\n<h3>Prywatno\u015b\u0107 i bezpiecze\u0144stwo<\/h3>\n<p>UGREEN NASync DH2300 zapewnia wielowarstwow\u0105 ochron\u0119 danych, w tym certyfikacj\u0119 T\u00dcV, szyfrowanie TLS\/SSL, RSA i AES, a tak\u017ce mechanizmy RAID chroni\u0105ce przed utrat\u0105 danych. Dodatkowy \u201ebezpieczny skarbiec\u201d pozwala przechowywa\u0107 poufne dokumenty w dedykowanej przestrzeni, a dost\u0119p chroniony jest uwierzytelnianiem dwusk\u0142adnikowym. W por\u00f3wnaniu z dyskami zewn\u0119trznymi i us\u0142ugami chmurowymi u\u017cytkownik zachowuje pe\u0142n\u0105 kontrol\u0119 i prywatno\u015b\u0107 danych.<\/p>\n<p>\n<img decoding=\"async\" src=\"https:\/\/assets.innpro.pl\/18763\/24969\/Serwer-plikow-NAS-Ugreen-DH2300-2-dyskowy-A72-A53-4GB-DDR4-1GbE-4K-kabel-HDMI-lifestyle-06.jpg\" border=\"0\" alt=\"Kobieta montuje wideo na komputerze ze s\u0142uchawkami i mikrofonem, serwer UGREEN na biurku\" \/>\n<\/p>\n<h3>\u0141\u0105czno\u015b\u0107 i wydajno\u015b\u0107 transfer\u00f3w<\/h3>\n<p>Urz\u0105dzenie wyposa\u017cono w port LAN 1GbE o pr\u0119dko\u015bci do 125 MB\/s, co jest nawet 12-krotnie szybsze ni\u017c standardowy upload do chmury. Opr\u00f3cz dw\u00f3ch zatok dyskowych, NASync DH2300 oferuje USB-C 3.2 Gen1, dwa USB-A 3.2 Gen1, zasilanie DC 12V oraz wyj\u015bcie HDMI 4K 60Hz, dzi\u0119ki kt\u00f3remu mo\u017cesz odtwarza\u0107 filmy bezpo\u015brednio na telewizorze, tworz\u0105c w\u0142asne domowe centrum rozrywki.<\/p>\n<p>\n<img decoding=\"async\" src=\"https:\/\/assets.innpro.pl\/18763\/24969\/Serwer-plikow-NAS-Ugreen-DH2300-2-dyskowy-A72-A53-4GB-DDR4-1GbE-4K-kabel-HDMI-lifestyle-01.jpg\" border=\"0\" alt=\"D\u0142o\u0144 z telefonem nad serwerem NAS UGREEN na szafce, TV i ksi\u0105\u017cki w tle\" \/>\n<\/p>\n<h3>Multimedia 4K i streaming<\/h3>\n<p>UGREEN NASync DH2300 bez problemu radzi sobie z odtwarzaniem i organizacj\u0105 kolekcji film\u00f3w w jako\u015bci 4K. Urz\u0105dzenie umo\u017cliwia streaming muzyki i wideo, porz\u0105dkuje zdj\u0119cia w albumy i pozwala wygodnie udost\u0119pnia\u0107 multimedia rodzinie lub znajomym. To nowoczesne centrum domowej rozrywki, kt\u00f3re dzia\u0142a jak prywatna chmura, ale z pe\u0142n\u0105 kontrol\u0105 i bez abonament\u00f3w.<\/p>\n<p>\n<img decoding=\"async\" src=\"https:\/\/assets.innpro.pl\/18763\/24969\/Serwer-plikow-NAS-Ugreen-DH2300-2-dyskowy-A72-A53-4GB-DDR4-1GbE-4K-kabel-HDMI-lifestyle-08.jpg\" border=\"0\" alt=\"Dw\u00f3ch m\u0119\u017cczyzn pracuje przy komputerach Mac z serwerem UGREEN mi\u0119dzy nimi, tablica ze zdj\u0119ciami w tle\" \/>\n<\/p>\n<h3>Synchronizacja i kopie zapasowe<\/h3>\n<p>System Smart Sync pozwala na automatyczne wykonywanie kopii zapasowych z komputer\u00f3w, smartfon\u00f3w i tablet\u00f3w, a tak\u017ce umo\u017cliwia synchronizacj\u0119 z istniej\u0105cymi dyskami chmurowymi. Dzi\u0119ki temu UGREEN NASync DH2300 scala wszystkie \u017ar\u00f3d\u0142a danych w jednym miejscu, zapewniaj\u0105c zsynchronizowany, bezpieczny i \u0142atwo dost\u0119pny ekosystem plik\u00f3w dla ca\u0142ej rodziny lub zespo\u0142u.<\/p>\n<p>\n<img decoding=\"async\" src=\"https:\/\/assets.innpro.pl\/18763\/24969\/Serwer-plikow-NAS-Ugreen-DH2300-2-dyskowy-A72-A53-4GB-DDR4-1GbE-4K-kabel-HDMI-lifestyle-09.jpg\" border=\"0\" alt=\"Rodzina z psem golden retriever ogl\u0105da TV z interfejsem medialnym, serwer UGREEN na komodzie\" \/>\n<\/p>\n<h3>Minimalizm i prosta instalacja<\/h3>\n<p>UGREEN NASync DH2300 wyr\u00f3\u017cnia si\u0119 kompaktowym, minimalistycznym designem oraz ch\u0142odzeniem bezwentylatorowym, kt\u00f3re zapewnia cich\u0105 prac\u0119. Instalacja jest bardzo prosta \u2013 wystarczy wysun\u0105\u0107 tack\u0119, zamocowa\u0107 dysk, wsun\u0105\u0107 j\u0105 z powrotem i uruchomi\u0107 urz\u0105dzenie. Funkcja NFC Tap to Connect umo\u017cliwia b\u0142yskawiczne po\u0142\u0105czenie telefonu, daj\u0105c natychmiastowy dost\u0119p do wszystkich danych.<\/p>\n<p>\n<img decoding=\"async\" src=\"https:\/\/assets.innpro.pl\/18763\/24969\/Serwer-plikow-NAS-Ugreen-DH2300-2-dyskowy-A72-A53-4GB-DDR4-1GbE-4K-kabel-HDMI-lifestyle-07.jpg\" border=\"0\" alt=\"M\u0119\u017cczyzna czyta ksi\u0105\u017ck\u0119 w fotelu z golden retrieverem u boku, serwer UGREEN na regale z ksi\u0105\u017ckami\" \/>\n<\/p>\n<h3>W zestawie<\/h3>\n<ul class=\"list-disc pl-5\">\n<li>UGREEN NASync DH2300 (g\u0142\u00f3wne urz\u0105dzenie)<\/li>\n<li>Kabel HDMI<\/li>\n<li>Zasilacz DC 12V<\/li>\n<li>Instrukcja obs\u0142ugi<\/li>\n<\/ul>\n<div class=\"table-wrapper\">\n<p>\u00a0<\/p>\n<h3><\/h3>\n<table>\n<tbody>\n<tr>\n<th>Producent<\/th>\n<td>UGREEN<\/td>\n<\/tr>\n<tr>\n<th>Model<\/th>\n<td>NASync DH2300<\/td>\n<\/tr>\n<tr>\n<th>Procesor<\/th>\n<td>Rockchip A72+A53, 8 rdzeni<\/td>\n<\/tr>\n<tr>\n<th>Moc obliczeniowa<\/th>\n<td>6 TOPS<\/td>\n<\/tr>\n<tr>\n<th>Pami\u0119\u0107 RAM<\/th>\n<td>4 GB LPDDR4X<\/td>\n<\/tr>\n<tr>\n<th>Zatoki dysk\u00f3w<\/th>\n<td>2 szt., maks. 60 TB<\/td>\n<\/tr>\n<tr>\n<th>Porty<\/th>\n<td>USB-C 3.2 Gen1, 2\u00d7 USB-A 3.2 Gen1, HDMI 4K 60Hz, Ethernet 1GbE, Reset, DC 12V<\/td>\n<\/tr>\n<tr>\n<th>\u0141\u0105czno\u015b\u0107 przewodowa<\/th>\n<td>1GbE (125 MB\/s)<\/td>\n<\/tr>\n<tr>\n<th>Wyj\u015bcie wideo<\/th>\n<td>HDMI 4K 60Hz<\/td>\n<\/tr>\n<tr>\n<th>Zasilanie<\/th>\n<td>DC 12V<\/td>\n<\/tr>\n<tr>\n<th>Kompatybilno\u015b\u0107<\/th>\n<td>Windows, macOS, Android, iOS, przegl\u0105darki, Smart TV<\/td>\n<\/tr>\n<tr>\n<th>Certyfikacje<\/th>\n<td>T\u00dcV<\/td>\n<\/tr>\n<tr><\/tr>\n<\/tbody>\n<\/table>\n<\/div>\n","protected":false},"excerpt":{"rendered":"<p>Serwer plik\u00f3w NAS Ugreen DH2300, 2-dyskowy, A72+A53, 4GB DDR4, 1GbE, 4K + kabel HDMI UGREEN NASync DH2300 wykorzystuje o\u015bmiordzeniowy procesor<\/p>\n","protected":false},"featured_media":61143,"comment_status":"closed","ping_status":"open","template":"","meta":{"_acf_changed":false},"product_brand":[],"product_cat":[5929,5962],"product_tag":[],"class_list":{"0":"post-61142","1":"product","2":"type-product","3":"status-publish","4":"has-post-thumbnail","6":"product_cat-akcesoria-it","7":"product_cat-pozostale-akcesoria-it","8":"pa_okres-gwarancji-5757","9":"pa_producent-ugreen","11":"first","12":"outofstock","13":"taxable","14":"shipping-taxable","15":"purchasable","16":"product-type-simple"},"acf":[],"yoast_head":"<!-- This site is optimized with the Yoast SEO plugin v27.2 - https:\/\/yoast.com\/product\/yoast-seo-wordpress\/ -->\n<title>Serwer plik\u00f3w NAS Ugreen DH2300, 2-dyskowy, A72+A53, 4GB DDR4, 1GbE, 4K + kabel HDMI - IRONSKY.PL Sklep z Dronami<\/title>\n<meta name=\"description\" content=\"Serwer plik\u00f3w NAS Ugreen DH2300, 2-dyskowy, A72+A53, 4GB DDR4, 1GbE, 4K + kabel HDMI - \u2705 sklep z dronami i fachowym doradztwem. \u2705 Tutaj kupisz produkty DJI, Yuneec, Parrot, Syma i wiele innych, a tak\u017ce kursy i licencje na operatora drona.\" \/>\n<meta name=\"robots\" content=\"index, follow, max-snippet:-1, max-image-preview:large, max-video-preview:-1\" \/>\n<link rel=\"canonical\" href=\"https:\/\/ironsky.pl\/sklep\/produkt\/serwer-plikow-nas-ugreen-dh2300-2-dyskowy-a72a53-4gb-ddr4-1gbe-4k-kabel-hdmi\/\" \/>\n<meta property=\"og:locale\" content=\"pl_PL\" \/>\n<meta property=\"og:type\" content=\"article\" \/>\n<meta property=\"og:title\" content=\"Serwer plik\u00f3w NAS Ugreen DH2300, 2-dyskowy, A72+A53, 4GB DDR4, 1GbE, 4K + kabel HDMI - IRONSKY.PL Sklep z Dronami\" \/>\n<meta property=\"og:description\" content=\"Serwer plik\u00f3w NAS Ugreen DH2300, 2-dyskowy, A72+A53, 4GB DDR4, 1GbE, 4K + kabel HDMI - \u2705 sklep z dronami i fachowym doradztwem. \u2705 Tutaj kupisz produkty DJI, Yuneec, Parrot, Syma i wiele innych, a tak\u017ce kursy i licencje na operatora drona.\" \/>\n<meta property=\"og:url\" content=\"https:\/\/ironsky.pl\/sklep\/produkt\/serwer-plikow-nas-ugreen-dh2300-2-dyskowy-a72a53-4gb-ddr4-1gbe-4k-kabel-hdmi\/\" \/>\n<meta property=\"og:site_name\" content=\"IRONSKY.PL Sklep z Dronami\" \/>\n<meta property=\"article:modified_time\" content=\"2026-04-15T09:14:14+00:00\" \/>\n<meta property=\"og:image\" content=\"https:\/\/ironsky.pl\/sklep\/wp-content\/uploads\/2026\/04\/56155_1.jpg\" \/>\n\t<meta property=\"og:image:width\" content=\"800\" \/>\n\t<meta property=\"og:image:height\" content=\"800\" \/>\n\t<meta property=\"og:image:type\" content=\"image\/jpeg\" \/>\n<meta name=\"twitter:card\" content=\"summary_large_image\" \/>\n<meta name=\"twitter:label1\" content=\"Szacowany czas czytania\" \/>\n\t<meta name=\"twitter:data1\" content=\"3 minuty\" \/>\n<script type=\"application\/ld+json\" class=\"yoast-schema-graph\">{\"@context\":\"https:\/\/schema.org\",\"@graph\":[{\"@type\":\"WebPage\",\"@id\":\"https:\/\/ironsky.pl\/sklep\/produkt\/serwer-plikow-nas-ugreen-dh2300-2-dyskowy-a72a53-4gb-ddr4-1gbe-4k-kabel-hdmi\/\",\"url\":\"https:\/\/ironsky.pl\/sklep\/produkt\/serwer-plikow-nas-ugreen-dh2300-2-dyskowy-a72a53-4gb-ddr4-1gbe-4k-kabel-hdmi\/\",\"name\":\"Serwer plik\u00f3w NAS Ugreen DH2300, 2-dyskowy, A72+A53, 4GB DDR4, 1GbE, 4K + kabel HDMI - IRONSKY.PL Sklep z Dronami\",\"isPartOf\":{\"@id\":\"https:\/\/ironsky.pl\/sklep\/#website\"},\"primaryImageOfPage\":{\"@id\":\"https:\/\/ironsky.pl\/sklep\/produkt\/serwer-plikow-nas-ugreen-dh2300-2-dyskowy-a72a53-4gb-ddr4-1gbe-4k-kabel-hdmi\/#primaryimage\"},\"image\":{\"@id\":\"https:\/\/ironsky.pl\/sklep\/produkt\/serwer-plikow-nas-ugreen-dh2300-2-dyskowy-a72a53-4gb-ddr4-1gbe-4k-kabel-hdmi\/#primaryimage\"},\"thumbnailUrl\":\"https:\/\/ironsky.pl\/sklep\/wp-content\/uploads\/2026\/04\/56155_1.jpg\",\"datePublished\":\"2026-04-15T09:14:11+00:00\",\"dateModified\":\"2026-04-15T09:14:14+00:00\",\"description\":\"Serwer plik\u00f3w NAS Ugreen DH2300, 2-dyskowy, A72+A53, 4GB DDR4, 1GbE, 4K + kabel HDMI - \u2705 sklep z dronami i fachowym doradztwem. \u2705 Tutaj kupisz produkty DJI, Yuneec, Parrot, Syma i wiele innych, a tak\u017ce kursy i licencje na operatora drona.\",\"breadcrumb\":{\"@id\":\"https:\/\/ironsky.pl\/sklep\/produkt\/serwer-plikow-nas-ugreen-dh2300-2-dyskowy-a72a53-4gb-ddr4-1gbe-4k-kabel-hdmi\/#breadcrumb\"},\"inLanguage\":\"pl-PL\",\"potentialAction\":[{\"@type\":\"ReadAction\",\"target\":[\"https:\/\/ironsky.pl\/sklep\/produkt\/serwer-plikow-nas-ugreen-dh2300-2-dyskowy-a72a53-4gb-ddr4-1gbe-4k-kabel-hdmi\/\"]}]},{\"@type\":\"ImageObject\",\"inLanguage\":\"pl-PL\",\"@id\":\"https:\/\/ironsky.pl\/sklep\/produkt\/serwer-plikow-nas-ugreen-dh2300-2-dyskowy-a72a53-4gb-ddr4-1gbe-4k-kabel-hdmi\/#primaryimage\",\"url\":\"https:\/\/ironsky.pl\/sklep\/wp-content\/uploads\/2026\/04\/56155_1.jpg\",\"contentUrl\":\"https:\/\/ironsky.pl\/sklep\/wp-content\/uploads\/2026\/04\/56155_1.jpg\",\"width\":800,\"height\":800},{\"@type\":\"BreadcrumbList\",\"@id\":\"https:\/\/ironsky.pl\/sklep\/produkt\/serwer-plikow-nas-ugreen-dh2300-2-dyskowy-a72a53-4gb-ddr4-1gbe-4k-kabel-hdmi\/#breadcrumb\",\"itemListElement\":[{\"@type\":\"ListItem\",\"position\":1,\"name\":\"Strona g\u0142\u00f3wna\",\"item\":\"https:\/\/ironsky.pl\/sklep\/\"},{\"@type\":\"ListItem\",\"position\":2,\"name\":\"Wszystkie produkty\",\"item\":\"https:\/\/ironsky.pl\/sklep\/produkty\/\"},{\"@type\":\"ListItem\",\"position\":3,\"name\":\"Serwer plik\u00f3w NAS Ugreen DH2300, 2-dyskowy, A72+A53, 4GB DDR4, 1GbE, 4K + kabel HDMI\"}]},{\"@type\":\"WebSite\",\"@id\":\"https:\/\/ironsky.pl\/sklep\/#website\",\"url\":\"https:\/\/ironsky.pl\/sklep\/\",\"name\":\"IRONSKY.PL Sklep z Dronami\",\"description\":\"IRONSKY.PL Sklep z Dronami\",\"potentialAction\":[{\"@type\":\"SearchAction\",\"target\":{\"@type\":\"EntryPoint\",\"urlTemplate\":\"https:\/\/ironsky.pl\/sklep\/?s={search_term_string}\"},\"query-input\":{\"@type\":\"PropertyValueSpecification\",\"valueRequired\":true,\"valueName\":\"search_term_string\"}}],\"inLanguage\":\"pl-PL\"}]}<\/script>\n<!-- \/ Yoast SEO plugin. -->","yoast_head_json":{"title":"Serwer plik\u00f3w NAS Ugreen DH2300, 2-dyskowy, A72+A53, 4GB DDR4, 1GbE, 4K + kabel HDMI - IRONSKY.PL Sklep z Dronami","description":"Serwer plik\u00f3w NAS Ugreen DH2300, 2-dyskowy, A72+A53, 4GB DDR4, 1GbE, 4K + kabel HDMI - \u2705 sklep z dronami i fachowym doradztwem. \u2705 Tutaj kupisz produkty DJI, Yuneec, Parrot, Syma i wiele innych, a tak\u017ce kursy i licencje na operatora drona.","robots":{"index":"index","follow":"follow","max-snippet":"max-snippet:-1","max-image-preview":"max-image-preview:large","max-video-preview":"max-video-preview:-1"},"canonical":"https:\/\/ironsky.pl\/sklep\/produkt\/serwer-plikow-nas-ugreen-dh2300-2-dyskowy-a72a53-4gb-ddr4-1gbe-4k-kabel-hdmi\/","og_locale":"pl_PL","og_type":"article","og_title":"Serwer plik\u00f3w NAS Ugreen DH2300, 2-dyskowy, A72+A53, 4GB DDR4, 1GbE, 4K + kabel HDMI - IRONSKY.PL Sklep z Dronami","og_description":"Serwer plik\u00f3w NAS Ugreen DH2300, 2-dyskowy, A72+A53, 4GB DDR4, 1GbE, 4K + kabel HDMI - \u2705 sklep z dronami i fachowym doradztwem. \u2705 Tutaj kupisz produkty DJI, Yuneec, Parrot, Syma i wiele innych, a tak\u017ce kursy i licencje na operatora drona.","og_url":"https:\/\/ironsky.pl\/sklep\/produkt\/serwer-plikow-nas-ugreen-dh2300-2-dyskowy-a72a53-4gb-ddr4-1gbe-4k-kabel-hdmi\/","og_site_name":"IRONSKY.PL Sklep z Dronami","article_modified_time":"2026-04-15T09:14:14+00:00","og_image":[{"width":800,"height":800,"url":"https:\/\/ironsky.pl\/sklep\/wp-content\/uploads\/2026\/04\/56155_1.jpg","type":"image\/jpeg"}],"twitter_card":"summary_large_image","twitter_misc":{"Szacowany czas czytania":"3 minuty"},"schema":{"@context":"https:\/\/schema.org","@graph":[{"@type":"WebPage","@id":"https:\/\/ironsky.pl\/sklep\/produkt\/serwer-plikow-nas-ugreen-dh2300-2-dyskowy-a72a53-4gb-ddr4-1gbe-4k-kabel-hdmi\/","url":"https:\/\/ironsky.pl\/sklep\/produkt\/serwer-plikow-nas-ugreen-dh2300-2-dyskowy-a72a53-4gb-ddr4-1gbe-4k-kabel-hdmi\/","name":"Serwer plik\u00f3w NAS Ugreen DH2300, 2-dyskowy, A72+A53, 4GB DDR4, 1GbE, 4K + kabel HDMI - IRONSKY.PL Sklep z Dronami","isPartOf":{"@id":"https:\/\/ironsky.pl\/sklep\/#website"},"primaryImageOfPage":{"@id":"https:\/\/ironsky.pl\/sklep\/produkt\/serwer-plikow-nas-ugreen-dh2300-2-dyskowy-a72a53-4gb-ddr4-1gbe-4k-kabel-hdmi\/#primaryimage"},"image":{"@id":"https:\/\/ironsky.pl\/sklep\/produkt\/serwer-plikow-nas-ugreen-dh2300-2-dyskowy-a72a53-4gb-ddr4-1gbe-4k-kabel-hdmi\/#primaryimage"},"thumbnailUrl":"https:\/\/ironsky.pl\/sklep\/wp-content\/uploads\/2026\/04\/56155_1.jpg","datePublished":"2026-04-15T09:14:11+00:00","dateModified":"2026-04-15T09:14:14+00:00","description":"Serwer plik\u00f3w NAS Ugreen DH2300, 2-dyskowy, A72+A53, 4GB DDR4, 1GbE, 4K + kabel HDMI - \u2705 sklep z dronami i fachowym doradztwem. \u2705 Tutaj kupisz produkty DJI, Yuneec, Parrot, Syma i wiele innych, a tak\u017ce kursy i licencje na operatora drona.","breadcrumb":{"@id":"https:\/\/ironsky.pl\/sklep\/produkt\/serwer-plikow-nas-ugreen-dh2300-2-dyskowy-a72a53-4gb-ddr4-1gbe-4k-kabel-hdmi\/#breadcrumb"},"inLanguage":"pl-PL","potentialAction":[{"@type":"ReadAction","target":["https:\/\/ironsky.pl\/sklep\/produkt\/serwer-plikow-nas-ugreen-dh2300-2-dyskowy-a72a53-4gb-ddr4-1gbe-4k-kabel-hdmi\/"]}]},{"@type":"ImageObject","inLanguage":"pl-PL","@id":"https:\/\/ironsky.pl\/sklep\/produkt\/serwer-plikow-nas-ugreen-dh2300-2-dyskowy-a72a53-4gb-ddr4-1gbe-4k-kabel-hdmi\/#primaryimage","url":"https:\/\/ironsky.pl\/sklep\/wp-content\/uploads\/2026\/04\/56155_1.jpg","contentUrl":"https:\/\/ironsky.pl\/sklep\/wp-content\/uploads\/2026\/04\/56155_1.jpg","width":800,"height":800},{"@type":"BreadcrumbList","@id":"https:\/\/ironsky.pl\/sklep\/produkt\/serwer-plikow-nas-ugreen-dh2300-2-dyskowy-a72a53-4gb-ddr4-1gbe-4k-kabel-hdmi\/#breadcrumb","itemListElement":[{"@type":"ListItem","position":1,"name":"Strona g\u0142\u00f3wna","item":"https:\/\/ironsky.pl\/sklep\/"},{"@type":"ListItem","position":2,"name":"Wszystkie produkty","item":"https:\/\/ironsky.pl\/sklep\/produkty\/"},{"@type":"ListItem","position":3,"name":"Serwer plik\u00f3w NAS Ugreen DH2300, 2-dyskowy, A72+A53, 4GB DDR4, 1GbE, 4K + kabel HDMI"}]},{"@type":"WebSite","@id":"https:\/\/ironsky.pl\/sklep\/#website","url":"https:\/\/ironsky.pl\/sklep\/","name":"IRONSKY.PL Sklep z Dronami","description":"IRONSKY.PL Sklep z Dronami","potentialAction":[{"@type":"SearchAction","target":{"@type":"EntryPoint","urlTemplate":"https:\/\/ironsky.pl\/sklep\/?s={search_term_string}"},"query-input":{"@type":"PropertyValueSpecification","valueRequired":true,"valueName":"search_term_string"}}],"inLanguage":"pl-PL"}]}},"_links":{"self":[{"href":"https:\/\/ironsky.pl\/sklep\/wp-json\/wp\/v2\/product\/61142","targetHints":{"allow":["GET"]}}],"collection":[{"href":"https:\/\/ironsky.pl\/sklep\/wp-json\/wp\/v2\/product"}],"about":[{"href":"https:\/\/ironsky.pl\/sklep\/wp-json\/wp\/v2\/types\/product"}],"replies":[{"embeddable":true,"href":"https:\/\/ironsky.pl\/sklep\/wp-json\/wp\/v2\/comments?post=61142"}],"wp:featuredmedia":[{"embeddable":true,"href":"https:\/\/ironsky.pl\/sklep\/wp-json\/wp\/v2\/media\/61143"}],"wp:attachment":[{"href":"https:\/\/ironsky.pl\/sklep\/wp-json\/wp\/v2\/media?parent=61142"}],"wp:term":[{"taxonomy":"product_brand","embeddable":true,"href":"https:\/\/ironsky.pl\/sklep\/wp-json\/wp\/v2\/product_brand?post=61142"},{"taxonomy":"product_cat","embeddable":true,"href":"https:\/\/ironsky.pl\/sklep\/wp-json\/wp\/v2\/product_cat?post=61142"},{"taxonomy":"product_tag","embeddable":true,"href":"https:\/\/ironsky.pl\/sklep\/wp-json\/wp\/v2\/product_tag?post=61142"}],"curies":[{"name":"wp","href":"https:\/\/api.w.org\/{rel}","templated":true}]}}