{"id":61115,"date":"2026-04-15T11:13:41","date_gmt":"2026-04-15T09:13:41","guid":{"rendered":"https:\/\/ironsky.pl\/sklep\/produkt\/mini-pc-minix-n512-i5-12600h-16gb-512gb-windows-11-pro\/"},"modified":"2026-04-20T16:20:41","modified_gmt":"2026-04-20T14:20:41","slug":"mini-pc-minix-n512-i5-12600h-16gb-512gb-windows-11-pro","status":"publish","type":"product","link":"https:\/\/ironsky.pl\/sklep\/produkt\/mini-pc-minix-n512-i5-12600h-16gb-512gb-windows-11-pro\/","title":{"rendered":"Mini PC Minix N512 i5 12600H 16GB 512GB Windows 11 Pro"},"content":{"rendered":"<h3>Mini PC Minix N512 i5 12000h 16+512GB<\/h3>\n<p>MINIX MiniPC N512 to niezwykle wydajne, a jednocze\u015bnie kompaktowe urz\u0105dzenie, kt\u00f3re doskonale sprawdzi si\u0119 zar\u00f3wno w zastosowaniach biurowych, jak i multimedialnych. Nap\u0119dzany nowoczesnym procesorem Intel\u00ae Core\u2122 i5 12600H z 12 rdzeniami i taktowaniem do 4,5 GHz, zapewnia p\u0142ynn\u0105 i stabiln\u0105 prac\u0119 nawet przy intensywnym obci\u0105\u017ceniu. Wbudowany dysk SSD PCIe 4.0 o pojemno\u015bci 512 GB gwarantuje szybki dost\u0119p do danych i b\u0142yskawiczne uruchamianie systemu Windows 11 Pro, kt\u00f3ry jest wst\u0119pnie zainstalowany. Dodatkowe z\u0142\u0105cze M.2 pozwala na \u0142atw\u0105 rozbudow\u0119 pami\u0119ci masowej w przysz\u0142o\u015bci.<\/p>\n<p>\n<img decoding=\"async\" src=\"https:\/\/assets.innpro.pl\/19204\/25599\/2-Mini-PC-Minix-N512-i5-12000h-lifestyle-2.jpg\" border=\"0\" alt=\"Dwa Mini PC Minix stoj\u0105ce na podwy\u017cszeniu, jeden ustawiony pionowo, jeden poziomo. Obok tabliczka z napisem Intel Core.\" \/>\n<\/p>\n<h3>Obs\u0142uga najnowszych technologii pami\u0119ci<\/h3>\n<p>Urz\u0105dzenie oferuje obs\u0142ug\u0119 pami\u0119ci DDR5 w konfiguracji dwukana\u0142owej, z mo\u017cliwo\u015bci\u0105 rozbudowy do imponuj\u0105cych 96 GB. Ju\u017c w standardzie u\u017cytkownik otrzymuje 16 GB pami\u0119ci RAM DDR5 o cz\u0119stotliwo\u015bci 4800 MHz, co zapewnia doskona\u0142\u0105 wydajno\u015b\u0107 przy pracy z wieloma aplikacjami jednocze\u015bnie. Dzi\u0119ki dw\u00f3m gniazdom DDR5 SO-DIMM, u\u017cytkownik zyskuje pe\u0142n\u0105 elastyczno\u015b\u0107 w dopasowaniu sprz\u0119tu do w\u0142asnych potrzeb, zar\u00f3wno teraz, jak i w przysz\u0142o\u015bci.<\/p>\n<p>\n<img decoding=\"async\" src=\"https:\/\/assets.innpro.pl\/19204\/25599\/9-Mini-PC-Minix-N512-i5-12000h-lifestyle-9.jpg\" border=\"0\" alt=\"Procesor komputerowy Intel Core I5 wpi\u0119ty w p\u0142yt\u0119 g\u0142\u00f3wn\u0105, z pod\u015bwietlonymi przewodami.\" \/>\n<\/p>\n<h3>Niezr\u00f3wnana jako\u015b\u0107 obrazu i szeroka kompatybilno\u015b\u0107<\/h3>\n<p>MiniPC N512 wyposa\u017cono w cztery wyj\u015bcia wideo umo\u017cliwiaj\u0105ce obs\u0142ug\u0119 wielu monitor\u00f3w jednocze\u015bnie \u2013 dwa z\u0142\u0105cza HDMI (2.1 i 1.4), port USB-C z pe\u0142n\u0105 funkcjonalno\u015bci\u0105 (4K@60Hz) oraz Thunderbolt 4, kt\u00f3ry obs\u0142uguje obraz nawet do 8K@60Hz. Tak rozbudowane mo\u017cliwo\u015bci wy\u015bwietlania czyni\u0105 z tego urz\u0105dzenia idealne rozwi\u0105zanie dla u\u017cytkownik\u00f3w potrzebuj\u0105cych wielozadaniowego \u015brodowiska pracy lub precyzyjnego podgl\u0105du tre\u015bci wizualnych.<\/p>\n<p>\n<img decoding=\"async\" src=\"https:\/\/assets.innpro.pl\/19204\/25599\/1-Mini-PC-Minix-N512-i5-12000h-lifestyle-1.jpg\" border=\"0\" alt=\"Monitor z obrazem w jako\u015bci 8K, obok stoi Mini PC N512 pod\u0142\u0105czony do monitora.\" \/>\n<\/p>\n<h3>Szybkie po\u0142\u0105czenia i wszechstronna \u0142\u0105czno\u015b\u0107<\/h3>\n<p>MINIX MiniPC zosta\u0142 wyposa\u017cony w najnowsze standardy komunikacji bezprzewodowej \u2013 Wi-Fi 6 oraz Bluetooth 5.2 \u2013 kt\u00f3re zapewniaj\u0105 niezawodne po\u0142\u0105czenia sieciowe oraz szybkie parowanie z urz\u0105dzeniami peryferyjnymi. Zastosowanie dw\u00f3ch port\u00f3w LAN \u2013 2.5G i 1G \u2013 umo\u017cliwia stabilny i szybki transfer danych, co ma kluczowe znaczenie w \u015brodowiskach wymagaj\u0105cych du\u017cej przepustowo\u015bci. Bogaty zestaw z\u0142\u0105czy USB 3.2 Gen 2, w tym porty typu A i C, pozwala na wygodne pod\u0142\u0105czanie wielu urz\u0105dze\u0144 jednocze\u015bnie. Dzi\u0119ki obecno\u015bci z\u0142\u0105cza Thunderbolt 4 oraz dw\u00f3ch port\u00f3w Ethernet RJ45, kompaktowy komputer oferuje wyj\u0105tkow\u0105 elastyczno\u015b\u0107 w zakresie \u0142\u0105czno\u015bci, niezale\u017cnie od miejsca i charakteru pracy.<\/p>\n<p>\n<img decoding=\"async\" src=\"https:\/\/assets.innpro.pl\/19204\/25599\/8-Mini-PC-Minix-N512-i5-12000h-lifestyle-8.jpg\" border=\"0\" alt=\"Spos\u00f3b pod\u0142\u0105czenia Mini PC N512 do monitora poprzez u\u017cycie mocowania VESA i pod\u0142\u0105czony ju\u017c Mini PC.\" \/>\n<\/p>\n<h3>Przemy\u015blana konstrukcja i mobilno\u015b\u0107<\/h3>\n<p>Obudowa MiniPC zosta\u0142a zaprojektowana z my\u015bl\u0105 o kompaktowo\u015bci \u2013 jej wymiary to zaledwie 119,3 \u00d7 119,3 \u00d7 38,9 mm przy wadze 472 g, co sprawia, \u017ce urz\u0105dzenie mo\u017cna \u0142atwo zabra\u0107 wsz\u0119dzie tam, gdzie jest potrzebne. Mimo niewielkich rozmiar\u00f3w, konstrukcja \u0142\u0105czy w sobie plastik i metal, zapewniaj\u0105c trwa\u0142o\u015b\u0107 oraz nowoczesny wygl\u0105d. Dodatkow\u0105 zalet\u0105 jest mo\u017cliwo\u015b\u0107 monta\u017cu zgodnego ze standardem VESA, co pozwala na wygodne przymocowanie urz\u0105dzenia do monitora lub uchwytu i utrzymanie porz\u0105dku w miejscu pracy. W zestawie znajduje si\u0119 zasilacz obs\u0142uguj\u0105cy r\u00f3\u017cne standardy (EU, US, UK), co u\u0142atwia u\u017cytkowanie w mi\u0119dzynarodowym \u015brodowisku.<\/p>\n<p>\n<img decoding=\"async\" src=\"https:\/\/assets.innpro.pl\/19204\/25599\/7-Mini-PC-Minix-N512-i5-12000h-lifestyle-7.jpg\" border=\"0\" alt=\"Sp\u00f3d Mini PC Minix z pokazanym schematycznie systemem ch\u0142odzenia w obudowie.\" \/>\n<\/p>\n<h3>Gotowy do pracy \u2013 prosto po wyj\u0119ciu z pude\u0142ka<\/h3>\n<p>MINIX MiniPC N512 dostarczany jest z preinstalowanym systemem Windows 11 Pro, co pozwala na natychmiastowe rozpocz\u0119cie pracy bez potrzeby instalacji dodatkowego oprogramowania. Urz\u0105dzenie spe\u0142nia mi\u0119dzynarodowe normy jako\u015bci i bezpiecze\u0144stwa (CE, FCC, UKCA, RoHS), a tak\u017ce posiada certyfikaty dla modu\u0142u Wi-Fi, co potwierdza jego niezawodno\u015b\u0107 i zgodno\u015b\u0107 z wymaganiami rynkowymi. Zakres temperatur roboczych i szeroka tolerancja wilgotno\u015bci umo\u017cliwiaj\u0105 u\u017cycie sprz\u0119tu w r\u00f3\u017cnych warunkach \u015brodowiskowych<\/p>\n<p>\n<img decoding=\"async\" src=\"https:\/\/assets.innpro.pl\/19204\/25599\/5-Mini-PC-Minix-N512-i5-12000h-lifestyle-5.jpg\" border=\"0\" alt=\"Mini PC Minix N512 stoj\u0105cy na biurku, w tle 4 monitory z w\u0142\u0105czonymi r\u00f3\u017cnymi programami, z przodu klawiatura.\" \/>\n<\/p>\n<h3>W zestawie<\/h3>\n<ul class=\"list-disc pl-5\">\n<li>1x Mini PC Minix N512<\/li>\n<li>1x Mocowanie VESA<\/li>\n<li>1x Kabel HDMI<\/li>\n<li>1x Zasilacz 20V\/5A<\/li>\n<\/ul>\n<div class=\"table-wrapper\">\n<p>\u00a0<\/p>\n<h3><\/h3>\n<table>\n<tbody>\n<tr>\n<th>Producent<\/th>\n<td>MINIX<\/td>\n<\/tr>\n<tr>\n<th>Model<\/th>\n<td>N512<\/td>\n<\/tr>\n<tr>\n<th>Kolor<\/th>\n<td>Szary<\/td>\n<\/tr>\n<tr>\n<th>Materia\u0142<\/th>\n<td>Plastik + Metal<\/td>\n<\/tr>\n<tr>\n<th>Procesor: <\/th>\n<td>Intel\u00ae Core\u2122 i5 12600H (12 rdzeni, 18M Pami\u0119\u0107 podr\u0119czna (do 4,5 GHz)<\/td>\n<\/tr>\n<tr>\n<th>GPU<\/th>\n<td>Karta graficzna Intel\u00ae Iris\u00ae Xe<\/td>\n<\/tr>\n<tr>\n<th>DDR<\/th>\n<td>16 GB DDR5-4800 MHz<\/td>\n<\/tr>\n<tr>\n<th>Gniazdo DDR<\/th>\n<td>2 \u00d7 DDR5 SO-DIMM (do 96 GB, brak w zestawie)<\/td>\n<\/tr>\n<tr>\n<th>Dysk SSD<\/th>\n<td>512 GB M.2 Dysk SSD 2280 PCIe 4.0\u00d74<\/td>\n<\/tr>\n<tr>\n<th>Rozszerzenie SSD<\/th>\n<td>M.2 Gniazdo SSD 2280 PCIe 3.0\u00d74<\/td>\n<\/tr>\n<tr>\n<th>\u0141\u0105czno\u015b\u0107<\/th>\n<td>M.2 2230 Intel\u00ae 802.11AX201 Tr\u00f3jzakresowy Wi-Fi 6 (2,4 GHz\/5 GHz), BT5.2<\/td>\n<\/tr>\n<tr>\n<th>Przycisk przedni<\/th>\n<td>1\u00d7Przycisk zasilania<\/td>\n<\/tr>\n<tr>\n<th>Przednie gniazdo audio<\/th>\n<td>1\u00d73,5 mm gniazdo wyj\u015bciowe audio typu combo<\/td>\n<\/tr>\n<tr>\n<th>Przedni port USB typu A<\/th>\n<td>2\u00d7USB-A 3.2 Gen2<\/td>\n<\/tr>\n<tr>\n<th>Przedni port USB typu C<\/th>\n<td>USB typu C 3.2 Gen2 (4K 60Hz) (pe\u0142na funkcjonalno\u015b\u0107)<\/td>\n<\/tr>\n<tr>\n<th>Reset przedni<\/th>\n<td>1\u00d7Przycisk zasilania<\/td>\n<\/tr>\n<tr>\n<th>Tylne RJ45<\/th>\n<td>2\u00d7RJ-45 2.5G Ethernet (2.5G+1G)<\/td>\n<\/tr>\n<tr>\n<th>Tylne USB typu A<\/th>\n<td>2\u00d7USB-A 3.2 Gen2<\/td>\n<\/tr>\n<tr>\n<th>Tylne HDMI<\/th>\n<td>2\u00d7HDMI 2.1 TMDS (4K@60Hz)<\/td>\n<\/tr>\n<tr>\n<th>Tylne USB typu C<\/th>\n<td>1\u00d7TBT4 (8K@60Hz) (DP, PD, dane)<\/td>\n<\/tr>\n<tr>\n<th>Tylne gniazdo DC<\/th>\n<td>1\u00d7Wej\u015bcie AC 100~240 V, Wyj\u015bcie PD 20 V 5 A 100 W maks. (Obs\u0142uguje RTC, EU US UK Adapter)<\/td>\n<\/tr>\n<tr>\n<th>Prawa blokada Kensington<\/th>\n<td>Tak (obs\u0142uguje RTC, EU US UK Adapter)<\/td>\n<\/tr>\n<tr>\n<th>System operacyjny<\/th>\n<td>Windows 11 Pro<\/td>\n<\/tr>\n<tr>\n<th>Obs\u0142ugiwane j\u0119zyki<\/th>\n<td>Obs\u0142uga wielu j\u0119zyk\u00f3w<\/td>\n<\/tr>\n<tr>\n<th>Certyfikaty<\/th>\n<td>FCC CE UKCA ROHS WEEE PSE<\/td>\n<\/tr>\n<tr>\n<th>Temperatura pracy<\/th>\n<td>0~15\u00b0C przy wilgotno\u015bci wzgl\u0119dnej 5~80%<\/td>\n<\/tr>\n<tr>\n<th>Temperatura przechowywania<\/th>\n<td>-20~70\u00b0C<\/td>\n<\/tr>\n<tr>\n<th>Wilgotno\u015b\u0107 wzgl\u0119dna<\/th>\n<td>10~95% RH przy 40\u00b0C\/104\u00b0F, bez kondensacji<\/td>\n<\/tr>\n<tr>\n<th>Wymiary produktu<\/th>\n<td>119,3\u00d7119,3\u00d738,9 mm<\/td>\n<\/tr>\n<tr>\n<th>Wymiary opakowania<\/th>\n<td>175\u00d7230\u00d772 mm<\/td>\n<\/tr>\n<tr>\n<th>Waga produktu<\/th>\n<td>472g<\/td>\n<\/tr>\n<tr>\n<th>Waga opakowania<\/th>\n<td>1250,5 g<\/td>\n<\/tr>\n<tr>\n<th>Certyfikacja WIFI<\/th>\n<td>Model: AX201NGW; Zawiera identyfikator FCC: PD9AX201NG; Zawiera; IC: 1000M-AX201NG; Identyfikator CMIIT: 2028AJ7550(M); Identyfikator NCC: CCAH18LP3520T2; Normy IMDA: DB02941; Identyfikator ICC: RC-INT-AX201NGW; TELEC RF: 003-180232; TELEK TEL: D180131003; Numer dealera: 0018841\/09; TA RTTE: ER69428\/19<\/td>\n<\/tr>\n<\/tbody>\n<\/table>\n<\/div>\n","protected":false},"excerpt":{"rendered":"<p>Mini PC Minix N512 i5 12000h 16+512GB MINIX MiniPC N512 to niezwykle wydajne, a jednocze\u015bnie kompaktowe urz\u0105dzenie, kt\u00f3re doskonale sprawdzi<\/p>\n","protected":false},"featured_media":61116,"comment_status":"closed","ping_status":"open","template":"","meta":{"_acf_changed":false},"product_brand":[],"product_cat":[5929,6006],"product_tag":[],"class_list":{"0":"post-61115","1":"product","2":"type-product","3":"status-publish","4":"has-post-thumbnail","6":"product_cat-akcesoria-it","7":"product_cat-mini-pc","8":"pa_okres-gwarancji-5757","9":"pa_producent-minix","11":"first","12":"instock","13":"taxable","14":"shipping-taxable","15":"purchasable","16":"product-type-simple"},"acf":[],"yoast_head":"<!-- This site is optimized with the Yoast SEO plugin v27.2 - https:\/\/yoast.com\/product\/yoast-seo-wordpress\/ -->\n<title>Mini PC Minix N512 i5 12600H 16GB 512GB Windows 11 Pro - IRONSKY.PL Sklep z Dronami<\/title>\n<meta name=\"description\" content=\"Mini PC Minix N512 i5 12600H 16GB 512GB Windows 11 Pro - \u2705 sklep z dronami i fachowym doradztwem. \u2705 Tutaj kupisz produkty DJI, Yuneec, Parrot, Syma i wiele innych, a tak\u017ce kursy i licencje na operatora drona.\" \/>\n<meta name=\"robots\" content=\"index, follow, max-snippet:-1, max-image-preview:large, max-video-preview:-1\" \/>\n<link rel=\"canonical\" href=\"https:\/\/ironsky.pl\/sklep\/produkt\/mini-pc-minix-n512-i5-12600h-16gb-512gb-windows-11-pro\/\" \/>\n<meta property=\"og:locale\" content=\"pl_PL\" \/>\n<meta property=\"og:type\" content=\"article\" \/>\n<meta property=\"og:title\" content=\"Mini PC Minix N512 i5 12600H 16GB 512GB Windows 11 Pro - IRONSKY.PL Sklep z Dronami\" \/>\n<meta property=\"og:description\" content=\"Mini PC Minix N512 i5 12600H 16GB 512GB Windows 11 Pro - \u2705 sklep z dronami i fachowym doradztwem. \u2705 Tutaj kupisz produkty DJI, Yuneec, Parrot, Syma i wiele innych, a tak\u017ce kursy i licencje na operatora drona.\" \/>\n<meta property=\"og:url\" content=\"https:\/\/ironsky.pl\/sklep\/produkt\/mini-pc-minix-n512-i5-12600h-16gb-512gb-windows-11-pro\/\" \/>\n<meta property=\"og:site_name\" content=\"IRONSKY.PL Sklep z Dronami\" \/>\n<meta property=\"article:modified_time\" content=\"2026-04-20T14:20:41+00:00\" \/>\n<meta property=\"og:image\" content=\"https:\/\/ironsky.pl\/sklep\/wp-content\/uploads\/2026\/04\/56146_1.jpg\" \/>\n\t<meta property=\"og:image:width\" content=\"800\" \/>\n\t<meta property=\"og:image:height\" content=\"800\" \/>\n\t<meta property=\"og:image:type\" content=\"image\/jpeg\" \/>\n<meta name=\"twitter:card\" content=\"summary_large_image\" \/>\n<meta name=\"twitter:label1\" content=\"Szacowany czas czytania\" \/>\n\t<meta name=\"twitter:data1\" content=\"4 minuty\" \/>\n<script type=\"application\/ld+json\" class=\"yoast-schema-graph\">{\"@context\":\"https:\/\/schema.org\",\"@graph\":[{\"@type\":\"WebPage\",\"@id\":\"https:\/\/ironsky.pl\/sklep\/produkt\/mini-pc-minix-n512-i5-12600h-16gb-512gb-windows-11-pro\/\",\"url\":\"https:\/\/ironsky.pl\/sklep\/produkt\/mini-pc-minix-n512-i5-12600h-16gb-512gb-windows-11-pro\/\",\"name\":\"Mini PC Minix N512 i5 12600H 16GB 512GB Windows 11 Pro - IRONSKY.PL Sklep z Dronami\",\"isPartOf\":{\"@id\":\"https:\/\/ironsky.pl\/sklep\/#website\"},\"primaryImageOfPage\":{\"@id\":\"https:\/\/ironsky.pl\/sklep\/produkt\/mini-pc-minix-n512-i5-12600h-16gb-512gb-windows-11-pro\/#primaryimage\"},\"image\":{\"@id\":\"https:\/\/ironsky.pl\/sklep\/produkt\/mini-pc-minix-n512-i5-12600h-16gb-512gb-windows-11-pro\/#primaryimage\"},\"thumbnailUrl\":\"https:\/\/ironsky.pl\/sklep\/wp-content\/uploads\/2026\/04\/56146_1.jpg\",\"datePublished\":\"2026-04-15T09:13:41+00:00\",\"dateModified\":\"2026-04-20T14:20:41+00:00\",\"description\":\"Mini PC Minix N512 i5 12600H 16GB 512GB Windows 11 Pro - \u2705 sklep z dronami i fachowym doradztwem. \u2705 Tutaj kupisz produkty DJI, Yuneec, Parrot, Syma i wiele innych, a tak\u017ce kursy i licencje na operatora drona.\",\"breadcrumb\":{\"@id\":\"https:\/\/ironsky.pl\/sklep\/produkt\/mini-pc-minix-n512-i5-12600h-16gb-512gb-windows-11-pro\/#breadcrumb\"},\"inLanguage\":\"pl-PL\",\"potentialAction\":[{\"@type\":\"ReadAction\",\"target\":[\"https:\/\/ironsky.pl\/sklep\/produkt\/mini-pc-minix-n512-i5-12600h-16gb-512gb-windows-11-pro\/\"]}]},{\"@type\":\"ImageObject\",\"inLanguage\":\"pl-PL\",\"@id\":\"https:\/\/ironsky.pl\/sklep\/produkt\/mini-pc-minix-n512-i5-12600h-16gb-512gb-windows-11-pro\/#primaryimage\",\"url\":\"https:\/\/ironsky.pl\/sklep\/wp-content\/uploads\/2026\/04\/56146_1.jpg\",\"contentUrl\":\"https:\/\/ironsky.pl\/sklep\/wp-content\/uploads\/2026\/04\/56146_1.jpg\",\"width\":800,\"height\":800},{\"@type\":\"BreadcrumbList\",\"@id\":\"https:\/\/ironsky.pl\/sklep\/produkt\/mini-pc-minix-n512-i5-12600h-16gb-512gb-windows-11-pro\/#breadcrumb\",\"itemListElement\":[{\"@type\":\"ListItem\",\"position\":1,\"name\":\"Strona g\u0142\u00f3wna\",\"item\":\"https:\/\/ironsky.pl\/sklep\/\"},{\"@type\":\"ListItem\",\"position\":2,\"name\":\"Wszystkie produkty\",\"item\":\"https:\/\/ironsky.pl\/sklep\/produkty\/\"},{\"@type\":\"ListItem\",\"position\":3,\"name\":\"Mini PC Minix N512 i5 12600H 16GB 512GB Windows 11 Pro\"}]},{\"@type\":\"WebSite\",\"@id\":\"https:\/\/ironsky.pl\/sklep\/#website\",\"url\":\"https:\/\/ironsky.pl\/sklep\/\",\"name\":\"IRONSKY.PL Sklep z Dronami\",\"description\":\"IRONSKY.PL Sklep z Dronami\",\"potentialAction\":[{\"@type\":\"SearchAction\",\"target\":{\"@type\":\"EntryPoint\",\"urlTemplate\":\"https:\/\/ironsky.pl\/sklep\/?s={search_term_string}\"},\"query-input\":{\"@type\":\"PropertyValueSpecification\",\"valueRequired\":true,\"valueName\":\"search_term_string\"}}],\"inLanguage\":\"pl-PL\"}]}<\/script>\n<!-- \/ Yoast SEO plugin. -->","yoast_head_json":{"title":"Mini PC Minix N512 i5 12600H 16GB 512GB Windows 11 Pro - IRONSKY.PL Sklep z Dronami","description":"Mini PC Minix N512 i5 12600H 16GB 512GB Windows 11 Pro - \u2705 sklep z dronami i fachowym doradztwem. \u2705 Tutaj kupisz produkty DJI, Yuneec, Parrot, Syma i wiele innych, a tak\u017ce kursy i licencje na operatora drona.","robots":{"index":"index","follow":"follow","max-snippet":"max-snippet:-1","max-image-preview":"max-image-preview:large","max-video-preview":"max-video-preview:-1"},"canonical":"https:\/\/ironsky.pl\/sklep\/produkt\/mini-pc-minix-n512-i5-12600h-16gb-512gb-windows-11-pro\/","og_locale":"pl_PL","og_type":"article","og_title":"Mini PC Minix N512 i5 12600H 16GB 512GB Windows 11 Pro - IRONSKY.PL Sklep z Dronami","og_description":"Mini PC Minix N512 i5 12600H 16GB 512GB Windows 11 Pro - \u2705 sklep z dronami i fachowym doradztwem. \u2705 Tutaj kupisz produkty DJI, Yuneec, Parrot, Syma i wiele innych, a tak\u017ce kursy i licencje na operatora drona.","og_url":"https:\/\/ironsky.pl\/sklep\/produkt\/mini-pc-minix-n512-i5-12600h-16gb-512gb-windows-11-pro\/","og_site_name":"IRONSKY.PL Sklep z Dronami","article_modified_time":"2026-04-20T14:20:41+00:00","og_image":[{"width":800,"height":800,"url":"https:\/\/ironsky.pl\/sklep\/wp-content\/uploads\/2026\/04\/56146_1.jpg","type":"image\/jpeg"}],"twitter_card":"summary_large_image","twitter_misc":{"Szacowany czas czytania":"4 minuty"},"schema":{"@context":"https:\/\/schema.org","@graph":[{"@type":"WebPage","@id":"https:\/\/ironsky.pl\/sklep\/produkt\/mini-pc-minix-n512-i5-12600h-16gb-512gb-windows-11-pro\/","url":"https:\/\/ironsky.pl\/sklep\/produkt\/mini-pc-minix-n512-i5-12600h-16gb-512gb-windows-11-pro\/","name":"Mini PC Minix N512 i5 12600H 16GB 512GB Windows 11 Pro - IRONSKY.PL Sklep z Dronami","isPartOf":{"@id":"https:\/\/ironsky.pl\/sklep\/#website"},"primaryImageOfPage":{"@id":"https:\/\/ironsky.pl\/sklep\/produkt\/mini-pc-minix-n512-i5-12600h-16gb-512gb-windows-11-pro\/#primaryimage"},"image":{"@id":"https:\/\/ironsky.pl\/sklep\/produkt\/mini-pc-minix-n512-i5-12600h-16gb-512gb-windows-11-pro\/#primaryimage"},"thumbnailUrl":"https:\/\/ironsky.pl\/sklep\/wp-content\/uploads\/2026\/04\/56146_1.jpg","datePublished":"2026-04-15T09:13:41+00:00","dateModified":"2026-04-20T14:20:41+00:00","description":"Mini PC Minix N512 i5 12600H 16GB 512GB Windows 11 Pro - \u2705 sklep z dronami i fachowym doradztwem. \u2705 Tutaj kupisz produkty DJI, Yuneec, Parrot, Syma i wiele innych, a tak\u017ce kursy i licencje na operatora drona.","breadcrumb":{"@id":"https:\/\/ironsky.pl\/sklep\/produkt\/mini-pc-minix-n512-i5-12600h-16gb-512gb-windows-11-pro\/#breadcrumb"},"inLanguage":"pl-PL","potentialAction":[{"@type":"ReadAction","target":["https:\/\/ironsky.pl\/sklep\/produkt\/mini-pc-minix-n512-i5-12600h-16gb-512gb-windows-11-pro\/"]}]},{"@type":"ImageObject","inLanguage":"pl-PL","@id":"https:\/\/ironsky.pl\/sklep\/produkt\/mini-pc-minix-n512-i5-12600h-16gb-512gb-windows-11-pro\/#primaryimage","url":"https:\/\/ironsky.pl\/sklep\/wp-content\/uploads\/2026\/04\/56146_1.jpg","contentUrl":"https:\/\/ironsky.pl\/sklep\/wp-content\/uploads\/2026\/04\/56146_1.jpg","width":800,"height":800},{"@type":"BreadcrumbList","@id":"https:\/\/ironsky.pl\/sklep\/produkt\/mini-pc-minix-n512-i5-12600h-16gb-512gb-windows-11-pro\/#breadcrumb","itemListElement":[{"@type":"ListItem","position":1,"name":"Strona g\u0142\u00f3wna","item":"https:\/\/ironsky.pl\/sklep\/"},{"@type":"ListItem","position":2,"name":"Wszystkie produkty","item":"https:\/\/ironsky.pl\/sklep\/produkty\/"},{"@type":"ListItem","position":3,"name":"Mini PC Minix N512 i5 12600H 16GB 512GB Windows 11 Pro"}]},{"@type":"WebSite","@id":"https:\/\/ironsky.pl\/sklep\/#website","url":"https:\/\/ironsky.pl\/sklep\/","name":"IRONSKY.PL Sklep z Dronami","description":"IRONSKY.PL Sklep z Dronami","potentialAction":[{"@type":"SearchAction","target":{"@type":"EntryPoint","urlTemplate":"https:\/\/ironsky.pl\/sklep\/?s={search_term_string}"},"query-input":{"@type":"PropertyValueSpecification","valueRequired":true,"valueName":"search_term_string"}}],"inLanguage":"pl-PL"}]}},"_links":{"self":[{"href":"https:\/\/ironsky.pl\/sklep\/wp-json\/wp\/v2\/product\/61115","targetHints":{"allow":["GET"]}}],"collection":[{"href":"https:\/\/ironsky.pl\/sklep\/wp-json\/wp\/v2\/product"}],"about":[{"href":"https:\/\/ironsky.pl\/sklep\/wp-json\/wp\/v2\/types\/product"}],"replies":[{"embeddable":true,"href":"https:\/\/ironsky.pl\/sklep\/wp-json\/wp\/v2\/comments?post=61115"}],"wp:featuredmedia":[{"embeddable":true,"href":"https:\/\/ironsky.pl\/sklep\/wp-json\/wp\/v2\/media\/61116"}],"wp:attachment":[{"href":"https:\/\/ironsky.pl\/sklep\/wp-json\/wp\/v2\/media?parent=61115"}],"wp:term":[{"taxonomy":"product_brand","embeddable":true,"href":"https:\/\/ironsky.pl\/sklep\/wp-json\/wp\/v2\/product_brand?post=61115"},{"taxonomy":"product_cat","embeddable":true,"href":"https:\/\/ironsky.pl\/sklep\/wp-json\/wp\/v2\/product_cat?post=61115"},{"taxonomy":"product_tag","embeddable":true,"href":"https:\/\/ironsky.pl\/sklep\/wp-json\/wp\/v2\/product_tag?post=61115"}],"curies":[{"name":"wp","href":"https:\/\/api.w.org\/{rel}","templated":true}]}}