{"id":61111,"date":"2026-04-15T11:13:41","date_gmt":"2026-04-15T09:13:41","guid":{"rendered":"https:\/\/ironsky.pl\/sklep\/produkt\/mini-pc-minix-z350-n350-16gb-512gb-windows-11-pro\/"},"modified":"2026-04-20T16:20:40","modified_gmt":"2026-04-20T14:20:40","slug":"mini-pc-minix-z350-n350-16gb-512gb-windows-11-pro","status":"publish","type":"product","link":"https:\/\/ironsky.pl\/sklep\/produkt\/mini-pc-minix-z350-n350-16gb-512gb-windows-11-pro\/","title":{"rendered":"Mini PC Minix Z350 N350 16GB 512GB Windows 11 Pro"},"content":{"rendered":"<h3>Mini PC Minix Z350 N350 16+512GB<\/h3>\n<p>MINIX Z350-0dB to nowoczesny mini komputer bezwentylatorowy, kt\u00f3ry \u0142\u0105czy wysok\u0105 wydajno\u015b\u0107 z cich\u0105 prac\u0105. Wyposa\u017cony w energooszcz\u0119dny procesor Intel\u00ae Core\u2122 i3-N350 (do 3,9 GHz), 16 GB pami\u0119ci DDR4 RAM i szybki dysk SSD PCIe 3.0 NVMe o pojemno\u015bci 512 GB, oferuje niezawodne dzia\u0142anie w codziennych zastosowaniach \u2013 zar\u00f3wno biurowych, edukacyjnych, jak i multimedialnych. Dwa porty HDMI 2.1 umo\u017cliwiaj\u0105 wy\u015bwietlanie obrazu w rozdzielczo\u015bci 4K przy 60 Hz, a \u0142\u0105czno\u015b\u0107 Wi-Fi 6, Bluetooth 5.2 i 2.5G LAN zapewnia stabilne po\u0142\u0105czenia przewodowe i bezprzewodowe. Dzi\u0119ki bezg\u0142o\u015bnemu ch\u0142odzeniu pasywnemu, kompaktowej, w pe\u0142ni metalowej obudowie oraz preinstalowanemu systemowi Windows 11 Pro, urz\u0105dzenie jest gotowe do pracy zaraz po uruchomieniu.<\/p>\n<p>\n<img decoding=\"async\" src=\"https:\/\/assets.innpro.pl\/19200\/25595\/8-Mini-PC-komputer-Minix-Z350-N350-lifestyle-8.jpg\" border=\"0\" alt=\"Dwa Mini PC Minix jeden stoj\u0105cy, drugi le\u017c\u0105cy. Maj\u0105 wpi\u0119te anteny \u0142\u0105czno\u015bci, stoj\u0105 na szarym tle.\" \/>\n<\/p>\n<h3>Stabilna moc obliczeniowa Intel\u00ae Core\u2122 i3 bez spadk\u00f3w wydajno\u015bci<\/h3>\n<p>Zastosowany procesor Intel\u00ae Core\u2122 i3-N350 pracuje z cz\u0119stotliwo\u015bci\u0105 do 3,9 GHz i oferuje 8 w\u0105tk\u00f3w oraz 8 rdzeni, co pozwala na p\u0142ynne wykonywanie wielu zada\u0144 jednocze\u015bnie. Uk\u0142ad graficzny Intel\u00ae UHD Graphics zapewnia sprawn\u0105 obs\u0142ug\u0119 tre\u015bci w jako\u015bci 4K oraz edycji wideo i grafiki. Dzi\u0119ki pasywnemu ch\u0142odzeniu komputer utrzymuje pe\u0142n\u0105 moc obliczeniow\u0105 nawet przy d\u0142u\u017cszej pracy, bez efektu throttlingu, czyli ograniczania wydajno\u015bci z powodu wysokiej temperatury. To idealne rozwi\u0105zanie dla u\u017cytkownik\u00f3w, kt\u00f3rzy oczekuj\u0105 stabilno\u015bci i nieprzerwanej mocy dzia\u0142ania w kompaktowej formie.<\/p>\n<p>\n<img decoding=\"async\" src=\"https:\/\/assets.innpro.pl\/19200\/25595\/1-Mini-PC-komputer-Minix-Z350-N350-lifestyle-1.jpg\" border=\"0\" alt=\"Mini PC Minix jako t\u0142o dla p\u0142yn\u0105cych interfejs\u00f3w program\u00f3w do projektowania i ko\u015bci RAM firmy Kimtigo.\" \/>\n<\/p>\n<h3>Pami\u0119\u0107 i magazyn danych z du\u017cym potencja\u0142em rozbudowy<\/h3>\n<p>MINIX Z350-0dB wyposa\u017cono w 16 GB szybkiej pami\u0119ci RAM DDR4 3200 MHz w formacie SO-DIMM oraz dysk SSD PCIe 3.0 o pojemno\u015bci 512 GB, kt\u00f3ry zapewnia b\u0142yskawiczny dost\u0119p do plik\u00f3w i aplikacji. Istnieje mo\u017cliwo\u015b\u0107 rozbudowy magazynu danych do 4 TB poprzez z\u0142\u0105cze M.2 NVMe oraz dodania karty microSD o pojemno\u015bci do 2 TB. Takie rozwi\u0105zanie umo\u017cliwia wygodne dopasowanie komputera do indywidualnych potrzeb \u2013 zar\u00f3wno pod k\u0105tem miejsca na pliki, jak i zwi\u0119kszonej wydajno\u015bci w pracy z wi\u0119kszymi projektami.<\/p>\n<p>\n<img decoding=\"async\" src=\"https:\/\/assets.innpro.pl\/19200\/25595\/5-Mini-PC-komputer-Minix-Z350-N350-lifestyle-5.jpg\" border=\"0\" alt=\"Ty\u0142 Mini PC Minix z r\u00f3\u017cnymi wej\u015bciami i pod\u0142\u0105czanym kablem ethernet, na niebieskim tle.\" \/>\n<\/p>\n<h3>Szybka \u0142\u0105czno\u015b\u0107 i bogaty zestaw port\u00f3w<\/h3>\n<p>Urz\u0105dzenie oferuje nowoczesne rozwi\u0105zania komunikacyjne \u2013 dwuzakresowe Wi-Fi 6 (Intel\u00ae AX201), Bluetooth 5.2 oraz przewodowy port Ethernet 2.5G gwarantuj\u0105 szybki transfer danych i stabilne po\u0142\u0105czenia sieciowe. Dwa porty HDMI 2.1 umo\u017cliwiaj\u0105 pod\u0142\u0105czenie dw\u00f3ch monitor\u00f3w 4K, a porty USB-A 3.2 Gen2 i USB-C 3.2 Gen2 (wszystkie 10 Gb\/s) pozwalaj\u0105 na pod\u0142\u0105czenie nowoczesnych urz\u0105dze\u0144 peryferyjnych. Na pok\u0142adzie znajduj\u0105 si\u0119 tak\u017ce porty USB 2.0, gniazdo s\u0142uchawkowo-mikrofonowe typu combo oraz slot na kart\u0119 TF, co daje u\u017cytkownikowi pe\u0142n\u0105 swobod\u0119 konfiguracji.<\/p>\n<p>\n<img decoding=\"async\" src=\"https:\/\/assets.innpro.pl\/19200\/25595\/4-Mini-PC-komputer-Minix-Z350-N350-lifestyle-4.jpg\" border=\"0\" alt=\"Mini PC Minix stoj\u0105cy ty\u0142em z imitacj\u0105 fal \u0142\u0105czno\u015bci id\u0105cych po antenach. Obok symbole WI-FI 6 i Bluetooth 5,2.\" \/>\n<\/p>\n<h3>Inteligentne zarz\u0105dzanie zasilaniem i funkcje automatyczne<\/h3>\n<p>MINIX Z350-0dB zosta\u0142 wyposa\u017cony w zaawansowane funkcje zwi\u0105zane z zarz\u0105dzaniem zasilaniem, takie jak Wake-on-LAN, RTC Wake i automatyczne uruchamianie po utracie zasilania (Auto Power On). Dzi\u0119ki temu komputer doskonale sprawdza si\u0119 w zastosowaniach zdalnych czy w \u015brodowiskach przemys\u0142owych, gdzie niezawodno\u015b\u0107 i zdalna kontrola maj\u0105 kluczowe znaczenie. U\u017cytkownik ma r\u00f3wnie\u017c dost\u0119p do ustawie\u0144 BIOS (AMI EFI GX4), kt\u00f3re pozwalaj\u0105 dopasowa\u0107 dzia\u0142anie urz\u0105dzenia do konkretnych potrzeb operacyjnych.<\/p>\n<p>\n<img decoding=\"async\" src=\"https:\/\/assets.innpro.pl\/19200\/25595\/7-Mini-PC-komputer-Minix-Z350-N350-lifestyle-7.jpg\" border=\"0\" alt=\"Mini PC Minix na szarym tle, obok niebieskie pude\u0142ko produktowe.\" \/>\n<\/p>\n<h3>Trwa\u0142a, metalowa konstrukcja i niezawodno\u015b\u0107 w ka\u017cdych warunkach<\/h3>\n<p>Obudowa komputera zosta\u0142a wykonana z wytrzyma\u0142ego aluminium i stali SGCC, co nie tylko wspiera efektywne pasywne ch\u0142odzenie, ale r\u00f3wnie\u017c zwi\u0119ksza odporno\u015b\u0107 na uszkodzenia mechaniczne i zak\u0142\u00f3cenia elektrostatyczne. Kompaktowe wymiary (120,8 \u00d7 132,7 \u00d7 42,9 mm) oraz zgodno\u015b\u0107 ze standardem VESA umo\u017cliwiaj\u0105 \u0142atw\u0105 instalacj\u0119 w dowolnym miejscu \u2013 na biurku, za monitorem lub w zamkni\u0119tej przestrzeni. Urz\u0105dzenie dzia\u0142a stabilnie w szerokim zakresie temperatur (0\u201350\u00b0C) i wilgotno\u015bci, a liczne certyfikaty (CE, FCC, ROHS, WEEE, UKCA, PSE) potwierdzaj\u0105 jego jako\u015b\u0107, trwa\u0142o\u015b\u0107 i zgodno\u015b\u0107 z mi\u0119dzynarodowymi normami bezpiecze\u0144stwa.<\/p>\n<p>\n<img decoding=\"async\" src=\"https:\/\/assets.innpro.pl\/19200\/25595\/2-Mini-PC-komputer-Minix-Z350-N350-lifestyle-2.jpg\" border=\"0\" alt=\"Schemat pokazuj\u0105cy budow\u0119 mini PC Minix, z ukazan\u0105 mo\u017cliwo\u015bci\u0105 odprowadzania ciep\u0142a przez obudow\u0119.\" \/>\n<\/p>\n<h3>W zestawie<\/h3>\n<ul class=\"list-disc pl-5\">\n<li>1 x Mini PC<\/li>\n<li>1 x adapter<\/li>\n<li>1 x kabel HDMI<\/li>\n<li>1 x mocowanie VESA<\/li>\n<li>2 x antena dwupasmowa<\/li>\n<\/ul>\n<p><\/p>\n<div class=\"table-wrapper\">\n<p>\u00a0<\/p>\n<h3><\/h3>\n<table>\n<tbody>\n<tr>\n<th>Marka<\/th>\n<td>MINIX<\/td>\n<\/tr>\n<tr>\n<th>Typ<\/th>\n<td>Mini PC<\/td>\n<\/tr>\n<tr>\n<th>Model<\/th>\n<td>NEO Z350-0dB<\/td>\n<\/tr>\n<tr>\n<th>Kolor<\/th>\n<td>czarny<\/td>\n<\/tr>\n<tr>\n<th>Materia\u0142<\/th>\n<td>Ca\u0142y metal<\/td>\n<\/tr>\n<tr>\n<th>Procesor<\/th>\n<td>Procesor Intel\u00ae Core\u2122 i3-N350 (6M Pami\u0119\u0107 podr\u0119czna (do 3,90 GHz)<\/td>\n<\/tr>\n<tr>\n<th>GPU<\/th>\n<td>Intel\u00ae UHD Graphics<\/td>\n<\/tr>\n<tr>\n<th>System<\/th>\n<td>Windows 11 Pro (obs\u0142uga wielu j\u0119zyk\u00f3w)<\/td>\n<\/tr>\n<tr>\n<th>Obudowa<\/th>\n<td>Obudowa metalowa<\/td>\n<\/tr>\n<tr>\n<th>Wymagania dotycz\u0105ce zasilania<\/th>\n<td>12 V\/3 A DC-IN<\/td>\n<\/tr>\n<tr>\n<th>Pob\u00f3r mocy<\/th>\n<td>12 W (typowo), 25 W (maks.)<\/td>\n<\/tr>\n<tr>\n<th>Certyfikacja<\/th>\n<td>FCC CE UKCA ROHS WEEE PSE<\/td>\n<\/tr>\n<tr>\n<th>Pami\u0119\u0107 DDR<\/th>\n<td>16 GB DDR4-3200 MHz (SO-DIMM)<\/td>\n<\/tr>\n<tr>\n<th>Gniazdo DDR<\/th>\n<td>1\u00d7DDR4 SO-DIMM (do 16 GB)<\/td>\n<\/tr>\n<tr>\n<th>Dysk SSD<\/th>\n<td>512 GB M.2 2280 PCIe 3.0 x 4 Dysk SSD NVMe<\/td>\n<\/tr>\n<tr>\n<th>Gniazdo SSD<\/th>\n<td>1\u00d7M.2 Gniazdo 2280 PCIe 3.0 x 4 NVMe SSD (do 4TB, nie do\u0142\u0105czone)<\/td>\n<\/tr>\n<tr>\n<th>Gniazdo TF<\/th>\n<td>1\u00d7gniazdo na kart\u0119 TF (kart\u0119 MicroSD) (do 2TB, brak w zestawie)<\/td>\n<\/tr>\n<tr>\n<th>BIOS<\/th>\n<td>AMI EFI GX4<\/td>\n<\/tr>\n<tr>\n<th>Ethernet<\/th>\n<td>1\u00d7RTL8125BG, 2,5 GbE (Gigabitowy Ethernet)<\/td>\n<\/tr>\n<tr>\n<th>Wska\u017aniki LED<\/th>\n<td>Diody LED zasilania, sieci LAN (aktywna, status)<\/td>\n<\/tr>\n<tr>\n<th>Wi-Fi\/BT<\/th>\n<td> M.2 2230 Intel\u00ae 802.11AX201 Dwuzakresowa karta WIFI 6 (2,4 GHz\/5 GHz), BT5.2<\/td>\n<\/tr>\n<tr>\n<th>Przycisk zasilania<\/th>\n<td>Przycisk zasilania z bia\u0142\u0105 diod\u0105 LED<\/td>\n<\/tr>\n<tr>\n<th>USB typu A<\/th>\n<td>2 \u00d7 USB-A 3.2 Gen2 (10 Gb\/s)<\/td>\n<\/tr>\n<tr>\n<th>Gniazdo audio<\/th>\n<td>1 \u00d7 gniazdo combo wyj\u015bcia audio (s\u0142uchawki i mikrofon)<\/td>\n<\/tr>\n<tr>\n<th>USB typu C<\/th>\n<td>1 \u00d7 USB-C 3.2 Gen2 (10 Gb\/s)<\/td>\n<\/tr>\n<tr>\n<th>Gniazdo karty TF<\/th>\n<td>1 \u00d7 gniazdo karty TF (gniazdo karty MicroSD)<\/td>\n<\/tr>\n<tr>\n<th>Przycisk resetowania<\/th>\n<td>1 \u00d7 przycisk resetowania<\/td>\n<\/tr>\n<tr>\n<th>Gniazdo zasilania DC<\/th>\n<td>1 \u00d7 wej\u015bcie DC (AC 100~240 V, wyj\u015bcie: 12 V\u2393 4 A, maks. 48 W; z\u0142\u0105cze: 2,5\/5,5 mm)<\/td>\n<\/tr>\n<tr>\n<th>USB typu A<\/th>\n<td>2 \u00d7 USB-A 2.0 (480 Mb\/s)<\/td>\n<\/tr>\n<tr>\n<th>RJ45 Ethernet<\/th>\n<td>1 \u00d7 port Ethernet RJ-45 2.5G (2500 Mb\/s)<\/td>\n<\/tr>\n<tr>\n<th>Wyj\u015bcie HDMI<\/th>\n<td>2 \u00d7 porty HDMI 2.1 TMDS (obs\u0142uguje 4K@60Hz)<\/td>\n<\/tr>\n<tr>\n<th>Temperatura pracy<\/th>\n<td>0 ~ 50\u00b0C przy 5 ~ 85% wilgotno\u015bci wzgl\u0119dnej<\/td>\n<\/tr>\n<tr>\n<th>Temperatura przechowywania<\/th>\n<td>-20 ~ 70\u00b0C<\/td>\n<\/tr>\n<tr>\n<th>Wilgotno\u015b\u0107 wzgl\u0119dna<\/th>\n<td>10 ~ 95% RH przy 40\u00b0C\/104\u00b0F, bez kondensacji<\/td>\n<\/tr>\n<tr>\n<th>Rozmiar produktu<\/th>\n<td>120,8 x 132,7 x 42,9 mm<\/td>\n<\/tr>\n<tr>\n<th>Rozmiar opakowania<\/th>\n<td>175 x 230 x 72 mm<\/td>\n<\/tr>\n<tr>\n<th>Waga produktu<\/th>\n<td>898g<\/td>\n<\/tr>\n<tr>\n<th>Waga opakowania<\/th>\n<td>1643,5 g<\/td>\n<\/tr>\n<tr><\/tr>\n<\/tbody>\n<\/table>\n<\/div>\n","protected":false},"excerpt":{"rendered":"<p>Mini PC Minix Z350 N350 16+512GB MINIX Z350-0dB to nowoczesny mini komputer bezwentylatorowy, kt\u00f3ry \u0142\u0105czy wysok\u0105 wydajno\u015b\u0107 z cich\u0105 prac\u0105.<\/p>\n","protected":false},"featured_media":61112,"comment_status":"closed","ping_status":"open","template":"","meta":{"_acf_changed":false},"product_brand":[],"product_cat":[5929,6006],"product_tag":[],"class_list":{"0":"post-61111","1":"product","2":"type-product","3":"status-publish","4":"has-post-thumbnail","6":"product_cat-akcesoria-it","7":"product_cat-mini-pc","8":"pa_okres-gwarancji-5757","9":"pa_producent-minix","11":"first","12":"instock","13":"taxable","14":"shipping-taxable","15":"purchasable","16":"product-type-simple"},"acf":[],"yoast_head":"<!-- This site is optimized with the Yoast SEO plugin v27.2 - https:\/\/yoast.com\/product\/yoast-seo-wordpress\/ -->\n<title>Mini PC Minix Z350 N350 16GB 512GB Windows 11 Pro - IRONSKY.PL Sklep z Dronami<\/title>\n<meta name=\"description\" content=\"Mini PC Minix Z350 N350 16GB 512GB Windows 11 Pro - \u2705 sklep z dronami i fachowym doradztwem. \u2705 Tutaj kupisz produkty DJI, Yuneec, Parrot, Syma i wiele innych, a tak\u017ce kursy i licencje na operatora drona.\" \/>\n<meta name=\"robots\" content=\"index, follow, max-snippet:-1, max-image-preview:large, max-video-preview:-1\" \/>\n<link rel=\"canonical\" href=\"https:\/\/ironsky.pl\/sklep\/produkt\/mini-pc-minix-z350-n350-16gb-512gb-windows-11-pro\/\" \/>\n<meta property=\"og:locale\" content=\"pl_PL\" \/>\n<meta property=\"og:type\" content=\"article\" \/>\n<meta property=\"og:title\" content=\"Mini PC Minix Z350 N350 16GB 512GB Windows 11 Pro - IRONSKY.PL Sklep z Dronami\" \/>\n<meta property=\"og:description\" content=\"Mini PC Minix Z350 N350 16GB 512GB Windows 11 Pro - \u2705 sklep z dronami i fachowym doradztwem. \u2705 Tutaj kupisz produkty DJI, Yuneec, Parrot, Syma i wiele innych, a tak\u017ce kursy i licencje na operatora drona.\" \/>\n<meta property=\"og:url\" content=\"https:\/\/ironsky.pl\/sklep\/produkt\/mini-pc-minix-z350-n350-16gb-512gb-windows-11-pro\/\" \/>\n<meta property=\"og:site_name\" content=\"IRONSKY.PL Sklep z Dronami\" \/>\n<meta property=\"article:modified_time\" content=\"2026-04-20T14:20:40+00:00\" \/>\n<meta property=\"og:image\" content=\"https:\/\/ironsky.pl\/sklep\/wp-content\/uploads\/2026\/04\/56145_1.jpg\" \/>\n\t<meta property=\"og:image:width\" content=\"800\" \/>\n\t<meta property=\"og:image:height\" content=\"800\" \/>\n\t<meta property=\"og:image:type\" content=\"image\/jpeg\" \/>\n<meta name=\"twitter:card\" content=\"summary_large_image\" \/>\n<meta name=\"twitter:label1\" content=\"Szacowany czas czytania\" \/>\n\t<meta name=\"twitter:data1\" content=\"4 minuty\" \/>\n<script type=\"application\/ld+json\" class=\"yoast-schema-graph\">{\"@context\":\"https:\/\/schema.org\",\"@graph\":[{\"@type\":\"WebPage\",\"@id\":\"https:\/\/ironsky.pl\/sklep\/produkt\/mini-pc-minix-z350-n350-16gb-512gb-windows-11-pro\/\",\"url\":\"https:\/\/ironsky.pl\/sklep\/produkt\/mini-pc-minix-z350-n350-16gb-512gb-windows-11-pro\/\",\"name\":\"Mini PC Minix Z350 N350 16GB 512GB Windows 11 Pro - IRONSKY.PL Sklep z Dronami\",\"isPartOf\":{\"@id\":\"https:\/\/ironsky.pl\/sklep\/#website\"},\"primaryImageOfPage\":{\"@id\":\"https:\/\/ironsky.pl\/sklep\/produkt\/mini-pc-minix-z350-n350-16gb-512gb-windows-11-pro\/#primaryimage\"},\"image\":{\"@id\":\"https:\/\/ironsky.pl\/sklep\/produkt\/mini-pc-minix-z350-n350-16gb-512gb-windows-11-pro\/#primaryimage\"},\"thumbnailUrl\":\"https:\/\/ironsky.pl\/sklep\/wp-content\/uploads\/2026\/04\/56145_1.jpg\",\"datePublished\":\"2026-04-15T09:13:41+00:00\",\"dateModified\":\"2026-04-20T14:20:40+00:00\",\"description\":\"Mini PC Minix Z350 N350 16GB 512GB Windows 11 Pro - \u2705 sklep z dronami i fachowym doradztwem. \u2705 Tutaj kupisz produkty DJI, Yuneec, Parrot, Syma i wiele innych, a tak\u017ce kursy i licencje na operatora drona.\",\"breadcrumb\":{\"@id\":\"https:\/\/ironsky.pl\/sklep\/produkt\/mini-pc-minix-z350-n350-16gb-512gb-windows-11-pro\/#breadcrumb\"},\"inLanguage\":\"pl-PL\",\"potentialAction\":[{\"@type\":\"ReadAction\",\"target\":[\"https:\/\/ironsky.pl\/sklep\/produkt\/mini-pc-minix-z350-n350-16gb-512gb-windows-11-pro\/\"]}]},{\"@type\":\"ImageObject\",\"inLanguage\":\"pl-PL\",\"@id\":\"https:\/\/ironsky.pl\/sklep\/produkt\/mini-pc-minix-z350-n350-16gb-512gb-windows-11-pro\/#primaryimage\",\"url\":\"https:\/\/ironsky.pl\/sklep\/wp-content\/uploads\/2026\/04\/56145_1.jpg\",\"contentUrl\":\"https:\/\/ironsky.pl\/sklep\/wp-content\/uploads\/2026\/04\/56145_1.jpg\",\"width\":800,\"height\":800},{\"@type\":\"BreadcrumbList\",\"@id\":\"https:\/\/ironsky.pl\/sklep\/produkt\/mini-pc-minix-z350-n350-16gb-512gb-windows-11-pro\/#breadcrumb\",\"itemListElement\":[{\"@type\":\"ListItem\",\"position\":1,\"name\":\"Strona g\u0142\u00f3wna\",\"item\":\"https:\/\/ironsky.pl\/sklep\/\"},{\"@type\":\"ListItem\",\"position\":2,\"name\":\"Wszystkie produkty\",\"item\":\"https:\/\/ironsky.pl\/sklep\/produkty\/\"},{\"@type\":\"ListItem\",\"position\":3,\"name\":\"Mini PC Minix Z350 N350 16GB 512GB Windows 11 Pro\"}]},{\"@type\":\"WebSite\",\"@id\":\"https:\/\/ironsky.pl\/sklep\/#website\",\"url\":\"https:\/\/ironsky.pl\/sklep\/\",\"name\":\"IRONSKY.PL Sklep z Dronami\",\"description\":\"IRONSKY.PL Sklep z Dronami\",\"potentialAction\":[{\"@type\":\"SearchAction\",\"target\":{\"@type\":\"EntryPoint\",\"urlTemplate\":\"https:\/\/ironsky.pl\/sklep\/?s={search_term_string}\"},\"query-input\":{\"@type\":\"PropertyValueSpecification\",\"valueRequired\":true,\"valueName\":\"search_term_string\"}}],\"inLanguage\":\"pl-PL\"}]}<\/script>\n<!-- \/ Yoast SEO plugin. -->","yoast_head_json":{"title":"Mini PC Minix Z350 N350 16GB 512GB Windows 11 Pro - IRONSKY.PL Sklep z Dronami","description":"Mini PC Minix Z350 N350 16GB 512GB Windows 11 Pro - \u2705 sklep z dronami i fachowym doradztwem. \u2705 Tutaj kupisz produkty DJI, Yuneec, Parrot, Syma i wiele innych, a tak\u017ce kursy i licencje na operatora drona.","robots":{"index":"index","follow":"follow","max-snippet":"max-snippet:-1","max-image-preview":"max-image-preview:large","max-video-preview":"max-video-preview:-1"},"canonical":"https:\/\/ironsky.pl\/sklep\/produkt\/mini-pc-minix-z350-n350-16gb-512gb-windows-11-pro\/","og_locale":"pl_PL","og_type":"article","og_title":"Mini PC Minix Z350 N350 16GB 512GB Windows 11 Pro - IRONSKY.PL Sklep z Dronami","og_description":"Mini PC Minix Z350 N350 16GB 512GB Windows 11 Pro - \u2705 sklep z dronami i fachowym doradztwem. \u2705 Tutaj kupisz produkty DJI, Yuneec, Parrot, Syma i wiele innych, a tak\u017ce kursy i licencje na operatora drona.","og_url":"https:\/\/ironsky.pl\/sklep\/produkt\/mini-pc-minix-z350-n350-16gb-512gb-windows-11-pro\/","og_site_name":"IRONSKY.PL Sklep z Dronami","article_modified_time":"2026-04-20T14:20:40+00:00","og_image":[{"width":800,"height":800,"url":"https:\/\/ironsky.pl\/sklep\/wp-content\/uploads\/2026\/04\/56145_1.jpg","type":"image\/jpeg"}],"twitter_card":"summary_large_image","twitter_misc":{"Szacowany czas czytania":"4 minuty"},"schema":{"@context":"https:\/\/schema.org","@graph":[{"@type":"WebPage","@id":"https:\/\/ironsky.pl\/sklep\/produkt\/mini-pc-minix-z350-n350-16gb-512gb-windows-11-pro\/","url":"https:\/\/ironsky.pl\/sklep\/produkt\/mini-pc-minix-z350-n350-16gb-512gb-windows-11-pro\/","name":"Mini PC Minix Z350 N350 16GB 512GB Windows 11 Pro - IRONSKY.PL Sklep z Dronami","isPartOf":{"@id":"https:\/\/ironsky.pl\/sklep\/#website"},"primaryImageOfPage":{"@id":"https:\/\/ironsky.pl\/sklep\/produkt\/mini-pc-minix-z350-n350-16gb-512gb-windows-11-pro\/#primaryimage"},"image":{"@id":"https:\/\/ironsky.pl\/sklep\/produkt\/mini-pc-minix-z350-n350-16gb-512gb-windows-11-pro\/#primaryimage"},"thumbnailUrl":"https:\/\/ironsky.pl\/sklep\/wp-content\/uploads\/2026\/04\/56145_1.jpg","datePublished":"2026-04-15T09:13:41+00:00","dateModified":"2026-04-20T14:20:40+00:00","description":"Mini PC Minix Z350 N350 16GB 512GB Windows 11 Pro - \u2705 sklep z dronami i fachowym doradztwem. \u2705 Tutaj kupisz produkty DJI, Yuneec, Parrot, Syma i wiele innych, a tak\u017ce kursy i licencje na operatora drona.","breadcrumb":{"@id":"https:\/\/ironsky.pl\/sklep\/produkt\/mini-pc-minix-z350-n350-16gb-512gb-windows-11-pro\/#breadcrumb"},"inLanguage":"pl-PL","potentialAction":[{"@type":"ReadAction","target":["https:\/\/ironsky.pl\/sklep\/produkt\/mini-pc-minix-z350-n350-16gb-512gb-windows-11-pro\/"]}]},{"@type":"ImageObject","inLanguage":"pl-PL","@id":"https:\/\/ironsky.pl\/sklep\/produkt\/mini-pc-minix-z350-n350-16gb-512gb-windows-11-pro\/#primaryimage","url":"https:\/\/ironsky.pl\/sklep\/wp-content\/uploads\/2026\/04\/56145_1.jpg","contentUrl":"https:\/\/ironsky.pl\/sklep\/wp-content\/uploads\/2026\/04\/56145_1.jpg","width":800,"height":800},{"@type":"BreadcrumbList","@id":"https:\/\/ironsky.pl\/sklep\/produkt\/mini-pc-minix-z350-n350-16gb-512gb-windows-11-pro\/#breadcrumb","itemListElement":[{"@type":"ListItem","position":1,"name":"Strona g\u0142\u00f3wna","item":"https:\/\/ironsky.pl\/sklep\/"},{"@type":"ListItem","position":2,"name":"Wszystkie produkty","item":"https:\/\/ironsky.pl\/sklep\/produkty\/"},{"@type":"ListItem","position":3,"name":"Mini PC Minix Z350 N350 16GB 512GB Windows 11 Pro"}]},{"@type":"WebSite","@id":"https:\/\/ironsky.pl\/sklep\/#website","url":"https:\/\/ironsky.pl\/sklep\/","name":"IRONSKY.PL Sklep z Dronami","description":"IRONSKY.PL Sklep z Dronami","potentialAction":[{"@type":"SearchAction","target":{"@type":"EntryPoint","urlTemplate":"https:\/\/ironsky.pl\/sklep\/?s={search_term_string}"},"query-input":{"@type":"PropertyValueSpecification","valueRequired":true,"valueName":"search_term_string"}}],"inLanguage":"pl-PL"}]}},"_links":{"self":[{"href":"https:\/\/ironsky.pl\/sklep\/wp-json\/wp\/v2\/product\/61111","targetHints":{"allow":["GET"]}}],"collection":[{"href":"https:\/\/ironsky.pl\/sklep\/wp-json\/wp\/v2\/product"}],"about":[{"href":"https:\/\/ironsky.pl\/sklep\/wp-json\/wp\/v2\/types\/product"}],"replies":[{"embeddable":true,"href":"https:\/\/ironsky.pl\/sklep\/wp-json\/wp\/v2\/comments?post=61111"}],"wp:featuredmedia":[{"embeddable":true,"href":"https:\/\/ironsky.pl\/sklep\/wp-json\/wp\/v2\/media\/61112"}],"wp:attachment":[{"href":"https:\/\/ironsky.pl\/sklep\/wp-json\/wp\/v2\/media?parent=61111"}],"wp:term":[{"taxonomy":"product_brand","embeddable":true,"href":"https:\/\/ironsky.pl\/sklep\/wp-json\/wp\/v2\/product_brand?post=61111"},{"taxonomy":"product_cat","embeddable":true,"href":"https:\/\/ironsky.pl\/sklep\/wp-json\/wp\/v2\/product_cat?post=61111"},{"taxonomy":"product_tag","embeddable":true,"href":"https:\/\/ironsky.pl\/sklep\/wp-json\/wp\/v2\/product_tag?post=61111"}],"curies":[{"name":"wp","href":"https:\/\/api.w.org\/{rel}","templated":true}]}}