{"id":61085,"date":"2026-04-15T11:13:07","date_gmt":"2026-04-15T09:13:07","guid":{"rendered":"https:\/\/ironsky.pl\/sklep\/produkt\/etui-tomtoc-g05-nintendo-switch-2-slim-szare-2\/"},"modified":"2026-04-15T11:13:21","modified_gmt":"2026-04-15T09:13:21","slug":"etui-tomtoc-g05-nintendo-switch-2-slim-szare-2","status":"publish","type":"product","link":"https:\/\/ironsky.pl\/sklep\/produkt\/etui-tomtoc-g05-nintendo-switch-2-slim-szare-2\/","title":{"rendered":"Etui Tomtoc G05 Nintendo Switch 2 Slim (Szare)"},"content":{"rendered":"<h3>Etui Tomtoc G05 Nintendo Switch 2 Slim (Szary)<\/h3>\n<p>Tomtoc G05 Slim to etui zaprojektowane z my\u015bl\u0105 o graczach, kt\u00f3rzy chc\u0105 zadba\u0107 o bezpieczny transport swojej konsoli Nintendo Switch 2. Niezwykle smuk\u0142a konstrukcja zapewnia wygod\u0119 noszenia, a jednocze\u015bnie chroni urz\u0105dzenie zgodnie z normami militarnymi. Produkt oferuje te\u017c 12 slot\u00f3w na kartrid\u017ce. To niezawodne rozwi\u0105zanie dla os\u00f3b cz\u0119sto podr\u00f3\u017cuj\u0105cych lub zabieraj\u0105cych konsol\u0119 do pracy czy szko\u0142y.<\/p>\n<p>\n<img decoding=\"async\" src=\"https:\/\/assets.innpro.pl\/18531\/24648\/1.jpg\" border=\"0\" alt=\"Szare etui na konsol\u0119 przeno\u015bn\u0105 z kartami gier na stoliku w samolocie\" \/>\n<\/p>\n<h3>Smuk\u0142y i mobilny design<\/h3>\n<p>Model G05 to najcie\u0144sze etui Tomtoc dedykowane Switchowi 2 \u2013 nie zajmuje wiele miejsca w plecaku, a mimo to gwarantuje pe\u0142n\u0105 ochron\u0119. Idealne dla graczy, kt\u00f3rzy cz\u0119sto si\u0119 przemieszczaj\u0105 i nie chc\u0105 rezygnowa\u0107 z komfortu.<\/p>\n<p>\n<img decoding=\"async\" src=\"https:\/\/assets.innpro.pl\/18531\/24648\/2.jpg\" border=\"0\" alt=\"Etui na konsol\u0119 le\u017cy na dywanie obok popcornu, chips\u00f3w i napoj\u00f3w\" \/>\n<\/p>\n<h3>Wn\u0119trze odporne na zarysowania<\/h3>\n<p>Mi\u0119kka wy\u015bci\u00f3\u0142ka wewn\u0119trzna z amortyzuj\u0105c\u0105 poduszk\u0105 skutecznie chroni ekran i przyciski konsoli przed porysowaniem oraz naciskiem. Nie obawiaj si\u0119 ich uszkodzenia!<\/p>\n<p>\n<img decoding=\"async\" src=\"https:\/\/assets.innpro.pl\/18531\/24648\/3.jpg\" border=\"0\" alt=\"Szare etui na konsol\u0119 u\u0142o\u017cone mi\u0119dzy ksi\u0105\u017ckami na bia\u0142ej p\u00f3\u0142ce\" \/>\n<\/p>\n<h3>Bezpieczne przechowywanie gier<\/h3>\n<p>Etui oferuje a\u017c 12 przegr\u00f3dek na kartrid\u017ce \u2013 Twoje ulubione gry b\u0119d\u0105 zawsze pod r\u0119k\u0105, uporz\u0105dkowane i zabezpieczone. To \u015bwietne rozwi\u0105zanie dla os\u00f3b, kt\u00f3re lubi\u0105 mie\u0107 wyb\u00f3r nawet w podr\u00f3\u017cy.<\/p>\n<p>\n<img decoding=\"async\" src=\"https:\/\/assets.innpro.pl\/18531\/24648\/4.jpg\" border=\"0\" alt=\"Etui na konsol\u0119 na drewnianym stoliku ogrodowym z pizz\u0105 i napojem\" \/>\n<\/p>\n<h3>Ochrona potwierdzona testami<\/h3>\n<p>Etui spe\u0142nia wojskowe normy wytrzyma\u0142o\u015bci, co oznacza, \u017ce przetrwa nieprzewidziane upadki i uderzenia. Wewn\u0119trzne poduszki stabilizuj\u0105 konsol\u0119, chroni\u0105c j\u0105 przed wstrz\u0105sami, zw\u0142aszcza w newralgicznych miejscach, takich jak przyciski L i R. Ponadto wytrzyma\u0142y materia\u0142 zewn\u0119trzny jest odporny na zachlapania i codzienne zu\u017cycie. Zamek b\u0142yskawiczny YKK dzia\u0142a p\u0142ynnie i bezawaryjnie, a praktyczny uchwyt zapewnia wygod\u0119 w noszeniu.<\/p>\n<p>\n<img decoding=\"async\" src=\"https:\/\/assets.innpro.pl\/18531\/24648\/5.jpg\" border=\"0\" alt=\"Osoba wk\u0142ada szare etui na konsol\u0119 do be\u017cowej torby na rami\u0119\" \/>\n<\/p>\n<div class=\"table-wrapper\">\n<p>\u00a0<\/p>\n<h3><\/h3>\n<table>\n<tbody>\n<tr>\n<th>Producent<\/th>\n<td>Tomtoc<\/td>\n<\/tr>\n<tr>\n<th>Model<\/th>\n<td>G05S3D1<\/td>\n<\/tr>\n<tr>\n<th>Kolor<\/th>\n<td>Szary<\/td>\n<\/tr>\n<tr>\n<th>Kompatybilno\u015b\u0107<\/th>\n<td>Nintendo Switch 2<\/td>\n<\/tr>\n<tr>\n<th>Liczba przegr\u00f3dek na kartrid\u017ce<\/th>\n<td>12<\/td>\n<\/tr>\n<tr>\n<th>Wymiary zewn\u0119trzne<\/th>\n<td>Ok. 29 x 14,5 x 4,7 cm<\/td>\n<\/tr>\n<tr>\n<th>Zamek<\/th>\n<td>YKK<\/td>\n<\/tr>\n<tr><\/tr>\n<\/tbody>\n<\/table>\n<\/div>\n","protected":false},"excerpt":{"rendered":"<p>Etui Tomtoc G05 Nintendo Switch 2 Slim (Szary) Tomtoc G05 Slim to etui zaprojektowane z my\u015bl\u0105 o graczach, kt\u00f3rzy chc\u0105<\/p>\n","protected":false},"featured_media":51720,"comment_status":"closed","ping_status":"open","template":"","meta":{"_acf_changed":false},"product_brand":[],"product_cat":[5929,5955],"product_tag":[],"class_list":{"0":"post-61085","1":"product","2":"type-product","3":"status-publish","4":"has-post-thumbnail","6":"product_cat-akcesoria-it","7":"product_cat-przenoszenie","8":"pa_okres-gwarancji-5757","9":"pa_producent-tomtoc","11":"first","12":"outofstock","13":"taxable","14":"shipping-taxable","15":"purchasable","16":"product-type-simple"},"acf":[],"yoast_head":"<!-- This site is optimized with the Yoast SEO plugin v27.2 - https:\/\/yoast.com\/product\/yoast-seo-wordpress\/ -->\n<title>Etui Tomtoc G05 Nintendo Switch 2 Slim (Szare) - IRONSKY.PL Sklep z Dronami<\/title>\n<meta name=\"description\" content=\"Etui Tomtoc G05 Nintendo Switch 2 Slim (Szare) - \u2705 sklep z dronami i fachowym doradztwem. \u2705 Tutaj kupisz produkty DJI, Yuneec, Parrot, Syma i wiele innych, a tak\u017ce kursy i licencje na operatora drona.\" \/>\n<meta name=\"robots\" content=\"index, follow, max-snippet:-1, max-image-preview:large, max-video-preview:-1\" \/>\n<link rel=\"canonical\" href=\"https:\/\/ironsky.pl\/sklep\/produkt\/etui-tomtoc-g05-nintendo-switch-2-slim-szare-2\/\" \/>\n<meta property=\"og:locale\" content=\"pl_PL\" \/>\n<meta property=\"og:type\" content=\"article\" \/>\n<meta property=\"og:title\" content=\"Etui Tomtoc G05 Nintendo Switch 2 Slim (Szare) - IRONSKY.PL Sklep z Dronami\" \/>\n<meta property=\"og:description\" content=\"Etui Tomtoc G05 Nintendo Switch 2 Slim (Szare) - \u2705 sklep z dronami i fachowym doradztwem. \u2705 Tutaj kupisz produkty DJI, Yuneec, Parrot, Syma i wiele innych, a tak\u017ce kursy i licencje na operatora drona.\" \/>\n<meta property=\"og:url\" content=\"https:\/\/ironsky.pl\/sklep\/produkt\/etui-tomtoc-g05-nintendo-switch-2-slim-szare-2\/\" \/>\n<meta property=\"og:site_name\" content=\"IRONSKY.PL Sklep z Dronami\" \/>\n<meta property=\"article:modified_time\" content=\"2026-04-15T09:13:21+00:00\" \/>\n<meta property=\"og:image\" content=\"https:\/\/ironsky.pl\/sklep\/wp-content\/uploads\/2026\/02\/55864_1.jpg\" \/>\n\t<meta property=\"og:image:width\" content=\"800\" \/>\n\t<meta property=\"og:image:height\" content=\"800\" \/>\n\t<meta property=\"og:image:type\" content=\"image\/jpeg\" \/>\n<meta name=\"twitter:card\" content=\"summary_large_image\" \/>\n<meta name=\"twitter:label1\" content=\"Szacowany czas czytania\" \/>\n\t<meta name=\"twitter:data1\" content=\"1 minuta\" \/>\n<script type=\"application\/ld+json\" class=\"yoast-schema-graph\">{\"@context\":\"https:\/\/schema.org\",\"@graph\":[{\"@type\":\"WebPage\",\"@id\":\"https:\/\/ironsky.pl\/sklep\/produkt\/etui-tomtoc-g05-nintendo-switch-2-slim-szare-2\/\",\"url\":\"https:\/\/ironsky.pl\/sklep\/produkt\/etui-tomtoc-g05-nintendo-switch-2-slim-szare-2\/\",\"name\":\"Etui Tomtoc G05 Nintendo Switch 2 Slim (Szare) - IRONSKY.PL Sklep z Dronami\",\"isPartOf\":{\"@id\":\"https:\/\/ironsky.pl\/sklep\/#website\"},\"primaryImageOfPage\":{\"@id\":\"https:\/\/ironsky.pl\/sklep\/produkt\/etui-tomtoc-g05-nintendo-switch-2-slim-szare-2\/#primaryimage\"},\"image\":{\"@id\":\"https:\/\/ironsky.pl\/sklep\/produkt\/etui-tomtoc-g05-nintendo-switch-2-slim-szare-2\/#primaryimage\"},\"thumbnailUrl\":\"https:\/\/ironsky.pl\/sklep\/wp-content\/uploads\/2026\/02\/55864_1.jpg\",\"datePublished\":\"2026-04-15T09:13:07+00:00\",\"dateModified\":\"2026-04-15T09:13:21+00:00\",\"description\":\"Etui Tomtoc G05 Nintendo Switch 2 Slim (Szare) - \u2705 sklep z dronami i fachowym doradztwem. \u2705 Tutaj kupisz produkty DJI, Yuneec, Parrot, Syma i wiele innych, a tak\u017ce kursy i licencje na operatora drona.\",\"breadcrumb\":{\"@id\":\"https:\/\/ironsky.pl\/sklep\/produkt\/etui-tomtoc-g05-nintendo-switch-2-slim-szare-2\/#breadcrumb\"},\"inLanguage\":\"pl-PL\",\"potentialAction\":[{\"@type\":\"ReadAction\",\"target\":[\"https:\/\/ironsky.pl\/sklep\/produkt\/etui-tomtoc-g05-nintendo-switch-2-slim-szare-2\/\"]}]},{\"@type\":\"ImageObject\",\"inLanguage\":\"pl-PL\",\"@id\":\"https:\/\/ironsky.pl\/sklep\/produkt\/etui-tomtoc-g05-nintendo-switch-2-slim-szare-2\/#primaryimage\",\"url\":\"https:\/\/ironsky.pl\/sklep\/wp-content\/uploads\/2026\/02\/55864_1.jpg\",\"contentUrl\":\"https:\/\/ironsky.pl\/sklep\/wp-content\/uploads\/2026\/02\/55864_1.jpg\",\"width\":800,\"height\":800},{\"@type\":\"BreadcrumbList\",\"@id\":\"https:\/\/ironsky.pl\/sklep\/produkt\/etui-tomtoc-g05-nintendo-switch-2-slim-szare-2\/#breadcrumb\",\"itemListElement\":[{\"@type\":\"ListItem\",\"position\":1,\"name\":\"Strona g\u0142\u00f3wna\",\"item\":\"https:\/\/ironsky.pl\/sklep\/\"},{\"@type\":\"ListItem\",\"position\":2,\"name\":\"Wszystkie produkty\",\"item\":\"https:\/\/ironsky.pl\/sklep\/produkty\/\"},{\"@type\":\"ListItem\",\"position\":3,\"name\":\"Etui Tomtoc G05 Nintendo Switch 2 Slim (Szare)\"}]},{\"@type\":\"WebSite\",\"@id\":\"https:\/\/ironsky.pl\/sklep\/#website\",\"url\":\"https:\/\/ironsky.pl\/sklep\/\",\"name\":\"IRONSKY.PL Sklep z Dronami\",\"description\":\"IRONSKY.PL Sklep z Dronami\",\"potentialAction\":[{\"@type\":\"SearchAction\",\"target\":{\"@type\":\"EntryPoint\",\"urlTemplate\":\"https:\/\/ironsky.pl\/sklep\/?s={search_term_string}\"},\"query-input\":{\"@type\":\"PropertyValueSpecification\",\"valueRequired\":true,\"valueName\":\"search_term_string\"}}],\"inLanguage\":\"pl-PL\"}]}<\/script>\n<!-- \/ Yoast SEO plugin. -->","yoast_head_json":{"title":"Etui Tomtoc G05 Nintendo Switch 2 Slim (Szare) - IRONSKY.PL Sklep z Dronami","description":"Etui Tomtoc G05 Nintendo Switch 2 Slim (Szare) - \u2705 sklep z dronami i fachowym doradztwem. \u2705 Tutaj kupisz produkty DJI, Yuneec, Parrot, Syma i wiele innych, a tak\u017ce kursy i licencje na operatora drona.","robots":{"index":"index","follow":"follow","max-snippet":"max-snippet:-1","max-image-preview":"max-image-preview:large","max-video-preview":"max-video-preview:-1"},"canonical":"https:\/\/ironsky.pl\/sklep\/produkt\/etui-tomtoc-g05-nintendo-switch-2-slim-szare-2\/","og_locale":"pl_PL","og_type":"article","og_title":"Etui Tomtoc G05 Nintendo Switch 2 Slim (Szare) - IRONSKY.PL Sklep z Dronami","og_description":"Etui Tomtoc G05 Nintendo Switch 2 Slim (Szare) - \u2705 sklep z dronami i fachowym doradztwem. \u2705 Tutaj kupisz produkty DJI, Yuneec, Parrot, Syma i wiele innych, a tak\u017ce kursy i licencje na operatora drona.","og_url":"https:\/\/ironsky.pl\/sklep\/produkt\/etui-tomtoc-g05-nintendo-switch-2-slim-szare-2\/","og_site_name":"IRONSKY.PL Sklep z Dronami","article_modified_time":"2026-04-15T09:13:21+00:00","og_image":[{"width":800,"height":800,"url":"https:\/\/ironsky.pl\/sklep\/wp-content\/uploads\/2026\/02\/55864_1.jpg","type":"image\/jpeg"}],"twitter_card":"summary_large_image","twitter_misc":{"Szacowany czas czytania":"1 minuta"},"schema":{"@context":"https:\/\/schema.org","@graph":[{"@type":"WebPage","@id":"https:\/\/ironsky.pl\/sklep\/produkt\/etui-tomtoc-g05-nintendo-switch-2-slim-szare-2\/","url":"https:\/\/ironsky.pl\/sklep\/produkt\/etui-tomtoc-g05-nintendo-switch-2-slim-szare-2\/","name":"Etui Tomtoc G05 Nintendo Switch 2 Slim (Szare) - IRONSKY.PL Sklep z Dronami","isPartOf":{"@id":"https:\/\/ironsky.pl\/sklep\/#website"},"primaryImageOfPage":{"@id":"https:\/\/ironsky.pl\/sklep\/produkt\/etui-tomtoc-g05-nintendo-switch-2-slim-szare-2\/#primaryimage"},"image":{"@id":"https:\/\/ironsky.pl\/sklep\/produkt\/etui-tomtoc-g05-nintendo-switch-2-slim-szare-2\/#primaryimage"},"thumbnailUrl":"https:\/\/ironsky.pl\/sklep\/wp-content\/uploads\/2026\/02\/55864_1.jpg","datePublished":"2026-04-15T09:13:07+00:00","dateModified":"2026-04-15T09:13:21+00:00","description":"Etui Tomtoc G05 Nintendo Switch 2 Slim (Szare) - \u2705 sklep z dronami i fachowym doradztwem. \u2705 Tutaj kupisz produkty DJI, Yuneec, Parrot, Syma i wiele innych, a tak\u017ce kursy i licencje na operatora drona.","breadcrumb":{"@id":"https:\/\/ironsky.pl\/sklep\/produkt\/etui-tomtoc-g05-nintendo-switch-2-slim-szare-2\/#breadcrumb"},"inLanguage":"pl-PL","potentialAction":[{"@type":"ReadAction","target":["https:\/\/ironsky.pl\/sklep\/produkt\/etui-tomtoc-g05-nintendo-switch-2-slim-szare-2\/"]}]},{"@type":"ImageObject","inLanguage":"pl-PL","@id":"https:\/\/ironsky.pl\/sklep\/produkt\/etui-tomtoc-g05-nintendo-switch-2-slim-szare-2\/#primaryimage","url":"https:\/\/ironsky.pl\/sklep\/wp-content\/uploads\/2026\/02\/55864_1.jpg","contentUrl":"https:\/\/ironsky.pl\/sklep\/wp-content\/uploads\/2026\/02\/55864_1.jpg","width":800,"height":800},{"@type":"BreadcrumbList","@id":"https:\/\/ironsky.pl\/sklep\/produkt\/etui-tomtoc-g05-nintendo-switch-2-slim-szare-2\/#breadcrumb","itemListElement":[{"@type":"ListItem","position":1,"name":"Strona g\u0142\u00f3wna","item":"https:\/\/ironsky.pl\/sklep\/"},{"@type":"ListItem","position":2,"name":"Wszystkie produkty","item":"https:\/\/ironsky.pl\/sklep\/produkty\/"},{"@type":"ListItem","position":3,"name":"Etui Tomtoc G05 Nintendo Switch 2 Slim (Szare)"}]},{"@type":"WebSite","@id":"https:\/\/ironsky.pl\/sklep\/#website","url":"https:\/\/ironsky.pl\/sklep\/","name":"IRONSKY.PL Sklep z Dronami","description":"IRONSKY.PL Sklep z Dronami","potentialAction":[{"@type":"SearchAction","target":{"@type":"EntryPoint","urlTemplate":"https:\/\/ironsky.pl\/sklep\/?s={search_term_string}"},"query-input":{"@type":"PropertyValueSpecification","valueRequired":true,"valueName":"search_term_string"}}],"inLanguage":"pl-PL"}]}},"_links":{"self":[{"href":"https:\/\/ironsky.pl\/sklep\/wp-json\/wp\/v2\/product\/61085","targetHints":{"allow":["GET"]}}],"collection":[{"href":"https:\/\/ironsky.pl\/sklep\/wp-json\/wp\/v2\/product"}],"about":[{"href":"https:\/\/ironsky.pl\/sklep\/wp-json\/wp\/v2\/types\/product"}],"replies":[{"embeddable":true,"href":"https:\/\/ironsky.pl\/sklep\/wp-json\/wp\/v2\/comments?post=61085"}],"wp:featuredmedia":[{"embeddable":true,"href":"https:\/\/ironsky.pl\/sklep\/wp-json\/wp\/v2\/media\/51720"}],"wp:attachment":[{"href":"https:\/\/ironsky.pl\/sklep\/wp-json\/wp\/v2\/media?parent=61085"}],"wp:term":[{"taxonomy":"product_brand","embeddable":true,"href":"https:\/\/ironsky.pl\/sklep\/wp-json\/wp\/v2\/product_brand?post=61085"},{"taxonomy":"product_cat","embeddable":true,"href":"https:\/\/ironsky.pl\/sklep\/wp-json\/wp\/v2\/product_cat?post=61085"},{"taxonomy":"product_tag","embeddable":true,"href":"https:\/\/ironsky.pl\/sklep\/wp-json\/wp\/v2\/product_tag?post=61085"}],"curies":[{"name":"wp","href":"https:\/\/api.w.org\/{rel}","templated":true}]}}