{"id":61080,"date":"2026-04-15T11:13:07","date_gmt":"2026-04-15T09:13:07","guid":{"rendered":"https:\/\/ironsky.pl\/sklep\/produkt\/dji-flighthub-2-przestrzen-pamieci-5tb-kod-elektroniczny\/"},"modified":"2026-04-15T11:13:15","modified_gmt":"2026-04-15T09:13:15","slug":"dji-flighthub-2-przestrzen-pamieci-5tb-kod-elektroniczny","status":"publish","type":"product","link":"https:\/\/ironsky.pl\/sklep\/produkt\/dji-flighthub-2-przestrzen-pamieci-5tb-kod-elektroniczny\/","title":{"rendered":"DJI FlightHub 2 Przestrze\u0144 pami\u0119ci (5TB) &#8211; kod elektroniczny"},"content":{"rendered":"<p><img decoding=\"async\" src=\"https:\/\/b2b.innpro.pl\/data\/include\/cms\/enterprise\/FlightHub\/b241583e897df6d4d240d2fc536ba257.jpg\" border=\"0\" width=\"100%\" \/><\/p>\n<h3>DJI FlightHub 2 Przestrze\u0144 pami\u0119ci (5TB) &#8211; kod elektroniczny <\/h3>\n<p>DJI Flighthub 2 zapewnia u\u017cytkownikom bezp\u0142atn\u0105 przestrze\u0144 dyskow\u0105 od 5 GB, kt\u00f3r\u0105 mo\u017cna wykorzysta\u0107 do przechowywania zdj\u0119\u0107, film\u00f3w, tras lot\u00f3w, modeli itp. Mo\u017cesz zakupi\u0107 ten pakiet, aby zwi\u0119kszy\u0107 przestrze\u0144 dyskow\u0105 o 5TB na rok.\u00a0<\/p>\n<div class=\"table-wrapper\">\n<table>\n<tbody>\n<tr>\n<th style=\"width:20%\">Funkcja<\/th>\n<th style=\"width:20%\">Wersja Standardowa (Bezp\u0142atna)<\/th>\n<th style=\"width:20%\">Wersja Profesjonalna<\/th>\n<th style=\"width:20%\">Wersja Enterprise<\/th>\n<th style=\"width:20%\">Wersja On-Premises Basic Package<\/th>\n<\/tr>\n<tr>\n<th>Liczba projekt\u00f3w<\/th>\n<td>5<br \/>Mo\u017cesz utworzy\u0107 do pi\u0119ciu projekt\u00f3w w organizacji. Nowe projekty nie s\u0105 dozwolone po przekroczeniu limitu.<\/td>\n<td>Bez limitu<\/td>\n<td>Bez limitu<\/td>\n<td>Bez limitu<\/td>\n<\/tr>\n<tr>\n<th>Liczba urz\u0105dze\u0144<\/th>\n<td>Bez limitu<\/td>\n<td>Bez limitu<\/td>\n<td>Zale\u017cna od zakupionego pakietu podstawowego oraz pakietu rozszerzenia urz\u0105dze\u0144.<\/td>\n<td>Zale\u017cy od zakupionego pakietu podstawowego i pakietu rozszerze\u0144 urz\u0105dze\u0144.<br \/>Po rozszerzeniu obs\u0142uguje do 200 urz\u0105dze\u0144 z serii DJI Dock.<\/td>\n<\/tr>\n<tr>\n<th>Zamiana logo<\/th>\n<td>&#8211;<\/td>\n<td>Tak<\/td>\n<td>Tak<\/td>\n<td>Tak<\/td>\n<\/tr>\n<tr>\n<th>Niestandardowa strona logowania<\/th>\n<td>&#8211;<\/td>\n<td>&#8211;<\/td>\n<td>&#8211;<\/td>\n<td>Tak<\/td>\n<\/tr>\n<tr>\n<th>Transmisja na \u017cywo<\/th>\n<td>&#8211;<\/td>\n<td>2 000 minut\/miesi\u0105c<br \/>Czas transmisji liczony jest na podstawie \u0142\u0105cznego czasu ogl\u0105dania przez widz\u00f3w. Niewykorzystany czas przechodzi na kolejny miesi\u0105c.<\/td>\n<td>Nieograniczony czas trwania<br \/>Ograniczona liczba minut transmisji dla kamer dokuj\u0105cych:<br \/>30 000 minut na 1 rok \/ 1 urz\u0105dzenie<br \/>100 000 minut na 3 lata \/ 1 urz\u0105dzenie<\/td>\n<td>Nieograniczony czas trwania<\/td>\n<\/tr>\n<tr>\n<th>Pojemno\u015b\u0107 magazynowania<\/th>\n<td>5 GB<\/td>\n<td>500 GB<br \/>500 GB przestrzeni w chmurze dost\u0119pne w okresie wa\u017cno\u015bci. Po zape\u0142nieniu pliki mo\u017cna pobiera\u0107, ale nie mo\u017cna przesy\u0142a\u0107 nowych.<\/td>\n<td>Nieograniczona pojemno\u015b\u0107<\/td>\n<td>Nieograniczona pojemno\u015b\u0107<\/td>\n<\/tr>\n<tr>\n<th>Liczba mapowa\u0144<\/th>\n<td>&#8211;<\/td>\n<td>3 000 obraz\u00f3w\/miesi\u0105c<br \/>Niewykorzystany limit przechodzi na kolejny miesi\u0105c. Obrazy do mapowania w czasie rzeczywistym i na podstawie plik\u00f3w wsp\u00f3\u0142dziel\u0105 ten sam limit.<\/td>\n<td>150 000 obraz\u00f3w na 1 rok \/ 1 urz\u0105dzenie<br \/>450 000 obraz\u00f3w na 3 lata \/ 1 urz\u0105dzenie<br \/>150 000 obraz\u00f3w dla rozszerzenia online<\/td>\n<td>Brak limitu<br \/>Obecna wersja obs\u0142uguje do 2000 obraz\u00f3w dla pojedynczego zadania mapowania.<\/td>\n<\/tr>\n<tr>\n<th>Model wy\u015bwietlania<\/th>\n<td>1<br \/>Obejmuje modele 2D i 3D. Tylko jeden model mo\u017ce by\u0107 na\u0142o\u017cony na map\u0119 jednocze\u015bnie w projekcie.<\/td>\n<td>Bez limitu<\/td>\n<td>Bez limitu<\/td>\n<td>Bez limitu<\/td>\n<\/tr>\n<tr>\n<th>Logowanie kontem zewn\u0119trznym<\/th>\n<td>&#8211;<\/td>\n<td>&#8211;<\/td>\n<td>Tak<\/td>\n<td>Tak<\/td>\n<\/tr>\n<tr>\n<th>OpenAPI<\/th>\n<td>&#8211;<\/td>\n<td>Tak<\/td>\n<td>Tak<\/td>\n<td>Tak<\/td>\n<\/tr>\n<tr>\n<th>Polityka cenowa<\/th>\n<td>Bezp\u0142atny<\/td>\n<td>P\u0142atny<\/td>\n<td>P\u0142atny<\/td>\n<td>Prosimy o kontakt ze sprzedawc\u0105<\/td>\n<\/tr>\n<\/tbody>\n<\/table>\n<\/div>\n","protected":false},"excerpt":{"rendered":"<p>DJI FlightHub 2 Przestrze\u0144 pami\u0119ci (5TB) &#8211; kod elektroniczny DJI Flighthub 2 zapewnia u\u017cytkownikom bezp\u0142atn\u0105 przestrze\u0144 dyskow\u0105 od 5 GB,<\/p>\n","protected":false},"featured_media":51710,"comment_status":"closed","ping_status":"open","template":"","meta":{"_acf_changed":false},"product_brand":[],"product_cat":[1088,1105,6194],"product_tag":[],"class_list":{"0":"post-61080","1":"product","2":"type-product","3":"status-publish","4":"has-post-thumbnail","6":"product_cat-drony","7":"product_cat-przemyslowe","8":"product_cat-oprogramowanie","9":"pa_brak-5770","10":"pa_producent-dji-enterprise","12":"first","13":"outofstock","14":"taxable","15":"shipping-taxable","16":"purchasable","17":"product-type-simple"},"acf":[],"yoast_head":"<!-- This site is optimized with the Yoast SEO plugin v27.2 - https:\/\/yoast.com\/product\/yoast-seo-wordpress\/ -->\n<title>DJI FlightHub 2 Przestrze\u0144 pami\u0119ci (5TB) - kod elektroniczny - IRONSKY.PL Sklep z Dronami<\/title>\n<meta name=\"description\" content=\"DJI FlightHub 2 Przestrze\u0144 pami\u0119ci (5TB) - kod elektroniczny - \u2705 sklep z dronami i fachowym doradztwem. \u2705 Tutaj kupisz produkty DJI, Yuneec, Parrot, Syma i wiele innych, a tak\u017ce kursy i licencje na operatora drona.\" \/>\n<meta name=\"robots\" content=\"index, follow, max-snippet:-1, max-image-preview:large, max-video-preview:-1\" \/>\n<link rel=\"canonical\" href=\"https:\/\/ironsky.pl\/sklep\/produkt\/dji-flighthub-2-przestrzen-pamieci-5tb-kod-elektroniczny\/\" \/>\n<meta property=\"og:locale\" content=\"pl_PL\" \/>\n<meta property=\"og:type\" content=\"article\" \/>\n<meta property=\"og:title\" content=\"DJI FlightHub 2 Przestrze\u0144 pami\u0119ci (5TB) - kod elektroniczny - IRONSKY.PL Sklep z Dronami\" \/>\n<meta property=\"og:description\" content=\"DJI FlightHub 2 Przestrze\u0144 pami\u0119ci (5TB) - kod elektroniczny - \u2705 sklep z dronami i fachowym doradztwem. \u2705 Tutaj kupisz produkty DJI, Yuneec, Parrot, Syma i wiele innych, a tak\u017ce kursy i licencje na operatora drona.\" \/>\n<meta property=\"og:url\" content=\"https:\/\/ironsky.pl\/sklep\/produkt\/dji-flighthub-2-przestrzen-pamieci-5tb-kod-elektroniczny\/\" \/>\n<meta property=\"og:site_name\" content=\"IRONSKY.PL Sklep z Dronami\" \/>\n<meta property=\"article:modified_time\" content=\"2026-04-15T09:13:15+00:00\" \/>\n<meta property=\"og:image\" content=\"https:\/\/ironsky.pl\/sklep\/wp-content\/uploads\/2026\/02\/55859_1_1.jpg\" \/>\n\t<meta property=\"og:image:width\" content=\"800\" \/>\n\t<meta property=\"og:image:height\" content=\"800\" \/>\n\t<meta property=\"og:image:type\" content=\"image\/jpeg\" \/>\n<meta name=\"twitter:card\" content=\"summary_large_image\" \/>\n<meta name=\"twitter:label1\" content=\"Szacowany czas czytania\" \/>\n\t<meta name=\"twitter:data1\" content=\"2 minuty\" \/>\n<script type=\"application\/ld+json\" class=\"yoast-schema-graph\">{\"@context\":\"https:\/\/schema.org\",\"@graph\":[{\"@type\":\"WebPage\",\"@id\":\"https:\/\/ironsky.pl\/sklep\/produkt\/dji-flighthub-2-przestrzen-pamieci-5tb-kod-elektroniczny\/\",\"url\":\"https:\/\/ironsky.pl\/sklep\/produkt\/dji-flighthub-2-przestrzen-pamieci-5tb-kod-elektroniczny\/\",\"name\":\"DJI FlightHub 2 Przestrze\u0144 pami\u0119ci (5TB) - kod elektroniczny - IRONSKY.PL Sklep z Dronami\",\"isPartOf\":{\"@id\":\"https:\/\/ironsky.pl\/sklep\/#website\"},\"primaryImageOfPage\":{\"@id\":\"https:\/\/ironsky.pl\/sklep\/produkt\/dji-flighthub-2-przestrzen-pamieci-5tb-kod-elektroniczny\/#primaryimage\"},\"image\":{\"@id\":\"https:\/\/ironsky.pl\/sklep\/produkt\/dji-flighthub-2-przestrzen-pamieci-5tb-kod-elektroniczny\/#primaryimage\"},\"thumbnailUrl\":\"https:\/\/ironsky.pl\/sklep\/wp-content\/uploads\/2026\/02\/55859_1_1.jpg\",\"datePublished\":\"2026-04-15T09:13:07+00:00\",\"dateModified\":\"2026-04-15T09:13:15+00:00\",\"description\":\"DJI FlightHub 2 Przestrze\u0144 pami\u0119ci (5TB) - kod elektroniczny - \u2705 sklep z dronami i fachowym doradztwem. \u2705 Tutaj kupisz produkty DJI, Yuneec, Parrot, Syma i wiele innych, a tak\u017ce kursy i licencje na operatora drona.\",\"breadcrumb\":{\"@id\":\"https:\/\/ironsky.pl\/sklep\/produkt\/dji-flighthub-2-przestrzen-pamieci-5tb-kod-elektroniczny\/#breadcrumb\"},\"inLanguage\":\"pl-PL\",\"potentialAction\":[{\"@type\":\"ReadAction\",\"target\":[\"https:\/\/ironsky.pl\/sklep\/produkt\/dji-flighthub-2-przestrzen-pamieci-5tb-kod-elektroniczny\/\"]}]},{\"@type\":\"ImageObject\",\"inLanguage\":\"pl-PL\",\"@id\":\"https:\/\/ironsky.pl\/sklep\/produkt\/dji-flighthub-2-przestrzen-pamieci-5tb-kod-elektroniczny\/#primaryimage\",\"url\":\"https:\/\/ironsky.pl\/sklep\/wp-content\/uploads\/2026\/02\/55859_1_1.jpg\",\"contentUrl\":\"https:\/\/ironsky.pl\/sklep\/wp-content\/uploads\/2026\/02\/55859_1_1.jpg\",\"width\":800,\"height\":800},{\"@type\":\"BreadcrumbList\",\"@id\":\"https:\/\/ironsky.pl\/sklep\/produkt\/dji-flighthub-2-przestrzen-pamieci-5tb-kod-elektroniczny\/#breadcrumb\",\"itemListElement\":[{\"@type\":\"ListItem\",\"position\":1,\"name\":\"Strona g\u0142\u00f3wna\",\"item\":\"https:\/\/ironsky.pl\/sklep\/\"},{\"@type\":\"ListItem\",\"position\":2,\"name\":\"Wszystkie produkty\",\"item\":\"https:\/\/ironsky.pl\/sklep\/produkty\/\"},{\"@type\":\"ListItem\",\"position\":3,\"name\":\"DJI FlightHub 2 Przestrze\u0144 pami\u0119ci (5TB) &#8211; kod elektroniczny\"}]},{\"@type\":\"WebSite\",\"@id\":\"https:\/\/ironsky.pl\/sklep\/#website\",\"url\":\"https:\/\/ironsky.pl\/sklep\/\",\"name\":\"IRONSKY.PL Sklep z Dronami\",\"description\":\"IRONSKY.PL Sklep z Dronami\",\"potentialAction\":[{\"@type\":\"SearchAction\",\"target\":{\"@type\":\"EntryPoint\",\"urlTemplate\":\"https:\/\/ironsky.pl\/sklep\/?s={search_term_string}\"},\"query-input\":{\"@type\":\"PropertyValueSpecification\",\"valueRequired\":true,\"valueName\":\"search_term_string\"}}],\"inLanguage\":\"pl-PL\"}]}<\/script>\n<!-- \/ Yoast SEO plugin. -->","yoast_head_json":{"title":"DJI FlightHub 2 Przestrze\u0144 pami\u0119ci (5TB) - kod elektroniczny - IRONSKY.PL Sklep z Dronami","description":"DJI FlightHub 2 Przestrze\u0144 pami\u0119ci (5TB) - kod elektroniczny - \u2705 sklep z dronami i fachowym doradztwem. \u2705 Tutaj kupisz produkty DJI, Yuneec, Parrot, Syma i wiele innych, a tak\u017ce kursy i licencje na operatora drona.","robots":{"index":"index","follow":"follow","max-snippet":"max-snippet:-1","max-image-preview":"max-image-preview:large","max-video-preview":"max-video-preview:-1"},"canonical":"https:\/\/ironsky.pl\/sklep\/produkt\/dji-flighthub-2-przestrzen-pamieci-5tb-kod-elektroniczny\/","og_locale":"pl_PL","og_type":"article","og_title":"DJI FlightHub 2 Przestrze\u0144 pami\u0119ci (5TB) - kod elektroniczny - IRONSKY.PL Sklep z Dronami","og_description":"DJI FlightHub 2 Przestrze\u0144 pami\u0119ci (5TB) - kod elektroniczny - \u2705 sklep z dronami i fachowym doradztwem. \u2705 Tutaj kupisz produkty DJI, Yuneec, Parrot, Syma i wiele innych, a tak\u017ce kursy i licencje na operatora drona.","og_url":"https:\/\/ironsky.pl\/sklep\/produkt\/dji-flighthub-2-przestrzen-pamieci-5tb-kod-elektroniczny\/","og_site_name":"IRONSKY.PL Sklep z Dronami","article_modified_time":"2026-04-15T09:13:15+00:00","og_image":[{"width":800,"height":800,"url":"https:\/\/ironsky.pl\/sklep\/wp-content\/uploads\/2026\/02\/55859_1_1.jpg","type":"image\/jpeg"}],"twitter_card":"summary_large_image","twitter_misc":{"Szacowany czas czytania":"2 minuty"},"schema":{"@context":"https:\/\/schema.org","@graph":[{"@type":"WebPage","@id":"https:\/\/ironsky.pl\/sklep\/produkt\/dji-flighthub-2-przestrzen-pamieci-5tb-kod-elektroniczny\/","url":"https:\/\/ironsky.pl\/sklep\/produkt\/dji-flighthub-2-przestrzen-pamieci-5tb-kod-elektroniczny\/","name":"DJI FlightHub 2 Przestrze\u0144 pami\u0119ci (5TB) - kod elektroniczny - IRONSKY.PL Sklep z Dronami","isPartOf":{"@id":"https:\/\/ironsky.pl\/sklep\/#website"},"primaryImageOfPage":{"@id":"https:\/\/ironsky.pl\/sklep\/produkt\/dji-flighthub-2-przestrzen-pamieci-5tb-kod-elektroniczny\/#primaryimage"},"image":{"@id":"https:\/\/ironsky.pl\/sklep\/produkt\/dji-flighthub-2-przestrzen-pamieci-5tb-kod-elektroniczny\/#primaryimage"},"thumbnailUrl":"https:\/\/ironsky.pl\/sklep\/wp-content\/uploads\/2026\/02\/55859_1_1.jpg","datePublished":"2026-04-15T09:13:07+00:00","dateModified":"2026-04-15T09:13:15+00:00","description":"DJI FlightHub 2 Przestrze\u0144 pami\u0119ci (5TB) - kod elektroniczny - \u2705 sklep z dronami i fachowym doradztwem. \u2705 Tutaj kupisz produkty DJI, Yuneec, Parrot, Syma i wiele innych, a tak\u017ce kursy i licencje na operatora drona.","breadcrumb":{"@id":"https:\/\/ironsky.pl\/sklep\/produkt\/dji-flighthub-2-przestrzen-pamieci-5tb-kod-elektroniczny\/#breadcrumb"},"inLanguage":"pl-PL","potentialAction":[{"@type":"ReadAction","target":["https:\/\/ironsky.pl\/sklep\/produkt\/dji-flighthub-2-przestrzen-pamieci-5tb-kod-elektroniczny\/"]}]},{"@type":"ImageObject","inLanguage":"pl-PL","@id":"https:\/\/ironsky.pl\/sklep\/produkt\/dji-flighthub-2-przestrzen-pamieci-5tb-kod-elektroniczny\/#primaryimage","url":"https:\/\/ironsky.pl\/sklep\/wp-content\/uploads\/2026\/02\/55859_1_1.jpg","contentUrl":"https:\/\/ironsky.pl\/sklep\/wp-content\/uploads\/2026\/02\/55859_1_1.jpg","width":800,"height":800},{"@type":"BreadcrumbList","@id":"https:\/\/ironsky.pl\/sklep\/produkt\/dji-flighthub-2-przestrzen-pamieci-5tb-kod-elektroniczny\/#breadcrumb","itemListElement":[{"@type":"ListItem","position":1,"name":"Strona g\u0142\u00f3wna","item":"https:\/\/ironsky.pl\/sklep\/"},{"@type":"ListItem","position":2,"name":"Wszystkie produkty","item":"https:\/\/ironsky.pl\/sklep\/produkty\/"},{"@type":"ListItem","position":3,"name":"DJI FlightHub 2 Przestrze\u0144 pami\u0119ci (5TB) &#8211; kod elektroniczny"}]},{"@type":"WebSite","@id":"https:\/\/ironsky.pl\/sklep\/#website","url":"https:\/\/ironsky.pl\/sklep\/","name":"IRONSKY.PL Sklep z Dronami","description":"IRONSKY.PL Sklep z Dronami","potentialAction":[{"@type":"SearchAction","target":{"@type":"EntryPoint","urlTemplate":"https:\/\/ironsky.pl\/sklep\/?s={search_term_string}"},"query-input":{"@type":"PropertyValueSpecification","valueRequired":true,"valueName":"search_term_string"}}],"inLanguage":"pl-PL"}]}},"_links":{"self":[{"href":"https:\/\/ironsky.pl\/sklep\/wp-json\/wp\/v2\/product\/61080","targetHints":{"allow":["GET"]}}],"collection":[{"href":"https:\/\/ironsky.pl\/sklep\/wp-json\/wp\/v2\/product"}],"about":[{"href":"https:\/\/ironsky.pl\/sklep\/wp-json\/wp\/v2\/types\/product"}],"replies":[{"embeddable":true,"href":"https:\/\/ironsky.pl\/sklep\/wp-json\/wp\/v2\/comments?post=61080"}],"wp:featuredmedia":[{"embeddable":true,"href":"https:\/\/ironsky.pl\/sklep\/wp-json\/wp\/v2\/media\/51710"}],"wp:attachment":[{"href":"https:\/\/ironsky.pl\/sklep\/wp-json\/wp\/v2\/media?parent=61080"}],"wp:term":[{"taxonomy":"product_brand","embeddable":true,"href":"https:\/\/ironsky.pl\/sklep\/wp-json\/wp\/v2\/product_brand?post=61080"},{"taxonomy":"product_cat","embeddable":true,"href":"https:\/\/ironsky.pl\/sklep\/wp-json\/wp\/v2\/product_cat?post=61080"},{"taxonomy":"product_tag","embeddable":true,"href":"https:\/\/ironsky.pl\/sklep\/wp-json\/wp\/v2\/product_tag?post=61080"}],"curies":[{"name":"wp","href":"https:\/\/api.w.org\/{rel}","templated":true}]}}