{"id":61063,"date":"2026-04-15T11:12:41","date_gmt":"2026-04-15T09:12:41","guid":{"rendered":"https:\/\/ironsky.pl\/sklep\/produkt\/silikonowa-opaska-sunnylife-do-osmo-nano-czarna-2\/"},"modified":"2026-04-15T11:12:52","modified_gmt":"2026-04-15T09:12:52","slug":"silikonowa-opaska-sunnylife-do-osmo-nano-czarna-2","status":"publish","type":"product","link":"https:\/\/ironsky.pl\/sklep\/produkt\/silikonowa-opaska-sunnylife-do-osmo-nano-czarna-2\/","title":{"rendered":"Silikonowa opaska Sunnylife do Osmo Nano (czarna)"},"content":{"rendered":"<h3>Silikonowa opaska Sunnylife do Osmo Nano (czarna)<\/h3>\n<p>Opaska silikonowa Sunnylife to praktyczne akcesorium zaprojektowane specjalnie dla kamery DJI Osmo Nano. \u0141\u0105czy funkcj\u0119 ochronnego etui z uniwersalnym paskiem, kt\u00f3ry umo\u017cliwia wygodne i bezpieczne mocowanie kamery na nadgarstku, plecaku, rowerze, a nawet na obro\u017cy pupila. To rozwi\u0105zanie dla tych, kt\u00f3rzy chc\u0105 wygodnie nagrywa\u0107 z r\u00f3\u017cnych perspektyw.<\/p>\n<p>\n<img decoding=\"async\" src=\"https:\/\/assets.innpro.pl\/18386\/24465\/4.jpg\" border=\"0\" alt=\"Kamera w silikonowej opasce na nadgarstku m\u0119\u017cczyzny\" \/>\n<\/p>\n<h3>Wielofunkcyjno\u015b\u0107 i dobre dopasowanie<\/h3>\n<p>Dzi\u0119ki regulowanemu paskowi (zakres d\u0142ugo\u015bci od 129 do 293 mm), opaska sprawdzi si\u0119 w wielu sytuacjach. Mo\u017cesz nosi\u0107 j\u0105 na nadgarstku podczas biegania, zamocowa\u0107 na kierownicy roweru, przypi\u0105\u0107 do szelek plecaka lub za\u0142o\u017cy\u0107 kotu czy psu na obro\u017c\u0119, by nagrywa\u0107 \u015bwiat z ich perspektywy. Etui wykonane jest z elastycznego, wysokiej jako\u015bci silikonu, kt\u00f3ry dobrze przylega do kamery, nie blokuj\u0105c przy tym dost\u0119pu do przycisk\u00f3w i obiektywu.\u00a0<\/p>\n<p>\n<img decoding=\"async\" src=\"https:\/\/assets.innpro.pl\/18386\/24465\/2.jpg\" border=\"0\" alt=\"R\u00f3\u017cne sposoby zastosowania opaski na kamer\u0119\" \/>\n<\/p>\n<h3>Ochrona, kt\u00f3ra nie przeszkadza w nagrywaniu<\/h3>\n<p>Silikonowa os\u0142ona chroni Osmo Nano przed zarysowaniami, kurzem i lekkimi uderzeniami. Dodatkowo konstrukcja z otwartym ty\u0142em wspomaga odprowadzanie ciep\u0142a, co mo\u017ce by\u0107 przydatne podczas d\u0142u\u017cszych nagra\u0144. Opaska zabezpiecza te\u017c kamer\u0119 przed zgubieniem \u2013 szczeg\u00f3lnie gdy korzystasz z niej w dynamicznych warunkach. Silikon u\u017cyty do produkcji opaski jest odporny na rozci\u0105ganie i odkszta\u0142cenia, dzi\u0119ki czemu nie traci swojego kszta\u0142tu nawet przy intensywnym u\u017cytkowaniu.\u00a0<\/p>\n<p>\n<img decoding=\"async\" src=\"https:\/\/assets.innpro.pl\/18386\/24465\/3.jpg\" border=\"0\" alt=\"Kamera w opasce silikonowej uderzaj\u0105ca o kamie\u0144\" \/>\n<\/p>\n<div class=\"table-wrapper\">\n<p>\u00a0<\/p>\n<h3><\/h3>\n<table>\n<tbody>\n<tr>\n<th>Producent<\/th>\n<td>Sunnylife<\/td>\n<\/tr>\n<tr>\n<th>Model<\/th>\n<td>ON-ZD050<\/td>\n<\/tr>\n<tr>\n<th>Kolor<\/th>\n<td>czarny<\/td>\n<\/tr>\n<tr>\n<th>Materia\u0142<\/th>\n<td>silikon<\/td>\n<\/tr>\n<tr>\n<th>Waga<\/th>\n<td>23 g<\/td>\n<\/tr>\n<tr>\n<th>Mo\u017cliwo\u015b\u0107 regulacji<\/th>\n<td>129 &#8211; 293 mm<\/td>\n<\/tr>\n<tr>\n<th>Kompatybilno\u015b\u0107<\/th>\n<td>DJI Osmo Nano<\/td>\n<\/tr>\n<\/tbody>\n<\/table>\n<\/div>\n","protected":false},"excerpt":{"rendered":"<p>Silikonowa opaska Sunnylife do Osmo Nano (czarna) Opaska silikonowa Sunnylife to praktyczne akcesorium zaprojektowane specjalnie dla kamery DJI Osmo Nano.<\/p>\n","protected":false},"featured_media":51577,"comment_status":"closed","ping_status":"open","template":"","meta":{"_acf_changed":false},"product_brand":[],"product_cat":[1130,1137,1128],"product_tag":[],"class_list":{"0":"post-61063","1":"product","2":"type-product","3":"status-publish","4":"has-post-thumbnail","6":"product_cat-akcesoria-foto","7":"product_cat-do-kamer-sportowych","8":"product_cat-foto-wideo","9":"pa_okres-gwarancji-5757","10":"pa_producent-sunnylife","12":"first","13":"outofstock","14":"taxable","15":"shipping-taxable","16":"purchasable","17":"product-type-simple"},"acf":[],"yoast_head":"<!-- This site is optimized with the Yoast SEO plugin v27.2 - https:\/\/yoast.com\/product\/yoast-seo-wordpress\/ -->\n<title>Silikonowa opaska Sunnylife do Osmo Nano (czarna) - IRONSKY.PL Sklep z Dronami<\/title>\n<meta name=\"description\" content=\"Silikonowa opaska Sunnylife do Osmo Nano (czarna) - \u2705 sklep z dronami i fachowym doradztwem. \u2705 Tutaj kupisz produkty DJI, Yuneec, Parrot, Syma i wiele innych, a tak\u017ce kursy i licencje na operatora drona.\" \/>\n<meta name=\"robots\" content=\"index, follow, max-snippet:-1, max-image-preview:large, max-video-preview:-1\" \/>\n<link rel=\"canonical\" href=\"https:\/\/ironsky.pl\/sklep\/produkt\/silikonowa-opaska-sunnylife-do-osmo-nano-czarna-2\/\" \/>\n<meta property=\"og:locale\" content=\"pl_PL\" \/>\n<meta property=\"og:type\" content=\"article\" \/>\n<meta property=\"og:title\" content=\"Silikonowa opaska Sunnylife do Osmo Nano (czarna) - IRONSKY.PL Sklep z Dronami\" \/>\n<meta property=\"og:description\" content=\"Silikonowa opaska Sunnylife do Osmo Nano (czarna) - \u2705 sklep z dronami i fachowym doradztwem. \u2705 Tutaj kupisz produkty DJI, Yuneec, Parrot, Syma i wiele innych, a tak\u017ce kursy i licencje na operatora drona.\" \/>\n<meta property=\"og:url\" content=\"https:\/\/ironsky.pl\/sklep\/produkt\/silikonowa-opaska-sunnylife-do-osmo-nano-czarna-2\/\" \/>\n<meta property=\"og:site_name\" content=\"IRONSKY.PL Sklep z Dronami\" \/>\n<meta property=\"article:modified_time\" content=\"2026-04-15T09:12:52+00:00\" \/>\n<meta property=\"og:image\" content=\"https:\/\/ironsky.pl\/sklep\/wp-content\/uploads\/2026\/02\/55627_1.jpg\" \/>\n\t<meta property=\"og:image:width\" content=\"800\" \/>\n\t<meta property=\"og:image:height\" content=\"800\" \/>\n\t<meta property=\"og:image:type\" content=\"image\/jpeg\" \/>\n<meta name=\"twitter:card\" content=\"summary_large_image\" \/>\n<meta name=\"twitter:label1\" content=\"Szacowany czas czytania\" \/>\n\t<meta name=\"twitter:data1\" content=\"1 minuta\" \/>\n<script type=\"application\/ld+json\" class=\"yoast-schema-graph\">{\"@context\":\"https:\/\/schema.org\",\"@graph\":[{\"@type\":\"WebPage\",\"@id\":\"https:\/\/ironsky.pl\/sklep\/produkt\/silikonowa-opaska-sunnylife-do-osmo-nano-czarna-2\/\",\"url\":\"https:\/\/ironsky.pl\/sklep\/produkt\/silikonowa-opaska-sunnylife-do-osmo-nano-czarna-2\/\",\"name\":\"Silikonowa opaska Sunnylife do Osmo Nano (czarna) - IRONSKY.PL Sklep z Dronami\",\"isPartOf\":{\"@id\":\"https:\/\/ironsky.pl\/sklep\/#website\"},\"primaryImageOfPage\":{\"@id\":\"https:\/\/ironsky.pl\/sklep\/produkt\/silikonowa-opaska-sunnylife-do-osmo-nano-czarna-2\/#primaryimage\"},\"image\":{\"@id\":\"https:\/\/ironsky.pl\/sklep\/produkt\/silikonowa-opaska-sunnylife-do-osmo-nano-czarna-2\/#primaryimage\"},\"thumbnailUrl\":\"https:\/\/ironsky.pl\/sklep\/wp-content\/uploads\/2026\/02\/55627_1.jpg\",\"datePublished\":\"2026-04-15T09:12:41+00:00\",\"dateModified\":\"2026-04-15T09:12:52+00:00\",\"description\":\"Silikonowa opaska Sunnylife do Osmo Nano (czarna) - \u2705 sklep z dronami i fachowym doradztwem. \u2705 Tutaj kupisz produkty DJI, Yuneec, Parrot, Syma i wiele innych, a tak\u017ce kursy i licencje na operatora drona.\",\"breadcrumb\":{\"@id\":\"https:\/\/ironsky.pl\/sklep\/produkt\/silikonowa-opaska-sunnylife-do-osmo-nano-czarna-2\/#breadcrumb\"},\"inLanguage\":\"pl-PL\",\"potentialAction\":[{\"@type\":\"ReadAction\",\"target\":[\"https:\/\/ironsky.pl\/sklep\/produkt\/silikonowa-opaska-sunnylife-do-osmo-nano-czarna-2\/\"]}]},{\"@type\":\"ImageObject\",\"inLanguage\":\"pl-PL\",\"@id\":\"https:\/\/ironsky.pl\/sklep\/produkt\/silikonowa-opaska-sunnylife-do-osmo-nano-czarna-2\/#primaryimage\",\"url\":\"https:\/\/ironsky.pl\/sklep\/wp-content\/uploads\/2026\/02\/55627_1.jpg\",\"contentUrl\":\"https:\/\/ironsky.pl\/sklep\/wp-content\/uploads\/2026\/02\/55627_1.jpg\",\"width\":800,\"height\":800},{\"@type\":\"BreadcrumbList\",\"@id\":\"https:\/\/ironsky.pl\/sklep\/produkt\/silikonowa-opaska-sunnylife-do-osmo-nano-czarna-2\/#breadcrumb\",\"itemListElement\":[{\"@type\":\"ListItem\",\"position\":1,\"name\":\"Strona g\u0142\u00f3wna\",\"item\":\"https:\/\/ironsky.pl\/sklep\/\"},{\"@type\":\"ListItem\",\"position\":2,\"name\":\"Wszystkie produkty\",\"item\":\"https:\/\/ironsky.pl\/sklep\/produkty\/\"},{\"@type\":\"ListItem\",\"position\":3,\"name\":\"Silikonowa opaska Sunnylife do Osmo Nano (czarna)\"}]},{\"@type\":\"WebSite\",\"@id\":\"https:\/\/ironsky.pl\/sklep\/#website\",\"url\":\"https:\/\/ironsky.pl\/sklep\/\",\"name\":\"IRONSKY.PL Sklep z Dronami\",\"description\":\"IRONSKY.PL Sklep z Dronami\",\"potentialAction\":[{\"@type\":\"SearchAction\",\"target\":{\"@type\":\"EntryPoint\",\"urlTemplate\":\"https:\/\/ironsky.pl\/sklep\/?s={search_term_string}\"},\"query-input\":{\"@type\":\"PropertyValueSpecification\",\"valueRequired\":true,\"valueName\":\"search_term_string\"}}],\"inLanguage\":\"pl-PL\"}]}<\/script>\n<!-- \/ Yoast SEO plugin. -->","yoast_head_json":{"title":"Silikonowa opaska Sunnylife do Osmo Nano (czarna) - IRONSKY.PL Sklep z Dronami","description":"Silikonowa opaska Sunnylife do Osmo Nano (czarna) - \u2705 sklep z dronami i fachowym doradztwem. \u2705 Tutaj kupisz produkty DJI, Yuneec, Parrot, Syma i wiele innych, a tak\u017ce kursy i licencje na operatora drona.","robots":{"index":"index","follow":"follow","max-snippet":"max-snippet:-1","max-image-preview":"max-image-preview:large","max-video-preview":"max-video-preview:-1"},"canonical":"https:\/\/ironsky.pl\/sklep\/produkt\/silikonowa-opaska-sunnylife-do-osmo-nano-czarna-2\/","og_locale":"pl_PL","og_type":"article","og_title":"Silikonowa opaska Sunnylife do Osmo Nano (czarna) - IRONSKY.PL Sklep z Dronami","og_description":"Silikonowa opaska Sunnylife do Osmo Nano (czarna) - \u2705 sklep z dronami i fachowym doradztwem. \u2705 Tutaj kupisz produkty DJI, Yuneec, Parrot, Syma i wiele innych, a tak\u017ce kursy i licencje na operatora drona.","og_url":"https:\/\/ironsky.pl\/sklep\/produkt\/silikonowa-opaska-sunnylife-do-osmo-nano-czarna-2\/","og_site_name":"IRONSKY.PL Sklep z Dronami","article_modified_time":"2026-04-15T09:12:52+00:00","og_image":[{"width":800,"height":800,"url":"https:\/\/ironsky.pl\/sklep\/wp-content\/uploads\/2026\/02\/55627_1.jpg","type":"image\/jpeg"}],"twitter_card":"summary_large_image","twitter_misc":{"Szacowany czas czytania":"1 minuta"},"schema":{"@context":"https:\/\/schema.org","@graph":[{"@type":"WebPage","@id":"https:\/\/ironsky.pl\/sklep\/produkt\/silikonowa-opaska-sunnylife-do-osmo-nano-czarna-2\/","url":"https:\/\/ironsky.pl\/sklep\/produkt\/silikonowa-opaska-sunnylife-do-osmo-nano-czarna-2\/","name":"Silikonowa opaska Sunnylife do Osmo Nano (czarna) - IRONSKY.PL Sklep z Dronami","isPartOf":{"@id":"https:\/\/ironsky.pl\/sklep\/#website"},"primaryImageOfPage":{"@id":"https:\/\/ironsky.pl\/sklep\/produkt\/silikonowa-opaska-sunnylife-do-osmo-nano-czarna-2\/#primaryimage"},"image":{"@id":"https:\/\/ironsky.pl\/sklep\/produkt\/silikonowa-opaska-sunnylife-do-osmo-nano-czarna-2\/#primaryimage"},"thumbnailUrl":"https:\/\/ironsky.pl\/sklep\/wp-content\/uploads\/2026\/02\/55627_1.jpg","datePublished":"2026-04-15T09:12:41+00:00","dateModified":"2026-04-15T09:12:52+00:00","description":"Silikonowa opaska Sunnylife do Osmo Nano (czarna) - \u2705 sklep z dronami i fachowym doradztwem. \u2705 Tutaj kupisz produkty DJI, Yuneec, Parrot, Syma i wiele innych, a tak\u017ce kursy i licencje na operatora drona.","breadcrumb":{"@id":"https:\/\/ironsky.pl\/sklep\/produkt\/silikonowa-opaska-sunnylife-do-osmo-nano-czarna-2\/#breadcrumb"},"inLanguage":"pl-PL","potentialAction":[{"@type":"ReadAction","target":["https:\/\/ironsky.pl\/sklep\/produkt\/silikonowa-opaska-sunnylife-do-osmo-nano-czarna-2\/"]}]},{"@type":"ImageObject","inLanguage":"pl-PL","@id":"https:\/\/ironsky.pl\/sklep\/produkt\/silikonowa-opaska-sunnylife-do-osmo-nano-czarna-2\/#primaryimage","url":"https:\/\/ironsky.pl\/sklep\/wp-content\/uploads\/2026\/02\/55627_1.jpg","contentUrl":"https:\/\/ironsky.pl\/sklep\/wp-content\/uploads\/2026\/02\/55627_1.jpg","width":800,"height":800},{"@type":"BreadcrumbList","@id":"https:\/\/ironsky.pl\/sklep\/produkt\/silikonowa-opaska-sunnylife-do-osmo-nano-czarna-2\/#breadcrumb","itemListElement":[{"@type":"ListItem","position":1,"name":"Strona g\u0142\u00f3wna","item":"https:\/\/ironsky.pl\/sklep\/"},{"@type":"ListItem","position":2,"name":"Wszystkie produkty","item":"https:\/\/ironsky.pl\/sklep\/produkty\/"},{"@type":"ListItem","position":3,"name":"Silikonowa opaska Sunnylife do Osmo Nano (czarna)"}]},{"@type":"WebSite","@id":"https:\/\/ironsky.pl\/sklep\/#website","url":"https:\/\/ironsky.pl\/sklep\/","name":"IRONSKY.PL Sklep z Dronami","description":"IRONSKY.PL Sklep z Dronami","potentialAction":[{"@type":"SearchAction","target":{"@type":"EntryPoint","urlTemplate":"https:\/\/ironsky.pl\/sklep\/?s={search_term_string}"},"query-input":{"@type":"PropertyValueSpecification","valueRequired":true,"valueName":"search_term_string"}}],"inLanguage":"pl-PL"}]}},"_links":{"self":[{"href":"https:\/\/ironsky.pl\/sklep\/wp-json\/wp\/v2\/product\/61063","targetHints":{"allow":["GET"]}}],"collection":[{"href":"https:\/\/ironsky.pl\/sklep\/wp-json\/wp\/v2\/product"}],"about":[{"href":"https:\/\/ironsky.pl\/sklep\/wp-json\/wp\/v2\/types\/product"}],"replies":[{"embeddable":true,"href":"https:\/\/ironsky.pl\/sklep\/wp-json\/wp\/v2\/comments?post=61063"}],"wp:featuredmedia":[{"embeddable":true,"href":"https:\/\/ironsky.pl\/sklep\/wp-json\/wp\/v2\/media\/51577"}],"wp:attachment":[{"href":"https:\/\/ironsky.pl\/sklep\/wp-json\/wp\/v2\/media?parent=61063"}],"wp:term":[{"taxonomy":"product_brand","embeddable":true,"href":"https:\/\/ironsky.pl\/sklep\/wp-json\/wp\/v2\/product_brand?post=61063"},{"taxonomy":"product_cat","embeddable":true,"href":"https:\/\/ironsky.pl\/sklep\/wp-json\/wp\/v2\/product_cat?post=61063"},{"taxonomy":"product_tag","embeddable":true,"href":"https:\/\/ironsky.pl\/sklep\/wp-json\/wp\/v2\/product_tag?post=61063"}],"curies":[{"name":"wp","href":"https:\/\/api.w.org\/{rel}","templated":true}]}}