{"id":61041,"date":"2026-04-15T11:12:26","date_gmt":"2026-04-15T09:12:26","guid":{"rendered":"https:\/\/ironsky.pl\/sklep\/produkt\/zestaw-akcesoriow-rowerowych-do-dji-osmo-action-6-i-osmo-nano\/"},"modified":"2026-04-15T11:12:31","modified_gmt":"2026-04-15T09:12:31","slug":"zestaw-akcesoriow-rowerowych-do-dji-osmo-action-6-i-osmo-nano","status":"publish","type":"product","link":"https:\/\/ironsky.pl\/sklep\/produkt\/zestaw-akcesoriow-rowerowych-do-dji-osmo-action-6-i-osmo-nano\/","title":{"rendered":"Zestaw akcesori\u00f3w rowerowych do DJI Osmo Action 6 i Osmo Nano"},"content":{"rendered":"<h3>Zestaw akcesori\u00f3w rowerowych Osmo (z dwukierunkowym adapterem z systemem szybkiego monta\u017cu)<\/h3>\n<p>Zestaw akcesori\u00f3w rowerowych Osmo pozwala rejestrowa\u0107 dynamiczne uj\u0119cia z ka\u017cdej perspektywy \u2013 z kierownicy, spod siode\u0142ka, a nawet z nadgarstka. W opakowaniu znajdziesz dwukierunkowy adapter z systemem szybkiego monta\u017cu, kt\u00f3ry umo\u017cliwia sprawn\u0105 zmian\u0119 po\u0142o\u017cenia kamery, a tak\u017ce opask\u0119 na nadgarstek 360\u00b0, ma\u0142y uchwyt na kierownic\u0119, mocowanie do siode\u0142ka, \u015brub\u0119 blokuj\u0105c\u0105 i klucz imbusowy. Dzi\u0119ki przemy\u015blanej konstrukcji element\u00f3w mo\u017cesz wygodnie dopasowa\u0107 konfiguracj\u0119 do stylu jazdy i sytuacji na trasie.<\/p>\n<p>\n<img decoding=\"async\" src=\"https:\/\/assets.innpro.pl\/19985\/26605\/1.jpg\" border=\"0\" alt=\"Zestaw akcesori\u00f3w rowerowych do kamer sportowych DJI na ciemnym tle\" \/>\n<\/p>\n<h3>Szybki monta\u017c i r\u00f3\u017cne perspektywy nagrywania<\/h3>\n<p>Dwukierunkowy adapter z systemem szybkiego monta\u017cu pozwala na \u0142atw\u0105 zmian\u0119 po\u0142o\u017cenia kamery, dzi\u0119ki czemu mo\u017cesz rejestrowa\u0107 uj\u0119cia pod r\u00f3\u017cnymi k\u0105tami. Przymocuj urz\u0105dzenie do kierownicy za pomoc\u0105 ma\u0142ego uchwytu, aby uchwyci\u0107 widok przed sob\u0105 i odda\u0107 dynamik\u0119 trasy. Z kolei mocowanie do siode\u0142ka rowerowego umo\u017cliwia instalacj\u0119 na szynie, co pozwala nagrywa\u0107 towarzyszy jad\u0105cych za Tob\u0105.<\/p>\n<p>\n<img decoding=\"async\" src=\"https:\/\/assets.innpro.pl\/19985\/26605\/2.jpg\" border=\"0\" alt=\"Opaski na nadgarstek i uchwyty do kamer sportowych na czarnym tle\" \/>\n<\/p>\n<h3>Nagrywaj vlogi w trakcie postoju<\/h3>\n<p>W zestawie znajdziesz dodatkowo dwukierunkow\u0105 opask\u0119 na nadgarstek 360\u00b0 Osmo Action o wymiarach 54 \u00d7 53,8 \u00d7 46 mm i wadze 59 g. Po zako\u0144czonej je\u017adzie mo\u017cesz szybko przymocowa\u0107 do niej kamer\u0119, aby wygodnie nagrywa\u0107 vlogi, relacje z trasy czy kr\u00f3tkie podsumowania swoich wypraw. Obr\u00f3t w zakresie 360\u00b0 umo\u017cliwia swobodne dopasowanie k\u0105ta filmowania, co pozwala uzyska\u0107 naturalne i anga\u017cuj\u0105ce k\u0430dry bez konieczno\u015bci trzymania urz\u0105dzenia w d\u0142oni.<\/p>\n<p>\n<img decoding=\"async\" src=\"https:\/\/assets.innpro.pl\/19985\/26605\/4.jpg\" border=\"0\" alt=\"Widok z g\u00f3ry na zestaw akcesori\u00f3w rowerowych do kamer sportowych na  czarnym tle\" \/>\n<\/p>\n<h3>W zestawie<\/h3>\n<ul class=\"list-disc pl-5\">\n<li>Dwukierunkowy adapter z systemem szybkiego monta\u017cu Osmo \u00d7 1<\/li>\n<li>Dwukierunkowa opaska na nadgarstek 360\u00b0 Osmo Action \u00d7 1<\/li>\n<li>Dwukierunkowy ma\u0142y uchwyt na kierownic\u0119 Osmo Action \u00d7 1<\/li>\n<li>Mocowanie do siode\u0142ka rowerowego Osmo Action \u00d7 1<\/li>\n<li>\u015aruba blokuj\u0105ca Osmo \u00d7 1<\/li>\n<li>Klucz imbusowy Osmo Action \u00d7 1<\/li>\n<\/ul>\n<div class=\"table-wrapper\">\n<p>\u00a0<\/p>\n<h3>Og\u00f3lne<\/h3>\n<table>\n<tbody>\n<tr>\n<th>Producent<\/th>\n<td>DJI<\/td>\n<\/tr>\n<tr>\n<th>Kod producenta<\/th>\n<td>CP.OS.00000535.02<\/td>\n<\/tr>\n<tr>\n<th>Kompatybilno\u015b\u0107<\/th>\n<td>DJI Osmo Action 6, DJI Osmo Nano<\/td>\n<\/tr>\n<\/tbody>\n<\/table>\n<p>\u00a0<\/p>\n<h3>Dwukierunkowy adapter z systemem szybkiego monta\u017cu<\/h3>\n<table>\n<tbody>\n<tr>\n<th>Wymiary<\/th>\n<td>44,4 \u00d7 18,2 \u00d7 29 mm<\/td>\n<\/tr>\n<tr>\n<th>Waga<\/th>\n<td>16 g<\/td>\n<\/tr>\n<\/tbody>\n<\/table>\n<p>\u00a0<\/p>\n<h3>Dwukierunkowa opaska na nadgarstek 360\u00b0<\/h3>\n<table>\n<tbody>\n<tr>\n<th>Wymiary<\/th>\n<td>54 \u00d7 53,8 \u00d7 46 mm<\/td>\n<\/tr>\n<tr>\n<th>Waga<\/th>\n<td>59 g<\/td>\n<\/tr>\n<\/tbody>\n<\/table>\n<p>\u00a0<\/p>\n<h3>Dwukierunkowy ma\u0142y uchwyt na kierownic\u0119<\/h3>\n<table>\n<tbody>\n<tr>\n<th>Wymiary<\/th>\n<td>62,9 \u00d7 62,9 \u00d7 20 mm<\/td>\n<\/tr>\n<tr>\n<th>Waga<\/th>\n<td>94 g<\/td>\n<\/tr>\n<\/tbody>\n<\/table>\n<p>\u00a0<\/p>\n<h3>Mocowanie do siode\u0142ka rowerowego<\/h3>\n<table>\n<tbody>\n<tr>\n<th>Wymiary<\/th>\n<td>63,14 \u00d7 19,71 \u00d7 32,51 mm<\/td>\n<\/tr>\n<tr>\n<th>Waga<\/th>\n<td>47 g<\/td>\n<\/tr>\n<\/tbody>\n<\/table>\n<p>\u00a0<\/p>\n<h3>\u015aruba blokuj\u0105ca<\/h3>\n<table>\n<tbody>\n<tr>\n<th>Wymiary<\/th>\n<td>55,6 \u00d7 23 \u00d7 13,3 mm<\/td>\n<\/tr>\n<tr>\n<th>Waga<\/th>\n<td>20,7 g<\/td>\n<\/tr>\n<\/tbody>\n<\/table>\n<p>\u00a0<\/p>\n<h3>Klucz imbusowy<\/h3>\n<table>\n<tbody>\n<tr>\n<th>Wymiary<\/th>\n<td>103 \u00d7 23 \u00d7 3 mm<\/td>\n<\/tr>\n<tr>\n<th>Waga<\/th>\n<td>4,3 g<\/td>\n<\/tr>\n<\/tbody>\n<\/table>\n<\/div>\n","protected":false},"excerpt":{"rendered":"<p>Zestaw akcesori\u00f3w rowerowych Osmo (z dwukierunkowym adapterem z systemem szybkiego monta\u017cu) Zestaw akcesori\u00f3w rowerowych Osmo pozwala rejestrowa\u0107 dynamiczne uj\u0119cia z<\/p>\n","protected":false},"featured_media":61042,"comment_status":"closed","ping_status":"open","template":"","meta":{"_acf_changed":false},"product_brand":[],"product_cat":[1130,1137,1128],"product_tag":[],"class_list":{"0":"post-61041","1":"product","2":"type-product","3":"status-publish","4":"has-post-thumbnail","6":"product_cat-akcesoria-foto","7":"product_cat-do-kamer-sportowych","8":"product_cat-foto-wideo","9":"pa_okres-gwarancji-5757","10":"pa_producent-dji","12":"first","13":"outofstock","14":"taxable","15":"shipping-taxable","16":"purchasable","17":"product-type-simple"},"acf":[],"yoast_head":"<!-- This site is optimized with the Yoast SEO plugin v27.2 - https:\/\/yoast.com\/product\/yoast-seo-wordpress\/ -->\n<title>Zestaw akcesori\u00f3w rowerowych do DJI Osmo Action 6 i Osmo Nano - IRONSKY.PL Sklep z Dronami<\/title>\n<meta name=\"description\" content=\"Zestaw akcesori\u00f3w rowerowych do DJI Osmo Action 6 i Osmo Nano - \u2705 sklep z dronami i fachowym doradztwem. \u2705 Tutaj kupisz produkty DJI, Yuneec, Parrot, Syma i wiele innych, a tak\u017ce kursy i licencje na operatora drona.\" \/>\n<meta name=\"robots\" content=\"index, follow, max-snippet:-1, max-image-preview:large, max-video-preview:-1\" \/>\n<link rel=\"canonical\" href=\"https:\/\/ironsky.pl\/sklep\/produkt\/zestaw-akcesoriow-rowerowych-do-dji-osmo-action-6-i-osmo-nano\/\" \/>\n<meta property=\"og:locale\" content=\"pl_PL\" \/>\n<meta property=\"og:type\" content=\"article\" \/>\n<meta property=\"og:title\" content=\"Zestaw akcesori\u00f3w rowerowych do DJI Osmo Action 6 i Osmo Nano - IRONSKY.PL Sklep z Dronami\" \/>\n<meta property=\"og:description\" content=\"Zestaw akcesori\u00f3w rowerowych do DJI Osmo Action 6 i Osmo Nano - \u2705 sklep z dronami i fachowym doradztwem. \u2705 Tutaj kupisz produkty DJI, Yuneec, Parrot, Syma i wiele innych, a tak\u017ce kursy i licencje na operatora drona.\" \/>\n<meta property=\"og:url\" content=\"https:\/\/ironsky.pl\/sklep\/produkt\/zestaw-akcesoriow-rowerowych-do-dji-osmo-action-6-i-osmo-nano\/\" \/>\n<meta property=\"og:site_name\" content=\"IRONSKY.PL Sklep z Dronami\" \/>\n<meta property=\"article:modified_time\" content=\"2026-04-15T09:12:31+00:00\" \/>\n<meta property=\"og:image\" content=\"https:\/\/ironsky.pl\/sklep\/wp-content\/uploads\/2026\/04\/55555_1.jpg\" \/>\n\t<meta property=\"og:image:width\" content=\"800\" \/>\n\t<meta property=\"og:image:height\" content=\"800\" \/>\n\t<meta property=\"og:image:type\" content=\"image\/jpeg\" \/>\n<meta name=\"twitter:card\" content=\"summary_large_image\" \/>\n<meta name=\"twitter:label1\" content=\"Szacowany czas czytania\" \/>\n\t<meta name=\"twitter:data1\" content=\"2 minuty\" \/>\n<script type=\"application\/ld+json\" class=\"yoast-schema-graph\">{\"@context\":\"https:\/\/schema.org\",\"@graph\":[{\"@type\":\"WebPage\",\"@id\":\"https:\/\/ironsky.pl\/sklep\/produkt\/zestaw-akcesoriow-rowerowych-do-dji-osmo-action-6-i-osmo-nano\/\",\"url\":\"https:\/\/ironsky.pl\/sklep\/produkt\/zestaw-akcesoriow-rowerowych-do-dji-osmo-action-6-i-osmo-nano\/\",\"name\":\"Zestaw akcesori\u00f3w rowerowych do DJI Osmo Action 6 i Osmo Nano - IRONSKY.PL Sklep z Dronami\",\"isPartOf\":{\"@id\":\"https:\/\/ironsky.pl\/sklep\/#website\"},\"primaryImageOfPage\":{\"@id\":\"https:\/\/ironsky.pl\/sklep\/produkt\/zestaw-akcesoriow-rowerowych-do-dji-osmo-action-6-i-osmo-nano\/#primaryimage\"},\"image\":{\"@id\":\"https:\/\/ironsky.pl\/sklep\/produkt\/zestaw-akcesoriow-rowerowych-do-dji-osmo-action-6-i-osmo-nano\/#primaryimage\"},\"thumbnailUrl\":\"https:\/\/ironsky.pl\/sklep\/wp-content\/uploads\/2026\/04\/55555_1.jpg\",\"datePublished\":\"2026-04-15T09:12:26+00:00\",\"dateModified\":\"2026-04-15T09:12:31+00:00\",\"description\":\"Zestaw akcesori\u00f3w rowerowych do DJI Osmo Action 6 i Osmo Nano - \u2705 sklep z dronami i fachowym doradztwem. \u2705 Tutaj kupisz produkty DJI, Yuneec, Parrot, Syma i wiele innych, a tak\u017ce kursy i licencje na operatora drona.\",\"breadcrumb\":{\"@id\":\"https:\/\/ironsky.pl\/sklep\/produkt\/zestaw-akcesoriow-rowerowych-do-dji-osmo-action-6-i-osmo-nano\/#breadcrumb\"},\"inLanguage\":\"pl-PL\",\"potentialAction\":[{\"@type\":\"ReadAction\",\"target\":[\"https:\/\/ironsky.pl\/sklep\/produkt\/zestaw-akcesoriow-rowerowych-do-dji-osmo-action-6-i-osmo-nano\/\"]}]},{\"@type\":\"ImageObject\",\"inLanguage\":\"pl-PL\",\"@id\":\"https:\/\/ironsky.pl\/sklep\/produkt\/zestaw-akcesoriow-rowerowych-do-dji-osmo-action-6-i-osmo-nano\/#primaryimage\",\"url\":\"https:\/\/ironsky.pl\/sklep\/wp-content\/uploads\/2026\/04\/55555_1.jpg\",\"contentUrl\":\"https:\/\/ironsky.pl\/sklep\/wp-content\/uploads\/2026\/04\/55555_1.jpg\",\"width\":800,\"height\":800},{\"@type\":\"BreadcrumbList\",\"@id\":\"https:\/\/ironsky.pl\/sklep\/produkt\/zestaw-akcesoriow-rowerowych-do-dji-osmo-action-6-i-osmo-nano\/#breadcrumb\",\"itemListElement\":[{\"@type\":\"ListItem\",\"position\":1,\"name\":\"Strona g\u0142\u00f3wna\",\"item\":\"https:\/\/ironsky.pl\/sklep\/\"},{\"@type\":\"ListItem\",\"position\":2,\"name\":\"Wszystkie produkty\",\"item\":\"https:\/\/ironsky.pl\/sklep\/produkty\/\"},{\"@type\":\"ListItem\",\"position\":3,\"name\":\"Zestaw akcesori\u00f3w rowerowych do DJI Osmo Action 6 i Osmo Nano\"}]},{\"@type\":\"WebSite\",\"@id\":\"https:\/\/ironsky.pl\/sklep\/#website\",\"url\":\"https:\/\/ironsky.pl\/sklep\/\",\"name\":\"IRONSKY.PL Sklep z Dronami\",\"description\":\"IRONSKY.PL Sklep z Dronami\",\"potentialAction\":[{\"@type\":\"SearchAction\",\"target\":{\"@type\":\"EntryPoint\",\"urlTemplate\":\"https:\/\/ironsky.pl\/sklep\/?s={search_term_string}\"},\"query-input\":{\"@type\":\"PropertyValueSpecification\",\"valueRequired\":true,\"valueName\":\"search_term_string\"}}],\"inLanguage\":\"pl-PL\"}]}<\/script>\n<!-- \/ Yoast SEO plugin. -->","yoast_head_json":{"title":"Zestaw akcesori\u00f3w rowerowych do DJI Osmo Action 6 i Osmo Nano - IRONSKY.PL Sklep z Dronami","description":"Zestaw akcesori\u00f3w rowerowych do DJI Osmo Action 6 i Osmo Nano - \u2705 sklep z dronami i fachowym doradztwem. \u2705 Tutaj kupisz produkty DJI, Yuneec, Parrot, Syma i wiele innych, a tak\u017ce kursy i licencje na operatora drona.","robots":{"index":"index","follow":"follow","max-snippet":"max-snippet:-1","max-image-preview":"max-image-preview:large","max-video-preview":"max-video-preview:-1"},"canonical":"https:\/\/ironsky.pl\/sklep\/produkt\/zestaw-akcesoriow-rowerowych-do-dji-osmo-action-6-i-osmo-nano\/","og_locale":"pl_PL","og_type":"article","og_title":"Zestaw akcesori\u00f3w rowerowych do DJI Osmo Action 6 i Osmo Nano - IRONSKY.PL Sklep z Dronami","og_description":"Zestaw akcesori\u00f3w rowerowych do DJI Osmo Action 6 i Osmo Nano - \u2705 sklep z dronami i fachowym doradztwem. \u2705 Tutaj kupisz produkty DJI, Yuneec, Parrot, Syma i wiele innych, a tak\u017ce kursy i licencje na operatora drona.","og_url":"https:\/\/ironsky.pl\/sklep\/produkt\/zestaw-akcesoriow-rowerowych-do-dji-osmo-action-6-i-osmo-nano\/","og_site_name":"IRONSKY.PL Sklep z Dronami","article_modified_time":"2026-04-15T09:12:31+00:00","og_image":[{"width":800,"height":800,"url":"https:\/\/ironsky.pl\/sklep\/wp-content\/uploads\/2026\/04\/55555_1.jpg","type":"image\/jpeg"}],"twitter_card":"summary_large_image","twitter_misc":{"Szacowany czas czytania":"2 minuty"},"schema":{"@context":"https:\/\/schema.org","@graph":[{"@type":"WebPage","@id":"https:\/\/ironsky.pl\/sklep\/produkt\/zestaw-akcesoriow-rowerowych-do-dji-osmo-action-6-i-osmo-nano\/","url":"https:\/\/ironsky.pl\/sklep\/produkt\/zestaw-akcesoriow-rowerowych-do-dji-osmo-action-6-i-osmo-nano\/","name":"Zestaw akcesori\u00f3w rowerowych do DJI Osmo Action 6 i Osmo Nano - IRONSKY.PL Sklep z Dronami","isPartOf":{"@id":"https:\/\/ironsky.pl\/sklep\/#website"},"primaryImageOfPage":{"@id":"https:\/\/ironsky.pl\/sklep\/produkt\/zestaw-akcesoriow-rowerowych-do-dji-osmo-action-6-i-osmo-nano\/#primaryimage"},"image":{"@id":"https:\/\/ironsky.pl\/sklep\/produkt\/zestaw-akcesoriow-rowerowych-do-dji-osmo-action-6-i-osmo-nano\/#primaryimage"},"thumbnailUrl":"https:\/\/ironsky.pl\/sklep\/wp-content\/uploads\/2026\/04\/55555_1.jpg","datePublished":"2026-04-15T09:12:26+00:00","dateModified":"2026-04-15T09:12:31+00:00","description":"Zestaw akcesori\u00f3w rowerowych do DJI Osmo Action 6 i Osmo Nano - \u2705 sklep z dronami i fachowym doradztwem. \u2705 Tutaj kupisz produkty DJI, Yuneec, Parrot, Syma i wiele innych, a tak\u017ce kursy i licencje na operatora drona.","breadcrumb":{"@id":"https:\/\/ironsky.pl\/sklep\/produkt\/zestaw-akcesoriow-rowerowych-do-dji-osmo-action-6-i-osmo-nano\/#breadcrumb"},"inLanguage":"pl-PL","potentialAction":[{"@type":"ReadAction","target":["https:\/\/ironsky.pl\/sklep\/produkt\/zestaw-akcesoriow-rowerowych-do-dji-osmo-action-6-i-osmo-nano\/"]}]},{"@type":"ImageObject","inLanguage":"pl-PL","@id":"https:\/\/ironsky.pl\/sklep\/produkt\/zestaw-akcesoriow-rowerowych-do-dji-osmo-action-6-i-osmo-nano\/#primaryimage","url":"https:\/\/ironsky.pl\/sklep\/wp-content\/uploads\/2026\/04\/55555_1.jpg","contentUrl":"https:\/\/ironsky.pl\/sklep\/wp-content\/uploads\/2026\/04\/55555_1.jpg","width":800,"height":800},{"@type":"BreadcrumbList","@id":"https:\/\/ironsky.pl\/sklep\/produkt\/zestaw-akcesoriow-rowerowych-do-dji-osmo-action-6-i-osmo-nano\/#breadcrumb","itemListElement":[{"@type":"ListItem","position":1,"name":"Strona g\u0142\u00f3wna","item":"https:\/\/ironsky.pl\/sklep\/"},{"@type":"ListItem","position":2,"name":"Wszystkie produkty","item":"https:\/\/ironsky.pl\/sklep\/produkty\/"},{"@type":"ListItem","position":3,"name":"Zestaw akcesori\u00f3w rowerowych do DJI Osmo Action 6 i Osmo Nano"}]},{"@type":"WebSite","@id":"https:\/\/ironsky.pl\/sklep\/#website","url":"https:\/\/ironsky.pl\/sklep\/","name":"IRONSKY.PL Sklep z Dronami","description":"IRONSKY.PL Sklep z Dronami","potentialAction":[{"@type":"SearchAction","target":{"@type":"EntryPoint","urlTemplate":"https:\/\/ironsky.pl\/sklep\/?s={search_term_string}"},"query-input":{"@type":"PropertyValueSpecification","valueRequired":true,"valueName":"search_term_string"}}],"inLanguage":"pl-PL"}]}},"_links":{"self":[{"href":"https:\/\/ironsky.pl\/sklep\/wp-json\/wp\/v2\/product\/61041","targetHints":{"allow":["GET"]}}],"collection":[{"href":"https:\/\/ironsky.pl\/sklep\/wp-json\/wp\/v2\/product"}],"about":[{"href":"https:\/\/ironsky.pl\/sklep\/wp-json\/wp\/v2\/types\/product"}],"replies":[{"embeddable":true,"href":"https:\/\/ironsky.pl\/sklep\/wp-json\/wp\/v2\/comments?post=61041"}],"wp:featuredmedia":[{"embeddable":true,"href":"https:\/\/ironsky.pl\/sklep\/wp-json\/wp\/v2\/media\/61042"}],"wp:attachment":[{"href":"https:\/\/ironsky.pl\/sklep\/wp-json\/wp\/v2\/media?parent=61041"}],"wp:term":[{"taxonomy":"product_brand","embeddable":true,"href":"https:\/\/ironsky.pl\/sklep\/wp-json\/wp\/v2\/product_brand?post=61041"},{"taxonomy":"product_cat","embeddable":true,"href":"https:\/\/ironsky.pl\/sklep\/wp-json\/wp\/v2\/product_cat?post=61041"},{"taxonomy":"product_tag","embeddable":true,"href":"https:\/\/ironsky.pl\/sklep\/wp-json\/wp\/v2\/product_tag?post=61041"}],"curies":[{"name":"wp","href":"https:\/\/api.w.org\/{rel}","templated":true}]}}