{"id":61021,"date":"2026-04-15T11:11:51","date_gmt":"2026-04-15T09:11:51","guid":{"rendered":"https:\/\/ironsky.pl\/sklep\/produkt\/etui-ladujace-do-dji-osmo-action\/"},"modified":"2026-04-19T01:37:34","modified_gmt":"2026-04-18T23:37:34","slug":"etui-ladujace-do-dji-osmo-action","status":"publish","type":"product","link":"https:\/\/ironsky.pl\/sklep\/produkt\/etui-ladujace-do-dji-osmo-action\/","title":{"rendered":"Etui \u0142aduj\u0105ce do DJI Osmo Action"},"content":{"rendered":"<h3>Wielofunkcyjne etui na akumulatory Osmo Multifunctional Battery Case 3<\/h3>\n<p>Wielofunkcyjne etui Osmo Multifunctional Battery Case 3 pozwala przechowywa\u0107 i \u0142adowa\u0107 nawet trzy akumulatory jednocze\u015bnie. Dodatkowo oferuje miejsce na dwie karty microSD, dzi\u0119ki czemu wszystkie niezb\u0119dne akcesoria masz zawsze pod r\u0119k\u0105. Inteligentne, szybkie \u0142adowanie skraca czas przygotowania sprz\u0119tu do pracy \u2013 nie musisz zbyt d\u0142ugo czeka\u0107. Co wi\u0119cej, po umieszczeniu akumulator\u00f3w w \u015brodku etui mo\u017ce pe\u0142ni\u0107 funkcj\u0119 powerbanku, umo\u017cliwiaj\u0105c zasilanie innych urz\u0105dze\u0144, takich jak na przyk\u0142ad smartfon. Kompaktowa konstrukcja o wymiarach 115,9 \u00d7 59 \u00d7 23 mm i wadze 84 g sprawia, \u017ce akcesorium bez problemu zmie\u015bci si\u0119 w plecaku lub torbie. Produkt jest kompatybilny z modelami DJI Osmo Action 6, Osmo Action 5 Pro, Osmo Action 4, Osmo Action 3 i Osmo 360.<\/p>\n<p>\n<img decoding=\"async\" src=\"https:\/\/assets.innpro.pl\/19993\/26613\/1.jpg\" border=\"0\" alt=\"Otwarte czarne etui \u0142aduj\u0105ce z trzema akumulatorami w \u015brodku na ciemnym tle\" \/>\n<\/p>\n<h3>W zestawie<\/h3>\n<ul class=\"list-disc pl-5\">\n<li>Wielofunkcyjne etui na akumulatory Osmo Multifunctional Battery Case 3 \u00d7 1<\/li>\n<\/ul>\n<div class=\"table-wrapper\">\n<p>\u00a0<\/p>\n<h3><\/h3>\n<table>\n<tbody>\n<tr>\n<th>Producent<\/th>\n<td>DJI<\/td>\n<\/tr>\n<tr>\n<th>Kod producenta<\/th>\n<td>CP.OS.00000532.02<\/td>\n<\/tr>\n<tr>\n<th>Wymiary<\/th>\n<td>115,9 \u00d7 59 \u00d7 23 mm<\/td>\n<\/tr>\n<tr>\n<th>Waga<\/th>\n<td>84 g<\/td>\n<\/tr>\n<tr>\n<th>Kompatybilno\u015b\u0107<\/th>\n<td>DJI Osmo Action 6, DJI Osmo Action 5 Pro, DJI Osmo Action 4, DJI Osmo Action 3, DJI Osmo 360<\/td>\n<\/tr>\n<\/tbody>\n<\/table>\n<\/div>\n","protected":false},"excerpt":{"rendered":"<p>Wielofunkcyjne etui na akumulatory Osmo Multifunctional Battery Case 3 Wielofunkcyjne etui Osmo Multifunctional Battery Case 3 pozwala przechowywa\u0107 i \u0142adowa\u0107<\/p>\n","protected":false},"featured_media":61022,"comment_status":"closed","ping_status":"open","template":"","meta":{"_acf_changed":false},"product_brand":[],"product_cat":[1130,1137,1128],"product_tag":[],"class_list":{"0":"post-61021","1":"product","2":"type-product","3":"status-publish","4":"has-post-thumbnail","6":"product_cat-akcesoria-foto","7":"product_cat-do-kamer-sportowych","8":"product_cat-foto-wideo","9":"pa_okres-gwarancji-5757","10":"pa_producent-dji","12":"first","13":"instock","14":"taxable","15":"shipping-taxable","16":"purchasable","17":"product-type-simple"},"acf":[],"yoast_head":"<!-- This site is optimized with the Yoast SEO plugin v27.2 - https:\/\/yoast.com\/product\/yoast-seo-wordpress\/ -->\n<title>Etui \u0142aduj\u0105ce do DJI Osmo Action - IRONSKY.PL Sklep z Dronami<\/title>\n<meta name=\"description\" content=\"Etui \u0142aduj\u0105ce do DJI Osmo Action - \u2705 sklep z dronami i fachowym doradztwem. \u2705 Tutaj kupisz produkty DJI, Yuneec, Parrot, Syma i wiele innych, a tak\u017ce kursy i licencje na operatora drona.\" \/>\n<meta name=\"robots\" content=\"index, follow, max-snippet:-1, max-image-preview:large, max-video-preview:-1\" \/>\n<link rel=\"canonical\" href=\"https:\/\/ironsky.pl\/sklep\/produkt\/etui-ladujace-do-dji-osmo-action\/\" \/>\n<meta property=\"og:locale\" content=\"pl_PL\" \/>\n<meta property=\"og:type\" content=\"article\" \/>\n<meta property=\"og:title\" content=\"Etui \u0142aduj\u0105ce do DJI Osmo Action - IRONSKY.PL Sklep z Dronami\" \/>\n<meta property=\"og:description\" content=\"Etui \u0142aduj\u0105ce do DJI Osmo Action - \u2705 sklep z dronami i fachowym doradztwem. \u2705 Tutaj kupisz produkty DJI, Yuneec, Parrot, Syma i wiele innych, a tak\u017ce kursy i licencje na operatora drona.\" \/>\n<meta property=\"og:url\" content=\"https:\/\/ironsky.pl\/sklep\/produkt\/etui-ladujace-do-dji-osmo-action\/\" \/>\n<meta property=\"og:site_name\" content=\"IRONSKY.PL Sklep z Dronami\" \/>\n<meta property=\"article:modified_time\" content=\"2026-04-18T23:37:34+00:00\" \/>\n<meta property=\"og:image\" content=\"https:\/\/ironsky.pl\/sklep\/wp-content\/uploads\/2026\/04\/55550_1.jpg\" \/>\n\t<meta property=\"og:image:width\" content=\"800\" \/>\n\t<meta property=\"og:image:height\" content=\"800\" \/>\n\t<meta property=\"og:image:type\" content=\"image\/jpeg\" \/>\n<meta name=\"twitter:card\" content=\"summary_large_image\" \/>\n<meta name=\"twitter:label1\" content=\"Szacowany czas czytania\" \/>\n\t<meta name=\"twitter:data1\" content=\"1 minuta\" \/>\n<script type=\"application\/ld+json\" class=\"yoast-schema-graph\">{\"@context\":\"https:\/\/schema.org\",\"@graph\":[{\"@type\":\"WebPage\",\"@id\":\"https:\/\/ironsky.pl\/sklep\/produkt\/etui-ladujace-do-dji-osmo-action\/\",\"url\":\"https:\/\/ironsky.pl\/sklep\/produkt\/etui-ladujace-do-dji-osmo-action\/\",\"name\":\"Etui \u0142aduj\u0105ce do DJI Osmo Action - IRONSKY.PL Sklep z Dronami\",\"isPartOf\":{\"@id\":\"https:\/\/ironsky.pl\/sklep\/#website\"},\"primaryImageOfPage\":{\"@id\":\"https:\/\/ironsky.pl\/sklep\/produkt\/etui-ladujace-do-dji-osmo-action\/#primaryimage\"},\"image\":{\"@id\":\"https:\/\/ironsky.pl\/sklep\/produkt\/etui-ladujace-do-dji-osmo-action\/#primaryimage\"},\"thumbnailUrl\":\"https:\/\/ironsky.pl\/sklep\/wp-content\/uploads\/2026\/04\/55550_1.jpg\",\"datePublished\":\"2026-04-15T09:11:51+00:00\",\"dateModified\":\"2026-04-18T23:37:34+00:00\",\"description\":\"Etui \u0142aduj\u0105ce do DJI Osmo Action - \u2705 sklep z dronami i fachowym doradztwem. \u2705 Tutaj kupisz produkty DJI, Yuneec, Parrot, Syma i wiele innych, a tak\u017ce kursy i licencje na operatora drona.\",\"breadcrumb\":{\"@id\":\"https:\/\/ironsky.pl\/sklep\/produkt\/etui-ladujace-do-dji-osmo-action\/#breadcrumb\"},\"inLanguage\":\"pl-PL\",\"potentialAction\":[{\"@type\":\"ReadAction\",\"target\":[\"https:\/\/ironsky.pl\/sklep\/produkt\/etui-ladujace-do-dji-osmo-action\/\"]}]},{\"@type\":\"ImageObject\",\"inLanguage\":\"pl-PL\",\"@id\":\"https:\/\/ironsky.pl\/sklep\/produkt\/etui-ladujace-do-dji-osmo-action\/#primaryimage\",\"url\":\"https:\/\/ironsky.pl\/sklep\/wp-content\/uploads\/2026\/04\/55550_1.jpg\",\"contentUrl\":\"https:\/\/ironsky.pl\/sklep\/wp-content\/uploads\/2026\/04\/55550_1.jpg\",\"width\":800,\"height\":800},{\"@type\":\"BreadcrumbList\",\"@id\":\"https:\/\/ironsky.pl\/sklep\/produkt\/etui-ladujace-do-dji-osmo-action\/#breadcrumb\",\"itemListElement\":[{\"@type\":\"ListItem\",\"position\":1,\"name\":\"Strona g\u0142\u00f3wna\",\"item\":\"https:\/\/ironsky.pl\/sklep\/\"},{\"@type\":\"ListItem\",\"position\":2,\"name\":\"Wszystkie produkty\",\"item\":\"https:\/\/ironsky.pl\/sklep\/produkty\/\"},{\"@type\":\"ListItem\",\"position\":3,\"name\":\"Etui \u0142aduj\u0105ce do DJI Osmo Action\"}]},{\"@type\":\"WebSite\",\"@id\":\"https:\/\/ironsky.pl\/sklep\/#website\",\"url\":\"https:\/\/ironsky.pl\/sklep\/\",\"name\":\"IRONSKY.PL Sklep z Dronami\",\"description\":\"IRONSKY.PL Sklep z Dronami\",\"potentialAction\":[{\"@type\":\"SearchAction\",\"target\":{\"@type\":\"EntryPoint\",\"urlTemplate\":\"https:\/\/ironsky.pl\/sklep\/?s={search_term_string}\"},\"query-input\":{\"@type\":\"PropertyValueSpecification\",\"valueRequired\":true,\"valueName\":\"search_term_string\"}}],\"inLanguage\":\"pl-PL\"}]}<\/script>\n<!-- \/ Yoast SEO plugin. -->","yoast_head_json":{"title":"Etui \u0142aduj\u0105ce do DJI Osmo Action - IRONSKY.PL Sklep z Dronami","description":"Etui \u0142aduj\u0105ce do DJI Osmo Action - \u2705 sklep z dronami i fachowym doradztwem. \u2705 Tutaj kupisz produkty DJI, Yuneec, Parrot, Syma i wiele innych, a tak\u017ce kursy i licencje na operatora drona.","robots":{"index":"index","follow":"follow","max-snippet":"max-snippet:-1","max-image-preview":"max-image-preview:large","max-video-preview":"max-video-preview:-1"},"canonical":"https:\/\/ironsky.pl\/sklep\/produkt\/etui-ladujace-do-dji-osmo-action\/","og_locale":"pl_PL","og_type":"article","og_title":"Etui \u0142aduj\u0105ce do DJI Osmo Action - IRONSKY.PL Sklep z Dronami","og_description":"Etui \u0142aduj\u0105ce do DJI Osmo Action - \u2705 sklep z dronami i fachowym doradztwem. \u2705 Tutaj kupisz produkty DJI, Yuneec, Parrot, Syma i wiele innych, a tak\u017ce kursy i licencje na operatora drona.","og_url":"https:\/\/ironsky.pl\/sklep\/produkt\/etui-ladujace-do-dji-osmo-action\/","og_site_name":"IRONSKY.PL Sklep z Dronami","article_modified_time":"2026-04-18T23:37:34+00:00","og_image":[{"width":800,"height":800,"url":"https:\/\/ironsky.pl\/sklep\/wp-content\/uploads\/2026\/04\/55550_1.jpg","type":"image\/jpeg"}],"twitter_card":"summary_large_image","twitter_misc":{"Szacowany czas czytania":"1 minuta"},"schema":{"@context":"https:\/\/schema.org","@graph":[{"@type":"WebPage","@id":"https:\/\/ironsky.pl\/sklep\/produkt\/etui-ladujace-do-dji-osmo-action\/","url":"https:\/\/ironsky.pl\/sklep\/produkt\/etui-ladujace-do-dji-osmo-action\/","name":"Etui \u0142aduj\u0105ce do DJI Osmo Action - IRONSKY.PL Sklep z Dronami","isPartOf":{"@id":"https:\/\/ironsky.pl\/sklep\/#website"},"primaryImageOfPage":{"@id":"https:\/\/ironsky.pl\/sklep\/produkt\/etui-ladujace-do-dji-osmo-action\/#primaryimage"},"image":{"@id":"https:\/\/ironsky.pl\/sklep\/produkt\/etui-ladujace-do-dji-osmo-action\/#primaryimage"},"thumbnailUrl":"https:\/\/ironsky.pl\/sklep\/wp-content\/uploads\/2026\/04\/55550_1.jpg","datePublished":"2026-04-15T09:11:51+00:00","dateModified":"2026-04-18T23:37:34+00:00","description":"Etui \u0142aduj\u0105ce do DJI Osmo Action - \u2705 sklep z dronami i fachowym doradztwem. \u2705 Tutaj kupisz produkty DJI, Yuneec, Parrot, Syma i wiele innych, a tak\u017ce kursy i licencje na operatora drona.","breadcrumb":{"@id":"https:\/\/ironsky.pl\/sklep\/produkt\/etui-ladujace-do-dji-osmo-action\/#breadcrumb"},"inLanguage":"pl-PL","potentialAction":[{"@type":"ReadAction","target":["https:\/\/ironsky.pl\/sklep\/produkt\/etui-ladujace-do-dji-osmo-action\/"]}]},{"@type":"ImageObject","inLanguage":"pl-PL","@id":"https:\/\/ironsky.pl\/sklep\/produkt\/etui-ladujace-do-dji-osmo-action\/#primaryimage","url":"https:\/\/ironsky.pl\/sklep\/wp-content\/uploads\/2026\/04\/55550_1.jpg","contentUrl":"https:\/\/ironsky.pl\/sklep\/wp-content\/uploads\/2026\/04\/55550_1.jpg","width":800,"height":800},{"@type":"BreadcrumbList","@id":"https:\/\/ironsky.pl\/sklep\/produkt\/etui-ladujace-do-dji-osmo-action\/#breadcrumb","itemListElement":[{"@type":"ListItem","position":1,"name":"Strona g\u0142\u00f3wna","item":"https:\/\/ironsky.pl\/sklep\/"},{"@type":"ListItem","position":2,"name":"Wszystkie produkty","item":"https:\/\/ironsky.pl\/sklep\/produkty\/"},{"@type":"ListItem","position":3,"name":"Etui \u0142aduj\u0105ce do DJI Osmo Action"}]},{"@type":"WebSite","@id":"https:\/\/ironsky.pl\/sklep\/#website","url":"https:\/\/ironsky.pl\/sklep\/","name":"IRONSKY.PL Sklep z Dronami","description":"IRONSKY.PL Sklep z Dronami","potentialAction":[{"@type":"SearchAction","target":{"@type":"EntryPoint","urlTemplate":"https:\/\/ironsky.pl\/sklep\/?s={search_term_string}"},"query-input":{"@type":"PropertyValueSpecification","valueRequired":true,"valueName":"search_term_string"}}],"inLanguage":"pl-PL"}]}},"_links":{"self":[{"href":"https:\/\/ironsky.pl\/sklep\/wp-json\/wp\/v2\/product\/61021","targetHints":{"allow":["GET"]}}],"collection":[{"href":"https:\/\/ironsky.pl\/sklep\/wp-json\/wp\/v2\/product"}],"about":[{"href":"https:\/\/ironsky.pl\/sklep\/wp-json\/wp\/v2\/types\/product"}],"replies":[{"embeddable":true,"href":"https:\/\/ironsky.pl\/sklep\/wp-json\/wp\/v2\/comments?post=61021"}],"wp:featuredmedia":[{"embeddable":true,"href":"https:\/\/ironsky.pl\/sklep\/wp-json\/wp\/v2\/media\/61022"}],"wp:attachment":[{"href":"https:\/\/ironsky.pl\/sklep\/wp-json\/wp\/v2\/media?parent=61021"}],"wp:term":[{"taxonomy":"product_brand","embeddable":true,"href":"https:\/\/ironsky.pl\/sklep\/wp-json\/wp\/v2\/product_brand?post=61021"},{"taxonomy":"product_cat","embeddable":true,"href":"https:\/\/ironsky.pl\/sklep\/wp-json\/wp\/v2\/product_cat?post=61021"},{"taxonomy":"product_tag","embeddable":true,"href":"https:\/\/ironsky.pl\/sklep\/wp-json\/wp\/v2\/product_tag?post=61021"}],"curies":[{"name":"wp","href":"https:\/\/api.w.org\/{rel}","templated":true}]}}