{"id":61012,"date":"2026-04-15T11:11:51","date_gmt":"2026-04-15T09:11:51","guid":{"rendered":"https:\/\/ironsky.pl\/sklep\/produkt\/zestaw-samoprzylepnych-podstawek-z-dwukierunkowym-szybkozlaczem-dji\/"},"modified":"2026-04-15T11:12:14","modified_gmt":"2026-04-15T09:12:14","slug":"zestaw-samoprzylepnych-podstawek-z-dwukierunkowym-szybkozlaczem-dji","status":"publish","type":"product","link":"https:\/\/ironsky.pl\/sklep\/produkt\/zestaw-samoprzylepnych-podstawek-z-dwukierunkowym-szybkozlaczem-dji\/","title":{"rendered":"Zestaw samoprzylepnych podstawek z dwukierunkowym szybkoz\u0142\u0105czem DJI"},"content":{"rendered":"<h3>P\u0142aska baza samoprzylepna Osmo (zestaw z dwukierunkowym adapterem z systemem szybkiego monta\u017cu)<\/h3>\n<p>Zestaw z p\u0142ask\u0105 baz\u0105 samoprzylepn\u0105 Osmo umo\u017cliwia stabilne i pewne przymocowanie kamery do deski surfingowej, snowboardu lub innego sprz\u0119tu sportowego. Dzi\u0119ki temu mo\u017cesz rejestrowa\u0107 dynamiczne uj\u0119cia nawet podczas intensywnych aktywno\u015bci. W opakowaniu znajduje si\u0119 dwukierunkowy adapter z systemem szybkiego monta\u017cu, p\u0142aska baza samoprzylepna oraz \u015bruba blokuj\u0105ca, co pozwala na sprawn\u0105 instalacj\u0119 urz\u0105dzenia. Tw\u00f3rz dynamiczne uj\u0119cia podczas surfowania czy jazdy na nartach z niecodziennej perspektywy!<\/p>\n<p>\n<img decoding=\"async\" src=\"https:\/\/assets.innpro.pl\/19986\/26606\/1.jpg\" border=\"0\" alt=\"Okr\u0105g\u0142a baza samoprzylepna z systemem szybkiego monta\u017cu do kamer sportowych na ciemnym tle\" \/>\n<\/p>\n<h3>W zestawie<\/h3>\n<ul class=\"list-disc pl-5\">\n<li>Dwukierunkowy adapter z systemem szybkiego monta\u017cu Osmo \u00d7 1<\/li>\n<li>P\u0142aska baza samoprzylepna Osmo \u00d7 1<\/li>\n<li>\u015aruba blokuj\u0105ca Osmo \u00d7 1<\/li>\n<\/ul>\n<div class=\"table-wrapper\">\n<p>\u00a0<\/p>\n<h3>Og\u00f3lne<\/h3>\n<table>\n<tbody>\n<tr>\n<th>Producent<\/th>\n<td>DJI<\/td>\n<\/tr>\n<tr>\n<th>Kod producenta<\/th>\n<td>CP.OS.00000534.02<\/td>\n<\/tr>\n<tr>\n<th>Kompatybilno\u015b\u0107<\/th>\n<td>DJI Osmo Action 6, DJI Osmo Nano<\/td>\n<\/tr>\n<\/tbody>\n<\/table>\n<p>\u00a0<\/p>\n<h3>Dwukierunkowy adapter z systemem szybkiego monta\u017cu<\/h3>\n<table>\n<tbody>\n<tr>\n<th>Wymiary<\/th>\n<td>44,4 \u00d7 18,2 \u00d7 29 mm<\/td>\n<\/tr>\n<tr>\n<th>Waga<\/th>\n<td>16 g<\/td>\n<\/tr>\n<\/tbody>\n<\/table>\n<p>\u00a0<\/p>\n<h3>P\u0142aska baza samoprzylepna<\/h3>\n<table>\n<tbody>\n<tr>\n<th>Wymiary<\/th>\n<td>59,7 mm (\u015brednica) \u00d7 29,33 mm (wysoko\u015b\u0107)<\/td>\n<\/tr>\n<tr>\n<th>Waga<\/th>\n<td>20,7 g<\/td>\n<\/tr>\n<\/tbody>\n<\/table>\n<p>\u00a0<\/p>\n<h3>\u015aruba blokuj\u0105ca<\/h3>\n<table>\n<tbody>\n<tr>\n<th>Wymiary<\/th>\n<td>55,6 \u00d7 23 \u00d7 13,3 mm<\/td>\n<\/tr>\n<tr>\n<th>Waga<\/th>\n<td>11,2 g<\/td>\n<\/tr>\n<\/tbody>\n<\/table>\n<\/div>\n","protected":false},"excerpt":{"rendered":"<p>P\u0142aska baza samoprzylepna Osmo (zestaw z dwukierunkowym adapterem z systemem szybkiego monta\u017cu) Zestaw z p\u0142ask\u0105 baz\u0105 samoprzylepn\u0105 Osmo umo\u017cliwia stabilne<\/p>\n","protected":false},"featured_media":61013,"comment_status":"closed","ping_status":"open","template":"","meta":{"_acf_changed":false},"product_brand":[],"product_cat":[1130,1137,1128],"product_tag":[],"class_list":{"0":"post-61012","1":"product","2":"type-product","3":"status-publish","4":"has-post-thumbnail","6":"product_cat-akcesoria-foto","7":"product_cat-do-kamer-sportowych","8":"product_cat-foto-wideo","9":"pa_okres-gwarancji-5757","10":"pa_producent-dji","12":"first","13":"outofstock","14":"taxable","15":"shipping-taxable","16":"purchasable","17":"product-type-simple"},"acf":[],"yoast_head":"<!-- This site is optimized with the Yoast SEO plugin v27.2 - https:\/\/yoast.com\/product\/yoast-seo-wordpress\/ -->\n<title>Zestaw samoprzylepnych podstawek z dwukierunkowym szybkoz\u0142\u0105czem DJI - IRONSKY.PL Sklep z Dronami<\/title>\n<meta name=\"description\" content=\"Zestaw samoprzylepnych podstawek z dwukierunkowym szybkoz\u0142\u0105czem DJI - \u2705 sklep z dronami i fachowym doradztwem. \u2705 Tutaj kupisz produkty DJI, Yuneec, Parrot, Syma i wiele innych, a tak\u017ce kursy i licencje na operatora drona.\" \/>\n<meta name=\"robots\" content=\"index, follow, max-snippet:-1, max-image-preview:large, max-video-preview:-1\" \/>\n<link rel=\"canonical\" href=\"https:\/\/ironsky.pl\/sklep\/produkt\/zestaw-samoprzylepnych-podstawek-z-dwukierunkowym-szybkozlaczem-dji\/\" \/>\n<meta property=\"og:locale\" content=\"pl_PL\" \/>\n<meta property=\"og:type\" content=\"article\" \/>\n<meta property=\"og:title\" content=\"Zestaw samoprzylepnych podstawek z dwukierunkowym szybkoz\u0142\u0105czem DJI - IRONSKY.PL Sklep z Dronami\" \/>\n<meta property=\"og:description\" content=\"Zestaw samoprzylepnych podstawek z dwukierunkowym szybkoz\u0142\u0105czem DJI - \u2705 sklep z dronami i fachowym doradztwem. \u2705 Tutaj kupisz produkty DJI, Yuneec, Parrot, Syma i wiele innych, a tak\u017ce kursy i licencje na operatora drona.\" \/>\n<meta property=\"og:url\" content=\"https:\/\/ironsky.pl\/sklep\/produkt\/zestaw-samoprzylepnych-podstawek-z-dwukierunkowym-szybkozlaczem-dji\/\" \/>\n<meta property=\"og:site_name\" content=\"IRONSKY.PL Sklep z Dronami\" \/>\n<meta property=\"article:modified_time\" content=\"2026-04-15T09:12:14+00:00\" \/>\n<meta property=\"og:image\" content=\"https:\/\/ironsky.pl\/sklep\/wp-content\/uploads\/2026\/04\/55543_1.jpg\" \/>\n\t<meta property=\"og:image:width\" content=\"800\" \/>\n\t<meta property=\"og:image:height\" content=\"800\" \/>\n\t<meta property=\"og:image:type\" content=\"image\/jpeg\" \/>\n<meta name=\"twitter:card\" content=\"summary_large_image\" \/>\n<meta name=\"twitter:label1\" content=\"Szacowany czas czytania\" \/>\n\t<meta name=\"twitter:data1\" content=\"1 minuta\" \/>\n<script type=\"application\/ld+json\" class=\"yoast-schema-graph\">{\"@context\":\"https:\/\/schema.org\",\"@graph\":[{\"@type\":\"WebPage\",\"@id\":\"https:\/\/ironsky.pl\/sklep\/produkt\/zestaw-samoprzylepnych-podstawek-z-dwukierunkowym-szybkozlaczem-dji\/\",\"url\":\"https:\/\/ironsky.pl\/sklep\/produkt\/zestaw-samoprzylepnych-podstawek-z-dwukierunkowym-szybkozlaczem-dji\/\",\"name\":\"Zestaw samoprzylepnych podstawek z dwukierunkowym szybkoz\u0142\u0105czem DJI - IRONSKY.PL Sklep z Dronami\",\"isPartOf\":{\"@id\":\"https:\/\/ironsky.pl\/sklep\/#website\"},\"primaryImageOfPage\":{\"@id\":\"https:\/\/ironsky.pl\/sklep\/produkt\/zestaw-samoprzylepnych-podstawek-z-dwukierunkowym-szybkozlaczem-dji\/#primaryimage\"},\"image\":{\"@id\":\"https:\/\/ironsky.pl\/sklep\/produkt\/zestaw-samoprzylepnych-podstawek-z-dwukierunkowym-szybkozlaczem-dji\/#primaryimage\"},\"thumbnailUrl\":\"https:\/\/ironsky.pl\/sklep\/wp-content\/uploads\/2026\/04\/55543_1.jpg\",\"datePublished\":\"2026-04-15T09:11:51+00:00\",\"dateModified\":\"2026-04-15T09:12:14+00:00\",\"description\":\"Zestaw samoprzylepnych podstawek z dwukierunkowym szybkoz\u0142\u0105czem DJI - \u2705 sklep z dronami i fachowym doradztwem. \u2705 Tutaj kupisz produkty DJI, Yuneec, Parrot, Syma i wiele innych, a tak\u017ce kursy i licencje na operatora drona.\",\"breadcrumb\":{\"@id\":\"https:\/\/ironsky.pl\/sklep\/produkt\/zestaw-samoprzylepnych-podstawek-z-dwukierunkowym-szybkozlaczem-dji\/#breadcrumb\"},\"inLanguage\":\"pl-PL\",\"potentialAction\":[{\"@type\":\"ReadAction\",\"target\":[\"https:\/\/ironsky.pl\/sklep\/produkt\/zestaw-samoprzylepnych-podstawek-z-dwukierunkowym-szybkozlaczem-dji\/\"]}]},{\"@type\":\"ImageObject\",\"inLanguage\":\"pl-PL\",\"@id\":\"https:\/\/ironsky.pl\/sklep\/produkt\/zestaw-samoprzylepnych-podstawek-z-dwukierunkowym-szybkozlaczem-dji\/#primaryimage\",\"url\":\"https:\/\/ironsky.pl\/sklep\/wp-content\/uploads\/2026\/04\/55543_1.jpg\",\"contentUrl\":\"https:\/\/ironsky.pl\/sklep\/wp-content\/uploads\/2026\/04\/55543_1.jpg\",\"width\":800,\"height\":800},{\"@type\":\"BreadcrumbList\",\"@id\":\"https:\/\/ironsky.pl\/sklep\/produkt\/zestaw-samoprzylepnych-podstawek-z-dwukierunkowym-szybkozlaczem-dji\/#breadcrumb\",\"itemListElement\":[{\"@type\":\"ListItem\",\"position\":1,\"name\":\"Strona g\u0142\u00f3wna\",\"item\":\"https:\/\/ironsky.pl\/sklep\/\"},{\"@type\":\"ListItem\",\"position\":2,\"name\":\"Wszystkie produkty\",\"item\":\"https:\/\/ironsky.pl\/sklep\/produkty\/\"},{\"@type\":\"ListItem\",\"position\":3,\"name\":\"Zestaw samoprzylepnych podstawek z dwukierunkowym szybkoz\u0142\u0105czem DJI\"}]},{\"@type\":\"WebSite\",\"@id\":\"https:\/\/ironsky.pl\/sklep\/#website\",\"url\":\"https:\/\/ironsky.pl\/sklep\/\",\"name\":\"IRONSKY.PL Sklep z Dronami\",\"description\":\"IRONSKY.PL Sklep z Dronami\",\"potentialAction\":[{\"@type\":\"SearchAction\",\"target\":{\"@type\":\"EntryPoint\",\"urlTemplate\":\"https:\/\/ironsky.pl\/sklep\/?s={search_term_string}\"},\"query-input\":{\"@type\":\"PropertyValueSpecification\",\"valueRequired\":true,\"valueName\":\"search_term_string\"}}],\"inLanguage\":\"pl-PL\"}]}<\/script>\n<!-- \/ Yoast SEO plugin. -->","yoast_head_json":{"title":"Zestaw samoprzylepnych podstawek z dwukierunkowym szybkoz\u0142\u0105czem DJI - IRONSKY.PL Sklep z Dronami","description":"Zestaw samoprzylepnych podstawek z dwukierunkowym szybkoz\u0142\u0105czem DJI - \u2705 sklep z dronami i fachowym doradztwem. \u2705 Tutaj kupisz produkty DJI, Yuneec, Parrot, Syma i wiele innych, a tak\u017ce kursy i licencje na operatora drona.","robots":{"index":"index","follow":"follow","max-snippet":"max-snippet:-1","max-image-preview":"max-image-preview:large","max-video-preview":"max-video-preview:-1"},"canonical":"https:\/\/ironsky.pl\/sklep\/produkt\/zestaw-samoprzylepnych-podstawek-z-dwukierunkowym-szybkozlaczem-dji\/","og_locale":"pl_PL","og_type":"article","og_title":"Zestaw samoprzylepnych podstawek z dwukierunkowym szybkoz\u0142\u0105czem DJI - IRONSKY.PL Sklep z Dronami","og_description":"Zestaw samoprzylepnych podstawek z dwukierunkowym szybkoz\u0142\u0105czem DJI - \u2705 sklep z dronami i fachowym doradztwem. \u2705 Tutaj kupisz produkty DJI, Yuneec, Parrot, Syma i wiele innych, a tak\u017ce kursy i licencje na operatora drona.","og_url":"https:\/\/ironsky.pl\/sklep\/produkt\/zestaw-samoprzylepnych-podstawek-z-dwukierunkowym-szybkozlaczem-dji\/","og_site_name":"IRONSKY.PL Sklep z Dronami","article_modified_time":"2026-04-15T09:12:14+00:00","og_image":[{"width":800,"height":800,"url":"https:\/\/ironsky.pl\/sklep\/wp-content\/uploads\/2026\/04\/55543_1.jpg","type":"image\/jpeg"}],"twitter_card":"summary_large_image","twitter_misc":{"Szacowany czas czytania":"1 minuta"},"schema":{"@context":"https:\/\/schema.org","@graph":[{"@type":"WebPage","@id":"https:\/\/ironsky.pl\/sklep\/produkt\/zestaw-samoprzylepnych-podstawek-z-dwukierunkowym-szybkozlaczem-dji\/","url":"https:\/\/ironsky.pl\/sklep\/produkt\/zestaw-samoprzylepnych-podstawek-z-dwukierunkowym-szybkozlaczem-dji\/","name":"Zestaw samoprzylepnych podstawek z dwukierunkowym szybkoz\u0142\u0105czem DJI - IRONSKY.PL Sklep z Dronami","isPartOf":{"@id":"https:\/\/ironsky.pl\/sklep\/#website"},"primaryImageOfPage":{"@id":"https:\/\/ironsky.pl\/sklep\/produkt\/zestaw-samoprzylepnych-podstawek-z-dwukierunkowym-szybkozlaczem-dji\/#primaryimage"},"image":{"@id":"https:\/\/ironsky.pl\/sklep\/produkt\/zestaw-samoprzylepnych-podstawek-z-dwukierunkowym-szybkozlaczem-dji\/#primaryimage"},"thumbnailUrl":"https:\/\/ironsky.pl\/sklep\/wp-content\/uploads\/2026\/04\/55543_1.jpg","datePublished":"2026-04-15T09:11:51+00:00","dateModified":"2026-04-15T09:12:14+00:00","description":"Zestaw samoprzylepnych podstawek z dwukierunkowym szybkoz\u0142\u0105czem DJI - \u2705 sklep z dronami i fachowym doradztwem. \u2705 Tutaj kupisz produkty DJI, Yuneec, Parrot, Syma i wiele innych, a tak\u017ce kursy i licencje na operatora drona.","breadcrumb":{"@id":"https:\/\/ironsky.pl\/sklep\/produkt\/zestaw-samoprzylepnych-podstawek-z-dwukierunkowym-szybkozlaczem-dji\/#breadcrumb"},"inLanguage":"pl-PL","potentialAction":[{"@type":"ReadAction","target":["https:\/\/ironsky.pl\/sklep\/produkt\/zestaw-samoprzylepnych-podstawek-z-dwukierunkowym-szybkozlaczem-dji\/"]}]},{"@type":"ImageObject","inLanguage":"pl-PL","@id":"https:\/\/ironsky.pl\/sklep\/produkt\/zestaw-samoprzylepnych-podstawek-z-dwukierunkowym-szybkozlaczem-dji\/#primaryimage","url":"https:\/\/ironsky.pl\/sklep\/wp-content\/uploads\/2026\/04\/55543_1.jpg","contentUrl":"https:\/\/ironsky.pl\/sklep\/wp-content\/uploads\/2026\/04\/55543_1.jpg","width":800,"height":800},{"@type":"BreadcrumbList","@id":"https:\/\/ironsky.pl\/sklep\/produkt\/zestaw-samoprzylepnych-podstawek-z-dwukierunkowym-szybkozlaczem-dji\/#breadcrumb","itemListElement":[{"@type":"ListItem","position":1,"name":"Strona g\u0142\u00f3wna","item":"https:\/\/ironsky.pl\/sklep\/"},{"@type":"ListItem","position":2,"name":"Wszystkie produkty","item":"https:\/\/ironsky.pl\/sklep\/produkty\/"},{"@type":"ListItem","position":3,"name":"Zestaw samoprzylepnych podstawek z dwukierunkowym szybkoz\u0142\u0105czem DJI"}]},{"@type":"WebSite","@id":"https:\/\/ironsky.pl\/sklep\/#website","url":"https:\/\/ironsky.pl\/sklep\/","name":"IRONSKY.PL Sklep z Dronami","description":"IRONSKY.PL Sklep z Dronami","potentialAction":[{"@type":"SearchAction","target":{"@type":"EntryPoint","urlTemplate":"https:\/\/ironsky.pl\/sklep\/?s={search_term_string}"},"query-input":{"@type":"PropertyValueSpecification","valueRequired":true,"valueName":"search_term_string"}}],"inLanguage":"pl-PL"}]}},"_links":{"self":[{"href":"https:\/\/ironsky.pl\/sklep\/wp-json\/wp\/v2\/product\/61012","targetHints":{"allow":["GET"]}}],"collection":[{"href":"https:\/\/ironsky.pl\/sklep\/wp-json\/wp\/v2\/product"}],"about":[{"href":"https:\/\/ironsky.pl\/sklep\/wp-json\/wp\/v2\/types\/product"}],"replies":[{"embeddable":true,"href":"https:\/\/ironsky.pl\/sklep\/wp-json\/wp\/v2\/comments?post=61012"}],"wp:featuredmedia":[{"embeddable":true,"href":"https:\/\/ironsky.pl\/sklep\/wp-json\/wp\/v2\/media\/61013"}],"wp:attachment":[{"href":"https:\/\/ironsky.pl\/sklep\/wp-json\/wp\/v2\/media?parent=61012"}],"wp:term":[{"taxonomy":"product_brand","embeddable":true,"href":"https:\/\/ironsky.pl\/sklep\/wp-json\/wp\/v2\/product_brand?post=61012"},{"taxonomy":"product_cat","embeddable":true,"href":"https:\/\/ironsky.pl\/sklep\/wp-json\/wp\/v2\/product_cat?post=61012"},{"taxonomy":"product_tag","embeddable":true,"href":"https:\/\/ironsky.pl\/sklep\/wp-json\/wp\/v2\/product_tag?post=61012"}],"curies":[{"name":"wp","href":"https:\/\/api.w.org\/{rel}","templated":true}]}}