{"id":61008,"date":"2026-04-15T11:11:51","date_gmt":"2026-04-15T09:11:51","guid":{"rendered":"https:\/\/ironsky.pl\/sklep\/produkt\/dwukierunkowe-mocowanie-na-nadgarstek-360-dji\/"},"modified":"2026-04-19T02:36:46","modified_gmt":"2026-04-19T00:36:46","slug":"dwukierunkowe-mocowanie-na-nadgarstek-360-dji","status":"publish","type":"product","link":"https:\/\/ironsky.pl\/sklep\/produkt\/dwukierunkowe-mocowanie-na-nadgarstek-360-dji\/","title":{"rendered":"Dwukierunkowe mocowanie na nadgarstek 360\u00b0 DJI"},"content":{"rendered":"<h3>Dwukierunkowa opaska na nadgarstek 360\u00b0 Osmo Action<\/h3>\n<p>Ta praktyczna opaska z dwukierunkowym adapterem pozwala szybko i stabilnie przymocowa\u0107 kamer\u0119 do nadgarstka i tworzy\u0107 realistyczne uj\u0119cia z perspektywy pierwszej osoby. Umieszczony w dolnej cz\u0119\u015bci przegub kulowy obraca si\u0119 o 360\u00b0 i umo\u017cliwia pochylanie urz\u0105dzenia, co u\u0142atwia precyzyjne dopasowanie k\u0105ta nagrywania. Dzi\u0119ki temu mo\u017cesz nie tylko rejestrowa\u0107 dynamiczne filmy, na przyk\u0142ad podczas jazdy na rowerze, ale te\u017c bez problemu robi\u0107 selfie. Kompaktowe wymiary 54 \u00d7 53,8 \u00d7 46 mm i waga 59 g sprawiaj\u0105, \u017ce opaska pozostaje wygodna w noszeniu i nie ogranicza swobody ruch\u00f3w. Akcesorium jest kompatybilne z kamerami DJI Osmo Action 6 i DJI Osmo Nano.<\/p>\n<p>\n<img decoding=\"async\" src=\"https:\/\/assets.innpro.pl\/19997\/26619\/1.jpg\" border=\"0\" alt=\"Opaski na nadgarstek i uchwyt do kamery sportowej na czarnym tle\" \/>\n<\/p>\n<h3>W zestawie<\/h3>\n<ul class=\"list-disc pl-5\">\n<li>Dwukierunkowa opaska na nadgarstek 360\u00b0 Osmo Action \u00d7 1<\/li>\n<\/ul>\n<div class=\"table-wrapper\">\n<p>\u00a0<\/p>\n<h3><\/h3>\n<table>\n<tbody>\n<tr>\n<th>Producent<\/th>\n<td>DJI<\/td>\n<\/tr>\n<tr>\n<th>Kod producenta<\/th>\n<td>CP.OS.00000529.02<\/td>\n<\/tr>\n<tr>\n<th>Wymiary<\/th>\n<td>54 \u00d7 53,8 \u00d7 46 mm<\/td>\n<\/tr>\n<tr>\n<th>Waga<\/th>\n<td>59 g<\/td>\n<\/tr>\n<tr>\n<th>Kompatybilno\u015b\u0107<\/th>\n<td>DJI Osmo Action 6, DJI Osmo Nano<\/td>\n<\/tr>\n<\/tbody>\n<\/table>\n<\/div>\n","protected":false},"excerpt":{"rendered":"<p>Dwukierunkowa opaska na nadgarstek 360\u00b0 Osmo Action Ta praktyczna opaska z dwukierunkowym adapterem pozwala szybko i stabilnie przymocowa\u0107 kamer\u0119 do<\/p>\n","protected":false},"featured_media":61009,"comment_status":"closed","ping_status":"open","template":"","meta":{"_acf_changed":false},"product_brand":[],"product_cat":[1130,1137,1128],"product_tag":[],"class_list":{"0":"post-61008","1":"product","2":"type-product","3":"status-publish","4":"has-post-thumbnail","6":"product_cat-akcesoria-foto","7":"product_cat-do-kamer-sportowych","8":"product_cat-foto-wideo","9":"pa_okres-gwarancji-5757","10":"pa_producent-dji","12":"first","13":"instock","14":"taxable","15":"shipping-taxable","16":"purchasable","17":"product-type-simple"},"acf":[],"yoast_head":"<!-- This site is optimized with the Yoast SEO plugin v27.2 - https:\/\/yoast.com\/product\/yoast-seo-wordpress\/ -->\n<title>Dwukierunkowe mocowanie na nadgarstek 360\u00b0 DJI - IRONSKY.PL Sklep z Dronami<\/title>\n<meta name=\"description\" content=\"Dwukierunkowe mocowanie na nadgarstek 360\u00b0 DJI - \u2705 sklep z dronami i fachowym doradztwem. \u2705 Tutaj kupisz produkty DJI, Yuneec, Parrot, Syma i wiele innych, a tak\u017ce kursy i licencje na operatora drona.\" \/>\n<meta name=\"robots\" content=\"index, follow, max-snippet:-1, max-image-preview:large, max-video-preview:-1\" \/>\n<link rel=\"canonical\" href=\"https:\/\/ironsky.pl\/sklep\/produkt\/dwukierunkowe-mocowanie-na-nadgarstek-360-dji\/\" \/>\n<meta property=\"og:locale\" content=\"pl_PL\" \/>\n<meta property=\"og:type\" content=\"article\" \/>\n<meta property=\"og:title\" content=\"Dwukierunkowe mocowanie na nadgarstek 360\u00b0 DJI - IRONSKY.PL Sklep z Dronami\" \/>\n<meta property=\"og:description\" content=\"Dwukierunkowe mocowanie na nadgarstek 360\u00b0 DJI - \u2705 sklep z dronami i fachowym doradztwem. \u2705 Tutaj kupisz produkty DJI, Yuneec, Parrot, Syma i wiele innych, a tak\u017ce kursy i licencje na operatora drona.\" \/>\n<meta property=\"og:url\" content=\"https:\/\/ironsky.pl\/sklep\/produkt\/dwukierunkowe-mocowanie-na-nadgarstek-360-dji\/\" \/>\n<meta property=\"og:site_name\" content=\"IRONSKY.PL Sklep z Dronami\" \/>\n<meta property=\"article:modified_time\" content=\"2026-04-19T00:36:46+00:00\" \/>\n<meta property=\"og:image\" content=\"https:\/\/ironsky.pl\/sklep\/wp-content\/uploads\/2026\/04\/55541_1.jpg\" \/>\n\t<meta property=\"og:image:width\" content=\"800\" \/>\n\t<meta property=\"og:image:height\" content=\"800\" \/>\n\t<meta property=\"og:image:type\" content=\"image\/jpeg\" \/>\n<meta name=\"twitter:card\" content=\"summary_large_image\" \/>\n<meta name=\"twitter:label1\" content=\"Szacowany czas czytania\" \/>\n\t<meta name=\"twitter:data1\" content=\"1 minuta\" \/>\n<script type=\"application\/ld+json\" class=\"yoast-schema-graph\">{\"@context\":\"https:\/\/schema.org\",\"@graph\":[{\"@type\":\"WebPage\",\"@id\":\"https:\/\/ironsky.pl\/sklep\/produkt\/dwukierunkowe-mocowanie-na-nadgarstek-360-dji\/\",\"url\":\"https:\/\/ironsky.pl\/sklep\/produkt\/dwukierunkowe-mocowanie-na-nadgarstek-360-dji\/\",\"name\":\"Dwukierunkowe mocowanie na nadgarstek 360\u00b0 DJI - IRONSKY.PL Sklep z Dronami\",\"isPartOf\":{\"@id\":\"https:\/\/ironsky.pl\/sklep\/#website\"},\"primaryImageOfPage\":{\"@id\":\"https:\/\/ironsky.pl\/sklep\/produkt\/dwukierunkowe-mocowanie-na-nadgarstek-360-dji\/#primaryimage\"},\"image\":{\"@id\":\"https:\/\/ironsky.pl\/sklep\/produkt\/dwukierunkowe-mocowanie-na-nadgarstek-360-dji\/#primaryimage\"},\"thumbnailUrl\":\"https:\/\/ironsky.pl\/sklep\/wp-content\/uploads\/2026\/04\/55541_1.jpg\",\"datePublished\":\"2026-04-15T09:11:51+00:00\",\"dateModified\":\"2026-04-19T00:36:46+00:00\",\"description\":\"Dwukierunkowe mocowanie na nadgarstek 360\u00b0 DJI - \u2705 sklep z dronami i fachowym doradztwem. \u2705 Tutaj kupisz produkty DJI, Yuneec, Parrot, Syma i wiele innych, a tak\u017ce kursy i licencje na operatora drona.\",\"breadcrumb\":{\"@id\":\"https:\/\/ironsky.pl\/sklep\/produkt\/dwukierunkowe-mocowanie-na-nadgarstek-360-dji\/#breadcrumb\"},\"inLanguage\":\"pl-PL\",\"potentialAction\":[{\"@type\":\"ReadAction\",\"target\":[\"https:\/\/ironsky.pl\/sklep\/produkt\/dwukierunkowe-mocowanie-na-nadgarstek-360-dji\/\"]}]},{\"@type\":\"ImageObject\",\"inLanguage\":\"pl-PL\",\"@id\":\"https:\/\/ironsky.pl\/sklep\/produkt\/dwukierunkowe-mocowanie-na-nadgarstek-360-dji\/#primaryimage\",\"url\":\"https:\/\/ironsky.pl\/sklep\/wp-content\/uploads\/2026\/04\/55541_1.jpg\",\"contentUrl\":\"https:\/\/ironsky.pl\/sklep\/wp-content\/uploads\/2026\/04\/55541_1.jpg\",\"width\":800,\"height\":800},{\"@type\":\"BreadcrumbList\",\"@id\":\"https:\/\/ironsky.pl\/sklep\/produkt\/dwukierunkowe-mocowanie-na-nadgarstek-360-dji\/#breadcrumb\",\"itemListElement\":[{\"@type\":\"ListItem\",\"position\":1,\"name\":\"Strona g\u0142\u00f3wna\",\"item\":\"https:\/\/ironsky.pl\/sklep\/\"},{\"@type\":\"ListItem\",\"position\":2,\"name\":\"Wszystkie produkty\",\"item\":\"https:\/\/ironsky.pl\/sklep\/produkty\/\"},{\"@type\":\"ListItem\",\"position\":3,\"name\":\"Dwukierunkowe mocowanie na nadgarstek 360\u00b0 DJI\"}]},{\"@type\":\"WebSite\",\"@id\":\"https:\/\/ironsky.pl\/sklep\/#website\",\"url\":\"https:\/\/ironsky.pl\/sklep\/\",\"name\":\"IRONSKY.PL Sklep z Dronami\",\"description\":\"IRONSKY.PL Sklep z Dronami\",\"potentialAction\":[{\"@type\":\"SearchAction\",\"target\":{\"@type\":\"EntryPoint\",\"urlTemplate\":\"https:\/\/ironsky.pl\/sklep\/?s={search_term_string}\"},\"query-input\":{\"@type\":\"PropertyValueSpecification\",\"valueRequired\":true,\"valueName\":\"search_term_string\"}}],\"inLanguage\":\"pl-PL\"}]}<\/script>\n<!-- \/ Yoast SEO plugin. -->","yoast_head_json":{"title":"Dwukierunkowe mocowanie na nadgarstek 360\u00b0 DJI - IRONSKY.PL Sklep z Dronami","description":"Dwukierunkowe mocowanie na nadgarstek 360\u00b0 DJI - \u2705 sklep z dronami i fachowym doradztwem. \u2705 Tutaj kupisz produkty DJI, Yuneec, Parrot, Syma i wiele innych, a tak\u017ce kursy i licencje na operatora drona.","robots":{"index":"index","follow":"follow","max-snippet":"max-snippet:-1","max-image-preview":"max-image-preview:large","max-video-preview":"max-video-preview:-1"},"canonical":"https:\/\/ironsky.pl\/sklep\/produkt\/dwukierunkowe-mocowanie-na-nadgarstek-360-dji\/","og_locale":"pl_PL","og_type":"article","og_title":"Dwukierunkowe mocowanie na nadgarstek 360\u00b0 DJI - IRONSKY.PL Sklep z Dronami","og_description":"Dwukierunkowe mocowanie na nadgarstek 360\u00b0 DJI - \u2705 sklep z dronami i fachowym doradztwem. \u2705 Tutaj kupisz produkty DJI, Yuneec, Parrot, Syma i wiele innych, a tak\u017ce kursy i licencje na operatora drona.","og_url":"https:\/\/ironsky.pl\/sklep\/produkt\/dwukierunkowe-mocowanie-na-nadgarstek-360-dji\/","og_site_name":"IRONSKY.PL Sklep z Dronami","article_modified_time":"2026-04-19T00:36:46+00:00","og_image":[{"width":800,"height":800,"url":"https:\/\/ironsky.pl\/sklep\/wp-content\/uploads\/2026\/04\/55541_1.jpg","type":"image\/jpeg"}],"twitter_card":"summary_large_image","twitter_misc":{"Szacowany czas czytania":"1 minuta"},"schema":{"@context":"https:\/\/schema.org","@graph":[{"@type":"WebPage","@id":"https:\/\/ironsky.pl\/sklep\/produkt\/dwukierunkowe-mocowanie-na-nadgarstek-360-dji\/","url":"https:\/\/ironsky.pl\/sklep\/produkt\/dwukierunkowe-mocowanie-na-nadgarstek-360-dji\/","name":"Dwukierunkowe mocowanie na nadgarstek 360\u00b0 DJI - IRONSKY.PL Sklep z Dronami","isPartOf":{"@id":"https:\/\/ironsky.pl\/sklep\/#website"},"primaryImageOfPage":{"@id":"https:\/\/ironsky.pl\/sklep\/produkt\/dwukierunkowe-mocowanie-na-nadgarstek-360-dji\/#primaryimage"},"image":{"@id":"https:\/\/ironsky.pl\/sklep\/produkt\/dwukierunkowe-mocowanie-na-nadgarstek-360-dji\/#primaryimage"},"thumbnailUrl":"https:\/\/ironsky.pl\/sklep\/wp-content\/uploads\/2026\/04\/55541_1.jpg","datePublished":"2026-04-15T09:11:51+00:00","dateModified":"2026-04-19T00:36:46+00:00","description":"Dwukierunkowe mocowanie na nadgarstek 360\u00b0 DJI - \u2705 sklep z dronami i fachowym doradztwem. \u2705 Tutaj kupisz produkty DJI, Yuneec, Parrot, Syma i wiele innych, a tak\u017ce kursy i licencje na operatora drona.","breadcrumb":{"@id":"https:\/\/ironsky.pl\/sklep\/produkt\/dwukierunkowe-mocowanie-na-nadgarstek-360-dji\/#breadcrumb"},"inLanguage":"pl-PL","potentialAction":[{"@type":"ReadAction","target":["https:\/\/ironsky.pl\/sklep\/produkt\/dwukierunkowe-mocowanie-na-nadgarstek-360-dji\/"]}]},{"@type":"ImageObject","inLanguage":"pl-PL","@id":"https:\/\/ironsky.pl\/sklep\/produkt\/dwukierunkowe-mocowanie-na-nadgarstek-360-dji\/#primaryimage","url":"https:\/\/ironsky.pl\/sklep\/wp-content\/uploads\/2026\/04\/55541_1.jpg","contentUrl":"https:\/\/ironsky.pl\/sklep\/wp-content\/uploads\/2026\/04\/55541_1.jpg","width":800,"height":800},{"@type":"BreadcrumbList","@id":"https:\/\/ironsky.pl\/sklep\/produkt\/dwukierunkowe-mocowanie-na-nadgarstek-360-dji\/#breadcrumb","itemListElement":[{"@type":"ListItem","position":1,"name":"Strona g\u0142\u00f3wna","item":"https:\/\/ironsky.pl\/sklep\/"},{"@type":"ListItem","position":2,"name":"Wszystkie produkty","item":"https:\/\/ironsky.pl\/sklep\/produkty\/"},{"@type":"ListItem","position":3,"name":"Dwukierunkowe mocowanie na nadgarstek 360\u00b0 DJI"}]},{"@type":"WebSite","@id":"https:\/\/ironsky.pl\/sklep\/#website","url":"https:\/\/ironsky.pl\/sklep\/","name":"IRONSKY.PL Sklep z Dronami","description":"IRONSKY.PL Sklep z Dronami","potentialAction":[{"@type":"SearchAction","target":{"@type":"EntryPoint","urlTemplate":"https:\/\/ironsky.pl\/sklep\/?s={search_term_string}"},"query-input":{"@type":"PropertyValueSpecification","valueRequired":true,"valueName":"search_term_string"}}],"inLanguage":"pl-PL"}]}},"_links":{"self":[{"href":"https:\/\/ironsky.pl\/sklep\/wp-json\/wp\/v2\/product\/61008","targetHints":{"allow":["GET"]}}],"collection":[{"href":"https:\/\/ironsky.pl\/sklep\/wp-json\/wp\/v2\/product"}],"about":[{"href":"https:\/\/ironsky.pl\/sklep\/wp-json\/wp\/v2\/types\/product"}],"replies":[{"embeddable":true,"href":"https:\/\/ironsky.pl\/sklep\/wp-json\/wp\/v2\/comments?post=61008"}],"wp:featuredmedia":[{"embeddable":true,"href":"https:\/\/ironsky.pl\/sklep\/wp-json\/wp\/v2\/media\/61009"}],"wp:attachment":[{"href":"https:\/\/ironsky.pl\/sklep\/wp-json\/wp\/v2\/media?parent=61008"}],"wp:term":[{"taxonomy":"product_brand","embeddable":true,"href":"https:\/\/ironsky.pl\/sklep\/wp-json\/wp\/v2\/product_brand?post=61008"},{"taxonomy":"product_cat","embeddable":true,"href":"https:\/\/ironsky.pl\/sklep\/wp-json\/wp\/v2\/product_cat?post=61008"},{"taxonomy":"product_tag","embeddable":true,"href":"https:\/\/ironsky.pl\/sklep\/wp-json\/wp\/v2\/product_tag?post=61008"}],"curies":[{"name":"wp","href":"https:\/\/api.w.org\/{rel}","templated":true}]}}