{"id":60980,"date":"2026-04-15T11:11:51","date_gmt":"2026-04-15T09:11:51","guid":{"rendered":"https:\/\/ironsky.pl\/sklep\/produkt\/kabel-ugreen-dp123-displayport-hdmi-5m-2\/"},"modified":"2026-04-15T11:11:52","modified_gmt":"2026-04-15T09:11:52","slug":"kabel-ugreen-dp123-displayport-hdmi-5m-2","status":"publish","type":"product","link":"https:\/\/ironsky.pl\/sklep\/produkt\/kabel-ugreen-dp123-displayport-hdmi-5m-2\/","title":{"rendered":"Kabel UGREEN DP123 DisplayPort-HDMI 5m"},"content":{"rendered":"<h3>Kabel DisplayPort do HDMI Ugreen DP123 4K 30Hz, 5m<\/h3>\n<p>Kabel UGREEN DP123 pozwala na przesy\u0142anie obrazu i d\u017awi\u0119ku z urz\u0105dze\u0144 wyposa\u017conych w port DisplayPort do monitor\u00f3w, telewizor\u00f3w lub projektor\u00f3w z wej\u015bciem HDMI. Obs\u0142uguje rozdzielczo\u015bci do 4K przy 30 Hz, 2K przy 60 Hz oraz 1080p przy 120 Hz, gwarantuj\u0105c szczeg\u00f3\u0142owy, p\u0142ynny i wyra\u017any obraz. Dodatkowo wspiera technologi\u0119 HDR, 3D oraz d\u017awi\u0119k przestrzenny Dolby Atmos. Wszystko to przek\u0142ada si\u0119 na fantastyczne do\u015bwiadczenie podczas grania w gry czy ogl\u0105dania film\u00f3w!<\/p>\n<p>\n<img decoding=\"async\" src=\"https:\/\/assets.innpro.pl\/18567\/24704\/1.jpg\" border=\"0\" alt=\"Kabel HDMI marki UGREEN z wtyczkami DisplayPort i HDMI na tle monitora\" \/>\n<\/p>\n<h3>Stabilna transmisja bez zak\u0142\u00f3ce\u0144<\/h3>\n<p>Wielowarstwowe ekranowanie kabla, miedziany przew\u00f3d oraz os\u0142ony z aluminium, magnezu i PVC zapewniaj\u0105 stabilny sygna\u0142 i odporno\u015b\u0107 na zak\u0142\u00f3cenia elektromagnetyczne. Dzi\u0119ki temu po\u0142\u0105czenie zawsze pozostaje niezawodne. Ponadto aluminiowe obudowy wtyk\u00f3w wyr\u00f3\u017cniaj\u0105 si\u0119 nisk\u0105 podatno\u015bci\u0105 na korozj\u0119 i u\u0142atwiaj\u0105 odprowadzanie ciep\u0142a, niklowane z\u0142\u0105cza s\u0105 bardzo trwa\u0142e, a nylonowy oplot gwarantuje elastyczno\u015b\u0107 i wytrzyma\u0142o\u015b\u0107.<\/p>\n<p>\n<img decoding=\"async\" src=\"https:\/\/assets.innpro.pl\/18567\/24704\/11.jpg\" border=\"0\" alt=\"Osoba graj\u0105ca na konsoli, monitor wy\u015bwietla scen\u0119 gry akcji, obok komputer stacjonarny\" \/>\n<\/p>\n<h3>Trzy tryby pracy \u2013 wi\u0119ksze mo\u017cliwo\u015bci<\/h3>\n<p>Kabel wspiera tryby Extended Mode (rozszerzony ekran), Mirror Mode (duplikowanie obrazu) oraz Multi-Screen Splicing Mode (\u0142\u0105czenie kilku ekran\u00f3w), co umo\u017cliwia elastyczn\u0105 konfiguracj\u0119 stanowiska \u2013 zar\u00f3wno w biurze, jak i w domu. Dzi\u0119ki temu mo\u017cesz wygodnie realizowa\u0107 z\u0142o\u017cone projekty graficzne, montowa\u0107 wideo, gra\u0107 w gry i wiele wi\u0119cej.<\/p>\n<p>\n<img decoding=\"async\" src=\"https:\/\/assets.innpro.pl\/18567\/24704\/3.jpg\" border=\"0\" alt=\"Dwa monitory na biurku z klawiatur\u0105 i mysz\u0105, wy\u015bwietlaj\u0105ce r\u00f3\u017cne interfejsy systemowe\" \/>\n<\/p>\n<h3>Szeroka kompatybilno\u015b\u0107<\/h3>\n<p>Produkt wyr\u00f3\u017cnia si\u0119 szerok\u0105 kompatybilno\u015bci\u0105 \u2013 bez problemu wsp\u00f3\u0142pracuje z komputerami, r\u00f3\u017cnymi kartami graficznymi, monitorami i projektorami. Uwaga: kabel dzia\u0142a jednostronnie \u2013 umo\u017cliwia wy\u0142\u0105cznie transmisj\u0119 z DP do HDMI.<\/p>\n<p>\n<img decoding=\"async\" src=\"https:\/\/assets.innpro.pl\/18567\/24704\/9.jpg\" border=\"0\" alt=\"M\u0119\u017cczyzna pracuje przy biurku z monitorem pokazuj\u0105cym program graficzny, obok komputer stacjonarny\" \/>\n<\/p>\n<div class=\"table-wrapper\">\n<p>\u00a0<\/p>\n<h3><\/h3>\n<table>\n<tbody>\n<tr>\n<th>Producent<\/th>\n<td>UGREEN<\/td>\n<\/tr>\n<tr>\n<th>Model<\/th>\n<td>DP123<\/td>\n<\/tr>\n<tr>\n<th>Kod producenta<\/th>\n<td>35845<\/td>\n<\/tr>\n<tr>\n<th>D\u0142ugo\u015b\u0107<\/th>\n<td>5 m<\/td>\n<\/tr>\n<tr>\n<th>Rodzaj<\/th>\n<td>DP do HDMI<\/td>\n<\/tr>\n<tr>\n<th>Kierunek transmisji<\/th>\n<td>Jednokierunkowy \u2013 z DP do HDMI<\/td>\n<\/tr>\n<tr>\n<th>Rozdzielczo\u015b\u0107 maksymalna<\/th>\n<td>4K@30 Hz<\/td>\n<\/tr>\n<tr>\n<th>Obs\u0142ugiwane rozdzielczo\u015bci<\/th>\n<td>4K@30Hz, 2K@60Hz, 1080p@120Hz<\/td>\n<\/tr>\n<tr>\n<th>Obs\u0142ugiwane technologie<\/th>\n<td>HDR, 3D, Dolby Atmos<\/td>\n<\/tr>\n<tr>\n<th>Materia\u0142 zewn\u0119trzny<\/th>\n<td>Nylonowy oplot, aluminiowa obudowa<\/td>\n<\/tr>\n<\/tbody>\n<\/table>\n<\/div>\n","protected":false},"excerpt":{"rendered":"<p>Kabel DisplayPort do HDMI Ugreen DP123 4K 30Hz, 5m Kabel UGREEN DP123 pozwala na przesy\u0142anie obrazu i d\u017awi\u0119ku z urz\u0105dze\u0144<\/p>\n","protected":false},"featured_media":51461,"comment_status":"closed","ping_status":"open","template":"","meta":{"_acf_changed":false},"product_brand":[],"product_cat":[5929,5931,5933],"product_tag":[],"class_list":{"0":"post-60980","1":"product","2":"type-product","3":"status-publish","4":"has-post-thumbnail","6":"product_cat-akcesoria-it","7":"product_cat-kable","8":"product_cat-wideo","9":"pa_okres-gwarancji-5757","10":"pa_producent-ugreen","12":"first","13":"outofstock","14":"taxable","15":"shipping-taxable","16":"purchasable","17":"product-type-simple"},"acf":[],"yoast_head":"<!-- This site is optimized with the Yoast SEO plugin v27.2 - https:\/\/yoast.com\/product\/yoast-seo-wordpress\/ -->\n<title>Kabel UGREEN DP123 DisplayPort-HDMI 5m - IRONSKY.PL Sklep z Dronami<\/title>\n<meta name=\"description\" content=\"Kabel UGREEN DP123 DisplayPort-HDMI 5m - \u2705 sklep z dronami i fachowym doradztwem. \u2705 Tutaj kupisz produkty DJI, Yuneec, Parrot, Syma i wiele innych, a tak\u017ce kursy i licencje na operatora drona.\" \/>\n<meta name=\"robots\" content=\"index, follow, max-snippet:-1, max-image-preview:large, max-video-preview:-1\" \/>\n<link rel=\"canonical\" href=\"https:\/\/ironsky.pl\/sklep\/produkt\/kabel-ugreen-dp123-displayport-hdmi-5m-2\/\" \/>\n<meta property=\"og:locale\" content=\"pl_PL\" \/>\n<meta property=\"og:type\" content=\"article\" \/>\n<meta property=\"og:title\" content=\"Kabel UGREEN DP123 DisplayPort-HDMI 5m - IRONSKY.PL Sklep z Dronami\" \/>\n<meta property=\"og:description\" content=\"Kabel UGREEN DP123 DisplayPort-HDMI 5m - \u2705 sklep z dronami i fachowym doradztwem. \u2705 Tutaj kupisz produkty DJI, Yuneec, Parrot, Syma i wiele innych, a tak\u017ce kursy i licencje na operatora drona.\" \/>\n<meta property=\"og:url\" content=\"https:\/\/ironsky.pl\/sklep\/produkt\/kabel-ugreen-dp123-displayport-hdmi-5m-2\/\" \/>\n<meta property=\"og:site_name\" content=\"IRONSKY.PL Sklep z Dronami\" \/>\n<meta property=\"article:modified_time\" content=\"2026-04-15T09:11:52+00:00\" \/>\n<meta property=\"og:image\" content=\"https:\/\/ironsky.pl\/sklep\/wp-content\/uploads\/2026\/02\/55490_1.jpg\" \/>\n\t<meta property=\"og:image:width\" content=\"800\" \/>\n\t<meta property=\"og:image:height\" content=\"800\" \/>\n\t<meta property=\"og:image:type\" content=\"image\/jpeg\" \/>\n<meta name=\"twitter:card\" content=\"summary_large_image\" \/>\n<meta name=\"twitter:label1\" content=\"Szacowany czas czytania\" \/>\n\t<meta name=\"twitter:data1\" content=\"1 minuta\" \/>\n<script type=\"application\/ld+json\" class=\"yoast-schema-graph\">{\"@context\":\"https:\/\/schema.org\",\"@graph\":[{\"@type\":\"WebPage\",\"@id\":\"https:\/\/ironsky.pl\/sklep\/produkt\/kabel-ugreen-dp123-displayport-hdmi-5m-2\/\",\"url\":\"https:\/\/ironsky.pl\/sklep\/produkt\/kabel-ugreen-dp123-displayport-hdmi-5m-2\/\",\"name\":\"Kabel UGREEN DP123 DisplayPort-HDMI 5m - IRONSKY.PL Sklep z Dronami\",\"isPartOf\":{\"@id\":\"https:\/\/ironsky.pl\/sklep\/#website\"},\"primaryImageOfPage\":{\"@id\":\"https:\/\/ironsky.pl\/sklep\/produkt\/kabel-ugreen-dp123-displayport-hdmi-5m-2\/#primaryimage\"},\"image\":{\"@id\":\"https:\/\/ironsky.pl\/sklep\/produkt\/kabel-ugreen-dp123-displayport-hdmi-5m-2\/#primaryimage\"},\"thumbnailUrl\":\"https:\/\/ironsky.pl\/sklep\/wp-content\/uploads\/2026\/02\/55490_1.jpg\",\"datePublished\":\"2026-04-15T09:11:51+00:00\",\"dateModified\":\"2026-04-15T09:11:52+00:00\",\"description\":\"Kabel UGREEN DP123 DisplayPort-HDMI 5m - \u2705 sklep z dronami i fachowym doradztwem. \u2705 Tutaj kupisz produkty DJI, Yuneec, Parrot, Syma i wiele innych, a tak\u017ce kursy i licencje na operatora drona.\",\"breadcrumb\":{\"@id\":\"https:\/\/ironsky.pl\/sklep\/produkt\/kabel-ugreen-dp123-displayport-hdmi-5m-2\/#breadcrumb\"},\"inLanguage\":\"pl-PL\",\"potentialAction\":[{\"@type\":\"ReadAction\",\"target\":[\"https:\/\/ironsky.pl\/sklep\/produkt\/kabel-ugreen-dp123-displayport-hdmi-5m-2\/\"]}]},{\"@type\":\"ImageObject\",\"inLanguage\":\"pl-PL\",\"@id\":\"https:\/\/ironsky.pl\/sklep\/produkt\/kabel-ugreen-dp123-displayport-hdmi-5m-2\/#primaryimage\",\"url\":\"https:\/\/ironsky.pl\/sklep\/wp-content\/uploads\/2026\/02\/55490_1.jpg\",\"contentUrl\":\"https:\/\/ironsky.pl\/sklep\/wp-content\/uploads\/2026\/02\/55490_1.jpg\",\"width\":800,\"height\":800},{\"@type\":\"BreadcrumbList\",\"@id\":\"https:\/\/ironsky.pl\/sklep\/produkt\/kabel-ugreen-dp123-displayport-hdmi-5m-2\/#breadcrumb\",\"itemListElement\":[{\"@type\":\"ListItem\",\"position\":1,\"name\":\"Strona g\u0142\u00f3wna\",\"item\":\"https:\/\/ironsky.pl\/sklep\/\"},{\"@type\":\"ListItem\",\"position\":2,\"name\":\"Wszystkie produkty\",\"item\":\"https:\/\/ironsky.pl\/sklep\/produkty\/\"},{\"@type\":\"ListItem\",\"position\":3,\"name\":\"Kabel UGREEN DP123 DisplayPort-HDMI 5m\"}]},{\"@type\":\"WebSite\",\"@id\":\"https:\/\/ironsky.pl\/sklep\/#website\",\"url\":\"https:\/\/ironsky.pl\/sklep\/\",\"name\":\"IRONSKY.PL Sklep z Dronami\",\"description\":\"IRONSKY.PL Sklep z Dronami\",\"potentialAction\":[{\"@type\":\"SearchAction\",\"target\":{\"@type\":\"EntryPoint\",\"urlTemplate\":\"https:\/\/ironsky.pl\/sklep\/?s={search_term_string}\"},\"query-input\":{\"@type\":\"PropertyValueSpecification\",\"valueRequired\":true,\"valueName\":\"search_term_string\"}}],\"inLanguage\":\"pl-PL\"}]}<\/script>\n<!-- \/ Yoast SEO plugin. -->","yoast_head_json":{"title":"Kabel UGREEN DP123 DisplayPort-HDMI 5m - IRONSKY.PL Sklep z Dronami","description":"Kabel UGREEN DP123 DisplayPort-HDMI 5m - \u2705 sklep z dronami i fachowym doradztwem. \u2705 Tutaj kupisz produkty DJI, Yuneec, Parrot, Syma i wiele innych, a tak\u017ce kursy i licencje na operatora drona.","robots":{"index":"index","follow":"follow","max-snippet":"max-snippet:-1","max-image-preview":"max-image-preview:large","max-video-preview":"max-video-preview:-1"},"canonical":"https:\/\/ironsky.pl\/sklep\/produkt\/kabel-ugreen-dp123-displayport-hdmi-5m-2\/","og_locale":"pl_PL","og_type":"article","og_title":"Kabel UGREEN DP123 DisplayPort-HDMI 5m - IRONSKY.PL Sklep z Dronami","og_description":"Kabel UGREEN DP123 DisplayPort-HDMI 5m - \u2705 sklep z dronami i fachowym doradztwem. \u2705 Tutaj kupisz produkty DJI, Yuneec, Parrot, Syma i wiele innych, a tak\u017ce kursy i licencje na operatora drona.","og_url":"https:\/\/ironsky.pl\/sklep\/produkt\/kabel-ugreen-dp123-displayport-hdmi-5m-2\/","og_site_name":"IRONSKY.PL Sklep z Dronami","article_modified_time":"2026-04-15T09:11:52+00:00","og_image":[{"width":800,"height":800,"url":"https:\/\/ironsky.pl\/sklep\/wp-content\/uploads\/2026\/02\/55490_1.jpg","type":"image\/jpeg"}],"twitter_card":"summary_large_image","twitter_misc":{"Szacowany czas czytania":"1 minuta"},"schema":{"@context":"https:\/\/schema.org","@graph":[{"@type":"WebPage","@id":"https:\/\/ironsky.pl\/sklep\/produkt\/kabel-ugreen-dp123-displayport-hdmi-5m-2\/","url":"https:\/\/ironsky.pl\/sklep\/produkt\/kabel-ugreen-dp123-displayport-hdmi-5m-2\/","name":"Kabel UGREEN DP123 DisplayPort-HDMI 5m - IRONSKY.PL Sklep z Dronami","isPartOf":{"@id":"https:\/\/ironsky.pl\/sklep\/#website"},"primaryImageOfPage":{"@id":"https:\/\/ironsky.pl\/sklep\/produkt\/kabel-ugreen-dp123-displayport-hdmi-5m-2\/#primaryimage"},"image":{"@id":"https:\/\/ironsky.pl\/sklep\/produkt\/kabel-ugreen-dp123-displayport-hdmi-5m-2\/#primaryimage"},"thumbnailUrl":"https:\/\/ironsky.pl\/sklep\/wp-content\/uploads\/2026\/02\/55490_1.jpg","datePublished":"2026-04-15T09:11:51+00:00","dateModified":"2026-04-15T09:11:52+00:00","description":"Kabel UGREEN DP123 DisplayPort-HDMI 5m - \u2705 sklep z dronami i fachowym doradztwem. \u2705 Tutaj kupisz produkty DJI, Yuneec, Parrot, Syma i wiele innych, a tak\u017ce kursy i licencje na operatora drona.","breadcrumb":{"@id":"https:\/\/ironsky.pl\/sklep\/produkt\/kabel-ugreen-dp123-displayport-hdmi-5m-2\/#breadcrumb"},"inLanguage":"pl-PL","potentialAction":[{"@type":"ReadAction","target":["https:\/\/ironsky.pl\/sklep\/produkt\/kabel-ugreen-dp123-displayport-hdmi-5m-2\/"]}]},{"@type":"ImageObject","inLanguage":"pl-PL","@id":"https:\/\/ironsky.pl\/sklep\/produkt\/kabel-ugreen-dp123-displayport-hdmi-5m-2\/#primaryimage","url":"https:\/\/ironsky.pl\/sklep\/wp-content\/uploads\/2026\/02\/55490_1.jpg","contentUrl":"https:\/\/ironsky.pl\/sklep\/wp-content\/uploads\/2026\/02\/55490_1.jpg","width":800,"height":800},{"@type":"BreadcrumbList","@id":"https:\/\/ironsky.pl\/sklep\/produkt\/kabel-ugreen-dp123-displayport-hdmi-5m-2\/#breadcrumb","itemListElement":[{"@type":"ListItem","position":1,"name":"Strona g\u0142\u00f3wna","item":"https:\/\/ironsky.pl\/sklep\/"},{"@type":"ListItem","position":2,"name":"Wszystkie produkty","item":"https:\/\/ironsky.pl\/sklep\/produkty\/"},{"@type":"ListItem","position":3,"name":"Kabel UGREEN DP123 DisplayPort-HDMI 5m"}]},{"@type":"WebSite","@id":"https:\/\/ironsky.pl\/sklep\/#website","url":"https:\/\/ironsky.pl\/sklep\/","name":"IRONSKY.PL Sklep z Dronami","description":"IRONSKY.PL Sklep z Dronami","potentialAction":[{"@type":"SearchAction","target":{"@type":"EntryPoint","urlTemplate":"https:\/\/ironsky.pl\/sklep\/?s={search_term_string}"},"query-input":{"@type":"PropertyValueSpecification","valueRequired":true,"valueName":"search_term_string"}}],"inLanguage":"pl-PL"}]}},"_links":{"self":[{"href":"https:\/\/ironsky.pl\/sklep\/wp-json\/wp\/v2\/product\/60980","targetHints":{"allow":["GET"]}}],"collection":[{"href":"https:\/\/ironsky.pl\/sklep\/wp-json\/wp\/v2\/product"}],"about":[{"href":"https:\/\/ironsky.pl\/sklep\/wp-json\/wp\/v2\/types\/product"}],"replies":[{"embeddable":true,"href":"https:\/\/ironsky.pl\/sklep\/wp-json\/wp\/v2\/comments?post=60980"}],"wp:featuredmedia":[{"embeddable":true,"href":"https:\/\/ironsky.pl\/sklep\/wp-json\/wp\/v2\/media\/51461"}],"wp:attachment":[{"href":"https:\/\/ironsky.pl\/sklep\/wp-json\/wp\/v2\/media?parent=60980"}],"wp:term":[{"taxonomy":"product_brand","embeddable":true,"href":"https:\/\/ironsky.pl\/sklep\/wp-json\/wp\/v2\/product_brand?post=60980"},{"taxonomy":"product_cat","embeddable":true,"href":"https:\/\/ironsky.pl\/sklep\/wp-json\/wp\/v2\/product_cat?post=60980"},{"taxonomy":"product_tag","embeddable":true,"href":"https:\/\/ironsky.pl\/sklep\/wp-json\/wp\/v2\/product_tag?post=60980"}],"curies":[{"name":"wp","href":"https:\/\/api.w.org\/{rel}","templated":true}]}}