{"id":60969,"date":"2026-04-15T11:11:34","date_gmt":"2026-04-15T09:11:34","guid":{"rendered":"https:\/\/ironsky.pl\/sklep\/produkt\/filament-creality-hp-asa-czarny-2\/"},"modified":"2026-04-15T11:11:38","modified_gmt":"2026-04-15T09:11:38","slug":"filament-creality-hp-asa-czarny-2","status":"publish","type":"product","link":"https:\/\/ironsky.pl\/sklep\/produkt\/filament-creality-hp-asa-czarny-2\/","title":{"rendered":"Filament CREALITY HP ASA (czarny)"},"content":{"rendered":"<h3>Filament HP ASA Creality (Czarny)<\/h3>\n<p>Filament Creality HP ASA to materia\u0142 opracowany z my\u015bl\u0105 o zastosowaniach wymagaj\u0105cych trwa\u0142o\u015bci i niezawodno\u015bci nawet w trudnych warunkach. Dzi\u0119ki po\u0142\u0105czeniu wysokiej wytrzyma\u0142o\u015bci mechanicznej, odporno\u015bci na promieniowanie UV i mo\u017cliwo\u015bci pracy w wysokich temperaturach doskonale nadaje si\u0119 do druku element\u00f3w technicznych i u\u017cytkowych \u2013 stosowanych r\u00f3wnie\u017c na zewn\u0105trz. Materia\u0142 jest w pe\u0142ni kompatybilny z wi\u0119kszo\u015bci\u0105 drukarek 3D Creality.<\/p>\n<p>\n<img decoding=\"async\" src=\"https:\/\/assets.innpro.pl\/18365\/24412\/1.jpg\" border=\"0\" alt=\"Szpula z czarnym filamentem i bia\u0142y model domku na trawie na tle g\u00f3r\" \/>\n<\/p>\n<h3>Odporno\u015b\u0107 na promieniowanie UV i czynniki atmosferyczne<\/h3>\n<p>Creality HP ASA wyr\u00f3\u017cnia si\u0119 wyj\u0105tkow\u0105 stabilno\u015bci\u0105 w warunkach zewn\u0119trznych. Filament skutecznie opiera si\u0119 dzia\u0142aniu promieniowania UV, starzeniu oraz korozji. Modele wydrukowane z ASA zachowuj\u0105 sw\u00f3j kolor, po\u0142ysk i kszta\u0142t nawet po d\u0142ugotrwa\u0142ej ekspozycji na s\u0142o\u0144ce i deszcz, dzi\u0119ki czemu doskonale nadaj\u0105 si\u0119 do zastosowa\u0144 na dworze \u2013 na przyk\u0142ad w obudowach, uchwytach, elementach konstrukcyjnych i dekoracjach.<\/p>\n<p>\n<img decoding=\"async\" src=\"https:\/\/assets.innpro.pl\/18365\/24412\/4.jpg\" border=\"0\" alt=\"Szpula z czarnym filamentem do druku 3D z przezroczyst\u0105 os\u0142on\u0105 boczn\u0105 na niebieskim tle\" \/>\n<\/p>\n<h3>Wysoka wytrzyma\u0142o\u015b\u0107 i odporno\u015b\u0107 na uderzenia<\/h3>\n<p>Filament charakteryzuje si\u0119 du\u017c\u0105 twardo\u015bci\u0105 i odporno\u015bci\u0105 na p\u0119kanie, co sprawia, \u017ce wydruki s\u0105 sztywne i trwa\u0142e. Dzi\u0119ki temu \u015bwietnie sprawdza si\u0119 zar\u00f3wno w modelach funkcjonalnych, jak i w cz\u0119\u015bciach nara\u017conych na obci\u0105\u017cenia mechaniczne.<\/p>\n<p>\n<img decoding=\"async\" src=\"https:\/\/assets.innpro.pl\/18365\/24412\/7.jpg\" border=\"0\" alt=\"Dwie szpule z czarnym filamentem do druku 3D na niebieskim tle, jedna z bliska\" \/>\n<\/p>\n<h3>Odporno\u015b\u0107 termiczna do 100\u00b0C<\/h3>\n<p>W por\u00f3wnaniu do popularnych materia\u0142\u00f3w, takich jak ABS czy PETG, filament Creality HP ASA wyr\u00f3\u017cnia si\u0119 wy\u017csz\u0105 stabilno\u015bci\u0105 termiczn\u0105. Modele zachowuj\u0105 kszta\u0142t i w\u0142a\u015bciwo\u015bci nawet w temperaturze si\u0119gaj\u0105cej 100\u00b0C, co umo\u017cliwia wykorzystanie ich w wi\u0119kszej liczbie zastosowa\u0144.<\/p>\n<p>\n<img decoding=\"async\" src=\"https:\/\/assets.innpro.pl\/18365\/24412\/3.jpg\" border=\"0\" alt=\"Dwie drukarki 3D Creality i dwie szpule z czarnym filamentem na zielonym podium\" \/>\n<\/p>\n<h3>Wysoka pr\u0119dko\u015b\u0107 druku do 200 mm\/s<\/h3>\n<p>Filament Creality HP ASA zosta\u0142 zoptymalizowany pod k\u0105tem drukowania z du\u017c\u0105 pr\u0119dko\u015bci\u0105, si\u0119gaj\u0105c\u0105 nawet 200 mm\/s. Zapewnia p\u0142ynne i stabilne podawanie, bez ryzyka zatykania dyszy, co pozwala skr\u00f3ci\u0107 czas realizacji projekt\u00f3w przy zachowaniu wysokiej jako\u015bci powierzchni modeli.<\/p>\n<p>\n<img decoding=\"async\" src=\"https:\/\/assets.innpro.pl\/18365\/24412\/2.jpg\" border=\"0\" alt=\"Zbli\u017cenie dyszy drukarki 3D drukuj\u0105cej bia\u0142y filament na ciemnym tle\" \/>\n<\/p>\n<div class=\"table-wrapper\">\n<p>\u00a0<\/p>\n<h3><\/h3>\n<table>\n<tbody>\n<tr>\n<th>Producent<\/th>\n<td>Creality<\/td>\n<\/tr>\n<tr>\n<th>Nazwa<\/th>\n<td>HP-ASA<\/td>\n<\/tr>\n<tr>\n<th>Model<\/th>\n<td>3301100002<\/td>\n<\/tr>\n<tr>\n<th>Kolor<\/th>\n<td>Czarny<\/td>\n<\/tr>\n<tr>\n<th>\u015arednica filamentu<\/th>\n<td>1,75 mm \u00b10,03 mm<\/td>\n<\/tr>\n<tr>\n<th>Waga<\/th>\n<td>1000 g<\/td>\n<\/tr>\n<tr>\n<th>Wymiary<\/th>\n<td>70 \u00d7 210 \u00d7 210 mm<\/td>\n<\/tr>\n<tr>\n<th>Temperatura druku<\/th>\n<td>Od 200\u00b0C do 300\u00b0C<\/td>\n<\/tr>\n<tr>\n<th>Temperatura sto\u0142u<\/th>\n<td>Od 50\u00b0C do 100\u00b0C<\/td>\n<\/tr>\n<tr>\n<th>Pr\u0119dko\u015b\u0107 druku<\/th>\n<td>40-200 mm\/s<\/td>\n<\/tr>\n<\/tbody>\n<\/table>\n<\/div>\n","protected":false},"excerpt":{"rendered":"<p>Filament HP ASA Creality (Czarny) Filament Creality HP ASA to materia\u0142 opracowany z my\u015bl\u0105 o zastosowaniach wymagaj\u0105cych trwa\u0142o\u015bci i niezawodno\u015bci<\/p>\n","protected":false},"featured_media":51383,"comment_status":"closed","ping_status":"open","template":"","meta":{"_acf_changed":false},"product_brand":[],"product_cat":[6222,6225,6217],"product_tag":[],"class_list":{"0":"post-60969","1":"product","2":"type-product","3":"status-publish","4":"has-post-thumbnail","6":"product_cat-druk-3d-technologie-kreatywne","7":"product_cat-filamenty-druk-3d-technologie-kreatywne","8":"product_cat-technologie-kreatywne","9":"pa_okres-gwarancji-5754","10":"pa_producent-creality","12":"first","13":"outofstock","14":"taxable","15":"shipping-taxable","16":"purchasable","17":"product-type-simple"},"acf":[],"yoast_head":"<!-- This site is optimized with the Yoast SEO plugin v27.2 - https:\/\/yoast.com\/product\/yoast-seo-wordpress\/ -->\n<title>Filament CREALITY HP ASA (czarny) - IRONSKY.PL Sklep z Dronami<\/title>\n<meta name=\"description\" content=\"Filament CREALITY HP ASA (czarny) - \u2705 sklep z dronami i fachowym doradztwem. \u2705 Tutaj kupisz produkty DJI, Yuneec, Parrot, Syma i wiele innych, a tak\u017ce kursy i licencje na operatora drona.\" \/>\n<meta name=\"robots\" content=\"index, follow, max-snippet:-1, max-image-preview:large, max-video-preview:-1\" \/>\n<link rel=\"canonical\" href=\"https:\/\/ironsky.pl\/sklep\/produkt\/filament-creality-hp-asa-czarny-2\/\" \/>\n<meta property=\"og:locale\" content=\"pl_PL\" \/>\n<meta property=\"og:type\" content=\"article\" \/>\n<meta property=\"og:title\" content=\"Filament CREALITY HP ASA (czarny) - IRONSKY.PL Sklep z Dronami\" \/>\n<meta property=\"og:description\" content=\"Filament CREALITY HP ASA (czarny) - \u2705 sklep z dronami i fachowym doradztwem. \u2705 Tutaj kupisz produkty DJI, Yuneec, Parrot, Syma i wiele innych, a tak\u017ce kursy i licencje na operatora drona.\" \/>\n<meta property=\"og:url\" content=\"https:\/\/ironsky.pl\/sklep\/produkt\/filament-creality-hp-asa-czarny-2\/\" \/>\n<meta property=\"og:site_name\" content=\"IRONSKY.PL Sklep z Dronami\" \/>\n<meta property=\"article:modified_time\" content=\"2026-04-15T09:11:38+00:00\" \/>\n<meta property=\"og:image\" content=\"https:\/\/ironsky.pl\/sklep\/wp-content\/uploads\/2026\/02\/55373_1.jpg\" \/>\n\t<meta property=\"og:image:width\" content=\"800\" \/>\n\t<meta property=\"og:image:height\" content=\"800\" \/>\n\t<meta property=\"og:image:type\" content=\"image\/jpeg\" \/>\n<meta name=\"twitter:card\" content=\"summary_large_image\" \/>\n<meta name=\"twitter:label1\" content=\"Szacowany czas czytania\" \/>\n\t<meta name=\"twitter:data1\" content=\"2 minuty\" \/>\n<script type=\"application\/ld+json\" class=\"yoast-schema-graph\">{\"@context\":\"https:\/\/schema.org\",\"@graph\":[{\"@type\":\"WebPage\",\"@id\":\"https:\/\/ironsky.pl\/sklep\/produkt\/filament-creality-hp-asa-czarny-2\/\",\"url\":\"https:\/\/ironsky.pl\/sklep\/produkt\/filament-creality-hp-asa-czarny-2\/\",\"name\":\"Filament CREALITY HP ASA (czarny) - IRONSKY.PL Sklep z Dronami\",\"isPartOf\":{\"@id\":\"https:\/\/ironsky.pl\/sklep\/#website\"},\"primaryImageOfPage\":{\"@id\":\"https:\/\/ironsky.pl\/sklep\/produkt\/filament-creality-hp-asa-czarny-2\/#primaryimage\"},\"image\":{\"@id\":\"https:\/\/ironsky.pl\/sklep\/produkt\/filament-creality-hp-asa-czarny-2\/#primaryimage\"},\"thumbnailUrl\":\"https:\/\/ironsky.pl\/sklep\/wp-content\/uploads\/2026\/02\/55373_1.jpg\",\"datePublished\":\"2026-04-15T09:11:34+00:00\",\"dateModified\":\"2026-04-15T09:11:38+00:00\",\"description\":\"Filament CREALITY HP ASA (czarny) - \u2705 sklep z dronami i fachowym doradztwem. \u2705 Tutaj kupisz produkty DJI, Yuneec, Parrot, Syma i wiele innych, a tak\u017ce kursy i licencje na operatora drona.\",\"breadcrumb\":{\"@id\":\"https:\/\/ironsky.pl\/sklep\/produkt\/filament-creality-hp-asa-czarny-2\/#breadcrumb\"},\"inLanguage\":\"pl-PL\",\"potentialAction\":[{\"@type\":\"ReadAction\",\"target\":[\"https:\/\/ironsky.pl\/sklep\/produkt\/filament-creality-hp-asa-czarny-2\/\"]}]},{\"@type\":\"ImageObject\",\"inLanguage\":\"pl-PL\",\"@id\":\"https:\/\/ironsky.pl\/sklep\/produkt\/filament-creality-hp-asa-czarny-2\/#primaryimage\",\"url\":\"https:\/\/ironsky.pl\/sklep\/wp-content\/uploads\/2026\/02\/55373_1.jpg\",\"contentUrl\":\"https:\/\/ironsky.pl\/sklep\/wp-content\/uploads\/2026\/02\/55373_1.jpg\",\"width\":800,\"height\":800},{\"@type\":\"BreadcrumbList\",\"@id\":\"https:\/\/ironsky.pl\/sklep\/produkt\/filament-creality-hp-asa-czarny-2\/#breadcrumb\",\"itemListElement\":[{\"@type\":\"ListItem\",\"position\":1,\"name\":\"Strona g\u0142\u00f3wna\",\"item\":\"https:\/\/ironsky.pl\/sklep\/\"},{\"@type\":\"ListItem\",\"position\":2,\"name\":\"Wszystkie produkty\",\"item\":\"https:\/\/ironsky.pl\/sklep\/produkty\/\"},{\"@type\":\"ListItem\",\"position\":3,\"name\":\"Filament CREALITY HP ASA (czarny)\"}]},{\"@type\":\"WebSite\",\"@id\":\"https:\/\/ironsky.pl\/sklep\/#website\",\"url\":\"https:\/\/ironsky.pl\/sklep\/\",\"name\":\"IRONSKY.PL Sklep z Dronami\",\"description\":\"IRONSKY.PL Sklep z Dronami\",\"potentialAction\":[{\"@type\":\"SearchAction\",\"target\":{\"@type\":\"EntryPoint\",\"urlTemplate\":\"https:\/\/ironsky.pl\/sklep\/?s={search_term_string}\"},\"query-input\":{\"@type\":\"PropertyValueSpecification\",\"valueRequired\":true,\"valueName\":\"search_term_string\"}}],\"inLanguage\":\"pl-PL\"}]}<\/script>\n<!-- \/ Yoast SEO plugin. -->","yoast_head_json":{"title":"Filament CREALITY HP ASA (czarny) - IRONSKY.PL Sklep z Dronami","description":"Filament CREALITY HP ASA (czarny) - \u2705 sklep z dronami i fachowym doradztwem. \u2705 Tutaj kupisz produkty DJI, Yuneec, Parrot, Syma i wiele innych, a tak\u017ce kursy i licencje na operatora drona.","robots":{"index":"index","follow":"follow","max-snippet":"max-snippet:-1","max-image-preview":"max-image-preview:large","max-video-preview":"max-video-preview:-1"},"canonical":"https:\/\/ironsky.pl\/sklep\/produkt\/filament-creality-hp-asa-czarny-2\/","og_locale":"pl_PL","og_type":"article","og_title":"Filament CREALITY HP ASA (czarny) - IRONSKY.PL Sklep z Dronami","og_description":"Filament CREALITY HP ASA (czarny) - \u2705 sklep z dronami i fachowym doradztwem. \u2705 Tutaj kupisz produkty DJI, Yuneec, Parrot, Syma i wiele innych, a tak\u017ce kursy i licencje na operatora drona.","og_url":"https:\/\/ironsky.pl\/sklep\/produkt\/filament-creality-hp-asa-czarny-2\/","og_site_name":"IRONSKY.PL Sklep z Dronami","article_modified_time":"2026-04-15T09:11:38+00:00","og_image":[{"width":800,"height":800,"url":"https:\/\/ironsky.pl\/sklep\/wp-content\/uploads\/2026\/02\/55373_1.jpg","type":"image\/jpeg"}],"twitter_card":"summary_large_image","twitter_misc":{"Szacowany czas czytania":"2 minuty"},"schema":{"@context":"https:\/\/schema.org","@graph":[{"@type":"WebPage","@id":"https:\/\/ironsky.pl\/sklep\/produkt\/filament-creality-hp-asa-czarny-2\/","url":"https:\/\/ironsky.pl\/sklep\/produkt\/filament-creality-hp-asa-czarny-2\/","name":"Filament CREALITY HP ASA (czarny) - IRONSKY.PL Sklep z Dronami","isPartOf":{"@id":"https:\/\/ironsky.pl\/sklep\/#website"},"primaryImageOfPage":{"@id":"https:\/\/ironsky.pl\/sklep\/produkt\/filament-creality-hp-asa-czarny-2\/#primaryimage"},"image":{"@id":"https:\/\/ironsky.pl\/sklep\/produkt\/filament-creality-hp-asa-czarny-2\/#primaryimage"},"thumbnailUrl":"https:\/\/ironsky.pl\/sklep\/wp-content\/uploads\/2026\/02\/55373_1.jpg","datePublished":"2026-04-15T09:11:34+00:00","dateModified":"2026-04-15T09:11:38+00:00","description":"Filament CREALITY HP ASA (czarny) - \u2705 sklep z dronami i fachowym doradztwem. \u2705 Tutaj kupisz produkty DJI, Yuneec, Parrot, Syma i wiele innych, a tak\u017ce kursy i licencje na operatora drona.","breadcrumb":{"@id":"https:\/\/ironsky.pl\/sklep\/produkt\/filament-creality-hp-asa-czarny-2\/#breadcrumb"},"inLanguage":"pl-PL","potentialAction":[{"@type":"ReadAction","target":["https:\/\/ironsky.pl\/sklep\/produkt\/filament-creality-hp-asa-czarny-2\/"]}]},{"@type":"ImageObject","inLanguage":"pl-PL","@id":"https:\/\/ironsky.pl\/sklep\/produkt\/filament-creality-hp-asa-czarny-2\/#primaryimage","url":"https:\/\/ironsky.pl\/sklep\/wp-content\/uploads\/2026\/02\/55373_1.jpg","contentUrl":"https:\/\/ironsky.pl\/sklep\/wp-content\/uploads\/2026\/02\/55373_1.jpg","width":800,"height":800},{"@type":"BreadcrumbList","@id":"https:\/\/ironsky.pl\/sklep\/produkt\/filament-creality-hp-asa-czarny-2\/#breadcrumb","itemListElement":[{"@type":"ListItem","position":1,"name":"Strona g\u0142\u00f3wna","item":"https:\/\/ironsky.pl\/sklep\/"},{"@type":"ListItem","position":2,"name":"Wszystkie produkty","item":"https:\/\/ironsky.pl\/sklep\/produkty\/"},{"@type":"ListItem","position":3,"name":"Filament CREALITY HP ASA (czarny)"}]},{"@type":"WebSite","@id":"https:\/\/ironsky.pl\/sklep\/#website","url":"https:\/\/ironsky.pl\/sklep\/","name":"IRONSKY.PL Sklep z Dronami","description":"IRONSKY.PL Sklep z Dronami","potentialAction":[{"@type":"SearchAction","target":{"@type":"EntryPoint","urlTemplate":"https:\/\/ironsky.pl\/sklep\/?s={search_term_string}"},"query-input":{"@type":"PropertyValueSpecification","valueRequired":true,"valueName":"search_term_string"}}],"inLanguage":"pl-PL"}]}},"_links":{"self":[{"href":"https:\/\/ironsky.pl\/sklep\/wp-json\/wp\/v2\/product\/60969","targetHints":{"allow":["GET"]}}],"collection":[{"href":"https:\/\/ironsky.pl\/sklep\/wp-json\/wp\/v2\/product"}],"about":[{"href":"https:\/\/ironsky.pl\/sklep\/wp-json\/wp\/v2\/types\/product"}],"replies":[{"embeddable":true,"href":"https:\/\/ironsky.pl\/sklep\/wp-json\/wp\/v2\/comments?post=60969"}],"wp:featuredmedia":[{"embeddable":true,"href":"https:\/\/ironsky.pl\/sklep\/wp-json\/wp\/v2\/media\/51383"}],"wp:attachment":[{"href":"https:\/\/ironsky.pl\/sklep\/wp-json\/wp\/v2\/media?parent=60969"}],"wp:term":[{"taxonomy":"product_brand","embeddable":true,"href":"https:\/\/ironsky.pl\/sklep\/wp-json\/wp\/v2\/product_brand?post=60969"},{"taxonomy":"product_cat","embeddable":true,"href":"https:\/\/ironsky.pl\/sklep\/wp-json\/wp\/v2\/product_cat?post=60969"},{"taxonomy":"product_tag","embeddable":true,"href":"https:\/\/ironsky.pl\/sklep\/wp-json\/wp\/v2\/product_tag?post=60969"}],"curies":[{"name":"wp","href":"https:\/\/api.w.org\/{rel}","templated":true}]}}