{"id":60966,"date":"2026-04-15T11:11:14","date_gmt":"2026-04-15T09:11:14","guid":{"rendered":"https:\/\/ironsky.pl\/sklep\/produkt\/stacja-zasilania-ecoflow-trail-200-dc-192wh\/"},"modified":"2026-04-15T11:11:33","modified_gmt":"2026-04-15T09:11:33","slug":"stacja-zasilania-ecoflow-trail-200-dc-192wh","status":"publish","type":"product","link":"https:\/\/ironsky.pl\/sklep\/produkt\/stacja-zasilania-ecoflow-trail-200-dc-192wh\/","title":{"rendered":"Stacja zasilania ECOFLOW TRAIL 200 DC 192Wh"},"content":{"rendered":"<h3>Przeno\u015bna stacja zasilania EcoFlow TRAIL 200 DC<\/h3>\n<p>EcoFlow TRAIL 200 DC to przeno\u015bna stacja zasilania, kt\u00f3ra zapewni Ci dost\u0119p do pr\u0105du wsz\u0119dzie, gdzie tego potrzebujesz \u2013 na biwaku, w g\u00f3rach, na rybach, w ogrodzie czy w domu, jako zabezpieczenie podczas awarii. Kompaktowa konstrukcja i waga zaledwie oko\u0142o 1,8 kg sprawiaj\u0105, \u017ce \u0142atwo spakujesz j\u0105 do plecaka, torby czy samochodu, a pojemno\u015b\u0107 192 Wh zapewnia solidn\u0105 dawk\u0119 energii \u2013 wystarczaj\u0105c\u0105, aby zasili\u0107 wi\u0119kszo\u015b\u0107 podstawowych urz\u0105dze\u0144 outdoorowych i zadba\u0107 o sw\u00f3j komfort w ka\u017cdych warunkach.<\/p>\n<p>\n<img decoding=\"async\" src=\"https:\/\/assets.innpro.pl\/18313\/24301\/11.jpg\" border=\"0\" alt=\"Przeno\u015bna stacja zasilania z pod\u0142\u0105czonymi urz\u0105dzeniami na skale w otoczeniu przyrody\" \/>\n<\/p>\n<h3>Lekka konstrukcja, kt\u00f3ra nie obci\u0105\u017cy baga\u017cu<\/h3>\n<p>TRAIL 200 DC jest o 48% l\u017cejsza i o 60% mniejsza ni\u017c stacje z podobnym zapasem energii. Dzi\u0119ki wymiarom oko\u0142o 126 \u00d7 115 \u00d7 167 mm z \u0142atwo\u015bci\u0105 zmie\u015bci si\u0119 w plecaku, torbie podr\u00f3\u017cnej czy w baga\u017cniku samochodu. To \u015bwietne rozwi\u0105zanie dla os\u00f3b, kt\u00f3re potrzebuj\u0105 dost\u0119pu do pr\u0105du w terenie, ale nie chc\u0105 d\u017awiga\u0107 ci\u0119\u017ckiego, niepor\u0119cznego sprz\u0119tu!<\/p>\n<p>\n<img decoding=\"async\" src=\"https:\/\/assets.innpro.pl\/18313\/24301\/7.jpg\" border=\"0\" alt=\"R\u0119ce umieszczaj\u0105 przeno\u015bn\u0105 stacj\u0119 zasilania na plecaku przed namiotem nad jeziorem\" \/>\n<\/p>\n<h3>Imponuj\u0105ca moc<\/h3>\n<p>Stacja dostarcza czyst\u0105 moc DC o \u0142\u0105cznej warto\u015bci 220 W, co wystarcza na o\u015bwietlenie obozowiska, zasilenie ch\u0142odziarki czy na\u0142adowanie laptopa. Dzi\u0119ki temu mo\u017cesz cieszy\u0107 si\u0119 pe\u0142nym komfortem na kempingu \u2013 bez problemu poczytasz ksi\u0105\u017ck\u0119 przy \u015bwietle lampki, pograsz na przeno\u015bnej konsoli, napijesz si\u0119 zimnego napoju podczas upa\u0142\u00f3w i zrobisz mn\u00f3stwo zdj\u0119\u0107 aparatem lub dronem!<\/p>\n<p>\n<img decoding=\"async\" src=\"https:\/\/assets.innpro.pl\/18313\/24301\/5.jpg\" border=\"0\" alt=\"Kobieta niesie przeno\u015bn\u0105 stacj\u0119 zasilania za uchwyt podczas w\u0119dr\u00f3wki z grup\u0105\" \/>\n<\/p>\n<h3>Energia na ca\u0142y weekend<\/h3>\n<p>Pojemno\u015b\u0107 192 Wh pozwala na\u0142adowa\u0107 telefon oko\u0142o 11 razy, zasila\u0107 latark\u0119 kempingow\u0105 przez 29 godzin i dostarcza\u0107 energi\u0119 ch\u0142odziarce przez oko\u0142o 7,5 godziny. Niezale\u017cnie od tego, czy sp\u0119dzasz czas w lesie, na polu namiotowym, czy w ogrodzie, mo\u017cesz mie\u0107 pewno\u015b\u0107, \u017ce Tw\u00f3j sprz\u0119t b\u0119dzie dzia\u0142a\u0142 tak d\u0142ugo, jak tego potrzebujesz.<\/p>\n<p>\n<img decoding=\"async\" src=\"https:\/\/assets.innpro.pl\/18313\/24301\/8.jpg\" border=\"0\" alt=\"U\u015bmiechni\u0119ta kobieta w czapce trzyma przeno\u015bn\u0105 stacj\u0119 zasilania podczas w\u0119dr\u00f3wki z przyjaci\u00f3\u0142k\u0105\" \/>\n<\/p>\n<h3>\u0141adowanie kilku urz\u0105dze\u0144 jednocze\u015bnie<\/h3>\n<p>Zr\u00f3\u017cnicowane porty (1x USB-C 140 W, 1x USB-C 100 W i 2x USB-A 12 W) pozwalaj\u0105 \u0142adowa\u0107 telefon, aparat, latark\u0119 czo\u0142ow\u0105 czy laptopa w tym samym czasie. Dzi\u0119ki temu ka\u017cdy uczestnik wyprawy mo\u017ce pod\u0142\u0105czy\u0107 swoje urz\u0105dzenia \u2013 nikt nie musi czeka\u0107 na swoj\u0105 kolej!<\/p>\n<p>\n<img decoding=\"async\" src=\"https:\/\/assets.innpro.pl\/18313\/24301\/15.jpg\" border=\"0\" alt=\"Stacja zasilania na stole kempingowym obok g\u0142o\u015bnika i urz\u0105dze\u0144 elektronicznych wieczorem\" \/>\n<\/p>\n<h3>Idealna na camping, wyprawy i awaryjne sytuacje<\/h3>\n<p>TRAIL 200 DC sprawdzi si\u0119 nie tylko w plenerze, ale te\u017c w sytuacjach awaryjnych w domu. Przerwa w dostawie pr\u0105du? Mo\u017cesz pod\u0142\u0105czy\u0107 router, telefon i lamp\u0119, aby pozosta\u0107 w kontakcie i o\u015bwietli\u0107 pomieszczenie.<\/p>\n<p>\n<img decoding=\"async\" src=\"https:\/\/assets.innpro.pl\/18313\/24301\/6.jpg\" border=\"0\" alt=\"Przeno\u015bna stacja zasilania pod\u0142\u0105czona do \u0142adowania na p\u00f3\u0142ce w mieszkaniu\" \/>\n<\/p>\n<h3>Szybkie i wygodne \u0142adowanie przez USB-C<\/h3>\n<p>\u0141adowanie stacji nie potrwa zbyt d\u0142ugo. Mo\u017cesz w mgnieniu oka na\u0142adowa\u0107 j\u0105 przez port USB-C PD o mocy 140 W oraz dodatkowy port USB-C PD 100 W. W ten spos\u00f3b przywr\u00f3cisz jej 80% energii ju\u017c w oko\u0142o 57 minut. Zanim spakujesz si\u0119 na kolejn\u0105 wypraw\u0119, TRAIL 200 DC b\u0119dzie zn\u00f3w gotowa, aby Ci s\u0142u\u017cy\u0107!<\/p>\n<p>\n<img decoding=\"async\" src=\"https:\/\/assets.innpro.pl\/18313\/24301\/13.jpg\" border=\"0\" alt=\"Trzy osoby robi\u0105 wsp\u00f3lne zdj\u0119cie trzymaj\u0105c nad sob\u0105 przeno\u015bn\u0105 stacj\u0119 zasilania w lesie\" \/>\n<\/p>\n<h3>Wytrzyma\u0142o\u015b\u0107 i bezpiecze\u0144stwo<\/h3>\n<p>Stacja EcoFlow TRAIL 200 DC wykorzystuje ogniwa LFP klasy premium i jest obj\u0119ta 40-stopniowym systemem monitoringu w czasie rzeczywistym, co gwarantuje bezpieczn\u0105 prac\u0119 w ka\u017cdych warunkach. Jej obudowa spe\u0142nia norm\u0119 UL94V-0 (odporno\u015b\u0107 na ogie\u0144), a systemy BMS SOC Balancing i diagnostyka X-Guard dbaj\u0105 o r\u00f3wnomierne \u0142adowanie i d\u0142ug\u0105 \u017cywotno\u015b\u0107 akumulatora, kt\u00f3rego \u017cywotno\u015b\u0107 si\u0119ga a\u017c 5 lat. Dodatkowo urz\u0105dzenie ma klas\u0119 szczelno\u015bci IP30. W oddzielnej sprzeda\u017cy dost\u0119pna jest te\u017c wodoodporna torba, kt\u00f3ra pozwala na bezpieczne korzystanie ze stacji w bardziej wymagaj\u0105cych warunkach.<\/p>\n<p>\n<img decoding=\"async\" src=\"https:\/\/assets.innpro.pl\/18313\/24301\/16.jpg\" border=\"0\" alt=\"Czarna przeno\u015bna stacja zasilania stoj\u0105ca na kamieniu w p\u0142ytkim strumieniu\" \/>\n<\/p>\n<div class=\"table-wrapper\">\n<p>\u00a0<\/p>\n<h3>Og\u00f3lne<\/h3>\n<table>\n<tbody>\n<tr>\n<th>Producent<\/th>\n<td>EcoFlow<\/td>\n<\/tr>\n<tr>\n<th>Nazwa<\/th>\n<td>EcoFlow TRAIL 200 DC<\/td>\n<\/tr>\n<tr>\n<th>Model<\/th>\n<td>EF-TX-192<\/td>\n<\/tr>\n<tr>\n<th>Waga<\/th>\n<td>Ok. 1,8 kg<\/td>\n<\/tr>\n<tr>\n<th>Wymiary<\/th>\n<td>Ok. 126 \u00d7 115 \u00d7 167 mm<\/td>\n<\/tr>\n<\/tbody>\n<\/table>\n<p>\u00a0<\/p>\n<h3>Wyj\u015bcia<\/h3>\n<table>\n<tbody>\n<tr>\n<th>USB-A1\/A2<\/th>\n<td>5 V \u2393 2,4 A, 12 W na port, 24 W \u0142\u0105cznie<\/td>\n<\/tr>\n<tr>\n<th>USB-C1<\/th>\n<td>5\/9\/12\/15 V \u2393 3 A, 20\/28 V \u2393 5 A, 140 W maks.<\/td>\n<\/tr>\n<tr>\n<th>USB-C2<\/th>\n<td>5\/9\/12\/15 V \u2393 3 A, 20 V \u2393 5 A, 100 W maks.<\/td>\n<\/tr>\n<\/tbody>\n<\/table>\n<p>\u00a0<\/p>\n<h3>Wej\u015bcia<\/h3>\n<table>\n<tbody>\n<tr>\n<th>USB-C1<\/th>\n<td>9\/12\/15 V \u2393 3 A, 20\/28 V \u2393 5 A, 140 W maks.<\/td>\n<\/tr>\n<tr>\n<th>USB-C2<\/th>\n<td>9\/12\/15 V \u2393 3 A, 20 V \u2393 5 A, 100 W maks.<\/td>\n<\/tr>\n<\/tbody>\n<\/table>\n<p>\u00a0<\/p>\n<h3>Akumulator<\/h3>\n<table>\n<tbody>\n<tr>\n<th>Napi\u0119cie znamionowe<\/th>\n<td>12,8 V\u2393<\/td>\n<\/tr>\n<tr>\n<th>Pojemno\u015b\u0107<\/th>\n<td>192 Wh<\/td>\n<\/tr>\n<tr>\n<th>Chemia ogniw<\/th>\n<td>LFP (LiFePO\u2084)<\/td>\n<\/tr>\n<tr>\n<th>Zabezpieczenia<\/th>\n<td>Ochrona przed przepi\u0119ciem, przeci\u0105\u017ceniem, przegrzaniem, zwarciem, niskim napi\u0119ciem, zbyt nisk\u0105 temperatur\u0105 i pr\u0105dem przet\u0119\u017ceniowym<\/td>\n<\/tr>\n<\/tbody>\n<\/table>\n<p>\u00a0<\/p>\n<h3>Warunki pracy<\/h3>\n<table>\n<tbody>\n<tr>\n<th>Temperatura \u0142adowania<\/th>\n<td>Od 0\u00b0C do 45\u00b0C<\/td>\n<\/tr>\n<tr>\n<th>Temperatura roz\u0142adowania<\/th>\n<td>Od -10\u00b0C do 45\u00b0C<\/td>\n<\/tr>\n<tr>\n<th>Temperatura przechowywania<\/th>\n<td>Od -10\u00b0C do 45\u00b0C<\/td>\n<\/tr>\n<tr>\n<th>Maks. wysoko\u015b\u0107 pracy<\/th>\n<td>\u2264 3000 m<\/td>\n<\/tr>\n<\/tbody>\n<\/table>\n<\/div>\n","protected":false},"excerpt":{"rendered":"<p>Przeno\u015bna stacja zasilania EcoFlow TRAIL 200 DC EcoFlow TRAIL 200 DC to przeno\u015bna stacja zasilania, kt\u00f3ra zapewni Ci dost\u0119p do<\/p>\n","protected":false},"featured_media":50377,"comment_status":"closed","ping_status":"open","template":"","meta":{"_acf_changed":false},"product_brand":[],"product_cat":[1108,1111,6199],"product_tag":[],"class_list":{"0":"post-60966","1":"product","2":"type-product","3":"status-publish","4":"has-post-thumbnail","6":"product_cat-energia","7":"product_cat-stacje-zasilania","8":"product_cat-stacje-zasilania-stacje-zasilania","9":"pa_okres-gwarancji-5775","10":"pa_producent-ecoflow","12":"first","13":"outofstock","14":"taxable","15":"shipping-taxable","16":"purchasable","17":"product-type-simple"},"acf":[],"yoast_head":"<!-- This site is optimized with the Yoast SEO plugin v27.2 - https:\/\/yoast.com\/product\/yoast-seo-wordpress\/ -->\n<title>Stacja zasilania ECOFLOW TRAIL 200 DC 192Wh - IRONSKY.PL Sklep z Dronami<\/title>\n<meta name=\"description\" content=\"Stacja zasilania ECOFLOW TRAIL 200 DC 192Wh - \u2705 sklep z dronami i fachowym doradztwem. \u2705 Tutaj kupisz produkty DJI, Yuneec, Parrot, Syma i wiele innych, a tak\u017ce kursy i licencje na operatora drona.\" \/>\n<meta name=\"robots\" content=\"index, follow, max-snippet:-1, max-image-preview:large, max-video-preview:-1\" \/>\n<link rel=\"canonical\" href=\"https:\/\/ironsky.pl\/sklep\/produkt\/stacja-zasilania-ecoflow-trail-200-dc-192wh\/\" \/>\n<meta property=\"og:locale\" content=\"pl_PL\" \/>\n<meta property=\"og:type\" content=\"article\" \/>\n<meta property=\"og:title\" content=\"Stacja zasilania ECOFLOW TRAIL 200 DC 192Wh - IRONSKY.PL Sklep z Dronami\" \/>\n<meta property=\"og:description\" content=\"Stacja zasilania ECOFLOW TRAIL 200 DC 192Wh - \u2705 sklep z dronami i fachowym doradztwem. \u2705 Tutaj kupisz produkty DJI, Yuneec, Parrot, Syma i wiele innych, a tak\u017ce kursy i licencje na operatora drona.\" \/>\n<meta property=\"og:url\" content=\"https:\/\/ironsky.pl\/sklep\/produkt\/stacja-zasilania-ecoflow-trail-200-dc-192wh\/\" \/>\n<meta property=\"og:site_name\" content=\"IRONSKY.PL Sklep z Dronami\" \/>\n<meta property=\"article:modified_time\" content=\"2026-04-15T09:11:33+00:00\" \/>\n<meta property=\"og:image\" content=\"https:\/\/ironsky.pl\/sklep\/wp-content\/uploads\/2025\/10\/55358_1.jpg\" \/>\n\t<meta property=\"og:image:width\" content=\"800\" \/>\n\t<meta property=\"og:image:height\" content=\"800\" \/>\n\t<meta property=\"og:image:type\" content=\"image\/jpeg\" \/>\n<meta name=\"twitter:card\" content=\"summary_large_image\" \/>\n<meta name=\"twitter:label1\" content=\"Szacowany czas czytania\" \/>\n\t<meta name=\"twitter:data1\" content=\"3 minuty\" \/>\n<script type=\"application\/ld+json\" class=\"yoast-schema-graph\">{\"@context\":\"https:\/\/schema.org\",\"@graph\":[{\"@type\":\"WebPage\",\"@id\":\"https:\/\/ironsky.pl\/sklep\/produkt\/stacja-zasilania-ecoflow-trail-200-dc-192wh\/\",\"url\":\"https:\/\/ironsky.pl\/sklep\/produkt\/stacja-zasilania-ecoflow-trail-200-dc-192wh\/\",\"name\":\"Stacja zasilania ECOFLOW TRAIL 200 DC 192Wh - IRONSKY.PL Sklep z Dronami\",\"isPartOf\":{\"@id\":\"https:\/\/ironsky.pl\/sklep\/#website\"},\"primaryImageOfPage\":{\"@id\":\"https:\/\/ironsky.pl\/sklep\/produkt\/stacja-zasilania-ecoflow-trail-200-dc-192wh\/#primaryimage\"},\"image\":{\"@id\":\"https:\/\/ironsky.pl\/sklep\/produkt\/stacja-zasilania-ecoflow-trail-200-dc-192wh\/#primaryimage\"},\"thumbnailUrl\":\"https:\/\/ironsky.pl\/sklep\/wp-content\/uploads\/2025\/10\/55358_1.jpg\",\"datePublished\":\"2026-04-15T09:11:14+00:00\",\"dateModified\":\"2026-04-15T09:11:33+00:00\",\"description\":\"Stacja zasilania ECOFLOW TRAIL 200 DC 192Wh - \u2705 sklep z dronami i fachowym doradztwem. \u2705 Tutaj kupisz produkty DJI, Yuneec, Parrot, Syma i wiele innych, a tak\u017ce kursy i licencje na operatora drona.\",\"breadcrumb\":{\"@id\":\"https:\/\/ironsky.pl\/sklep\/produkt\/stacja-zasilania-ecoflow-trail-200-dc-192wh\/#breadcrumb\"},\"inLanguage\":\"pl-PL\",\"potentialAction\":[{\"@type\":\"ReadAction\",\"target\":[\"https:\/\/ironsky.pl\/sklep\/produkt\/stacja-zasilania-ecoflow-trail-200-dc-192wh\/\"]}]},{\"@type\":\"ImageObject\",\"inLanguage\":\"pl-PL\",\"@id\":\"https:\/\/ironsky.pl\/sklep\/produkt\/stacja-zasilania-ecoflow-trail-200-dc-192wh\/#primaryimage\",\"url\":\"https:\/\/ironsky.pl\/sklep\/wp-content\/uploads\/2025\/10\/55358_1.jpg\",\"contentUrl\":\"https:\/\/ironsky.pl\/sklep\/wp-content\/uploads\/2025\/10\/55358_1.jpg\",\"width\":800,\"height\":800},{\"@type\":\"BreadcrumbList\",\"@id\":\"https:\/\/ironsky.pl\/sklep\/produkt\/stacja-zasilania-ecoflow-trail-200-dc-192wh\/#breadcrumb\",\"itemListElement\":[{\"@type\":\"ListItem\",\"position\":1,\"name\":\"Strona g\u0142\u00f3wna\",\"item\":\"https:\/\/ironsky.pl\/sklep\/\"},{\"@type\":\"ListItem\",\"position\":2,\"name\":\"Wszystkie produkty\",\"item\":\"https:\/\/ironsky.pl\/sklep\/produkty\/\"},{\"@type\":\"ListItem\",\"position\":3,\"name\":\"Stacja zasilania ECOFLOW TRAIL 200 DC 192Wh\"}]},{\"@type\":\"WebSite\",\"@id\":\"https:\/\/ironsky.pl\/sklep\/#website\",\"url\":\"https:\/\/ironsky.pl\/sklep\/\",\"name\":\"IRONSKY.PL Sklep z Dronami\",\"description\":\"IRONSKY.PL Sklep z Dronami\",\"potentialAction\":[{\"@type\":\"SearchAction\",\"target\":{\"@type\":\"EntryPoint\",\"urlTemplate\":\"https:\/\/ironsky.pl\/sklep\/?s={search_term_string}\"},\"query-input\":{\"@type\":\"PropertyValueSpecification\",\"valueRequired\":true,\"valueName\":\"search_term_string\"}}],\"inLanguage\":\"pl-PL\"}]}<\/script>\n<!-- \/ Yoast SEO plugin. -->","yoast_head_json":{"title":"Stacja zasilania ECOFLOW TRAIL 200 DC 192Wh - IRONSKY.PL Sklep z Dronami","description":"Stacja zasilania ECOFLOW TRAIL 200 DC 192Wh - \u2705 sklep z dronami i fachowym doradztwem. \u2705 Tutaj kupisz produkty DJI, Yuneec, Parrot, Syma i wiele innych, a tak\u017ce kursy i licencje na operatora drona.","robots":{"index":"index","follow":"follow","max-snippet":"max-snippet:-1","max-image-preview":"max-image-preview:large","max-video-preview":"max-video-preview:-1"},"canonical":"https:\/\/ironsky.pl\/sklep\/produkt\/stacja-zasilania-ecoflow-trail-200-dc-192wh\/","og_locale":"pl_PL","og_type":"article","og_title":"Stacja zasilania ECOFLOW TRAIL 200 DC 192Wh - IRONSKY.PL Sklep z Dronami","og_description":"Stacja zasilania ECOFLOW TRAIL 200 DC 192Wh - \u2705 sklep z dronami i fachowym doradztwem. \u2705 Tutaj kupisz produkty DJI, Yuneec, Parrot, Syma i wiele innych, a tak\u017ce kursy i licencje na operatora drona.","og_url":"https:\/\/ironsky.pl\/sklep\/produkt\/stacja-zasilania-ecoflow-trail-200-dc-192wh\/","og_site_name":"IRONSKY.PL Sklep z Dronami","article_modified_time":"2026-04-15T09:11:33+00:00","og_image":[{"width":800,"height":800,"url":"https:\/\/ironsky.pl\/sklep\/wp-content\/uploads\/2025\/10\/55358_1.jpg","type":"image\/jpeg"}],"twitter_card":"summary_large_image","twitter_misc":{"Szacowany czas czytania":"3 minuty"},"schema":{"@context":"https:\/\/schema.org","@graph":[{"@type":"WebPage","@id":"https:\/\/ironsky.pl\/sklep\/produkt\/stacja-zasilania-ecoflow-trail-200-dc-192wh\/","url":"https:\/\/ironsky.pl\/sklep\/produkt\/stacja-zasilania-ecoflow-trail-200-dc-192wh\/","name":"Stacja zasilania ECOFLOW TRAIL 200 DC 192Wh - IRONSKY.PL Sklep z Dronami","isPartOf":{"@id":"https:\/\/ironsky.pl\/sklep\/#website"},"primaryImageOfPage":{"@id":"https:\/\/ironsky.pl\/sklep\/produkt\/stacja-zasilania-ecoflow-trail-200-dc-192wh\/#primaryimage"},"image":{"@id":"https:\/\/ironsky.pl\/sklep\/produkt\/stacja-zasilania-ecoflow-trail-200-dc-192wh\/#primaryimage"},"thumbnailUrl":"https:\/\/ironsky.pl\/sklep\/wp-content\/uploads\/2025\/10\/55358_1.jpg","datePublished":"2026-04-15T09:11:14+00:00","dateModified":"2026-04-15T09:11:33+00:00","description":"Stacja zasilania ECOFLOW TRAIL 200 DC 192Wh - \u2705 sklep z dronami i fachowym doradztwem. \u2705 Tutaj kupisz produkty DJI, Yuneec, Parrot, Syma i wiele innych, a tak\u017ce kursy i licencje na operatora drona.","breadcrumb":{"@id":"https:\/\/ironsky.pl\/sklep\/produkt\/stacja-zasilania-ecoflow-trail-200-dc-192wh\/#breadcrumb"},"inLanguage":"pl-PL","potentialAction":[{"@type":"ReadAction","target":["https:\/\/ironsky.pl\/sklep\/produkt\/stacja-zasilania-ecoflow-trail-200-dc-192wh\/"]}]},{"@type":"ImageObject","inLanguage":"pl-PL","@id":"https:\/\/ironsky.pl\/sklep\/produkt\/stacja-zasilania-ecoflow-trail-200-dc-192wh\/#primaryimage","url":"https:\/\/ironsky.pl\/sklep\/wp-content\/uploads\/2025\/10\/55358_1.jpg","contentUrl":"https:\/\/ironsky.pl\/sklep\/wp-content\/uploads\/2025\/10\/55358_1.jpg","width":800,"height":800},{"@type":"BreadcrumbList","@id":"https:\/\/ironsky.pl\/sklep\/produkt\/stacja-zasilania-ecoflow-trail-200-dc-192wh\/#breadcrumb","itemListElement":[{"@type":"ListItem","position":1,"name":"Strona g\u0142\u00f3wna","item":"https:\/\/ironsky.pl\/sklep\/"},{"@type":"ListItem","position":2,"name":"Wszystkie produkty","item":"https:\/\/ironsky.pl\/sklep\/produkty\/"},{"@type":"ListItem","position":3,"name":"Stacja zasilania ECOFLOW TRAIL 200 DC 192Wh"}]},{"@type":"WebSite","@id":"https:\/\/ironsky.pl\/sklep\/#website","url":"https:\/\/ironsky.pl\/sklep\/","name":"IRONSKY.PL Sklep z Dronami","description":"IRONSKY.PL Sklep z Dronami","potentialAction":[{"@type":"SearchAction","target":{"@type":"EntryPoint","urlTemplate":"https:\/\/ironsky.pl\/sklep\/?s={search_term_string}"},"query-input":{"@type":"PropertyValueSpecification","valueRequired":true,"valueName":"search_term_string"}}],"inLanguage":"pl-PL"}]}},"_links":{"self":[{"href":"https:\/\/ironsky.pl\/sklep\/wp-json\/wp\/v2\/product\/60966","targetHints":{"allow":["GET"]}}],"collection":[{"href":"https:\/\/ironsky.pl\/sklep\/wp-json\/wp\/v2\/product"}],"about":[{"href":"https:\/\/ironsky.pl\/sklep\/wp-json\/wp\/v2\/types\/product"}],"replies":[{"embeddable":true,"href":"https:\/\/ironsky.pl\/sklep\/wp-json\/wp\/v2\/comments?post=60966"}],"wp:featuredmedia":[{"embeddable":true,"href":"https:\/\/ironsky.pl\/sklep\/wp-json\/wp\/v2\/media\/50377"}],"wp:attachment":[{"href":"https:\/\/ironsky.pl\/sklep\/wp-json\/wp\/v2\/media?parent=60966"}],"wp:term":[{"taxonomy":"product_brand","embeddable":true,"href":"https:\/\/ironsky.pl\/sklep\/wp-json\/wp\/v2\/product_brand?post=60966"},{"taxonomy":"product_cat","embeddable":true,"href":"https:\/\/ironsky.pl\/sklep\/wp-json\/wp\/v2\/product_cat?post=60966"},{"taxonomy":"product_tag","embeddable":true,"href":"https:\/\/ironsky.pl\/sklep\/wp-json\/wp\/v2\/product_tag?post=60966"}],"curies":[{"name":"wp","href":"https:\/\/api.w.org\/{rel}","templated":true}]}}